{"id":34238,"date":"2026-03-26T11:45:22","date_gmt":"2026-03-26T09:45:22","guid":{"rendered":"https:\/\/adexa.ee\/toode\/riiul-alus-pannikaru-roostevaba-teras-pagariarile-600x400mm-2x15-kihti-adexa-rt6430\/"},"modified":"2026-03-26T11:45:28","modified_gmt":"2026-03-26T09:45:28","slug":"riiul-alus-pannikaru-roostevaba-teras-pagariarile-600x400mm-2x15-kihti-adexa-rt6430","status":"publish","type":"product","link":"https:\/\/adexa.ee\/en\/toode\/riiul-alus-pannikaru-roostevaba-teras-pagariarile-600x400mm-2x15-kihti-adexa-rt6430\/","title":{"rendered":"Riiul\/Alus\/Pannik\u00e4ru Roostevaba Teras Pagari\u00e4rile 600x400mm 2&#215;15 kihti | Adexa RT6430"},"content":{"rendered":"<p>See k\u00f5rgekvaliteediline 400x600mm pagari suurusega professionaalne riiulik\u00e4ru on ideaalne suure hulga professionaalsete toitlustusaluste, pannide v\u00f5i pannikeste virnastamiseks ja hoiustamiseks. See on varustatud nelja ratasega, et h\u00f5lbustada liikumist. \u00dcksikasjaliku teabe saamiseks vaadake palun alajaotust &#8216;Spetsifikatsioon&#8217;.<\/p>\n<table style=\"border-collapse: collapse; width: 100%; text-align: left;\">\n<tbody>\n<tr>\n<td style=\"border: 1px solid #ddd; padding: 8px; width: 45%;\"><strong>S\u00fcgavus<\/strong><\/td>\n<td style=\"border: 1px solid #ddd; padding: 8px;\">820 mm<\/td>\n<\/tr>\n<tr>\n<td style=\"border: 1px solid #ddd; padding: 8px; width: 45%;\"><strong>K\u00f5rgus<\/strong><\/td>\n<td style=\"border: 1px solid #ddd; padding: 8px;\">1700 mm<\/td>\n<\/tr>\n<tr>\n<td style=\"border: 1px solid #ddd; padding: 8px; width: 45%;\"><strong>Laius<\/strong><\/td>\n<td style=\"border: 1px solid #ddd; padding: 8px;\">620 mm<\/td>\n<\/tr>\n<tr>\n<td style=\"border: 1px solid #ddd; padding: 8px; width: 45%;\"><strong>Kaal<\/strong><\/td>\n<td style=\"border: 1px solid #ddd; padding: 8px;\">21 kg<\/td>\n<\/tr>\n<tr>\n<td style=\"border: 1px solid #ddd; padding: 8px; width: 45%;\"><strong>Garantii<\/strong><\/td>\n<td style=\"border: 1px solid #ddd; padding: 8px;\">12 kuu varuosade garantii<\/td>\n<\/tr>\n<tr>\n<td style=\"border: 1px solid #ddd; padding: 8px; width: 45%;\"><strong>Mahutavus<\/strong><\/td>\n<td style=\"border: 1px solid #ddd; padding: 8px;\">30 x 600&#215;400 mm<\/td>\n<\/tr>\n<tr>\n<td style=\"border: 1px solid #ddd; padding: 8px; width: 45%;\"><strong>Plaadi\/V\u00f5re suurus<\/strong><\/td>\n<td style=\"border: 1px solid #ddd; padding: 8px;\">600x400mm<\/td>\n<\/tr>\n<tr>\n<td style=\"border: 1px solid #ddd; padding: 8px; width: 45%;\"><strong>Rullikud<\/strong><\/td>\n<td style=\"border: 1px solid #ddd; padding: 8px;\">Piduritega<\/td>\n<\/tr>\n<tr>\n<td style=\"border: 1px solid #ddd; padding: 8px; width: 45%;\"><strong>Materjal<\/strong><\/td>\n<td style=\"border: 1px solid #ddd; padding: 8px;\">Roostevaba teras<\/td>\n<\/tr>\n<\/tbody>\n<\/table>\n","protected":false},"excerpt":{"rendered":"<p>See k\u00f5rgekvaliteediline 400x600mm pagari suurusega professionaalne riiulik\u00e4ru on ideaalne suure hulga professionaalsete toitlustusaluste, pannide v\u00f5i pannikeste virnastamiseks ja hoiustamiseks. See<\/p>\n","protected":false},"featured_media":34240,"template":"","meta":[],"product_brand":[],"product_cat":[624,623,665,561,572],"product_tag":[],"class_list":{"0":"post-34238","1":"product","2":"type-product","3":"status-publish","4":"has-post-thumbnail","6":"product_cat-kandikukarud","7":"product_cat-karud","8":"product_cat-ladustamine-transport","9":"product_cat-moobel-ja-hoiustamine","10":"product_cat-roostevabad-tooted","12":"first","13":"instock","14":"sale","15":"taxable","16":"shipping-taxable","17":"purchasable","18":"product-type-simple"},"yoast_head":"<!-- This site is optimized with the Yoast SEO plugin v27.3 - https:\/\/yoast.com\/product\/yoast-seo-wordpress\/ -->\n<title>Riiul\/Alus\/Pannik\u00e4ru Roostevaba Teras Pagari\u00e4rile 600x400mm 2x15 kihti | Adexa RT6430 - Adexa \u2013 Suurk\u00f6\u00f6giseadmed restoranidele ja toitlustusele<\/title>\n<meta name=\"robots\" content=\"index, follow, max-snippet:-1, max-image-preview:large, max-video-preview:-1\" \/>\n<link rel=\"canonical\" href=\"https:\/\/adexa.ee\/toode\/riiul-alus-pannikaru-roostevaba-teras-pagariarile-600x400mm-2x15-kihti-adexa-rt6430\/\" \/>\n<meta property=\"og:locale\" content=\"en_US\" \/>\n<meta property=\"og:type\" content=\"article\" \/>\n<meta property=\"og:title\" content=\"Riiul\/Alus\/Pannik\u00e4ru Roostevaba Teras Pagari\u00e4rile 600x400mm 2x15 kihti | Adexa RT6430 - Adexa \u2013 Suurk\u00f6\u00f6giseadmed restoranidele ja toitlustusele\" \/>\n<meta property=\"og:description\" content=\"See k\u00f5rgekvaliteediline 400x600mm pagari suurusega professionaalne riiulik\u00e4ru on ideaalne suure hulga professionaalsete toitlustusaluste, pannide v\u00f5i pannikeste virnastamiseks ja hoiustamiseks. See\" \/>\n<meta property=\"og:url\" content=\"https:\/\/adexa.ee\/toode\/riiul-alus-pannikaru-roostevaba-teras-pagariarile-600x400mm-2x15-kihti-adexa-rt6430\/\" \/>\n<meta property=\"og:site_name\" content=\"Adexa \u2013 Suurk\u00f6\u00f6giseadmed restoranidele ja toitlustusele\" \/>\n<meta property=\"article:modified_time\" content=\"2026-03-26T09:45:28+00:00\" \/>\n<meta property=\"og:image\" content=\"https:\/\/adexa.ee\/wp-content\/uploads\/2025\/07\/RT6430.jpg\" \/>\n\t<meta property=\"og:image:width\" content=\"1500\" \/>\n\t<meta property=\"og:image:height\" content=\"1500\" \/>\n\t<meta property=\"og:image:type\" content=\"image\/jpeg\" \/>\n<meta name=\"twitter:card\" content=\"summary_large_image\" \/>\n<script type=\"application\/ld+json\" class=\"yoast-schema-graph\">{\"@context\":\"https:\\\/\\\/schema.org\",\"@graph\":[{\"@type\":\"WebPage\",\"@id\":\"https:\\\/\\\/adexa.ee\\\/toode\\\/riiul-alus-pannikaru-roostevaba-teras-pagariarile-600x400mm-2x15-kihti-adexa-rt6430\\\/\",\"url\":\"https:\\\/\\\/adexa.ee\\\/toode\\\/riiul-alus-pannikaru-roostevaba-teras-pagariarile-600x400mm-2x15-kihti-adexa-rt6430\\\/\",\"name\":\"Riiul\\\/Alus\\\/Pannik\u00e4ru Roostevaba Teras Pagari\u00e4rile 600x400mm 2x15 kihti | Adexa RT6430 - Adexa \u2013 Suurk\u00f6\u00f6giseadmed restoranidele ja toitlustusele\",\"isPartOf\":{\"@id\":\"https:\\\/\\\/adexa.ee\\\/#website\"},\"primaryImageOfPage\":{\"@id\":\"https:\\\/\\\/adexa.ee\\\/toode\\\/riiul-alus-pannikaru-roostevaba-teras-pagariarile-600x400mm-2x15-kihti-adexa-rt6430\\\/#primaryimage\"},\"image\":{\"@id\":\"https:\\\/\\\/adexa.ee\\\/toode\\\/riiul-alus-pannikaru-roostevaba-teras-pagariarile-600x400mm-2x15-kihti-adexa-rt6430\\\/#primaryimage\"},\"thumbnailUrl\":\"https:\\\/\\\/adexa.ee\\\/wp-content\\\/uploads\\\/2025\\\/07\\\/RT6430.jpg\",\"datePublished\":\"2026-03-26T09:45:22+00:00\",\"dateModified\":\"2026-03-26T09:45:28+00:00\",\"breadcrumb\":{\"@id\":\"https:\\\/\\\/adexa.ee\\\/toode\\\/riiul-alus-pannikaru-roostevaba-teras-pagariarile-600x400mm-2x15-kihti-adexa-rt6430\\\/#breadcrumb\"},\"inLanguage\":\"en-US\",\"potentialAction\":[{\"@type\":\"ReadAction\",\"target\":[\"https:\\\/\\\/adexa.ee\\\/toode\\\/riiul-alus-pannikaru-roostevaba-teras-pagariarile-600x400mm-2x15-kihti-adexa-rt6430\\\/\"]}]},{\"@type\":\"ImageObject\",\"inLanguage\":\"en-US\",\"@id\":\"https:\\\/\\\/adexa.ee\\\/toode\\\/riiul-alus-pannikaru-roostevaba-teras-pagariarile-600x400mm-2x15-kihti-adexa-rt6430\\\/#primaryimage\",\"url\":\"https:\\\/\\\/adexa.ee\\\/wp-content\\\/uploads\\\/2025\\\/07\\\/RT6430.jpg\",\"contentUrl\":\"https:\\\/\\\/adexa.ee\\\/wp-content\\\/uploads\\\/2025\\\/07\\\/RT6430.jpg\",\"width\":1500,\"height\":1500},{\"@type\":\"BreadcrumbList\",\"@id\":\"https:\\\/\\\/adexa.ee\\\/toode\\\/riiul-alus-pannikaru-roostevaba-teras-pagariarile-600x400mm-2x15-kihti-adexa-rt6430\\\/#breadcrumb\",\"itemListElement\":[{\"@type\":\"ListItem\",\"position\":1,\"name\":\"Home\",\"item\":\"https:\\\/\\\/adexa.ee\\\/\"},{\"@type\":\"ListItem\",\"position\":2,\"name\":\"Tooted\",\"item\":\"https:\\\/\\\/adexa.ee\\\/pood\\\/\"},{\"@type\":\"ListItem\",\"position\":3,\"name\":\"Riiul\\\/Alus\\\/Pannik\u00e4ru Roostevaba Teras Pagari\u00e4rile 600x400mm 2&#215;15 kihti | Adexa RT6430\"}]},{\"@type\":\"WebSite\",\"@id\":\"https:\\\/\\\/adexa.ee\\\/#website\",\"url\":\"https:\\\/\\\/adexa.ee\\\/\",\"name\":\"Adexa\",\"description\":\"\",\"publisher\":{\"@id\":\"https:\\\/\\\/adexa.ee\\\/#organization\"},\"potentialAction\":[{\"@type\":\"SearchAction\",\"target\":{\"@type\":\"EntryPoint\",\"urlTemplate\":\"https:\\\/\\\/adexa.ee\\\/?s={search_term_string}\"},\"query-input\":{\"@type\":\"PropertyValueSpecification\",\"valueRequired\":true,\"valueName\":\"search_term_string\"}}],\"inLanguage\":\"en-US\"},{\"@type\":\"Organization\",\"@id\":\"https:\\\/\\\/adexa.ee\\\/#organization\",\"name\":\"Adexa\",\"url\":\"https:\\\/\\\/adexa.ee\\\/\",\"logo\":{\"@type\":\"ImageObject\",\"inLanguage\":\"en-US\",\"@id\":\"https:\\\/\\\/adexa.ee\\\/#\\\/schema\\\/logo\\\/image\\\/\",\"url\":\"https:\\\/\\\/adexa.ee\\\/wp-content\\\/uploads\\\/2024\\\/04\\\/chef-cooks-working-in-professional-kitchen-2023-11-27-05-07-39-utc-scaled.jpg\",\"contentUrl\":\"https:\\\/\\\/adexa.ee\\\/wp-content\\\/uploads\\\/2024\\\/04\\\/chef-cooks-working-in-professional-kitchen-2023-11-27-05-07-39-utc-scaled.jpg\",\"width\":2560,\"height\":1708,\"caption\":\"Adexa\"},\"image\":{\"@id\":\"https:\\\/\\\/adexa.ee\\\/#\\\/schema\\\/logo\\\/image\\\/\"}}]}<\/script>\n<!-- \/ Yoast SEO plugin. -->","yoast_head_json":{"title":"Riiul\/Alus\/Pannik\u00e4ru Roostevaba Teras Pagari\u00e4rile 600x400mm 2x15 kihti | Adexa RT6430 - Adexa \u2013 Suurk\u00f6\u00f6giseadmed restoranidele ja toitlustusele","robots":{"index":"index","follow":"follow","max-snippet":"max-snippet:-1","max-image-preview":"max-image-preview:large","max-video-preview":"max-video-preview:-1"},"canonical":"https:\/\/adexa.ee\/toode\/riiul-alus-pannikaru-roostevaba-teras-pagariarile-600x400mm-2x15-kihti-adexa-rt6430\/","og_locale":"en_US","og_type":"article","og_title":"Riiul\/Alus\/Pannik\u00e4ru Roostevaba Teras Pagari\u00e4rile 600x400mm 2x15 kihti | Adexa RT6430 - Adexa \u2013 Suurk\u00f6\u00f6giseadmed restoranidele ja toitlustusele","og_description":"See k\u00f5rgekvaliteediline 400x600mm pagari suurusega professionaalne riiulik\u00e4ru on ideaalne suure hulga professionaalsete toitlustusaluste, pannide v\u00f5i pannikeste virnastamiseks ja hoiustamiseks. See","og_url":"https:\/\/adexa.ee\/toode\/riiul-alus-pannikaru-roostevaba-teras-pagariarile-600x400mm-2x15-kihti-adexa-rt6430\/","og_site_name":"Adexa \u2013 Suurk\u00f6\u00f6giseadmed restoranidele ja toitlustusele","article_modified_time":"2026-03-26T09:45:28+00:00","og_image":[{"width":1500,"height":1500,"url":"https:\/\/adexa.ee\/wp-content\/uploads\/2025\/07\/RT6430.jpg","type":"image\/jpeg"}],"twitter_card":"summary_large_image","schema":{"@context":"https:\/\/schema.org","@graph":[{"@type":"WebPage","@id":"https:\/\/adexa.ee\/toode\/riiul-alus-pannikaru-roostevaba-teras-pagariarile-600x400mm-2x15-kihti-adexa-rt6430\/","url":"https:\/\/adexa.ee\/toode\/riiul-alus-pannikaru-roostevaba-teras-pagariarile-600x400mm-2x15-kihti-adexa-rt6430\/","name":"Riiul\/Alus\/Pannik\u00e4ru Roostevaba Teras Pagari\u00e4rile 600x400mm 2x15 kihti | Adexa RT6430 - Adexa \u2013 Suurk\u00f6\u00f6giseadmed restoranidele ja toitlustusele","isPartOf":{"@id":"https:\/\/adexa.ee\/#website"},"primaryImageOfPage":{"@id":"https:\/\/adexa.ee\/toode\/riiul-alus-pannikaru-roostevaba-teras-pagariarile-600x400mm-2x15-kihti-adexa-rt6430\/#primaryimage"},"image":{"@id":"https:\/\/adexa.ee\/toode\/riiul-alus-pannikaru-roostevaba-teras-pagariarile-600x400mm-2x15-kihti-adexa-rt6430\/#primaryimage"},"thumbnailUrl":"https:\/\/adexa.ee\/wp-content\/uploads\/2025\/07\/RT6430.jpg","datePublished":"2026-03-26T09:45:22+00:00","dateModified":"2026-03-26T09:45:28+00:00","breadcrumb":{"@id":"https:\/\/adexa.ee\/toode\/riiul-alus-pannikaru-roostevaba-teras-pagariarile-600x400mm-2x15-kihti-adexa-rt6430\/#breadcrumb"},"inLanguage":"en-US","potentialAction":[{"@type":"ReadAction","target":["https:\/\/adexa.ee\/toode\/riiul-alus-pannikaru-roostevaba-teras-pagariarile-600x400mm-2x15-kihti-adexa-rt6430\/"]}]},{"@type":"ImageObject","inLanguage":"en-US","@id":"https:\/\/adexa.ee\/toode\/riiul-alus-pannikaru-roostevaba-teras-pagariarile-600x400mm-2x15-kihti-adexa-rt6430\/#primaryimage","url":"https:\/\/adexa.ee\/wp-content\/uploads\/2025\/07\/RT6430.jpg","contentUrl":"https:\/\/adexa.ee\/wp-content\/uploads\/2025\/07\/RT6430.jpg","width":1500,"height":1500},{"@type":"BreadcrumbList","@id":"https:\/\/adexa.ee\/toode\/riiul-alus-pannikaru-roostevaba-teras-pagariarile-600x400mm-2x15-kihti-adexa-rt6430\/#breadcrumb","itemListElement":[{"@type":"ListItem","position":1,"name":"Home","item":"https:\/\/adexa.ee\/"},{"@type":"ListItem","position":2,"name":"Tooted","item":"https:\/\/adexa.ee\/pood\/"},{"@type":"ListItem","position":3,"name":"Riiul\/Alus\/Pannik\u00e4ru Roostevaba Teras Pagari\u00e4rile 600x400mm 2&#215;15 kihti | Adexa RT6430"}]},{"@type":"WebSite","@id":"https:\/\/adexa.ee\/#website","url":"https:\/\/adexa.ee\/","name":"Adexa","description":"","publisher":{"@id":"https:\/\/adexa.ee\/#organization"},"potentialAction":[{"@type":"SearchAction","target":{"@type":"EntryPoint","urlTemplate":"https:\/\/adexa.ee\/?s={search_term_string}"},"query-input":{"@type":"PropertyValueSpecification","valueRequired":true,"valueName":"search_term_string"}}],"inLanguage":"en-US"},{"@type":"Organization","@id":"https:\/\/adexa.ee\/#organization","name":"Adexa","url":"https:\/\/adexa.ee\/","logo":{"@type":"ImageObject","inLanguage":"en-US","@id":"https:\/\/adexa.ee\/#\/schema\/logo\/image\/","url":"https:\/\/adexa.ee\/wp-content\/uploads\/2024\/04\/chef-cooks-working-in-professional-kitchen-2023-11-27-05-07-39-utc-scaled.jpg","contentUrl":"https:\/\/adexa.ee\/wp-content\/uploads\/2024\/04\/chef-cooks-working-in-professional-kitchen-2023-11-27-05-07-39-utc-scaled.jpg","width":2560,"height":1708,"caption":"Adexa"},"image":{"@id":"https:\/\/adexa.ee\/#\/schema\/logo\/image\/"}}]}},"_links":{"self":[{"href":"https:\/\/adexa.ee\/en\/wp-json\/wp\/v2\/product\/34238","targetHints":{"allow":["GET"]}}],"collection":[{"href":"https:\/\/adexa.ee\/en\/wp-json\/wp\/v2\/product"}],"about":[{"href":"https:\/\/adexa.ee\/en\/wp-json\/wp\/v2\/types\/product"}],"wp:featuredmedia":[{"embeddable":true,"href":"https:\/\/adexa.ee\/en\/wp-json\/wp\/v2\/media\/34240"}],"wp:attachment":[{"href":"https:\/\/adexa.ee\/en\/wp-json\/wp\/v2\/media?parent=34238"}],"wp:term":[{"taxonomy":"product_brand","embeddable":true,"href":"https:\/\/adexa.ee\/en\/wp-json\/wp\/v2\/product_brand?post=34238"},{"taxonomy":"product_cat","embeddable":true,"href":"https:\/\/adexa.ee\/en\/wp-json\/wp\/v2\/product_cat?post=34238"},{"taxonomy":"product_tag","embeddable":true,"href":"https:\/\/adexa.ee\/en\/wp-json\/wp\/v2\/product_tag?post=34238"}],"curies":[{"name":"wp","href":"https:\/\/api.w.org\/{rel}","templated":true}]}}