{"id":34241,"date":"2026-03-26T11:45:22","date_gmt":"2026-03-26T09:45:22","guid":{"rendered":"https:\/\/adexa.ee\/toode\/kommertsiaalne-hotpot-bain-marie-gn1-1-3-x-4-liitrit-adexa-wh706634p\/"},"modified":"2026-03-26T11:45:28","modified_gmt":"2026-03-26T09:45:28","slug":"hotpot-bain-marie-gn1-1-3-x-4-liitrit-adexa-wh706634p","status":"publish","type":"product","link":"https:\/\/adexa.ee\/en\/toode\/hotpot-bain-marie-gn1-1-3-x-4-liitrit-adexa-wh706634p\/","title":{"rendered":"Hotpot Bain Marie GN1\/1 3 x 4 liitrit | Adexa WH706634P"},"content":{"rendered":"<p>See professionaalne m\u00e4rg bain marie on ideaalne toitlustusseade suure koguse toidu soojas hoidmiseks, et see oleks valmis serveerimiseks v\u00f5i taldrikule panekuks. See on loodud pakkuma usaldusv\u00e4\u00e4rset ja \u00fchtlast soojust. Paigaldatud on standardne \u00dchendkuningriigi pistik. T\u00e4psema teabe saamiseks vaadake &#8220;Spetsifikatsioonide&#8221; alt.<\/p>\n<table style=\"border-collapse: collapse; width: 100%; text-align: left;\">\n<tbody>\n<tr>\n<td style=\"border: 1px solid #ddd; padding: 8px; width: 45%;\"><strong>S\u00fcgavus<\/strong><\/td>\n<td style=\"border: 1px solid #ddd; padding: 8px;\">335mm<\/td>\n<\/tr>\n<tr>\n<td style=\"border: 1px solid #ddd; padding: 8px; width: 45%;\"><strong>K\u00f5rgus<\/strong><\/td>\n<td style=\"border: 1px solid #ddd; padding: 8px;\">320mm<\/td>\n<\/tr>\n<tr>\n<td style=\"border: 1px solid #ddd; padding: 8px; width: 45%;\"><strong>Laius<\/strong><\/td>\n<td style=\"border: 1px solid #ddd; padding: 8px;\">535mm<\/td>\n<\/tr>\n<tr>\n<td style=\"border: 1px solid #ddd; padding: 8px; width: 45%;\"><strong>Kaal<\/strong><\/td>\n<td style=\"border: 1px solid #ddd; padding: 8px;\">4kg<\/td>\n<\/tr>\n<tr>\n<td style=\"border: 1px solid #ddd; padding: 8px; width: 45%;\"><strong>Garantii<\/strong><\/td>\n<td style=\"border: 1px solid #ddd; padding: 8px;\">12 kuu varuosade garantii<\/td>\n<\/tr>\n<tr>\n<td style=\"border: 1px solid #ddd; padding: 8px; width: 45%;\"><strong>T\u00fc\u00fcp<\/strong><\/td>\n<td style=\"border: 1px solid #ddd; padding: 8px;\">T\u00f6\u00f6pind<\/td>\n<\/tr>\n<tr>\n<td style=\"border: 1px solid #ddd; padding: 8px; width: 45%;\"><strong>Mahutavus<\/strong><\/td>\n<td style=\"border: 1px solid #ddd; padding: 8px;\">3 x 4 liitrit \/ GN1\/1<\/td>\n<\/tr>\n<tr>\n<td style=\"border: 1px solid #ddd; padding: 8px; width: 45%;\"><strong>Toiteallikas<\/strong><\/td>\n<td style=\"border: 1px solid #ddd; padding: 8px;\">230V \/ 1 faas<\/td>\n<\/tr>\n<tr>\n<td style=\"border: 1px solid #ddd; padding: 8px; width: 45%;\"><strong>V\u00f5imsus<\/strong><\/td>\n<td style=\"border: 1px solid #ddd; padding: 8px;\">300W<\/td>\n<\/tr>\n<tr>\n<td style=\"border: 1px solid #ddd; padding: 8px; width: 45%;\"><strong>Temperatuur<\/strong><\/td>\n<td style=\"border: 1px solid #ddd; padding: 8px;\">+30\u00b0C kuni +95\u00b0C<\/td>\n<\/tr>\n<\/tbody>\n<\/table>\n","protected":false},"excerpt":{"rendered":"<p>See professionaalne m\u00e4rg bain marie on ideaalne toitlustusseade suure koguse toidu soojas hoidmiseks, et see oleks valmis serveerimiseks v\u00f5i taldrikule<\/p>\n","protected":false},"featured_media":34359,"template":"","meta":[],"product_brand":[],"product_cat":[705,557,588,706,704,794,558],"product_tag":[],"class_list":{"0":"post-34241","1":"product","2":"type-product","3":"status-publish","4":"has-post-thumbnail","6":"product_cat-bain-marie-ja-kuumanumad-seadmed","7":"product_cat-kupsetusseadmed","8":"product_cat-kuumseadmed","9":"product_cat-lauapealsed-bain-marie-ja-kuumpotid","10":"product_cat-marmiidid","11":"product_cat-supikatlad","12":"product_cat-toidu-soojendamine","14":"first","15":"instock","16":"sale","17":"taxable","18":"shipping-taxable","19":"purchasable","20":"product-type-simple"},"yoast_head":"<!-- This site is optimized with the Yoast SEO plugin v27.3 - https:\/\/yoast.com\/product\/yoast-seo-wordpress\/ -->\n<title>Hotpot Bain Marie GN1\/1 3 x 4 liitrit | Adexa WH706634P - Adexa \u2013 Suurk\u00f6\u00f6giseadmed restoranidele ja toitlustusele<\/title>\n<meta name=\"robots\" content=\"index, follow, max-snippet:-1, max-image-preview:large, max-video-preview:-1\" \/>\n<link rel=\"canonical\" href=\"https:\/\/adexa.ee\/toode\/hotpot-bain-marie-gn1-1-3-x-4-liitrit-adexa-wh706634p\/\" \/>\n<meta property=\"og:locale\" content=\"en_US\" \/>\n<meta property=\"og:type\" content=\"article\" \/>\n<meta property=\"og:title\" content=\"Hotpot Bain Marie GN1\/1 3 x 4 liitrit | Adexa WH706634P - Adexa \u2013 Suurk\u00f6\u00f6giseadmed restoranidele ja toitlustusele\" \/>\n<meta property=\"og:description\" content=\"See professionaalne m\u00e4rg bain marie on ideaalne toitlustusseade suure koguse toidu soojas hoidmiseks, et see oleks valmis serveerimiseks v\u00f5i taldrikule\" \/>\n<meta property=\"og:url\" content=\"https:\/\/adexa.ee\/toode\/hotpot-bain-marie-gn1-1-3-x-4-liitrit-adexa-wh706634p\/\" \/>\n<meta property=\"og:site_name\" content=\"Adexa \u2013 Suurk\u00f6\u00f6giseadmed restoranidele ja toitlustusele\" \/>\n<meta property=\"article:modified_time\" content=\"2026-03-26T09:45:28+00:00\" \/>\n<meta property=\"og:image\" content=\"https:\/\/adexa.ee\/wp-content\/uploads\/2025\/08\/WH706634P-3.jpg\" \/>\n\t<meta property=\"og:image:width\" content=\"1500\" \/>\n\t<meta property=\"og:image:height\" content=\"1500\" \/>\n\t<meta property=\"og:image:type\" content=\"image\/jpeg\" \/>\n<meta name=\"twitter:card\" content=\"summary_large_image\" \/>\n<script type=\"application\/ld+json\" class=\"yoast-schema-graph\">{\"@context\":\"https:\\\/\\\/schema.org\",\"@graph\":[{\"@type\":\"WebPage\",\"@id\":\"https:\\\/\\\/adexa.ee\\\/toode\\\/hotpot-bain-marie-gn1-1-3-x-4-liitrit-adexa-wh706634p\\\/\",\"url\":\"https:\\\/\\\/adexa.ee\\\/toode\\\/hotpot-bain-marie-gn1-1-3-x-4-liitrit-adexa-wh706634p\\\/\",\"name\":\"Hotpot Bain Marie GN1\\\/1 3 x 4 liitrit | Adexa WH706634P - Adexa \u2013 Suurk\u00f6\u00f6giseadmed restoranidele ja toitlustusele\",\"isPartOf\":{\"@id\":\"https:\\\/\\\/adexa.ee\\\/#website\"},\"primaryImageOfPage\":{\"@id\":\"https:\\\/\\\/adexa.ee\\\/toode\\\/hotpot-bain-marie-gn1-1-3-x-4-liitrit-adexa-wh706634p\\\/#primaryimage\"},\"image\":{\"@id\":\"https:\\\/\\\/adexa.ee\\\/toode\\\/hotpot-bain-marie-gn1-1-3-x-4-liitrit-adexa-wh706634p\\\/#primaryimage\"},\"thumbnailUrl\":\"https:\\\/\\\/adexa.ee\\\/wp-content\\\/uploads\\\/2025\\\/08\\\/WH706634P-3.jpg\",\"datePublished\":\"2026-03-26T09:45:22+00:00\",\"dateModified\":\"2026-03-26T09:45:28+00:00\",\"breadcrumb\":{\"@id\":\"https:\\\/\\\/adexa.ee\\\/toode\\\/hotpot-bain-marie-gn1-1-3-x-4-liitrit-adexa-wh706634p\\\/#breadcrumb\"},\"inLanguage\":\"en-US\",\"potentialAction\":[{\"@type\":\"ReadAction\",\"target\":[\"https:\\\/\\\/adexa.ee\\\/toode\\\/hotpot-bain-marie-gn1-1-3-x-4-liitrit-adexa-wh706634p\\\/\"]}]},{\"@type\":\"ImageObject\",\"inLanguage\":\"en-US\",\"@id\":\"https:\\\/\\\/adexa.ee\\\/toode\\\/hotpot-bain-marie-gn1-1-3-x-4-liitrit-adexa-wh706634p\\\/#primaryimage\",\"url\":\"https:\\\/\\\/adexa.ee\\\/wp-content\\\/uploads\\\/2025\\\/08\\\/WH706634P-3.jpg\",\"contentUrl\":\"https:\\\/\\\/adexa.ee\\\/wp-content\\\/uploads\\\/2025\\\/08\\\/WH706634P-3.jpg\",\"width\":1500,\"height\":1500},{\"@type\":\"BreadcrumbList\",\"@id\":\"https:\\\/\\\/adexa.ee\\\/toode\\\/hotpot-bain-marie-gn1-1-3-x-4-liitrit-adexa-wh706634p\\\/#breadcrumb\",\"itemListElement\":[{\"@type\":\"ListItem\",\"position\":1,\"name\":\"Home\",\"item\":\"https:\\\/\\\/adexa.ee\\\/\"},{\"@type\":\"ListItem\",\"position\":2,\"name\":\"Tooted\",\"item\":\"https:\\\/\\\/adexa.ee\\\/pood\\\/\"},{\"@type\":\"ListItem\",\"position\":3,\"name\":\"Hotpot Bain Marie GN1\\\/1 3 x 4 liitrit | Adexa WH706634P\"}]},{\"@type\":\"WebSite\",\"@id\":\"https:\\\/\\\/adexa.ee\\\/#website\",\"url\":\"https:\\\/\\\/adexa.ee\\\/\",\"name\":\"Adexa\",\"description\":\"\",\"publisher\":{\"@id\":\"https:\\\/\\\/adexa.ee\\\/#organization\"},\"potentialAction\":[{\"@type\":\"SearchAction\",\"target\":{\"@type\":\"EntryPoint\",\"urlTemplate\":\"https:\\\/\\\/adexa.ee\\\/?s={search_term_string}\"},\"query-input\":{\"@type\":\"PropertyValueSpecification\",\"valueRequired\":true,\"valueName\":\"search_term_string\"}}],\"inLanguage\":\"en-US\"},{\"@type\":\"Organization\",\"@id\":\"https:\\\/\\\/adexa.ee\\\/#organization\",\"name\":\"Adexa\",\"url\":\"https:\\\/\\\/adexa.ee\\\/\",\"logo\":{\"@type\":\"ImageObject\",\"inLanguage\":\"en-US\",\"@id\":\"https:\\\/\\\/adexa.ee\\\/#\\\/schema\\\/logo\\\/image\\\/\",\"url\":\"https:\\\/\\\/adexa.ee\\\/wp-content\\\/uploads\\\/2024\\\/04\\\/chef-cooks-working-in-professional-kitchen-2023-11-27-05-07-39-utc-scaled.jpg\",\"contentUrl\":\"https:\\\/\\\/adexa.ee\\\/wp-content\\\/uploads\\\/2024\\\/04\\\/chef-cooks-working-in-professional-kitchen-2023-11-27-05-07-39-utc-scaled.jpg\",\"width\":2560,\"height\":1708,\"caption\":\"Adexa\"},\"image\":{\"@id\":\"https:\\\/\\\/adexa.ee\\\/#\\\/schema\\\/logo\\\/image\\\/\"}}]}<\/script>\n<!-- \/ Yoast SEO plugin. -->","yoast_head_json":{"title":"Hotpot Bain Marie GN1\/1 3 x 4 liitrit | Adexa WH706634P - Adexa \u2013 Suurk\u00f6\u00f6giseadmed restoranidele ja toitlustusele","robots":{"index":"index","follow":"follow","max-snippet":"max-snippet:-1","max-image-preview":"max-image-preview:large","max-video-preview":"max-video-preview:-1"},"canonical":"https:\/\/adexa.ee\/toode\/hotpot-bain-marie-gn1-1-3-x-4-liitrit-adexa-wh706634p\/","og_locale":"en_US","og_type":"article","og_title":"Hotpot Bain Marie GN1\/1 3 x 4 liitrit | Adexa WH706634P - Adexa \u2013 Suurk\u00f6\u00f6giseadmed restoranidele ja toitlustusele","og_description":"See professionaalne m\u00e4rg bain marie on ideaalne toitlustusseade suure koguse toidu soojas hoidmiseks, et see oleks valmis serveerimiseks v\u00f5i taldrikule","og_url":"https:\/\/adexa.ee\/toode\/hotpot-bain-marie-gn1-1-3-x-4-liitrit-adexa-wh706634p\/","og_site_name":"Adexa \u2013 Suurk\u00f6\u00f6giseadmed restoranidele ja toitlustusele","article_modified_time":"2026-03-26T09:45:28+00:00","og_image":[{"width":1500,"height":1500,"url":"https:\/\/adexa.ee\/wp-content\/uploads\/2025\/08\/WH706634P-3.jpg","type":"image\/jpeg"}],"twitter_card":"summary_large_image","schema":{"@context":"https:\/\/schema.org","@graph":[{"@type":"WebPage","@id":"https:\/\/adexa.ee\/toode\/hotpot-bain-marie-gn1-1-3-x-4-liitrit-adexa-wh706634p\/","url":"https:\/\/adexa.ee\/toode\/hotpot-bain-marie-gn1-1-3-x-4-liitrit-adexa-wh706634p\/","name":"Hotpot Bain Marie GN1\/1 3 x 4 liitrit | Adexa WH706634P - Adexa \u2013 Suurk\u00f6\u00f6giseadmed restoranidele ja toitlustusele","isPartOf":{"@id":"https:\/\/adexa.ee\/#website"},"primaryImageOfPage":{"@id":"https:\/\/adexa.ee\/toode\/hotpot-bain-marie-gn1-1-3-x-4-liitrit-adexa-wh706634p\/#primaryimage"},"image":{"@id":"https:\/\/adexa.ee\/toode\/hotpot-bain-marie-gn1-1-3-x-4-liitrit-adexa-wh706634p\/#primaryimage"},"thumbnailUrl":"https:\/\/adexa.ee\/wp-content\/uploads\/2025\/08\/WH706634P-3.jpg","datePublished":"2026-03-26T09:45:22+00:00","dateModified":"2026-03-26T09:45:28+00:00","breadcrumb":{"@id":"https:\/\/adexa.ee\/toode\/hotpot-bain-marie-gn1-1-3-x-4-liitrit-adexa-wh706634p\/#breadcrumb"},"inLanguage":"en-US","potentialAction":[{"@type":"ReadAction","target":["https:\/\/adexa.ee\/toode\/hotpot-bain-marie-gn1-1-3-x-4-liitrit-adexa-wh706634p\/"]}]},{"@type":"ImageObject","inLanguage":"en-US","@id":"https:\/\/adexa.ee\/toode\/hotpot-bain-marie-gn1-1-3-x-4-liitrit-adexa-wh706634p\/#primaryimage","url":"https:\/\/adexa.ee\/wp-content\/uploads\/2025\/08\/WH706634P-3.jpg","contentUrl":"https:\/\/adexa.ee\/wp-content\/uploads\/2025\/08\/WH706634P-3.jpg","width":1500,"height":1500},{"@type":"BreadcrumbList","@id":"https:\/\/adexa.ee\/toode\/hotpot-bain-marie-gn1-1-3-x-4-liitrit-adexa-wh706634p\/#breadcrumb","itemListElement":[{"@type":"ListItem","position":1,"name":"Home","item":"https:\/\/adexa.ee\/"},{"@type":"ListItem","position":2,"name":"Tooted","item":"https:\/\/adexa.ee\/pood\/"},{"@type":"ListItem","position":3,"name":"Hotpot Bain Marie GN1\/1 3 x 4 liitrit | Adexa WH706634P"}]},{"@type":"WebSite","@id":"https:\/\/adexa.ee\/#website","url":"https:\/\/adexa.ee\/","name":"Adexa","description":"","publisher":{"@id":"https:\/\/adexa.ee\/#organization"},"potentialAction":[{"@type":"SearchAction","target":{"@type":"EntryPoint","urlTemplate":"https:\/\/adexa.ee\/?s={search_term_string}"},"query-input":{"@type":"PropertyValueSpecification","valueRequired":true,"valueName":"search_term_string"}}],"inLanguage":"en-US"},{"@type":"Organization","@id":"https:\/\/adexa.ee\/#organization","name":"Adexa","url":"https:\/\/adexa.ee\/","logo":{"@type":"ImageObject","inLanguage":"en-US","@id":"https:\/\/adexa.ee\/#\/schema\/logo\/image\/","url":"https:\/\/adexa.ee\/wp-content\/uploads\/2024\/04\/chef-cooks-working-in-professional-kitchen-2023-11-27-05-07-39-utc-scaled.jpg","contentUrl":"https:\/\/adexa.ee\/wp-content\/uploads\/2024\/04\/chef-cooks-working-in-professional-kitchen-2023-11-27-05-07-39-utc-scaled.jpg","width":2560,"height":1708,"caption":"Adexa"},"image":{"@id":"https:\/\/adexa.ee\/#\/schema\/logo\/image\/"}}]}},"_links":{"self":[{"href":"https:\/\/adexa.ee\/en\/wp-json\/wp\/v2\/product\/34241","targetHints":{"allow":["GET"]}}],"collection":[{"href":"https:\/\/adexa.ee\/en\/wp-json\/wp\/v2\/product"}],"about":[{"href":"https:\/\/adexa.ee\/en\/wp-json\/wp\/v2\/types\/product"}],"wp:featuredmedia":[{"embeddable":true,"href":"https:\/\/adexa.ee\/en\/wp-json\/wp\/v2\/media\/34359"}],"wp:attachment":[{"href":"https:\/\/adexa.ee\/en\/wp-json\/wp\/v2\/media?parent=34241"}],"wp:term":[{"taxonomy":"product_brand","embeddable":true,"href":"https:\/\/adexa.ee\/en\/wp-json\/wp\/v2\/product_brand?post=34241"},{"taxonomy":"product_cat","embeddable":true,"href":"https:\/\/adexa.ee\/en\/wp-json\/wp\/v2\/product_cat?post=34241"},{"taxonomy":"product_tag","embeddable":true,"href":"https:\/\/adexa.ee\/en\/wp-json\/wp\/v2\/product_tag?post=34241"}],"curies":[{"name":"wp","href":"https:\/\/api.w.org\/{rel}","templated":true}]}}