{"id":34287,"date":"2026-03-26T11:45:30","date_gmt":"2026-03-26T09:45:30","guid":{"rendered":"https:\/\/adexa.ee\/toode\/polukarbonaat-gastronorm-panni-kaas-gn1-3-labipaistev-adexa-p813l\/"},"modified":"2026-03-26T11:45:33","modified_gmt":"2026-03-26T09:45:33","slug":"polukarbonaat-gastronorm-panni-kaas-gn1-3-labipaistev-adexa-p813l","status":"publish","type":"product","link":"https:\/\/adexa.ee\/en\/toode\/polukarbonaat-gastronorm-panni-kaas-gn1-3-labipaistev-adexa-p813l\/","title":{"rendered":"Pol\u00fckarbonaat Gastronorm Panni Kaas GN1\/3 L\u00e4bipaistev | Adexa P813L"},"content":{"rendered":"<p>Lisa oma k\u00f6\u00f6ki mitmek\u00fclgsust selle raskeveokite gastronormi l\u00e4bipaistva pol\u00fckarbonaadist toidupanniga. Valmistatud vastupidavast pol\u00fckarbonaadist, seda panni saab lisada teie jahutatud ettevalmistuslaudadele v\u00f5i kasutada lahtise hoiukastina teie traadist riiulitel. See on mitmek\u00fclgne lisa teie k\u00f6\u00f6ki, kuna seda saab kasutada toiduainete ettevalmistamiseks, s\u00e4ilitamiseks, transportimiseks ja serveerimiseks. Seda saab isegi kasutada teie aurulaual v\u00f5i salatibaaris! Toidule ohutu pol\u00fckarbonaatmaterjal on praktiliselt purunematu ja vastupidav toiduainete hapetele ja \u00f5lidele, aidates pikendada selle toidupanni eluiga. Samuti talub see temperatuure vahemikus -40 kuni 100 kraadi Celsiust, nii et seda saab kasutada erinevates hoiukohtades. Tugevdatud \u00fclemised ja alumised nurgad on samuti vastupidavad paindumisele, pragunemisele ja m\u00f5lgile, seega on see toidupann valmis pikaajaliseks kasutamiseks teie kommertsk\u00f6\u00f6gis. Palun vaadake \u00fcksikasjalikku teavet jaotise alt &#8216;Spetsifikatsioon&#8217;.<\/p>\n<table style=\"border-collapse: collapse; width: 100%; text-align: left;\">\n<tbody>\n<tr>\n<td style=\"border: 1px solid #ddd; padding: 8px; width: 45%;\"><strong>S\u00fcgavus<\/strong><\/td>\n<td style=\"border: 1px solid #ddd; padding: 8px;\">176mm<\/td>\n<\/tr>\n<tr>\n<td style=\"border: 1px solid #ddd; padding: 8px; width: 45%;\"><strong>K\u00f5rgus<\/strong><\/td>\n<td style=\"border: 1px solid #ddd; padding: 8px;\">10 mm<\/td>\n<\/tr>\n<tr>\n<td style=\"border: 1px solid #ddd; padding: 8px; width: 45%;\"><strong>Laius<\/strong><\/td>\n<td style=\"border: 1px solid #ddd; padding: 8px;\">325mm<\/td>\n<\/tr>\n<tr>\n<td style=\"border: 1px solid #ddd; padding: 8px; width: 45%;\"><strong>Materjal<\/strong><\/td>\n<td style=\"border: 1px solid #ddd; padding: 8px;\">Pol\u00fckarbonaat<\/td>\n<\/tr>\n<\/tbody>\n<\/table>\n","protected":false},"excerpt":{"rendered":"<p>Lisa oma k\u00f6\u00f6ki mitmek\u00fclgsust selle raskeveokite gastronormi l\u00e4bipaistva pol\u00fckarbonaadist toidupanniga. Valmistatud vastupidavast pol\u00fckarbonaadist, seda panni saab lisada teie jahutatud ettevalmistuslaudadele<\/p>\n","protected":false},"featured_media":34289,"template":"","meta":[],"product_brand":[],"product_cat":[585,627,579,626,863,625],"product_tag":[],"class_list":{"0":"post-34287","1":"product","2":"type-product","3":"status-publish","4":"has-post-thumbnail","6":"product_cat-gn-noud","7":"product_cat-gn-noud-labipaistvad-plastik","8":"product_cat-koogitarbed-noud","9":"product_cat-plastikust-toiduaine-hoiukonteinerid","10":"product_cat-polukarbonaat-gastronorms","11":"product_cat-toidukonteinerid","13":"first","14":"instock","15":"sale","16":"taxable","17":"shipping-taxable","18":"purchasable","19":"product-type-simple"},"yoast_head":"<!-- This site is optimized with the Yoast SEO plugin v27.3 - https:\/\/yoast.com\/product\/yoast-seo-wordpress\/ -->\n<title>Pol\u00fckarbonaat Gastronorm Panni Kaas GN1\/3 L\u00e4bipaistev | Adexa P813L - Adexa \u2013 Suurk\u00f6\u00f6giseadmed restoranidele ja toitlustusele<\/title>\n<meta name=\"robots\" content=\"index, follow, max-snippet:-1, max-image-preview:large, max-video-preview:-1\" \/>\n<link rel=\"canonical\" href=\"https:\/\/adexa.ee\/toode\/polukarbonaat-gastronorm-panni-kaas-gn1-3-labipaistev-adexa-p813l\/\" \/>\n<meta property=\"og:locale\" content=\"en_US\" \/>\n<meta property=\"og:type\" content=\"article\" \/>\n<meta property=\"og:title\" content=\"Pol\u00fckarbonaat Gastronorm Panni Kaas GN1\/3 L\u00e4bipaistev | Adexa P813L - Adexa \u2013 Suurk\u00f6\u00f6giseadmed restoranidele ja toitlustusele\" \/>\n<meta property=\"og:description\" content=\"Lisa oma k\u00f6\u00f6ki mitmek\u00fclgsust selle raskeveokite gastronormi l\u00e4bipaistva pol\u00fckarbonaadist toidupanniga. Valmistatud vastupidavast pol\u00fckarbonaadist, seda panni saab lisada teie jahutatud ettevalmistuslaudadele\" \/>\n<meta property=\"og:url\" content=\"https:\/\/adexa.ee\/toode\/polukarbonaat-gastronorm-panni-kaas-gn1-3-labipaistev-adexa-p813l\/\" \/>\n<meta property=\"og:site_name\" content=\"Adexa \u2013 Suurk\u00f6\u00f6giseadmed restoranidele ja toitlustusele\" \/>\n<meta property=\"article:modified_time\" content=\"2026-03-26T09:45:33+00:00\" \/>\n<meta property=\"og:image\" content=\"https:\/\/adexa.ee\/wp-content\/uploads\/2025\/07\/P813L.jpg\" \/>\n\t<meta property=\"og:image:width\" content=\"2000\" \/>\n\t<meta property=\"og:image:height\" content=\"2000\" \/>\n\t<meta property=\"og:image:type\" content=\"image\/jpeg\" \/>\n<meta name=\"twitter:card\" content=\"summary_large_image\" \/>\n<meta name=\"twitter:label1\" content=\"Est. reading time\" \/>\n\t<meta name=\"twitter:data1\" content=\"1 minute\" \/>\n<script type=\"application\/ld+json\" class=\"yoast-schema-graph\">{\"@context\":\"https:\\\/\\\/schema.org\",\"@graph\":[{\"@type\":\"WebPage\",\"@id\":\"https:\\\/\\\/adexa.ee\\\/toode\\\/polukarbonaat-gastronorm-panni-kaas-gn1-3-labipaistev-adexa-p813l\\\/\",\"url\":\"https:\\\/\\\/adexa.ee\\\/toode\\\/polukarbonaat-gastronorm-panni-kaas-gn1-3-labipaistev-adexa-p813l\\\/\",\"name\":\"Pol\u00fckarbonaat Gastronorm Panni Kaas GN1\\\/3 L\u00e4bipaistev | Adexa P813L - Adexa \u2013 Suurk\u00f6\u00f6giseadmed restoranidele ja toitlustusele\",\"isPartOf\":{\"@id\":\"https:\\\/\\\/adexa.ee\\\/#website\"},\"primaryImageOfPage\":{\"@id\":\"https:\\\/\\\/adexa.ee\\\/toode\\\/polukarbonaat-gastronorm-panni-kaas-gn1-3-labipaistev-adexa-p813l\\\/#primaryimage\"},\"image\":{\"@id\":\"https:\\\/\\\/adexa.ee\\\/toode\\\/polukarbonaat-gastronorm-panni-kaas-gn1-3-labipaistev-adexa-p813l\\\/#primaryimage\"},\"thumbnailUrl\":\"https:\\\/\\\/adexa.ee\\\/wp-content\\\/uploads\\\/2025\\\/07\\\/P813L.jpg\",\"datePublished\":\"2026-03-26T09:45:30+00:00\",\"dateModified\":\"2026-03-26T09:45:33+00:00\",\"breadcrumb\":{\"@id\":\"https:\\\/\\\/adexa.ee\\\/toode\\\/polukarbonaat-gastronorm-panni-kaas-gn1-3-labipaistev-adexa-p813l\\\/#breadcrumb\"},\"inLanguage\":\"en-US\",\"potentialAction\":[{\"@type\":\"ReadAction\",\"target\":[\"https:\\\/\\\/adexa.ee\\\/toode\\\/polukarbonaat-gastronorm-panni-kaas-gn1-3-labipaistev-adexa-p813l\\\/\"]}]},{\"@type\":\"ImageObject\",\"inLanguage\":\"en-US\",\"@id\":\"https:\\\/\\\/adexa.ee\\\/toode\\\/polukarbonaat-gastronorm-panni-kaas-gn1-3-labipaistev-adexa-p813l\\\/#primaryimage\",\"url\":\"https:\\\/\\\/adexa.ee\\\/wp-content\\\/uploads\\\/2025\\\/07\\\/P813L.jpg\",\"contentUrl\":\"https:\\\/\\\/adexa.ee\\\/wp-content\\\/uploads\\\/2025\\\/07\\\/P813L.jpg\",\"width\":2000,\"height\":2000},{\"@type\":\"BreadcrumbList\",\"@id\":\"https:\\\/\\\/adexa.ee\\\/toode\\\/polukarbonaat-gastronorm-panni-kaas-gn1-3-labipaistev-adexa-p813l\\\/#breadcrumb\",\"itemListElement\":[{\"@type\":\"ListItem\",\"position\":1,\"name\":\"Home\",\"item\":\"https:\\\/\\\/adexa.ee\\\/\"},{\"@type\":\"ListItem\",\"position\":2,\"name\":\"Tooted\",\"item\":\"https:\\\/\\\/adexa.ee\\\/pood\\\/\"},{\"@type\":\"ListItem\",\"position\":3,\"name\":\"Pol\u00fckarbonaat Gastronorm Panni Kaas GN1\\\/3 L\u00e4bipaistev | Adexa P813L\"}]},{\"@type\":\"WebSite\",\"@id\":\"https:\\\/\\\/adexa.ee\\\/#website\",\"url\":\"https:\\\/\\\/adexa.ee\\\/\",\"name\":\"Adexa\",\"description\":\"\",\"publisher\":{\"@id\":\"https:\\\/\\\/adexa.ee\\\/#organization\"},\"potentialAction\":[{\"@type\":\"SearchAction\",\"target\":{\"@type\":\"EntryPoint\",\"urlTemplate\":\"https:\\\/\\\/adexa.ee\\\/?s={search_term_string}\"},\"query-input\":{\"@type\":\"PropertyValueSpecification\",\"valueRequired\":true,\"valueName\":\"search_term_string\"}}],\"inLanguage\":\"en-US\"},{\"@type\":\"Organization\",\"@id\":\"https:\\\/\\\/adexa.ee\\\/#organization\",\"name\":\"Adexa\",\"url\":\"https:\\\/\\\/adexa.ee\\\/\",\"logo\":{\"@type\":\"ImageObject\",\"inLanguage\":\"en-US\",\"@id\":\"https:\\\/\\\/adexa.ee\\\/#\\\/schema\\\/logo\\\/image\\\/\",\"url\":\"https:\\\/\\\/adexa.ee\\\/wp-content\\\/uploads\\\/2024\\\/04\\\/chef-cooks-working-in-professional-kitchen-2023-11-27-05-07-39-utc-scaled.jpg\",\"contentUrl\":\"https:\\\/\\\/adexa.ee\\\/wp-content\\\/uploads\\\/2024\\\/04\\\/chef-cooks-working-in-professional-kitchen-2023-11-27-05-07-39-utc-scaled.jpg\",\"width\":2560,\"height\":1708,\"caption\":\"Adexa\"},\"image\":{\"@id\":\"https:\\\/\\\/adexa.ee\\\/#\\\/schema\\\/logo\\\/image\\\/\"}}]}<\/script>\n<!-- \/ Yoast SEO plugin. -->","yoast_head_json":{"title":"Pol\u00fckarbonaat Gastronorm Panni Kaas GN1\/3 L\u00e4bipaistev | Adexa P813L - Adexa \u2013 Suurk\u00f6\u00f6giseadmed restoranidele ja toitlustusele","robots":{"index":"index","follow":"follow","max-snippet":"max-snippet:-1","max-image-preview":"max-image-preview:large","max-video-preview":"max-video-preview:-1"},"canonical":"https:\/\/adexa.ee\/toode\/polukarbonaat-gastronorm-panni-kaas-gn1-3-labipaistev-adexa-p813l\/","og_locale":"en_US","og_type":"article","og_title":"Pol\u00fckarbonaat Gastronorm Panni Kaas GN1\/3 L\u00e4bipaistev | Adexa P813L - Adexa \u2013 Suurk\u00f6\u00f6giseadmed restoranidele ja toitlustusele","og_description":"Lisa oma k\u00f6\u00f6ki mitmek\u00fclgsust selle raskeveokite gastronormi l\u00e4bipaistva pol\u00fckarbonaadist toidupanniga. Valmistatud vastupidavast pol\u00fckarbonaadist, seda panni saab lisada teie jahutatud ettevalmistuslaudadele","og_url":"https:\/\/adexa.ee\/toode\/polukarbonaat-gastronorm-panni-kaas-gn1-3-labipaistev-adexa-p813l\/","og_site_name":"Adexa \u2013 Suurk\u00f6\u00f6giseadmed restoranidele ja toitlustusele","article_modified_time":"2026-03-26T09:45:33+00:00","og_image":[{"width":2000,"height":2000,"url":"https:\/\/adexa.ee\/wp-content\/uploads\/2025\/07\/P813L.jpg","type":"image\/jpeg"}],"twitter_card":"summary_large_image","twitter_misc":{"Est. reading time":"1 minute"},"schema":{"@context":"https:\/\/schema.org","@graph":[{"@type":"WebPage","@id":"https:\/\/adexa.ee\/toode\/polukarbonaat-gastronorm-panni-kaas-gn1-3-labipaistev-adexa-p813l\/","url":"https:\/\/adexa.ee\/toode\/polukarbonaat-gastronorm-panni-kaas-gn1-3-labipaistev-adexa-p813l\/","name":"Pol\u00fckarbonaat Gastronorm Panni Kaas GN1\/3 L\u00e4bipaistev | Adexa P813L - Adexa \u2013 Suurk\u00f6\u00f6giseadmed restoranidele ja toitlustusele","isPartOf":{"@id":"https:\/\/adexa.ee\/#website"},"primaryImageOfPage":{"@id":"https:\/\/adexa.ee\/toode\/polukarbonaat-gastronorm-panni-kaas-gn1-3-labipaistev-adexa-p813l\/#primaryimage"},"image":{"@id":"https:\/\/adexa.ee\/toode\/polukarbonaat-gastronorm-panni-kaas-gn1-3-labipaistev-adexa-p813l\/#primaryimage"},"thumbnailUrl":"https:\/\/adexa.ee\/wp-content\/uploads\/2025\/07\/P813L.jpg","datePublished":"2026-03-26T09:45:30+00:00","dateModified":"2026-03-26T09:45:33+00:00","breadcrumb":{"@id":"https:\/\/adexa.ee\/toode\/polukarbonaat-gastronorm-panni-kaas-gn1-3-labipaistev-adexa-p813l\/#breadcrumb"},"inLanguage":"en-US","potentialAction":[{"@type":"ReadAction","target":["https:\/\/adexa.ee\/toode\/polukarbonaat-gastronorm-panni-kaas-gn1-3-labipaistev-adexa-p813l\/"]}]},{"@type":"ImageObject","inLanguage":"en-US","@id":"https:\/\/adexa.ee\/toode\/polukarbonaat-gastronorm-panni-kaas-gn1-3-labipaistev-adexa-p813l\/#primaryimage","url":"https:\/\/adexa.ee\/wp-content\/uploads\/2025\/07\/P813L.jpg","contentUrl":"https:\/\/adexa.ee\/wp-content\/uploads\/2025\/07\/P813L.jpg","width":2000,"height":2000},{"@type":"BreadcrumbList","@id":"https:\/\/adexa.ee\/toode\/polukarbonaat-gastronorm-panni-kaas-gn1-3-labipaistev-adexa-p813l\/#breadcrumb","itemListElement":[{"@type":"ListItem","position":1,"name":"Home","item":"https:\/\/adexa.ee\/"},{"@type":"ListItem","position":2,"name":"Tooted","item":"https:\/\/adexa.ee\/pood\/"},{"@type":"ListItem","position":3,"name":"Pol\u00fckarbonaat Gastronorm Panni Kaas GN1\/3 L\u00e4bipaistev | Adexa P813L"}]},{"@type":"WebSite","@id":"https:\/\/adexa.ee\/#website","url":"https:\/\/adexa.ee\/","name":"Adexa","description":"","publisher":{"@id":"https:\/\/adexa.ee\/#organization"},"potentialAction":[{"@type":"SearchAction","target":{"@type":"EntryPoint","urlTemplate":"https:\/\/adexa.ee\/?s={search_term_string}"},"query-input":{"@type":"PropertyValueSpecification","valueRequired":true,"valueName":"search_term_string"}}],"inLanguage":"en-US"},{"@type":"Organization","@id":"https:\/\/adexa.ee\/#organization","name":"Adexa","url":"https:\/\/adexa.ee\/","logo":{"@type":"ImageObject","inLanguage":"en-US","@id":"https:\/\/adexa.ee\/#\/schema\/logo\/image\/","url":"https:\/\/adexa.ee\/wp-content\/uploads\/2024\/04\/chef-cooks-working-in-professional-kitchen-2023-11-27-05-07-39-utc-scaled.jpg","contentUrl":"https:\/\/adexa.ee\/wp-content\/uploads\/2024\/04\/chef-cooks-working-in-professional-kitchen-2023-11-27-05-07-39-utc-scaled.jpg","width":2560,"height":1708,"caption":"Adexa"},"image":{"@id":"https:\/\/adexa.ee\/#\/schema\/logo\/image\/"}}]}},"_links":{"self":[{"href":"https:\/\/adexa.ee\/en\/wp-json\/wp\/v2\/product\/34287","targetHints":{"allow":["GET"]}}],"collection":[{"href":"https:\/\/adexa.ee\/en\/wp-json\/wp\/v2\/product"}],"about":[{"href":"https:\/\/adexa.ee\/en\/wp-json\/wp\/v2\/types\/product"}],"wp:featuredmedia":[{"embeddable":true,"href":"https:\/\/adexa.ee\/en\/wp-json\/wp\/v2\/media\/34289"}],"wp:attachment":[{"href":"https:\/\/adexa.ee\/en\/wp-json\/wp\/v2\/media?parent=34287"}],"wp:term":[{"taxonomy":"product_brand","embeddable":true,"href":"https:\/\/adexa.ee\/en\/wp-json\/wp\/v2\/product_brand?post=34287"},{"taxonomy":"product_cat","embeddable":true,"href":"https:\/\/adexa.ee\/en\/wp-json\/wp\/v2\/product_cat?post=34287"},{"taxonomy":"product_tag","embeddable":true,"href":"https:\/\/adexa.ee\/en\/wp-json\/wp\/v2\/product_tag?post=34287"}],"curies":[{"name":"wp","href":"https:\/\/api.w.org\/{rel}","templated":true}]}}