{"id":34346,"date":"2026-03-26T11:45:30","date_gmt":"2026-03-26T09:45:30","guid":{"rendered":"https:\/\/adexa.ee\/toode\/kommertspitsahi-elektriline-1-kambri-4-pitsat-x-30cm-500c-mehaanilised-juhtnupud-8-4kw-400v-adexa-bsd101500610\/"},"modified":"2026-03-26T11:45:36","modified_gmt":"2026-03-26T09:45:36","slug":"pitsaahi-elektriline-1-kamber-4-pitsat-x-30cm-500c-mehaanilised-juhtnupud-8-4kw-400v-adexa-bsd101500610","status":"publish","type":"product","link":"https:\/\/adexa.ee\/en\/toode\/pitsaahi-elektriline-1-kamber-4-pitsat-x-30cm-500c-mehaanilised-juhtnupud-8-4kw-400v-adexa-bsd101500610\/","title":{"rendered":"Pitsaahi Elektriline 1 kamber 4 pitsat x 30cm 500\u00b0C Mehaanilised juhtnupud 8.4kW 400V | Adexa BSD101500610"},"content":{"rendered":"<p>Palun vaadake \u00fcksikasjalikku teavet jaotise &#8220;Spetsifikatsioon&#8221; alt.<\/p>\n<table style=\"border-collapse: collapse; width: 100%; text-align: left;\">\n<tbody>\n<tr>\n<td style=\"border: 1px solid #ddd; padding: 8px; width: 45%;\"><strong>S\u00fcgavus<\/strong><\/td>\n<td style=\"border: 1px solid #ddd; padding: 8px;\">740 mm<\/td>\n<\/tr>\n<tr>\n<td style=\"border: 1px solid #ddd; padding: 8px; width: 45%;\"><strong>K\u00f5rgus<\/strong><\/td>\n<td style=\"border: 1px solid #ddd; padding: 8px;\">390 mm<\/td>\n<\/tr>\n<tr>\n<td style=\"border: 1px solid #ddd; padding: 8px; width: 45%;\"><strong>Laius<\/strong><\/td>\n<td style=\"border: 1px solid #ddd; padding: 8px;\">870 mm<\/td>\n<\/tr>\n<tr>\n<td style=\"border: 1px solid #ddd; padding: 8px; width: 45%;\"><strong>Kaal<\/strong><\/td>\n<td style=\"border: 1px solid #ddd; padding: 8px;\">65 kg<\/td>\n<\/tr>\n<tr>\n<td style=\"border: 1px solid #ddd; padding: 8px; width: 45%;\"><strong>Garantii<\/strong><\/td>\n<td style=\"border: 1px solid #ddd; padding: 8px;\">12 kuu varuosade garantii<\/td>\n<\/tr>\n<tr>\n<td style=\"border: 1px solid #ddd; padding: 8px; width: 45%;\"><strong>Mahutavus<\/strong><\/td>\n<td style=\"border: 1px solid #ddd; padding: 8px;\">4 x 300 mm pitsat<\/td>\n<\/tr>\n<tr>\n<td style=\"border: 1px solid #ddd; padding: 8px; width: 45%;\"><strong>Toiteallikas<\/strong><\/td>\n<td style=\"border: 1px solid #ddd; padding: 8px;\">400V \/ 3 faasi<\/td>\n<\/tr>\n<tr>\n<td style=\"border: 1px solid #ddd; padding: 8px; width: 45%;\"><strong>V\u00f5imsus<\/strong><\/td>\n<td style=\"border: 1px solid #ddd; padding: 8px;\">4200W<\/td>\n<\/tr>\n<tr>\n<td style=\"border: 1px solid #ddd; padding: 8px; width: 45%;\"><strong>Materjal<\/strong><\/td>\n<td style=\"border: 1px solid #ddd; padding: 8px;\">Roostevaba teras \/ Alumiinium<\/td>\n<\/tr>\n<tr>\n<td style=\"border: 1px solid #ddd; padding: 8px; width: 45%;\"><strong>Temperatuur<\/strong><\/td>\n<td style=\"border: 1px solid #ddd; padding: 8px;\">+500\u00b0C<\/td>\n<\/tr>\n<tr>\n<td style=\"border: 1px solid #ddd; padding: 8px; width: 45%;\"><strong>Kontrollid<\/strong><\/td>\n<td style=\"border: 1px solid #ddd; padding: 8px;\">Mehaaniline<\/td>\n<\/tr>\n<tr>\n<td style=\"border: 1px solid #ddd; padding: 8px; width: 45%;\"><strong>Valgustus<\/strong><\/td>\n<td style=\"border: 1px solid #ddd; padding: 8px;\">Jah<\/td>\n<\/tr>\n<tr>\n<td style=\"border: 1px solid #ddd; padding: 8px; width: 45%;\"><strong>Kambrid<\/strong><\/td>\n<td style=\"border: 1px solid #ddd; padding: 8px;\">1<\/td>\n<\/tr>\n<tr>\n<td style=\"border: 1px solid #ddd; padding: 8px; width: 45%;\"><strong>M\u00f5\u00f5tmed (kamber)<\/strong><\/td>\n<td style=\"border: 1px solid #ddd; padding: 8px;\">1 x 610x610x150 mm<\/td>\n<\/tr>\n<tr>\n<td style=\"border: 1px solid #ddd; padding: 8px; width: 45%;\"><strong>Termomeeter<\/strong><\/td>\n<td style=\"border: 1px solid #ddd; padding: 8px;\">Jah<\/td>\n<\/tr>\n<\/tbody>\n<\/table>\n","protected":false},"excerpt":{"rendered":"<p>Palun vaadake \u00fcksikasjalikku teavet jaotise &#8220;Spetsifikatsioon&#8221; alt. S\u00fcgavus 740 mm K\u00f5rgus 390 mm Laius 870 mm Kaal 65 kg Garantii<\/p>\n","protected":false},"featured_media":11590,"template":"","meta":[],"product_brand":[],"product_cat":[724,664,723],"product_tag":[],"class_list":{"0":"post-34346","1":"product","2":"type-product","3":"status-publish","4":"has-post-thumbnail","6":"product_cat-elektrilised-pitsaahjud","7":"product_cat-pitsa-ja-grill","8":"product_cat-pitsaahjud","10":"first","11":"instock","12":"sale","13":"taxable","14":"shipping-taxable","15":"purchasable","16":"product-type-simple"},"yoast_head":"<!-- This site is optimized with the Yoast SEO plugin v27.3 - https:\/\/yoast.com\/product\/yoast-seo-wordpress\/ -->\n<title>Pitsaahi Elektriline 1 kamber 4 pitsat x 30cm 500\u00b0C Mehaanilised juhtnupud 8.4kW 400V | Adexa BSD101500610 - Adexa \u2013 Suurk\u00f6\u00f6giseadmed restoranidele ja toitlustusele<\/title>\n<meta name=\"robots\" content=\"index, follow, max-snippet:-1, max-image-preview:large, max-video-preview:-1\" \/>\n<link rel=\"canonical\" href=\"https:\/\/adexa.ee\/toode\/pitsaahi-elektriline-1-kamber-4-pitsat-x-30cm-500c-mehaanilised-juhtnupud-8-4kw-400v-adexa-bsd101500610\/\" \/>\n<meta property=\"og:locale\" content=\"en_US\" \/>\n<meta property=\"og:type\" content=\"article\" \/>\n<meta property=\"og:title\" content=\"Pitsaahi Elektriline 1 kamber 4 pitsat x 30cm 500\u00b0C Mehaanilised juhtnupud 8.4kW 400V | Adexa BSD101500610 - Adexa \u2013 Suurk\u00f6\u00f6giseadmed restoranidele ja toitlustusele\" \/>\n<meta property=\"og:description\" content=\"Palun vaadake \u00fcksikasjalikku teavet jaotise &#8220;Spetsifikatsioon&#8221; alt. S\u00fcgavus 740 mm K\u00f5rgus 390 mm Laius 870 mm Kaal 65 kg Garantii\" \/>\n<meta property=\"og:url\" content=\"https:\/\/adexa.ee\/toode\/pitsaahi-elektriline-1-kamber-4-pitsat-x-30cm-500c-mehaanilised-juhtnupud-8-4kw-400v-adexa-bsd101500610\/\" \/>\n<meta property=\"og:site_name\" content=\"Adexa \u2013 Suurk\u00f6\u00f6giseadmed restoranidele ja toitlustusele\" \/>\n<meta property=\"article:modified_time\" content=\"2026-03-26T09:45:36+00:00\" \/>\n<meta property=\"og:image\" content=\"https:\/\/adexa.ee\/wp-content\/uploads\/2024\/12\/BSD101.jpg\" \/>\n\t<meta property=\"og:image:width\" content=\"2000\" \/>\n\t<meta property=\"og:image:height\" content=\"2000\" \/>\n\t<meta property=\"og:image:type\" content=\"image\/jpeg\" \/>\n<meta name=\"twitter:card\" content=\"summary_large_image\" \/>\n<script type=\"application\/ld+json\" class=\"yoast-schema-graph\">{\"@context\":\"https:\\\/\\\/schema.org\",\"@graph\":[{\"@type\":\"WebPage\",\"@id\":\"https:\\\/\\\/adexa.ee\\\/toode\\\/pitsaahi-elektriline-1-kamber-4-pitsat-x-30cm-500c-mehaanilised-juhtnupud-8-4kw-400v-adexa-bsd101500610\\\/\",\"url\":\"https:\\\/\\\/adexa.ee\\\/toode\\\/pitsaahi-elektriline-1-kamber-4-pitsat-x-30cm-500c-mehaanilised-juhtnupud-8-4kw-400v-adexa-bsd101500610\\\/\",\"name\":\"Pitsaahi Elektriline 1 kamber 4 pitsat x 30cm 500\u00b0C Mehaanilised juhtnupud 8.4kW 400V | Adexa BSD101500610 - Adexa \u2013 Suurk\u00f6\u00f6giseadmed restoranidele ja toitlustusele\",\"isPartOf\":{\"@id\":\"https:\\\/\\\/adexa.ee\\\/#website\"},\"primaryImageOfPage\":{\"@id\":\"https:\\\/\\\/adexa.ee\\\/toode\\\/pitsaahi-elektriline-1-kamber-4-pitsat-x-30cm-500c-mehaanilised-juhtnupud-8-4kw-400v-adexa-bsd101500610\\\/#primaryimage\"},\"image\":{\"@id\":\"https:\\\/\\\/adexa.ee\\\/toode\\\/pitsaahi-elektriline-1-kamber-4-pitsat-x-30cm-500c-mehaanilised-juhtnupud-8-4kw-400v-adexa-bsd101500610\\\/#primaryimage\"},\"thumbnailUrl\":\"https:\\\/\\\/adexa.ee\\\/wp-content\\\/uploads\\\/2024\\\/12\\\/BSD101.jpg\",\"datePublished\":\"2026-03-26T09:45:30+00:00\",\"dateModified\":\"2026-03-26T09:45:36+00:00\",\"breadcrumb\":{\"@id\":\"https:\\\/\\\/adexa.ee\\\/toode\\\/pitsaahi-elektriline-1-kamber-4-pitsat-x-30cm-500c-mehaanilised-juhtnupud-8-4kw-400v-adexa-bsd101500610\\\/#breadcrumb\"},\"inLanguage\":\"en-US\",\"potentialAction\":[{\"@type\":\"ReadAction\",\"target\":[\"https:\\\/\\\/adexa.ee\\\/toode\\\/pitsaahi-elektriline-1-kamber-4-pitsat-x-30cm-500c-mehaanilised-juhtnupud-8-4kw-400v-adexa-bsd101500610\\\/\"]}]},{\"@type\":\"ImageObject\",\"inLanguage\":\"en-US\",\"@id\":\"https:\\\/\\\/adexa.ee\\\/toode\\\/pitsaahi-elektriline-1-kamber-4-pitsat-x-30cm-500c-mehaanilised-juhtnupud-8-4kw-400v-adexa-bsd101500610\\\/#primaryimage\",\"url\":\"https:\\\/\\\/adexa.ee\\\/wp-content\\\/uploads\\\/2024\\\/12\\\/BSD101.jpg\",\"contentUrl\":\"https:\\\/\\\/adexa.ee\\\/wp-content\\\/uploads\\\/2024\\\/12\\\/BSD101.jpg\",\"width\":2000,\"height\":2000},{\"@type\":\"BreadcrumbList\",\"@id\":\"https:\\\/\\\/adexa.ee\\\/toode\\\/pitsaahi-elektriline-1-kamber-4-pitsat-x-30cm-500c-mehaanilised-juhtnupud-8-4kw-400v-adexa-bsd101500610\\\/#breadcrumb\",\"itemListElement\":[{\"@type\":\"ListItem\",\"position\":1,\"name\":\"Home\",\"item\":\"https:\\\/\\\/adexa.ee\\\/\"},{\"@type\":\"ListItem\",\"position\":2,\"name\":\"Tooted\",\"item\":\"https:\\\/\\\/adexa.ee\\\/pood\\\/\"},{\"@type\":\"ListItem\",\"position\":3,\"name\":\"Pitsaahi Elektriline 1 kamber 4 pitsat x 30cm 500\u00b0C Mehaanilised juhtnupud 8.4kW 400V | Adexa BSD101500610\"}]},{\"@type\":\"WebSite\",\"@id\":\"https:\\\/\\\/adexa.ee\\\/#website\",\"url\":\"https:\\\/\\\/adexa.ee\\\/\",\"name\":\"Adexa\",\"description\":\"\",\"publisher\":{\"@id\":\"https:\\\/\\\/adexa.ee\\\/#organization\"},\"potentialAction\":[{\"@type\":\"SearchAction\",\"target\":{\"@type\":\"EntryPoint\",\"urlTemplate\":\"https:\\\/\\\/adexa.ee\\\/?s={search_term_string}\"},\"query-input\":{\"@type\":\"PropertyValueSpecification\",\"valueRequired\":true,\"valueName\":\"search_term_string\"}}],\"inLanguage\":\"en-US\"},{\"@type\":\"Organization\",\"@id\":\"https:\\\/\\\/adexa.ee\\\/#organization\",\"name\":\"Adexa\",\"url\":\"https:\\\/\\\/adexa.ee\\\/\",\"logo\":{\"@type\":\"ImageObject\",\"inLanguage\":\"en-US\",\"@id\":\"https:\\\/\\\/adexa.ee\\\/#\\\/schema\\\/logo\\\/image\\\/\",\"url\":\"https:\\\/\\\/adexa.ee\\\/wp-content\\\/uploads\\\/2024\\\/04\\\/chef-cooks-working-in-professional-kitchen-2023-11-27-05-07-39-utc-scaled.jpg\",\"contentUrl\":\"https:\\\/\\\/adexa.ee\\\/wp-content\\\/uploads\\\/2024\\\/04\\\/chef-cooks-working-in-professional-kitchen-2023-11-27-05-07-39-utc-scaled.jpg\",\"width\":2560,\"height\":1708,\"caption\":\"Adexa\"},\"image\":{\"@id\":\"https:\\\/\\\/adexa.ee\\\/#\\\/schema\\\/logo\\\/image\\\/\"}}]}<\/script>\n<!-- \/ Yoast SEO plugin. -->","yoast_head_json":{"title":"Pitsaahi Elektriline 1 kamber 4 pitsat x 30cm 500\u00b0C Mehaanilised juhtnupud 8.4kW 400V | Adexa BSD101500610 - Adexa \u2013 Suurk\u00f6\u00f6giseadmed restoranidele ja toitlustusele","robots":{"index":"index","follow":"follow","max-snippet":"max-snippet:-1","max-image-preview":"max-image-preview:large","max-video-preview":"max-video-preview:-1"},"canonical":"https:\/\/adexa.ee\/toode\/pitsaahi-elektriline-1-kamber-4-pitsat-x-30cm-500c-mehaanilised-juhtnupud-8-4kw-400v-adexa-bsd101500610\/","og_locale":"en_US","og_type":"article","og_title":"Pitsaahi Elektriline 1 kamber 4 pitsat x 30cm 500\u00b0C Mehaanilised juhtnupud 8.4kW 400V | Adexa BSD101500610 - Adexa \u2013 Suurk\u00f6\u00f6giseadmed restoranidele ja toitlustusele","og_description":"Palun vaadake \u00fcksikasjalikku teavet jaotise &#8220;Spetsifikatsioon&#8221; alt. S\u00fcgavus 740 mm K\u00f5rgus 390 mm Laius 870 mm Kaal 65 kg Garantii","og_url":"https:\/\/adexa.ee\/toode\/pitsaahi-elektriline-1-kamber-4-pitsat-x-30cm-500c-mehaanilised-juhtnupud-8-4kw-400v-adexa-bsd101500610\/","og_site_name":"Adexa \u2013 Suurk\u00f6\u00f6giseadmed restoranidele ja toitlustusele","article_modified_time":"2026-03-26T09:45:36+00:00","og_image":[{"width":2000,"height":2000,"url":"https:\/\/adexa.ee\/wp-content\/uploads\/2024\/12\/BSD101.jpg","type":"image\/jpeg"}],"twitter_card":"summary_large_image","schema":{"@context":"https:\/\/schema.org","@graph":[{"@type":"WebPage","@id":"https:\/\/adexa.ee\/toode\/pitsaahi-elektriline-1-kamber-4-pitsat-x-30cm-500c-mehaanilised-juhtnupud-8-4kw-400v-adexa-bsd101500610\/","url":"https:\/\/adexa.ee\/toode\/pitsaahi-elektriline-1-kamber-4-pitsat-x-30cm-500c-mehaanilised-juhtnupud-8-4kw-400v-adexa-bsd101500610\/","name":"Pitsaahi Elektriline 1 kamber 4 pitsat x 30cm 500\u00b0C Mehaanilised juhtnupud 8.4kW 400V | Adexa BSD101500610 - Adexa \u2013 Suurk\u00f6\u00f6giseadmed restoranidele ja toitlustusele","isPartOf":{"@id":"https:\/\/adexa.ee\/#website"},"primaryImageOfPage":{"@id":"https:\/\/adexa.ee\/toode\/pitsaahi-elektriline-1-kamber-4-pitsat-x-30cm-500c-mehaanilised-juhtnupud-8-4kw-400v-adexa-bsd101500610\/#primaryimage"},"image":{"@id":"https:\/\/adexa.ee\/toode\/pitsaahi-elektriline-1-kamber-4-pitsat-x-30cm-500c-mehaanilised-juhtnupud-8-4kw-400v-adexa-bsd101500610\/#primaryimage"},"thumbnailUrl":"https:\/\/adexa.ee\/wp-content\/uploads\/2024\/12\/BSD101.jpg","datePublished":"2026-03-26T09:45:30+00:00","dateModified":"2026-03-26T09:45:36+00:00","breadcrumb":{"@id":"https:\/\/adexa.ee\/toode\/pitsaahi-elektriline-1-kamber-4-pitsat-x-30cm-500c-mehaanilised-juhtnupud-8-4kw-400v-adexa-bsd101500610\/#breadcrumb"},"inLanguage":"en-US","potentialAction":[{"@type":"ReadAction","target":["https:\/\/adexa.ee\/toode\/pitsaahi-elektriline-1-kamber-4-pitsat-x-30cm-500c-mehaanilised-juhtnupud-8-4kw-400v-adexa-bsd101500610\/"]}]},{"@type":"ImageObject","inLanguage":"en-US","@id":"https:\/\/adexa.ee\/toode\/pitsaahi-elektriline-1-kamber-4-pitsat-x-30cm-500c-mehaanilised-juhtnupud-8-4kw-400v-adexa-bsd101500610\/#primaryimage","url":"https:\/\/adexa.ee\/wp-content\/uploads\/2024\/12\/BSD101.jpg","contentUrl":"https:\/\/adexa.ee\/wp-content\/uploads\/2024\/12\/BSD101.jpg","width":2000,"height":2000},{"@type":"BreadcrumbList","@id":"https:\/\/adexa.ee\/toode\/pitsaahi-elektriline-1-kamber-4-pitsat-x-30cm-500c-mehaanilised-juhtnupud-8-4kw-400v-adexa-bsd101500610\/#breadcrumb","itemListElement":[{"@type":"ListItem","position":1,"name":"Home","item":"https:\/\/adexa.ee\/"},{"@type":"ListItem","position":2,"name":"Tooted","item":"https:\/\/adexa.ee\/pood\/"},{"@type":"ListItem","position":3,"name":"Pitsaahi Elektriline 1 kamber 4 pitsat x 30cm 500\u00b0C Mehaanilised juhtnupud 8.4kW 400V | Adexa BSD101500610"}]},{"@type":"WebSite","@id":"https:\/\/adexa.ee\/#website","url":"https:\/\/adexa.ee\/","name":"Adexa","description":"","publisher":{"@id":"https:\/\/adexa.ee\/#organization"},"potentialAction":[{"@type":"SearchAction","target":{"@type":"EntryPoint","urlTemplate":"https:\/\/adexa.ee\/?s={search_term_string}"},"query-input":{"@type":"PropertyValueSpecification","valueRequired":true,"valueName":"search_term_string"}}],"inLanguage":"en-US"},{"@type":"Organization","@id":"https:\/\/adexa.ee\/#organization","name":"Adexa","url":"https:\/\/adexa.ee\/","logo":{"@type":"ImageObject","inLanguage":"en-US","@id":"https:\/\/adexa.ee\/#\/schema\/logo\/image\/","url":"https:\/\/adexa.ee\/wp-content\/uploads\/2024\/04\/chef-cooks-working-in-professional-kitchen-2023-11-27-05-07-39-utc-scaled.jpg","contentUrl":"https:\/\/adexa.ee\/wp-content\/uploads\/2024\/04\/chef-cooks-working-in-professional-kitchen-2023-11-27-05-07-39-utc-scaled.jpg","width":2560,"height":1708,"caption":"Adexa"},"image":{"@id":"https:\/\/adexa.ee\/#\/schema\/logo\/image\/"}}]}},"_links":{"self":[{"href":"https:\/\/adexa.ee\/en\/wp-json\/wp\/v2\/product\/34346","targetHints":{"allow":["GET"]}}],"collection":[{"href":"https:\/\/adexa.ee\/en\/wp-json\/wp\/v2\/product"}],"about":[{"href":"https:\/\/adexa.ee\/en\/wp-json\/wp\/v2\/types\/product"}],"wp:featuredmedia":[{"embeddable":true,"href":"https:\/\/adexa.ee\/en\/wp-json\/wp\/v2\/media\/11590"}],"wp:attachment":[{"href":"https:\/\/adexa.ee\/en\/wp-json\/wp\/v2\/media?parent=34346"}],"wp:term":[{"taxonomy":"product_brand","embeddable":true,"href":"https:\/\/adexa.ee\/en\/wp-json\/wp\/v2\/product_brand?post=34346"},{"taxonomy":"product_cat","embeddable":true,"href":"https:\/\/adexa.ee\/en\/wp-json\/wp\/v2\/product_cat?post=34346"},{"taxonomy":"product_tag","embeddable":true,"href":"https:\/\/adexa.ee\/en\/wp-json\/wp\/v2\/product_tag?post=34346"}],"curies":[{"name":"wp","href":"https:\/\/api.w.org\/{rel}","templated":true}]}}