{"id":34424,"date":"2026-03-26T11:45:36","date_gmt":"2026-03-26T09:45:36","guid":{"rendered":"https:\/\/adexa.ee\/toode\/200-tk-kraft-take-away-karp-130x110x64mm-adexa-tacfc1\/"},"modified":"2026-03-26T11:45:37","modified_gmt":"2026-03-26T09:45:37","slug":"200-tk-kraft-take-away-karp-130x110x64mm-adexa-tacfc1","status":"publish","type":"product","link":"https:\/\/adexa.ee\/en\/toode\/200-tk-kraft-take-away-karp-130x110x64mm-adexa-tacfc1\/","title":{"rendered":"200 tk Kraft Take Away karp 130x110x64mm | Adexa TACFC1"},"content":{"rendered":"<p>\u00dchekordselt kasutatavad ristk\u00fclikukujulised kausid, mis on valmistatud PE (pol\u00fcet\u00fcleen) kattega paberist, pakkudes v\u00e4ga tugevat niiskus- ja rasvabarj\u00e4\u00e4ri. T\u00e4pse teabe saamiseks vaadake jaotist &#8220;Spetsifikatsioon&#8221;.<\/p>\n<table style=\"border-collapse: collapse; width: 100%; text-align: left;\">\n<tbody>\n<tr>\n<td style=\"border: 1px solid #ddd; padding: 8px; width: 45%;\"><strong>S\u00fcgavus<\/strong><\/td>\n<td style=\"border: 1px solid #ddd; padding: 8px;\">110\/90 mm<\/td>\n<\/tr>\n<tr>\n<td style=\"border: 1px solid #ddd; padding: 8px; width: 45%;\"><strong>K\u00f5rgus<\/strong><\/td>\n<td style=\"border: 1px solid #ddd; padding: 8px;\">64 mm<\/td>\n<\/tr>\n<tr>\n<td style=\"border: 1px solid #ddd; padding: 8px; width: 45%;\"><strong>Laius<\/strong><\/td>\n<td style=\"border: 1px solid #ddd; padding: 8px;\">130\/110 mm<\/td>\n<\/tr>\n<tr>\n<td style=\"border: 1px solid #ddd; padding: 8px; width: 45%;\"><strong>Kaal<\/strong><\/td>\n<td style=\"border: 1px solid #ddd; padding: 8px;\">2.8 kg (200 tk)<\/td>\n<\/tr>\n<tr>\n<td style=\"border: 1px solid #ddd; padding: 8px; width: 45%;\"><strong>Materjal<\/strong><\/td>\n<td style=\"border: 1px solid #ddd; padding: 8px;\">PE (pol\u00fcet\u00fcleen) kaetud paber<\/td>\n<\/tr>\n<tr>\n<td style=\"border: 1px solid #ddd; padding: 8px; width: 45%;\"><strong>V\u00e4rv<\/strong><\/td>\n<td style=\"border: 1px solid #ddd; padding: 8px;\">Kraft<\/td>\n<\/tr>\n<tr>\n<td style=\"border: 1px solid #ddd; padding: 8px; width: 45%;\"><strong>Paksus<\/strong><\/td>\n<td style=\"border: 1px solid #ddd; padding: 8px;\">250 g\/m\u00b2 + 18 PE<\/td>\n<\/tr>\n<\/tbody>\n<\/table>\n","protected":false},"excerpt":{"rendered":"<p>\u00dchekordselt kasutatavad ristk\u00fclikukujulised kausid, mis on valmistatud PE (pol\u00fcet\u00fcleen) kattega paberist, pakkudes v\u00e4ga tugevat niiskus- ja rasvabarj\u00e4\u00e4ri. T\u00e4pse teabe saamiseks<\/p>\n","protected":false},"featured_media":34426,"template":"","meta":[],"product_brand":[],"product_cat":[965,966,718,899],"product_tag":[],"class_list":{"0":"post-34424","1":"product","2":"type-product","3":"status-publish","4":"has-post-thumbnail","6":"product_cat-kulutustarvikud-ja-uhekordsed-tooted","7":"product_cat-uhekordsed-tassid-klaasid-ja-potid","8":"product_cat-puhastus-ja-hugieen","9":"product_cat-kulukaup","11":"first","12":"instock","13":"sale","14":"taxable","15":"shipping-taxable","16":"purchasable","17":"product-type-simple"},"yoast_head":"<!-- This site is optimized with the Yoast SEO plugin v27.3 - https:\/\/yoast.com\/product\/yoast-seo-wordpress\/ -->\n<title>200 tk Kraft Take Away karp 130x110x64mm | Adexa TACFC1 - Adexa \u2013 Suurk\u00f6\u00f6giseadmed restoranidele ja toitlustusele<\/title>\n<meta name=\"robots\" content=\"index, follow, max-snippet:-1, max-image-preview:large, max-video-preview:-1\" \/>\n<link rel=\"canonical\" href=\"https:\/\/adexa.ee\/toode\/200-tk-kraft-take-away-karp-130x110x64mm-adexa-tacfc1\/\" \/>\n<meta property=\"og:locale\" content=\"en_US\" \/>\n<meta property=\"og:type\" content=\"article\" \/>\n<meta property=\"og:title\" content=\"200 tk Kraft Take Away karp 130x110x64mm | Adexa TACFC1 - Adexa \u2013 Suurk\u00f6\u00f6giseadmed restoranidele ja toitlustusele\" \/>\n<meta property=\"og:description\" content=\"\u00dchekordselt kasutatavad ristk\u00fclikukujulised kausid, mis on valmistatud PE (pol\u00fcet\u00fcleen) kattega paberist, pakkudes v\u00e4ga tugevat niiskus- ja rasvabarj\u00e4\u00e4ri. T\u00e4pse teabe saamiseks\" \/>\n<meta property=\"og:url\" content=\"https:\/\/adexa.ee\/toode\/200-tk-kraft-take-away-karp-130x110x64mm-adexa-tacfc1\/\" \/>\n<meta property=\"og:site_name\" content=\"Adexa \u2013 Suurk\u00f6\u00f6giseadmed restoranidele ja toitlustusele\" \/>\n<meta property=\"article:modified_time\" content=\"2026-03-26T09:45:37+00:00\" \/>\n<meta property=\"og:image\" content=\"https:\/\/adexa.ee\/wp-content\/uploads\/2025\/08\/TACFC1_2-514x514.png\" \/>\n\t<meta property=\"og:image:width\" content=\"514\" \/>\n\t<meta property=\"og:image:height\" content=\"514\" \/>\n\t<meta property=\"og:image:type\" content=\"image\/png\" \/>\n<meta name=\"twitter:card\" content=\"summary_large_image\" \/>\n<script type=\"application\/ld+json\" class=\"yoast-schema-graph\">{\"@context\":\"https:\\\/\\\/schema.org\",\"@graph\":[{\"@type\":\"WebPage\",\"@id\":\"https:\\\/\\\/adexa.ee\\\/toode\\\/200-tk-kraft-take-away-karp-130x110x64mm-adexa-tacfc1\\\/\",\"url\":\"https:\\\/\\\/adexa.ee\\\/toode\\\/200-tk-kraft-take-away-karp-130x110x64mm-adexa-tacfc1\\\/\",\"name\":\"200 tk Kraft Take Away karp 130x110x64mm | Adexa TACFC1 - Adexa \u2013 Suurk\u00f6\u00f6giseadmed restoranidele ja toitlustusele\",\"isPartOf\":{\"@id\":\"https:\\\/\\\/adexa.ee\\\/#website\"},\"primaryImageOfPage\":{\"@id\":\"https:\\\/\\\/adexa.ee\\\/toode\\\/200-tk-kraft-take-away-karp-130x110x64mm-adexa-tacfc1\\\/#primaryimage\"},\"image\":{\"@id\":\"https:\\\/\\\/adexa.ee\\\/toode\\\/200-tk-kraft-take-away-karp-130x110x64mm-adexa-tacfc1\\\/#primaryimage\"},\"thumbnailUrl\":\"https:\\\/\\\/adexa.ee\\\/wp-content\\\/uploads\\\/2025\\\/08\\\/TACFC1_2.png\",\"datePublished\":\"2026-03-26T09:45:36+00:00\",\"dateModified\":\"2026-03-26T09:45:37+00:00\",\"breadcrumb\":{\"@id\":\"https:\\\/\\\/adexa.ee\\\/toode\\\/200-tk-kraft-take-away-karp-130x110x64mm-adexa-tacfc1\\\/#breadcrumb\"},\"inLanguage\":\"en-US\",\"potentialAction\":[{\"@type\":\"ReadAction\",\"target\":[\"https:\\\/\\\/adexa.ee\\\/toode\\\/200-tk-kraft-take-away-karp-130x110x64mm-adexa-tacfc1\\\/\"]}]},{\"@type\":\"ImageObject\",\"inLanguage\":\"en-US\",\"@id\":\"https:\\\/\\\/adexa.ee\\\/toode\\\/200-tk-kraft-take-away-karp-130x110x64mm-adexa-tacfc1\\\/#primaryimage\",\"url\":\"https:\\\/\\\/adexa.ee\\\/wp-content\\\/uploads\\\/2025\\\/08\\\/TACFC1_2.png\",\"contentUrl\":\"https:\\\/\\\/adexa.ee\\\/wp-content\\\/uploads\\\/2025\\\/08\\\/TACFC1_2.png\",\"width\":2000,\"height\":2000},{\"@type\":\"BreadcrumbList\",\"@id\":\"https:\\\/\\\/adexa.ee\\\/toode\\\/200-tk-kraft-take-away-karp-130x110x64mm-adexa-tacfc1\\\/#breadcrumb\",\"itemListElement\":[{\"@type\":\"ListItem\",\"position\":1,\"name\":\"Home\",\"item\":\"https:\\\/\\\/adexa.ee\\\/\"},{\"@type\":\"ListItem\",\"position\":2,\"name\":\"Tooted\",\"item\":\"https:\\\/\\\/adexa.ee\\\/pood\\\/\"},{\"@type\":\"ListItem\",\"position\":3,\"name\":\"200 tk Kraft Take Away karp 130x110x64mm | Adexa TACFC1\"}]},{\"@type\":\"WebSite\",\"@id\":\"https:\\\/\\\/adexa.ee\\\/#website\",\"url\":\"https:\\\/\\\/adexa.ee\\\/\",\"name\":\"Adexa\",\"description\":\"\",\"publisher\":{\"@id\":\"https:\\\/\\\/adexa.ee\\\/#organization\"},\"potentialAction\":[{\"@type\":\"SearchAction\",\"target\":{\"@type\":\"EntryPoint\",\"urlTemplate\":\"https:\\\/\\\/adexa.ee\\\/?s={search_term_string}\"},\"query-input\":{\"@type\":\"PropertyValueSpecification\",\"valueRequired\":true,\"valueName\":\"search_term_string\"}}],\"inLanguage\":\"en-US\"},{\"@type\":\"Organization\",\"@id\":\"https:\\\/\\\/adexa.ee\\\/#organization\",\"name\":\"Adexa\",\"url\":\"https:\\\/\\\/adexa.ee\\\/\",\"logo\":{\"@type\":\"ImageObject\",\"inLanguage\":\"en-US\",\"@id\":\"https:\\\/\\\/adexa.ee\\\/#\\\/schema\\\/logo\\\/image\\\/\",\"url\":\"https:\\\/\\\/adexa.ee\\\/wp-content\\\/uploads\\\/2024\\\/04\\\/chef-cooks-working-in-professional-kitchen-2023-11-27-05-07-39-utc-scaled.jpg\",\"contentUrl\":\"https:\\\/\\\/adexa.ee\\\/wp-content\\\/uploads\\\/2024\\\/04\\\/chef-cooks-working-in-professional-kitchen-2023-11-27-05-07-39-utc-scaled.jpg\",\"width\":2560,\"height\":1708,\"caption\":\"Adexa\"},\"image\":{\"@id\":\"https:\\\/\\\/adexa.ee\\\/#\\\/schema\\\/logo\\\/image\\\/\"}}]}<\/script>\n<!-- \/ Yoast SEO plugin. -->","yoast_head_json":{"title":"200 tk Kraft Take Away karp 130x110x64mm | Adexa TACFC1 - Adexa \u2013 Suurk\u00f6\u00f6giseadmed restoranidele ja toitlustusele","robots":{"index":"index","follow":"follow","max-snippet":"max-snippet:-1","max-image-preview":"max-image-preview:large","max-video-preview":"max-video-preview:-1"},"canonical":"https:\/\/adexa.ee\/toode\/200-tk-kraft-take-away-karp-130x110x64mm-adexa-tacfc1\/","og_locale":"en_US","og_type":"article","og_title":"200 tk Kraft Take Away karp 130x110x64mm | Adexa TACFC1 - Adexa \u2013 Suurk\u00f6\u00f6giseadmed restoranidele ja toitlustusele","og_description":"\u00dchekordselt kasutatavad ristk\u00fclikukujulised kausid, mis on valmistatud PE (pol\u00fcet\u00fcleen) kattega paberist, pakkudes v\u00e4ga tugevat niiskus- ja rasvabarj\u00e4\u00e4ri. T\u00e4pse teabe saamiseks","og_url":"https:\/\/adexa.ee\/toode\/200-tk-kraft-take-away-karp-130x110x64mm-adexa-tacfc1\/","og_site_name":"Adexa \u2013 Suurk\u00f6\u00f6giseadmed restoranidele ja toitlustusele","article_modified_time":"2026-03-26T09:45:37+00:00","og_image":[{"width":514,"height":514,"url":"https:\/\/adexa.ee\/wp-content\/uploads\/2025\/08\/TACFC1_2-514x514.png","type":"image\/png"}],"twitter_card":"summary_large_image","schema":{"@context":"https:\/\/schema.org","@graph":[{"@type":"WebPage","@id":"https:\/\/adexa.ee\/toode\/200-tk-kraft-take-away-karp-130x110x64mm-adexa-tacfc1\/","url":"https:\/\/adexa.ee\/toode\/200-tk-kraft-take-away-karp-130x110x64mm-adexa-tacfc1\/","name":"200 tk Kraft Take Away karp 130x110x64mm | Adexa TACFC1 - Adexa \u2013 Suurk\u00f6\u00f6giseadmed restoranidele ja toitlustusele","isPartOf":{"@id":"https:\/\/adexa.ee\/#website"},"primaryImageOfPage":{"@id":"https:\/\/adexa.ee\/toode\/200-tk-kraft-take-away-karp-130x110x64mm-adexa-tacfc1\/#primaryimage"},"image":{"@id":"https:\/\/adexa.ee\/toode\/200-tk-kraft-take-away-karp-130x110x64mm-adexa-tacfc1\/#primaryimage"},"thumbnailUrl":"https:\/\/adexa.ee\/wp-content\/uploads\/2025\/08\/TACFC1_2.png","datePublished":"2026-03-26T09:45:36+00:00","dateModified":"2026-03-26T09:45:37+00:00","breadcrumb":{"@id":"https:\/\/adexa.ee\/toode\/200-tk-kraft-take-away-karp-130x110x64mm-adexa-tacfc1\/#breadcrumb"},"inLanguage":"en-US","potentialAction":[{"@type":"ReadAction","target":["https:\/\/adexa.ee\/toode\/200-tk-kraft-take-away-karp-130x110x64mm-adexa-tacfc1\/"]}]},{"@type":"ImageObject","inLanguage":"en-US","@id":"https:\/\/adexa.ee\/toode\/200-tk-kraft-take-away-karp-130x110x64mm-adexa-tacfc1\/#primaryimage","url":"https:\/\/adexa.ee\/wp-content\/uploads\/2025\/08\/TACFC1_2.png","contentUrl":"https:\/\/adexa.ee\/wp-content\/uploads\/2025\/08\/TACFC1_2.png","width":2000,"height":2000},{"@type":"BreadcrumbList","@id":"https:\/\/adexa.ee\/toode\/200-tk-kraft-take-away-karp-130x110x64mm-adexa-tacfc1\/#breadcrumb","itemListElement":[{"@type":"ListItem","position":1,"name":"Home","item":"https:\/\/adexa.ee\/"},{"@type":"ListItem","position":2,"name":"Tooted","item":"https:\/\/adexa.ee\/pood\/"},{"@type":"ListItem","position":3,"name":"200 tk Kraft Take Away karp 130x110x64mm | Adexa TACFC1"}]},{"@type":"WebSite","@id":"https:\/\/adexa.ee\/#website","url":"https:\/\/adexa.ee\/","name":"Adexa","description":"","publisher":{"@id":"https:\/\/adexa.ee\/#organization"},"potentialAction":[{"@type":"SearchAction","target":{"@type":"EntryPoint","urlTemplate":"https:\/\/adexa.ee\/?s={search_term_string}"},"query-input":{"@type":"PropertyValueSpecification","valueRequired":true,"valueName":"search_term_string"}}],"inLanguage":"en-US"},{"@type":"Organization","@id":"https:\/\/adexa.ee\/#organization","name":"Adexa","url":"https:\/\/adexa.ee\/","logo":{"@type":"ImageObject","inLanguage":"en-US","@id":"https:\/\/adexa.ee\/#\/schema\/logo\/image\/","url":"https:\/\/adexa.ee\/wp-content\/uploads\/2024\/04\/chef-cooks-working-in-professional-kitchen-2023-11-27-05-07-39-utc-scaled.jpg","contentUrl":"https:\/\/adexa.ee\/wp-content\/uploads\/2024\/04\/chef-cooks-working-in-professional-kitchen-2023-11-27-05-07-39-utc-scaled.jpg","width":2560,"height":1708,"caption":"Adexa"},"image":{"@id":"https:\/\/adexa.ee\/#\/schema\/logo\/image\/"}}]}},"_links":{"self":[{"href":"https:\/\/adexa.ee\/en\/wp-json\/wp\/v2\/product\/34424","targetHints":{"allow":["GET"]}}],"collection":[{"href":"https:\/\/adexa.ee\/en\/wp-json\/wp\/v2\/product"}],"about":[{"href":"https:\/\/adexa.ee\/en\/wp-json\/wp\/v2\/types\/product"}],"wp:featuredmedia":[{"embeddable":true,"href":"https:\/\/adexa.ee\/en\/wp-json\/wp\/v2\/media\/34426"}],"wp:attachment":[{"href":"https:\/\/adexa.ee\/en\/wp-json\/wp\/v2\/media?parent=34424"}],"wp:term":[{"taxonomy":"product_brand","embeddable":true,"href":"https:\/\/adexa.ee\/en\/wp-json\/wp\/v2\/product_brand?post=34424"},{"taxonomy":"product_cat","embeddable":true,"href":"https:\/\/adexa.ee\/en\/wp-json\/wp\/v2\/product_cat?post=34424"},{"taxonomy":"product_tag","embeddable":true,"href":"https:\/\/adexa.ee\/en\/wp-json\/wp\/v2\/product_tag?post=34424"}],"curies":[{"name":"wp","href":"https:\/\/api.w.org\/{rel}","templated":true}]}}