{"id":34527,"date":"2026-03-31T09:25:27","date_gmt":"2026-03-31T06:25:27","guid":{"rendered":"https:\/\/adexa.ee\/toode\/2-astmeline-kuumutatud-vitriin-650x464x645mm-lauapealne-adexa-hw2d2\/"},"modified":"2026-03-31T09:25:28","modified_gmt":"2026-03-31T06:25:28","slug":"2-astmeline-soojendusega-vitriin-650x464x645mm-lauapealne-adexa-hw2d2","status":"publish","type":"product","link":"https:\/\/adexa.ee\/en\/toode\/2-astmeline-soojendusega-vitriin-650x464x645mm-lauapealne-adexa-hw2d2\/","title":{"rendered":"2-astmeline Soojendusega Vitriin 650x464x645mm lauapealne | Adexa HW2D2"},"content":{"rendered":"<p>Ahvatlevalt reklaami oma kuumutatud pirukaid, taskupirukaid ja vorstirulle selle kuumava vitriiniga.&nbsp;Roostevabast terasest ja klaasist disain pakub sinu klientidele 360-kraadist vaadet sinu parimatele kuumutatud tootevalikutele, mis sobivad ideaalselt kohvikutele, toitlustusele, m\u00fc\u00fcgikohtadele, l\u00e4hikauplustele, pubidele &amp; baaridele, restoranidele &amp; kohvikutele, supermarketitele, delikatessidele ja teistele professionaalsetele toitlustusasutustele. Dokumentatsioon Kl\u00f5psa siin kasutusjuhendi allalaadimiseks Palun vaata jaotise &#8216;Spetsifikatsioon&#8217; alt t\u00e4psemat teavet.<\/p>\n<table style=\"border-collapse: collapse; width: 100%; text-align: left;\">\n<tbody>\n<tr>\n<td style=\"border: 1px solid #ddd; padding: 8px; width: 45%;\"><strong>S\u00fcgavus<\/strong><\/td>\n<td style=\"border: 1px solid #ddd; padding: 8px;\">464 mm<\/td>\n<\/tr>\n<tr>\n<td style=\"border: 1px solid #ddd; padding: 8px; width: 45%;\"><strong>K\u00f5rgus<\/strong><\/td>\n<td style=\"border: 1px solid #ddd; padding: 8px;\">646 mm<\/td>\n<\/tr>\n<tr>\n<td style=\"border: 1px solid #ddd; padding: 8px; width: 45%;\"><strong>Laius<\/strong><\/td>\n<td style=\"border: 1px solid #ddd; padding: 8px;\">650 mm<\/td>\n<\/tr>\n<tr>\n<td style=\"border: 1px solid #ddd; padding: 8px; width: 45%;\"><strong>Kaal<\/strong><\/td>\n<td style=\"border: 1px solid #ddd; padding: 8px;\">27 kg<\/td>\n<\/tr>\n<tr>\n<td style=\"border: 1px solid #ddd; padding: 8px; width: 45%;\"><strong>Garantii<\/strong><\/td>\n<td style=\"border: 1px solid #ddd; padding: 8px;\">12 kuu varuosade garantii<\/td>\n<\/tr>\n<tr>\n<td style=\"border: 1px solid #ddd; padding: 8px; width: 45%;\"><strong>Mahutavus<\/strong><\/td>\n<td style=\"border: 1px solid #ddd; padding: 8px;\">0,5 m\u00b2<\/td>\n<\/tr>\n<tr>\n<td style=\"border: 1px solid #ddd; padding: 8px; width: 45%;\"><strong>Toiteallikas<\/strong><\/td>\n<td style=\"border: 1px solid #ddd; padding: 8px;\">230V \/ 1 faas<\/td>\n<\/tr>\n<tr>\n<td style=\"border: 1px solid #ddd; padding: 8px; width: 45%;\"><strong>V\u00f5imsus<\/strong><\/td>\n<td style=\"border: 1px solid #ddd; padding: 8px;\">540W<\/td>\n<\/tr>\n<tr>\n<td style=\"border: 1px solid #ddd; padding: 8px; width: 45%;\"><strong>Uksed<\/strong><\/td>\n<td style=\"border: 1px solid #ddd; padding: 8px;\">2 t\u00f5stetavat ust<\/td>\n<\/tr>\n<tr>\n<td style=\"border: 1px solid #ddd; padding: 8px; width: 45%;\"><strong>Riiulid<\/strong><\/td>\n<td style=\"border: 1px solid #ddd; padding: 8px;\">2<\/td>\n<\/tr>\n<tr>\n<td style=\"border: 1px solid #ddd; padding: 8px; width: 45%;\"><strong>Temperatuur<\/strong><\/td>\n<td style=\"border: 1px solid #ddd; padding: 8px;\">+30 \u00b0C kuni +85 \u00b0C<\/td>\n<\/tr>\n<tr>\n<td style=\"border: 1px solid #ddd; padding: 8px; width: 45%;\"><strong>Valgustus<\/strong><\/td>\n<td style=\"border: 1px solid #ddd; padding: 8px;\">LED<\/td>\n<\/tr>\n<\/tbody>\n<\/table>\n","protected":false},"excerpt":{"rendered":"<p>Ahvatlevalt reklaami oma kuumutatud pirukaid, taskupirukaid ja vorstirulle selle kuumava vitriiniga.&nbsp;Roostevabast terasest ja klaasist disain pakub sinu klientidele 360-kraadist vaadet<\/p>\n","protected":false},"featured_media":34529,"template":"","meta":[],"product_brand":[],"product_cat":[557,830,839,884,586,558],"product_tag":[],"class_list":{"0":"post-34527","1":"product","2":"type-product","3":"status-publish","4":"has-post-thumbnail","6":"product_cat-kupsetusseadmed","7":"product_cat-kuumvitriinid","8":"product_cat-kuumutatud-muuginaituvad","9":"product_cat-lauapealsed-kuumad-vitriinid","10":"product_cat-serveerimine","11":"product_cat-toidu-soojendamine","13":"first","14":"instock","15":"sale","16":"taxable","17":"shipping-taxable","18":"purchasable","19":"product-type-simple"},"yoast_head":"<!-- This site is optimized with the Yoast SEO plugin v27.3 - https:\/\/yoast.com\/product\/yoast-seo-wordpress\/ -->\n<title>2-astmeline Soojendusega Vitriin 650x464x645mm lauapealne | Adexa HW2D2 - Adexa \u2013 Suurk\u00f6\u00f6giseadmed restoranidele ja toitlustusele<\/title>\n<meta name=\"robots\" content=\"index, follow, max-snippet:-1, max-image-preview:large, max-video-preview:-1\" \/>\n<link rel=\"canonical\" href=\"https:\/\/adexa.ee\/toode\/2-astmeline-soojendusega-vitriin-650x464x645mm-lauapealne-adexa-hw2d2\/\" \/>\n<meta property=\"og:locale\" content=\"en_US\" \/>\n<meta property=\"og:type\" content=\"article\" \/>\n<meta property=\"og:title\" content=\"2-astmeline Soojendusega Vitriin 650x464x645mm lauapealne | Adexa HW2D2 - Adexa \u2013 Suurk\u00f6\u00f6giseadmed restoranidele ja toitlustusele\" \/>\n<meta property=\"og:description\" content=\"Ahvatlevalt reklaami oma kuumutatud pirukaid, taskupirukaid ja vorstirulle selle kuumava vitriiniga.&nbsp;Roostevabast terasest ja klaasist disain pakub sinu klientidele 360-kraadist vaadet\" \/>\n<meta property=\"og:url\" content=\"https:\/\/adexa.ee\/toode\/2-astmeline-soojendusega-vitriin-650x464x645mm-lauapealne-adexa-hw2d2\/\" \/>\n<meta property=\"og:site_name\" content=\"Adexa \u2013 Suurk\u00f6\u00f6giseadmed restoranidele ja toitlustusele\" \/>\n<meta property=\"article:modified_time\" content=\"2026-03-31T06:25:28+00:00\" \/>\n<meta property=\"og:image\" content=\"https:\/\/adexa.ee\/wp-content\/uploads\/2025\/08\/HW2D2-scaled.jpg\" \/>\n\t<meta property=\"og:image:width\" content=\"2560\" \/>\n\t<meta property=\"og:image:height\" content=\"2560\" \/>\n\t<meta property=\"og:image:type\" content=\"image\/jpeg\" \/>\n<meta name=\"twitter:card\" content=\"summary_large_image\" \/>\n<script type=\"application\/ld+json\" class=\"yoast-schema-graph\">{\"@context\":\"https:\\\/\\\/schema.org\",\"@graph\":[{\"@type\":\"WebPage\",\"@id\":\"https:\\\/\\\/adexa.ee\\\/toode\\\/2-astmeline-soojendusega-vitriin-650x464x645mm-lauapealne-adexa-hw2d2\\\/\",\"url\":\"https:\\\/\\\/adexa.ee\\\/toode\\\/2-astmeline-soojendusega-vitriin-650x464x645mm-lauapealne-adexa-hw2d2\\\/\",\"name\":\"2-astmeline Soojendusega Vitriin 650x464x645mm lauapealne | Adexa HW2D2 - Adexa \u2013 Suurk\u00f6\u00f6giseadmed restoranidele ja toitlustusele\",\"isPartOf\":{\"@id\":\"https:\\\/\\\/adexa.ee\\\/#website\"},\"primaryImageOfPage\":{\"@id\":\"https:\\\/\\\/adexa.ee\\\/toode\\\/2-astmeline-soojendusega-vitriin-650x464x645mm-lauapealne-adexa-hw2d2\\\/#primaryimage\"},\"image\":{\"@id\":\"https:\\\/\\\/adexa.ee\\\/toode\\\/2-astmeline-soojendusega-vitriin-650x464x645mm-lauapealne-adexa-hw2d2\\\/#primaryimage\"},\"thumbnailUrl\":\"https:\\\/\\\/adexa.ee\\\/wp-content\\\/uploads\\\/2025\\\/08\\\/HW2D2-scaled.jpg\",\"datePublished\":\"2026-03-31T06:25:27+00:00\",\"dateModified\":\"2026-03-31T06:25:28+00:00\",\"breadcrumb\":{\"@id\":\"https:\\\/\\\/adexa.ee\\\/toode\\\/2-astmeline-soojendusega-vitriin-650x464x645mm-lauapealne-adexa-hw2d2\\\/#breadcrumb\"},\"inLanguage\":\"en-US\",\"potentialAction\":[{\"@type\":\"ReadAction\",\"target\":[\"https:\\\/\\\/adexa.ee\\\/toode\\\/2-astmeline-soojendusega-vitriin-650x464x645mm-lauapealne-adexa-hw2d2\\\/\"]}]},{\"@type\":\"ImageObject\",\"inLanguage\":\"en-US\",\"@id\":\"https:\\\/\\\/adexa.ee\\\/toode\\\/2-astmeline-soojendusega-vitriin-650x464x645mm-lauapealne-adexa-hw2d2\\\/#primaryimage\",\"url\":\"https:\\\/\\\/adexa.ee\\\/wp-content\\\/uploads\\\/2025\\\/08\\\/HW2D2-scaled.jpg\",\"contentUrl\":\"https:\\\/\\\/adexa.ee\\\/wp-content\\\/uploads\\\/2025\\\/08\\\/HW2D2-scaled.jpg\",\"width\":2560,\"height\":2560},{\"@type\":\"BreadcrumbList\",\"@id\":\"https:\\\/\\\/adexa.ee\\\/toode\\\/2-astmeline-soojendusega-vitriin-650x464x645mm-lauapealne-adexa-hw2d2\\\/#breadcrumb\",\"itemListElement\":[{\"@type\":\"ListItem\",\"position\":1,\"name\":\"Home\",\"item\":\"https:\\\/\\\/adexa.ee\\\/\"},{\"@type\":\"ListItem\",\"position\":2,\"name\":\"Tooted\",\"item\":\"https:\\\/\\\/adexa.ee\\\/pood\\\/\"},{\"@type\":\"ListItem\",\"position\":3,\"name\":\"2-astmeline Soojendusega Vitriin 650x464x645mm lauapealne | Adexa HW2D2\"}]},{\"@type\":\"WebSite\",\"@id\":\"https:\\\/\\\/adexa.ee\\\/#website\",\"url\":\"https:\\\/\\\/adexa.ee\\\/\",\"name\":\"Adexa\",\"description\":\"\",\"publisher\":{\"@id\":\"https:\\\/\\\/adexa.ee\\\/#organization\"},\"potentialAction\":[{\"@type\":\"SearchAction\",\"target\":{\"@type\":\"EntryPoint\",\"urlTemplate\":\"https:\\\/\\\/adexa.ee\\\/?s={search_term_string}\"},\"query-input\":{\"@type\":\"PropertyValueSpecification\",\"valueRequired\":true,\"valueName\":\"search_term_string\"}}],\"inLanguage\":\"en-US\"},{\"@type\":\"Organization\",\"@id\":\"https:\\\/\\\/adexa.ee\\\/#organization\",\"name\":\"Adexa\",\"url\":\"https:\\\/\\\/adexa.ee\\\/\",\"logo\":{\"@type\":\"ImageObject\",\"inLanguage\":\"en-US\",\"@id\":\"https:\\\/\\\/adexa.ee\\\/#\\\/schema\\\/logo\\\/image\\\/\",\"url\":\"https:\\\/\\\/adexa.ee\\\/wp-content\\\/uploads\\\/2024\\\/04\\\/chef-cooks-working-in-professional-kitchen-2023-11-27-05-07-39-utc-scaled.jpg\",\"contentUrl\":\"https:\\\/\\\/adexa.ee\\\/wp-content\\\/uploads\\\/2024\\\/04\\\/chef-cooks-working-in-professional-kitchen-2023-11-27-05-07-39-utc-scaled.jpg\",\"width\":2560,\"height\":1708,\"caption\":\"Adexa\"},\"image\":{\"@id\":\"https:\\\/\\\/adexa.ee\\\/#\\\/schema\\\/logo\\\/image\\\/\"}}]}<\/script>\n<!-- \/ Yoast SEO plugin. -->","yoast_head_json":{"title":"2-astmeline Soojendusega Vitriin 650x464x645mm lauapealne | Adexa HW2D2 - Adexa \u2013 Suurk\u00f6\u00f6giseadmed restoranidele ja toitlustusele","robots":{"index":"index","follow":"follow","max-snippet":"max-snippet:-1","max-image-preview":"max-image-preview:large","max-video-preview":"max-video-preview:-1"},"canonical":"https:\/\/adexa.ee\/toode\/2-astmeline-soojendusega-vitriin-650x464x645mm-lauapealne-adexa-hw2d2\/","og_locale":"en_US","og_type":"article","og_title":"2-astmeline Soojendusega Vitriin 650x464x645mm lauapealne | Adexa HW2D2 - Adexa \u2013 Suurk\u00f6\u00f6giseadmed restoranidele ja toitlustusele","og_description":"Ahvatlevalt reklaami oma kuumutatud pirukaid, taskupirukaid ja vorstirulle selle kuumava vitriiniga.&nbsp;Roostevabast terasest ja klaasist disain pakub sinu klientidele 360-kraadist vaadet","og_url":"https:\/\/adexa.ee\/toode\/2-astmeline-soojendusega-vitriin-650x464x645mm-lauapealne-adexa-hw2d2\/","og_site_name":"Adexa \u2013 Suurk\u00f6\u00f6giseadmed restoranidele ja toitlustusele","article_modified_time":"2026-03-31T06:25:28+00:00","og_image":[{"width":2560,"height":2560,"url":"https:\/\/adexa.ee\/wp-content\/uploads\/2025\/08\/HW2D2-scaled.jpg","type":"image\/jpeg"}],"twitter_card":"summary_large_image","schema":{"@context":"https:\/\/schema.org","@graph":[{"@type":"WebPage","@id":"https:\/\/adexa.ee\/toode\/2-astmeline-soojendusega-vitriin-650x464x645mm-lauapealne-adexa-hw2d2\/","url":"https:\/\/adexa.ee\/toode\/2-astmeline-soojendusega-vitriin-650x464x645mm-lauapealne-adexa-hw2d2\/","name":"2-astmeline Soojendusega Vitriin 650x464x645mm lauapealne | Adexa HW2D2 - Adexa \u2013 Suurk\u00f6\u00f6giseadmed restoranidele ja toitlustusele","isPartOf":{"@id":"https:\/\/adexa.ee\/#website"},"primaryImageOfPage":{"@id":"https:\/\/adexa.ee\/toode\/2-astmeline-soojendusega-vitriin-650x464x645mm-lauapealne-adexa-hw2d2\/#primaryimage"},"image":{"@id":"https:\/\/adexa.ee\/toode\/2-astmeline-soojendusega-vitriin-650x464x645mm-lauapealne-adexa-hw2d2\/#primaryimage"},"thumbnailUrl":"https:\/\/adexa.ee\/wp-content\/uploads\/2025\/08\/HW2D2-scaled.jpg","datePublished":"2026-03-31T06:25:27+00:00","dateModified":"2026-03-31T06:25:28+00:00","breadcrumb":{"@id":"https:\/\/adexa.ee\/toode\/2-astmeline-soojendusega-vitriin-650x464x645mm-lauapealne-adexa-hw2d2\/#breadcrumb"},"inLanguage":"en-US","potentialAction":[{"@type":"ReadAction","target":["https:\/\/adexa.ee\/toode\/2-astmeline-soojendusega-vitriin-650x464x645mm-lauapealne-adexa-hw2d2\/"]}]},{"@type":"ImageObject","inLanguage":"en-US","@id":"https:\/\/adexa.ee\/toode\/2-astmeline-soojendusega-vitriin-650x464x645mm-lauapealne-adexa-hw2d2\/#primaryimage","url":"https:\/\/adexa.ee\/wp-content\/uploads\/2025\/08\/HW2D2-scaled.jpg","contentUrl":"https:\/\/adexa.ee\/wp-content\/uploads\/2025\/08\/HW2D2-scaled.jpg","width":2560,"height":2560},{"@type":"BreadcrumbList","@id":"https:\/\/adexa.ee\/toode\/2-astmeline-soojendusega-vitriin-650x464x645mm-lauapealne-adexa-hw2d2\/#breadcrumb","itemListElement":[{"@type":"ListItem","position":1,"name":"Home","item":"https:\/\/adexa.ee\/"},{"@type":"ListItem","position":2,"name":"Tooted","item":"https:\/\/adexa.ee\/pood\/"},{"@type":"ListItem","position":3,"name":"2-astmeline Soojendusega Vitriin 650x464x645mm lauapealne | Adexa HW2D2"}]},{"@type":"WebSite","@id":"https:\/\/adexa.ee\/#website","url":"https:\/\/adexa.ee\/","name":"Adexa","description":"","publisher":{"@id":"https:\/\/adexa.ee\/#organization"},"potentialAction":[{"@type":"SearchAction","target":{"@type":"EntryPoint","urlTemplate":"https:\/\/adexa.ee\/?s={search_term_string}"},"query-input":{"@type":"PropertyValueSpecification","valueRequired":true,"valueName":"search_term_string"}}],"inLanguage":"en-US"},{"@type":"Organization","@id":"https:\/\/adexa.ee\/#organization","name":"Adexa","url":"https:\/\/adexa.ee\/","logo":{"@type":"ImageObject","inLanguage":"en-US","@id":"https:\/\/adexa.ee\/#\/schema\/logo\/image\/","url":"https:\/\/adexa.ee\/wp-content\/uploads\/2024\/04\/chef-cooks-working-in-professional-kitchen-2023-11-27-05-07-39-utc-scaled.jpg","contentUrl":"https:\/\/adexa.ee\/wp-content\/uploads\/2024\/04\/chef-cooks-working-in-professional-kitchen-2023-11-27-05-07-39-utc-scaled.jpg","width":2560,"height":1708,"caption":"Adexa"},"image":{"@id":"https:\/\/adexa.ee\/#\/schema\/logo\/image\/"}}]}},"_links":{"self":[{"href":"https:\/\/adexa.ee\/en\/wp-json\/wp\/v2\/product\/34527","targetHints":{"allow":["GET"]}}],"collection":[{"href":"https:\/\/adexa.ee\/en\/wp-json\/wp\/v2\/product"}],"about":[{"href":"https:\/\/adexa.ee\/en\/wp-json\/wp\/v2\/types\/product"}],"wp:featuredmedia":[{"embeddable":true,"href":"https:\/\/adexa.ee\/en\/wp-json\/wp\/v2\/media\/34529"}],"wp:attachment":[{"href":"https:\/\/adexa.ee\/en\/wp-json\/wp\/v2\/media?parent=34527"}],"wp:term":[{"taxonomy":"product_brand","embeddable":true,"href":"https:\/\/adexa.ee\/en\/wp-json\/wp\/v2\/product_brand?post=34527"},{"taxonomy":"product_cat","embeddable":true,"href":"https:\/\/adexa.ee\/en\/wp-json\/wp\/v2\/product_cat?post=34527"},{"taxonomy":"product_tag","embeddable":true,"href":"https:\/\/adexa.ee\/en\/wp-json\/wp\/v2\/product_tag?post=34527"}],"curies":[{"name":"wp","href":"https:\/\/api.w.org\/{rel}","templated":true}]}}