{"id":34530,"date":"2026-03-27T15:35:11","date_gmt":"2026-03-27T13:35:11","guid":{"rendered":"https:\/\/adexa.ee\/toode\/professionaalne-gelato-ja-jaatise-serviiriraamat-7-anumat-kumer-esiosa-must-adexa-dw7rb\/"},"modified":"2026-03-27T15:35:12","modified_gmt":"2026-03-27T13:35:12","slug":"professionaalne-gelato-ja-jaatise-serveerimislett-7-anumat-kumer-esiosa-must-adexa-dw7rb","status":"publish","type":"product","link":"https:\/\/adexa.ee\/en\/toode\/professionaalne-gelato-ja-jaatise-serveerimislett-7-anumat-kumer-esiosa-must-adexa-dw7rb\/","title":{"rendered":"Professionaalne Gelato ja J\u00e4\u00e4tise Serveerimislett 7 anumat Kumer esiosa Must | Adexa DW7RB"},"content":{"rendered":"<p>Hoidke ja esitlege j\u00e4\u00e4tist atraktiivselt selle stiilse j\u00e4\u00e4tise vitriiniga. Vitriinil on vastupidav ja atraktiivne anodeeritud alumiiniumist ja klaasist konstruktsioon, mis muudab selle h\u00fcgieeniliseks ja h\u00f5lpsasti ligip\u00e4\u00e4setavaks teenindamiseks. Teil on v\u00f5imalik kaunilt esitada, korraldada ja m\u00fc\u00fca mitmesuguseid maitsvaid gelato pakkumisi.<\/p>\n<table style=\"border-collapse: collapse; width: 100%; text-align: left;\">\n<tbody>\n<tr>\n<td style=\"border: 1px solid #ddd; padding: 8px; width: 45%;\"><strong>S\u00fcgavus<\/strong><\/td>\n<td style=\"border: 1px solid #ddd; padding: 8px;\">850mm<\/td>\n<\/tr>\n<tr>\n<td style=\"border: 1px solid #ddd; padding: 8px; width: 45%;\"><strong>K\u00f5rgus<\/strong><\/td>\n<td style=\"border: 1px solid #ddd; padding: 8px;\">1300 mm<\/td>\n<\/tr>\n<tr>\n<td style=\"border: 1px solid #ddd; padding: 8px; width: 45%;\"><strong>Laius<\/strong><\/td>\n<td style=\"border: 1px solid #ddd; padding: 8px;\">1052 mm<\/td>\n<\/tr>\n<tr>\n<td style=\"border: 1px solid #ddd; padding: 8px; width: 45%;\"><strong>Versioon<\/strong><\/td>\n<td style=\"border: 1px solid #ddd; padding: 8px;\">Kumer esiosa<\/td>\n<\/tr>\n<tr>\n<td style=\"border: 1px solid #ddd; padding: 8px; width: 45%;\"><strong>Mahutavus<\/strong><\/td>\n<td style=\"border: 1px solid #ddd; padding: 8px;\">7 vannit\u00e4it<\/td>\n<\/tr>\n<tr>\n<td style=\"border: 1px solid #ddd; padding: 8px; width: 45%;\"><strong>Toiteallikas<\/strong><\/td>\n<td style=\"border: 1px solid #ddd; padding: 8px;\">230V \/ 1 faas<\/td>\n<\/tr>\n<tr>\n<td style=\"border: 1px solid #ddd; padding: 8px; width: 45%;\"><strong>V\u00e4rv<\/strong><\/td>\n<td style=\"border: 1px solid #ddd; padding: 8px;\">Must<\/td>\n<\/tr>\n<tr>\n<td style=\"border: 1px solid #ddd; padding: 8px; width: 45%;\"><strong>Jahutamine<\/strong><\/td>\n<td style=\"border: 1px solid #ddd; padding: 8px;\">Ventileeritud<\/td>\n<\/tr>\n<tr>\n<td style=\"border: 1px solid #ddd; padding: 8px; width: 45%;\"><strong>K\u00fclmaaine<\/strong><\/td>\n<td style=\"border: 1px solid #ddd; padding: 8px;\">R290a<\/td>\n<\/tr>\n<tr>\n<td style=\"border: 1px solid #ddd; padding: 8px; width: 45%;\"><strong>Temperatuur<\/strong><\/td>\n<td style=\"border: 1px solid #ddd; padding: 8px;\">-12\u00b0C kuni -22\u00b0C<\/td>\n<\/tr>\n<tr>\n<td style=\"border: 1px solid #ddd; padding: 8px; width: 45%;\"><strong>Valgustus<\/strong><\/td>\n<td style=\"border: 1px solid #ddd; padding: 8px;\">Jah<\/td>\n<\/tr>\n<tr>\n<td style=\"border: 1px solid #ddd; padding: 8px; width: 45%;\"><strong>V\u00f5imsuse tarbimine<\/strong><\/td>\n<td style=\"border: 1px solid #ddd; padding: 8px;\">4142 kWh\/aastas<\/td>\n<\/tr>\n<tr>\n<td style=\"border: 1px solid #ddd; padding: 8px; width: 45%;\"><strong>Ekraani pindala (m2)<\/strong><\/td>\n<td style=\"border: 1px solid #ddd; padding: 8px;\">1,6<\/td>\n<\/tr>\n<\/tbody>\n<\/table>\n","protected":false},"excerpt":{"rendered":"<p>Hoidke ja esitlege j\u00e4\u00e4tist atraktiivselt selle stiilse j\u00e4\u00e4tise vitriiniga. Vitriinil on vastupidav ja atraktiivne anodeeritud alumiiniumist ja klaasist konstruktsioon, mis<\/p>\n","protected":false},"featured_media":34532,"template":"","meta":[],"product_brand":[],"product_cat":[961,963,4022,848,564,677],"product_tag":[],"class_list":{"0":"post-34530","1":"product","2":"type-product","3":"status-publish","4":"has-post-thumbnail","6":"product_cat-deli-displei-letid-jahutusega","7":"product_cat-jaatise-vitriinid","8":"product_cat-tavalised-klaasletti","9":"product_cat-jaatise-ja-kulmutatud-jogurti-masinad","10":"product_cat-jahutusseadmed","11":"product_cat-kulmikud","13":"first","14":"instock","15":"sale","16":"taxable","17":"shipping-taxable","18":"purchasable","19":"product-type-simple"},"yoast_head":"<!-- This site is optimized with the Yoast SEO plugin v27.3 - https:\/\/yoast.com\/product\/yoast-seo-wordpress\/ -->\n<title>Professionaalne Gelato ja J\u00e4\u00e4tise Serveerimislett 7 anumat Kumer esiosa Must | Adexa DW7RB - Adexa \u2013 Suurk\u00f6\u00f6giseadmed restoranidele ja toitlustusele<\/title>\n<meta name=\"robots\" content=\"index, follow, max-snippet:-1, max-image-preview:large, max-video-preview:-1\" \/>\n<link rel=\"canonical\" href=\"https:\/\/adexa.ee\/toode\/professionaalne-gelato-ja-jaatise-serveerimislett-7-anumat-kumer-esiosa-must-adexa-dw7rb\/\" \/>\n<meta property=\"og:locale\" content=\"en_US\" \/>\n<meta property=\"og:type\" content=\"article\" \/>\n<meta property=\"og:title\" content=\"Professionaalne Gelato ja J\u00e4\u00e4tise Serveerimislett 7 anumat Kumer esiosa Must | Adexa DW7RB - Adexa \u2013 Suurk\u00f6\u00f6giseadmed restoranidele ja toitlustusele\" \/>\n<meta property=\"og:description\" content=\"Hoidke ja esitlege j\u00e4\u00e4tist atraktiivselt selle stiilse j\u00e4\u00e4tise vitriiniga. Vitriinil on vastupidav ja atraktiivne anodeeritud alumiiniumist ja klaasist konstruktsioon, mis\" \/>\n<meta property=\"og:url\" content=\"https:\/\/adexa.ee\/toode\/professionaalne-gelato-ja-jaatise-serveerimislett-7-anumat-kumer-esiosa-must-adexa-dw7rb\/\" \/>\n<meta property=\"og:site_name\" content=\"Adexa \u2013 Suurk\u00f6\u00f6giseadmed restoranidele ja toitlustusele\" \/>\n<meta property=\"article:modified_time\" content=\"2026-03-27T13:35:12+00:00\" \/>\n<meta property=\"og:image\" content=\"https:\/\/adexa.ee\/wp-content\/uploads\/2025\/08\/DW7RB-scaled.jpg\" \/>\n\t<meta property=\"og:image:width\" content=\"2560\" \/>\n\t<meta property=\"og:image:height\" content=\"2560\" \/>\n\t<meta property=\"og:image:type\" content=\"image\/jpeg\" \/>\n<meta name=\"twitter:card\" content=\"summary_large_image\" \/>\n<script type=\"application\/ld+json\" class=\"yoast-schema-graph\">{\"@context\":\"https:\\\/\\\/schema.org\",\"@graph\":[{\"@type\":\"WebPage\",\"@id\":\"https:\\\/\\\/adexa.ee\\\/toode\\\/professionaalne-gelato-ja-jaatise-serveerimislett-7-anumat-kumer-esiosa-must-adexa-dw7rb\\\/\",\"url\":\"https:\\\/\\\/adexa.ee\\\/toode\\\/professionaalne-gelato-ja-jaatise-serveerimislett-7-anumat-kumer-esiosa-must-adexa-dw7rb\\\/\",\"name\":\"Professionaalne Gelato ja J\u00e4\u00e4tise Serveerimislett 7 anumat Kumer esiosa Must | Adexa DW7RB - Adexa \u2013 Suurk\u00f6\u00f6giseadmed restoranidele ja toitlustusele\",\"isPartOf\":{\"@id\":\"https:\\\/\\\/adexa.ee\\\/#website\"},\"primaryImageOfPage\":{\"@id\":\"https:\\\/\\\/adexa.ee\\\/toode\\\/professionaalne-gelato-ja-jaatise-serveerimislett-7-anumat-kumer-esiosa-must-adexa-dw7rb\\\/#primaryimage\"},\"image\":{\"@id\":\"https:\\\/\\\/adexa.ee\\\/toode\\\/professionaalne-gelato-ja-jaatise-serveerimislett-7-anumat-kumer-esiosa-must-adexa-dw7rb\\\/#primaryimage\"},\"thumbnailUrl\":\"https:\\\/\\\/adexa.ee\\\/wp-content\\\/uploads\\\/2025\\\/08\\\/DW7RB-scaled.jpg\",\"datePublished\":\"2026-03-27T13:35:11+00:00\",\"dateModified\":\"2026-03-27T13:35:12+00:00\",\"breadcrumb\":{\"@id\":\"https:\\\/\\\/adexa.ee\\\/toode\\\/professionaalne-gelato-ja-jaatise-serveerimislett-7-anumat-kumer-esiosa-must-adexa-dw7rb\\\/#breadcrumb\"},\"inLanguage\":\"en-US\",\"potentialAction\":[{\"@type\":\"ReadAction\",\"target\":[\"https:\\\/\\\/adexa.ee\\\/toode\\\/professionaalne-gelato-ja-jaatise-serveerimislett-7-anumat-kumer-esiosa-must-adexa-dw7rb\\\/\"]}]},{\"@type\":\"ImageObject\",\"inLanguage\":\"en-US\",\"@id\":\"https:\\\/\\\/adexa.ee\\\/toode\\\/professionaalne-gelato-ja-jaatise-serveerimislett-7-anumat-kumer-esiosa-must-adexa-dw7rb\\\/#primaryimage\",\"url\":\"https:\\\/\\\/adexa.ee\\\/wp-content\\\/uploads\\\/2025\\\/08\\\/DW7RB-scaled.jpg\",\"contentUrl\":\"https:\\\/\\\/adexa.ee\\\/wp-content\\\/uploads\\\/2025\\\/08\\\/DW7RB-scaled.jpg\",\"width\":2560,\"height\":2560},{\"@type\":\"BreadcrumbList\",\"@id\":\"https:\\\/\\\/adexa.ee\\\/toode\\\/professionaalne-gelato-ja-jaatise-serveerimislett-7-anumat-kumer-esiosa-must-adexa-dw7rb\\\/#breadcrumb\",\"itemListElement\":[{\"@type\":\"ListItem\",\"position\":1,\"name\":\"Home\",\"item\":\"https:\\\/\\\/adexa.ee\\\/\"},{\"@type\":\"ListItem\",\"position\":2,\"name\":\"Tooted\",\"item\":\"https:\\\/\\\/adexa.ee\\\/pood\\\/\"},{\"@type\":\"ListItem\",\"position\":3,\"name\":\"Professionaalne Gelato ja J\u00e4\u00e4tise Serveerimislett 7 anumat Kumer esiosa Must | Adexa DW7RB\"}]},{\"@type\":\"WebSite\",\"@id\":\"https:\\\/\\\/adexa.ee\\\/#website\",\"url\":\"https:\\\/\\\/adexa.ee\\\/\",\"name\":\"Adexa\",\"description\":\"\",\"publisher\":{\"@id\":\"https:\\\/\\\/adexa.ee\\\/#organization\"},\"potentialAction\":[{\"@type\":\"SearchAction\",\"target\":{\"@type\":\"EntryPoint\",\"urlTemplate\":\"https:\\\/\\\/adexa.ee\\\/?s={search_term_string}\"},\"query-input\":{\"@type\":\"PropertyValueSpecification\",\"valueRequired\":true,\"valueName\":\"search_term_string\"}}],\"inLanguage\":\"en-US\"},{\"@type\":\"Organization\",\"@id\":\"https:\\\/\\\/adexa.ee\\\/#organization\",\"name\":\"Adexa\",\"url\":\"https:\\\/\\\/adexa.ee\\\/\",\"logo\":{\"@type\":\"ImageObject\",\"inLanguage\":\"en-US\",\"@id\":\"https:\\\/\\\/adexa.ee\\\/#\\\/schema\\\/logo\\\/image\\\/\",\"url\":\"https:\\\/\\\/adexa.ee\\\/wp-content\\\/uploads\\\/2024\\\/04\\\/chef-cooks-working-in-professional-kitchen-2023-11-27-05-07-39-utc-scaled.jpg\",\"contentUrl\":\"https:\\\/\\\/adexa.ee\\\/wp-content\\\/uploads\\\/2024\\\/04\\\/chef-cooks-working-in-professional-kitchen-2023-11-27-05-07-39-utc-scaled.jpg\",\"width\":2560,\"height\":1708,\"caption\":\"Adexa\"},\"image\":{\"@id\":\"https:\\\/\\\/adexa.ee\\\/#\\\/schema\\\/logo\\\/image\\\/\"}}]}<\/script>\n<!-- \/ Yoast SEO plugin. -->","yoast_head_json":{"title":"Professionaalne Gelato ja J\u00e4\u00e4tise Serveerimislett 7 anumat Kumer esiosa Must | Adexa DW7RB - Adexa \u2013 Suurk\u00f6\u00f6giseadmed restoranidele ja toitlustusele","robots":{"index":"index","follow":"follow","max-snippet":"max-snippet:-1","max-image-preview":"max-image-preview:large","max-video-preview":"max-video-preview:-1"},"canonical":"https:\/\/adexa.ee\/toode\/professionaalne-gelato-ja-jaatise-serveerimislett-7-anumat-kumer-esiosa-must-adexa-dw7rb\/","og_locale":"en_US","og_type":"article","og_title":"Professionaalne Gelato ja J\u00e4\u00e4tise Serveerimislett 7 anumat Kumer esiosa Must | Adexa DW7RB - Adexa \u2013 Suurk\u00f6\u00f6giseadmed restoranidele ja toitlustusele","og_description":"Hoidke ja esitlege j\u00e4\u00e4tist atraktiivselt selle stiilse j\u00e4\u00e4tise vitriiniga. Vitriinil on vastupidav ja atraktiivne anodeeritud alumiiniumist ja klaasist konstruktsioon, mis","og_url":"https:\/\/adexa.ee\/toode\/professionaalne-gelato-ja-jaatise-serveerimislett-7-anumat-kumer-esiosa-must-adexa-dw7rb\/","og_site_name":"Adexa \u2013 Suurk\u00f6\u00f6giseadmed restoranidele ja toitlustusele","article_modified_time":"2026-03-27T13:35:12+00:00","og_image":[{"width":2560,"height":2560,"url":"https:\/\/adexa.ee\/wp-content\/uploads\/2025\/08\/DW7RB-scaled.jpg","type":"image\/jpeg"}],"twitter_card":"summary_large_image","schema":{"@context":"https:\/\/schema.org","@graph":[{"@type":"WebPage","@id":"https:\/\/adexa.ee\/toode\/professionaalne-gelato-ja-jaatise-serveerimislett-7-anumat-kumer-esiosa-must-adexa-dw7rb\/","url":"https:\/\/adexa.ee\/toode\/professionaalne-gelato-ja-jaatise-serveerimislett-7-anumat-kumer-esiosa-must-adexa-dw7rb\/","name":"Professionaalne Gelato ja J\u00e4\u00e4tise Serveerimislett 7 anumat Kumer esiosa Must | Adexa DW7RB - Adexa \u2013 Suurk\u00f6\u00f6giseadmed restoranidele ja toitlustusele","isPartOf":{"@id":"https:\/\/adexa.ee\/#website"},"primaryImageOfPage":{"@id":"https:\/\/adexa.ee\/toode\/professionaalne-gelato-ja-jaatise-serveerimislett-7-anumat-kumer-esiosa-must-adexa-dw7rb\/#primaryimage"},"image":{"@id":"https:\/\/adexa.ee\/toode\/professionaalne-gelato-ja-jaatise-serveerimislett-7-anumat-kumer-esiosa-must-adexa-dw7rb\/#primaryimage"},"thumbnailUrl":"https:\/\/adexa.ee\/wp-content\/uploads\/2025\/08\/DW7RB-scaled.jpg","datePublished":"2026-03-27T13:35:11+00:00","dateModified":"2026-03-27T13:35:12+00:00","breadcrumb":{"@id":"https:\/\/adexa.ee\/toode\/professionaalne-gelato-ja-jaatise-serveerimislett-7-anumat-kumer-esiosa-must-adexa-dw7rb\/#breadcrumb"},"inLanguage":"en-US","potentialAction":[{"@type":"ReadAction","target":["https:\/\/adexa.ee\/toode\/professionaalne-gelato-ja-jaatise-serveerimislett-7-anumat-kumer-esiosa-must-adexa-dw7rb\/"]}]},{"@type":"ImageObject","inLanguage":"en-US","@id":"https:\/\/adexa.ee\/toode\/professionaalne-gelato-ja-jaatise-serveerimislett-7-anumat-kumer-esiosa-must-adexa-dw7rb\/#primaryimage","url":"https:\/\/adexa.ee\/wp-content\/uploads\/2025\/08\/DW7RB-scaled.jpg","contentUrl":"https:\/\/adexa.ee\/wp-content\/uploads\/2025\/08\/DW7RB-scaled.jpg","width":2560,"height":2560},{"@type":"BreadcrumbList","@id":"https:\/\/adexa.ee\/toode\/professionaalne-gelato-ja-jaatise-serveerimislett-7-anumat-kumer-esiosa-must-adexa-dw7rb\/#breadcrumb","itemListElement":[{"@type":"ListItem","position":1,"name":"Home","item":"https:\/\/adexa.ee\/"},{"@type":"ListItem","position":2,"name":"Tooted","item":"https:\/\/adexa.ee\/pood\/"},{"@type":"ListItem","position":3,"name":"Professionaalne Gelato ja J\u00e4\u00e4tise Serveerimislett 7 anumat Kumer esiosa Must | Adexa DW7RB"}]},{"@type":"WebSite","@id":"https:\/\/adexa.ee\/#website","url":"https:\/\/adexa.ee\/","name":"Adexa","description":"","publisher":{"@id":"https:\/\/adexa.ee\/#organization"},"potentialAction":[{"@type":"SearchAction","target":{"@type":"EntryPoint","urlTemplate":"https:\/\/adexa.ee\/?s={search_term_string}"},"query-input":{"@type":"PropertyValueSpecification","valueRequired":true,"valueName":"search_term_string"}}],"inLanguage":"en-US"},{"@type":"Organization","@id":"https:\/\/adexa.ee\/#organization","name":"Adexa","url":"https:\/\/adexa.ee\/","logo":{"@type":"ImageObject","inLanguage":"en-US","@id":"https:\/\/adexa.ee\/#\/schema\/logo\/image\/","url":"https:\/\/adexa.ee\/wp-content\/uploads\/2024\/04\/chef-cooks-working-in-professional-kitchen-2023-11-27-05-07-39-utc-scaled.jpg","contentUrl":"https:\/\/adexa.ee\/wp-content\/uploads\/2024\/04\/chef-cooks-working-in-professional-kitchen-2023-11-27-05-07-39-utc-scaled.jpg","width":2560,"height":1708,"caption":"Adexa"},"image":{"@id":"https:\/\/adexa.ee\/#\/schema\/logo\/image\/"}}]}},"_links":{"self":[{"href":"https:\/\/adexa.ee\/en\/wp-json\/wp\/v2\/product\/34530","targetHints":{"allow":["GET"]}}],"collection":[{"href":"https:\/\/adexa.ee\/en\/wp-json\/wp\/v2\/product"}],"about":[{"href":"https:\/\/adexa.ee\/en\/wp-json\/wp\/v2\/types\/product"}],"wp:featuredmedia":[{"embeddable":true,"href":"https:\/\/adexa.ee\/en\/wp-json\/wp\/v2\/media\/34532"}],"wp:attachment":[{"href":"https:\/\/adexa.ee\/en\/wp-json\/wp\/v2\/media?parent=34530"}],"wp:term":[{"taxonomy":"product_brand","embeddable":true,"href":"https:\/\/adexa.ee\/en\/wp-json\/wp\/v2\/product_brand?post=34530"},{"taxonomy":"product_cat","embeddable":true,"href":"https:\/\/adexa.ee\/en\/wp-json\/wp\/v2\/product_cat?post=34530"},{"taxonomy":"product_tag","embeddable":true,"href":"https:\/\/adexa.ee\/en\/wp-json\/wp\/v2\/product_tag?post=34530"}],"curies":[{"name":"wp","href":"https:\/\/api.w.org\/{rel}","templated":true}]}}