{"id":34560,"date":"2026-03-26T11:45:42","date_gmt":"2026-03-26T09:45:42","guid":{"rendered":"https:\/\/adexa.ee\/toode\/roostevabast-terasest-riiulisusteem-ruudukujuliste-jalgadega-ja-4-riiuliga-adexa-qhss1505\/"},"modified":"2026-03-26T11:45:45","modified_gmt":"2026-03-26T09:45:45","slug":"roostevabast-terasest-riiulisusteem-ruudukujuliste-jalgadega-ja-4-riiuliga-adexa-qhss1505","status":"publish","type":"product","link":"https:\/\/adexa.ee\/en\/toode\/roostevabast-terasest-riiulisusteem-ruudukujuliste-jalgadega-ja-4-riiuliga-adexa-qhss1505\/","title":{"rendered":"Roostevabast terasest riiulis\u00fcsteem ruudukujuliste jalgadega ja 4 riiuliga | Adexa QHSS1505"},"content":{"rendered":"<p>See tugeva konstruktsiooniga t\u00e4isterast kommertsriiulis\u00fcsteem on ideaalne hoiualadele, restoranik\u00f6\u00f6kidesse v\u00f5i \u00fcksk\u00f5ik millisele t\u00fchjale seinale, kus oleks vaja lisaruumi. T\u00f6\u00f6stusliku kvaliteediga riiulis\u00fcsteem on valmistatud vastupidavast roostevabast terasest, et tagada maksimaalne vastupidavus. Kas teil on restoran, ladu, haigla v\u00f5i hotell, see riiulikomplekt vastab kindlasti teie vajadustele. Iga tugevdatud riiul on testitud kannatama kuni 200 kg \u00fchtlaselt jaotatud kaalu. T\u00e4psema teabe saamiseks vaadake &#8220;Spetsifikatsioonide&#8221; alt.<\/p>\n<table style=\"border-collapse: collapse; width: 100%; text-align: left;\">\n<tbody>\n<tr>\n<td style=\"border: 1px solid #ddd; padding: 8px; width: 45%;\"><strong>S\u00fcgavus<\/strong><\/td>\n<td style=\"border: 1px solid #ddd; padding: 8px;\">500mm<\/td>\n<\/tr>\n<tr>\n<td style=\"border: 1px solid #ddd; padding: 8px; width: 45%;\"><strong>K\u00f5rgus<\/strong><\/td>\n<td style=\"border: 1px solid #ddd; padding: 8px;\">1550mm<\/td>\n<\/tr>\n<tr>\n<td style=\"border: 1px solid #ddd; padding: 8px; width: 45%;\"><strong>Laius<\/strong><\/td>\n<td style=\"border: 1px solid #ddd; padding: 8px;\">1500mm<\/td>\n<\/tr>\n<tr>\n<td style=\"border: 1px solid #ddd; padding: 8px; width: 45%;\"><strong>Kaal<\/strong><\/td>\n<td style=\"border: 1px solid #ddd; padding: 8px;\">31 kg<\/td>\n<\/tr>\n<tr>\n<td style=\"border: 1px solid #ddd; padding: 8px; width: 45%;\"><strong>T\u00fc\u00fcp<\/strong><\/td>\n<td style=\"border: 1px solid #ddd; padding: 8px;\">Siledad riiulid<\/td>\n<\/tr>\n<tr>\n<td style=\"border: 1px solid #ddd; padding: 8px; width: 45%;\"><strong>Kokku panemine<\/strong><\/td>\n<td style=\"border: 1px solid #ddd; padding: 8px;\">Lahtiv\u00f5etud<\/td>\n<\/tr>\n<tr>\n<td style=\"border: 1px solid #ddd; padding: 8px; width: 45%;\"><strong>Jalad<\/strong><\/td>\n<td style=\"border: 1px solid #ddd; padding: 8px;\">Reguleeritav<\/td>\n<\/tr>\n<tr>\n<td style=\"border: 1px solid #ddd; padding: 8px; width: 45%;\"><strong>Riiulid<\/strong><\/td>\n<td style=\"border: 1px solid #ddd; padding: 8px;\">4<\/td>\n<\/tr>\n<tr>\n<td style=\"border: 1px solid #ddd; padding: 8px; width: 45%;\"><strong>Materjal<\/strong><\/td>\n<td style=\"border: 1px solid #ddd; padding: 8px;\">Roostevaba teras<\/td>\n<\/tr>\n<tr>\n<td style=\"border: 1px solid #ddd; padding: 8px; width: 45%;\"><strong>Maksimaalne koormus<\/strong><\/td>\n<td style=\"border: 1px solid #ddd; padding: 8px;\">200 kg\/riiul<\/td>\n<\/tr>\n<\/tbody>\n<\/table>\n","protected":false},"excerpt":{"rendered":"<p>See tugeva konstruktsiooniga t\u00e4isterast kommertsriiulis\u00fcsteem on ideaalne hoiualadele, restoranik\u00f6\u00f6kidesse v\u00f5i \u00fcksk\u00f5ik millisele t\u00fchjale seinale, kus oleks vaja lisaruumi. T\u00f6\u00f6stusliku kvaliteediga<\/p>\n","protected":false},"featured_media":34562,"template":"","meta":[],"product_brand":[],"product_cat":[561,745,743,572,826,825],"product_tag":[],"class_list":{"0":"post-34560","1":"product","2":"type-product","3":"status-publish","4":"has-post-thumbnail","6":"product_cat-moobel-ja-hoiustamine","7":"product_cat-riiulid","8":"product_cat-riiulisusteemid","9":"product_cat-roostevabad-tooted","10":"product_cat-roostevabast-terasest-riiulid","11":"product_cat-tugevad-roostevabast-terasest-riiulisusteemid","13":"first","14":"instock","15":"sale","16":"taxable","17":"shipping-taxable","18":"purchasable","19":"product-type-simple"},"yoast_head":"<!-- This site is optimized with the Yoast SEO plugin v27.3 - https:\/\/yoast.com\/product\/yoast-seo-wordpress\/ -->\n<title>Roostevabast terasest riiulis\u00fcsteem ruudukujuliste jalgadega ja 4 riiuliga | Adexa QHSS1505 - Adexa \u2013 Suurk\u00f6\u00f6giseadmed restoranidele ja toitlustusele<\/title>\n<meta name=\"robots\" content=\"index, follow, max-snippet:-1, max-image-preview:large, max-video-preview:-1\" \/>\n<link rel=\"canonical\" href=\"https:\/\/adexa.ee\/toode\/roostevabast-terasest-riiulisusteem-ruudukujuliste-jalgadega-ja-4-riiuliga-adexa-qhss1505\/\" \/>\n<meta property=\"og:locale\" content=\"en_US\" \/>\n<meta property=\"og:type\" content=\"article\" \/>\n<meta property=\"og:title\" content=\"Roostevabast terasest riiulis\u00fcsteem ruudukujuliste jalgadega ja 4 riiuliga | Adexa QHSS1505 - Adexa \u2013 Suurk\u00f6\u00f6giseadmed restoranidele ja toitlustusele\" \/>\n<meta property=\"og:description\" content=\"See tugeva konstruktsiooniga t\u00e4isterast kommertsriiulis\u00fcsteem on ideaalne hoiualadele, restoranik\u00f6\u00f6kidesse v\u00f5i \u00fcksk\u00f5ik millisele t\u00fchjale seinale, kus oleks vaja lisaruumi. T\u00f6\u00f6stusliku kvaliteediga\" \/>\n<meta property=\"og:url\" content=\"https:\/\/adexa.ee\/toode\/roostevabast-terasest-riiulisusteem-ruudukujuliste-jalgadega-ja-4-riiuliga-adexa-qhss1505\/\" \/>\n<meta property=\"og:site_name\" content=\"Adexa \u2013 Suurk\u00f6\u00f6giseadmed restoranidele ja toitlustusele\" \/>\n<meta property=\"article:modified_time\" content=\"2026-03-26T09:45:45+00:00\" \/>\n<meta property=\"og:image\" content=\"https:\/\/adexa.ee\/wp-content\/uploads\/2025\/08\/QHSS.jpg\" \/>\n\t<meta property=\"og:image:width\" content=\"2300\" \/>\n\t<meta property=\"og:image:height\" content=\"2300\" \/>\n\t<meta property=\"og:image:type\" content=\"image\/jpeg\" \/>\n<meta name=\"twitter:card\" content=\"summary_large_image\" \/>\n<script type=\"application\/ld+json\" class=\"yoast-schema-graph\">{\"@context\":\"https:\\\/\\\/schema.org\",\"@graph\":[{\"@type\":\"WebPage\",\"@id\":\"https:\\\/\\\/adexa.ee\\\/toode\\\/roostevabast-terasest-riiulisusteem-ruudukujuliste-jalgadega-ja-4-riiuliga-adexa-qhss1505\\\/\",\"url\":\"https:\\\/\\\/adexa.ee\\\/toode\\\/roostevabast-terasest-riiulisusteem-ruudukujuliste-jalgadega-ja-4-riiuliga-adexa-qhss1505\\\/\",\"name\":\"Roostevabast terasest riiulis\u00fcsteem ruudukujuliste jalgadega ja 4 riiuliga | Adexa QHSS1505 - Adexa \u2013 Suurk\u00f6\u00f6giseadmed restoranidele ja toitlustusele\",\"isPartOf\":{\"@id\":\"https:\\\/\\\/adexa.ee\\\/#website\"},\"primaryImageOfPage\":{\"@id\":\"https:\\\/\\\/adexa.ee\\\/toode\\\/roostevabast-terasest-riiulisusteem-ruudukujuliste-jalgadega-ja-4-riiuliga-adexa-qhss1505\\\/#primaryimage\"},\"image\":{\"@id\":\"https:\\\/\\\/adexa.ee\\\/toode\\\/roostevabast-terasest-riiulisusteem-ruudukujuliste-jalgadega-ja-4-riiuliga-adexa-qhss1505\\\/#primaryimage\"},\"thumbnailUrl\":\"https:\\\/\\\/adexa.ee\\\/wp-content\\\/uploads\\\/2025\\\/08\\\/QHSS.jpg\",\"datePublished\":\"2026-03-26T09:45:42+00:00\",\"dateModified\":\"2026-03-26T09:45:45+00:00\",\"breadcrumb\":{\"@id\":\"https:\\\/\\\/adexa.ee\\\/toode\\\/roostevabast-terasest-riiulisusteem-ruudukujuliste-jalgadega-ja-4-riiuliga-adexa-qhss1505\\\/#breadcrumb\"},\"inLanguage\":\"en-US\",\"potentialAction\":[{\"@type\":\"ReadAction\",\"target\":[\"https:\\\/\\\/adexa.ee\\\/toode\\\/roostevabast-terasest-riiulisusteem-ruudukujuliste-jalgadega-ja-4-riiuliga-adexa-qhss1505\\\/\"]}]},{\"@type\":\"ImageObject\",\"inLanguage\":\"en-US\",\"@id\":\"https:\\\/\\\/adexa.ee\\\/toode\\\/roostevabast-terasest-riiulisusteem-ruudukujuliste-jalgadega-ja-4-riiuliga-adexa-qhss1505\\\/#primaryimage\",\"url\":\"https:\\\/\\\/adexa.ee\\\/wp-content\\\/uploads\\\/2025\\\/08\\\/QHSS.jpg\",\"contentUrl\":\"https:\\\/\\\/adexa.ee\\\/wp-content\\\/uploads\\\/2025\\\/08\\\/QHSS.jpg\",\"width\":2300,\"height\":2300},{\"@type\":\"BreadcrumbList\",\"@id\":\"https:\\\/\\\/adexa.ee\\\/toode\\\/roostevabast-terasest-riiulisusteem-ruudukujuliste-jalgadega-ja-4-riiuliga-adexa-qhss1505\\\/#breadcrumb\",\"itemListElement\":[{\"@type\":\"ListItem\",\"position\":1,\"name\":\"Home\",\"item\":\"https:\\\/\\\/adexa.ee\\\/\"},{\"@type\":\"ListItem\",\"position\":2,\"name\":\"Tooted\",\"item\":\"https:\\\/\\\/adexa.ee\\\/pood\\\/\"},{\"@type\":\"ListItem\",\"position\":3,\"name\":\"Roostevabast terasest riiulis\u00fcsteem ruudukujuliste jalgadega ja 4 riiuliga | Adexa QHSS1505\"}]},{\"@type\":\"WebSite\",\"@id\":\"https:\\\/\\\/adexa.ee\\\/#website\",\"url\":\"https:\\\/\\\/adexa.ee\\\/\",\"name\":\"Adexa\",\"description\":\"\",\"publisher\":{\"@id\":\"https:\\\/\\\/adexa.ee\\\/#organization\"},\"potentialAction\":[{\"@type\":\"SearchAction\",\"target\":{\"@type\":\"EntryPoint\",\"urlTemplate\":\"https:\\\/\\\/adexa.ee\\\/?s={search_term_string}\"},\"query-input\":{\"@type\":\"PropertyValueSpecification\",\"valueRequired\":true,\"valueName\":\"search_term_string\"}}],\"inLanguage\":\"en-US\"},{\"@type\":\"Organization\",\"@id\":\"https:\\\/\\\/adexa.ee\\\/#organization\",\"name\":\"Adexa\",\"url\":\"https:\\\/\\\/adexa.ee\\\/\",\"logo\":{\"@type\":\"ImageObject\",\"inLanguage\":\"en-US\",\"@id\":\"https:\\\/\\\/adexa.ee\\\/#\\\/schema\\\/logo\\\/image\\\/\",\"url\":\"https:\\\/\\\/adexa.ee\\\/wp-content\\\/uploads\\\/2024\\\/04\\\/chef-cooks-working-in-professional-kitchen-2023-11-27-05-07-39-utc-scaled.jpg\",\"contentUrl\":\"https:\\\/\\\/adexa.ee\\\/wp-content\\\/uploads\\\/2024\\\/04\\\/chef-cooks-working-in-professional-kitchen-2023-11-27-05-07-39-utc-scaled.jpg\",\"width\":2560,\"height\":1708,\"caption\":\"Adexa\"},\"image\":{\"@id\":\"https:\\\/\\\/adexa.ee\\\/#\\\/schema\\\/logo\\\/image\\\/\"}}]}<\/script>\n<!-- \/ Yoast SEO plugin. -->","yoast_head_json":{"title":"Roostevabast terasest riiulis\u00fcsteem ruudukujuliste jalgadega ja 4 riiuliga | Adexa QHSS1505 - Adexa \u2013 Suurk\u00f6\u00f6giseadmed restoranidele ja toitlustusele","robots":{"index":"index","follow":"follow","max-snippet":"max-snippet:-1","max-image-preview":"max-image-preview:large","max-video-preview":"max-video-preview:-1"},"canonical":"https:\/\/adexa.ee\/toode\/roostevabast-terasest-riiulisusteem-ruudukujuliste-jalgadega-ja-4-riiuliga-adexa-qhss1505\/","og_locale":"en_US","og_type":"article","og_title":"Roostevabast terasest riiulis\u00fcsteem ruudukujuliste jalgadega ja 4 riiuliga | Adexa QHSS1505 - Adexa \u2013 Suurk\u00f6\u00f6giseadmed restoranidele ja toitlustusele","og_description":"See tugeva konstruktsiooniga t\u00e4isterast kommertsriiulis\u00fcsteem on ideaalne hoiualadele, restoranik\u00f6\u00f6kidesse v\u00f5i \u00fcksk\u00f5ik millisele t\u00fchjale seinale, kus oleks vaja lisaruumi. T\u00f6\u00f6stusliku kvaliteediga","og_url":"https:\/\/adexa.ee\/toode\/roostevabast-terasest-riiulisusteem-ruudukujuliste-jalgadega-ja-4-riiuliga-adexa-qhss1505\/","og_site_name":"Adexa \u2013 Suurk\u00f6\u00f6giseadmed restoranidele ja toitlustusele","article_modified_time":"2026-03-26T09:45:45+00:00","og_image":[{"width":2300,"height":2300,"url":"https:\/\/adexa.ee\/wp-content\/uploads\/2025\/08\/QHSS.jpg","type":"image\/jpeg"}],"twitter_card":"summary_large_image","schema":{"@context":"https:\/\/schema.org","@graph":[{"@type":"WebPage","@id":"https:\/\/adexa.ee\/toode\/roostevabast-terasest-riiulisusteem-ruudukujuliste-jalgadega-ja-4-riiuliga-adexa-qhss1505\/","url":"https:\/\/adexa.ee\/toode\/roostevabast-terasest-riiulisusteem-ruudukujuliste-jalgadega-ja-4-riiuliga-adexa-qhss1505\/","name":"Roostevabast terasest riiulis\u00fcsteem ruudukujuliste jalgadega ja 4 riiuliga | Adexa QHSS1505 - Adexa \u2013 Suurk\u00f6\u00f6giseadmed restoranidele ja toitlustusele","isPartOf":{"@id":"https:\/\/adexa.ee\/#website"},"primaryImageOfPage":{"@id":"https:\/\/adexa.ee\/toode\/roostevabast-terasest-riiulisusteem-ruudukujuliste-jalgadega-ja-4-riiuliga-adexa-qhss1505\/#primaryimage"},"image":{"@id":"https:\/\/adexa.ee\/toode\/roostevabast-terasest-riiulisusteem-ruudukujuliste-jalgadega-ja-4-riiuliga-adexa-qhss1505\/#primaryimage"},"thumbnailUrl":"https:\/\/adexa.ee\/wp-content\/uploads\/2025\/08\/QHSS.jpg","datePublished":"2026-03-26T09:45:42+00:00","dateModified":"2026-03-26T09:45:45+00:00","breadcrumb":{"@id":"https:\/\/adexa.ee\/toode\/roostevabast-terasest-riiulisusteem-ruudukujuliste-jalgadega-ja-4-riiuliga-adexa-qhss1505\/#breadcrumb"},"inLanguage":"en-US","potentialAction":[{"@type":"ReadAction","target":["https:\/\/adexa.ee\/toode\/roostevabast-terasest-riiulisusteem-ruudukujuliste-jalgadega-ja-4-riiuliga-adexa-qhss1505\/"]}]},{"@type":"ImageObject","inLanguage":"en-US","@id":"https:\/\/adexa.ee\/toode\/roostevabast-terasest-riiulisusteem-ruudukujuliste-jalgadega-ja-4-riiuliga-adexa-qhss1505\/#primaryimage","url":"https:\/\/adexa.ee\/wp-content\/uploads\/2025\/08\/QHSS.jpg","contentUrl":"https:\/\/adexa.ee\/wp-content\/uploads\/2025\/08\/QHSS.jpg","width":2300,"height":2300},{"@type":"BreadcrumbList","@id":"https:\/\/adexa.ee\/toode\/roostevabast-terasest-riiulisusteem-ruudukujuliste-jalgadega-ja-4-riiuliga-adexa-qhss1505\/#breadcrumb","itemListElement":[{"@type":"ListItem","position":1,"name":"Home","item":"https:\/\/adexa.ee\/"},{"@type":"ListItem","position":2,"name":"Tooted","item":"https:\/\/adexa.ee\/pood\/"},{"@type":"ListItem","position":3,"name":"Roostevabast terasest riiulis\u00fcsteem ruudukujuliste jalgadega ja 4 riiuliga | Adexa QHSS1505"}]},{"@type":"WebSite","@id":"https:\/\/adexa.ee\/#website","url":"https:\/\/adexa.ee\/","name":"Adexa","description":"","publisher":{"@id":"https:\/\/adexa.ee\/#organization"},"potentialAction":[{"@type":"SearchAction","target":{"@type":"EntryPoint","urlTemplate":"https:\/\/adexa.ee\/?s={search_term_string}"},"query-input":{"@type":"PropertyValueSpecification","valueRequired":true,"valueName":"search_term_string"}}],"inLanguage":"en-US"},{"@type":"Organization","@id":"https:\/\/adexa.ee\/#organization","name":"Adexa","url":"https:\/\/adexa.ee\/","logo":{"@type":"ImageObject","inLanguage":"en-US","@id":"https:\/\/adexa.ee\/#\/schema\/logo\/image\/","url":"https:\/\/adexa.ee\/wp-content\/uploads\/2024\/04\/chef-cooks-working-in-professional-kitchen-2023-11-27-05-07-39-utc-scaled.jpg","contentUrl":"https:\/\/adexa.ee\/wp-content\/uploads\/2024\/04\/chef-cooks-working-in-professional-kitchen-2023-11-27-05-07-39-utc-scaled.jpg","width":2560,"height":1708,"caption":"Adexa"},"image":{"@id":"https:\/\/adexa.ee\/#\/schema\/logo\/image\/"}}]}},"_links":{"self":[{"href":"https:\/\/adexa.ee\/en\/wp-json\/wp\/v2\/product\/34560","targetHints":{"allow":["GET"]}}],"collection":[{"href":"https:\/\/adexa.ee\/en\/wp-json\/wp\/v2\/product"}],"about":[{"href":"https:\/\/adexa.ee\/en\/wp-json\/wp\/v2\/types\/product"}],"wp:featuredmedia":[{"embeddable":true,"href":"https:\/\/adexa.ee\/en\/wp-json\/wp\/v2\/media\/34562"}],"wp:attachment":[{"href":"https:\/\/adexa.ee\/en\/wp-json\/wp\/v2\/media?parent=34560"}],"wp:term":[{"taxonomy":"product_brand","embeddable":true,"href":"https:\/\/adexa.ee\/en\/wp-json\/wp\/v2\/product_brand?post=34560"},{"taxonomy":"product_cat","embeddable":true,"href":"https:\/\/adexa.ee\/en\/wp-json\/wp\/v2\/product_cat?post=34560"},{"taxonomy":"product_tag","embeddable":true,"href":"https:\/\/adexa.ee\/en\/wp-json\/wp\/v2\/product_tag?post=34560"}],"curies":[{"name":"wp","href":"https:\/\/api.w.org\/{rel}","templated":true}]}}