{"id":34670,"date":"2026-03-26T11:45:55","date_gmt":"2026-03-26T09:45:55","guid":{"rendered":"https:\/\/adexa.ee\/toode\/bistroo-laud-tume-puitplaat-800x800mm-siseruumides-adexa-ww265bd\/"},"modified":"2026-03-26T11:45:55","modified_gmt":"2026-03-26T09:45:55","slug":"bistroo-laud-tume-puitplaat-800x800mm-siseruumides-adexa-ww265bd","status":"publish","type":"product","link":"https:\/\/adexa.ee\/en\/toode\/bistroo-laud-tume-puitplaat-800x800mm-siseruumides-adexa-ww265bd\/","title":{"rendered":"Bistroo laud Tume puitplaat 800x800mm Siseruumides | Adexa WW265BD"},"content":{"rendered":"<p>Kaasaegse ja minimalistliku disainiga laud sobib ideaalselt igale linnaliku h\u00f5nguga kohale. Lauajalad on valmistatud pulberv\u00e4rvitud terasest, mis pakub suurep\u00e4rast vastupidavust roostele, korrosioonile ja l\u00f6\u00f6gikahjustustele \u2013 aidates hoida teie m\u00f6\u00f6bli suurep\u00e4rases seisukorras ka intensiivse ja regulaarse kasutamise korral. 800x800mm K\u00f5rgus: 750mm M\u00e4nniv\u00e4rvi puidust plaat Mustad metallist jalad<\/p>\n<table style=\"border-collapse: collapse; width: 100%; text-align: left;\">\n<tbody>\n<tr>\n<td style=\"border: 1px solid #ddd; padding: 8px; width: 45%;\"><strong>S\u00fcgavus<\/strong><\/td>\n<td style=\"border: 1px solid #ddd; padding: 8px;\">800mm<\/td>\n<\/tr>\n<tr>\n<td style=\"border: 1px solid #ddd; padding: 8px; width: 45%;\"><strong>K\u00f5rgus<\/strong><\/td>\n<td style=\"border: 1px solid #ddd; padding: 8px;\">750 mm<\/td>\n<\/tr>\n<tr>\n<td style=\"border: 1px solid #ddd; padding: 8px; width: 45%;\"><strong>Laius<\/strong><\/td>\n<td style=\"border: 1px solid #ddd; padding: 8px;\">800mm<\/td>\n<\/tr>\n<tr>\n<td style=\"border: 1px solid #ddd; padding: 8px; width: 45%;\"><strong>Garantii<\/strong><\/td>\n<td style=\"border: 1px solid #ddd; padding: 8px;\">12 kuu varuosade garantii<\/td>\n<\/tr>\n<tr>\n<td style=\"border: 1px solid #ddd; padding: 8px; width: 45%;\"><strong>Materjal<\/strong><\/td>\n<td style=\"border: 1px solid #ddd; padding: 8px;\">Puidust pealis \/ metallist jalad<\/td>\n<\/tr>\n<tr>\n<td style=\"border: 1px solid #ddd; padding: 8px; width: 45%;\"><strong>V\u00e4rv<\/strong><\/td>\n<td style=\"border: 1px solid #ddd; padding: 8px;\">M\u00e4nnipuit \/ Must<\/td>\n<\/tr>\n<\/tbody>\n<\/table>\n","protected":false},"excerpt":{"rendered":"<p>Kaasaegse ja minimalistliku disainiga laud sobib ideaalselt igale linnaliku h\u00f5nguga kohale. Lauajalad on valmistatud pulberv\u00e4rvitud terasest, mis pakub suurep\u00e4rast vastupidavust<\/p>\n","protected":false},"featured_media":34672,"template":"","meta":[],"product_brand":[],"product_cat":[3833,562,561],"product_tag":[],"class_list":{"0":"post-34670","1":"product","2":"type-product","3":"status-publish","4":"has-post-thumbnail","6":"product_cat-uued-tooted","7":"product_cat-bistroo-ja-soogilauad","8":"product_cat-moobel-ja-hoiustamine","10":"first","11":"instock","12":"sale","13":"taxable","14":"shipping-taxable","15":"purchasable","16":"product-type-simple"},"yoast_head":"<!-- This site is optimized with the Yoast SEO plugin v27.3 - https:\/\/yoast.com\/product\/yoast-seo-wordpress\/ -->\n<title>Bistroo laud Tume puitplaat 800x800mm Siseruumides | Adexa WW265BD - Adexa \u2013 Suurk\u00f6\u00f6giseadmed restoranidele ja toitlustusele<\/title>\n<meta name=\"robots\" content=\"index, follow, max-snippet:-1, max-image-preview:large, max-video-preview:-1\" \/>\n<link rel=\"canonical\" href=\"https:\/\/adexa.ee\/toode\/bistroo-laud-tume-puitplaat-800x800mm-siseruumides-adexa-ww265bd\/\" \/>\n<meta property=\"og:locale\" content=\"en_US\" \/>\n<meta property=\"og:type\" content=\"article\" \/>\n<meta property=\"og:title\" content=\"Bistroo laud Tume puitplaat 800x800mm Siseruumides | Adexa WW265BD - Adexa \u2013 Suurk\u00f6\u00f6giseadmed restoranidele ja toitlustusele\" \/>\n<meta property=\"og:description\" content=\"Kaasaegse ja minimalistliku disainiga laud sobib ideaalselt igale linnaliku h\u00f5nguga kohale. Lauajalad on valmistatud pulberv\u00e4rvitud terasest, mis pakub suurep\u00e4rast vastupidavust\" \/>\n<meta property=\"og:url\" content=\"https:\/\/adexa.ee\/toode\/bistroo-laud-tume-puitplaat-800x800mm-siseruumides-adexa-ww265bd\/\" \/>\n<meta property=\"og:site_name\" content=\"Adexa \u2013 Suurk\u00f6\u00f6giseadmed restoranidele ja toitlustusele\" \/>\n<meta property=\"og:image\" content=\"https:\/\/adexa.ee\/wp-content\/uploads\/2025\/08\/WW265PINE.jpg\" \/>\n\t<meta property=\"og:image:width\" content=\"746\" \/>\n\t<meta property=\"og:image:height\" content=\"746\" \/>\n\t<meta property=\"og:image:type\" content=\"image\/jpeg\" \/>\n<meta name=\"twitter:card\" content=\"summary_large_image\" \/>\n<script type=\"application\/ld+json\" class=\"yoast-schema-graph\">{\"@context\":\"https:\\\/\\\/schema.org\",\"@graph\":[{\"@type\":\"WebPage\",\"@id\":\"https:\\\/\\\/adexa.ee\\\/toode\\\/bistroo-laud-tume-puitplaat-800x800mm-siseruumides-adexa-ww265bd\\\/\",\"url\":\"https:\\\/\\\/adexa.ee\\\/toode\\\/bistroo-laud-tume-puitplaat-800x800mm-siseruumides-adexa-ww265bd\\\/\",\"name\":\"Bistroo laud Tume puitplaat 800x800mm Siseruumides | Adexa WW265BD - Adexa \u2013 Suurk\u00f6\u00f6giseadmed restoranidele ja toitlustusele\",\"isPartOf\":{\"@id\":\"https:\\\/\\\/adexa.ee\\\/#website\"},\"primaryImageOfPage\":{\"@id\":\"https:\\\/\\\/adexa.ee\\\/toode\\\/bistroo-laud-tume-puitplaat-800x800mm-siseruumides-adexa-ww265bd\\\/#primaryimage\"},\"image\":{\"@id\":\"https:\\\/\\\/adexa.ee\\\/toode\\\/bistroo-laud-tume-puitplaat-800x800mm-siseruumides-adexa-ww265bd\\\/#primaryimage\"},\"thumbnailUrl\":\"https:\\\/\\\/adexa.ee\\\/wp-content\\\/uploads\\\/2025\\\/08\\\/WW265PINE.jpg\",\"datePublished\":\"2026-03-26T09:45:55+00:00\",\"breadcrumb\":{\"@id\":\"https:\\\/\\\/adexa.ee\\\/toode\\\/bistroo-laud-tume-puitplaat-800x800mm-siseruumides-adexa-ww265bd\\\/#breadcrumb\"},\"inLanguage\":\"en-US\",\"potentialAction\":[{\"@type\":\"ReadAction\",\"target\":[\"https:\\\/\\\/adexa.ee\\\/toode\\\/bistroo-laud-tume-puitplaat-800x800mm-siseruumides-adexa-ww265bd\\\/\"]}]},{\"@type\":\"ImageObject\",\"inLanguage\":\"en-US\",\"@id\":\"https:\\\/\\\/adexa.ee\\\/toode\\\/bistroo-laud-tume-puitplaat-800x800mm-siseruumides-adexa-ww265bd\\\/#primaryimage\",\"url\":\"https:\\\/\\\/adexa.ee\\\/wp-content\\\/uploads\\\/2025\\\/08\\\/WW265PINE.jpg\",\"contentUrl\":\"https:\\\/\\\/adexa.ee\\\/wp-content\\\/uploads\\\/2025\\\/08\\\/WW265PINE.jpg\",\"width\":746,\"height\":746},{\"@type\":\"BreadcrumbList\",\"@id\":\"https:\\\/\\\/adexa.ee\\\/toode\\\/bistroo-laud-tume-puitplaat-800x800mm-siseruumides-adexa-ww265bd\\\/#breadcrumb\",\"itemListElement\":[{\"@type\":\"ListItem\",\"position\":1,\"name\":\"Home\",\"item\":\"https:\\\/\\\/adexa.ee\\\/\"},{\"@type\":\"ListItem\",\"position\":2,\"name\":\"Tooted\",\"item\":\"https:\\\/\\\/adexa.ee\\\/pood\\\/\"},{\"@type\":\"ListItem\",\"position\":3,\"name\":\"Bistroo laud Tume puitplaat 800x800mm Siseruumides | Adexa WW265BD\"}]},{\"@type\":\"WebSite\",\"@id\":\"https:\\\/\\\/adexa.ee\\\/#website\",\"url\":\"https:\\\/\\\/adexa.ee\\\/\",\"name\":\"Adexa\",\"description\":\"\",\"publisher\":{\"@id\":\"https:\\\/\\\/adexa.ee\\\/#organization\"},\"potentialAction\":[{\"@type\":\"SearchAction\",\"target\":{\"@type\":\"EntryPoint\",\"urlTemplate\":\"https:\\\/\\\/adexa.ee\\\/?s={search_term_string}\"},\"query-input\":{\"@type\":\"PropertyValueSpecification\",\"valueRequired\":true,\"valueName\":\"search_term_string\"}}],\"inLanguage\":\"en-US\"},{\"@type\":\"Organization\",\"@id\":\"https:\\\/\\\/adexa.ee\\\/#organization\",\"name\":\"Adexa\",\"url\":\"https:\\\/\\\/adexa.ee\\\/\",\"logo\":{\"@type\":\"ImageObject\",\"inLanguage\":\"en-US\",\"@id\":\"https:\\\/\\\/adexa.ee\\\/#\\\/schema\\\/logo\\\/image\\\/\",\"url\":\"https:\\\/\\\/adexa.ee\\\/wp-content\\\/uploads\\\/2024\\\/04\\\/chef-cooks-working-in-professional-kitchen-2023-11-27-05-07-39-utc-scaled.jpg\",\"contentUrl\":\"https:\\\/\\\/adexa.ee\\\/wp-content\\\/uploads\\\/2024\\\/04\\\/chef-cooks-working-in-professional-kitchen-2023-11-27-05-07-39-utc-scaled.jpg\",\"width\":2560,\"height\":1708,\"caption\":\"Adexa\"},\"image\":{\"@id\":\"https:\\\/\\\/adexa.ee\\\/#\\\/schema\\\/logo\\\/image\\\/\"}}]}<\/script>\n<!-- \/ Yoast SEO plugin. -->","yoast_head_json":{"title":"Bistroo laud Tume puitplaat 800x800mm Siseruumides | Adexa WW265BD - Adexa \u2013 Suurk\u00f6\u00f6giseadmed restoranidele ja toitlustusele","robots":{"index":"index","follow":"follow","max-snippet":"max-snippet:-1","max-image-preview":"max-image-preview:large","max-video-preview":"max-video-preview:-1"},"canonical":"https:\/\/adexa.ee\/toode\/bistroo-laud-tume-puitplaat-800x800mm-siseruumides-adexa-ww265bd\/","og_locale":"en_US","og_type":"article","og_title":"Bistroo laud Tume puitplaat 800x800mm Siseruumides | Adexa WW265BD - Adexa \u2013 Suurk\u00f6\u00f6giseadmed restoranidele ja toitlustusele","og_description":"Kaasaegse ja minimalistliku disainiga laud sobib ideaalselt igale linnaliku h\u00f5nguga kohale. Lauajalad on valmistatud pulberv\u00e4rvitud terasest, mis pakub suurep\u00e4rast vastupidavust","og_url":"https:\/\/adexa.ee\/toode\/bistroo-laud-tume-puitplaat-800x800mm-siseruumides-adexa-ww265bd\/","og_site_name":"Adexa \u2013 Suurk\u00f6\u00f6giseadmed restoranidele ja toitlustusele","og_image":[{"width":746,"height":746,"url":"https:\/\/adexa.ee\/wp-content\/uploads\/2025\/08\/WW265PINE.jpg","type":"image\/jpeg"}],"twitter_card":"summary_large_image","schema":{"@context":"https:\/\/schema.org","@graph":[{"@type":"WebPage","@id":"https:\/\/adexa.ee\/toode\/bistroo-laud-tume-puitplaat-800x800mm-siseruumides-adexa-ww265bd\/","url":"https:\/\/adexa.ee\/toode\/bistroo-laud-tume-puitplaat-800x800mm-siseruumides-adexa-ww265bd\/","name":"Bistroo laud Tume puitplaat 800x800mm Siseruumides | Adexa WW265BD - Adexa \u2013 Suurk\u00f6\u00f6giseadmed restoranidele ja toitlustusele","isPartOf":{"@id":"https:\/\/adexa.ee\/#website"},"primaryImageOfPage":{"@id":"https:\/\/adexa.ee\/toode\/bistroo-laud-tume-puitplaat-800x800mm-siseruumides-adexa-ww265bd\/#primaryimage"},"image":{"@id":"https:\/\/adexa.ee\/toode\/bistroo-laud-tume-puitplaat-800x800mm-siseruumides-adexa-ww265bd\/#primaryimage"},"thumbnailUrl":"https:\/\/adexa.ee\/wp-content\/uploads\/2025\/08\/WW265PINE.jpg","datePublished":"2026-03-26T09:45:55+00:00","breadcrumb":{"@id":"https:\/\/adexa.ee\/toode\/bistroo-laud-tume-puitplaat-800x800mm-siseruumides-adexa-ww265bd\/#breadcrumb"},"inLanguage":"en-US","potentialAction":[{"@type":"ReadAction","target":["https:\/\/adexa.ee\/toode\/bistroo-laud-tume-puitplaat-800x800mm-siseruumides-adexa-ww265bd\/"]}]},{"@type":"ImageObject","inLanguage":"en-US","@id":"https:\/\/adexa.ee\/toode\/bistroo-laud-tume-puitplaat-800x800mm-siseruumides-adexa-ww265bd\/#primaryimage","url":"https:\/\/adexa.ee\/wp-content\/uploads\/2025\/08\/WW265PINE.jpg","contentUrl":"https:\/\/adexa.ee\/wp-content\/uploads\/2025\/08\/WW265PINE.jpg","width":746,"height":746},{"@type":"BreadcrumbList","@id":"https:\/\/adexa.ee\/toode\/bistroo-laud-tume-puitplaat-800x800mm-siseruumides-adexa-ww265bd\/#breadcrumb","itemListElement":[{"@type":"ListItem","position":1,"name":"Home","item":"https:\/\/adexa.ee\/"},{"@type":"ListItem","position":2,"name":"Tooted","item":"https:\/\/adexa.ee\/pood\/"},{"@type":"ListItem","position":3,"name":"Bistroo laud Tume puitplaat 800x800mm Siseruumides | Adexa WW265BD"}]},{"@type":"WebSite","@id":"https:\/\/adexa.ee\/#website","url":"https:\/\/adexa.ee\/","name":"Adexa","description":"","publisher":{"@id":"https:\/\/adexa.ee\/#organization"},"potentialAction":[{"@type":"SearchAction","target":{"@type":"EntryPoint","urlTemplate":"https:\/\/adexa.ee\/?s={search_term_string}"},"query-input":{"@type":"PropertyValueSpecification","valueRequired":true,"valueName":"search_term_string"}}],"inLanguage":"en-US"},{"@type":"Organization","@id":"https:\/\/adexa.ee\/#organization","name":"Adexa","url":"https:\/\/adexa.ee\/","logo":{"@type":"ImageObject","inLanguage":"en-US","@id":"https:\/\/adexa.ee\/#\/schema\/logo\/image\/","url":"https:\/\/adexa.ee\/wp-content\/uploads\/2024\/04\/chef-cooks-working-in-professional-kitchen-2023-11-27-05-07-39-utc-scaled.jpg","contentUrl":"https:\/\/adexa.ee\/wp-content\/uploads\/2024\/04\/chef-cooks-working-in-professional-kitchen-2023-11-27-05-07-39-utc-scaled.jpg","width":2560,"height":1708,"caption":"Adexa"},"image":{"@id":"https:\/\/adexa.ee\/#\/schema\/logo\/image\/"}}]}},"_links":{"self":[{"href":"https:\/\/adexa.ee\/en\/wp-json\/wp\/v2\/product\/34670","targetHints":{"allow":["GET"]}}],"collection":[{"href":"https:\/\/adexa.ee\/en\/wp-json\/wp\/v2\/product"}],"about":[{"href":"https:\/\/adexa.ee\/en\/wp-json\/wp\/v2\/types\/product"}],"wp:featuredmedia":[{"embeddable":true,"href":"https:\/\/adexa.ee\/en\/wp-json\/wp\/v2\/media\/34672"}],"wp:attachment":[{"href":"https:\/\/adexa.ee\/en\/wp-json\/wp\/v2\/media?parent=34670"}],"wp:term":[{"taxonomy":"product_brand","embeddable":true,"href":"https:\/\/adexa.ee\/en\/wp-json\/wp\/v2\/product_brand?post=34670"},{"taxonomy":"product_cat","embeddable":true,"href":"https:\/\/adexa.ee\/en\/wp-json\/wp\/v2\/product_cat?post=34670"},{"taxonomy":"product_tag","embeddable":true,"href":"https:\/\/adexa.ee\/en\/wp-json\/wp\/v2\/product_tag?post=34670"}],"curies":[{"name":"wp","href":"https:\/\/api.w.org\/{rel}","templated":true}]}}