{"id":34737,"date":"2026-03-28T22:15:57","date_gmt":"2026-03-28T20:15:57","guid":{"rendered":"https:\/\/adexa.ee\/toode\/kaubanduslik-koogilett-umar-esiosa-3-riiulit-1000x700x1300mm-roostevaba-teras-must-adexa-hl1000em3\/"},"modified":"2026-03-28T22:15:57","modified_gmt":"2026-03-28T20:15:57","slug":"vitriinkulmik-koogilett-umar-esiosa-3-riiulit-1000x700x1300mm-roostevaba-teras-must-adexa-hl1000em3","status":"publish","type":"product","link":"https:\/\/adexa.ee\/en\/toode\/vitriinkulmik-koogilett-umar-esiosa-3-riiulit-1000x700x1300mm-roostevaba-teras-must-adexa-hl1000em3\/","title":{"rendered":"Vitriink\u00fclmik koogilett \u00dcmar esiosa 3 riiulit 1000x700x1300mm Roostevaba teras &#038; Must | Adexa HL1000EM3"},"content":{"rendered":"<p>Professionaalne jahutatud esitlustoodang, mis sobib suurep\u00e4raselt kookide ja saiakeste eksponeerimiseks kohvikutes, restoranides v\u00f5i poodides. Suurep\u00e4rane kulut\u00f5hus jahutusega kuvamisseade. T\u00e4iuslik letti paigaldatav k\u00fclmik kommertskasutuseks. \u00dcksikasjaliku teabe vaatamiseks palun vaadake jaotist &#8216;Spetsifikatsioon&#8217;.<\/p>\n<table style=\"border-collapse: collapse; width: 100%; text-align: left;\">\n<tbody>\n<tr>\n<td style=\"border: 1px solid #ddd; padding: 8px; width: 45%;\"><strong>S\u00fcgavus<\/strong><\/td>\n<td style=\"border: 1px solid #ddd; padding: 8px;\">700mm<\/td>\n<\/tr>\n<tr>\n<td style=\"border: 1px solid #ddd; padding: 8px; width: 45%;\"><strong>K\u00f5rgus<\/strong><\/td>\n<td style=\"border: 1px solid #ddd; padding: 8px;\">1300 mm<\/td>\n<\/tr>\n<tr>\n<td style=\"border: 1px solid #ddd; padding: 8px; width: 45%;\"><strong>Laius<\/strong><\/td>\n<td style=\"border: 1px solid #ddd; padding: 8px;\">1000mm<\/td>\n<\/tr>\n<tr>\n<td style=\"border: 1px solid #ddd; padding: 8px; width: 45%;\"><strong>Kaal<\/strong><\/td>\n<td style=\"border: 1px solid #ddd; padding: 8px;\">140 kg<\/td>\n<\/tr>\n<tr>\n<td style=\"border: 1px solid #ddd; padding: 8px; width: 45%;\"><strong>Garantii<\/strong><\/td>\n<td style=\"border: 1px solid #ddd; padding: 8px;\">12 kuu varuosade garantii<\/td>\n<\/tr>\n<tr>\n<td style=\"border: 1px solid #ddd; padding: 8px; width: 45%;\"><strong>Mahutavus<\/strong><\/td>\n<td style=\"border: 1px solid #ddd; padding: 8px;\">330 liitrit<\/td>\n<\/tr>\n<tr>\n<td style=\"border: 1px solid #ddd; padding: 8px; width: 45%;\"><strong>Toiteallikas<\/strong><\/td>\n<td style=\"border: 1px solid #ddd; padding: 8px;\">230V \/ 1 faas<\/td>\n<\/tr>\n<tr>\n<td style=\"border: 1px solid #ddd; padding: 8px; width: 45%;\"><strong>V\u00f5imsus<\/strong><\/td>\n<td style=\"border: 1px solid #ddd; padding: 8px;\">340W<\/td>\n<\/tr>\n<tr>\n<td style=\"border: 1px solid #ddd; padding: 8px; width: 45%;\"><strong>Rullikud<\/strong><\/td>\n<td style=\"border: 1px solid #ddd; padding: 8px;\">4<\/td>\n<\/tr>\n<tr>\n<td style=\"border: 1px solid #ddd; padding: 8px; width: 45%;\"><strong>Riiulid<\/strong><\/td>\n<td style=\"border: 1px solid #ddd; padding: 8px;\">3 reguleeritav<\/td>\n<\/tr>\n<tr>\n<td style=\"border: 1px solid #ddd; padding: 8px; width: 45%;\"><strong>Materjal<\/strong><\/td>\n<td style=\"border: 1px solid #ddd; padding: 8px;\">Roostevaba teras &#038; karastatud klaas<\/td>\n<\/tr>\n<tr>\n<td style=\"border: 1px solid #ddd; padding: 8px; width: 45%;\"><strong>V\u00e4rv<\/strong><\/td>\n<td style=\"border: 1px solid #ddd; padding: 8px;\">Mustad k\u00fcljed \/ Roostevabast terasest esik\u00fclg<\/td>\n<\/tr>\n<tr>\n<td style=\"border: 1px solid #ddd; padding: 8px; width: 45%;\"><strong>Jahutamine<\/strong><\/td>\n<td style=\"border: 1px solid #ddd; padding: 8px;\">Ventileeritud<\/td>\n<\/tr>\n<tr>\n<td style=\"border: 1px solid #ddd; padding: 8px; width: 45%;\"><strong>K\u00fclmaaine<\/strong><\/td>\n<td style=\"border: 1px solid #ddd; padding: 8px;\">R290<\/td>\n<\/tr>\n<tr>\n<td style=\"border: 1px solid #ddd; padding: 8px; width: 45%;\"><strong>Temperatuur<\/strong><\/td>\n<td style=\"border: 1px solid #ddd; padding: 8px;\">+2\u00b0C kuni +10\u00b0C<\/td>\n<\/tr>\n<tr>\n<td style=\"border: 1px solid #ddd; padding: 8px; width: 45%;\"><strong>Valgustus<\/strong><\/td>\n<td style=\"border: 1px solid #ddd; padding: 8px;\">LED<\/td>\n<\/tr>\n<tr>\n<td style=\"border: 1px solid #ddd; padding: 8px; width: 45%;\"><strong>M\u00fcratase<\/strong><\/td>\n<td style=\"border: 1px solid #ddd; padding: 8px;\">45 dB(A)<\/td>\n<\/tr>\n<\/tbody>\n<\/table>\n","protected":false},"excerpt":{"rendered":"<p>Professionaalne jahutatud esitlustoodang, mis sobib suurep\u00e4raselt kookide ja saiakeste eksponeerimiseks kohvikutes, restoranides v\u00f5i poodides. Suurep\u00e4rane kulut\u00f5hus jahutusega kuvamisseade. T\u00e4iuslik letti<\/p>\n","protected":false},"featured_media":34729,"template":"","meta":[],"product_brand":[],"product_cat":[654,564,578,677],"product_tag":[],"class_list":{"0":"post-34737","1":"product","2":"type-product","3":"status-publish","4":"has-post-thumbnail","6":"product_cat-jahutusega-vitriinid-ja-muugiletid","7":"product_cat-jahutusseadmed","8":"product_cat-kookide-ja-kondiitritoodete-vitriinid","9":"product_cat-kulmikud","11":"first","12":"instock","13":"sale","14":"taxable","15":"shipping-taxable","16":"purchasable","17":"product-type-simple"},"yoast_head":"<!-- This site is optimized with the Yoast SEO plugin v27.3 - https:\/\/yoast.com\/product\/yoast-seo-wordpress\/ -->\n<title>Vitriink\u00fclmik koogilett \u00dcmar esiosa 3 riiulit 1000x700x1300mm Roostevaba teras &amp; Must | Adexa HL1000EM3 - Adexa \u2013 Suurk\u00f6\u00f6giseadmed restoranidele ja toitlustusele<\/title>\n<meta name=\"robots\" content=\"index, follow, max-snippet:-1, max-image-preview:large, max-video-preview:-1\" \/>\n<link rel=\"canonical\" href=\"https:\/\/adexa.ee\/toode\/vitriinkulmik-koogilett-umar-esiosa-3-riiulit-1000x700x1300mm-roostevaba-teras-must-adexa-hl1000em3\/\" \/>\n<meta property=\"og:locale\" content=\"en_US\" \/>\n<meta property=\"og:type\" content=\"article\" \/>\n<meta property=\"og:title\" content=\"Vitriink\u00fclmik koogilett \u00dcmar esiosa 3 riiulit 1000x700x1300mm Roostevaba teras &amp; Must | Adexa HL1000EM3 - Adexa \u2013 Suurk\u00f6\u00f6giseadmed restoranidele ja toitlustusele\" \/>\n<meta property=\"og:description\" content=\"Professionaalne jahutatud esitlustoodang, mis sobib suurep\u00e4raselt kookide ja saiakeste eksponeerimiseks kohvikutes, restoranides v\u00f5i poodides. Suurep\u00e4rane kulut\u00f5hus jahutusega kuvamisseade. T\u00e4iuslik letti\" \/>\n<meta property=\"og:url\" content=\"https:\/\/adexa.ee\/toode\/vitriinkulmik-koogilett-umar-esiosa-3-riiulit-1000x700x1300mm-roostevaba-teras-must-adexa-hl1000em3\/\" \/>\n<meta property=\"og:site_name\" content=\"Adexa \u2013 Suurk\u00f6\u00f6giseadmed restoranidele ja toitlustusele\" \/>\n<meta property=\"og:image\" content=\"https:\/\/adexa.ee\/wp-content\/uploads\/2025\/08\/HLEM2-scaled.jpg\" \/>\n\t<meta property=\"og:image:width\" content=\"2560\" \/>\n\t<meta property=\"og:image:height\" content=\"2560\" \/>\n\t<meta property=\"og:image:type\" content=\"image\/jpeg\" \/>\n<meta name=\"twitter:card\" content=\"summary_large_image\" \/>\n<script type=\"application\/ld+json\" class=\"yoast-schema-graph\">{\"@context\":\"https:\\\/\\\/schema.org\",\"@graph\":[{\"@type\":\"WebPage\",\"@id\":\"https:\\\/\\\/adexa.ee\\\/toode\\\/vitriinkulmik-koogilett-umar-esiosa-3-riiulit-1000x700x1300mm-roostevaba-teras-must-adexa-hl1000em3\\\/\",\"url\":\"https:\\\/\\\/adexa.ee\\\/toode\\\/vitriinkulmik-koogilett-umar-esiosa-3-riiulit-1000x700x1300mm-roostevaba-teras-must-adexa-hl1000em3\\\/\",\"name\":\"Vitriink\u00fclmik koogilett \u00dcmar esiosa 3 riiulit 1000x700x1300mm Roostevaba teras & Must | Adexa HL1000EM3 - Adexa \u2013 Suurk\u00f6\u00f6giseadmed restoranidele ja toitlustusele\",\"isPartOf\":{\"@id\":\"https:\\\/\\\/adexa.ee\\\/#website\"},\"primaryImageOfPage\":{\"@id\":\"https:\\\/\\\/adexa.ee\\\/toode\\\/vitriinkulmik-koogilett-umar-esiosa-3-riiulit-1000x700x1300mm-roostevaba-teras-must-adexa-hl1000em3\\\/#primaryimage\"},\"image\":{\"@id\":\"https:\\\/\\\/adexa.ee\\\/toode\\\/vitriinkulmik-koogilett-umar-esiosa-3-riiulit-1000x700x1300mm-roostevaba-teras-must-adexa-hl1000em3\\\/#primaryimage\"},\"thumbnailUrl\":\"https:\\\/\\\/adexa.ee\\\/wp-content\\\/uploads\\\/2025\\\/08\\\/HLEM2-scaled.jpg\",\"datePublished\":\"2026-03-28T20:15:57+00:00\",\"breadcrumb\":{\"@id\":\"https:\\\/\\\/adexa.ee\\\/toode\\\/vitriinkulmik-koogilett-umar-esiosa-3-riiulit-1000x700x1300mm-roostevaba-teras-must-adexa-hl1000em3\\\/#breadcrumb\"},\"inLanguage\":\"en-US\",\"potentialAction\":[{\"@type\":\"ReadAction\",\"target\":[\"https:\\\/\\\/adexa.ee\\\/toode\\\/vitriinkulmik-koogilett-umar-esiosa-3-riiulit-1000x700x1300mm-roostevaba-teras-must-adexa-hl1000em3\\\/\"]}]},{\"@type\":\"ImageObject\",\"inLanguage\":\"en-US\",\"@id\":\"https:\\\/\\\/adexa.ee\\\/toode\\\/vitriinkulmik-koogilett-umar-esiosa-3-riiulit-1000x700x1300mm-roostevaba-teras-must-adexa-hl1000em3\\\/#primaryimage\",\"url\":\"https:\\\/\\\/adexa.ee\\\/wp-content\\\/uploads\\\/2025\\\/08\\\/HLEM2-scaled.jpg\",\"contentUrl\":\"https:\\\/\\\/adexa.ee\\\/wp-content\\\/uploads\\\/2025\\\/08\\\/HLEM2-scaled.jpg\",\"width\":2560,\"height\":2560},{\"@type\":\"BreadcrumbList\",\"@id\":\"https:\\\/\\\/adexa.ee\\\/toode\\\/vitriinkulmik-koogilett-umar-esiosa-3-riiulit-1000x700x1300mm-roostevaba-teras-must-adexa-hl1000em3\\\/#breadcrumb\",\"itemListElement\":[{\"@type\":\"ListItem\",\"position\":1,\"name\":\"Home\",\"item\":\"https:\\\/\\\/adexa.ee\\\/\"},{\"@type\":\"ListItem\",\"position\":2,\"name\":\"Tooted\",\"item\":\"https:\\\/\\\/adexa.ee\\\/pood\\\/\"},{\"@type\":\"ListItem\",\"position\":3,\"name\":\"Vitriink\u00fclmik koogilett \u00dcmar esiosa 3 riiulit 1000x700x1300mm Roostevaba teras &#038; Must | Adexa HL1000EM3\"}]},{\"@type\":\"WebSite\",\"@id\":\"https:\\\/\\\/adexa.ee\\\/#website\",\"url\":\"https:\\\/\\\/adexa.ee\\\/\",\"name\":\"Adexa\",\"description\":\"\",\"publisher\":{\"@id\":\"https:\\\/\\\/adexa.ee\\\/#organization\"},\"potentialAction\":[{\"@type\":\"SearchAction\",\"target\":{\"@type\":\"EntryPoint\",\"urlTemplate\":\"https:\\\/\\\/adexa.ee\\\/?s={search_term_string}\"},\"query-input\":{\"@type\":\"PropertyValueSpecification\",\"valueRequired\":true,\"valueName\":\"search_term_string\"}}],\"inLanguage\":\"en-US\"},{\"@type\":\"Organization\",\"@id\":\"https:\\\/\\\/adexa.ee\\\/#organization\",\"name\":\"Adexa\",\"url\":\"https:\\\/\\\/adexa.ee\\\/\",\"logo\":{\"@type\":\"ImageObject\",\"inLanguage\":\"en-US\",\"@id\":\"https:\\\/\\\/adexa.ee\\\/#\\\/schema\\\/logo\\\/image\\\/\",\"url\":\"https:\\\/\\\/adexa.ee\\\/wp-content\\\/uploads\\\/2024\\\/04\\\/chef-cooks-working-in-professional-kitchen-2023-11-27-05-07-39-utc-scaled.jpg\",\"contentUrl\":\"https:\\\/\\\/adexa.ee\\\/wp-content\\\/uploads\\\/2024\\\/04\\\/chef-cooks-working-in-professional-kitchen-2023-11-27-05-07-39-utc-scaled.jpg\",\"width\":2560,\"height\":1708,\"caption\":\"Adexa\"},\"image\":{\"@id\":\"https:\\\/\\\/adexa.ee\\\/#\\\/schema\\\/logo\\\/image\\\/\"}}]}<\/script>\n<!-- \/ Yoast SEO plugin. -->","yoast_head_json":{"title":"Vitriink\u00fclmik koogilett \u00dcmar esiosa 3 riiulit 1000x700x1300mm Roostevaba teras & Must | Adexa HL1000EM3 - Adexa \u2013 Suurk\u00f6\u00f6giseadmed restoranidele ja toitlustusele","robots":{"index":"index","follow":"follow","max-snippet":"max-snippet:-1","max-image-preview":"max-image-preview:large","max-video-preview":"max-video-preview:-1"},"canonical":"https:\/\/adexa.ee\/toode\/vitriinkulmik-koogilett-umar-esiosa-3-riiulit-1000x700x1300mm-roostevaba-teras-must-adexa-hl1000em3\/","og_locale":"en_US","og_type":"article","og_title":"Vitriink\u00fclmik koogilett \u00dcmar esiosa 3 riiulit 1000x700x1300mm Roostevaba teras & Must | Adexa HL1000EM3 - Adexa \u2013 Suurk\u00f6\u00f6giseadmed restoranidele ja toitlustusele","og_description":"Professionaalne jahutatud esitlustoodang, mis sobib suurep\u00e4raselt kookide ja saiakeste eksponeerimiseks kohvikutes, restoranides v\u00f5i poodides. Suurep\u00e4rane kulut\u00f5hus jahutusega kuvamisseade. T\u00e4iuslik letti","og_url":"https:\/\/adexa.ee\/toode\/vitriinkulmik-koogilett-umar-esiosa-3-riiulit-1000x700x1300mm-roostevaba-teras-must-adexa-hl1000em3\/","og_site_name":"Adexa \u2013 Suurk\u00f6\u00f6giseadmed restoranidele ja toitlustusele","og_image":[{"width":2560,"height":2560,"url":"https:\/\/adexa.ee\/wp-content\/uploads\/2025\/08\/HLEM2-scaled.jpg","type":"image\/jpeg"}],"twitter_card":"summary_large_image","schema":{"@context":"https:\/\/schema.org","@graph":[{"@type":"WebPage","@id":"https:\/\/adexa.ee\/toode\/vitriinkulmik-koogilett-umar-esiosa-3-riiulit-1000x700x1300mm-roostevaba-teras-must-adexa-hl1000em3\/","url":"https:\/\/adexa.ee\/toode\/vitriinkulmik-koogilett-umar-esiosa-3-riiulit-1000x700x1300mm-roostevaba-teras-must-adexa-hl1000em3\/","name":"Vitriink\u00fclmik koogilett \u00dcmar esiosa 3 riiulit 1000x700x1300mm Roostevaba teras & Must | Adexa HL1000EM3 - Adexa \u2013 Suurk\u00f6\u00f6giseadmed restoranidele ja toitlustusele","isPartOf":{"@id":"https:\/\/adexa.ee\/#website"},"primaryImageOfPage":{"@id":"https:\/\/adexa.ee\/toode\/vitriinkulmik-koogilett-umar-esiosa-3-riiulit-1000x700x1300mm-roostevaba-teras-must-adexa-hl1000em3\/#primaryimage"},"image":{"@id":"https:\/\/adexa.ee\/toode\/vitriinkulmik-koogilett-umar-esiosa-3-riiulit-1000x700x1300mm-roostevaba-teras-must-adexa-hl1000em3\/#primaryimage"},"thumbnailUrl":"https:\/\/adexa.ee\/wp-content\/uploads\/2025\/08\/HLEM2-scaled.jpg","datePublished":"2026-03-28T20:15:57+00:00","breadcrumb":{"@id":"https:\/\/adexa.ee\/toode\/vitriinkulmik-koogilett-umar-esiosa-3-riiulit-1000x700x1300mm-roostevaba-teras-must-adexa-hl1000em3\/#breadcrumb"},"inLanguage":"en-US","potentialAction":[{"@type":"ReadAction","target":["https:\/\/adexa.ee\/toode\/vitriinkulmik-koogilett-umar-esiosa-3-riiulit-1000x700x1300mm-roostevaba-teras-must-adexa-hl1000em3\/"]}]},{"@type":"ImageObject","inLanguage":"en-US","@id":"https:\/\/adexa.ee\/toode\/vitriinkulmik-koogilett-umar-esiosa-3-riiulit-1000x700x1300mm-roostevaba-teras-must-adexa-hl1000em3\/#primaryimage","url":"https:\/\/adexa.ee\/wp-content\/uploads\/2025\/08\/HLEM2-scaled.jpg","contentUrl":"https:\/\/adexa.ee\/wp-content\/uploads\/2025\/08\/HLEM2-scaled.jpg","width":2560,"height":2560},{"@type":"BreadcrumbList","@id":"https:\/\/adexa.ee\/toode\/vitriinkulmik-koogilett-umar-esiosa-3-riiulit-1000x700x1300mm-roostevaba-teras-must-adexa-hl1000em3\/#breadcrumb","itemListElement":[{"@type":"ListItem","position":1,"name":"Home","item":"https:\/\/adexa.ee\/"},{"@type":"ListItem","position":2,"name":"Tooted","item":"https:\/\/adexa.ee\/pood\/"},{"@type":"ListItem","position":3,"name":"Vitriink\u00fclmik koogilett \u00dcmar esiosa 3 riiulit 1000x700x1300mm Roostevaba teras &#038; Must | Adexa HL1000EM3"}]},{"@type":"WebSite","@id":"https:\/\/adexa.ee\/#website","url":"https:\/\/adexa.ee\/","name":"Adexa","description":"","publisher":{"@id":"https:\/\/adexa.ee\/#organization"},"potentialAction":[{"@type":"SearchAction","target":{"@type":"EntryPoint","urlTemplate":"https:\/\/adexa.ee\/?s={search_term_string}"},"query-input":{"@type":"PropertyValueSpecification","valueRequired":true,"valueName":"search_term_string"}}],"inLanguage":"en-US"},{"@type":"Organization","@id":"https:\/\/adexa.ee\/#organization","name":"Adexa","url":"https:\/\/adexa.ee\/","logo":{"@type":"ImageObject","inLanguage":"en-US","@id":"https:\/\/adexa.ee\/#\/schema\/logo\/image\/","url":"https:\/\/adexa.ee\/wp-content\/uploads\/2024\/04\/chef-cooks-working-in-professional-kitchen-2023-11-27-05-07-39-utc-scaled.jpg","contentUrl":"https:\/\/adexa.ee\/wp-content\/uploads\/2024\/04\/chef-cooks-working-in-professional-kitchen-2023-11-27-05-07-39-utc-scaled.jpg","width":2560,"height":1708,"caption":"Adexa"},"image":{"@id":"https:\/\/adexa.ee\/#\/schema\/logo\/image\/"}}]}},"_links":{"self":[{"href":"https:\/\/adexa.ee\/en\/wp-json\/wp\/v2\/product\/34737","targetHints":{"allow":["GET"]}}],"collection":[{"href":"https:\/\/adexa.ee\/en\/wp-json\/wp\/v2\/product"}],"about":[{"href":"https:\/\/adexa.ee\/en\/wp-json\/wp\/v2\/types\/product"}],"wp:featuredmedia":[{"embeddable":true,"href":"https:\/\/adexa.ee\/en\/wp-json\/wp\/v2\/media\/34729"}],"wp:attachment":[{"href":"https:\/\/adexa.ee\/en\/wp-json\/wp\/v2\/media?parent=34737"}],"wp:term":[{"taxonomy":"product_brand","embeddable":true,"href":"https:\/\/adexa.ee\/en\/wp-json\/wp\/v2\/product_brand?post=34737"},{"taxonomy":"product_cat","embeddable":true,"href":"https:\/\/adexa.ee\/en\/wp-json\/wp\/v2\/product_cat?post=34737"},{"taxonomy":"product_tag","embeddable":true,"href":"https:\/\/adexa.ee\/en\/wp-json\/wp\/v2\/product_tag?post=34737"}],"curies":[{"name":"wp","href":"https:\/\/api.w.org\/{rel}","templated":true}]}}