{"id":34934,"date":"2026-03-26T11:55:20","date_gmt":"2026-03-26T09:55:20","guid":{"rendered":"https:\/\/adexa.ee\/toode\/kulmletiga-ettevalmistuslaud-1-uksega-2-sahtliga-adexa-ths9012d\/"},"modified":"2026-03-26T11:55:21","modified_gmt":"2026-03-26T09:55:21","slug":"kulmletiga-ettevalmistuslaud-1-uksega-2-sahtliga-adexa-ths9012d","status":"publish","type":"product","link":"https:\/\/adexa.ee\/en\/toode\/kulmletiga-ettevalmistuslaud-1-uksega-2-sahtliga-adexa-ths9012d\/","title":{"rendered":"K\u00fclmletiga ettevalmistuslaud 1 uksega 2 sahtliga | Adexa THS9012D"},"content":{"rendered":"<p>Kaubanduslik k\u00fclmletiga ettevalmistuslaud, mis on valmistatud tugevast roostevabast terasest v\u00e4ljast ja seest, 1 ukse ja 2 sahtliga. Komplektis on 1 x reguleeritav GN1\/1 suuruses riiul. Sahtlid mahutavad GN1\/1 suuruses konteinereid, mida ei ole komplektis. Ruumi s\u00e4\u00e4stev lisa igale restoranile v\u00f5i toitlustusettev\u00f5ttele. Maht: 230 liitrit, CFC-vaba k\u00fclmaaine ja vaht, AISI 304 roostevaba terasest karkassi konstruktsioon, Elektrooniline termostaat ja digitaalne LED temperatuuri n\u00e4idik t\u00e4pseks juhtimiseks ja h\u00f5lpsaks lugemiseks, Automaatne sulatus ja kondensatsioonivee automaatne aurustumine, Magnettihend, mida saab vahetada ilma t\u00f6\u00f6riistadeta, \u00dcmarate servadega p\u00f5hi lihtsaks puhastamiseks, Disainitud mahutama GN1\/1 panne, konteinereid ja aluseid, Toiteallikas: 230V \/ 1N \/ 50Hz, Temperatuur: +2\u00b0C kuni +8\u00b0C, Jahutus staatiline, Rattad kaasas, Standardne UK pistik, Palun vaata jaotist &#8216;Spetsifikatsioon&#8217; \u00fcksikasjaliku teabe saamiseks.<\/p>\n<table style=\"border-collapse: collapse; width: 100%; text-align: left;\">\n<tbody>\n<tr>\n<td style=\"border: 1px solid #ddd; padding: 8px; width: 45%;\"><strong>S\u00fcgavus<\/strong><\/td>\n<td style=\"border: 1px solid #ddd; padding: 8px;\">700mm<\/td>\n<\/tr>\n<tr>\n<td style=\"border: 1px solid #ddd; padding: 8px; width: 45%;\"><strong>K\u00f5rgus<\/strong><\/td>\n<td style=\"border: 1px solid #ddd; padding: 8px;\">1000mm<\/td>\n<\/tr>\n<tr>\n<td style=\"border: 1px solid #ddd; padding: 8px; width: 45%;\"><strong>Laius<\/strong><\/td>\n<td style=\"border: 1px solid #ddd; padding: 8px;\">900mm<\/td>\n<\/tr>\n<tr>\n<td style=\"border: 1px solid #ddd; padding: 8px; width: 45%;\"><strong>Kaal<\/strong><\/td>\n<td style=\"border: 1px solid #ddd; padding: 8px;\">86 kg<\/td>\n<\/tr>\n<tr>\n<td style=\"border: 1px solid #ddd; padding: 8px; width: 45%;\"><strong>Garantii<\/strong><\/td>\n<td style=\"border: 1px solid #ddd; padding: 8px;\">12 kuu varuosade garantii<\/td>\n<\/tr>\n<tr>\n<td style=\"border: 1px solid #ddd; padding: 8px; width: 45%;\"><strong>Mahutavus<\/strong><\/td>\n<td style=\"border: 1px solid #ddd; padding: 8px;\">230 liitrit<\/td>\n<\/tr>\n<tr>\n<td style=\"border: 1px solid #ddd; padding: 8px; width: 45%;\"><strong>Uksed \/ Sahtlid<\/strong><\/td>\n<td style=\"border: 1px solid #ddd; padding: 8px;\">1 uks &#038; 2 sahtlit<\/td>\n<\/tr>\n<tr>\n<td style=\"border: 1px solid #ddd; padding: 8px; width: 45%;\"><strong>Toiteallikas<\/strong><\/td>\n<td style=\"border: 1px solid #ddd; padding: 8px;\">230V \/ 1 faas<\/td>\n<\/tr>\n<tr>\n<td style=\"border: 1px solid #ddd; padding: 8px; width: 45%;\"><strong>Jalad<\/strong><\/td>\n<td style=\"border: 1px solid #ddd; padding: 8px;\">Reguleeritav<\/td>\n<\/tr>\n<tr>\n<td style=\"border: 1px solid #ddd; padding: 8px; width: 45%;\"><strong>Plaadi\/V\u00f5re suurus<\/strong><\/td>\n<td style=\"border: 1px solid #ddd; padding: 8px;\">GN1\/1<\/td>\n<\/tr>\n<tr>\n<td style=\"border: 1px solid #ddd; padding: 8px; width: 45%;\"><strong>Rullikud<\/strong><\/td>\n<td style=\"border: 1px solid #ddd; padding: 8px;\">Jah<\/td>\n<\/tr>\n<tr>\n<td style=\"border: 1px solid #ddd; padding: 8px; width: 45%;\"><strong>Jahutamine<\/strong><\/td>\n<td style=\"border: 1px solid #ddd; padding: 8px;\">Staatiline<\/td>\n<\/tr>\n<tr>\n<td style=\"border: 1px solid #ddd; padding: 8px; width: 45%;\"><strong>Temperatuur<\/strong><\/td>\n<td style=\"border: 1px solid #ddd; padding: 8px;\">+2 kuni +8\u00b0C<\/td>\n<\/tr>\n<tr>\n<td style=\"border: 1px solid #ddd; padding: 8px; width: 45%;\"><strong>Materjal (v\u00e4limine)<\/strong><\/td>\n<td style=\"border: 1px solid #ddd; padding: 8px;\">Roostevaba teras<\/td>\n<\/tr>\n<\/tbody>\n<\/table>\n","protected":false},"excerpt":{"rendered":"<p>Kaubanduslik k\u00fclmletiga ettevalmistuslaud, mis on valmistatud tugevast roostevabast terasest v\u00e4ljast ja seest, 1 ukse ja 2 sahtliga. Komplektis on 1<\/p>\n","protected":false},"featured_media":34965,"template":"","meta":[],"product_brand":[],"product_cat":[564,605,565],"product_tag":[],"class_list":{"0":"post-34934","1":"product","2":"type-product","3":"status-publish","4":"has-post-thumbnail","6":"product_cat-jahutusseadmed","7":"product_cat-kulmletid-lauad-sahtlitega","8":"product_cat-letikulmikud","10":"first","11":"instock","12":"sale","13":"taxable","14":"shipping-taxable","15":"purchasable","16":"product-type-simple"},"yoast_head":"<!-- This site is optimized with the Yoast SEO plugin v27.3 - https:\/\/yoast.com\/product\/yoast-seo-wordpress\/ -->\n<title>K\u00fclmletiga ettevalmistuslaud 1 uksega 2 sahtliga | Adexa THS9012D - Adexa \u2013 Suurk\u00f6\u00f6giseadmed restoranidele ja toitlustusele<\/title>\n<meta name=\"robots\" content=\"index, follow, max-snippet:-1, max-image-preview:large, max-video-preview:-1\" \/>\n<link rel=\"canonical\" href=\"https:\/\/adexa.ee\/toode\/kulmletiga-ettevalmistuslaud-1-uksega-2-sahtliga-adexa-ths9012d\/\" \/>\n<meta property=\"og:locale\" content=\"en_US\" \/>\n<meta property=\"og:type\" content=\"article\" \/>\n<meta property=\"og:title\" content=\"K\u00fclmletiga ettevalmistuslaud 1 uksega 2 sahtliga | Adexa THS9012D - Adexa \u2013 Suurk\u00f6\u00f6giseadmed restoranidele ja toitlustusele\" \/>\n<meta property=\"og:description\" content=\"Kaubanduslik k\u00fclmletiga ettevalmistuslaud, mis on valmistatud tugevast roostevabast terasest v\u00e4ljast ja seest, 1 ukse ja 2 sahtliga. Komplektis on 1\" \/>\n<meta property=\"og:url\" content=\"https:\/\/adexa.ee\/toode\/kulmletiga-ettevalmistuslaud-1-uksega-2-sahtliga-adexa-ths9012d\/\" \/>\n<meta property=\"og:site_name\" content=\"Adexa \u2013 Suurk\u00f6\u00f6giseadmed restoranidele ja toitlustusele\" \/>\n<meta property=\"article:modified_time\" content=\"2026-03-26T09:55:21+00:00\" \/>\n<meta property=\"og:image\" content=\"https:\/\/adexa.ee\/wp-content\/uploads\/2025\/08\/THS9012D-L.jpg\" \/>\n\t<meta property=\"og:image:width\" content=\"1128\" \/>\n\t<meta property=\"og:image:height\" content=\"1128\" \/>\n\t<meta property=\"og:image:type\" content=\"image\/jpeg\" \/>\n<meta name=\"twitter:card\" content=\"summary_large_image\" \/>\n<meta name=\"twitter:label1\" content=\"Est. reading time\" \/>\n\t<meta name=\"twitter:data1\" content=\"1 minute\" \/>\n<script type=\"application\/ld+json\" class=\"yoast-schema-graph\">{\"@context\":\"https:\\\/\\\/schema.org\",\"@graph\":[{\"@type\":\"WebPage\",\"@id\":\"https:\\\/\\\/adexa.ee\\\/toode\\\/kulmletiga-ettevalmistuslaud-1-uksega-2-sahtliga-adexa-ths9012d\\\/\",\"url\":\"https:\\\/\\\/adexa.ee\\\/toode\\\/kulmletiga-ettevalmistuslaud-1-uksega-2-sahtliga-adexa-ths9012d\\\/\",\"name\":\"K\u00fclmletiga ettevalmistuslaud 1 uksega 2 sahtliga | Adexa THS9012D - Adexa \u2013 Suurk\u00f6\u00f6giseadmed restoranidele ja toitlustusele\",\"isPartOf\":{\"@id\":\"https:\\\/\\\/adexa.ee\\\/#website\"},\"primaryImageOfPage\":{\"@id\":\"https:\\\/\\\/adexa.ee\\\/toode\\\/kulmletiga-ettevalmistuslaud-1-uksega-2-sahtliga-adexa-ths9012d\\\/#primaryimage\"},\"image\":{\"@id\":\"https:\\\/\\\/adexa.ee\\\/toode\\\/kulmletiga-ettevalmistuslaud-1-uksega-2-sahtliga-adexa-ths9012d\\\/#primaryimage\"},\"thumbnailUrl\":\"https:\\\/\\\/adexa.ee\\\/wp-content\\\/uploads\\\/2025\\\/08\\\/THS9012D-L.jpg\",\"datePublished\":\"2026-03-26T09:55:20+00:00\",\"dateModified\":\"2026-03-26T09:55:21+00:00\",\"breadcrumb\":{\"@id\":\"https:\\\/\\\/adexa.ee\\\/toode\\\/kulmletiga-ettevalmistuslaud-1-uksega-2-sahtliga-adexa-ths9012d\\\/#breadcrumb\"},\"inLanguage\":\"en-US\",\"potentialAction\":[{\"@type\":\"ReadAction\",\"target\":[\"https:\\\/\\\/adexa.ee\\\/toode\\\/kulmletiga-ettevalmistuslaud-1-uksega-2-sahtliga-adexa-ths9012d\\\/\"]}]},{\"@type\":\"ImageObject\",\"inLanguage\":\"en-US\",\"@id\":\"https:\\\/\\\/adexa.ee\\\/toode\\\/kulmletiga-ettevalmistuslaud-1-uksega-2-sahtliga-adexa-ths9012d\\\/#primaryimage\",\"url\":\"https:\\\/\\\/adexa.ee\\\/wp-content\\\/uploads\\\/2025\\\/08\\\/THS9012D-L.jpg\",\"contentUrl\":\"https:\\\/\\\/adexa.ee\\\/wp-content\\\/uploads\\\/2025\\\/08\\\/THS9012D-L.jpg\",\"width\":1128,\"height\":1128},{\"@type\":\"BreadcrumbList\",\"@id\":\"https:\\\/\\\/adexa.ee\\\/toode\\\/kulmletiga-ettevalmistuslaud-1-uksega-2-sahtliga-adexa-ths9012d\\\/#breadcrumb\",\"itemListElement\":[{\"@type\":\"ListItem\",\"position\":1,\"name\":\"Home\",\"item\":\"https:\\\/\\\/adexa.ee\\\/\"},{\"@type\":\"ListItem\",\"position\":2,\"name\":\"Tooted\",\"item\":\"https:\\\/\\\/adexa.ee\\\/pood\\\/\"},{\"@type\":\"ListItem\",\"position\":3,\"name\":\"K\u00fclmletiga ettevalmistuslaud 1 uksega 2 sahtliga | Adexa THS9012D\"}]},{\"@type\":\"WebSite\",\"@id\":\"https:\\\/\\\/adexa.ee\\\/#website\",\"url\":\"https:\\\/\\\/adexa.ee\\\/\",\"name\":\"Adexa\",\"description\":\"\",\"publisher\":{\"@id\":\"https:\\\/\\\/adexa.ee\\\/#organization\"},\"potentialAction\":[{\"@type\":\"SearchAction\",\"target\":{\"@type\":\"EntryPoint\",\"urlTemplate\":\"https:\\\/\\\/adexa.ee\\\/?s={search_term_string}\"},\"query-input\":{\"@type\":\"PropertyValueSpecification\",\"valueRequired\":true,\"valueName\":\"search_term_string\"}}],\"inLanguage\":\"en-US\"},{\"@type\":\"Organization\",\"@id\":\"https:\\\/\\\/adexa.ee\\\/#organization\",\"name\":\"Adexa\",\"url\":\"https:\\\/\\\/adexa.ee\\\/\",\"logo\":{\"@type\":\"ImageObject\",\"inLanguage\":\"en-US\",\"@id\":\"https:\\\/\\\/adexa.ee\\\/#\\\/schema\\\/logo\\\/image\\\/\",\"url\":\"https:\\\/\\\/adexa.ee\\\/wp-content\\\/uploads\\\/2024\\\/04\\\/chef-cooks-working-in-professional-kitchen-2023-11-27-05-07-39-utc-scaled.jpg\",\"contentUrl\":\"https:\\\/\\\/adexa.ee\\\/wp-content\\\/uploads\\\/2024\\\/04\\\/chef-cooks-working-in-professional-kitchen-2023-11-27-05-07-39-utc-scaled.jpg\",\"width\":2560,\"height\":1708,\"caption\":\"Adexa\"},\"image\":{\"@id\":\"https:\\\/\\\/adexa.ee\\\/#\\\/schema\\\/logo\\\/image\\\/\"}}]}<\/script>\n<!-- \/ Yoast SEO plugin. -->","yoast_head_json":{"title":"K\u00fclmletiga ettevalmistuslaud 1 uksega 2 sahtliga | Adexa THS9012D - Adexa \u2013 Suurk\u00f6\u00f6giseadmed restoranidele ja toitlustusele","robots":{"index":"index","follow":"follow","max-snippet":"max-snippet:-1","max-image-preview":"max-image-preview:large","max-video-preview":"max-video-preview:-1"},"canonical":"https:\/\/adexa.ee\/toode\/kulmletiga-ettevalmistuslaud-1-uksega-2-sahtliga-adexa-ths9012d\/","og_locale":"en_US","og_type":"article","og_title":"K\u00fclmletiga ettevalmistuslaud 1 uksega 2 sahtliga | Adexa THS9012D - Adexa \u2013 Suurk\u00f6\u00f6giseadmed restoranidele ja toitlustusele","og_description":"Kaubanduslik k\u00fclmletiga ettevalmistuslaud, mis on valmistatud tugevast roostevabast terasest v\u00e4ljast ja seest, 1 ukse ja 2 sahtliga. Komplektis on 1","og_url":"https:\/\/adexa.ee\/toode\/kulmletiga-ettevalmistuslaud-1-uksega-2-sahtliga-adexa-ths9012d\/","og_site_name":"Adexa \u2013 Suurk\u00f6\u00f6giseadmed restoranidele ja toitlustusele","article_modified_time":"2026-03-26T09:55:21+00:00","og_image":[{"width":1128,"height":1128,"url":"https:\/\/adexa.ee\/wp-content\/uploads\/2025\/08\/THS9012D-L.jpg","type":"image\/jpeg"}],"twitter_card":"summary_large_image","twitter_misc":{"Est. reading time":"1 minute"},"schema":{"@context":"https:\/\/schema.org","@graph":[{"@type":"WebPage","@id":"https:\/\/adexa.ee\/toode\/kulmletiga-ettevalmistuslaud-1-uksega-2-sahtliga-adexa-ths9012d\/","url":"https:\/\/adexa.ee\/toode\/kulmletiga-ettevalmistuslaud-1-uksega-2-sahtliga-adexa-ths9012d\/","name":"K\u00fclmletiga ettevalmistuslaud 1 uksega 2 sahtliga | Adexa THS9012D - Adexa \u2013 Suurk\u00f6\u00f6giseadmed restoranidele ja toitlustusele","isPartOf":{"@id":"https:\/\/adexa.ee\/#website"},"primaryImageOfPage":{"@id":"https:\/\/adexa.ee\/toode\/kulmletiga-ettevalmistuslaud-1-uksega-2-sahtliga-adexa-ths9012d\/#primaryimage"},"image":{"@id":"https:\/\/adexa.ee\/toode\/kulmletiga-ettevalmistuslaud-1-uksega-2-sahtliga-adexa-ths9012d\/#primaryimage"},"thumbnailUrl":"https:\/\/adexa.ee\/wp-content\/uploads\/2025\/08\/THS9012D-L.jpg","datePublished":"2026-03-26T09:55:20+00:00","dateModified":"2026-03-26T09:55:21+00:00","breadcrumb":{"@id":"https:\/\/adexa.ee\/toode\/kulmletiga-ettevalmistuslaud-1-uksega-2-sahtliga-adexa-ths9012d\/#breadcrumb"},"inLanguage":"en-US","potentialAction":[{"@type":"ReadAction","target":["https:\/\/adexa.ee\/toode\/kulmletiga-ettevalmistuslaud-1-uksega-2-sahtliga-adexa-ths9012d\/"]}]},{"@type":"ImageObject","inLanguage":"en-US","@id":"https:\/\/adexa.ee\/toode\/kulmletiga-ettevalmistuslaud-1-uksega-2-sahtliga-adexa-ths9012d\/#primaryimage","url":"https:\/\/adexa.ee\/wp-content\/uploads\/2025\/08\/THS9012D-L.jpg","contentUrl":"https:\/\/adexa.ee\/wp-content\/uploads\/2025\/08\/THS9012D-L.jpg","width":1128,"height":1128},{"@type":"BreadcrumbList","@id":"https:\/\/adexa.ee\/toode\/kulmletiga-ettevalmistuslaud-1-uksega-2-sahtliga-adexa-ths9012d\/#breadcrumb","itemListElement":[{"@type":"ListItem","position":1,"name":"Home","item":"https:\/\/adexa.ee\/"},{"@type":"ListItem","position":2,"name":"Tooted","item":"https:\/\/adexa.ee\/pood\/"},{"@type":"ListItem","position":3,"name":"K\u00fclmletiga ettevalmistuslaud 1 uksega 2 sahtliga | Adexa THS9012D"}]},{"@type":"WebSite","@id":"https:\/\/adexa.ee\/#website","url":"https:\/\/adexa.ee\/","name":"Adexa","description":"","publisher":{"@id":"https:\/\/adexa.ee\/#organization"},"potentialAction":[{"@type":"SearchAction","target":{"@type":"EntryPoint","urlTemplate":"https:\/\/adexa.ee\/?s={search_term_string}"},"query-input":{"@type":"PropertyValueSpecification","valueRequired":true,"valueName":"search_term_string"}}],"inLanguage":"en-US"},{"@type":"Organization","@id":"https:\/\/adexa.ee\/#organization","name":"Adexa","url":"https:\/\/adexa.ee\/","logo":{"@type":"ImageObject","inLanguage":"en-US","@id":"https:\/\/adexa.ee\/#\/schema\/logo\/image\/","url":"https:\/\/adexa.ee\/wp-content\/uploads\/2024\/04\/chef-cooks-working-in-professional-kitchen-2023-11-27-05-07-39-utc-scaled.jpg","contentUrl":"https:\/\/adexa.ee\/wp-content\/uploads\/2024\/04\/chef-cooks-working-in-professional-kitchen-2023-11-27-05-07-39-utc-scaled.jpg","width":2560,"height":1708,"caption":"Adexa"},"image":{"@id":"https:\/\/adexa.ee\/#\/schema\/logo\/image\/"}}]}},"_links":{"self":[{"href":"https:\/\/adexa.ee\/en\/wp-json\/wp\/v2\/product\/34934","targetHints":{"allow":["GET"]}}],"collection":[{"href":"https:\/\/adexa.ee\/en\/wp-json\/wp\/v2\/product"}],"about":[{"href":"https:\/\/adexa.ee\/en\/wp-json\/wp\/v2\/types\/product"}],"wp:featuredmedia":[{"embeddable":true,"href":"https:\/\/adexa.ee\/en\/wp-json\/wp\/v2\/media\/34965"}],"wp:attachment":[{"href":"https:\/\/adexa.ee\/en\/wp-json\/wp\/v2\/media?parent=34934"}],"wp:term":[{"taxonomy":"product_brand","embeddable":true,"href":"https:\/\/adexa.ee\/en\/wp-json\/wp\/v2\/product_brand?post=34934"},{"taxonomy":"product_cat","embeddable":true,"href":"https:\/\/adexa.ee\/en\/wp-json\/wp\/v2\/product_cat?post=34934"},{"taxonomy":"product_tag","embeddable":true,"href":"https:\/\/adexa.ee\/en\/wp-json\/wp\/v2\/product_tag?post=34934"}],"curies":[{"name":"wp","href":"https:\/\/api.w.org\/{rel}","templated":true}]}}