{"id":34945,"date":"2026-03-28T00:35:08","date_gmt":"2026-03-27T22:35:08","guid":{"rendered":"https:\/\/adexa.ee\/toode\/1200lt-kaubanduslik-sugavkulmik-roostevabast-terasest-pustikapp-kaks-klaasuksega-statiivne-jahutus-adexa-f1200sglass\/"},"modified":"2026-03-28T00:35:09","modified_gmt":"2026-03-27T22:35:09","slug":"1200lt-kaubanduslik-sugavkulmik-roostevabast-terasest-pustikapp-kaks-klaasuksega-statiivne-jahutus-adexa-f1200sglass","status":"publish","type":"product","link":"https:\/\/adexa.ee\/en\/toode\/1200lt-kaubanduslik-sugavkulmik-roostevabast-terasest-pustikapp-kaks-klaasuksega-statiivne-jahutus-adexa-f1200sglass\/","title":{"rendered":"1200lt Kaubanduslik S\u00fcgavk\u00fclmik Roostevabast Terasest P\u00fcstikapp Kaks Klaasuksega Statiivne Jahutus | Adexa F1200SGLASS"},"content":{"rendered":"<p>Suurep\u00e4rane kvaliteetne kahekordse uksega kaubanduslik k\u00fclmik, mis pakub v\u00e4ga heldet kasutatava jahutatud hoiuruumi, tugevaid rattaid liikumiseks ja kasutajas\u00f5bralikke juhtseadmeid t\u00e4pse temperatuuri reguleerimiseks. See kahekordne professionaalne p\u00fcstk\u00fclmik soodushinnaga. V\u00e4lism\u00f5\u00f5dud (LxSxK): 1340 x 845 x 2000 mm. Sisem\u00f5\u00f5dud (LxSxK): 1220 x 680 x 1380 mm. Mahutavus: 1173 liitrit. Temperatuur: -18C kuni -20C. Toiteallikas: 230V \/ 1N \/ 50Hz. Statiivne jahutus. K\u00e4sitsi j\u00e4\u00e4t\u00f5rje. CFC-vaba k\u00fclmutusagens ja vaht. \u00dcmarad sisemised servad lihtsaks puhastamiseks. 60 mm paksune isolatsioon energia suurema t\u00f5hususe saavutamiseks. Elektrooniline termostaat ja digitaalne LED temperatuuri n\u00e4idik t\u00e4pseks juhtimiseks ja lihtsaks lugemiseks. Ise-sulguv uks. Magnettihendit saab ilma t\u00f6\u00f6riistadeta vahetada. K\u00fcttekeha peidetud ukseraami, et k\u00f5rvaldada kondensatsioon. Materjal (v\u00e4line): Roostevaba teras 430. Materjal (sisemine): Reljeefne alumiinium. HC k\u00fclmutusagens. Dokumendid: Kliki siia, et alla laadida Kasutusjuhend. Kliki siia, et alla laadida Energiaklasside Sildid. Kliki siia, et alla laadida Tehniline Joonis. Kliki siia, et alla laadida CE Vastavusdeklaratsioon. Palun vaadake &#8216;Spetsifikatsioonide&#8217; all \u00fcksikasjalikku teavet.<\/p>\n<table style=\"border-collapse: collapse; width: 100%; text-align: left;\">\n<tbody>\n<tr>\n<td style=\"border: 1px solid #ddd; padding: 8px; width: 45%;\"><strong>S\u00fcgavus<\/strong><\/td>\n<td style=\"border: 1px solid #ddd; padding: 8px;\">810mm<\/td>\n<\/tr>\n<tr>\n<td style=\"border: 1px solid #ddd; padding: 8px; width: 45%;\"><strong>K\u00f5rgus<\/strong><\/td>\n<td style=\"border: 1px solid #ddd; padding: 8px;\">2010mm<\/td>\n<\/tr>\n<tr>\n<td style=\"border: 1px solid #ddd; padding: 8px; width: 45%;\"><strong>Laius<\/strong><\/td>\n<td style=\"border: 1px solid #ddd; padding: 8px;\">1340 mm<\/td>\n<\/tr>\n<tr>\n<td style=\"border: 1px solid #ddd; padding: 8px; width: 45%;\"><strong>Kaal<\/strong><\/td>\n<td style=\"border: 1px solid #ddd; padding: 8px;\">185 kg<\/td>\n<\/tr>\n<tr>\n<td style=\"border: 1px solid #ddd; padding: 8px; width: 45%;\"><strong>Garantii<\/strong><\/td>\n<td style=\"border: 1px solid #ddd; padding: 8px;\">12 kuu varuosade garantii<\/td>\n<\/tr>\n<tr>\n<td style=\"border: 1px solid #ddd; padding: 8px; width: 45%;\"><strong>Mahutavus<\/strong><\/td>\n<td style=\"border: 1px solid #ddd; padding: 8px;\">1200 liitrit (bruto) \/ 791 liitrit (neto)<\/td>\n<\/tr>\n<tr>\n<td style=\"border: 1px solid #ddd; padding: 8px; width: 45%;\"><strong>Uksed \/ Sahtlid<\/strong><\/td>\n<td style=\"border: 1px solid #ddd; padding: 8px;\">2 klaasust<\/td>\n<\/tr>\n<tr>\n<td style=\"border: 1px solid #ddd; padding: 8px; width: 45%;\"><strong>Toiteallikas<\/strong><\/td>\n<td style=\"border: 1px solid #ddd; padding: 8px;\">230V \/ 1 faas<\/td>\n<\/tr>\n<tr>\n<td style=\"border: 1px solid #ddd; padding: 8px; width: 45%;\"><strong>V\u00f5imsus<\/strong><\/td>\n<td style=\"border: 1px solid #ddd; padding: 8px;\">710W<\/td>\n<\/tr>\n<tr>\n<td style=\"border: 1px solid #ddd; padding: 8px; width: 45%;\"><strong>Plaadi\/V\u00f5re suurus<\/strong><\/td>\n<td style=\"border: 1px solid #ddd; padding: 8px;\">GN2\/1 v\u00f5i 2xGN1\/1<\/td>\n<\/tr>\n<tr>\n<td style=\"border: 1px solid #ddd; padding: 8px; width: 45%;\"><strong>Riiulid<\/strong><\/td>\n<td style=\"border: 1px solid #ddd; padding: 8px;\">6 kaasatud<\/td>\n<\/tr>\n<tr>\n<td style=\"border: 1px solid #ddd; padding: 8px; width: 45%;\"><strong>Materjal<\/strong><\/td>\n<td style=\"border: 1px solid #ddd; padding: 8px;\">Roostevaba teras<\/td>\n<\/tr>\n<tr>\n<td style=\"border: 1px solid #ddd; padding: 8px; width: 45%;\"><strong>Jahutamine<\/strong><\/td>\n<td style=\"border: 1px solid #ddd; padding: 8px;\">Staatiline<\/td>\n<\/tr>\n<tr>\n<td style=\"border: 1px solid #ddd; padding: 8px; width: 45%;\"><strong>Sulatamine<\/strong><\/td>\n<td style=\"border: 1px solid #ddd; padding: 8px;\">K\u00e4siraamat<\/td>\n<\/tr>\n<tr>\n<td style=\"border: 1px solid #ddd; padding: 8px; width: 45%;\"><strong>K\u00fclmaaine<\/strong><\/td>\n<td style=\"border: 1px solid #ddd; padding: 8px;\">R290a<\/td>\n<\/tr>\n<tr>\n<td style=\"border: 1px solid #ddd; padding: 8px; width: 45%;\"><strong>Temperatuur<\/strong><\/td>\n<td style=\"border: 1px solid #ddd; padding: 8px;\">-18 kuni -20\u00b0C<\/td>\n<\/tr>\n<tr>\n<td style=\"border: 1px solid #ddd; padding: 8px; width: 45%;\"><strong>Maksimaalne temperatuur (ruum)<\/strong><\/td>\n<td style=\"border: 1px solid #ddd; padding: 8px;\">+43\u00b0C<\/td>\n<\/tr>\n<tr>\n<td style=\"border: 1px solid #ddd; padding: 8px; width: 45%;\"><strong>Materjal (v\u00e4limine)<\/strong><\/td>\n<td style=\"border: 1px solid #ddd; padding: 8px;\">Roostevaba teras<\/td>\n<\/tr>\n<tr>\n<td style=\"border: 1px solid #ddd; padding: 8px; width: 45%;\"><strong>Siseisolatsioon<\/strong><\/td>\n<td style=\"border: 1px solid #ddd; padding: 8px;\">60mm<\/td>\n<\/tr>\n<tr>\n<td style=\"border: 1px solid #ddd; padding: 8px; width: 45%;\"><strong>Lukk<\/strong><\/td>\n<td style=\"border: 1px solid #ddd; padding: 8px;\">Jah<\/td>\n<\/tr>\n<tr>\n<td style=\"border: 1px solid #ddd; padding: 8px; width: 45%;\"><strong>Materjal (sisemine)<\/strong><\/td>\n<td style=\"border: 1px solid #ddd; padding: 8px;\">Roostevaba teras<\/td>\n<\/tr>\n<tr>\n<td style=\"border: 1px solid #ddd; padding: 8px; width: 45%;\"><strong>Energiaklass<\/strong><\/td>\n<td style=\"border: 1px solid #ddd; padding: 8px;\">D<\/td>\n<\/tr>\n<tr>\n<td style=\"border: 1px solid #ddd; padding: 8px; width: 45%;\"><strong>M\u00f5\u00f5tmed (sisene)<\/strong><\/td>\n<td style=\"border: 1px solid #ddd; padding: 8px;\">1220x680x1390mm<\/td>\n<\/tr>\n<\/tbody>\n<\/table>\n","protected":false},"excerpt":{"rendered":"<p>Suurep\u00e4rane kvaliteetne kahekordse uksega kaubanduslik k\u00fclmik, mis pakub v\u00e4ga heldet kasutatava jahutatud hoiuruumi, tugevaid rattaid liikumiseks ja kasutajas\u00f5bralikke juhtseadmeid t\u00e4pse<\/p>\n","protected":false},"featured_media":12252,"template":"","meta":[],"product_brand":[],"product_cat":[564,569,932],"product_tag":[],"class_list":{"0":"post-34945","1":"product","2":"type-product","3":"status-publish","4":"has-post-thumbnail","6":"product_cat-jahutusseadmed","7":"product_cat-lopumuuk","8":"product_cat-sugavkulmikud","10":"first","11":"instock","12":"sale","13":"taxable","14":"shipping-taxable","15":"purchasable","16":"product-type-simple"},"yoast_head":"<!-- This site is optimized with the Yoast SEO plugin v27.3 - https:\/\/yoast.com\/product\/yoast-seo-wordpress\/ -->\n<title>1200lt Kaubanduslik S\u00fcgavk\u00fclmik Roostevabast Terasest P\u00fcstikapp Kaks Klaasuksega Statiivne Jahutus | Adexa F1200SGLASS - Adexa \u2013 Suurk\u00f6\u00f6giseadmed restoranidele ja toitlustusele<\/title>\n<meta name=\"robots\" content=\"index, follow, max-snippet:-1, max-image-preview:large, max-video-preview:-1\" \/>\n<link rel=\"canonical\" href=\"https:\/\/adexa.ee\/toode\/1200lt-kaubanduslik-sugavkulmik-roostevabast-terasest-pustikapp-kaks-klaasuksega-statiivne-jahutus-adexa-f1200sglass\/\" \/>\n<meta property=\"og:locale\" content=\"en_US\" \/>\n<meta property=\"og:type\" content=\"article\" \/>\n<meta property=\"og:title\" content=\"1200lt Kaubanduslik S\u00fcgavk\u00fclmik Roostevabast Terasest P\u00fcstikapp Kaks Klaasuksega Statiivne Jahutus | Adexa F1200SGLASS - Adexa \u2013 Suurk\u00f6\u00f6giseadmed restoranidele ja toitlustusele\" \/>\n<meta property=\"og:description\" content=\"Suurep\u00e4rane kvaliteetne kahekordse uksega kaubanduslik k\u00fclmik, mis pakub v\u00e4ga heldet kasutatava jahutatud hoiuruumi, tugevaid rattaid liikumiseks ja kasutajas\u00f5bralikke juhtseadmeid t\u00e4pse\" \/>\n<meta property=\"og:url\" content=\"https:\/\/adexa.ee\/toode\/1200lt-kaubanduslik-sugavkulmik-roostevabast-terasest-pustikapp-kaks-klaasuksega-statiivne-jahutus-adexa-f1200sglass\/\" \/>\n<meta property=\"og:site_name\" content=\"Adexa \u2013 Suurk\u00f6\u00f6giseadmed restoranidele ja toitlustusele\" \/>\n<meta property=\"article:modified_time\" content=\"2026-03-27T22:35:09+00:00\" \/>\n<meta property=\"og:image\" content=\"https:\/\/adexa.ee\/wp-content\/uploads\/2024\/12\/R1200SGLASS.jpg\" \/>\n\t<meta property=\"og:image:width\" content=\"2000\" \/>\n\t<meta property=\"og:image:height\" content=\"2000\" \/>\n\t<meta property=\"og:image:type\" content=\"image\/jpeg\" \/>\n<meta name=\"twitter:card\" content=\"summary_large_image\" \/>\n<meta name=\"twitter:label1\" content=\"Est. reading time\" \/>\n\t<meta name=\"twitter:data1\" content=\"1 minute\" \/>\n<script type=\"application\/ld+json\" class=\"yoast-schema-graph\">{\"@context\":\"https:\\\/\\\/schema.org\",\"@graph\":[{\"@type\":\"WebPage\",\"@id\":\"https:\\\/\\\/adexa.ee\\\/toode\\\/1200lt-kaubanduslik-sugavkulmik-roostevabast-terasest-pustikapp-kaks-klaasuksega-statiivne-jahutus-adexa-f1200sglass\\\/\",\"url\":\"https:\\\/\\\/adexa.ee\\\/toode\\\/1200lt-kaubanduslik-sugavkulmik-roostevabast-terasest-pustikapp-kaks-klaasuksega-statiivne-jahutus-adexa-f1200sglass\\\/\",\"name\":\"1200lt Kaubanduslik S\u00fcgavk\u00fclmik Roostevabast Terasest P\u00fcstikapp Kaks Klaasuksega Statiivne Jahutus | Adexa F1200SGLASS - Adexa \u2013 Suurk\u00f6\u00f6giseadmed restoranidele ja toitlustusele\",\"isPartOf\":{\"@id\":\"https:\\\/\\\/adexa.ee\\\/#website\"},\"primaryImageOfPage\":{\"@id\":\"https:\\\/\\\/adexa.ee\\\/toode\\\/1200lt-kaubanduslik-sugavkulmik-roostevabast-terasest-pustikapp-kaks-klaasuksega-statiivne-jahutus-adexa-f1200sglass\\\/#primaryimage\"},\"image\":{\"@id\":\"https:\\\/\\\/adexa.ee\\\/toode\\\/1200lt-kaubanduslik-sugavkulmik-roostevabast-terasest-pustikapp-kaks-klaasuksega-statiivne-jahutus-adexa-f1200sglass\\\/#primaryimage\"},\"thumbnailUrl\":\"https:\\\/\\\/adexa.ee\\\/wp-content\\\/uploads\\\/2024\\\/12\\\/R1200SGLASS.jpg\",\"datePublished\":\"2026-03-27T22:35:08+00:00\",\"dateModified\":\"2026-03-27T22:35:09+00:00\",\"breadcrumb\":{\"@id\":\"https:\\\/\\\/adexa.ee\\\/toode\\\/1200lt-kaubanduslik-sugavkulmik-roostevabast-terasest-pustikapp-kaks-klaasuksega-statiivne-jahutus-adexa-f1200sglass\\\/#breadcrumb\"},\"inLanguage\":\"en-US\",\"potentialAction\":[{\"@type\":\"ReadAction\",\"target\":[\"https:\\\/\\\/adexa.ee\\\/toode\\\/1200lt-kaubanduslik-sugavkulmik-roostevabast-terasest-pustikapp-kaks-klaasuksega-statiivne-jahutus-adexa-f1200sglass\\\/\"]}]},{\"@type\":\"ImageObject\",\"inLanguage\":\"en-US\",\"@id\":\"https:\\\/\\\/adexa.ee\\\/toode\\\/1200lt-kaubanduslik-sugavkulmik-roostevabast-terasest-pustikapp-kaks-klaasuksega-statiivne-jahutus-adexa-f1200sglass\\\/#primaryimage\",\"url\":\"https:\\\/\\\/adexa.ee\\\/wp-content\\\/uploads\\\/2024\\\/12\\\/R1200SGLASS.jpg\",\"contentUrl\":\"https:\\\/\\\/adexa.ee\\\/wp-content\\\/uploads\\\/2024\\\/12\\\/R1200SGLASS.jpg\",\"width\":2000,\"height\":2000},{\"@type\":\"BreadcrumbList\",\"@id\":\"https:\\\/\\\/adexa.ee\\\/toode\\\/1200lt-kaubanduslik-sugavkulmik-roostevabast-terasest-pustikapp-kaks-klaasuksega-statiivne-jahutus-adexa-f1200sglass\\\/#breadcrumb\",\"itemListElement\":[{\"@type\":\"ListItem\",\"position\":1,\"name\":\"Home\",\"item\":\"https:\\\/\\\/adexa.ee\\\/\"},{\"@type\":\"ListItem\",\"position\":2,\"name\":\"Tooted\",\"item\":\"https:\\\/\\\/adexa.ee\\\/pood\\\/\"},{\"@type\":\"ListItem\",\"position\":3,\"name\":\"1200lt Kaubanduslik S\u00fcgavk\u00fclmik Roostevabast Terasest P\u00fcstikapp Kaks Klaasuksega Statiivne Jahutus | Adexa F1200SGLASS\"}]},{\"@type\":\"WebSite\",\"@id\":\"https:\\\/\\\/adexa.ee\\\/#website\",\"url\":\"https:\\\/\\\/adexa.ee\\\/\",\"name\":\"Adexa\",\"description\":\"\",\"publisher\":{\"@id\":\"https:\\\/\\\/adexa.ee\\\/#organization\"},\"potentialAction\":[{\"@type\":\"SearchAction\",\"target\":{\"@type\":\"EntryPoint\",\"urlTemplate\":\"https:\\\/\\\/adexa.ee\\\/?s={search_term_string}\"},\"query-input\":{\"@type\":\"PropertyValueSpecification\",\"valueRequired\":true,\"valueName\":\"search_term_string\"}}],\"inLanguage\":\"en-US\"},{\"@type\":\"Organization\",\"@id\":\"https:\\\/\\\/adexa.ee\\\/#organization\",\"name\":\"Adexa\",\"url\":\"https:\\\/\\\/adexa.ee\\\/\",\"logo\":{\"@type\":\"ImageObject\",\"inLanguage\":\"en-US\",\"@id\":\"https:\\\/\\\/adexa.ee\\\/#\\\/schema\\\/logo\\\/image\\\/\",\"url\":\"https:\\\/\\\/adexa.ee\\\/wp-content\\\/uploads\\\/2024\\\/04\\\/chef-cooks-working-in-professional-kitchen-2023-11-27-05-07-39-utc-scaled.jpg\",\"contentUrl\":\"https:\\\/\\\/adexa.ee\\\/wp-content\\\/uploads\\\/2024\\\/04\\\/chef-cooks-working-in-professional-kitchen-2023-11-27-05-07-39-utc-scaled.jpg\",\"width\":2560,\"height\":1708,\"caption\":\"Adexa\"},\"image\":{\"@id\":\"https:\\\/\\\/adexa.ee\\\/#\\\/schema\\\/logo\\\/image\\\/\"}}]}<\/script>\n<!-- \/ Yoast SEO plugin. -->","yoast_head_json":{"title":"1200lt Kaubanduslik S\u00fcgavk\u00fclmik Roostevabast Terasest P\u00fcstikapp Kaks Klaasuksega Statiivne Jahutus | Adexa F1200SGLASS - Adexa \u2013 Suurk\u00f6\u00f6giseadmed restoranidele ja toitlustusele","robots":{"index":"index","follow":"follow","max-snippet":"max-snippet:-1","max-image-preview":"max-image-preview:large","max-video-preview":"max-video-preview:-1"},"canonical":"https:\/\/adexa.ee\/toode\/1200lt-kaubanduslik-sugavkulmik-roostevabast-terasest-pustikapp-kaks-klaasuksega-statiivne-jahutus-adexa-f1200sglass\/","og_locale":"en_US","og_type":"article","og_title":"1200lt Kaubanduslik S\u00fcgavk\u00fclmik Roostevabast Terasest P\u00fcstikapp Kaks Klaasuksega Statiivne Jahutus | Adexa F1200SGLASS - Adexa \u2013 Suurk\u00f6\u00f6giseadmed restoranidele ja toitlustusele","og_description":"Suurep\u00e4rane kvaliteetne kahekordse uksega kaubanduslik k\u00fclmik, mis pakub v\u00e4ga heldet kasutatava jahutatud hoiuruumi, tugevaid rattaid liikumiseks ja kasutajas\u00f5bralikke juhtseadmeid t\u00e4pse","og_url":"https:\/\/adexa.ee\/toode\/1200lt-kaubanduslik-sugavkulmik-roostevabast-terasest-pustikapp-kaks-klaasuksega-statiivne-jahutus-adexa-f1200sglass\/","og_site_name":"Adexa \u2013 Suurk\u00f6\u00f6giseadmed restoranidele ja toitlustusele","article_modified_time":"2026-03-27T22:35:09+00:00","og_image":[{"width":2000,"height":2000,"url":"https:\/\/adexa.ee\/wp-content\/uploads\/2024\/12\/R1200SGLASS.jpg","type":"image\/jpeg"}],"twitter_card":"summary_large_image","twitter_misc":{"Est. reading time":"1 minute"},"schema":{"@context":"https:\/\/schema.org","@graph":[{"@type":"WebPage","@id":"https:\/\/adexa.ee\/toode\/1200lt-kaubanduslik-sugavkulmik-roostevabast-terasest-pustikapp-kaks-klaasuksega-statiivne-jahutus-adexa-f1200sglass\/","url":"https:\/\/adexa.ee\/toode\/1200lt-kaubanduslik-sugavkulmik-roostevabast-terasest-pustikapp-kaks-klaasuksega-statiivne-jahutus-adexa-f1200sglass\/","name":"1200lt Kaubanduslik S\u00fcgavk\u00fclmik Roostevabast Terasest P\u00fcstikapp Kaks Klaasuksega Statiivne Jahutus | Adexa F1200SGLASS - Adexa \u2013 Suurk\u00f6\u00f6giseadmed restoranidele ja toitlustusele","isPartOf":{"@id":"https:\/\/adexa.ee\/#website"},"primaryImageOfPage":{"@id":"https:\/\/adexa.ee\/toode\/1200lt-kaubanduslik-sugavkulmik-roostevabast-terasest-pustikapp-kaks-klaasuksega-statiivne-jahutus-adexa-f1200sglass\/#primaryimage"},"image":{"@id":"https:\/\/adexa.ee\/toode\/1200lt-kaubanduslik-sugavkulmik-roostevabast-terasest-pustikapp-kaks-klaasuksega-statiivne-jahutus-adexa-f1200sglass\/#primaryimage"},"thumbnailUrl":"https:\/\/adexa.ee\/wp-content\/uploads\/2024\/12\/R1200SGLASS.jpg","datePublished":"2026-03-27T22:35:08+00:00","dateModified":"2026-03-27T22:35:09+00:00","breadcrumb":{"@id":"https:\/\/adexa.ee\/toode\/1200lt-kaubanduslik-sugavkulmik-roostevabast-terasest-pustikapp-kaks-klaasuksega-statiivne-jahutus-adexa-f1200sglass\/#breadcrumb"},"inLanguage":"en-US","potentialAction":[{"@type":"ReadAction","target":["https:\/\/adexa.ee\/toode\/1200lt-kaubanduslik-sugavkulmik-roostevabast-terasest-pustikapp-kaks-klaasuksega-statiivne-jahutus-adexa-f1200sglass\/"]}]},{"@type":"ImageObject","inLanguage":"en-US","@id":"https:\/\/adexa.ee\/toode\/1200lt-kaubanduslik-sugavkulmik-roostevabast-terasest-pustikapp-kaks-klaasuksega-statiivne-jahutus-adexa-f1200sglass\/#primaryimage","url":"https:\/\/adexa.ee\/wp-content\/uploads\/2024\/12\/R1200SGLASS.jpg","contentUrl":"https:\/\/adexa.ee\/wp-content\/uploads\/2024\/12\/R1200SGLASS.jpg","width":2000,"height":2000},{"@type":"BreadcrumbList","@id":"https:\/\/adexa.ee\/toode\/1200lt-kaubanduslik-sugavkulmik-roostevabast-terasest-pustikapp-kaks-klaasuksega-statiivne-jahutus-adexa-f1200sglass\/#breadcrumb","itemListElement":[{"@type":"ListItem","position":1,"name":"Home","item":"https:\/\/adexa.ee\/"},{"@type":"ListItem","position":2,"name":"Tooted","item":"https:\/\/adexa.ee\/pood\/"},{"@type":"ListItem","position":3,"name":"1200lt Kaubanduslik S\u00fcgavk\u00fclmik Roostevabast Terasest P\u00fcstikapp Kaks Klaasuksega Statiivne Jahutus | Adexa F1200SGLASS"}]},{"@type":"WebSite","@id":"https:\/\/adexa.ee\/#website","url":"https:\/\/adexa.ee\/","name":"Adexa","description":"","publisher":{"@id":"https:\/\/adexa.ee\/#organization"},"potentialAction":[{"@type":"SearchAction","target":{"@type":"EntryPoint","urlTemplate":"https:\/\/adexa.ee\/?s={search_term_string}"},"query-input":{"@type":"PropertyValueSpecification","valueRequired":true,"valueName":"search_term_string"}}],"inLanguage":"en-US"},{"@type":"Organization","@id":"https:\/\/adexa.ee\/#organization","name":"Adexa","url":"https:\/\/adexa.ee\/","logo":{"@type":"ImageObject","inLanguage":"en-US","@id":"https:\/\/adexa.ee\/#\/schema\/logo\/image\/","url":"https:\/\/adexa.ee\/wp-content\/uploads\/2024\/04\/chef-cooks-working-in-professional-kitchen-2023-11-27-05-07-39-utc-scaled.jpg","contentUrl":"https:\/\/adexa.ee\/wp-content\/uploads\/2024\/04\/chef-cooks-working-in-professional-kitchen-2023-11-27-05-07-39-utc-scaled.jpg","width":2560,"height":1708,"caption":"Adexa"},"image":{"@id":"https:\/\/adexa.ee\/#\/schema\/logo\/image\/"}}]}},"_links":{"self":[{"href":"https:\/\/adexa.ee\/en\/wp-json\/wp\/v2\/product\/34945","targetHints":{"allow":["GET"]}}],"collection":[{"href":"https:\/\/adexa.ee\/en\/wp-json\/wp\/v2\/product"}],"about":[{"href":"https:\/\/adexa.ee\/en\/wp-json\/wp\/v2\/types\/product"}],"wp:featuredmedia":[{"embeddable":true,"href":"https:\/\/adexa.ee\/en\/wp-json\/wp\/v2\/media\/12252"}],"wp:attachment":[{"href":"https:\/\/adexa.ee\/en\/wp-json\/wp\/v2\/media?parent=34945"}],"wp:term":[{"taxonomy":"product_brand","embeddable":true,"href":"https:\/\/adexa.ee\/en\/wp-json\/wp\/v2\/product_brand?post=34945"},{"taxonomy":"product_cat","embeddable":true,"href":"https:\/\/adexa.ee\/en\/wp-json\/wp\/v2\/product_cat?post=34945"},{"taxonomy":"product_tag","embeddable":true,"href":"https:\/\/adexa.ee\/en\/wp-json\/wp\/v2\/product_tag?post=34945"}],"curies":[{"name":"wp","href":"https:\/\/api.w.org\/{rel}","templated":true}]}}