{"id":35113,"date":"2026-03-26T11:55:26","date_gmt":"2026-03-26T09:55:26","guid":{"rendered":"https:\/\/adexa.ee\/toode\/panni-karu-6xgn2-1-alused-roostevaba-teras-590x670x970mm-kihtide-vahe-80mm-adexa-rt2106\/"},"modified":"2026-03-26T11:55:28","modified_gmt":"2026-03-26T09:55:28","slug":"panni-karu-6xgn2-1-alused-roostevaba-teras-590x670x970mm-kihtide-vahe-80mm-adexa-rt2106","status":"publish","type":"product","link":"https:\/\/adexa.ee\/en\/toode\/panni-karu-6xgn2-1-alused-roostevaba-teras-590x670x970mm-kihtide-vahe-80mm-adexa-rt2106\/","title":{"rendered":"Panni K\u00e4ru 6xGN2\/1 alused Roostevaba teras 590x670x970mm Kihtide vahe 80mm | Adexa RT2106"},"content":{"rendered":"<p>See k\u00f5rge kvaliteediga professionaalne riiulik\u00e4ru on ideaalne suurte hulgade kommertsiaalsete gastronorm-treiekide v\u00f5i -pannide virnastamiseks ja hoidmiseks. Selle tasandid on paigaldatud neljale rattale, et h\u00f5lbustada liikumist teie restoranis, pagarit\u00f6\u00f6kojas v\u00f5i sarnases toitlustusettev\u00f5ttes. Lisainformatsiooni saamiseks vaadake jaotist &#8216;Spetsifikatsioon&#8217;.<\/p>\n<table style=\"border-collapse: collapse; width: 100%; text-align: left;\">\n<tbody>\n<tr>\n<td style=\"border: 1px solid #ddd; padding: 8px; width: 45%;\"><strong>S\u00fcgavus<\/strong><\/td>\n<td style=\"border: 1px solid #ddd; padding: 8px;\">670mm<\/td>\n<\/tr>\n<tr>\n<td style=\"border: 1px solid #ddd; padding: 8px; width: 45%;\"><strong>K\u00f5rgus<\/strong><\/td>\n<td style=\"border: 1px solid #ddd; padding: 8px;\">970 mm<\/td>\n<\/tr>\n<tr>\n<td style=\"border: 1px solid #ddd; padding: 8px; width: 45%;\"><strong>Laius<\/strong><\/td>\n<td style=\"border: 1px solid #ddd; padding: 8px;\">590mm<\/td>\n<\/tr>\n<tr>\n<td style=\"border: 1px solid #ddd; padding: 8px; width: 45%;\"><strong>Kaal<\/strong><\/td>\n<td style=\"border: 1px solid #ddd; padding: 8px;\">10 kg<\/td>\n<\/tr>\n<tr>\n<td style=\"border: 1px solid #ddd; padding: 8px; width: 45%;\"><strong>Garantii<\/strong><\/td>\n<td style=\"border: 1px solid #ddd; padding: 8px;\">12 kuu varuosade garantii<\/td>\n<\/tr>\n<tr>\n<td style=\"border: 1px solid #ddd; padding: 8px; width: 45%;\"><strong>Mahutavus<\/strong><\/td>\n<td style=\"border: 1px solid #ddd; padding: 8px;\">6 x GN2\/1<\/td>\n<\/tr>\n<tr>\n<td style=\"border: 1px solid #ddd; padding: 8px; width: 45%;\"><strong>Rullikud<\/strong><\/td>\n<td style=\"border: 1px solid #ddd; padding: 8px;\">Piduritega<\/td>\n<\/tr>\n<tr>\n<td style=\"border: 1px solid #ddd; padding: 8px; width: 45%;\"><strong>Materjal<\/strong><\/td>\n<td style=\"border: 1px solid #ddd; padding: 8px;\">Roostevaba teras<\/td>\n<\/tr>\n<\/tbody>\n<\/table>\n","protected":false},"excerpt":{"rendered":"<p>See k\u00f5rge kvaliteediga professionaalne riiulik\u00e4ru on ideaalne suurte hulgade kommertsiaalsete gastronorm-treiekide v\u00f5i -pannide virnastamiseks ja hoidmiseks. Selle tasandid on paigaldatud<\/p>\n","protected":false},"featured_media":35115,"template":"","meta":[],"product_brand":[],"product_cat":[624,623,569,572],"product_tag":[],"class_list":{"0":"post-35113","1":"product","2":"type-product","3":"status-publish","4":"has-post-thumbnail","6":"product_cat-kandikukarud","7":"product_cat-karud","8":"product_cat-lopumuuk","9":"product_cat-roostevabad-tooted","11":"first","12":"instock","13":"sale","14":"taxable","15":"shipping-taxable","16":"purchasable","17":"product-type-simple"},"yoast_head":"<!-- This site is optimized with the Yoast SEO plugin v27.3 - https:\/\/yoast.com\/product\/yoast-seo-wordpress\/ -->\n<title>Panni K\u00e4ru 6xGN2\/1 alused Roostevaba teras 590x670x970mm Kihtide vahe 80mm | Adexa RT2106 - Adexa \u2013 Suurk\u00f6\u00f6giseadmed restoranidele ja toitlustusele<\/title>\n<meta name=\"robots\" content=\"index, follow, max-snippet:-1, max-image-preview:large, max-video-preview:-1\" \/>\n<link rel=\"canonical\" href=\"https:\/\/adexa.ee\/toode\/panni-karu-6xgn2-1-alused-roostevaba-teras-590x670x970mm-kihtide-vahe-80mm-adexa-rt2106\/\" \/>\n<meta property=\"og:locale\" content=\"en_US\" \/>\n<meta property=\"og:type\" content=\"article\" \/>\n<meta property=\"og:title\" content=\"Panni K\u00e4ru 6xGN2\/1 alused Roostevaba teras 590x670x970mm Kihtide vahe 80mm | Adexa RT2106 - Adexa \u2013 Suurk\u00f6\u00f6giseadmed restoranidele ja toitlustusele\" \/>\n<meta property=\"og:description\" content=\"See k\u00f5rge kvaliteediga professionaalne riiulik\u00e4ru on ideaalne suurte hulgade kommertsiaalsete gastronorm-treiekide v\u00f5i -pannide virnastamiseks ja hoidmiseks. Selle tasandid on paigaldatud\" \/>\n<meta property=\"og:url\" content=\"https:\/\/adexa.ee\/toode\/panni-karu-6xgn2-1-alused-roostevaba-teras-590x670x970mm-kihtide-vahe-80mm-adexa-rt2106\/\" \/>\n<meta property=\"og:site_name\" content=\"Adexa \u2013 Suurk\u00f6\u00f6giseadmed restoranidele ja toitlustusele\" \/>\n<meta property=\"article:modified_time\" content=\"2026-03-26T09:55:28+00:00\" \/>\n<meta property=\"og:image\" content=\"https:\/\/adexa.ee\/wp-content\/uploads\/2025\/09\/rt2106.jpg\" \/>\n\t<meta property=\"og:image:width\" content=\"1410\" \/>\n\t<meta property=\"og:image:height\" content=\"1410\" \/>\n\t<meta property=\"og:image:type\" content=\"image\/jpeg\" \/>\n<meta name=\"twitter:card\" content=\"summary_large_image\" \/>\n<script type=\"application\/ld+json\" class=\"yoast-schema-graph\">{\"@context\":\"https:\\\/\\\/schema.org\",\"@graph\":[{\"@type\":\"WebPage\",\"@id\":\"https:\\\/\\\/adexa.ee\\\/toode\\\/panni-karu-6xgn2-1-alused-roostevaba-teras-590x670x970mm-kihtide-vahe-80mm-adexa-rt2106\\\/\",\"url\":\"https:\\\/\\\/adexa.ee\\\/toode\\\/panni-karu-6xgn2-1-alused-roostevaba-teras-590x670x970mm-kihtide-vahe-80mm-adexa-rt2106\\\/\",\"name\":\"Panni K\u00e4ru 6xGN2\\\/1 alused Roostevaba teras 590x670x970mm Kihtide vahe 80mm | Adexa RT2106 - Adexa \u2013 Suurk\u00f6\u00f6giseadmed restoranidele ja toitlustusele\",\"isPartOf\":{\"@id\":\"https:\\\/\\\/adexa.ee\\\/#website\"},\"primaryImageOfPage\":{\"@id\":\"https:\\\/\\\/adexa.ee\\\/toode\\\/panni-karu-6xgn2-1-alused-roostevaba-teras-590x670x970mm-kihtide-vahe-80mm-adexa-rt2106\\\/#primaryimage\"},\"image\":{\"@id\":\"https:\\\/\\\/adexa.ee\\\/toode\\\/panni-karu-6xgn2-1-alused-roostevaba-teras-590x670x970mm-kihtide-vahe-80mm-adexa-rt2106\\\/#primaryimage\"},\"thumbnailUrl\":\"https:\\\/\\\/adexa.ee\\\/wp-content\\\/uploads\\\/2025\\\/09\\\/rt2106.jpg\",\"datePublished\":\"2026-03-26T09:55:26+00:00\",\"dateModified\":\"2026-03-26T09:55:28+00:00\",\"breadcrumb\":{\"@id\":\"https:\\\/\\\/adexa.ee\\\/toode\\\/panni-karu-6xgn2-1-alused-roostevaba-teras-590x670x970mm-kihtide-vahe-80mm-adexa-rt2106\\\/#breadcrumb\"},\"inLanguage\":\"en-US\",\"potentialAction\":[{\"@type\":\"ReadAction\",\"target\":[\"https:\\\/\\\/adexa.ee\\\/toode\\\/panni-karu-6xgn2-1-alused-roostevaba-teras-590x670x970mm-kihtide-vahe-80mm-adexa-rt2106\\\/\"]}]},{\"@type\":\"ImageObject\",\"inLanguage\":\"en-US\",\"@id\":\"https:\\\/\\\/adexa.ee\\\/toode\\\/panni-karu-6xgn2-1-alused-roostevaba-teras-590x670x970mm-kihtide-vahe-80mm-adexa-rt2106\\\/#primaryimage\",\"url\":\"https:\\\/\\\/adexa.ee\\\/wp-content\\\/uploads\\\/2025\\\/09\\\/rt2106.jpg\",\"contentUrl\":\"https:\\\/\\\/adexa.ee\\\/wp-content\\\/uploads\\\/2025\\\/09\\\/rt2106.jpg\",\"width\":1410,\"height\":1410},{\"@type\":\"BreadcrumbList\",\"@id\":\"https:\\\/\\\/adexa.ee\\\/toode\\\/panni-karu-6xgn2-1-alused-roostevaba-teras-590x670x970mm-kihtide-vahe-80mm-adexa-rt2106\\\/#breadcrumb\",\"itemListElement\":[{\"@type\":\"ListItem\",\"position\":1,\"name\":\"Home\",\"item\":\"https:\\\/\\\/adexa.ee\\\/\"},{\"@type\":\"ListItem\",\"position\":2,\"name\":\"Tooted\",\"item\":\"https:\\\/\\\/adexa.ee\\\/pood\\\/\"},{\"@type\":\"ListItem\",\"position\":3,\"name\":\"Panni K\u00e4ru 6xGN2\\\/1 alused Roostevaba teras 590x670x970mm Kihtide vahe 80mm | Adexa RT2106\"}]},{\"@type\":\"WebSite\",\"@id\":\"https:\\\/\\\/adexa.ee\\\/#website\",\"url\":\"https:\\\/\\\/adexa.ee\\\/\",\"name\":\"Adexa\",\"description\":\"\",\"publisher\":{\"@id\":\"https:\\\/\\\/adexa.ee\\\/#organization\"},\"potentialAction\":[{\"@type\":\"SearchAction\",\"target\":{\"@type\":\"EntryPoint\",\"urlTemplate\":\"https:\\\/\\\/adexa.ee\\\/?s={search_term_string}\"},\"query-input\":{\"@type\":\"PropertyValueSpecification\",\"valueRequired\":true,\"valueName\":\"search_term_string\"}}],\"inLanguage\":\"en-US\"},{\"@type\":\"Organization\",\"@id\":\"https:\\\/\\\/adexa.ee\\\/#organization\",\"name\":\"Adexa\",\"url\":\"https:\\\/\\\/adexa.ee\\\/\",\"logo\":{\"@type\":\"ImageObject\",\"inLanguage\":\"en-US\",\"@id\":\"https:\\\/\\\/adexa.ee\\\/#\\\/schema\\\/logo\\\/image\\\/\",\"url\":\"https:\\\/\\\/adexa.ee\\\/wp-content\\\/uploads\\\/2024\\\/04\\\/chef-cooks-working-in-professional-kitchen-2023-11-27-05-07-39-utc-scaled.jpg\",\"contentUrl\":\"https:\\\/\\\/adexa.ee\\\/wp-content\\\/uploads\\\/2024\\\/04\\\/chef-cooks-working-in-professional-kitchen-2023-11-27-05-07-39-utc-scaled.jpg\",\"width\":2560,\"height\":1708,\"caption\":\"Adexa\"},\"image\":{\"@id\":\"https:\\\/\\\/adexa.ee\\\/#\\\/schema\\\/logo\\\/image\\\/\"}}]}<\/script>\n<!-- \/ Yoast SEO plugin. -->","yoast_head_json":{"title":"Panni K\u00e4ru 6xGN2\/1 alused Roostevaba teras 590x670x970mm Kihtide vahe 80mm | Adexa RT2106 - Adexa \u2013 Suurk\u00f6\u00f6giseadmed restoranidele ja toitlustusele","robots":{"index":"index","follow":"follow","max-snippet":"max-snippet:-1","max-image-preview":"max-image-preview:large","max-video-preview":"max-video-preview:-1"},"canonical":"https:\/\/adexa.ee\/toode\/panni-karu-6xgn2-1-alused-roostevaba-teras-590x670x970mm-kihtide-vahe-80mm-adexa-rt2106\/","og_locale":"en_US","og_type":"article","og_title":"Panni K\u00e4ru 6xGN2\/1 alused Roostevaba teras 590x670x970mm Kihtide vahe 80mm | Adexa RT2106 - Adexa \u2013 Suurk\u00f6\u00f6giseadmed restoranidele ja toitlustusele","og_description":"See k\u00f5rge kvaliteediga professionaalne riiulik\u00e4ru on ideaalne suurte hulgade kommertsiaalsete gastronorm-treiekide v\u00f5i -pannide virnastamiseks ja hoidmiseks. Selle tasandid on paigaldatud","og_url":"https:\/\/adexa.ee\/toode\/panni-karu-6xgn2-1-alused-roostevaba-teras-590x670x970mm-kihtide-vahe-80mm-adexa-rt2106\/","og_site_name":"Adexa \u2013 Suurk\u00f6\u00f6giseadmed restoranidele ja toitlustusele","article_modified_time":"2026-03-26T09:55:28+00:00","og_image":[{"width":1410,"height":1410,"url":"https:\/\/adexa.ee\/wp-content\/uploads\/2025\/09\/rt2106.jpg","type":"image\/jpeg"}],"twitter_card":"summary_large_image","schema":{"@context":"https:\/\/schema.org","@graph":[{"@type":"WebPage","@id":"https:\/\/adexa.ee\/toode\/panni-karu-6xgn2-1-alused-roostevaba-teras-590x670x970mm-kihtide-vahe-80mm-adexa-rt2106\/","url":"https:\/\/adexa.ee\/toode\/panni-karu-6xgn2-1-alused-roostevaba-teras-590x670x970mm-kihtide-vahe-80mm-adexa-rt2106\/","name":"Panni K\u00e4ru 6xGN2\/1 alused Roostevaba teras 590x670x970mm Kihtide vahe 80mm | Adexa RT2106 - Adexa \u2013 Suurk\u00f6\u00f6giseadmed restoranidele ja toitlustusele","isPartOf":{"@id":"https:\/\/adexa.ee\/#website"},"primaryImageOfPage":{"@id":"https:\/\/adexa.ee\/toode\/panni-karu-6xgn2-1-alused-roostevaba-teras-590x670x970mm-kihtide-vahe-80mm-adexa-rt2106\/#primaryimage"},"image":{"@id":"https:\/\/adexa.ee\/toode\/panni-karu-6xgn2-1-alused-roostevaba-teras-590x670x970mm-kihtide-vahe-80mm-adexa-rt2106\/#primaryimage"},"thumbnailUrl":"https:\/\/adexa.ee\/wp-content\/uploads\/2025\/09\/rt2106.jpg","datePublished":"2026-03-26T09:55:26+00:00","dateModified":"2026-03-26T09:55:28+00:00","breadcrumb":{"@id":"https:\/\/adexa.ee\/toode\/panni-karu-6xgn2-1-alused-roostevaba-teras-590x670x970mm-kihtide-vahe-80mm-adexa-rt2106\/#breadcrumb"},"inLanguage":"en-US","potentialAction":[{"@type":"ReadAction","target":["https:\/\/adexa.ee\/toode\/panni-karu-6xgn2-1-alused-roostevaba-teras-590x670x970mm-kihtide-vahe-80mm-adexa-rt2106\/"]}]},{"@type":"ImageObject","inLanguage":"en-US","@id":"https:\/\/adexa.ee\/toode\/panni-karu-6xgn2-1-alused-roostevaba-teras-590x670x970mm-kihtide-vahe-80mm-adexa-rt2106\/#primaryimage","url":"https:\/\/adexa.ee\/wp-content\/uploads\/2025\/09\/rt2106.jpg","contentUrl":"https:\/\/adexa.ee\/wp-content\/uploads\/2025\/09\/rt2106.jpg","width":1410,"height":1410},{"@type":"BreadcrumbList","@id":"https:\/\/adexa.ee\/toode\/panni-karu-6xgn2-1-alused-roostevaba-teras-590x670x970mm-kihtide-vahe-80mm-adexa-rt2106\/#breadcrumb","itemListElement":[{"@type":"ListItem","position":1,"name":"Home","item":"https:\/\/adexa.ee\/"},{"@type":"ListItem","position":2,"name":"Tooted","item":"https:\/\/adexa.ee\/pood\/"},{"@type":"ListItem","position":3,"name":"Panni K\u00e4ru 6xGN2\/1 alused Roostevaba teras 590x670x970mm Kihtide vahe 80mm | Adexa RT2106"}]},{"@type":"WebSite","@id":"https:\/\/adexa.ee\/#website","url":"https:\/\/adexa.ee\/","name":"Adexa","description":"","publisher":{"@id":"https:\/\/adexa.ee\/#organization"},"potentialAction":[{"@type":"SearchAction","target":{"@type":"EntryPoint","urlTemplate":"https:\/\/adexa.ee\/?s={search_term_string}"},"query-input":{"@type":"PropertyValueSpecification","valueRequired":true,"valueName":"search_term_string"}}],"inLanguage":"en-US"},{"@type":"Organization","@id":"https:\/\/adexa.ee\/#organization","name":"Adexa","url":"https:\/\/adexa.ee\/","logo":{"@type":"ImageObject","inLanguage":"en-US","@id":"https:\/\/adexa.ee\/#\/schema\/logo\/image\/","url":"https:\/\/adexa.ee\/wp-content\/uploads\/2024\/04\/chef-cooks-working-in-professional-kitchen-2023-11-27-05-07-39-utc-scaled.jpg","contentUrl":"https:\/\/adexa.ee\/wp-content\/uploads\/2024\/04\/chef-cooks-working-in-professional-kitchen-2023-11-27-05-07-39-utc-scaled.jpg","width":2560,"height":1708,"caption":"Adexa"},"image":{"@id":"https:\/\/adexa.ee\/#\/schema\/logo\/image\/"}}]}},"_links":{"self":[{"href":"https:\/\/adexa.ee\/en\/wp-json\/wp\/v2\/product\/35113","targetHints":{"allow":["GET"]}}],"collection":[{"href":"https:\/\/adexa.ee\/en\/wp-json\/wp\/v2\/product"}],"about":[{"href":"https:\/\/adexa.ee\/en\/wp-json\/wp\/v2\/types\/product"}],"wp:featuredmedia":[{"embeddable":true,"href":"https:\/\/adexa.ee\/en\/wp-json\/wp\/v2\/media\/35115"}],"wp:attachment":[{"href":"https:\/\/adexa.ee\/en\/wp-json\/wp\/v2\/media?parent=35113"}],"wp:term":[{"taxonomy":"product_brand","embeddable":true,"href":"https:\/\/adexa.ee\/en\/wp-json\/wp\/v2\/product_brand?post=35113"},{"taxonomy":"product_cat","embeddable":true,"href":"https:\/\/adexa.ee\/en\/wp-json\/wp\/v2\/product_cat?post=35113"},{"taxonomy":"product_tag","embeddable":true,"href":"https:\/\/adexa.ee\/en\/wp-json\/wp\/v2\/product_tag?post=35113"}],"curies":[{"name":"wp","href":"https:\/\/api.w.org\/{rel}","templated":true}]}}