{"id":35127,"date":"2026-03-31T09:25:30","date_gmt":"2026-03-31T06:25:30","guid":{"rendered":"https:\/\/adexa.ee\/toode\/kaupmehe-valamu-roostevaba-teras-1600x700x900mm-1-kauss-vasakul-pritsmepaneel-alumine-riiul-adexa-std1670l\/"},"modified":"2026-04-02T21:39:46","modified_gmt":"2026-04-02T18:39:46","slug":"kaupmehe-valamu-roostevaba-teras-1600x700x900mm-1-kauss-vasakul-pritsmepaneel-alumine-riiul-adexa-std1670l","status":"publish","type":"product","link":"https:\/\/adexa.ee\/en\/toode\/kaupmehe-valamu-roostevaba-teras-1600x700x900mm-1-kauss-vasakul-pritsmepaneel-alumine-riiul-adexa-std1670l\/","title":{"rendered":"Kaupmehe valamu Roostevaba teras 1600x700x900mm 1 kauss vasakul Pritsmepaneel Alumine riiul | Adexa STD1670L"},"content":{"rendered":"<p>See on suurep\u00e4rase hinna ja kvaliteedi suhtega proffessionaalne toitlustusvalamu. Raskekaaluline, k\u00f5rgekvaliteetne, t\u00e4ielikult roostevabast terasest professionaalne valamu, mis vastab toiduainete teeninduse ja restoranit\u00f6\u00f6stuse k\u00f5rgetele kvaliteedistandarditele. Turul odavate alternatiivide puhul pole \u00fchtegi galvaniseeritud osa! Roostevaba terase struktuur 1 eelnevalt puuritud segisti auk Reguleeritavad jalad Antidrenni serv Lamepakendis Segistit ei ole kaasas T\u00e4psema teabe saamiseks vaata jaotist &#8220;Spetsifikatsioon&#8221;.<\/p>\n<table style=\"border-collapse: collapse; width: 100%; text-align: left;\">\n<tbody>\n<tr>\n<td style=\"border: 1px solid #ddd; padding: 8px; width: 45%;\"><strong>S\u00fcgavus<\/strong><\/td>\n<td style=\"border: 1px solid #ddd; padding: 8px;\">700mm<\/td>\n<\/tr>\n<tr>\n<td style=\"border: 1px solid #ddd; padding: 8px; width: 45%;\"><strong>K\u00f5rgus<\/strong><\/td>\n<td style=\"border: 1px solid #ddd; padding: 8px;\">900mm<\/td>\n<\/tr>\n<tr>\n<td style=\"border: 1px solid #ddd; padding: 8px; width: 45%;\"><strong>Laius<\/strong><\/td>\n<td style=\"border: 1px solid #ddd; padding: 8px;\">1500mm<\/td>\n<\/tr>\n<tr>\n<td style=\"border: 1px solid #ddd; padding: 8px; width: 45%;\"><strong>Kaal<\/strong><\/td>\n<td style=\"border: 1px solid #ddd; padding: 8px;\">28 kg<\/td>\n<\/tr>\n<tr>\n<td style=\"border: 1px solid #ddd; padding: 8px; width: 45%;\"><strong>Garantii<\/strong><\/td>\n<td style=\"border: 1px solid #ddd; padding: 8px;\">12 kuu varuosade garantii<\/td>\n<\/tr>\n<tr>\n<td style=\"border: 1px solid #ddd; padding: 8px; width: 45%;\"><strong>Kokku panemine<\/strong><\/td>\n<td style=\"border: 1px solid #ddd; padding: 8px;\">Lahutatud<\/td>\n<\/tr>\n<tr>\n<td style=\"border: 1px solid #ddd; padding: 8px; width: 45%;\"><strong>S\u00fcgavus (valamu kauss)<\/strong><\/td>\n<td style=\"border: 1px solid #ddd; padding: 8px;\">500mm<\/td>\n<\/tr>\n<tr>\n<td style=\"border: 1px solid #ddd; padding: 8px; width: 45%;\"><strong>K\u00f5rgus (valamu kauss)<\/strong><\/td>\n<td style=\"border: 1px solid #ddd; padding: 8px;\">300mm<\/td>\n<\/tr>\n<tr>\n<td style=\"border: 1px solid #ddd; padding: 8px; width: 45%;\"><strong>Laius (valamu kauss)<\/strong><\/td>\n<td style=\"border: 1px solid #ddd; padding: 8px;\">500mm<\/td>\n<\/tr>\n<tr>\n<td style=\"border: 1px solid #ddd; padding: 8px; width: 45%;\"><strong>Alumine riiul<\/strong><\/td>\n<td style=\"border: 1px solid #ddd; padding: 8px;\">Jah<\/td>\n<\/tr>\n<tr>\n<td style=\"border: 1px solid #ddd; padding: 8px; width: 45%;\"><strong>Kausi asukoht<\/strong><\/td>\n<td style=\"border: 1px solid #ddd; padding: 8px;\">Vasak<\/td>\n<\/tr>\n<tr>\n<td style=\"border: 1px solid #ddd; padding: 8px; width: 45%;\"><strong>Jalad<\/strong><\/td>\n<td style=\"border: 1px solid #ddd; padding: 8px;\">Reguleeritavad jalad<\/td>\n<\/tr>\n<tr>\n<td style=\"border: 1px solid #ddd; padding: 8px; width: 45%;\"><strong>Materjal<\/strong><\/td>\n<td style=\"border: 1px solid #ddd; padding: 8px;\">Roostevaba teras<\/td>\n<\/tr>\n<tr>\n<td style=\"border: 1px solid #ddd; padding: 8px; width: 45%;\"><strong>Valamu kausid<\/strong><\/td>\n<td style=\"border: 1px solid #ddd; padding: 8px;\">1<\/td>\n<\/tr>\n<tr>\n<td style=\"border: 1px solid #ddd; padding: 8px; width: 45%;\"><strong>Pritsekaitse<\/strong><\/td>\n<td style=\"border: 1px solid #ddd; padding: 8px;\">100mm<\/td>\n<\/tr>\n<\/tbody>\n<\/table>\n","protected":false},"excerpt":{"rendered":"<p>See on suurep\u00e4rase hinna ja kvaliteedi suhtega proffessionaalne toitlustusvalamu. Raskekaaluline, k\u00f5rgekvaliteetne, t\u00e4ielikult roostevabast terasest professionaalne valamu, mis vastab toiduainete teeninduse<\/p>\n","protected":false},"featured_media":11785,"template":"","meta":[],"product_brand":[],"product_cat":[968,575,609,572,573],"product_tag":[],"class_list":{"0":"post-35127","1":"product","2":"type-product","3":"status-publish","4":"has-post-thumbnail","6":"product_cat-valamud","7":"product_cat-700-mm-uhe-valamuga","8":"product_cat-noudepesu","9":"product_cat-roostevabad-tooted","10":"product_cat-uhesed-ja-kahesed-valamud","12":"first","13":"instock","14":"sale","15":"taxable","16":"shipping-taxable","17":"purchasable","18":"product-type-simple"},"yoast_head":"<!-- This site is optimized with the Yoast SEO plugin v27.3 - https:\/\/yoast.com\/product\/yoast-seo-wordpress\/ -->\n<title>Kaupmehe valamu Roostevaba teras 1600x700x900mm 1 kauss vasakul Pritsmepaneel Alumine riiul | Adexa STD1670L - Adexa \u2013 Suurk\u00f6\u00f6giseadmed restoranidele ja toitlustusele<\/title>\n<meta name=\"robots\" content=\"index, follow, max-snippet:-1, max-image-preview:large, max-video-preview:-1\" \/>\n<link rel=\"canonical\" href=\"https:\/\/adexa.ee\/toode\/kaupmehe-valamu-roostevaba-teras-1600x700x900mm-1-kauss-vasakul-pritsmepaneel-alumine-riiul-adexa-std1670l\/\" \/>\n<meta property=\"og:locale\" content=\"en_US\" \/>\n<meta property=\"og:type\" content=\"article\" \/>\n<meta property=\"og:title\" content=\"Kaupmehe valamu Roostevaba teras 1600x700x900mm 1 kauss vasakul Pritsmepaneel Alumine riiul | Adexa STD1670L - Adexa \u2013 Suurk\u00f6\u00f6giseadmed restoranidele ja toitlustusele\" \/>\n<meta property=\"og:description\" content=\"See on suurep\u00e4rase hinna ja kvaliteedi suhtega proffessionaalne toitlustusvalamu. Raskekaaluline, k\u00f5rgekvaliteetne, t\u00e4ielikult roostevabast terasest professionaalne valamu, mis vastab toiduainete teeninduse\" \/>\n<meta property=\"og:url\" content=\"https:\/\/adexa.ee\/toode\/kaupmehe-valamu-roostevaba-teras-1600x700x900mm-1-kauss-vasakul-pritsmepaneel-alumine-riiul-adexa-std1670l\/\" \/>\n<meta property=\"og:site_name\" content=\"Adexa \u2013 Suurk\u00f6\u00f6giseadmed restoranidele ja toitlustusele\" \/>\n<meta property=\"article:modified_time\" content=\"2026-04-02T18:39:46+00:00\" \/>\n<meta property=\"og:image\" content=\"https:\/\/adexa.ee\/wp-content\/uploads\/2024\/12\/STD12060L.jpg\" \/>\n\t<meta property=\"og:image:width\" content=\"1056\" \/>\n\t<meta property=\"og:image:height\" content=\"1056\" \/>\n\t<meta property=\"og:image:type\" content=\"image\/jpeg\" \/>\n<meta name=\"twitter:card\" content=\"summary_large_image\" \/>\n<meta name=\"twitter:label1\" content=\"Est. reading time\" \/>\n\t<meta name=\"twitter:data1\" content=\"1 minute\" \/>\n<script type=\"application\/ld+json\" class=\"yoast-schema-graph\">{\"@context\":\"https:\\\/\\\/schema.org\",\"@graph\":[{\"@type\":\"WebPage\",\"@id\":\"https:\\\/\\\/adexa.ee\\\/toode\\\/kaupmehe-valamu-roostevaba-teras-1600x700x900mm-1-kauss-vasakul-pritsmepaneel-alumine-riiul-adexa-std1670l\\\/\",\"url\":\"https:\\\/\\\/adexa.ee\\\/toode\\\/kaupmehe-valamu-roostevaba-teras-1600x700x900mm-1-kauss-vasakul-pritsmepaneel-alumine-riiul-adexa-std1670l\\\/\",\"name\":\"Kaupmehe valamu Roostevaba teras 1600x700x900mm 1 kauss vasakul Pritsmepaneel Alumine riiul | Adexa STD1670L - Adexa \u2013 Suurk\u00f6\u00f6giseadmed restoranidele ja toitlustusele\",\"isPartOf\":{\"@id\":\"https:\\\/\\\/adexa.ee\\\/#website\"},\"primaryImageOfPage\":{\"@id\":\"https:\\\/\\\/adexa.ee\\\/toode\\\/kaupmehe-valamu-roostevaba-teras-1600x700x900mm-1-kauss-vasakul-pritsmepaneel-alumine-riiul-adexa-std1670l\\\/#primaryimage\"},\"image\":{\"@id\":\"https:\\\/\\\/adexa.ee\\\/toode\\\/kaupmehe-valamu-roostevaba-teras-1600x700x900mm-1-kauss-vasakul-pritsmepaneel-alumine-riiul-adexa-std1670l\\\/#primaryimage\"},\"thumbnailUrl\":\"https:\\\/\\\/adexa.ee\\\/wp-content\\\/uploads\\\/2024\\\/12\\\/STD12060L.jpg\",\"datePublished\":\"2026-03-31T06:25:30+00:00\",\"dateModified\":\"2026-04-02T18:39:46+00:00\",\"breadcrumb\":{\"@id\":\"https:\\\/\\\/adexa.ee\\\/toode\\\/kaupmehe-valamu-roostevaba-teras-1600x700x900mm-1-kauss-vasakul-pritsmepaneel-alumine-riiul-adexa-std1670l\\\/#breadcrumb\"},\"inLanguage\":\"en-US\",\"potentialAction\":[{\"@type\":\"ReadAction\",\"target\":[\"https:\\\/\\\/adexa.ee\\\/toode\\\/kaupmehe-valamu-roostevaba-teras-1600x700x900mm-1-kauss-vasakul-pritsmepaneel-alumine-riiul-adexa-std1670l\\\/\"]}]},{\"@type\":\"ImageObject\",\"inLanguage\":\"en-US\",\"@id\":\"https:\\\/\\\/adexa.ee\\\/toode\\\/kaupmehe-valamu-roostevaba-teras-1600x700x900mm-1-kauss-vasakul-pritsmepaneel-alumine-riiul-adexa-std1670l\\\/#primaryimage\",\"url\":\"https:\\\/\\\/adexa.ee\\\/wp-content\\\/uploads\\\/2024\\\/12\\\/STD12060L.jpg\",\"contentUrl\":\"https:\\\/\\\/adexa.ee\\\/wp-content\\\/uploads\\\/2024\\\/12\\\/STD12060L.jpg\",\"width\":1056,\"height\":1056},{\"@type\":\"BreadcrumbList\",\"@id\":\"https:\\\/\\\/adexa.ee\\\/toode\\\/kaupmehe-valamu-roostevaba-teras-1600x700x900mm-1-kauss-vasakul-pritsmepaneel-alumine-riiul-adexa-std1670l\\\/#breadcrumb\",\"itemListElement\":[{\"@type\":\"ListItem\",\"position\":1,\"name\":\"Home\",\"item\":\"https:\\\/\\\/adexa.ee\\\/\"},{\"@type\":\"ListItem\",\"position\":2,\"name\":\"Tooted\",\"item\":\"https:\\\/\\\/adexa.ee\\\/pood\\\/\"},{\"@type\":\"ListItem\",\"position\":3,\"name\":\"Kaupmehe valamu Roostevaba teras 1600x700x900mm 1 kauss vasakul Pritsmepaneel Alumine riiul | Adexa STD1670L\"}]},{\"@type\":\"WebSite\",\"@id\":\"https:\\\/\\\/adexa.ee\\\/#website\",\"url\":\"https:\\\/\\\/adexa.ee\\\/\",\"name\":\"Adexa\",\"description\":\"\",\"publisher\":{\"@id\":\"https:\\\/\\\/adexa.ee\\\/#organization\"},\"potentialAction\":[{\"@type\":\"SearchAction\",\"target\":{\"@type\":\"EntryPoint\",\"urlTemplate\":\"https:\\\/\\\/adexa.ee\\\/?s={search_term_string}\"},\"query-input\":{\"@type\":\"PropertyValueSpecification\",\"valueRequired\":true,\"valueName\":\"search_term_string\"}}],\"inLanguage\":\"en-US\"},{\"@type\":\"Organization\",\"@id\":\"https:\\\/\\\/adexa.ee\\\/#organization\",\"name\":\"Adexa\",\"url\":\"https:\\\/\\\/adexa.ee\\\/\",\"logo\":{\"@type\":\"ImageObject\",\"inLanguage\":\"en-US\",\"@id\":\"https:\\\/\\\/adexa.ee\\\/#\\\/schema\\\/logo\\\/image\\\/\",\"url\":\"https:\\\/\\\/adexa.ee\\\/wp-content\\\/uploads\\\/2024\\\/04\\\/chef-cooks-working-in-professional-kitchen-2023-11-27-05-07-39-utc-scaled.jpg\",\"contentUrl\":\"https:\\\/\\\/adexa.ee\\\/wp-content\\\/uploads\\\/2024\\\/04\\\/chef-cooks-working-in-professional-kitchen-2023-11-27-05-07-39-utc-scaled.jpg\",\"width\":2560,\"height\":1708,\"caption\":\"Adexa\"},\"image\":{\"@id\":\"https:\\\/\\\/adexa.ee\\\/#\\\/schema\\\/logo\\\/image\\\/\"}}]}<\/script>\n<!-- \/ Yoast SEO plugin. -->","yoast_head_json":{"title":"Kaupmehe valamu Roostevaba teras 1600x700x900mm 1 kauss vasakul Pritsmepaneel Alumine riiul | Adexa STD1670L - Adexa \u2013 Suurk\u00f6\u00f6giseadmed restoranidele ja toitlustusele","robots":{"index":"index","follow":"follow","max-snippet":"max-snippet:-1","max-image-preview":"max-image-preview:large","max-video-preview":"max-video-preview:-1"},"canonical":"https:\/\/adexa.ee\/toode\/kaupmehe-valamu-roostevaba-teras-1600x700x900mm-1-kauss-vasakul-pritsmepaneel-alumine-riiul-adexa-std1670l\/","og_locale":"en_US","og_type":"article","og_title":"Kaupmehe valamu Roostevaba teras 1600x700x900mm 1 kauss vasakul Pritsmepaneel Alumine riiul | Adexa STD1670L - Adexa \u2013 Suurk\u00f6\u00f6giseadmed restoranidele ja toitlustusele","og_description":"See on suurep\u00e4rase hinna ja kvaliteedi suhtega proffessionaalne toitlustusvalamu. Raskekaaluline, k\u00f5rgekvaliteetne, t\u00e4ielikult roostevabast terasest professionaalne valamu, mis vastab toiduainete teeninduse","og_url":"https:\/\/adexa.ee\/toode\/kaupmehe-valamu-roostevaba-teras-1600x700x900mm-1-kauss-vasakul-pritsmepaneel-alumine-riiul-adexa-std1670l\/","og_site_name":"Adexa \u2013 Suurk\u00f6\u00f6giseadmed restoranidele ja toitlustusele","article_modified_time":"2026-04-02T18:39:46+00:00","og_image":[{"width":1056,"height":1056,"url":"https:\/\/adexa.ee\/wp-content\/uploads\/2024\/12\/STD12060L.jpg","type":"image\/jpeg"}],"twitter_card":"summary_large_image","twitter_misc":{"Est. reading time":"1 minute"},"schema":{"@context":"https:\/\/schema.org","@graph":[{"@type":"WebPage","@id":"https:\/\/adexa.ee\/toode\/kaupmehe-valamu-roostevaba-teras-1600x700x900mm-1-kauss-vasakul-pritsmepaneel-alumine-riiul-adexa-std1670l\/","url":"https:\/\/adexa.ee\/toode\/kaupmehe-valamu-roostevaba-teras-1600x700x900mm-1-kauss-vasakul-pritsmepaneel-alumine-riiul-adexa-std1670l\/","name":"Kaupmehe valamu Roostevaba teras 1600x700x900mm 1 kauss vasakul Pritsmepaneel Alumine riiul | Adexa STD1670L - Adexa \u2013 Suurk\u00f6\u00f6giseadmed restoranidele ja toitlustusele","isPartOf":{"@id":"https:\/\/adexa.ee\/#website"},"primaryImageOfPage":{"@id":"https:\/\/adexa.ee\/toode\/kaupmehe-valamu-roostevaba-teras-1600x700x900mm-1-kauss-vasakul-pritsmepaneel-alumine-riiul-adexa-std1670l\/#primaryimage"},"image":{"@id":"https:\/\/adexa.ee\/toode\/kaupmehe-valamu-roostevaba-teras-1600x700x900mm-1-kauss-vasakul-pritsmepaneel-alumine-riiul-adexa-std1670l\/#primaryimage"},"thumbnailUrl":"https:\/\/adexa.ee\/wp-content\/uploads\/2024\/12\/STD12060L.jpg","datePublished":"2026-03-31T06:25:30+00:00","dateModified":"2026-04-02T18:39:46+00:00","breadcrumb":{"@id":"https:\/\/adexa.ee\/toode\/kaupmehe-valamu-roostevaba-teras-1600x700x900mm-1-kauss-vasakul-pritsmepaneel-alumine-riiul-adexa-std1670l\/#breadcrumb"},"inLanguage":"en-US","potentialAction":[{"@type":"ReadAction","target":["https:\/\/adexa.ee\/toode\/kaupmehe-valamu-roostevaba-teras-1600x700x900mm-1-kauss-vasakul-pritsmepaneel-alumine-riiul-adexa-std1670l\/"]}]},{"@type":"ImageObject","inLanguage":"en-US","@id":"https:\/\/adexa.ee\/toode\/kaupmehe-valamu-roostevaba-teras-1600x700x900mm-1-kauss-vasakul-pritsmepaneel-alumine-riiul-adexa-std1670l\/#primaryimage","url":"https:\/\/adexa.ee\/wp-content\/uploads\/2024\/12\/STD12060L.jpg","contentUrl":"https:\/\/adexa.ee\/wp-content\/uploads\/2024\/12\/STD12060L.jpg","width":1056,"height":1056},{"@type":"BreadcrumbList","@id":"https:\/\/adexa.ee\/toode\/kaupmehe-valamu-roostevaba-teras-1600x700x900mm-1-kauss-vasakul-pritsmepaneel-alumine-riiul-adexa-std1670l\/#breadcrumb","itemListElement":[{"@type":"ListItem","position":1,"name":"Home","item":"https:\/\/adexa.ee\/"},{"@type":"ListItem","position":2,"name":"Tooted","item":"https:\/\/adexa.ee\/pood\/"},{"@type":"ListItem","position":3,"name":"Kaupmehe valamu Roostevaba teras 1600x700x900mm 1 kauss vasakul Pritsmepaneel Alumine riiul | Adexa STD1670L"}]},{"@type":"WebSite","@id":"https:\/\/adexa.ee\/#website","url":"https:\/\/adexa.ee\/","name":"Adexa","description":"","publisher":{"@id":"https:\/\/adexa.ee\/#organization"},"potentialAction":[{"@type":"SearchAction","target":{"@type":"EntryPoint","urlTemplate":"https:\/\/adexa.ee\/?s={search_term_string}"},"query-input":{"@type":"PropertyValueSpecification","valueRequired":true,"valueName":"search_term_string"}}],"inLanguage":"en-US"},{"@type":"Organization","@id":"https:\/\/adexa.ee\/#organization","name":"Adexa","url":"https:\/\/adexa.ee\/","logo":{"@type":"ImageObject","inLanguage":"en-US","@id":"https:\/\/adexa.ee\/#\/schema\/logo\/image\/","url":"https:\/\/adexa.ee\/wp-content\/uploads\/2024\/04\/chef-cooks-working-in-professional-kitchen-2023-11-27-05-07-39-utc-scaled.jpg","contentUrl":"https:\/\/adexa.ee\/wp-content\/uploads\/2024\/04\/chef-cooks-working-in-professional-kitchen-2023-11-27-05-07-39-utc-scaled.jpg","width":2560,"height":1708,"caption":"Adexa"},"image":{"@id":"https:\/\/adexa.ee\/#\/schema\/logo\/image\/"}}]}},"_links":{"self":[{"href":"https:\/\/adexa.ee\/en\/wp-json\/wp\/v2\/product\/35127","targetHints":{"allow":["GET"]}}],"collection":[{"href":"https:\/\/adexa.ee\/en\/wp-json\/wp\/v2\/product"}],"about":[{"href":"https:\/\/adexa.ee\/en\/wp-json\/wp\/v2\/types\/product"}],"wp:featuredmedia":[{"embeddable":true,"href":"https:\/\/adexa.ee\/en\/wp-json\/wp\/v2\/media\/11785"}],"wp:attachment":[{"href":"https:\/\/adexa.ee\/en\/wp-json\/wp\/v2\/media?parent=35127"}],"wp:term":[{"taxonomy":"product_brand","embeddable":true,"href":"https:\/\/adexa.ee\/en\/wp-json\/wp\/v2\/product_brand?post=35127"},{"taxonomy":"product_cat","embeddable":true,"href":"https:\/\/adexa.ee\/en\/wp-json\/wp\/v2\/product_cat?post=35127"},{"taxonomy":"product_tag","embeddable":true,"href":"https:\/\/adexa.ee\/en\/wp-json\/wp\/v2\/product_tag?post=35127"}],"curies":[{"name":"wp","href":"https:\/\/api.w.org\/{rel}","templated":true}]}}