{"id":35143,"date":"2026-03-26T11:55:26","date_gmt":"2026-03-26T09:55:26","guid":{"rendered":"https:\/\/adexa.ee\/toode\/kaubanduslik-toidusoojendaja-1-sahtel-gn1-1-adexa-whbwd01a\/"},"modified":"2026-03-26T11:55:30","modified_gmt":"2026-03-26T09:55:30","slug":"kaubanduslik-toidusoojendaja-1-sahtel-gn1-1-adexa-whbwd01a","status":"publish","type":"product","link":"https:\/\/adexa.ee\/en\/toode\/kaubanduslik-toidusoojendaja-1-sahtel-gn1-1-adexa-whbwd01a\/","title":{"rendered":"Kaubanduslik toidusoojendaja 1 sahtel GN1\/1 | Adexa WHBWD01A"},"content":{"rendered":"<p>See \u00fche sahtliga soojendaja on varustatud s\u00fcsteemiga, mis tagab teie toidule \u00f5rna kiirgussoojusallika. Selle sahtlisoojendaja sees s\u00e4ilivad tooted kauem niisked, maitsvad ja isu\u00e4ratavad! Kogu roostevabast terasest struktuur Termostaadi juhitud, vastupidav ja tugev On\/off toitel\u00fcliti valgustusega Raskeveokite konstruktsioon Spetsiaalne kujuga k\u00fcttekeha \u00fchtlase soojusjaotuse jaoks<\/p>\n<table style=\"border-collapse: collapse; width: 100%; text-align: left;\">\n<tbody>\n<tr>\n<td style=\"border: 1px solid #ddd; padding: 8px; width: 45%;\"><strong>S\u00fcgavus<\/strong><\/td>\n<td style=\"border: 1px solid #ddd; padding: 8px;\">420 mm<\/td>\n<\/tr>\n<tr>\n<td style=\"border: 1px solid #ddd; padding: 8px; width: 45%;\"><strong>K\u00f5rgus<\/strong><\/td>\n<td style=\"border: 1px solid #ddd; padding: 8px;\">220mm<\/td>\n<\/tr>\n<tr>\n<td style=\"border: 1px solid #ddd; padding: 8px; width: 45%;\"><strong>Laius<\/strong><\/td>\n<td style=\"border: 1px solid #ddd; padding: 8px;\">610mm<\/td>\n<\/tr>\n<tr>\n<td style=\"border: 1px solid #ddd; padding: 8px; width: 45%;\"><strong>Kaal<\/strong><\/td>\n<td style=\"border: 1px solid #ddd; padding: 8px;\">17kg<\/td>\n<\/tr>\n<tr>\n<td style=\"border: 1px solid #ddd; padding: 8px; width: 45%;\"><strong>Garantii<\/strong><\/td>\n<td style=\"border: 1px solid #ddd; padding: 8px;\">12 kuu varuosade garantii<\/td>\n<\/tr>\n<tr>\n<td style=\"border: 1px solid #ddd; padding: 8px; width: 45%;\"><strong>Toiteallikas<\/strong><\/td>\n<td style=\"border: 1px solid #ddd; padding: 8px;\">230V \/ 1 faas<\/td>\n<\/tr>\n<tr>\n<td style=\"border: 1px solid #ddd; padding: 8px; width: 45%;\"><strong>V\u00f5imsus<\/strong><\/td>\n<td style=\"border: 1px solid #ddd; padding: 8px;\">300W<\/td>\n<\/tr>\n<tr>\n<td style=\"border: 1px solid #ddd; padding: 8px; width: 45%;\"><strong>Materjal<\/strong><\/td>\n<td style=\"border: 1px solid #ddd; padding: 8px;\">Roostevaba teras<\/td>\n<\/tr>\n<tr>\n<td style=\"border: 1px solid #ddd; padding: 8px; width: 45%;\"><strong>Temperatuur<\/strong><\/td>\n<td style=\"border: 1px solid #ddd; padding: 8px;\">+30 kuni +80\u00b0C<\/td>\n<\/tr>\n<tr>\n<td style=\"border: 1px solid #ddd; padding: 8px; width: 45%;\"><strong>Sahtel(d)<\/strong><\/td>\n<td style=\"border: 1px solid #ddd; padding: 8px;\">1 (GN1\/1)<\/td>\n<\/tr>\n<\/tbody>\n<\/table>\n","protected":false},"excerpt":{"rendered":"<p>See \u00fche sahtliga soojendaja on varustatud s\u00fcsteemiga, mis tagab teie toidule \u00f5rna kiirgussoojusallika. Selle sahtlisoojendaja sees s\u00e4ilivad tooted kauem niisked,<\/p>\n","protected":false},"featured_media":35145,"template":"","meta":[],"product_brand":[],"product_cat":[694,557,671,558],"product_tag":[],"class_list":{"0":"post-35143","1":"product","2":"type-product","3":"status-publish","4":"has-post-thumbnail","6":"product_cat-hot-dogi-soojendid","7":"product_cat-kupsetusseadmed","8":"product_cat-muud-toidu-soojendusvahendid","9":"product_cat-toidu-soojendamine","11":"first","12":"instock","13":"sale","14":"taxable","15":"shipping-taxable","16":"purchasable","17":"product-type-simple"},"yoast_head":"<!-- This site is optimized with the Yoast SEO plugin v27.3 - https:\/\/yoast.com\/product\/yoast-seo-wordpress\/ -->\n<title>Kaubanduslik toidusoojendaja 1 sahtel GN1\/1 | Adexa WHBWD01A - Adexa \u2013 Suurk\u00f6\u00f6giseadmed restoranidele ja toitlustusele<\/title>\n<meta name=\"robots\" content=\"index, follow, max-snippet:-1, max-image-preview:large, max-video-preview:-1\" \/>\n<link rel=\"canonical\" href=\"https:\/\/adexa.ee\/toode\/kaubanduslik-toidusoojendaja-1-sahtel-gn1-1-adexa-whbwd01a\/\" \/>\n<meta property=\"og:locale\" content=\"en_US\" \/>\n<meta property=\"og:type\" content=\"article\" \/>\n<meta property=\"og:title\" content=\"Kaubanduslik toidusoojendaja 1 sahtel GN1\/1 | Adexa WHBWD01A - Adexa \u2013 Suurk\u00f6\u00f6giseadmed restoranidele ja toitlustusele\" \/>\n<meta property=\"og:description\" content=\"See \u00fche sahtliga soojendaja on varustatud s\u00fcsteemiga, mis tagab teie toidule \u00f5rna kiirgussoojusallika. Selle sahtlisoojendaja sees s\u00e4ilivad tooted kauem niisked,\" \/>\n<meta property=\"og:url\" content=\"https:\/\/adexa.ee\/toode\/kaubanduslik-toidusoojendaja-1-sahtel-gn1-1-adexa-whbwd01a\/\" \/>\n<meta property=\"og:site_name\" content=\"Adexa \u2013 Suurk\u00f6\u00f6giseadmed restoranidele ja toitlustusele\" \/>\n<meta property=\"article:modified_time\" content=\"2026-03-26T09:55:30+00:00\" \/>\n<meta property=\"og:image\" content=\"https:\/\/adexa.ee\/wp-content\/uploads\/2025\/09\/WHBWD01A.jpg\" \/>\n\t<meta property=\"og:image:width\" content=\"2000\" \/>\n\t<meta property=\"og:image:height\" content=\"2000\" \/>\n\t<meta property=\"og:image:type\" content=\"image\/jpeg\" \/>\n<meta name=\"twitter:card\" content=\"summary_large_image\" \/>\n<script type=\"application\/ld+json\" class=\"yoast-schema-graph\">{\"@context\":\"https:\\\/\\\/schema.org\",\"@graph\":[{\"@type\":\"WebPage\",\"@id\":\"https:\\\/\\\/adexa.ee\\\/toode\\\/kaubanduslik-toidusoojendaja-1-sahtel-gn1-1-adexa-whbwd01a\\\/\",\"url\":\"https:\\\/\\\/adexa.ee\\\/toode\\\/kaubanduslik-toidusoojendaja-1-sahtel-gn1-1-adexa-whbwd01a\\\/\",\"name\":\"Kaubanduslik toidusoojendaja 1 sahtel GN1\\\/1 | Adexa WHBWD01A - Adexa \u2013 Suurk\u00f6\u00f6giseadmed restoranidele ja toitlustusele\",\"isPartOf\":{\"@id\":\"https:\\\/\\\/adexa.ee\\\/#website\"},\"primaryImageOfPage\":{\"@id\":\"https:\\\/\\\/adexa.ee\\\/toode\\\/kaubanduslik-toidusoojendaja-1-sahtel-gn1-1-adexa-whbwd01a\\\/#primaryimage\"},\"image\":{\"@id\":\"https:\\\/\\\/adexa.ee\\\/toode\\\/kaubanduslik-toidusoojendaja-1-sahtel-gn1-1-adexa-whbwd01a\\\/#primaryimage\"},\"thumbnailUrl\":\"https:\\\/\\\/adexa.ee\\\/wp-content\\\/uploads\\\/2025\\\/09\\\/WHBWD01A.jpg\",\"datePublished\":\"2026-03-26T09:55:26+00:00\",\"dateModified\":\"2026-03-26T09:55:30+00:00\",\"breadcrumb\":{\"@id\":\"https:\\\/\\\/adexa.ee\\\/toode\\\/kaubanduslik-toidusoojendaja-1-sahtel-gn1-1-adexa-whbwd01a\\\/#breadcrumb\"},\"inLanguage\":\"en-US\",\"potentialAction\":[{\"@type\":\"ReadAction\",\"target\":[\"https:\\\/\\\/adexa.ee\\\/toode\\\/kaubanduslik-toidusoojendaja-1-sahtel-gn1-1-adexa-whbwd01a\\\/\"]}]},{\"@type\":\"ImageObject\",\"inLanguage\":\"en-US\",\"@id\":\"https:\\\/\\\/adexa.ee\\\/toode\\\/kaubanduslik-toidusoojendaja-1-sahtel-gn1-1-adexa-whbwd01a\\\/#primaryimage\",\"url\":\"https:\\\/\\\/adexa.ee\\\/wp-content\\\/uploads\\\/2025\\\/09\\\/WHBWD01A.jpg\",\"contentUrl\":\"https:\\\/\\\/adexa.ee\\\/wp-content\\\/uploads\\\/2025\\\/09\\\/WHBWD01A.jpg\",\"width\":2000,\"height\":2000},{\"@type\":\"BreadcrumbList\",\"@id\":\"https:\\\/\\\/adexa.ee\\\/toode\\\/kaubanduslik-toidusoojendaja-1-sahtel-gn1-1-adexa-whbwd01a\\\/#breadcrumb\",\"itemListElement\":[{\"@type\":\"ListItem\",\"position\":1,\"name\":\"Home\",\"item\":\"https:\\\/\\\/adexa.ee\\\/\"},{\"@type\":\"ListItem\",\"position\":2,\"name\":\"Tooted\",\"item\":\"https:\\\/\\\/adexa.ee\\\/pood\\\/\"},{\"@type\":\"ListItem\",\"position\":3,\"name\":\"Kaubanduslik toidusoojendaja 1 sahtel GN1\\\/1 | Adexa WHBWD01A\"}]},{\"@type\":\"WebSite\",\"@id\":\"https:\\\/\\\/adexa.ee\\\/#website\",\"url\":\"https:\\\/\\\/adexa.ee\\\/\",\"name\":\"Adexa\",\"description\":\"\",\"publisher\":{\"@id\":\"https:\\\/\\\/adexa.ee\\\/#organization\"},\"potentialAction\":[{\"@type\":\"SearchAction\",\"target\":{\"@type\":\"EntryPoint\",\"urlTemplate\":\"https:\\\/\\\/adexa.ee\\\/?s={search_term_string}\"},\"query-input\":{\"@type\":\"PropertyValueSpecification\",\"valueRequired\":true,\"valueName\":\"search_term_string\"}}],\"inLanguage\":\"en-US\"},{\"@type\":\"Organization\",\"@id\":\"https:\\\/\\\/adexa.ee\\\/#organization\",\"name\":\"Adexa\",\"url\":\"https:\\\/\\\/adexa.ee\\\/\",\"logo\":{\"@type\":\"ImageObject\",\"inLanguage\":\"en-US\",\"@id\":\"https:\\\/\\\/adexa.ee\\\/#\\\/schema\\\/logo\\\/image\\\/\",\"url\":\"https:\\\/\\\/adexa.ee\\\/wp-content\\\/uploads\\\/2024\\\/04\\\/chef-cooks-working-in-professional-kitchen-2023-11-27-05-07-39-utc-scaled.jpg\",\"contentUrl\":\"https:\\\/\\\/adexa.ee\\\/wp-content\\\/uploads\\\/2024\\\/04\\\/chef-cooks-working-in-professional-kitchen-2023-11-27-05-07-39-utc-scaled.jpg\",\"width\":2560,\"height\":1708,\"caption\":\"Adexa\"},\"image\":{\"@id\":\"https:\\\/\\\/adexa.ee\\\/#\\\/schema\\\/logo\\\/image\\\/\"}}]}<\/script>\n<!-- \/ Yoast SEO plugin. -->","yoast_head_json":{"title":"Kaubanduslik toidusoojendaja 1 sahtel GN1\/1 | Adexa WHBWD01A - Adexa \u2013 Suurk\u00f6\u00f6giseadmed restoranidele ja toitlustusele","robots":{"index":"index","follow":"follow","max-snippet":"max-snippet:-1","max-image-preview":"max-image-preview:large","max-video-preview":"max-video-preview:-1"},"canonical":"https:\/\/adexa.ee\/toode\/kaubanduslik-toidusoojendaja-1-sahtel-gn1-1-adexa-whbwd01a\/","og_locale":"en_US","og_type":"article","og_title":"Kaubanduslik toidusoojendaja 1 sahtel GN1\/1 | Adexa WHBWD01A - Adexa \u2013 Suurk\u00f6\u00f6giseadmed restoranidele ja toitlustusele","og_description":"See \u00fche sahtliga soojendaja on varustatud s\u00fcsteemiga, mis tagab teie toidule \u00f5rna kiirgussoojusallika. Selle sahtlisoojendaja sees s\u00e4ilivad tooted kauem niisked,","og_url":"https:\/\/adexa.ee\/toode\/kaubanduslik-toidusoojendaja-1-sahtel-gn1-1-adexa-whbwd01a\/","og_site_name":"Adexa \u2013 Suurk\u00f6\u00f6giseadmed restoranidele ja toitlustusele","article_modified_time":"2026-03-26T09:55:30+00:00","og_image":[{"width":2000,"height":2000,"url":"https:\/\/adexa.ee\/wp-content\/uploads\/2025\/09\/WHBWD01A.jpg","type":"image\/jpeg"}],"twitter_card":"summary_large_image","schema":{"@context":"https:\/\/schema.org","@graph":[{"@type":"WebPage","@id":"https:\/\/adexa.ee\/toode\/kaubanduslik-toidusoojendaja-1-sahtel-gn1-1-adexa-whbwd01a\/","url":"https:\/\/adexa.ee\/toode\/kaubanduslik-toidusoojendaja-1-sahtel-gn1-1-adexa-whbwd01a\/","name":"Kaubanduslik toidusoojendaja 1 sahtel GN1\/1 | Adexa WHBWD01A - Adexa \u2013 Suurk\u00f6\u00f6giseadmed restoranidele ja toitlustusele","isPartOf":{"@id":"https:\/\/adexa.ee\/#website"},"primaryImageOfPage":{"@id":"https:\/\/adexa.ee\/toode\/kaubanduslik-toidusoojendaja-1-sahtel-gn1-1-adexa-whbwd01a\/#primaryimage"},"image":{"@id":"https:\/\/adexa.ee\/toode\/kaubanduslik-toidusoojendaja-1-sahtel-gn1-1-adexa-whbwd01a\/#primaryimage"},"thumbnailUrl":"https:\/\/adexa.ee\/wp-content\/uploads\/2025\/09\/WHBWD01A.jpg","datePublished":"2026-03-26T09:55:26+00:00","dateModified":"2026-03-26T09:55:30+00:00","breadcrumb":{"@id":"https:\/\/adexa.ee\/toode\/kaubanduslik-toidusoojendaja-1-sahtel-gn1-1-adexa-whbwd01a\/#breadcrumb"},"inLanguage":"en-US","potentialAction":[{"@type":"ReadAction","target":["https:\/\/adexa.ee\/toode\/kaubanduslik-toidusoojendaja-1-sahtel-gn1-1-adexa-whbwd01a\/"]}]},{"@type":"ImageObject","inLanguage":"en-US","@id":"https:\/\/adexa.ee\/toode\/kaubanduslik-toidusoojendaja-1-sahtel-gn1-1-adexa-whbwd01a\/#primaryimage","url":"https:\/\/adexa.ee\/wp-content\/uploads\/2025\/09\/WHBWD01A.jpg","contentUrl":"https:\/\/adexa.ee\/wp-content\/uploads\/2025\/09\/WHBWD01A.jpg","width":2000,"height":2000},{"@type":"BreadcrumbList","@id":"https:\/\/adexa.ee\/toode\/kaubanduslik-toidusoojendaja-1-sahtel-gn1-1-adexa-whbwd01a\/#breadcrumb","itemListElement":[{"@type":"ListItem","position":1,"name":"Home","item":"https:\/\/adexa.ee\/"},{"@type":"ListItem","position":2,"name":"Tooted","item":"https:\/\/adexa.ee\/pood\/"},{"@type":"ListItem","position":3,"name":"Kaubanduslik toidusoojendaja 1 sahtel GN1\/1 | Adexa WHBWD01A"}]},{"@type":"WebSite","@id":"https:\/\/adexa.ee\/#website","url":"https:\/\/adexa.ee\/","name":"Adexa","description":"","publisher":{"@id":"https:\/\/adexa.ee\/#organization"},"potentialAction":[{"@type":"SearchAction","target":{"@type":"EntryPoint","urlTemplate":"https:\/\/adexa.ee\/?s={search_term_string}"},"query-input":{"@type":"PropertyValueSpecification","valueRequired":true,"valueName":"search_term_string"}}],"inLanguage":"en-US"},{"@type":"Organization","@id":"https:\/\/adexa.ee\/#organization","name":"Adexa","url":"https:\/\/adexa.ee\/","logo":{"@type":"ImageObject","inLanguage":"en-US","@id":"https:\/\/adexa.ee\/#\/schema\/logo\/image\/","url":"https:\/\/adexa.ee\/wp-content\/uploads\/2024\/04\/chef-cooks-working-in-professional-kitchen-2023-11-27-05-07-39-utc-scaled.jpg","contentUrl":"https:\/\/adexa.ee\/wp-content\/uploads\/2024\/04\/chef-cooks-working-in-professional-kitchen-2023-11-27-05-07-39-utc-scaled.jpg","width":2560,"height":1708,"caption":"Adexa"},"image":{"@id":"https:\/\/adexa.ee\/#\/schema\/logo\/image\/"}}]}},"_links":{"self":[{"href":"https:\/\/adexa.ee\/en\/wp-json\/wp\/v2\/product\/35143","targetHints":{"allow":["GET"]}}],"collection":[{"href":"https:\/\/adexa.ee\/en\/wp-json\/wp\/v2\/product"}],"about":[{"href":"https:\/\/adexa.ee\/en\/wp-json\/wp\/v2\/types\/product"}],"wp:featuredmedia":[{"embeddable":true,"href":"https:\/\/adexa.ee\/en\/wp-json\/wp\/v2\/media\/35145"}],"wp:attachment":[{"href":"https:\/\/adexa.ee\/en\/wp-json\/wp\/v2\/media?parent=35143"}],"wp:term":[{"taxonomy":"product_brand","embeddable":true,"href":"https:\/\/adexa.ee\/en\/wp-json\/wp\/v2\/product_brand?post=35143"},{"taxonomy":"product_cat","embeddable":true,"href":"https:\/\/adexa.ee\/en\/wp-json\/wp\/v2\/product_cat?post=35143"},{"taxonomy":"product_tag","embeddable":true,"href":"https:\/\/adexa.ee\/en\/wp-json\/wp\/v2\/product_tag?post=35143"}],"curies":[{"name":"wp","href":"https:\/\/api.w.org\/{rel}","templated":true}]}}