{"id":35164,"date":"2026-03-26T18:25:16","date_gmt":"2026-03-26T16:25:16","guid":{"rendered":"https:\/\/adexa.ee\/toode\/kaubanduslik-jahutatud-lett-4-sahtliga-sugavus-700mm-tagasein-adexa-4drg22v\/"},"modified":"2026-03-26T18:25:17","modified_gmt":"2026-03-26T16:25:17","slug":"kaubanduslik-jahutatud-lett-4-sahtliga-sugavus-700mm-tagasein-adexa-4drg22v","status":"publish","type":"product","link":"https:\/\/adexa.ee\/en\/toode\/kaubanduslik-jahutatud-lett-4-sahtliga-sugavus-700mm-tagasein-adexa-4drg22v\/","title":{"rendered":"Kaubanduslik jahutatud lett 4 sahtliga S\u00fcgavus 700mm tagasein | Adexa 4DRG22V"},"content":{"rendered":"<p>Letijaheti 4 GN sahtliga ja 4 ratast kaasas. See restorani pingijahuti on varustatud mitmete kasulike funktsioonidega, mis muudavad kindlasti toitlustamise ja professionaalse k\u00f6\u00f6gi elu m\u00e4rgatavalt lihtsamaks. Temperatuuri vahemik +2 kuni +8\u00b0C CFC-vaba k\u00fclmaaine ja vaht T\u00e4ielik struktuur sisemuses ja v\u00e4ljas roostevabast terasest AISI 304 \u00fcmardatud sisemiste servadega kergeks puhastamiseks Isolatsioon paksusega 60mm Ventileeritud jahutuskamber tagab parema \u00f5hu tsirkulatsiooni Automaatne sulatus ja kondensvee automaatne aurustumine Elektrooniline termostaat ja digitaalne LED temperatuuri ekraan t\u00e4pseks kontrolliks ja lihtsaks lugemiseks Isekinnituv uks Magnettihendit saab vahetada ilma t\u00f6\u00f6riistadeta Uksesillusse peidetud k\u00fctteelement kondenseerumise v\u00e4ltimiseks Kavandatud sobituma GN1\/1 pannide suurustega HC k\u00fclmaaine 4 ratast kaasas Toiteallikas: 230V \/ 1N \/ 50Hz Standardne \u00dchendkuningriigi pistik Dokumentatsioon Kl\u00f5psake siin CE vastavusdeklaratsiooni allalaadimiseks T\u00e4psema teabe saamiseks vaadake jaotist &#8220;Spetsifikatsioon&#8221;.<\/p>\n<table style=\"border-collapse: collapse; width: 100%; text-align: left;\">\n<tbody>\n<tr>\n<td style=\"border: 1px solid #ddd; padding: 8px; width: 45%;\"><strong>S\u00fcgavus<\/strong><\/td>\n<td style=\"border: 1px solid #ddd; padding: 8px;\">700mm<\/td>\n<\/tr>\n<tr>\n<td style=\"border: 1px solid #ddd; padding: 8px; width: 45%;\"><strong>K\u00f5rgus<\/strong><\/td>\n<td style=\"border: 1px solid #ddd; padding: 8px;\">860mm<\/td>\n<\/tr>\n<tr>\n<td style=\"border: 1px solid #ddd; padding: 8px; width: 45%;\"><strong>Laius<\/strong><\/td>\n<td style=\"border: 1px solid #ddd; padding: 8px;\">1360 mm<\/td>\n<\/tr>\n<tr>\n<td style=\"border: 1px solid #ddd; padding: 8px; width: 45%;\"><strong>Kaal<\/strong><\/td>\n<td style=\"border: 1px solid #ddd; padding: 8px;\">104 kg<\/td>\n<\/tr>\n<tr>\n<td style=\"border: 1px solid #ddd; padding: 8px; width: 45%;\"><strong>Garantii<\/strong><\/td>\n<td style=\"border: 1px solid #ddd; padding: 8px;\">12 kuu varuosade garantii<\/td>\n<\/tr>\n<tr>\n<td style=\"border: 1px solid #ddd; padding: 8px; width: 45%;\"><strong>Uksed \/ Sahtlid<\/strong><\/td>\n<td style=\"border: 1px solid #ddd; padding: 8px;\">4 sahtlit<\/td>\n<\/tr>\n<tr>\n<td style=\"border: 1px solid #ddd; padding: 8px; width: 45%;\"><strong>Toiteallikas<\/strong><\/td>\n<td style=\"border: 1px solid #ddd; padding: 8px;\">230V \/ 1 faas<\/td>\n<\/tr>\n<tr>\n<td style=\"border: 1px solid #ddd; padding: 8px; width: 45%;\"><strong>V\u00f5imsus<\/strong><\/td>\n<td style=\"border: 1px solid #ddd; padding: 8px;\">310W<\/td>\n<\/tr>\n<tr>\n<td style=\"border: 1px solid #ddd; padding: 8px; width: 45%;\"><strong>Rullikud<\/strong><\/td>\n<td style=\"border: 1px solid #ddd; padding: 8px;\">Jah<\/td>\n<\/tr>\n<tr>\n<td style=\"border: 1px solid #ddd; padding: 8px; width: 45%;\"><strong>Jahutamine<\/strong><\/td>\n<td style=\"border: 1px solid #ddd; padding: 8px;\">Ventileeritud<\/td>\n<\/tr>\n<tr>\n<td style=\"border: 1px solid #ddd; padding: 8px; width: 45%;\"><strong>Sulatamine<\/strong><\/td>\n<td style=\"border: 1px solid #ddd; padding: 8px;\">Automaatne<\/td>\n<\/tr>\n<tr>\n<td style=\"border: 1px solid #ddd; padding: 8px; width: 45%;\"><strong>K\u00fclmaaine<\/strong><\/td>\n<td style=\"border: 1px solid #ddd; padding: 8px;\">R290<\/td>\n<\/tr>\n<tr>\n<td style=\"border: 1px solid #ddd; padding: 8px; width: 45%;\"><strong>Pritsekaitse<\/strong><\/td>\n<td style=\"border: 1px solid #ddd; padding: 8px;\">Jah<\/td>\n<\/tr>\n<tr>\n<td style=\"border: 1px solid #ddd; padding: 8px; width: 45%;\"><strong>Temperatuur<\/strong><\/td>\n<td style=\"border: 1px solid #ddd; padding: 8px;\">+2 \u00b0C kuni +8 \u00b0C<\/td>\n<\/tr>\n<tr>\n<td style=\"border: 1px solid #ddd; padding: 8px; width: 45%;\"><strong>Kontrollid<\/strong><\/td>\n<td style=\"border: 1px solid #ddd; padding: 8px;\">Digitaalne<\/td>\n<\/tr>\n<tr>\n<td style=\"border: 1px solid #ddd; padding: 8px; width: 45%;\"><strong>Materjal (v\u00e4limine)<\/strong><\/td>\n<td style=\"border: 1px solid #ddd; padding: 8px;\">Roostevaba teras<\/td>\n<\/tr>\n<tr>\n<td style=\"border: 1px solid #ddd; padding: 8px; width: 45%;\"><strong>Materjal (sisemine)<\/strong><\/td>\n<td style=\"border: 1px solid #ddd; padding: 8px;\">Roostevaba teras<\/td>\n<\/tr>\n<tr>\n<td style=\"border: 1px solid #ddd; padding: 8px; width: 45%;\"><strong>M\u00f5\u00f5tmed (sahtlid)<\/strong><\/td>\n<td style=\"border: 1px solid #ddd; padding: 8px;\">304x525x310mm (sisemine)<\/td>\n<\/tr>\n<\/tbody>\n<\/table>\n","protected":false},"excerpt":{"rendered":"<p>Letijaheti 4 GN sahtliga ja 4 ratast kaasas. See restorani pingijahuti on varustatud mitmete kasulike funktsioonidega, mis muudavad kindlasti toitlustamise<\/p>\n","protected":false},"featured_media":35166,"template":"","meta":[],"product_brand":[],"product_cat":[564,605,565,568],"product_tag":[],"class_list":{"0":"post-35164","1":"product","2":"type-product","3":"status-publish","4":"has-post-thumbnail","6":"product_cat-jahutusseadmed","7":"product_cat-kulmletid-lauad-sahtlitega","8":"product_cat-letikulmikud","9":"product_cat-nelja-uksega-letikulmikud","11":"first","12":"instock","13":"sale","14":"taxable","15":"shipping-taxable","16":"purchasable","17":"product-type-simple"},"yoast_head":"<!-- This site is optimized with the Yoast SEO plugin v27.3 - https:\/\/yoast.com\/product\/yoast-seo-wordpress\/ -->\n<title>Kaubanduslik jahutatud lett 4 sahtliga S\u00fcgavus 700mm tagasein | Adexa 4DRG22V - Adexa \u2013 Suurk\u00f6\u00f6giseadmed restoranidele ja toitlustusele<\/title>\n<meta name=\"robots\" content=\"index, follow, max-snippet:-1, max-image-preview:large, max-video-preview:-1\" \/>\n<link rel=\"canonical\" href=\"https:\/\/adexa.ee\/toode\/kaubanduslik-jahutatud-lett-4-sahtliga-sugavus-700mm-tagasein-adexa-4drg22v\/\" \/>\n<meta property=\"og:locale\" content=\"en_US\" \/>\n<meta property=\"og:type\" content=\"article\" \/>\n<meta property=\"og:title\" content=\"Kaubanduslik jahutatud lett 4 sahtliga S\u00fcgavus 700mm tagasein | Adexa 4DRG22V - Adexa \u2013 Suurk\u00f6\u00f6giseadmed restoranidele ja toitlustusele\" \/>\n<meta property=\"og:description\" content=\"Letijaheti 4 GN sahtliga ja 4 ratast kaasas. See restorani pingijahuti on varustatud mitmete kasulike funktsioonidega, mis muudavad kindlasti toitlustamise\" \/>\n<meta property=\"og:url\" content=\"https:\/\/adexa.ee\/toode\/kaubanduslik-jahutatud-lett-4-sahtliga-sugavus-700mm-tagasein-adexa-4drg22v\/\" \/>\n<meta property=\"og:site_name\" content=\"Adexa \u2013 Suurk\u00f6\u00f6giseadmed restoranidele ja toitlustusele\" \/>\n<meta property=\"article:modified_time\" content=\"2026-03-26T16:25:17+00:00\" \/>\n<meta property=\"og:image\" content=\"https:\/\/adexa.ee\/wp-content\/uploads\/2025\/09\/4DRG22V-.jpg\" \/>\n\t<meta property=\"og:image:width\" content=\"853\" \/>\n\t<meta property=\"og:image:height\" content=\"853\" \/>\n\t<meta property=\"og:image:type\" content=\"image\/jpeg\" \/>\n<meta name=\"twitter:card\" content=\"summary_large_image\" \/>\n<meta name=\"twitter:label1\" content=\"Est. reading time\" \/>\n\t<meta name=\"twitter:data1\" content=\"1 minute\" \/>\n<script type=\"application\/ld+json\" class=\"yoast-schema-graph\">{\"@context\":\"https:\\\/\\\/schema.org\",\"@graph\":[{\"@type\":\"WebPage\",\"@id\":\"https:\\\/\\\/adexa.ee\\\/toode\\\/kaubanduslik-jahutatud-lett-4-sahtliga-sugavus-700mm-tagasein-adexa-4drg22v\\\/\",\"url\":\"https:\\\/\\\/adexa.ee\\\/toode\\\/kaubanduslik-jahutatud-lett-4-sahtliga-sugavus-700mm-tagasein-adexa-4drg22v\\\/\",\"name\":\"Kaubanduslik jahutatud lett 4 sahtliga S\u00fcgavus 700mm tagasein | Adexa 4DRG22V - Adexa \u2013 Suurk\u00f6\u00f6giseadmed restoranidele ja toitlustusele\",\"isPartOf\":{\"@id\":\"https:\\\/\\\/adexa.ee\\\/#website\"},\"primaryImageOfPage\":{\"@id\":\"https:\\\/\\\/adexa.ee\\\/toode\\\/kaubanduslik-jahutatud-lett-4-sahtliga-sugavus-700mm-tagasein-adexa-4drg22v\\\/#primaryimage\"},\"image\":{\"@id\":\"https:\\\/\\\/adexa.ee\\\/toode\\\/kaubanduslik-jahutatud-lett-4-sahtliga-sugavus-700mm-tagasein-adexa-4drg22v\\\/#primaryimage\"},\"thumbnailUrl\":\"https:\\\/\\\/adexa.ee\\\/wp-content\\\/uploads\\\/2025\\\/09\\\/4DRG22V-.jpg\",\"datePublished\":\"2026-03-26T16:25:16+00:00\",\"dateModified\":\"2026-03-26T16:25:17+00:00\",\"breadcrumb\":{\"@id\":\"https:\\\/\\\/adexa.ee\\\/toode\\\/kaubanduslik-jahutatud-lett-4-sahtliga-sugavus-700mm-tagasein-adexa-4drg22v\\\/#breadcrumb\"},\"inLanguage\":\"en-US\",\"potentialAction\":[{\"@type\":\"ReadAction\",\"target\":[\"https:\\\/\\\/adexa.ee\\\/toode\\\/kaubanduslik-jahutatud-lett-4-sahtliga-sugavus-700mm-tagasein-adexa-4drg22v\\\/\"]}]},{\"@type\":\"ImageObject\",\"inLanguage\":\"en-US\",\"@id\":\"https:\\\/\\\/adexa.ee\\\/toode\\\/kaubanduslik-jahutatud-lett-4-sahtliga-sugavus-700mm-tagasein-adexa-4drg22v\\\/#primaryimage\",\"url\":\"https:\\\/\\\/adexa.ee\\\/wp-content\\\/uploads\\\/2025\\\/09\\\/4DRG22V-.jpg\",\"contentUrl\":\"https:\\\/\\\/adexa.ee\\\/wp-content\\\/uploads\\\/2025\\\/09\\\/4DRG22V-.jpg\",\"width\":853,\"height\":853},{\"@type\":\"BreadcrumbList\",\"@id\":\"https:\\\/\\\/adexa.ee\\\/toode\\\/kaubanduslik-jahutatud-lett-4-sahtliga-sugavus-700mm-tagasein-adexa-4drg22v\\\/#breadcrumb\",\"itemListElement\":[{\"@type\":\"ListItem\",\"position\":1,\"name\":\"Home\",\"item\":\"https:\\\/\\\/adexa.ee\\\/\"},{\"@type\":\"ListItem\",\"position\":2,\"name\":\"Tooted\",\"item\":\"https:\\\/\\\/adexa.ee\\\/pood\\\/\"},{\"@type\":\"ListItem\",\"position\":3,\"name\":\"Kaubanduslik jahutatud lett 4 sahtliga S\u00fcgavus 700mm tagasein | Adexa 4DRG22V\"}]},{\"@type\":\"WebSite\",\"@id\":\"https:\\\/\\\/adexa.ee\\\/#website\",\"url\":\"https:\\\/\\\/adexa.ee\\\/\",\"name\":\"Adexa\",\"description\":\"\",\"publisher\":{\"@id\":\"https:\\\/\\\/adexa.ee\\\/#organization\"},\"potentialAction\":[{\"@type\":\"SearchAction\",\"target\":{\"@type\":\"EntryPoint\",\"urlTemplate\":\"https:\\\/\\\/adexa.ee\\\/?s={search_term_string}\"},\"query-input\":{\"@type\":\"PropertyValueSpecification\",\"valueRequired\":true,\"valueName\":\"search_term_string\"}}],\"inLanguage\":\"en-US\"},{\"@type\":\"Organization\",\"@id\":\"https:\\\/\\\/adexa.ee\\\/#organization\",\"name\":\"Adexa\",\"url\":\"https:\\\/\\\/adexa.ee\\\/\",\"logo\":{\"@type\":\"ImageObject\",\"inLanguage\":\"en-US\",\"@id\":\"https:\\\/\\\/adexa.ee\\\/#\\\/schema\\\/logo\\\/image\\\/\",\"url\":\"https:\\\/\\\/adexa.ee\\\/wp-content\\\/uploads\\\/2024\\\/04\\\/chef-cooks-working-in-professional-kitchen-2023-11-27-05-07-39-utc-scaled.jpg\",\"contentUrl\":\"https:\\\/\\\/adexa.ee\\\/wp-content\\\/uploads\\\/2024\\\/04\\\/chef-cooks-working-in-professional-kitchen-2023-11-27-05-07-39-utc-scaled.jpg\",\"width\":2560,\"height\":1708,\"caption\":\"Adexa\"},\"image\":{\"@id\":\"https:\\\/\\\/adexa.ee\\\/#\\\/schema\\\/logo\\\/image\\\/\"}}]}<\/script>\n<!-- \/ Yoast SEO plugin. -->","yoast_head_json":{"title":"Kaubanduslik jahutatud lett 4 sahtliga S\u00fcgavus 700mm tagasein | Adexa 4DRG22V - Adexa \u2013 Suurk\u00f6\u00f6giseadmed restoranidele ja toitlustusele","robots":{"index":"index","follow":"follow","max-snippet":"max-snippet:-1","max-image-preview":"max-image-preview:large","max-video-preview":"max-video-preview:-1"},"canonical":"https:\/\/adexa.ee\/toode\/kaubanduslik-jahutatud-lett-4-sahtliga-sugavus-700mm-tagasein-adexa-4drg22v\/","og_locale":"en_US","og_type":"article","og_title":"Kaubanduslik jahutatud lett 4 sahtliga S\u00fcgavus 700mm tagasein | Adexa 4DRG22V - Adexa \u2013 Suurk\u00f6\u00f6giseadmed restoranidele ja toitlustusele","og_description":"Letijaheti 4 GN sahtliga ja 4 ratast kaasas. See restorani pingijahuti on varustatud mitmete kasulike funktsioonidega, mis muudavad kindlasti toitlustamise","og_url":"https:\/\/adexa.ee\/toode\/kaubanduslik-jahutatud-lett-4-sahtliga-sugavus-700mm-tagasein-adexa-4drg22v\/","og_site_name":"Adexa \u2013 Suurk\u00f6\u00f6giseadmed restoranidele ja toitlustusele","article_modified_time":"2026-03-26T16:25:17+00:00","og_image":[{"width":853,"height":853,"url":"https:\/\/adexa.ee\/wp-content\/uploads\/2025\/09\/4DRG22V-.jpg","type":"image\/jpeg"}],"twitter_card":"summary_large_image","twitter_misc":{"Est. reading time":"1 minute"},"schema":{"@context":"https:\/\/schema.org","@graph":[{"@type":"WebPage","@id":"https:\/\/adexa.ee\/toode\/kaubanduslik-jahutatud-lett-4-sahtliga-sugavus-700mm-tagasein-adexa-4drg22v\/","url":"https:\/\/adexa.ee\/toode\/kaubanduslik-jahutatud-lett-4-sahtliga-sugavus-700mm-tagasein-adexa-4drg22v\/","name":"Kaubanduslik jahutatud lett 4 sahtliga S\u00fcgavus 700mm tagasein | Adexa 4DRG22V - Adexa \u2013 Suurk\u00f6\u00f6giseadmed restoranidele ja toitlustusele","isPartOf":{"@id":"https:\/\/adexa.ee\/#website"},"primaryImageOfPage":{"@id":"https:\/\/adexa.ee\/toode\/kaubanduslik-jahutatud-lett-4-sahtliga-sugavus-700mm-tagasein-adexa-4drg22v\/#primaryimage"},"image":{"@id":"https:\/\/adexa.ee\/toode\/kaubanduslik-jahutatud-lett-4-sahtliga-sugavus-700mm-tagasein-adexa-4drg22v\/#primaryimage"},"thumbnailUrl":"https:\/\/adexa.ee\/wp-content\/uploads\/2025\/09\/4DRG22V-.jpg","datePublished":"2026-03-26T16:25:16+00:00","dateModified":"2026-03-26T16:25:17+00:00","breadcrumb":{"@id":"https:\/\/adexa.ee\/toode\/kaubanduslik-jahutatud-lett-4-sahtliga-sugavus-700mm-tagasein-adexa-4drg22v\/#breadcrumb"},"inLanguage":"en-US","potentialAction":[{"@type":"ReadAction","target":["https:\/\/adexa.ee\/toode\/kaubanduslik-jahutatud-lett-4-sahtliga-sugavus-700mm-tagasein-adexa-4drg22v\/"]}]},{"@type":"ImageObject","inLanguage":"en-US","@id":"https:\/\/adexa.ee\/toode\/kaubanduslik-jahutatud-lett-4-sahtliga-sugavus-700mm-tagasein-adexa-4drg22v\/#primaryimage","url":"https:\/\/adexa.ee\/wp-content\/uploads\/2025\/09\/4DRG22V-.jpg","contentUrl":"https:\/\/adexa.ee\/wp-content\/uploads\/2025\/09\/4DRG22V-.jpg","width":853,"height":853},{"@type":"BreadcrumbList","@id":"https:\/\/adexa.ee\/toode\/kaubanduslik-jahutatud-lett-4-sahtliga-sugavus-700mm-tagasein-adexa-4drg22v\/#breadcrumb","itemListElement":[{"@type":"ListItem","position":1,"name":"Home","item":"https:\/\/adexa.ee\/"},{"@type":"ListItem","position":2,"name":"Tooted","item":"https:\/\/adexa.ee\/pood\/"},{"@type":"ListItem","position":3,"name":"Kaubanduslik jahutatud lett 4 sahtliga S\u00fcgavus 700mm tagasein | Adexa 4DRG22V"}]},{"@type":"WebSite","@id":"https:\/\/adexa.ee\/#website","url":"https:\/\/adexa.ee\/","name":"Adexa","description":"","publisher":{"@id":"https:\/\/adexa.ee\/#organization"},"potentialAction":[{"@type":"SearchAction","target":{"@type":"EntryPoint","urlTemplate":"https:\/\/adexa.ee\/?s={search_term_string}"},"query-input":{"@type":"PropertyValueSpecification","valueRequired":true,"valueName":"search_term_string"}}],"inLanguage":"en-US"},{"@type":"Organization","@id":"https:\/\/adexa.ee\/#organization","name":"Adexa","url":"https:\/\/adexa.ee\/","logo":{"@type":"ImageObject","inLanguage":"en-US","@id":"https:\/\/adexa.ee\/#\/schema\/logo\/image\/","url":"https:\/\/adexa.ee\/wp-content\/uploads\/2024\/04\/chef-cooks-working-in-professional-kitchen-2023-11-27-05-07-39-utc-scaled.jpg","contentUrl":"https:\/\/adexa.ee\/wp-content\/uploads\/2024\/04\/chef-cooks-working-in-professional-kitchen-2023-11-27-05-07-39-utc-scaled.jpg","width":2560,"height":1708,"caption":"Adexa"},"image":{"@id":"https:\/\/adexa.ee\/#\/schema\/logo\/image\/"}}]}},"_links":{"self":[{"href":"https:\/\/adexa.ee\/en\/wp-json\/wp\/v2\/product\/35164","targetHints":{"allow":["GET"]}}],"collection":[{"href":"https:\/\/adexa.ee\/en\/wp-json\/wp\/v2\/product"}],"about":[{"href":"https:\/\/adexa.ee\/en\/wp-json\/wp\/v2\/types\/product"}],"wp:featuredmedia":[{"embeddable":true,"href":"https:\/\/adexa.ee\/en\/wp-json\/wp\/v2\/media\/35166"}],"wp:attachment":[{"href":"https:\/\/adexa.ee\/en\/wp-json\/wp\/v2\/media?parent=35164"}],"wp:term":[{"taxonomy":"product_brand","embeddable":true,"href":"https:\/\/adexa.ee\/en\/wp-json\/wp\/v2\/product_brand?post=35164"},{"taxonomy":"product_cat","embeddable":true,"href":"https:\/\/adexa.ee\/en\/wp-json\/wp\/v2\/product_cat?post=35164"},{"taxonomy":"product_tag","embeddable":true,"href":"https:\/\/adexa.ee\/en\/wp-json\/wp\/v2\/product_tag?post=35164"}],"curies":[{"name":"wp","href":"https:\/\/api.w.org\/{rel}","templated":true}]}}