{"id":35172,"date":"2026-03-26T11:55:33","date_gmt":"2026-03-26T09:55:33","guid":{"rendered":"https:\/\/adexa.ee\/toode\/rullkattval-vitriin-2xgn1-2-roostevaba-teras-adexa-crd2\/"},"modified":"2026-03-26T11:55:34","modified_gmt":"2026-03-26T09:55:34","slug":"kaanega-vitriin-2xgn1-2-roostevaba-teras-adexa-crd2","status":"publish","type":"product","link":"https:\/\/adexa.ee\/en\/toode\/kaanega-vitriin-2xgn1-2-roostevaba-teras-adexa-crd2\/","title":{"rendered":"Kaanega vitriin 2xGN1\/2 Roostevaba teras | Adexa CRD2"},"content":{"rendered":"<p>Esitlege oma parimate h\u00f5rgutisi, suurendage toodete n\u00e4htavust ja impulssoste selle neutraalse vitriinkapiga. See ese sobib ideaalselt paigutamiseks letile hommikus\u00f6\u00f6gibufeedel, mugavuspoodides, pagarit\u00f6\u00f6kodades ja kohvikutes, v\u00f5imaldades nii klientidel kui ka personalil h\u00f5lpsat juurdep\u00e4\u00e4su serveerimiseks. GN-alused on eemaldatavad, mis teeb need kergesti puhastatavaks ja suurendab efektiivsust kauba uuestivarustamisel. T\u00e4psema teabe leiate jaotisest &#8220;Spetsifikatsioon&#8221;.<\/p>\n<table style=\"border-collapse: collapse; width: 100%; text-align: left;\">\n<tbody>\n<tr>\n<td style=\"border: 1px solid #ddd; padding: 8px; width: 45%;\"><strong>S\u00fcgavus<\/strong><\/td>\n<td style=\"border: 1px solid #ddd; padding: 8px;\">335mm<\/td>\n<\/tr>\n<tr>\n<td style=\"border: 1px solid #ddd; padding: 8px; width: 45%;\"><strong>K\u00f5rgus<\/strong><\/td>\n<td style=\"border: 1px solid #ddd; padding: 8px;\">260mm<\/td>\n<\/tr>\n<tr>\n<td style=\"border: 1px solid #ddd; padding: 8px; width: 45%;\"><strong>Laius<\/strong><\/td>\n<td style=\"border: 1px solid #ddd; padding: 8px;\">540mm<\/td>\n<\/tr>\n<tr>\n<td style=\"border: 1px solid #ddd; padding: 8px; width: 45%;\"><strong>Materjal<\/strong><\/td>\n<td style=\"border: 1px solid #ddd; padding: 8px;\">Roostevaba teras ja plast<\/td>\n<\/tr>\n<tr>\n<td style=\"border: 1px solid #ddd; padding: 8px; width: 45%;\"><strong>Kaasas<\/strong><\/td>\n<td style=\"border: 1px solid #ddd; padding: 8px;\">2 alust (GN1\/2)<\/td>\n<\/tr>\n<\/tbody>\n<\/table>\n","protected":false},"excerpt":{"rendered":"<p>Esitlege oma parimate h\u00f5rgutisi, suurendage toodete n\u00e4htavust ja impulssoste selle neutraalse vitriinkapiga. See ese sobib ideaalselt paigutamiseks letile hommikus\u00f6\u00f6gibufeedel, mugavuspoodides,<\/p>\n","protected":false},"featured_media":35174,"template":"","meta":[],"product_brand":[],"product_cat":[584,579,586,871],"product_tag":[],"class_list":{"0":"post-35172","1":"product","2":"type-product","3":"status-publish","4":"has-post-thumbnail","6":"product_cat-hoidikud-ja-kandikud","7":"product_cat-koogitarbed-noud","8":"product_cat-serveerimine","9":"product_cat-vitriinialused","11":"first","12":"instock","13":"sale","14":"taxable","15":"shipping-taxable","16":"purchasable","17":"product-type-simple"},"yoast_head":"<!-- This site is optimized with the Yoast SEO plugin v27.3 - https:\/\/yoast.com\/product\/yoast-seo-wordpress\/ -->\n<title>Kaanega vitriin 2xGN1\/2 Roostevaba teras | Adexa CRD2 - Adexa \u2013 Suurk\u00f6\u00f6giseadmed restoranidele ja toitlustusele<\/title>\n<meta name=\"robots\" content=\"index, follow, max-snippet:-1, max-image-preview:large, max-video-preview:-1\" \/>\n<link rel=\"canonical\" href=\"https:\/\/adexa.ee\/toode\/kaanega-vitriin-2xgn1-2-roostevaba-teras-adexa-crd2\/\" \/>\n<meta property=\"og:locale\" content=\"en_US\" \/>\n<meta property=\"og:type\" content=\"article\" \/>\n<meta property=\"og:title\" content=\"Kaanega vitriin 2xGN1\/2 Roostevaba teras | Adexa CRD2 - Adexa \u2013 Suurk\u00f6\u00f6giseadmed restoranidele ja toitlustusele\" \/>\n<meta property=\"og:description\" content=\"Esitlege oma parimate h\u00f5rgutisi, suurendage toodete n\u00e4htavust ja impulssoste selle neutraalse vitriinkapiga. See ese sobib ideaalselt paigutamiseks letile hommikus\u00f6\u00f6gibufeedel, mugavuspoodides,\" \/>\n<meta property=\"og:url\" content=\"https:\/\/adexa.ee\/toode\/kaanega-vitriin-2xgn1-2-roostevaba-teras-adexa-crd2\/\" \/>\n<meta property=\"og:site_name\" content=\"Adexa \u2013 Suurk\u00f6\u00f6giseadmed restoranidele ja toitlustusele\" \/>\n<meta property=\"article:modified_time\" content=\"2026-03-26T09:55:34+00:00\" \/>\n<meta property=\"og:image\" content=\"https:\/\/adexa.ee\/wp-content\/uploads\/2025\/09\/crd2.jpg\" \/>\n\t<meta property=\"og:image:width\" content=\"2510\" \/>\n\t<meta property=\"og:image:height\" content=\"2510\" \/>\n\t<meta property=\"og:image:type\" content=\"image\/jpeg\" \/>\n<meta name=\"twitter:card\" content=\"summary_large_image\" \/>\n<script type=\"application\/ld+json\" class=\"yoast-schema-graph\">{\"@context\":\"https:\\\/\\\/schema.org\",\"@graph\":[{\"@type\":\"WebPage\",\"@id\":\"https:\\\/\\\/adexa.ee\\\/toode\\\/kaanega-vitriin-2xgn1-2-roostevaba-teras-adexa-crd2\\\/\",\"url\":\"https:\\\/\\\/adexa.ee\\\/toode\\\/kaanega-vitriin-2xgn1-2-roostevaba-teras-adexa-crd2\\\/\",\"name\":\"Kaanega vitriin 2xGN1\\\/2 Roostevaba teras | Adexa CRD2 - Adexa \u2013 Suurk\u00f6\u00f6giseadmed restoranidele ja toitlustusele\",\"isPartOf\":{\"@id\":\"https:\\\/\\\/adexa.ee\\\/#website\"},\"primaryImageOfPage\":{\"@id\":\"https:\\\/\\\/adexa.ee\\\/toode\\\/kaanega-vitriin-2xgn1-2-roostevaba-teras-adexa-crd2\\\/#primaryimage\"},\"image\":{\"@id\":\"https:\\\/\\\/adexa.ee\\\/toode\\\/kaanega-vitriin-2xgn1-2-roostevaba-teras-adexa-crd2\\\/#primaryimage\"},\"thumbnailUrl\":\"https:\\\/\\\/adexa.ee\\\/wp-content\\\/uploads\\\/2025\\\/09\\\/crd2.jpg\",\"datePublished\":\"2026-03-26T09:55:33+00:00\",\"dateModified\":\"2026-03-26T09:55:34+00:00\",\"breadcrumb\":{\"@id\":\"https:\\\/\\\/adexa.ee\\\/toode\\\/kaanega-vitriin-2xgn1-2-roostevaba-teras-adexa-crd2\\\/#breadcrumb\"},\"inLanguage\":\"en-US\",\"potentialAction\":[{\"@type\":\"ReadAction\",\"target\":[\"https:\\\/\\\/adexa.ee\\\/toode\\\/kaanega-vitriin-2xgn1-2-roostevaba-teras-adexa-crd2\\\/\"]}]},{\"@type\":\"ImageObject\",\"inLanguage\":\"en-US\",\"@id\":\"https:\\\/\\\/adexa.ee\\\/toode\\\/kaanega-vitriin-2xgn1-2-roostevaba-teras-adexa-crd2\\\/#primaryimage\",\"url\":\"https:\\\/\\\/adexa.ee\\\/wp-content\\\/uploads\\\/2025\\\/09\\\/crd2.jpg\",\"contentUrl\":\"https:\\\/\\\/adexa.ee\\\/wp-content\\\/uploads\\\/2025\\\/09\\\/crd2.jpg\",\"width\":2510,\"height\":2510},{\"@type\":\"BreadcrumbList\",\"@id\":\"https:\\\/\\\/adexa.ee\\\/toode\\\/kaanega-vitriin-2xgn1-2-roostevaba-teras-adexa-crd2\\\/#breadcrumb\",\"itemListElement\":[{\"@type\":\"ListItem\",\"position\":1,\"name\":\"Home\",\"item\":\"https:\\\/\\\/adexa.ee\\\/\"},{\"@type\":\"ListItem\",\"position\":2,\"name\":\"Tooted\",\"item\":\"https:\\\/\\\/adexa.ee\\\/pood\\\/\"},{\"@type\":\"ListItem\",\"position\":3,\"name\":\"Kaanega vitriin 2xGN1\\\/2 Roostevaba teras | Adexa CRD2\"}]},{\"@type\":\"WebSite\",\"@id\":\"https:\\\/\\\/adexa.ee\\\/#website\",\"url\":\"https:\\\/\\\/adexa.ee\\\/\",\"name\":\"Adexa\",\"description\":\"\",\"publisher\":{\"@id\":\"https:\\\/\\\/adexa.ee\\\/#organization\"},\"potentialAction\":[{\"@type\":\"SearchAction\",\"target\":{\"@type\":\"EntryPoint\",\"urlTemplate\":\"https:\\\/\\\/adexa.ee\\\/?s={search_term_string}\"},\"query-input\":{\"@type\":\"PropertyValueSpecification\",\"valueRequired\":true,\"valueName\":\"search_term_string\"}}],\"inLanguage\":\"en-US\"},{\"@type\":\"Organization\",\"@id\":\"https:\\\/\\\/adexa.ee\\\/#organization\",\"name\":\"Adexa\",\"url\":\"https:\\\/\\\/adexa.ee\\\/\",\"logo\":{\"@type\":\"ImageObject\",\"inLanguage\":\"en-US\",\"@id\":\"https:\\\/\\\/adexa.ee\\\/#\\\/schema\\\/logo\\\/image\\\/\",\"url\":\"https:\\\/\\\/adexa.ee\\\/wp-content\\\/uploads\\\/2024\\\/04\\\/chef-cooks-working-in-professional-kitchen-2023-11-27-05-07-39-utc-scaled.jpg\",\"contentUrl\":\"https:\\\/\\\/adexa.ee\\\/wp-content\\\/uploads\\\/2024\\\/04\\\/chef-cooks-working-in-professional-kitchen-2023-11-27-05-07-39-utc-scaled.jpg\",\"width\":2560,\"height\":1708,\"caption\":\"Adexa\"},\"image\":{\"@id\":\"https:\\\/\\\/adexa.ee\\\/#\\\/schema\\\/logo\\\/image\\\/\"}}]}<\/script>\n<!-- \/ Yoast SEO plugin. -->","yoast_head_json":{"title":"Kaanega vitriin 2xGN1\/2 Roostevaba teras | Adexa CRD2 - Adexa \u2013 Suurk\u00f6\u00f6giseadmed restoranidele ja toitlustusele","robots":{"index":"index","follow":"follow","max-snippet":"max-snippet:-1","max-image-preview":"max-image-preview:large","max-video-preview":"max-video-preview:-1"},"canonical":"https:\/\/adexa.ee\/toode\/kaanega-vitriin-2xgn1-2-roostevaba-teras-adexa-crd2\/","og_locale":"en_US","og_type":"article","og_title":"Kaanega vitriin 2xGN1\/2 Roostevaba teras | Adexa CRD2 - Adexa \u2013 Suurk\u00f6\u00f6giseadmed restoranidele ja toitlustusele","og_description":"Esitlege oma parimate h\u00f5rgutisi, suurendage toodete n\u00e4htavust ja impulssoste selle neutraalse vitriinkapiga. See ese sobib ideaalselt paigutamiseks letile hommikus\u00f6\u00f6gibufeedel, mugavuspoodides,","og_url":"https:\/\/adexa.ee\/toode\/kaanega-vitriin-2xgn1-2-roostevaba-teras-adexa-crd2\/","og_site_name":"Adexa \u2013 Suurk\u00f6\u00f6giseadmed restoranidele ja toitlustusele","article_modified_time":"2026-03-26T09:55:34+00:00","og_image":[{"width":2510,"height":2510,"url":"https:\/\/adexa.ee\/wp-content\/uploads\/2025\/09\/crd2.jpg","type":"image\/jpeg"}],"twitter_card":"summary_large_image","schema":{"@context":"https:\/\/schema.org","@graph":[{"@type":"WebPage","@id":"https:\/\/adexa.ee\/toode\/kaanega-vitriin-2xgn1-2-roostevaba-teras-adexa-crd2\/","url":"https:\/\/adexa.ee\/toode\/kaanega-vitriin-2xgn1-2-roostevaba-teras-adexa-crd2\/","name":"Kaanega vitriin 2xGN1\/2 Roostevaba teras | Adexa CRD2 - Adexa \u2013 Suurk\u00f6\u00f6giseadmed restoranidele ja toitlustusele","isPartOf":{"@id":"https:\/\/adexa.ee\/#website"},"primaryImageOfPage":{"@id":"https:\/\/adexa.ee\/toode\/kaanega-vitriin-2xgn1-2-roostevaba-teras-adexa-crd2\/#primaryimage"},"image":{"@id":"https:\/\/adexa.ee\/toode\/kaanega-vitriin-2xgn1-2-roostevaba-teras-adexa-crd2\/#primaryimage"},"thumbnailUrl":"https:\/\/adexa.ee\/wp-content\/uploads\/2025\/09\/crd2.jpg","datePublished":"2026-03-26T09:55:33+00:00","dateModified":"2026-03-26T09:55:34+00:00","breadcrumb":{"@id":"https:\/\/adexa.ee\/toode\/kaanega-vitriin-2xgn1-2-roostevaba-teras-adexa-crd2\/#breadcrumb"},"inLanguage":"en-US","potentialAction":[{"@type":"ReadAction","target":["https:\/\/adexa.ee\/toode\/kaanega-vitriin-2xgn1-2-roostevaba-teras-adexa-crd2\/"]}]},{"@type":"ImageObject","inLanguage":"en-US","@id":"https:\/\/adexa.ee\/toode\/kaanega-vitriin-2xgn1-2-roostevaba-teras-adexa-crd2\/#primaryimage","url":"https:\/\/adexa.ee\/wp-content\/uploads\/2025\/09\/crd2.jpg","contentUrl":"https:\/\/adexa.ee\/wp-content\/uploads\/2025\/09\/crd2.jpg","width":2510,"height":2510},{"@type":"BreadcrumbList","@id":"https:\/\/adexa.ee\/toode\/kaanega-vitriin-2xgn1-2-roostevaba-teras-adexa-crd2\/#breadcrumb","itemListElement":[{"@type":"ListItem","position":1,"name":"Home","item":"https:\/\/adexa.ee\/"},{"@type":"ListItem","position":2,"name":"Tooted","item":"https:\/\/adexa.ee\/pood\/"},{"@type":"ListItem","position":3,"name":"Kaanega vitriin 2xGN1\/2 Roostevaba teras | Adexa CRD2"}]},{"@type":"WebSite","@id":"https:\/\/adexa.ee\/#website","url":"https:\/\/adexa.ee\/","name":"Adexa","description":"","publisher":{"@id":"https:\/\/adexa.ee\/#organization"},"potentialAction":[{"@type":"SearchAction","target":{"@type":"EntryPoint","urlTemplate":"https:\/\/adexa.ee\/?s={search_term_string}"},"query-input":{"@type":"PropertyValueSpecification","valueRequired":true,"valueName":"search_term_string"}}],"inLanguage":"en-US"},{"@type":"Organization","@id":"https:\/\/adexa.ee\/#organization","name":"Adexa","url":"https:\/\/adexa.ee\/","logo":{"@type":"ImageObject","inLanguage":"en-US","@id":"https:\/\/adexa.ee\/#\/schema\/logo\/image\/","url":"https:\/\/adexa.ee\/wp-content\/uploads\/2024\/04\/chef-cooks-working-in-professional-kitchen-2023-11-27-05-07-39-utc-scaled.jpg","contentUrl":"https:\/\/adexa.ee\/wp-content\/uploads\/2024\/04\/chef-cooks-working-in-professional-kitchen-2023-11-27-05-07-39-utc-scaled.jpg","width":2560,"height":1708,"caption":"Adexa"},"image":{"@id":"https:\/\/adexa.ee\/#\/schema\/logo\/image\/"}}]}},"_links":{"self":[{"href":"https:\/\/adexa.ee\/en\/wp-json\/wp\/v2\/product\/35172","targetHints":{"allow":["GET"]}}],"collection":[{"href":"https:\/\/adexa.ee\/en\/wp-json\/wp\/v2\/product"}],"about":[{"href":"https:\/\/adexa.ee\/en\/wp-json\/wp\/v2\/types\/product"}],"wp:featuredmedia":[{"embeddable":true,"href":"https:\/\/adexa.ee\/en\/wp-json\/wp\/v2\/media\/35174"}],"wp:attachment":[{"href":"https:\/\/adexa.ee\/en\/wp-json\/wp\/v2\/media?parent=35172"}],"wp:term":[{"taxonomy":"product_brand","embeddable":true,"href":"https:\/\/adexa.ee\/en\/wp-json\/wp\/v2\/product_brand?post=35172"},{"taxonomy":"product_cat","embeddable":true,"href":"https:\/\/adexa.ee\/en\/wp-json\/wp\/v2\/product_cat?post=35172"},{"taxonomy":"product_tag","embeddable":true,"href":"https:\/\/adexa.ee\/en\/wp-json\/wp\/v2\/product_tag?post=35172"}],"curies":[{"name":"wp","href":"https:\/\/api.w.org\/{rel}","templated":true}]}}