{"id":35196,"date":"2026-03-29T08:25:20","date_gmt":"2026-03-29T06:25:20","guid":{"rendered":"https:\/\/adexa.ee\/toode\/roostevabast-terasest-teeninduskaru-2-sugavat-riiulit-ruuttorud-950x500x950mm-adexa-sdt2a\/"},"modified":"2026-03-29T08:25:21","modified_gmt":"2026-03-29T06:25:21","slug":"roostevabast-terasest-teeninduskaru-2-sugavat-riiulit-ruuttorud-950x500x950mm-adexa-sdt2a","status":"publish","type":"product","link":"https:\/\/adexa.ee\/en\/toode\/roostevabast-terasest-teeninduskaru-2-sugavat-riiulit-ruuttorud-950x500x950mm-adexa-sdt2a\/","title":{"rendered":"Roostevabast terasest teenindusk\u00e4ru 2 s\u00fcgavat riiulit Ruuttorud 950x500x950mm | Adexa SDT2A"},"content":{"rendered":"<p>Vastupidav ja mitmek\u00fclgne roostevabast terasest teenindusk\u00e4ru. See professionaalne roostevabast terasest teenindusk\u00e4ru on ideaalne lahendus toidu, n\u00f5ude ja tarvikute transpordiks igas \u00e4rilises v\u00f5i institutsionaalses keskkonnas. Kvaliteetsest, korrosioonikindlast roostevabast terasest valmistatud k\u00e4ru pakub erakordset vastupidavust, h\u00fcgieeni ja elegantset, professionaalset v\u00e4limust. Parandage oma tegevuse efektiivsust ja professionaalsust selle usaldusv\u00e4\u00e4rse ja stiilse roostevabast terasest teenindusk\u00e4ruga. P\u00f5hijooned: Tugev konstruktsioon: Valmistatud kvaliteetsest roostevabast terasest, see k\u00e4ru on loodud taluma suurt koormust ja on kergesti puhastatav, tagades pikaajalise j\u00f5udluse ja h\u00fcgieeni. Sujuv liikuvus: Varustatud nelja p\u00f6\u00f6rleva rattaga, millest kaks on lukustatavad, k\u00e4ru libiseb sujuvalt \u00fcle erinevate p\u00f5randate, pakkudes suurep\u00e4rast man\u00f6\u00f6verdusv\u00f5imet ja stabiilsust, kui k\u00e4ru on paigal. Ergonoomilised k\u00e4epidemed: Kergesti haaratavad l\u00fckkek\u00e4epidemed on disainitud mugavaks ja turvaliseks k\u00e4sitsemiseks, v\u00e4hendades kasutaja v\u00e4simust. T\u00f5stetud servad: Igal riiulil on t\u00f5stetud servad, mis takistavad esemete libisemist v\u00f5i kukkumist transpordi ajal, tagades teie kaupade ohutuse. Mitmek\u00fclgsed kasutusalad: Ideaalne kasutamiseks restoranides, hotellides, haiglates, s\u00f6\u00f6klates, toitlustusteenustes ja ladudes. Rattad: 4 p\u00f6\u00f6rdratast (2 piduritega) T\u00e4iendava teabe saamiseks vaadake jaotist &#8220;Spetsifikatsioon&#8221;.<\/p>\n<table style=\"border-collapse: collapse; width: 100%; text-align: left;\">\n<tbody>\n<tr>\n<td style=\"border: 1px solid #ddd; padding: 8px; width: 45%;\"><strong>S\u00fcgavus<\/strong><\/td>\n<td style=\"border: 1px solid #ddd; padding: 8px;\">500mm<\/td>\n<\/tr>\n<tr>\n<td style=\"border: 1px solid #ddd; padding: 8px; width: 45%;\"><strong>K\u00f5rgus<\/strong><\/td>\n<td style=\"border: 1px solid #ddd; padding: 8px;\">950 mm<\/td>\n<\/tr>\n<tr>\n<td style=\"border: 1px solid #ddd; padding: 8px; width: 45%;\"><strong>Laius<\/strong><\/td>\n<td style=\"border: 1px solid #ddd; padding: 8px;\">950 mm<\/td>\n<\/tr>\n<tr>\n<td style=\"border: 1px solid #ddd; padding: 8px; width: 45%;\"><strong>Kaal<\/strong><\/td>\n<td style=\"border: 1px solid #ddd; padding: 8px;\">9,9 kg<\/td>\n<\/tr>\n<tr>\n<td style=\"border: 1px solid #ddd; padding: 8px; width: 45%;\"><strong>Garantii<\/strong><\/td>\n<td style=\"border: 1px solid #ddd; padding: 8px;\">12-kuuline varuosade garantii<\/td>\n<\/tr>\n<tr>\n<td style=\"border: 1px solid #ddd; padding: 8px; width: 45%;\"><strong>Mahutavus<\/strong><\/td>\n<td style=\"border: 1px solid #ddd; padding: 8px;\">150kg<\/td>\n<\/tr>\n<tr>\n<td style=\"border: 1px solid #ddd; padding: 8px; width: 45%;\"><strong>Rullikud<\/strong><\/td>\n<td style=\"border: 1px solid #ddd; padding: 8px;\">4 p\u00f6\u00f6rlevat ratast (2 piduritega)<\/td>\n<\/tr>\n<tr>\n<td style=\"border: 1px solid #ddd; padding: 8px; width: 45%;\"><strong>Materjal<\/strong><\/td>\n<td style=\"border: 1px solid #ddd; padding: 8px;\">Roostevaba teras<\/td>\n<\/tr>\n<tr>\n<td style=\"border: 1px solid #ddd; padding: 8px; width: 45%;\"><strong>Tasemed<\/strong><\/td>\n<td style=\"border: 1px solid #ddd; padding: 8px;\">2<\/td>\n<\/tr>\n<\/tbody>\n<\/table>\n","protected":false},"excerpt":{"rendered":"<p>Vastupidav ja mitmek\u00fclgne roostevabast terasest teenindusk\u00e4ru. See professionaalne roostevabast terasest teenindusk\u00e4ru on ideaalne lahendus toidu, n\u00f5ude ja tarvikute transpordiks igas<\/p>\n","protected":false},"featured_media":35198,"template":"","meta":[],"product_brand":[],"product_cat":[623,665,561,572],"product_tag":[],"class_list":{"0":"post-35196","1":"product","2":"type-product","3":"status-publish","4":"has-post-thumbnail","6":"product_cat-karud","7":"product_cat-ladustamine-transport","8":"product_cat-moobel-ja-hoiustamine","9":"product_cat-roostevabad-tooted","11":"first","12":"instock","13":"sale","14":"taxable","15":"shipping-taxable","16":"purchasable","17":"product-type-simple"},"yoast_head":"<!-- This site is optimized with the Yoast SEO plugin v27.3 - https:\/\/yoast.com\/product\/yoast-seo-wordpress\/ -->\n<title>Roostevabast terasest teenindusk\u00e4ru 2 s\u00fcgavat riiulit Ruuttorud 950x500x950mm | Adexa SDT2A - Adexa \u2013 Suurk\u00f6\u00f6giseadmed restoranidele ja toitlustusele<\/title>\n<meta name=\"robots\" content=\"index, follow, max-snippet:-1, max-image-preview:large, max-video-preview:-1\" \/>\n<link rel=\"canonical\" href=\"https:\/\/adexa.ee\/toode\/roostevabast-terasest-teeninduskaru-2-sugavat-riiulit-ruuttorud-950x500x950mm-adexa-sdt2a\/\" \/>\n<meta property=\"og:locale\" content=\"en_US\" \/>\n<meta property=\"og:type\" content=\"article\" \/>\n<meta property=\"og:title\" content=\"Roostevabast terasest teenindusk\u00e4ru 2 s\u00fcgavat riiulit Ruuttorud 950x500x950mm | Adexa SDT2A - Adexa \u2013 Suurk\u00f6\u00f6giseadmed restoranidele ja toitlustusele\" \/>\n<meta property=\"og:description\" content=\"Vastupidav ja mitmek\u00fclgne roostevabast terasest teenindusk\u00e4ru. See professionaalne roostevabast terasest teenindusk\u00e4ru on ideaalne lahendus toidu, n\u00f5ude ja tarvikute transpordiks igas\" \/>\n<meta property=\"og:url\" content=\"https:\/\/adexa.ee\/toode\/roostevabast-terasest-teeninduskaru-2-sugavat-riiulit-ruuttorud-950x500x950mm-adexa-sdt2a\/\" \/>\n<meta property=\"og:site_name\" content=\"Adexa \u2013 Suurk\u00f6\u00f6giseadmed restoranidele ja toitlustusele\" \/>\n<meta property=\"article:modified_time\" content=\"2026-03-29T06:25:21+00:00\" \/>\n<meta property=\"og:image\" content=\"https:\/\/adexa.ee\/wp-content\/uploads\/2025\/09\/sdt2a.png\" \/>\n\t<meta property=\"og:image:width\" content=\"1324\" \/>\n\t<meta property=\"og:image:height\" content=\"1324\" \/>\n\t<meta property=\"og:image:type\" content=\"image\/png\" \/>\n<meta name=\"twitter:card\" content=\"summary_large_image\" \/>\n<meta name=\"twitter:label1\" content=\"Est. reading time\" \/>\n\t<meta name=\"twitter:data1\" content=\"1 minute\" \/>\n<script type=\"application\/ld+json\" class=\"yoast-schema-graph\">{\"@context\":\"https:\\\/\\\/schema.org\",\"@graph\":[{\"@type\":\"WebPage\",\"@id\":\"https:\\\/\\\/adexa.ee\\\/toode\\\/roostevabast-terasest-teeninduskaru-2-sugavat-riiulit-ruuttorud-950x500x950mm-adexa-sdt2a\\\/\",\"url\":\"https:\\\/\\\/adexa.ee\\\/toode\\\/roostevabast-terasest-teeninduskaru-2-sugavat-riiulit-ruuttorud-950x500x950mm-adexa-sdt2a\\\/\",\"name\":\"Roostevabast terasest teenindusk\u00e4ru 2 s\u00fcgavat riiulit Ruuttorud 950x500x950mm | Adexa SDT2A - Adexa \u2013 Suurk\u00f6\u00f6giseadmed restoranidele ja toitlustusele\",\"isPartOf\":{\"@id\":\"https:\\\/\\\/adexa.ee\\\/#website\"},\"primaryImageOfPage\":{\"@id\":\"https:\\\/\\\/adexa.ee\\\/toode\\\/roostevabast-terasest-teeninduskaru-2-sugavat-riiulit-ruuttorud-950x500x950mm-adexa-sdt2a\\\/#primaryimage\"},\"image\":{\"@id\":\"https:\\\/\\\/adexa.ee\\\/toode\\\/roostevabast-terasest-teeninduskaru-2-sugavat-riiulit-ruuttorud-950x500x950mm-adexa-sdt2a\\\/#primaryimage\"},\"thumbnailUrl\":\"https:\\\/\\\/adexa.ee\\\/wp-content\\\/uploads\\\/2025\\\/09\\\/sdt2a.png\",\"datePublished\":\"2026-03-29T06:25:20+00:00\",\"dateModified\":\"2026-03-29T06:25:21+00:00\",\"breadcrumb\":{\"@id\":\"https:\\\/\\\/adexa.ee\\\/toode\\\/roostevabast-terasest-teeninduskaru-2-sugavat-riiulit-ruuttorud-950x500x950mm-adexa-sdt2a\\\/#breadcrumb\"},\"inLanguage\":\"en-US\",\"potentialAction\":[{\"@type\":\"ReadAction\",\"target\":[\"https:\\\/\\\/adexa.ee\\\/toode\\\/roostevabast-terasest-teeninduskaru-2-sugavat-riiulit-ruuttorud-950x500x950mm-adexa-sdt2a\\\/\"]}]},{\"@type\":\"ImageObject\",\"inLanguage\":\"en-US\",\"@id\":\"https:\\\/\\\/adexa.ee\\\/toode\\\/roostevabast-terasest-teeninduskaru-2-sugavat-riiulit-ruuttorud-950x500x950mm-adexa-sdt2a\\\/#primaryimage\",\"url\":\"https:\\\/\\\/adexa.ee\\\/wp-content\\\/uploads\\\/2025\\\/09\\\/sdt2a.png\",\"contentUrl\":\"https:\\\/\\\/adexa.ee\\\/wp-content\\\/uploads\\\/2025\\\/09\\\/sdt2a.png\",\"width\":1324,\"height\":1324},{\"@type\":\"BreadcrumbList\",\"@id\":\"https:\\\/\\\/adexa.ee\\\/toode\\\/roostevabast-terasest-teeninduskaru-2-sugavat-riiulit-ruuttorud-950x500x950mm-adexa-sdt2a\\\/#breadcrumb\",\"itemListElement\":[{\"@type\":\"ListItem\",\"position\":1,\"name\":\"Home\",\"item\":\"https:\\\/\\\/adexa.ee\\\/\"},{\"@type\":\"ListItem\",\"position\":2,\"name\":\"Tooted\",\"item\":\"https:\\\/\\\/adexa.ee\\\/pood\\\/\"},{\"@type\":\"ListItem\",\"position\":3,\"name\":\"Roostevabast terasest teenindusk\u00e4ru 2 s\u00fcgavat riiulit Ruuttorud 950x500x950mm | Adexa SDT2A\"}]},{\"@type\":\"WebSite\",\"@id\":\"https:\\\/\\\/adexa.ee\\\/#website\",\"url\":\"https:\\\/\\\/adexa.ee\\\/\",\"name\":\"Adexa\",\"description\":\"\",\"publisher\":{\"@id\":\"https:\\\/\\\/adexa.ee\\\/#organization\"},\"potentialAction\":[{\"@type\":\"SearchAction\",\"target\":{\"@type\":\"EntryPoint\",\"urlTemplate\":\"https:\\\/\\\/adexa.ee\\\/?s={search_term_string}\"},\"query-input\":{\"@type\":\"PropertyValueSpecification\",\"valueRequired\":true,\"valueName\":\"search_term_string\"}}],\"inLanguage\":\"en-US\"},{\"@type\":\"Organization\",\"@id\":\"https:\\\/\\\/adexa.ee\\\/#organization\",\"name\":\"Adexa\",\"url\":\"https:\\\/\\\/adexa.ee\\\/\",\"logo\":{\"@type\":\"ImageObject\",\"inLanguage\":\"en-US\",\"@id\":\"https:\\\/\\\/adexa.ee\\\/#\\\/schema\\\/logo\\\/image\\\/\",\"url\":\"https:\\\/\\\/adexa.ee\\\/wp-content\\\/uploads\\\/2024\\\/04\\\/chef-cooks-working-in-professional-kitchen-2023-11-27-05-07-39-utc-scaled.jpg\",\"contentUrl\":\"https:\\\/\\\/adexa.ee\\\/wp-content\\\/uploads\\\/2024\\\/04\\\/chef-cooks-working-in-professional-kitchen-2023-11-27-05-07-39-utc-scaled.jpg\",\"width\":2560,\"height\":1708,\"caption\":\"Adexa\"},\"image\":{\"@id\":\"https:\\\/\\\/adexa.ee\\\/#\\\/schema\\\/logo\\\/image\\\/\"}}]}<\/script>\n<!-- \/ Yoast SEO plugin. -->","yoast_head_json":{"title":"Roostevabast terasest teenindusk\u00e4ru 2 s\u00fcgavat riiulit Ruuttorud 950x500x950mm | Adexa SDT2A - Adexa \u2013 Suurk\u00f6\u00f6giseadmed restoranidele ja toitlustusele","robots":{"index":"index","follow":"follow","max-snippet":"max-snippet:-1","max-image-preview":"max-image-preview:large","max-video-preview":"max-video-preview:-1"},"canonical":"https:\/\/adexa.ee\/toode\/roostevabast-terasest-teeninduskaru-2-sugavat-riiulit-ruuttorud-950x500x950mm-adexa-sdt2a\/","og_locale":"en_US","og_type":"article","og_title":"Roostevabast terasest teenindusk\u00e4ru 2 s\u00fcgavat riiulit Ruuttorud 950x500x950mm | Adexa SDT2A - Adexa \u2013 Suurk\u00f6\u00f6giseadmed restoranidele ja toitlustusele","og_description":"Vastupidav ja mitmek\u00fclgne roostevabast terasest teenindusk\u00e4ru. See professionaalne roostevabast terasest teenindusk\u00e4ru on ideaalne lahendus toidu, n\u00f5ude ja tarvikute transpordiks igas","og_url":"https:\/\/adexa.ee\/toode\/roostevabast-terasest-teeninduskaru-2-sugavat-riiulit-ruuttorud-950x500x950mm-adexa-sdt2a\/","og_site_name":"Adexa \u2013 Suurk\u00f6\u00f6giseadmed restoranidele ja toitlustusele","article_modified_time":"2026-03-29T06:25:21+00:00","og_image":[{"width":1324,"height":1324,"url":"https:\/\/adexa.ee\/wp-content\/uploads\/2025\/09\/sdt2a.png","type":"image\/png"}],"twitter_card":"summary_large_image","twitter_misc":{"Est. reading time":"1 minute"},"schema":{"@context":"https:\/\/schema.org","@graph":[{"@type":"WebPage","@id":"https:\/\/adexa.ee\/toode\/roostevabast-terasest-teeninduskaru-2-sugavat-riiulit-ruuttorud-950x500x950mm-adexa-sdt2a\/","url":"https:\/\/adexa.ee\/toode\/roostevabast-terasest-teeninduskaru-2-sugavat-riiulit-ruuttorud-950x500x950mm-adexa-sdt2a\/","name":"Roostevabast terasest teenindusk\u00e4ru 2 s\u00fcgavat riiulit Ruuttorud 950x500x950mm | Adexa SDT2A - Adexa \u2013 Suurk\u00f6\u00f6giseadmed restoranidele ja toitlustusele","isPartOf":{"@id":"https:\/\/adexa.ee\/#website"},"primaryImageOfPage":{"@id":"https:\/\/adexa.ee\/toode\/roostevabast-terasest-teeninduskaru-2-sugavat-riiulit-ruuttorud-950x500x950mm-adexa-sdt2a\/#primaryimage"},"image":{"@id":"https:\/\/adexa.ee\/toode\/roostevabast-terasest-teeninduskaru-2-sugavat-riiulit-ruuttorud-950x500x950mm-adexa-sdt2a\/#primaryimage"},"thumbnailUrl":"https:\/\/adexa.ee\/wp-content\/uploads\/2025\/09\/sdt2a.png","datePublished":"2026-03-29T06:25:20+00:00","dateModified":"2026-03-29T06:25:21+00:00","breadcrumb":{"@id":"https:\/\/adexa.ee\/toode\/roostevabast-terasest-teeninduskaru-2-sugavat-riiulit-ruuttorud-950x500x950mm-adexa-sdt2a\/#breadcrumb"},"inLanguage":"en-US","potentialAction":[{"@type":"ReadAction","target":["https:\/\/adexa.ee\/toode\/roostevabast-terasest-teeninduskaru-2-sugavat-riiulit-ruuttorud-950x500x950mm-adexa-sdt2a\/"]}]},{"@type":"ImageObject","inLanguage":"en-US","@id":"https:\/\/adexa.ee\/toode\/roostevabast-terasest-teeninduskaru-2-sugavat-riiulit-ruuttorud-950x500x950mm-adexa-sdt2a\/#primaryimage","url":"https:\/\/adexa.ee\/wp-content\/uploads\/2025\/09\/sdt2a.png","contentUrl":"https:\/\/adexa.ee\/wp-content\/uploads\/2025\/09\/sdt2a.png","width":1324,"height":1324},{"@type":"BreadcrumbList","@id":"https:\/\/adexa.ee\/toode\/roostevabast-terasest-teeninduskaru-2-sugavat-riiulit-ruuttorud-950x500x950mm-adexa-sdt2a\/#breadcrumb","itemListElement":[{"@type":"ListItem","position":1,"name":"Home","item":"https:\/\/adexa.ee\/"},{"@type":"ListItem","position":2,"name":"Tooted","item":"https:\/\/adexa.ee\/pood\/"},{"@type":"ListItem","position":3,"name":"Roostevabast terasest teenindusk\u00e4ru 2 s\u00fcgavat riiulit Ruuttorud 950x500x950mm | Adexa SDT2A"}]},{"@type":"WebSite","@id":"https:\/\/adexa.ee\/#website","url":"https:\/\/adexa.ee\/","name":"Adexa","description":"","publisher":{"@id":"https:\/\/adexa.ee\/#organization"},"potentialAction":[{"@type":"SearchAction","target":{"@type":"EntryPoint","urlTemplate":"https:\/\/adexa.ee\/?s={search_term_string}"},"query-input":{"@type":"PropertyValueSpecification","valueRequired":true,"valueName":"search_term_string"}}],"inLanguage":"en-US"},{"@type":"Organization","@id":"https:\/\/adexa.ee\/#organization","name":"Adexa","url":"https:\/\/adexa.ee\/","logo":{"@type":"ImageObject","inLanguage":"en-US","@id":"https:\/\/adexa.ee\/#\/schema\/logo\/image\/","url":"https:\/\/adexa.ee\/wp-content\/uploads\/2024\/04\/chef-cooks-working-in-professional-kitchen-2023-11-27-05-07-39-utc-scaled.jpg","contentUrl":"https:\/\/adexa.ee\/wp-content\/uploads\/2024\/04\/chef-cooks-working-in-professional-kitchen-2023-11-27-05-07-39-utc-scaled.jpg","width":2560,"height":1708,"caption":"Adexa"},"image":{"@id":"https:\/\/adexa.ee\/#\/schema\/logo\/image\/"}}]}},"_links":{"self":[{"href":"https:\/\/adexa.ee\/en\/wp-json\/wp\/v2\/product\/35196","targetHints":{"allow":["GET"]}}],"collection":[{"href":"https:\/\/adexa.ee\/en\/wp-json\/wp\/v2\/product"}],"about":[{"href":"https:\/\/adexa.ee\/en\/wp-json\/wp\/v2\/types\/product"}],"wp:featuredmedia":[{"embeddable":true,"href":"https:\/\/adexa.ee\/en\/wp-json\/wp\/v2\/media\/35198"}],"wp:attachment":[{"href":"https:\/\/adexa.ee\/en\/wp-json\/wp\/v2\/media?parent=35196"}],"wp:term":[{"taxonomy":"product_brand","embeddable":true,"href":"https:\/\/adexa.ee\/en\/wp-json\/wp\/v2\/product_brand?post=35196"},{"taxonomy":"product_cat","embeddable":true,"href":"https:\/\/adexa.ee\/en\/wp-json\/wp\/v2\/product_cat?post=35196"},{"taxonomy":"product_tag","embeddable":true,"href":"https:\/\/adexa.ee\/en\/wp-json\/wp\/v2\/product_tag?post=35196"}],"curies":[{"name":"wp","href":"https:\/\/api.w.org\/{rel}","templated":true}]}}