{"id":35212,"date":"2026-03-26T11:55:33","date_gmt":"2026-03-26T09:55:33","guid":{"rendered":"https:\/\/adexa.ee\/toode\/karu-rest-riiul-roostevabast-terasest-gastronorm-gn1-1-6-tase-ulemise-riiuliga-adexa-rt1106t\/"},"modified":"2026-03-26T11:55:36","modified_gmt":"2026-03-26T09:55:36","slug":"karu-rest-riiul-roostevabast-terasest-gastronorm-gn1-1-6-tase-ulemise-riiuliga-adexa-rt1106t","status":"publish","type":"product","link":"https:\/\/adexa.ee\/en\/toode\/karu-rest-riiul-roostevabast-terasest-gastronorm-gn1-1-6-tase-ulemise-riiuliga-adexa-rt1106t\/","title":{"rendered":"K\u00e4ru\/Rest\/Riiul Roostevabast Terasest Gastronorm GN1\/1 6 Tase \u00dclemise Riiuliga | Adexa RT1106T"},"content":{"rendered":"<p>See k\u00f5rgekvaliteediline GN 1\/1 suurusega professionaalne riiulik\u00e4ru on ideaalne suure hulga kommertsiaalsete Gastronorm kandikute, pannide v\u00f5i plaatide virnastamiseks ja hoiustamiseks. See on paigaldatud neljale rattale, et h\u00f5lbustada liikumist teie restoranis, pagarit\u00f6\u00f6kojas v\u00f5i sarnases toitlustusasutuses. Roostevabast terasest \u00fclemise riiuliga on see riiulk\u00e4ru mitmek\u00fclgne lahendus igale toitlustusettev\u00f5ttele.&nbsp;Mahutavus: 6 x GN1\/1 konteineritM\u00f5\u00f5tmed:&nbsp;380x550x950mmPalun vaadake \u00fcksikasjaliku teabe saamiseks &#8216;Spetsifikatsiooni&#8217; alt.<\/p>\n<table style=\"border-collapse: collapse; width: 100%; text-align: left;\">\n<tbody>\n<tr>\n<td style=\"border: 1px solid #ddd; padding: 8px; width: 45%;\"><strong>S\u00fcgavus<\/strong><\/td>\n<td style=\"border: 1px solid #ddd; padding: 8px;\">550mm<\/td>\n<\/tr>\n<tr>\n<td style=\"border: 1px solid #ddd; padding: 8px; width: 45%;\"><strong>K\u00f5rgus<\/strong><\/td>\n<td style=\"border: 1px solid #ddd; padding: 8px;\">970 mm<\/td>\n<\/tr>\n<tr>\n<td style=\"border: 1px solid #ddd; padding: 8px; width: 45%;\"><strong>Laius<\/strong><\/td>\n<td style=\"border: 1px solid #ddd; padding: 8px;\">380mm<\/td>\n<\/tr>\n<tr>\n<td style=\"border: 1px solid #ddd; padding: 8px; width: 45%;\"><strong>Kaal<\/strong><\/td>\n<td style=\"border: 1px solid #ddd; padding: 8px;\">9 kg<\/td>\n<\/tr>\n<tr>\n<td style=\"border: 1px solid #ddd; padding: 8px; width: 45%;\"><strong>Garantii<\/strong><\/td>\n<td style=\"border: 1px solid #ddd; padding: 8px;\">12 kuu varuosade garantii<\/td>\n<\/tr>\n<tr>\n<td style=\"border: 1px solid #ddd; padding: 8px; width: 45%;\"><strong>Mahutavus<\/strong><\/td>\n<td style=\"border: 1px solid #ddd; padding: 8px;\">6 x GN1\/1<\/td>\n<\/tr>\n<tr>\n<td style=\"border: 1px solid #ddd; padding: 8px; width: 45%;\"><strong>Plaadi\/V\u00f5re suurus<\/strong><\/td>\n<td style=\"border: 1px solid #ddd; padding: 8px;\">GN1\/1<\/td>\n<\/tr>\n<tr>\n<td style=\"border: 1px solid #ddd; padding: 8px; width: 45%;\"><strong>Rullikud<\/strong><\/td>\n<td style=\"border: 1px solid #ddd; padding: 8px;\">Piduritega<\/td>\n<\/tr>\n<tr>\n<td style=\"border: 1px solid #ddd; padding: 8px; width: 45%;\"><strong>Materjal<\/strong><\/td>\n<td style=\"border: 1px solid #ddd; padding: 8px;\">Roostevaba teras<\/td>\n<\/tr>\n<\/tbody>\n<\/table>\n","protected":false},"excerpt":{"rendered":"<p>See k\u00f5rgekvaliteediline GN 1\/1 suurusega professionaalne riiulik\u00e4ru on ideaalne suure hulga kommertsiaalsete Gastronorm kandikute, pannide v\u00f5i plaatide virnastamiseks ja hoiustamiseks.<\/p>\n","protected":false},"featured_media":35214,"template":"","meta":[],"product_brand":[],"product_cat":[624,623,665,561,572],"product_tag":[],"class_list":{"0":"post-35212","1":"product","2":"type-product","3":"status-publish","4":"has-post-thumbnail","6":"product_cat-kandikukarud","7":"product_cat-karud","8":"product_cat-ladustamine-transport","9":"product_cat-moobel-ja-hoiustamine","10":"product_cat-roostevabad-tooted","12":"first","13":"instock","14":"sale","15":"taxable","16":"shipping-taxable","17":"purchasable","18":"product-type-simple"},"yoast_head":"<!-- This site is optimized with the Yoast SEO plugin v27.3 - https:\/\/yoast.com\/product\/yoast-seo-wordpress\/ -->\n<title>K\u00e4ru\/Rest\/Riiul Roostevabast Terasest Gastronorm GN1\/1 6 Tase \u00dclemise Riiuliga | Adexa RT1106T - Adexa \u2013 Suurk\u00f6\u00f6giseadmed restoranidele ja toitlustusele<\/title>\n<meta name=\"robots\" content=\"index, follow, max-snippet:-1, max-image-preview:large, max-video-preview:-1\" \/>\n<link rel=\"canonical\" href=\"https:\/\/adexa.ee\/toode\/karu-rest-riiul-roostevabast-terasest-gastronorm-gn1-1-6-tase-ulemise-riiuliga-adexa-rt1106t\/\" \/>\n<meta property=\"og:locale\" content=\"en_US\" \/>\n<meta property=\"og:type\" content=\"article\" \/>\n<meta property=\"og:title\" content=\"K\u00e4ru\/Rest\/Riiul Roostevabast Terasest Gastronorm GN1\/1 6 Tase \u00dclemise Riiuliga | Adexa RT1106T - Adexa \u2013 Suurk\u00f6\u00f6giseadmed restoranidele ja toitlustusele\" \/>\n<meta property=\"og:description\" content=\"See k\u00f5rgekvaliteediline GN 1\/1 suurusega professionaalne riiulik\u00e4ru on ideaalne suure hulga kommertsiaalsete Gastronorm kandikute, pannide v\u00f5i plaatide virnastamiseks ja hoiustamiseks.\" \/>\n<meta property=\"og:url\" content=\"https:\/\/adexa.ee\/toode\/karu-rest-riiul-roostevabast-terasest-gastronorm-gn1-1-6-tase-ulemise-riiuliga-adexa-rt1106t\/\" \/>\n<meta property=\"og:site_name\" content=\"Adexa \u2013 Suurk\u00f6\u00f6giseadmed restoranidele ja toitlustusele\" \/>\n<meta property=\"article:modified_time\" content=\"2026-03-26T09:55:36+00:00\" \/>\n<meta property=\"og:image\" content=\"https:\/\/adexa.ee\/wp-content\/uploads\/2025\/09\/rt1106t.jpg\" \/>\n\t<meta property=\"og:image:width\" content=\"1162\" \/>\n\t<meta property=\"og:image:height\" content=\"1162\" \/>\n\t<meta property=\"og:image:type\" content=\"image\/jpeg\" \/>\n<meta name=\"twitter:card\" content=\"summary_large_image\" \/>\n<script type=\"application\/ld+json\" class=\"yoast-schema-graph\">{\"@context\":\"https:\\\/\\\/schema.org\",\"@graph\":[{\"@type\":\"WebPage\",\"@id\":\"https:\\\/\\\/adexa.ee\\\/toode\\\/karu-rest-riiul-roostevabast-terasest-gastronorm-gn1-1-6-tase-ulemise-riiuliga-adexa-rt1106t\\\/\",\"url\":\"https:\\\/\\\/adexa.ee\\\/toode\\\/karu-rest-riiul-roostevabast-terasest-gastronorm-gn1-1-6-tase-ulemise-riiuliga-adexa-rt1106t\\\/\",\"name\":\"K\u00e4ru\\\/Rest\\\/Riiul Roostevabast Terasest Gastronorm GN1\\\/1 6 Tase \u00dclemise Riiuliga | Adexa RT1106T - Adexa \u2013 Suurk\u00f6\u00f6giseadmed restoranidele ja toitlustusele\",\"isPartOf\":{\"@id\":\"https:\\\/\\\/adexa.ee\\\/#website\"},\"primaryImageOfPage\":{\"@id\":\"https:\\\/\\\/adexa.ee\\\/toode\\\/karu-rest-riiul-roostevabast-terasest-gastronorm-gn1-1-6-tase-ulemise-riiuliga-adexa-rt1106t\\\/#primaryimage\"},\"image\":{\"@id\":\"https:\\\/\\\/adexa.ee\\\/toode\\\/karu-rest-riiul-roostevabast-terasest-gastronorm-gn1-1-6-tase-ulemise-riiuliga-adexa-rt1106t\\\/#primaryimage\"},\"thumbnailUrl\":\"https:\\\/\\\/adexa.ee\\\/wp-content\\\/uploads\\\/2025\\\/09\\\/rt1106t.jpg\",\"datePublished\":\"2026-03-26T09:55:33+00:00\",\"dateModified\":\"2026-03-26T09:55:36+00:00\",\"breadcrumb\":{\"@id\":\"https:\\\/\\\/adexa.ee\\\/toode\\\/karu-rest-riiul-roostevabast-terasest-gastronorm-gn1-1-6-tase-ulemise-riiuliga-adexa-rt1106t\\\/#breadcrumb\"},\"inLanguage\":\"en-US\",\"potentialAction\":[{\"@type\":\"ReadAction\",\"target\":[\"https:\\\/\\\/adexa.ee\\\/toode\\\/karu-rest-riiul-roostevabast-terasest-gastronorm-gn1-1-6-tase-ulemise-riiuliga-adexa-rt1106t\\\/\"]}]},{\"@type\":\"ImageObject\",\"inLanguage\":\"en-US\",\"@id\":\"https:\\\/\\\/adexa.ee\\\/toode\\\/karu-rest-riiul-roostevabast-terasest-gastronorm-gn1-1-6-tase-ulemise-riiuliga-adexa-rt1106t\\\/#primaryimage\",\"url\":\"https:\\\/\\\/adexa.ee\\\/wp-content\\\/uploads\\\/2025\\\/09\\\/rt1106t.jpg\",\"contentUrl\":\"https:\\\/\\\/adexa.ee\\\/wp-content\\\/uploads\\\/2025\\\/09\\\/rt1106t.jpg\",\"width\":1162,\"height\":1162},{\"@type\":\"BreadcrumbList\",\"@id\":\"https:\\\/\\\/adexa.ee\\\/toode\\\/karu-rest-riiul-roostevabast-terasest-gastronorm-gn1-1-6-tase-ulemise-riiuliga-adexa-rt1106t\\\/#breadcrumb\",\"itemListElement\":[{\"@type\":\"ListItem\",\"position\":1,\"name\":\"Home\",\"item\":\"https:\\\/\\\/adexa.ee\\\/\"},{\"@type\":\"ListItem\",\"position\":2,\"name\":\"Tooted\",\"item\":\"https:\\\/\\\/adexa.ee\\\/pood\\\/\"},{\"@type\":\"ListItem\",\"position\":3,\"name\":\"K\u00e4ru\\\/Rest\\\/Riiul Roostevabast Terasest Gastronorm GN1\\\/1 6 Tase \u00dclemise Riiuliga | Adexa RT1106T\"}]},{\"@type\":\"WebSite\",\"@id\":\"https:\\\/\\\/adexa.ee\\\/#website\",\"url\":\"https:\\\/\\\/adexa.ee\\\/\",\"name\":\"Adexa\",\"description\":\"\",\"publisher\":{\"@id\":\"https:\\\/\\\/adexa.ee\\\/#organization\"},\"potentialAction\":[{\"@type\":\"SearchAction\",\"target\":{\"@type\":\"EntryPoint\",\"urlTemplate\":\"https:\\\/\\\/adexa.ee\\\/?s={search_term_string}\"},\"query-input\":{\"@type\":\"PropertyValueSpecification\",\"valueRequired\":true,\"valueName\":\"search_term_string\"}}],\"inLanguage\":\"en-US\"},{\"@type\":\"Organization\",\"@id\":\"https:\\\/\\\/adexa.ee\\\/#organization\",\"name\":\"Adexa\",\"url\":\"https:\\\/\\\/adexa.ee\\\/\",\"logo\":{\"@type\":\"ImageObject\",\"inLanguage\":\"en-US\",\"@id\":\"https:\\\/\\\/adexa.ee\\\/#\\\/schema\\\/logo\\\/image\\\/\",\"url\":\"https:\\\/\\\/adexa.ee\\\/wp-content\\\/uploads\\\/2024\\\/04\\\/chef-cooks-working-in-professional-kitchen-2023-11-27-05-07-39-utc-scaled.jpg\",\"contentUrl\":\"https:\\\/\\\/adexa.ee\\\/wp-content\\\/uploads\\\/2024\\\/04\\\/chef-cooks-working-in-professional-kitchen-2023-11-27-05-07-39-utc-scaled.jpg\",\"width\":2560,\"height\":1708,\"caption\":\"Adexa\"},\"image\":{\"@id\":\"https:\\\/\\\/adexa.ee\\\/#\\\/schema\\\/logo\\\/image\\\/\"}}]}<\/script>\n<!-- \/ Yoast SEO plugin. -->","yoast_head_json":{"title":"K\u00e4ru\/Rest\/Riiul Roostevabast Terasest Gastronorm GN1\/1 6 Tase \u00dclemise Riiuliga | Adexa RT1106T - Adexa \u2013 Suurk\u00f6\u00f6giseadmed restoranidele ja toitlustusele","robots":{"index":"index","follow":"follow","max-snippet":"max-snippet:-1","max-image-preview":"max-image-preview:large","max-video-preview":"max-video-preview:-1"},"canonical":"https:\/\/adexa.ee\/toode\/karu-rest-riiul-roostevabast-terasest-gastronorm-gn1-1-6-tase-ulemise-riiuliga-adexa-rt1106t\/","og_locale":"en_US","og_type":"article","og_title":"K\u00e4ru\/Rest\/Riiul Roostevabast Terasest Gastronorm GN1\/1 6 Tase \u00dclemise Riiuliga | Adexa RT1106T - Adexa \u2013 Suurk\u00f6\u00f6giseadmed restoranidele ja toitlustusele","og_description":"See k\u00f5rgekvaliteediline GN 1\/1 suurusega professionaalne riiulik\u00e4ru on ideaalne suure hulga kommertsiaalsete Gastronorm kandikute, pannide v\u00f5i plaatide virnastamiseks ja hoiustamiseks.","og_url":"https:\/\/adexa.ee\/toode\/karu-rest-riiul-roostevabast-terasest-gastronorm-gn1-1-6-tase-ulemise-riiuliga-adexa-rt1106t\/","og_site_name":"Adexa \u2013 Suurk\u00f6\u00f6giseadmed restoranidele ja toitlustusele","article_modified_time":"2026-03-26T09:55:36+00:00","og_image":[{"width":1162,"height":1162,"url":"https:\/\/adexa.ee\/wp-content\/uploads\/2025\/09\/rt1106t.jpg","type":"image\/jpeg"}],"twitter_card":"summary_large_image","schema":{"@context":"https:\/\/schema.org","@graph":[{"@type":"WebPage","@id":"https:\/\/adexa.ee\/toode\/karu-rest-riiul-roostevabast-terasest-gastronorm-gn1-1-6-tase-ulemise-riiuliga-adexa-rt1106t\/","url":"https:\/\/adexa.ee\/toode\/karu-rest-riiul-roostevabast-terasest-gastronorm-gn1-1-6-tase-ulemise-riiuliga-adexa-rt1106t\/","name":"K\u00e4ru\/Rest\/Riiul Roostevabast Terasest Gastronorm GN1\/1 6 Tase \u00dclemise Riiuliga | Adexa RT1106T - Adexa \u2013 Suurk\u00f6\u00f6giseadmed restoranidele ja toitlustusele","isPartOf":{"@id":"https:\/\/adexa.ee\/#website"},"primaryImageOfPage":{"@id":"https:\/\/adexa.ee\/toode\/karu-rest-riiul-roostevabast-terasest-gastronorm-gn1-1-6-tase-ulemise-riiuliga-adexa-rt1106t\/#primaryimage"},"image":{"@id":"https:\/\/adexa.ee\/toode\/karu-rest-riiul-roostevabast-terasest-gastronorm-gn1-1-6-tase-ulemise-riiuliga-adexa-rt1106t\/#primaryimage"},"thumbnailUrl":"https:\/\/adexa.ee\/wp-content\/uploads\/2025\/09\/rt1106t.jpg","datePublished":"2026-03-26T09:55:33+00:00","dateModified":"2026-03-26T09:55:36+00:00","breadcrumb":{"@id":"https:\/\/adexa.ee\/toode\/karu-rest-riiul-roostevabast-terasest-gastronorm-gn1-1-6-tase-ulemise-riiuliga-adexa-rt1106t\/#breadcrumb"},"inLanguage":"en-US","potentialAction":[{"@type":"ReadAction","target":["https:\/\/adexa.ee\/toode\/karu-rest-riiul-roostevabast-terasest-gastronorm-gn1-1-6-tase-ulemise-riiuliga-adexa-rt1106t\/"]}]},{"@type":"ImageObject","inLanguage":"en-US","@id":"https:\/\/adexa.ee\/toode\/karu-rest-riiul-roostevabast-terasest-gastronorm-gn1-1-6-tase-ulemise-riiuliga-adexa-rt1106t\/#primaryimage","url":"https:\/\/adexa.ee\/wp-content\/uploads\/2025\/09\/rt1106t.jpg","contentUrl":"https:\/\/adexa.ee\/wp-content\/uploads\/2025\/09\/rt1106t.jpg","width":1162,"height":1162},{"@type":"BreadcrumbList","@id":"https:\/\/adexa.ee\/toode\/karu-rest-riiul-roostevabast-terasest-gastronorm-gn1-1-6-tase-ulemise-riiuliga-adexa-rt1106t\/#breadcrumb","itemListElement":[{"@type":"ListItem","position":1,"name":"Home","item":"https:\/\/adexa.ee\/"},{"@type":"ListItem","position":2,"name":"Tooted","item":"https:\/\/adexa.ee\/pood\/"},{"@type":"ListItem","position":3,"name":"K\u00e4ru\/Rest\/Riiul Roostevabast Terasest Gastronorm GN1\/1 6 Tase \u00dclemise Riiuliga | Adexa RT1106T"}]},{"@type":"WebSite","@id":"https:\/\/adexa.ee\/#website","url":"https:\/\/adexa.ee\/","name":"Adexa","description":"","publisher":{"@id":"https:\/\/adexa.ee\/#organization"},"potentialAction":[{"@type":"SearchAction","target":{"@type":"EntryPoint","urlTemplate":"https:\/\/adexa.ee\/?s={search_term_string}"},"query-input":{"@type":"PropertyValueSpecification","valueRequired":true,"valueName":"search_term_string"}}],"inLanguage":"en-US"},{"@type":"Organization","@id":"https:\/\/adexa.ee\/#organization","name":"Adexa","url":"https:\/\/adexa.ee\/","logo":{"@type":"ImageObject","inLanguage":"en-US","@id":"https:\/\/adexa.ee\/#\/schema\/logo\/image\/","url":"https:\/\/adexa.ee\/wp-content\/uploads\/2024\/04\/chef-cooks-working-in-professional-kitchen-2023-11-27-05-07-39-utc-scaled.jpg","contentUrl":"https:\/\/adexa.ee\/wp-content\/uploads\/2024\/04\/chef-cooks-working-in-professional-kitchen-2023-11-27-05-07-39-utc-scaled.jpg","width":2560,"height":1708,"caption":"Adexa"},"image":{"@id":"https:\/\/adexa.ee\/#\/schema\/logo\/image\/"}}]}},"_links":{"self":[{"href":"https:\/\/adexa.ee\/en\/wp-json\/wp\/v2\/product\/35212","targetHints":{"allow":["GET"]}}],"collection":[{"href":"https:\/\/adexa.ee\/en\/wp-json\/wp\/v2\/product"}],"about":[{"href":"https:\/\/adexa.ee\/en\/wp-json\/wp\/v2\/types\/product"}],"wp:featuredmedia":[{"embeddable":true,"href":"https:\/\/adexa.ee\/en\/wp-json\/wp\/v2\/media\/35214"}],"wp:attachment":[{"href":"https:\/\/adexa.ee\/en\/wp-json\/wp\/v2\/media?parent=35212"}],"wp:term":[{"taxonomy":"product_brand","embeddable":true,"href":"https:\/\/adexa.ee\/en\/wp-json\/wp\/v2\/product_brand?post=35212"},{"taxonomy":"product_cat","embeddable":true,"href":"https:\/\/adexa.ee\/en\/wp-json\/wp\/v2\/product_cat?post=35212"},{"taxonomy":"product_tag","embeddable":true,"href":"https:\/\/adexa.ee\/en\/wp-json\/wp\/v2\/product_tag?post=35212"}],"curies":[{"name":"wp","href":"https:\/\/api.w.org\/{rel}","templated":true}]}}