{"id":35224,"date":"2026-04-01T12:25:20","date_gmt":"2026-04-01T09:25:20","guid":{"rendered":"https:\/\/adexa.ee\/toode\/teeninduskaru-roostevaba-teras-2-riiulit-ruudukujulised-torud-950x500x950mm-adexa-sst2a\/"},"modified":"2026-04-01T12:25:21","modified_gmt":"2026-04-01T09:25:21","slug":"serveerimiskaru-roostevaba-teras-2-riiulit-ruudukujulised-torud-950x500x950mm-adexa-sst2a","status":"publish","type":"product","link":"https:\/\/adexa.ee\/en\/toode\/serveerimiskaru-roostevaba-teras-2-riiulit-ruudukujulised-torud-950x500x950mm-adexa-sst2a\/","title":{"rendered":"Serveerimisk\u00e4ru Roostevaba teras 2 riiulit Ruudukujulised torud 950x500x950mm | Adexa SST2A"},"content":{"rendered":"<p>Vastupidav ja mitmek\u00fclgne roostevabast terasest teenindusk\u00e4ru. See professionaalse kvaliteediga roostevabast terasest teenindusk\u00e4ru on ideaalne lahendus toidu, n\u00f5ude ja varustuse transportimiseks igasuguses \u00e4rilises v\u00f5i institutsionaalses keskkonnas. Valmistatud k\u00f5rgekvaliteedilisest, korrosioonikindlast roostevabast terasest, see pakub erakordset vastupidavust, h\u00fcgieeni ning elegantset ja professionaalset v\u00e4limust. Parandage oma tegevuse efektiivsust ja professionaalsust selle usaldusv\u00e4\u00e4rse ja stiilse roostevabast terasest teenindusk\u00e4ruga. Peamised omadused: Tugev konstruktsioon: Valmistatud kvaliteetsest roostevabast terasest, see k\u00e4ru on loodud taluma intensiivset kasutamist ning seda on lihtne puhastada, tagades pikaajalise t\u00f6\u00f6 ja h\u00fcgieeni. Sujuv liikumine: Varustatud nelja p\u00f6\u00f6rleva rattaga, millest kaks on lukustatavad, k\u00e4ru liigub vaevatult erinevatel p\u00f5randapindadel, pakkudes suurep\u00e4rast man\u00f6\u00f6verdusv\u00f5imet ja stabiilsust paigal olles. Ergonoomilised k\u00e4epidemed: Lihtsa haardega t\u00f5ukek\u00e4epidemed on loodud mugavaks ja kindlaks k\u00e4sitlemiseks, v\u00e4hendades kasutaja v\u00e4simust. T\u00f5stetud \u00e4\u00e4red: Iga riiul on varustatud t\u00f5stetud \u00e4\u00e4rtega, mis hoiavad \u00e4ra esemete libisemise v\u00f5i kukkumise transpordi ajal, tagades teie kaupade ohutuse. Mitmek\u00fclgsed rakendused: Ideaalne kasutamiseks restoranides, hotellides, haiglates, s\u00f6\u00f6klates, toitlustusteenustes ja ladudes. Rattad: 4 p\u00f6\u00f6rlevat ratast (2 piduriga). T\u00e4psema teabe saamiseks vaadake jaotist \u201eSpetsifikatsioon\u201c.<\/p>\n<table style=\"border-collapse: collapse; width: 100%; text-align: left;\">\n<tbody>\n<tr>\n<td style=\"border: 1px solid #ddd; padding: 8px; width: 45%;\"><strong>S\u00fcgavus<\/strong><\/td>\n<td style=\"border: 1px solid #ddd; padding: 8px;\">500mm<\/td>\n<\/tr>\n<tr>\n<td style=\"border: 1px solid #ddd; padding: 8px; width: 45%;\"><strong>K\u00f5rgus<\/strong><\/td>\n<td style=\"border: 1px solid #ddd; padding: 8px;\">950 mm<\/td>\n<\/tr>\n<tr>\n<td style=\"border: 1px solid #ddd; padding: 8px; width: 45%;\"><strong>Laius<\/strong><\/td>\n<td style=\"border: 1px solid #ddd; padding: 8px;\">950 mm<\/td>\n<\/tr>\n<tr>\n<td style=\"border: 1px solid #ddd; padding: 8px; width: 45%;\"><strong>Kaal<\/strong><\/td>\n<td style=\"border: 1px solid #ddd; padding: 8px;\">9,1 kg<\/td>\n<\/tr>\n<tr>\n<td style=\"border: 1px solid #ddd; padding: 8px; width: 45%;\"><strong>Garantii<\/strong><\/td>\n<td style=\"border: 1px solid #ddd; padding: 8px;\">12 kuu varuosade garantii<\/td>\n<\/tr>\n<tr>\n<td style=\"border: 1px solid #ddd; padding: 8px; width: 45%;\"><strong>Mahutavus<\/strong><\/td>\n<td style=\"border: 1px solid #ddd; padding: 8px;\">150kg<\/td>\n<\/tr>\n<tr>\n<td style=\"border: 1px solid #ddd; padding: 8px; width: 45%;\"><strong>Rullikud<\/strong><\/td>\n<td style=\"border: 1px solid #ddd; padding: 8px;\">4 p\u00f6\u00f6ratavat ratast (2 piduritega)<\/td>\n<\/tr>\n<tr>\n<td style=\"border: 1px solid #ddd; padding: 8px; width: 45%;\"><strong>Materjal<\/strong><\/td>\n<td style=\"border: 1px solid #ddd; padding: 8px;\">Roostevaba teras<\/td>\n<\/tr>\n<tr>\n<td style=\"border: 1px solid #ddd; padding: 8px; width: 45%;\"><strong>Tasemed<\/strong><\/td>\n<td style=\"border: 1px solid #ddd; padding: 8px;\">2<\/td>\n<\/tr>\n<\/tbody>\n<\/table>\n","protected":false},"excerpt":{"rendered":"<p>Vastupidav ja mitmek\u00fclgne roostevabast terasest teenindusk\u00e4ru. See professionaalse kvaliteediga roostevabast terasest teenindusk\u00e4ru on ideaalne lahendus toidu, n\u00f5ude ja varustuse transportimiseks<\/p>\n","protected":false},"featured_media":35226,"template":"","meta":[],"product_brand":[],"product_cat":[623,665,561,572],"product_tag":[],"class_list":{"0":"post-35224","1":"product","2":"type-product","3":"status-publish","4":"has-post-thumbnail","6":"product_cat-karud","7":"product_cat-ladustamine-transport","8":"product_cat-moobel-ja-hoiustamine","9":"product_cat-roostevabad-tooted","11":"first","12":"instock","13":"sale","14":"taxable","15":"shipping-taxable","16":"purchasable","17":"product-type-simple"},"yoast_head":"<!-- This site is optimized with the Yoast SEO plugin v27.3 - https:\/\/yoast.com\/product\/yoast-seo-wordpress\/ -->\n<title>Serveerimisk\u00e4ru Roostevaba teras 2 riiulit Ruudukujulised torud 950x500x950mm | Adexa SST2A - Adexa \u2013 Suurk\u00f6\u00f6giseadmed restoranidele ja toitlustusele<\/title>\n<meta name=\"robots\" content=\"index, follow, max-snippet:-1, max-image-preview:large, max-video-preview:-1\" \/>\n<link rel=\"canonical\" href=\"https:\/\/adexa.ee\/toode\/serveerimiskaru-roostevaba-teras-2-riiulit-ruudukujulised-torud-950x500x950mm-adexa-sst2a\/\" \/>\n<meta property=\"og:locale\" content=\"en_US\" \/>\n<meta property=\"og:type\" content=\"article\" \/>\n<meta property=\"og:title\" content=\"Serveerimisk\u00e4ru Roostevaba teras 2 riiulit Ruudukujulised torud 950x500x950mm | Adexa SST2A - Adexa \u2013 Suurk\u00f6\u00f6giseadmed restoranidele ja toitlustusele\" \/>\n<meta property=\"og:description\" content=\"Vastupidav ja mitmek\u00fclgne roostevabast terasest teenindusk\u00e4ru. See professionaalse kvaliteediga roostevabast terasest teenindusk\u00e4ru on ideaalne lahendus toidu, n\u00f5ude ja varustuse transportimiseks\" \/>\n<meta property=\"og:url\" content=\"https:\/\/adexa.ee\/toode\/serveerimiskaru-roostevaba-teras-2-riiulit-ruudukujulised-torud-950x500x950mm-adexa-sst2a\/\" \/>\n<meta property=\"og:site_name\" content=\"Adexa \u2013 Suurk\u00f6\u00f6giseadmed restoranidele ja toitlustusele\" \/>\n<meta property=\"article:modified_time\" content=\"2026-04-01T09:25:21+00:00\" \/>\n<meta property=\"og:image\" content=\"https:\/\/adexa.ee\/wp-content\/uploads\/2025\/09\/sst2a.jpg\" \/>\n\t<meta property=\"og:image:width\" content=\"1466\" \/>\n\t<meta property=\"og:image:height\" content=\"1466\" \/>\n\t<meta property=\"og:image:type\" content=\"image\/jpeg\" \/>\n<meta name=\"twitter:card\" content=\"summary_large_image\" \/>\n<meta name=\"twitter:label1\" content=\"Est. reading time\" \/>\n\t<meta name=\"twitter:data1\" content=\"1 minute\" \/>\n<script type=\"application\/ld+json\" class=\"yoast-schema-graph\">{\"@context\":\"https:\\\/\\\/schema.org\",\"@graph\":[{\"@type\":\"WebPage\",\"@id\":\"https:\\\/\\\/adexa.ee\\\/toode\\\/serveerimiskaru-roostevaba-teras-2-riiulit-ruudukujulised-torud-950x500x950mm-adexa-sst2a\\\/\",\"url\":\"https:\\\/\\\/adexa.ee\\\/toode\\\/serveerimiskaru-roostevaba-teras-2-riiulit-ruudukujulised-torud-950x500x950mm-adexa-sst2a\\\/\",\"name\":\"Serveerimisk\u00e4ru Roostevaba teras 2 riiulit Ruudukujulised torud 950x500x950mm | Adexa SST2A - Adexa \u2013 Suurk\u00f6\u00f6giseadmed restoranidele ja toitlustusele\",\"isPartOf\":{\"@id\":\"https:\\\/\\\/adexa.ee\\\/#website\"},\"primaryImageOfPage\":{\"@id\":\"https:\\\/\\\/adexa.ee\\\/toode\\\/serveerimiskaru-roostevaba-teras-2-riiulit-ruudukujulised-torud-950x500x950mm-adexa-sst2a\\\/#primaryimage\"},\"image\":{\"@id\":\"https:\\\/\\\/adexa.ee\\\/toode\\\/serveerimiskaru-roostevaba-teras-2-riiulit-ruudukujulised-torud-950x500x950mm-adexa-sst2a\\\/#primaryimage\"},\"thumbnailUrl\":\"https:\\\/\\\/adexa.ee\\\/wp-content\\\/uploads\\\/2025\\\/09\\\/sst2a.jpg\",\"datePublished\":\"2026-04-01T09:25:20+00:00\",\"dateModified\":\"2026-04-01T09:25:21+00:00\",\"breadcrumb\":{\"@id\":\"https:\\\/\\\/adexa.ee\\\/toode\\\/serveerimiskaru-roostevaba-teras-2-riiulit-ruudukujulised-torud-950x500x950mm-adexa-sst2a\\\/#breadcrumb\"},\"inLanguage\":\"en-US\",\"potentialAction\":[{\"@type\":\"ReadAction\",\"target\":[\"https:\\\/\\\/adexa.ee\\\/toode\\\/serveerimiskaru-roostevaba-teras-2-riiulit-ruudukujulised-torud-950x500x950mm-adexa-sst2a\\\/\"]}]},{\"@type\":\"ImageObject\",\"inLanguage\":\"en-US\",\"@id\":\"https:\\\/\\\/adexa.ee\\\/toode\\\/serveerimiskaru-roostevaba-teras-2-riiulit-ruudukujulised-torud-950x500x950mm-adexa-sst2a\\\/#primaryimage\",\"url\":\"https:\\\/\\\/adexa.ee\\\/wp-content\\\/uploads\\\/2025\\\/09\\\/sst2a.jpg\",\"contentUrl\":\"https:\\\/\\\/adexa.ee\\\/wp-content\\\/uploads\\\/2025\\\/09\\\/sst2a.jpg\",\"width\":1466,\"height\":1466},{\"@type\":\"BreadcrumbList\",\"@id\":\"https:\\\/\\\/adexa.ee\\\/toode\\\/serveerimiskaru-roostevaba-teras-2-riiulit-ruudukujulised-torud-950x500x950mm-adexa-sst2a\\\/#breadcrumb\",\"itemListElement\":[{\"@type\":\"ListItem\",\"position\":1,\"name\":\"Home\",\"item\":\"https:\\\/\\\/adexa.ee\\\/\"},{\"@type\":\"ListItem\",\"position\":2,\"name\":\"Tooted\",\"item\":\"https:\\\/\\\/adexa.ee\\\/pood\\\/\"},{\"@type\":\"ListItem\",\"position\":3,\"name\":\"Serveerimisk\u00e4ru Roostevaba teras 2 riiulit Ruudukujulised torud 950x500x950mm | Adexa SST2A\"}]},{\"@type\":\"WebSite\",\"@id\":\"https:\\\/\\\/adexa.ee\\\/#website\",\"url\":\"https:\\\/\\\/adexa.ee\\\/\",\"name\":\"Adexa\",\"description\":\"\",\"publisher\":{\"@id\":\"https:\\\/\\\/adexa.ee\\\/#organization\"},\"potentialAction\":[{\"@type\":\"SearchAction\",\"target\":{\"@type\":\"EntryPoint\",\"urlTemplate\":\"https:\\\/\\\/adexa.ee\\\/?s={search_term_string}\"},\"query-input\":{\"@type\":\"PropertyValueSpecification\",\"valueRequired\":true,\"valueName\":\"search_term_string\"}}],\"inLanguage\":\"en-US\"},{\"@type\":\"Organization\",\"@id\":\"https:\\\/\\\/adexa.ee\\\/#organization\",\"name\":\"Adexa\",\"url\":\"https:\\\/\\\/adexa.ee\\\/\",\"logo\":{\"@type\":\"ImageObject\",\"inLanguage\":\"en-US\",\"@id\":\"https:\\\/\\\/adexa.ee\\\/#\\\/schema\\\/logo\\\/image\\\/\",\"url\":\"https:\\\/\\\/adexa.ee\\\/wp-content\\\/uploads\\\/2024\\\/04\\\/chef-cooks-working-in-professional-kitchen-2023-11-27-05-07-39-utc-scaled.jpg\",\"contentUrl\":\"https:\\\/\\\/adexa.ee\\\/wp-content\\\/uploads\\\/2024\\\/04\\\/chef-cooks-working-in-professional-kitchen-2023-11-27-05-07-39-utc-scaled.jpg\",\"width\":2560,\"height\":1708,\"caption\":\"Adexa\"},\"image\":{\"@id\":\"https:\\\/\\\/adexa.ee\\\/#\\\/schema\\\/logo\\\/image\\\/\"}}]}<\/script>\n<!-- \/ Yoast SEO plugin. -->","yoast_head_json":{"title":"Serveerimisk\u00e4ru Roostevaba teras 2 riiulit Ruudukujulised torud 950x500x950mm | Adexa SST2A - Adexa \u2013 Suurk\u00f6\u00f6giseadmed restoranidele ja toitlustusele","robots":{"index":"index","follow":"follow","max-snippet":"max-snippet:-1","max-image-preview":"max-image-preview:large","max-video-preview":"max-video-preview:-1"},"canonical":"https:\/\/adexa.ee\/toode\/serveerimiskaru-roostevaba-teras-2-riiulit-ruudukujulised-torud-950x500x950mm-adexa-sst2a\/","og_locale":"en_US","og_type":"article","og_title":"Serveerimisk\u00e4ru Roostevaba teras 2 riiulit Ruudukujulised torud 950x500x950mm | Adexa SST2A - Adexa \u2013 Suurk\u00f6\u00f6giseadmed restoranidele ja toitlustusele","og_description":"Vastupidav ja mitmek\u00fclgne roostevabast terasest teenindusk\u00e4ru. See professionaalse kvaliteediga roostevabast terasest teenindusk\u00e4ru on ideaalne lahendus toidu, n\u00f5ude ja varustuse transportimiseks","og_url":"https:\/\/adexa.ee\/toode\/serveerimiskaru-roostevaba-teras-2-riiulit-ruudukujulised-torud-950x500x950mm-adexa-sst2a\/","og_site_name":"Adexa \u2013 Suurk\u00f6\u00f6giseadmed restoranidele ja toitlustusele","article_modified_time":"2026-04-01T09:25:21+00:00","og_image":[{"width":1466,"height":1466,"url":"https:\/\/adexa.ee\/wp-content\/uploads\/2025\/09\/sst2a.jpg","type":"image\/jpeg"}],"twitter_card":"summary_large_image","twitter_misc":{"Est. reading time":"1 minute"},"schema":{"@context":"https:\/\/schema.org","@graph":[{"@type":"WebPage","@id":"https:\/\/adexa.ee\/toode\/serveerimiskaru-roostevaba-teras-2-riiulit-ruudukujulised-torud-950x500x950mm-adexa-sst2a\/","url":"https:\/\/adexa.ee\/toode\/serveerimiskaru-roostevaba-teras-2-riiulit-ruudukujulised-torud-950x500x950mm-adexa-sst2a\/","name":"Serveerimisk\u00e4ru Roostevaba teras 2 riiulit Ruudukujulised torud 950x500x950mm | Adexa SST2A - Adexa \u2013 Suurk\u00f6\u00f6giseadmed restoranidele ja toitlustusele","isPartOf":{"@id":"https:\/\/adexa.ee\/#website"},"primaryImageOfPage":{"@id":"https:\/\/adexa.ee\/toode\/serveerimiskaru-roostevaba-teras-2-riiulit-ruudukujulised-torud-950x500x950mm-adexa-sst2a\/#primaryimage"},"image":{"@id":"https:\/\/adexa.ee\/toode\/serveerimiskaru-roostevaba-teras-2-riiulit-ruudukujulised-torud-950x500x950mm-adexa-sst2a\/#primaryimage"},"thumbnailUrl":"https:\/\/adexa.ee\/wp-content\/uploads\/2025\/09\/sst2a.jpg","datePublished":"2026-04-01T09:25:20+00:00","dateModified":"2026-04-01T09:25:21+00:00","breadcrumb":{"@id":"https:\/\/adexa.ee\/toode\/serveerimiskaru-roostevaba-teras-2-riiulit-ruudukujulised-torud-950x500x950mm-adexa-sst2a\/#breadcrumb"},"inLanguage":"en-US","potentialAction":[{"@type":"ReadAction","target":["https:\/\/adexa.ee\/toode\/serveerimiskaru-roostevaba-teras-2-riiulit-ruudukujulised-torud-950x500x950mm-adexa-sst2a\/"]}]},{"@type":"ImageObject","inLanguage":"en-US","@id":"https:\/\/adexa.ee\/toode\/serveerimiskaru-roostevaba-teras-2-riiulit-ruudukujulised-torud-950x500x950mm-adexa-sst2a\/#primaryimage","url":"https:\/\/adexa.ee\/wp-content\/uploads\/2025\/09\/sst2a.jpg","contentUrl":"https:\/\/adexa.ee\/wp-content\/uploads\/2025\/09\/sst2a.jpg","width":1466,"height":1466},{"@type":"BreadcrumbList","@id":"https:\/\/adexa.ee\/toode\/serveerimiskaru-roostevaba-teras-2-riiulit-ruudukujulised-torud-950x500x950mm-adexa-sst2a\/#breadcrumb","itemListElement":[{"@type":"ListItem","position":1,"name":"Home","item":"https:\/\/adexa.ee\/"},{"@type":"ListItem","position":2,"name":"Tooted","item":"https:\/\/adexa.ee\/pood\/"},{"@type":"ListItem","position":3,"name":"Serveerimisk\u00e4ru Roostevaba teras 2 riiulit Ruudukujulised torud 950x500x950mm | Adexa SST2A"}]},{"@type":"WebSite","@id":"https:\/\/adexa.ee\/#website","url":"https:\/\/adexa.ee\/","name":"Adexa","description":"","publisher":{"@id":"https:\/\/adexa.ee\/#organization"},"potentialAction":[{"@type":"SearchAction","target":{"@type":"EntryPoint","urlTemplate":"https:\/\/adexa.ee\/?s={search_term_string}"},"query-input":{"@type":"PropertyValueSpecification","valueRequired":true,"valueName":"search_term_string"}}],"inLanguage":"en-US"},{"@type":"Organization","@id":"https:\/\/adexa.ee\/#organization","name":"Adexa","url":"https:\/\/adexa.ee\/","logo":{"@type":"ImageObject","inLanguage":"en-US","@id":"https:\/\/adexa.ee\/#\/schema\/logo\/image\/","url":"https:\/\/adexa.ee\/wp-content\/uploads\/2024\/04\/chef-cooks-working-in-professional-kitchen-2023-11-27-05-07-39-utc-scaled.jpg","contentUrl":"https:\/\/adexa.ee\/wp-content\/uploads\/2024\/04\/chef-cooks-working-in-professional-kitchen-2023-11-27-05-07-39-utc-scaled.jpg","width":2560,"height":1708,"caption":"Adexa"},"image":{"@id":"https:\/\/adexa.ee\/#\/schema\/logo\/image\/"}}]}},"_links":{"self":[{"href":"https:\/\/adexa.ee\/en\/wp-json\/wp\/v2\/product\/35224","targetHints":{"allow":["GET"]}}],"collection":[{"href":"https:\/\/adexa.ee\/en\/wp-json\/wp\/v2\/product"}],"about":[{"href":"https:\/\/adexa.ee\/en\/wp-json\/wp\/v2\/types\/product"}],"wp:featuredmedia":[{"embeddable":true,"href":"https:\/\/adexa.ee\/en\/wp-json\/wp\/v2\/media\/35226"}],"wp:attachment":[{"href":"https:\/\/adexa.ee\/en\/wp-json\/wp\/v2\/media?parent=35224"}],"wp:term":[{"taxonomy":"product_brand","embeddable":true,"href":"https:\/\/adexa.ee\/en\/wp-json\/wp\/v2\/product_brand?post=35224"},{"taxonomy":"product_cat","embeddable":true,"href":"https:\/\/adexa.ee\/en\/wp-json\/wp\/v2\/product_cat?post=35224"},{"taxonomy":"product_tag","embeddable":true,"href":"https:\/\/adexa.ee\/en\/wp-json\/wp\/v2\/product_tag?post=35224"}],"curies":[{"name":"wp","href":"https:\/\/api.w.org\/{rel}","templated":true}]}}