{"id":35244,"date":"2026-03-26T11:55:38","date_gmt":"2026-03-26T09:55:38","guid":{"rendered":"https:\/\/adexa.ee\/toode\/pannikaru-koos-pealmise-riiuliga-6x600x400mm-kandikud-roostevaba-teras-470x620x970mm-kihi-kaugus-80mm-adexa-rt6406t\/"},"modified":"2026-03-26T11:55:40","modified_gmt":"2026-03-26T09:55:40","slug":"pannikaru-koos-pealmise-riiuliga-6x600x400mm-kandikud-roostevaba-teras-470x620x970mm-kihi-kaugus-80mm-adexa-rt6406t","status":"publish","type":"product","link":"https:\/\/adexa.ee\/en\/toode\/pannikaru-koos-pealmise-riiuliga-6x600x400mm-kandikud-roostevaba-teras-470x620x970mm-kihi-kaugus-80mm-adexa-rt6406t\/","title":{"rendered":"Pannik\u00e4ru koos pealmise riiuliga 6x600x400mm kandikud Roostevaba teras 470x620x970mm Kihi kaugus 80mm | Adexa RT6406T"},"content":{"rendered":"<p>See k\u00f5rgekvaliteediline 400x600mm pagari suurusega professionaalne k\u00e4ruriiul on ideaalne suure hulga kommertsiaalsete toitlustusaluste, pannide v\u00f5i kandikute ladustamiseks ja virnastamiseks. Lihtsaks liigutamiseks on see varustatud nelja p\u00f6\u00f6ratava rattaga. \u00dcksikasjaliku teabe leiate jaotisest &#8216;Spetsifikatsioon&#8217;.<\/p>\n<table style=\"border-collapse: collapse; width: 100%; text-align: left;\">\n<tbody>\n<tr>\n<td style=\"border: 1px solid #ddd; padding: 8px; width: 45%;\"><strong>S\u00fcgavus<\/strong><\/td>\n<td style=\"border: 1px solid #ddd; padding: 8px;\">620 mm<\/td>\n<\/tr>\n<tr>\n<td style=\"border: 1px solid #ddd; padding: 8px; width: 45%;\"><strong>K\u00f5rgus<\/strong><\/td>\n<td style=\"border: 1px solid #ddd; padding: 8px;\">970 mm<\/td>\n<\/tr>\n<tr>\n<td style=\"border: 1px solid #ddd; padding: 8px; width: 45%;\"><strong>Laius<\/strong><\/td>\n<td style=\"border: 1px solid #ddd; padding: 8px;\">470mm<\/td>\n<\/tr>\n<tr>\n<td style=\"border: 1px solid #ddd; padding: 8px; width: 45%;\"><strong>Kaal<\/strong><\/td>\n<td style=\"border: 1px solid #ddd; padding: 8px;\">11kg<\/td>\n<\/tr>\n<tr>\n<td style=\"border: 1px solid #ddd; padding: 8px; width: 45%;\"><strong>Garantii<\/strong><\/td>\n<td style=\"border: 1px solid #ddd; padding: 8px;\">12 kuu varuosade garantii<\/td>\n<\/tr>\n<tr>\n<td style=\"border: 1px solid #ddd; padding: 8px; width: 45%;\"><strong>Mahutavus<\/strong><\/td>\n<td style=\"border: 1px solid #ddd; padding: 8px;\">6 x 600&#215;400 mm<\/td>\n<\/tr>\n<tr>\n<td style=\"border: 1px solid #ddd; padding: 8px; width: 45%;\"><strong>Plaadi\/V\u00f5re suurus<\/strong><\/td>\n<td style=\"border: 1px solid #ddd; padding: 8px;\">600x400mm<\/td>\n<\/tr>\n<tr>\n<td style=\"border: 1px solid #ddd; padding: 8px; width: 45%;\"><strong>Rullikud<\/strong><\/td>\n<td style=\"border: 1px solid #ddd; padding: 8px;\">Peatustega<\/td>\n<\/tr>\n<tr>\n<td style=\"border: 1px solid #ddd; padding: 8px; width: 45%;\"><strong>Materjal<\/strong><\/td>\n<td style=\"border: 1px solid #ddd; padding: 8px;\">Roostevaba teras<\/td>\n<\/tr>\n<\/tbody>\n<\/table>\n","protected":false},"excerpt":{"rendered":"<p>See k\u00f5rgekvaliteediline 400x600mm pagari suurusega professionaalne k\u00e4ruriiul on ideaalne suure hulga kommertsiaalsete toitlustusaluste, pannide v\u00f5i kandikute ladustamiseks ja virnastamiseks. Lihtsaks<\/p>\n","protected":false},"featured_media":35246,"template":"","meta":[],"product_brand":[],"product_cat":[624,623,665,561,572],"product_tag":[],"class_list":{"0":"post-35244","1":"product","2":"type-product","3":"status-publish","4":"has-post-thumbnail","6":"product_cat-kandikukarud","7":"product_cat-karud","8":"product_cat-ladustamine-transport","9":"product_cat-moobel-ja-hoiustamine","10":"product_cat-roostevabad-tooted","12":"first","13":"instock","14":"sale","15":"taxable","16":"shipping-taxable","17":"purchasable","18":"product-type-simple"},"yoast_head":"<!-- This site is optimized with the Yoast SEO plugin v27.3 - https:\/\/yoast.com\/product\/yoast-seo-wordpress\/ -->\n<title>Pannik\u00e4ru koos pealmise riiuliga 6x600x400mm kandikud Roostevaba teras 470x620x970mm Kihi kaugus 80mm | Adexa RT6406T - Adexa \u2013 Suurk\u00f6\u00f6giseadmed restoranidele ja toitlustusele<\/title>\n<meta name=\"robots\" content=\"index, follow, max-snippet:-1, max-image-preview:large, max-video-preview:-1\" \/>\n<link rel=\"canonical\" href=\"https:\/\/adexa.ee\/toode\/pannikaru-koos-pealmise-riiuliga-6x600x400mm-kandikud-roostevaba-teras-470x620x970mm-kihi-kaugus-80mm-adexa-rt6406t\/\" \/>\n<meta property=\"og:locale\" content=\"en_US\" \/>\n<meta property=\"og:type\" content=\"article\" \/>\n<meta property=\"og:title\" content=\"Pannik\u00e4ru koos pealmise riiuliga 6x600x400mm kandikud Roostevaba teras 470x620x970mm Kihi kaugus 80mm | Adexa RT6406T - Adexa \u2013 Suurk\u00f6\u00f6giseadmed restoranidele ja toitlustusele\" \/>\n<meta property=\"og:description\" content=\"See k\u00f5rgekvaliteediline 400x600mm pagari suurusega professionaalne k\u00e4ruriiul on ideaalne suure hulga kommertsiaalsete toitlustusaluste, pannide v\u00f5i kandikute ladustamiseks ja virnastamiseks. Lihtsaks\" \/>\n<meta property=\"og:url\" content=\"https:\/\/adexa.ee\/toode\/pannikaru-koos-pealmise-riiuliga-6x600x400mm-kandikud-roostevaba-teras-470x620x970mm-kihi-kaugus-80mm-adexa-rt6406t\/\" \/>\n<meta property=\"og:site_name\" content=\"Adexa \u2013 Suurk\u00f6\u00f6giseadmed restoranidele ja toitlustusele\" \/>\n<meta property=\"article:modified_time\" content=\"2026-03-26T09:55:40+00:00\" \/>\n<meta property=\"og:image\" content=\"https:\/\/adexa.ee\/wp-content\/uploads\/2025\/09\/rt6406t.jpg\" \/>\n\t<meta property=\"og:image:width\" content=\"1337\" \/>\n\t<meta property=\"og:image:height\" content=\"1337\" \/>\n\t<meta property=\"og:image:type\" content=\"image\/jpeg\" \/>\n<meta name=\"twitter:card\" content=\"summary_large_image\" \/>\n<script type=\"application\/ld+json\" class=\"yoast-schema-graph\">{\"@context\":\"https:\\\/\\\/schema.org\",\"@graph\":[{\"@type\":\"WebPage\",\"@id\":\"https:\\\/\\\/adexa.ee\\\/toode\\\/pannikaru-koos-pealmise-riiuliga-6x600x400mm-kandikud-roostevaba-teras-470x620x970mm-kihi-kaugus-80mm-adexa-rt6406t\\\/\",\"url\":\"https:\\\/\\\/adexa.ee\\\/toode\\\/pannikaru-koos-pealmise-riiuliga-6x600x400mm-kandikud-roostevaba-teras-470x620x970mm-kihi-kaugus-80mm-adexa-rt6406t\\\/\",\"name\":\"Pannik\u00e4ru koos pealmise riiuliga 6x600x400mm kandikud Roostevaba teras 470x620x970mm Kihi kaugus 80mm | Adexa RT6406T - Adexa \u2013 Suurk\u00f6\u00f6giseadmed restoranidele ja toitlustusele\",\"isPartOf\":{\"@id\":\"https:\\\/\\\/adexa.ee\\\/#website\"},\"primaryImageOfPage\":{\"@id\":\"https:\\\/\\\/adexa.ee\\\/toode\\\/pannikaru-koos-pealmise-riiuliga-6x600x400mm-kandikud-roostevaba-teras-470x620x970mm-kihi-kaugus-80mm-adexa-rt6406t\\\/#primaryimage\"},\"image\":{\"@id\":\"https:\\\/\\\/adexa.ee\\\/toode\\\/pannikaru-koos-pealmise-riiuliga-6x600x400mm-kandikud-roostevaba-teras-470x620x970mm-kihi-kaugus-80mm-adexa-rt6406t\\\/#primaryimage\"},\"thumbnailUrl\":\"https:\\\/\\\/adexa.ee\\\/wp-content\\\/uploads\\\/2025\\\/09\\\/rt6406t.jpg\",\"datePublished\":\"2026-03-26T09:55:38+00:00\",\"dateModified\":\"2026-03-26T09:55:40+00:00\",\"breadcrumb\":{\"@id\":\"https:\\\/\\\/adexa.ee\\\/toode\\\/pannikaru-koos-pealmise-riiuliga-6x600x400mm-kandikud-roostevaba-teras-470x620x970mm-kihi-kaugus-80mm-adexa-rt6406t\\\/#breadcrumb\"},\"inLanguage\":\"en-US\",\"potentialAction\":[{\"@type\":\"ReadAction\",\"target\":[\"https:\\\/\\\/adexa.ee\\\/toode\\\/pannikaru-koos-pealmise-riiuliga-6x600x400mm-kandikud-roostevaba-teras-470x620x970mm-kihi-kaugus-80mm-adexa-rt6406t\\\/\"]}]},{\"@type\":\"ImageObject\",\"inLanguage\":\"en-US\",\"@id\":\"https:\\\/\\\/adexa.ee\\\/toode\\\/pannikaru-koos-pealmise-riiuliga-6x600x400mm-kandikud-roostevaba-teras-470x620x970mm-kihi-kaugus-80mm-adexa-rt6406t\\\/#primaryimage\",\"url\":\"https:\\\/\\\/adexa.ee\\\/wp-content\\\/uploads\\\/2025\\\/09\\\/rt6406t.jpg\",\"contentUrl\":\"https:\\\/\\\/adexa.ee\\\/wp-content\\\/uploads\\\/2025\\\/09\\\/rt6406t.jpg\",\"width\":1337,\"height\":1337},{\"@type\":\"BreadcrumbList\",\"@id\":\"https:\\\/\\\/adexa.ee\\\/toode\\\/pannikaru-koos-pealmise-riiuliga-6x600x400mm-kandikud-roostevaba-teras-470x620x970mm-kihi-kaugus-80mm-adexa-rt6406t\\\/#breadcrumb\",\"itemListElement\":[{\"@type\":\"ListItem\",\"position\":1,\"name\":\"Home\",\"item\":\"https:\\\/\\\/adexa.ee\\\/\"},{\"@type\":\"ListItem\",\"position\":2,\"name\":\"Tooted\",\"item\":\"https:\\\/\\\/adexa.ee\\\/pood\\\/\"},{\"@type\":\"ListItem\",\"position\":3,\"name\":\"Pannik\u00e4ru koos pealmise riiuliga 6x600x400mm kandikud Roostevaba teras 470x620x970mm Kihi kaugus 80mm | Adexa RT6406T\"}]},{\"@type\":\"WebSite\",\"@id\":\"https:\\\/\\\/adexa.ee\\\/#website\",\"url\":\"https:\\\/\\\/adexa.ee\\\/\",\"name\":\"Adexa\",\"description\":\"\",\"publisher\":{\"@id\":\"https:\\\/\\\/adexa.ee\\\/#organization\"},\"potentialAction\":[{\"@type\":\"SearchAction\",\"target\":{\"@type\":\"EntryPoint\",\"urlTemplate\":\"https:\\\/\\\/adexa.ee\\\/?s={search_term_string}\"},\"query-input\":{\"@type\":\"PropertyValueSpecification\",\"valueRequired\":true,\"valueName\":\"search_term_string\"}}],\"inLanguage\":\"en-US\"},{\"@type\":\"Organization\",\"@id\":\"https:\\\/\\\/adexa.ee\\\/#organization\",\"name\":\"Adexa\",\"url\":\"https:\\\/\\\/adexa.ee\\\/\",\"logo\":{\"@type\":\"ImageObject\",\"inLanguage\":\"en-US\",\"@id\":\"https:\\\/\\\/adexa.ee\\\/#\\\/schema\\\/logo\\\/image\\\/\",\"url\":\"https:\\\/\\\/adexa.ee\\\/wp-content\\\/uploads\\\/2024\\\/04\\\/chef-cooks-working-in-professional-kitchen-2023-11-27-05-07-39-utc-scaled.jpg\",\"contentUrl\":\"https:\\\/\\\/adexa.ee\\\/wp-content\\\/uploads\\\/2024\\\/04\\\/chef-cooks-working-in-professional-kitchen-2023-11-27-05-07-39-utc-scaled.jpg\",\"width\":2560,\"height\":1708,\"caption\":\"Adexa\"},\"image\":{\"@id\":\"https:\\\/\\\/adexa.ee\\\/#\\\/schema\\\/logo\\\/image\\\/\"}}]}<\/script>\n<!-- \/ Yoast SEO plugin. -->","yoast_head_json":{"title":"Pannik\u00e4ru koos pealmise riiuliga 6x600x400mm kandikud Roostevaba teras 470x620x970mm Kihi kaugus 80mm | Adexa RT6406T - Adexa \u2013 Suurk\u00f6\u00f6giseadmed restoranidele ja toitlustusele","robots":{"index":"index","follow":"follow","max-snippet":"max-snippet:-1","max-image-preview":"max-image-preview:large","max-video-preview":"max-video-preview:-1"},"canonical":"https:\/\/adexa.ee\/toode\/pannikaru-koos-pealmise-riiuliga-6x600x400mm-kandikud-roostevaba-teras-470x620x970mm-kihi-kaugus-80mm-adexa-rt6406t\/","og_locale":"en_US","og_type":"article","og_title":"Pannik\u00e4ru koos pealmise riiuliga 6x600x400mm kandikud Roostevaba teras 470x620x970mm Kihi kaugus 80mm | Adexa RT6406T - Adexa \u2013 Suurk\u00f6\u00f6giseadmed restoranidele ja toitlustusele","og_description":"See k\u00f5rgekvaliteediline 400x600mm pagari suurusega professionaalne k\u00e4ruriiul on ideaalne suure hulga kommertsiaalsete toitlustusaluste, pannide v\u00f5i kandikute ladustamiseks ja virnastamiseks. Lihtsaks","og_url":"https:\/\/adexa.ee\/toode\/pannikaru-koos-pealmise-riiuliga-6x600x400mm-kandikud-roostevaba-teras-470x620x970mm-kihi-kaugus-80mm-adexa-rt6406t\/","og_site_name":"Adexa \u2013 Suurk\u00f6\u00f6giseadmed restoranidele ja toitlustusele","article_modified_time":"2026-03-26T09:55:40+00:00","og_image":[{"width":1337,"height":1337,"url":"https:\/\/adexa.ee\/wp-content\/uploads\/2025\/09\/rt6406t.jpg","type":"image\/jpeg"}],"twitter_card":"summary_large_image","schema":{"@context":"https:\/\/schema.org","@graph":[{"@type":"WebPage","@id":"https:\/\/adexa.ee\/toode\/pannikaru-koos-pealmise-riiuliga-6x600x400mm-kandikud-roostevaba-teras-470x620x970mm-kihi-kaugus-80mm-adexa-rt6406t\/","url":"https:\/\/adexa.ee\/toode\/pannikaru-koos-pealmise-riiuliga-6x600x400mm-kandikud-roostevaba-teras-470x620x970mm-kihi-kaugus-80mm-adexa-rt6406t\/","name":"Pannik\u00e4ru koos pealmise riiuliga 6x600x400mm kandikud Roostevaba teras 470x620x970mm Kihi kaugus 80mm | Adexa RT6406T - Adexa \u2013 Suurk\u00f6\u00f6giseadmed restoranidele ja toitlustusele","isPartOf":{"@id":"https:\/\/adexa.ee\/#website"},"primaryImageOfPage":{"@id":"https:\/\/adexa.ee\/toode\/pannikaru-koos-pealmise-riiuliga-6x600x400mm-kandikud-roostevaba-teras-470x620x970mm-kihi-kaugus-80mm-adexa-rt6406t\/#primaryimage"},"image":{"@id":"https:\/\/adexa.ee\/toode\/pannikaru-koos-pealmise-riiuliga-6x600x400mm-kandikud-roostevaba-teras-470x620x970mm-kihi-kaugus-80mm-adexa-rt6406t\/#primaryimage"},"thumbnailUrl":"https:\/\/adexa.ee\/wp-content\/uploads\/2025\/09\/rt6406t.jpg","datePublished":"2026-03-26T09:55:38+00:00","dateModified":"2026-03-26T09:55:40+00:00","breadcrumb":{"@id":"https:\/\/adexa.ee\/toode\/pannikaru-koos-pealmise-riiuliga-6x600x400mm-kandikud-roostevaba-teras-470x620x970mm-kihi-kaugus-80mm-adexa-rt6406t\/#breadcrumb"},"inLanguage":"en-US","potentialAction":[{"@type":"ReadAction","target":["https:\/\/adexa.ee\/toode\/pannikaru-koos-pealmise-riiuliga-6x600x400mm-kandikud-roostevaba-teras-470x620x970mm-kihi-kaugus-80mm-adexa-rt6406t\/"]}]},{"@type":"ImageObject","inLanguage":"en-US","@id":"https:\/\/adexa.ee\/toode\/pannikaru-koos-pealmise-riiuliga-6x600x400mm-kandikud-roostevaba-teras-470x620x970mm-kihi-kaugus-80mm-adexa-rt6406t\/#primaryimage","url":"https:\/\/adexa.ee\/wp-content\/uploads\/2025\/09\/rt6406t.jpg","contentUrl":"https:\/\/adexa.ee\/wp-content\/uploads\/2025\/09\/rt6406t.jpg","width":1337,"height":1337},{"@type":"BreadcrumbList","@id":"https:\/\/adexa.ee\/toode\/pannikaru-koos-pealmise-riiuliga-6x600x400mm-kandikud-roostevaba-teras-470x620x970mm-kihi-kaugus-80mm-adexa-rt6406t\/#breadcrumb","itemListElement":[{"@type":"ListItem","position":1,"name":"Home","item":"https:\/\/adexa.ee\/"},{"@type":"ListItem","position":2,"name":"Tooted","item":"https:\/\/adexa.ee\/pood\/"},{"@type":"ListItem","position":3,"name":"Pannik\u00e4ru koos pealmise riiuliga 6x600x400mm kandikud Roostevaba teras 470x620x970mm Kihi kaugus 80mm | Adexa RT6406T"}]},{"@type":"WebSite","@id":"https:\/\/adexa.ee\/#website","url":"https:\/\/adexa.ee\/","name":"Adexa","description":"","publisher":{"@id":"https:\/\/adexa.ee\/#organization"},"potentialAction":[{"@type":"SearchAction","target":{"@type":"EntryPoint","urlTemplate":"https:\/\/adexa.ee\/?s={search_term_string}"},"query-input":{"@type":"PropertyValueSpecification","valueRequired":true,"valueName":"search_term_string"}}],"inLanguage":"en-US"},{"@type":"Organization","@id":"https:\/\/adexa.ee\/#organization","name":"Adexa","url":"https:\/\/adexa.ee\/","logo":{"@type":"ImageObject","inLanguage":"en-US","@id":"https:\/\/adexa.ee\/#\/schema\/logo\/image\/","url":"https:\/\/adexa.ee\/wp-content\/uploads\/2024\/04\/chef-cooks-working-in-professional-kitchen-2023-11-27-05-07-39-utc-scaled.jpg","contentUrl":"https:\/\/adexa.ee\/wp-content\/uploads\/2024\/04\/chef-cooks-working-in-professional-kitchen-2023-11-27-05-07-39-utc-scaled.jpg","width":2560,"height":1708,"caption":"Adexa"},"image":{"@id":"https:\/\/adexa.ee\/#\/schema\/logo\/image\/"}}]}},"_links":{"self":[{"href":"https:\/\/adexa.ee\/en\/wp-json\/wp\/v2\/product\/35244","targetHints":{"allow":["GET"]}}],"collection":[{"href":"https:\/\/adexa.ee\/en\/wp-json\/wp\/v2\/product"}],"about":[{"href":"https:\/\/adexa.ee\/en\/wp-json\/wp\/v2\/types\/product"}],"wp:featuredmedia":[{"embeddable":true,"href":"https:\/\/adexa.ee\/en\/wp-json\/wp\/v2\/media\/35246"}],"wp:attachment":[{"href":"https:\/\/adexa.ee\/en\/wp-json\/wp\/v2\/media?parent=35244"}],"wp:term":[{"taxonomy":"product_brand","embeddable":true,"href":"https:\/\/adexa.ee\/en\/wp-json\/wp\/v2\/product_brand?post=35244"},{"taxonomy":"product_cat","embeddable":true,"href":"https:\/\/adexa.ee\/en\/wp-json\/wp\/v2\/product_cat?post=35244"},{"taxonomy":"product_tag","embeddable":true,"href":"https:\/\/adexa.ee\/en\/wp-json\/wp\/v2\/product_tag?post=35244"}],"curies":[{"name":"wp","href":"https:\/\/api.w.org\/{rel}","templated":true}]}}