{"id":35269,"date":"2026-04-01T18:25:29","date_gmt":"2026-04-01T15:25:29","guid":{"rendered":"https:\/\/adexa.ee\/toode\/kommertslik-jaakuubikute-masin-mis-paigaldatakse-kapi-alla-35kg-24h-roostevaba-teras-adexa-cim35ss\/"},"modified":"2026-04-01T18:25:31","modified_gmt":"2026-04-01T15:25:31","slug":"jaamasin-35kg-24h-roostevaba-teras-adexa-cim35ss","status":"publish","type":"product","link":"https:\/\/adexa.ee\/en\/toode\/jaamasin-35kg-24h-roostevaba-teras-adexa-cim35ss\/","title":{"rendered":"J\u00e4\u00e4masin,  35kg\/24h roostevaba teras | Adexa CIM35SS"},"content":{"rendered":"<p>See j\u00e4\u00e4kuubiku valmistaja pakub kogu vajalikku j\u00f5udlust ja t\u00f6\u00f6kindlust, et tagada pidev v\u00e4rskendava j\u00e4\u00e4voog teie klientidele v\u00f5i v\u00e4ljapanekutele. V\u00f5imeline tootma kuni 35kg j\u00e4\u00e4d iga 24 tunni j\u00e4rel, on see suurep\u00e4rane valik baaridele, pubidele ja s\u00f6\u00f6klatele, kus on piiratud ruum. T\u00e4nu lihtsatele juhtimisseadmetele ja professionaalsele roostevabast terasest konstruktsioonile on masin v\u00e4ga lihtne paigaldada, kasutada ja puhastada.&nbsp;35kg\/24h7kg mahuti340x345x690mmDigitaalsed juhtimisseadmedVeetorustiku \u00fchendus v\u00f5i veepudelIdeaalne kohvikutele, hotellidele, baaridele, pagarit\u00f6\u00f6kodadele, k\u00fclmjoogipoodidele ja muudele toiduainet\u00f6\u00f6stustele. See professionaalne j\u00e4\u00e4masin on praegu saadaval suure allahindlusega. Dokumendid [Kl\u00f5psake siin, et alla laadida Kasutusjuhend] Lisainformatsiooni leiate &#8216;Spetsifikatsioonide&#8217; alt.<\/p>\n<table style=\"border-collapse: collapse; width: 100%; text-align: left;\">\n<tbody>\n<tr>\n<td style=\"border: 1px solid #ddd; padding: 8px; width: 45%;\"><strong>S\u00fcgavus<\/strong><\/td>\n<td style=\"border: 1px solid #ddd; padding: 8px;\">345mm<\/td>\n<\/tr>\n<tr>\n<td style=\"border: 1px solid #ddd; padding: 8px; width: 45%;\"><strong>K\u00f5rgus<\/strong><\/td>\n<td style=\"border: 1px solid #ddd; padding: 8px;\">690 mm<\/td>\n<\/tr>\n<tr>\n<td style=\"border: 1px solid #ddd; padding: 8px; width: 45%;\"><strong>Laius<\/strong><\/td>\n<td style=\"border: 1px solid #ddd; padding: 8px;\">340 mm<\/td>\n<\/tr>\n<tr>\n<td style=\"border: 1px solid #ddd; padding: 8px; width: 45%;\"><strong>Kaal<\/strong><\/td>\n<td style=\"border: 1px solid #ddd; padding: 8px;\">15,5 kg<\/td>\n<\/tr>\n<tr>\n<td style=\"border: 1px solid #ddd; padding: 8px; width: 45%;\"><strong>Garantii<\/strong><\/td>\n<td style=\"border: 1px solid #ddd; padding: 8px;\">12 kuu varuosade garantii<\/td>\n<\/tr>\n<tr>\n<td style=\"border: 1px solid #ddd; padding: 8px; width: 45%;\"><strong>V\u00f5imsus<\/strong><\/td>\n<td style=\"border: 1px solid #ddd; padding: 8px;\">350W<\/td>\n<\/tr>\n<tr>\n<td style=\"border: 1px solid #ddd; padding: 8px; width: 45%;\"><strong>Materjal<\/strong><\/td>\n<td style=\"border: 1px solid #ddd; padding: 8px;\">Roostevaba teras<\/td>\n<\/tr>\n<tr>\n<td style=\"border: 1px solid #ddd; padding: 8px; width: 45%;\"><strong>V\u00e4rv<\/strong><\/td>\n<td style=\"border: 1px solid #ddd; padding: 8px;\">Roostevaba teras<\/td>\n<\/tr>\n<tr>\n<td style=\"border: 1px solid #ddd; padding: 8px; width: 45%;\"><strong>Jahutamine<\/strong><\/td>\n<td style=\"border: 1px solid #ddd; padding: 8px;\">\u00d5hkjahutusega<\/td>\n<\/tr>\n<tr>\n<td style=\"border: 1px solid #ddd; padding: 8px; width: 45%;\"><strong>Tootlikkus<\/strong><\/td>\n<td style=\"border: 1px solid #ddd; padding: 8px;\">35 kg\/24 h<\/td>\n<\/tr>\n<tr>\n<td style=\"border: 1px solid #ddd; padding: 8px; width: 45%;\"><strong>K\u00fclmaaine<\/strong><\/td>\n<td style=\"border: 1px solid #ddd; padding: 8px;\">R290<\/td>\n<\/tr>\n<tr>\n<td style=\"border: 1px solid #ddd; padding: 8px; width: 45%;\"><strong>Kontrollid<\/strong><\/td>\n<td style=\"border: 1px solid #ddd; padding: 8px;\">Digitaalne<\/td>\n<\/tr>\n<tr>\n<td style=\"border: 1px solid #ddd; padding: 8px; width: 45%;\"><strong>Suurus (j\u00e4\u00e4)<\/strong><\/td>\n<td style=\"border: 1px solid #ddd; padding: 8px;\">22x22x22mm<\/td>\n<\/tr>\n<tr>\n<td style=\"border: 1px solid #ddd; padding: 8px; width: 45%;\"><strong>Mahutavus (pr\u00fcgikast)<\/strong><\/td>\n<td style=\"border: 1px solid #ddd; padding: 8px;\">7 kg<\/td>\n<\/tr>\n<tr>\n<td style=\"border: 1px solid #ddd; padding: 8px; width: 45%;\"><strong>Veetoru \u00fchendus<\/strong><\/td>\n<td style=\"border: 1px solid #ddd; padding: 8px;\">Vee\u00fchendus peamagistraaliga vajalik<\/td>\n<\/tr>\n<\/tbody>\n<\/table>\n","protected":false},"excerpt":{"rendered":"<p>See j\u00e4\u00e4kuubiku valmistaja pakub kogu vajalikku j\u00f5udlust ja t\u00f6\u00f6kindlust, et tagada pidev v\u00e4rskendava j\u00e4\u00e4voog teie klientidele v\u00f5i v\u00e4ljapanekutele. V\u00f5imeline tootma<\/p>\n","protected":false},"featured_media":35271,"template":"","meta":[],"product_brand":[],"product_cat":[680,643,641,564,613],"product_tag":[],"class_list":{"0":"post-35269","1":"product","2":"type-product","3":"status-publish","4":"has-post-thumbnail","6":"product_cat-jaakuubikumasinad","7":"product_cat-jaamasinad","8":"product_cat-jaamasinad-ja-jaahelveste-masinad","9":"product_cat-jahutusseadmed","10":"product_cat-kohv-ja-joogid","12":"first","13":"instock","14":"sale","15":"taxable","16":"shipping-taxable","17":"purchasable","18":"product-type-simple"},"yoast_head":"<!-- This site is optimized with the Yoast SEO plugin v27.3 - https:\/\/yoast.com\/product\/yoast-seo-wordpress\/ -->\n<title>J\u00e4\u00e4masin, 35kg\/24h roostevaba teras | Adexa CIM35SS - Adexa \u2013 Suurk\u00f6\u00f6giseadmed restoranidele ja toitlustusele<\/title>\n<meta name=\"robots\" content=\"index, follow, max-snippet:-1, max-image-preview:large, max-video-preview:-1\" \/>\n<link rel=\"canonical\" href=\"https:\/\/adexa.ee\/toode\/jaamasin-35kg-24h-roostevaba-teras-adexa-cim35ss\/\" \/>\n<meta property=\"og:locale\" content=\"en_US\" \/>\n<meta property=\"og:type\" content=\"article\" \/>\n<meta property=\"og:title\" content=\"J\u00e4\u00e4masin, 35kg\/24h roostevaba teras | Adexa CIM35SS - Adexa \u2013 Suurk\u00f6\u00f6giseadmed restoranidele ja toitlustusele\" \/>\n<meta property=\"og:description\" content=\"See j\u00e4\u00e4kuubiku valmistaja pakub kogu vajalikku j\u00f5udlust ja t\u00f6\u00f6kindlust, et tagada pidev v\u00e4rskendava j\u00e4\u00e4voog teie klientidele v\u00f5i v\u00e4ljapanekutele. V\u00f5imeline tootma\" \/>\n<meta property=\"og:url\" content=\"https:\/\/adexa.ee\/toode\/jaamasin-35kg-24h-roostevaba-teras-adexa-cim35ss\/\" \/>\n<meta property=\"og:site_name\" content=\"Adexa \u2013 Suurk\u00f6\u00f6giseadmed restoranidele ja toitlustusele\" \/>\n<meta property=\"article:modified_time\" content=\"2026-04-01T15:25:31+00:00\" \/>\n<meta property=\"og:image\" content=\"https:\/\/adexa.ee\/wp-content\/uploads\/2025\/09\/CIM35SS.jpg\" \/>\n\t<meta property=\"og:image:width\" content=\"1845\" \/>\n\t<meta property=\"og:image:height\" content=\"1845\" \/>\n\t<meta property=\"og:image:type\" content=\"image\/jpeg\" \/>\n<meta name=\"twitter:card\" content=\"summary_large_image\" \/>\n<meta name=\"twitter:label1\" content=\"Est. reading time\" \/>\n\t<meta name=\"twitter:data1\" content=\"1 minute\" \/>\n<script type=\"application\/ld+json\" class=\"yoast-schema-graph\">{\"@context\":\"https:\\\/\\\/schema.org\",\"@graph\":[{\"@type\":\"WebPage\",\"@id\":\"https:\\\/\\\/adexa.ee\\\/toode\\\/jaamasin-35kg-24h-roostevaba-teras-adexa-cim35ss\\\/\",\"url\":\"https:\\\/\\\/adexa.ee\\\/toode\\\/jaamasin-35kg-24h-roostevaba-teras-adexa-cim35ss\\\/\",\"name\":\"J\u00e4\u00e4masin, 35kg\\\/24h roostevaba teras | Adexa CIM35SS - Adexa \u2013 Suurk\u00f6\u00f6giseadmed restoranidele ja toitlustusele\",\"isPartOf\":{\"@id\":\"https:\\\/\\\/adexa.ee\\\/#website\"},\"primaryImageOfPage\":{\"@id\":\"https:\\\/\\\/adexa.ee\\\/toode\\\/jaamasin-35kg-24h-roostevaba-teras-adexa-cim35ss\\\/#primaryimage\"},\"image\":{\"@id\":\"https:\\\/\\\/adexa.ee\\\/toode\\\/jaamasin-35kg-24h-roostevaba-teras-adexa-cim35ss\\\/#primaryimage\"},\"thumbnailUrl\":\"https:\\\/\\\/adexa.ee\\\/wp-content\\\/uploads\\\/2025\\\/09\\\/CIM35SS.jpg\",\"datePublished\":\"2026-04-01T15:25:29+00:00\",\"dateModified\":\"2026-04-01T15:25:31+00:00\",\"breadcrumb\":{\"@id\":\"https:\\\/\\\/adexa.ee\\\/toode\\\/jaamasin-35kg-24h-roostevaba-teras-adexa-cim35ss\\\/#breadcrumb\"},\"inLanguage\":\"en-US\",\"potentialAction\":[{\"@type\":\"ReadAction\",\"target\":[\"https:\\\/\\\/adexa.ee\\\/toode\\\/jaamasin-35kg-24h-roostevaba-teras-adexa-cim35ss\\\/\"]}]},{\"@type\":\"ImageObject\",\"inLanguage\":\"en-US\",\"@id\":\"https:\\\/\\\/adexa.ee\\\/toode\\\/jaamasin-35kg-24h-roostevaba-teras-adexa-cim35ss\\\/#primaryimage\",\"url\":\"https:\\\/\\\/adexa.ee\\\/wp-content\\\/uploads\\\/2025\\\/09\\\/CIM35SS.jpg\",\"contentUrl\":\"https:\\\/\\\/adexa.ee\\\/wp-content\\\/uploads\\\/2025\\\/09\\\/CIM35SS.jpg\",\"width\":1845,\"height\":1845},{\"@type\":\"BreadcrumbList\",\"@id\":\"https:\\\/\\\/adexa.ee\\\/toode\\\/jaamasin-35kg-24h-roostevaba-teras-adexa-cim35ss\\\/#breadcrumb\",\"itemListElement\":[{\"@type\":\"ListItem\",\"position\":1,\"name\":\"Home\",\"item\":\"https:\\\/\\\/adexa.ee\\\/\"},{\"@type\":\"ListItem\",\"position\":2,\"name\":\"Tooted\",\"item\":\"https:\\\/\\\/adexa.ee\\\/pood\\\/\"},{\"@type\":\"ListItem\",\"position\":3,\"name\":\"J\u00e4\u00e4masin, 35kg\\\/24h roostevaba teras | Adexa CIM35SS\"}]},{\"@type\":\"WebSite\",\"@id\":\"https:\\\/\\\/adexa.ee\\\/#website\",\"url\":\"https:\\\/\\\/adexa.ee\\\/\",\"name\":\"Adexa\",\"description\":\"\",\"publisher\":{\"@id\":\"https:\\\/\\\/adexa.ee\\\/#organization\"},\"potentialAction\":[{\"@type\":\"SearchAction\",\"target\":{\"@type\":\"EntryPoint\",\"urlTemplate\":\"https:\\\/\\\/adexa.ee\\\/?s={search_term_string}\"},\"query-input\":{\"@type\":\"PropertyValueSpecification\",\"valueRequired\":true,\"valueName\":\"search_term_string\"}}],\"inLanguage\":\"en-US\"},{\"@type\":\"Organization\",\"@id\":\"https:\\\/\\\/adexa.ee\\\/#organization\",\"name\":\"Adexa\",\"url\":\"https:\\\/\\\/adexa.ee\\\/\",\"logo\":{\"@type\":\"ImageObject\",\"inLanguage\":\"en-US\",\"@id\":\"https:\\\/\\\/adexa.ee\\\/#\\\/schema\\\/logo\\\/image\\\/\",\"url\":\"https:\\\/\\\/adexa.ee\\\/wp-content\\\/uploads\\\/2024\\\/04\\\/chef-cooks-working-in-professional-kitchen-2023-11-27-05-07-39-utc-scaled.jpg\",\"contentUrl\":\"https:\\\/\\\/adexa.ee\\\/wp-content\\\/uploads\\\/2024\\\/04\\\/chef-cooks-working-in-professional-kitchen-2023-11-27-05-07-39-utc-scaled.jpg\",\"width\":2560,\"height\":1708,\"caption\":\"Adexa\"},\"image\":{\"@id\":\"https:\\\/\\\/adexa.ee\\\/#\\\/schema\\\/logo\\\/image\\\/\"}}]}<\/script>\n<!-- \/ Yoast SEO plugin. -->","yoast_head_json":{"title":"J\u00e4\u00e4masin, 35kg\/24h roostevaba teras | Adexa CIM35SS - Adexa \u2013 Suurk\u00f6\u00f6giseadmed restoranidele ja toitlustusele","robots":{"index":"index","follow":"follow","max-snippet":"max-snippet:-1","max-image-preview":"max-image-preview:large","max-video-preview":"max-video-preview:-1"},"canonical":"https:\/\/adexa.ee\/toode\/jaamasin-35kg-24h-roostevaba-teras-adexa-cim35ss\/","og_locale":"en_US","og_type":"article","og_title":"J\u00e4\u00e4masin, 35kg\/24h roostevaba teras | Adexa CIM35SS - Adexa \u2013 Suurk\u00f6\u00f6giseadmed restoranidele ja toitlustusele","og_description":"See j\u00e4\u00e4kuubiku valmistaja pakub kogu vajalikku j\u00f5udlust ja t\u00f6\u00f6kindlust, et tagada pidev v\u00e4rskendava j\u00e4\u00e4voog teie klientidele v\u00f5i v\u00e4ljapanekutele. V\u00f5imeline tootma","og_url":"https:\/\/adexa.ee\/toode\/jaamasin-35kg-24h-roostevaba-teras-adexa-cim35ss\/","og_site_name":"Adexa \u2013 Suurk\u00f6\u00f6giseadmed restoranidele ja toitlustusele","article_modified_time":"2026-04-01T15:25:31+00:00","og_image":[{"width":1845,"height":1845,"url":"https:\/\/adexa.ee\/wp-content\/uploads\/2025\/09\/CIM35SS.jpg","type":"image\/jpeg"}],"twitter_card":"summary_large_image","twitter_misc":{"Est. reading time":"1 minute"},"schema":{"@context":"https:\/\/schema.org","@graph":[{"@type":"WebPage","@id":"https:\/\/adexa.ee\/toode\/jaamasin-35kg-24h-roostevaba-teras-adexa-cim35ss\/","url":"https:\/\/adexa.ee\/toode\/jaamasin-35kg-24h-roostevaba-teras-adexa-cim35ss\/","name":"J\u00e4\u00e4masin, 35kg\/24h roostevaba teras | Adexa CIM35SS - Adexa \u2013 Suurk\u00f6\u00f6giseadmed restoranidele ja toitlustusele","isPartOf":{"@id":"https:\/\/adexa.ee\/#website"},"primaryImageOfPage":{"@id":"https:\/\/adexa.ee\/toode\/jaamasin-35kg-24h-roostevaba-teras-adexa-cim35ss\/#primaryimage"},"image":{"@id":"https:\/\/adexa.ee\/toode\/jaamasin-35kg-24h-roostevaba-teras-adexa-cim35ss\/#primaryimage"},"thumbnailUrl":"https:\/\/adexa.ee\/wp-content\/uploads\/2025\/09\/CIM35SS.jpg","datePublished":"2026-04-01T15:25:29+00:00","dateModified":"2026-04-01T15:25:31+00:00","breadcrumb":{"@id":"https:\/\/adexa.ee\/toode\/jaamasin-35kg-24h-roostevaba-teras-adexa-cim35ss\/#breadcrumb"},"inLanguage":"en-US","potentialAction":[{"@type":"ReadAction","target":["https:\/\/adexa.ee\/toode\/jaamasin-35kg-24h-roostevaba-teras-adexa-cim35ss\/"]}]},{"@type":"ImageObject","inLanguage":"en-US","@id":"https:\/\/adexa.ee\/toode\/jaamasin-35kg-24h-roostevaba-teras-adexa-cim35ss\/#primaryimage","url":"https:\/\/adexa.ee\/wp-content\/uploads\/2025\/09\/CIM35SS.jpg","contentUrl":"https:\/\/adexa.ee\/wp-content\/uploads\/2025\/09\/CIM35SS.jpg","width":1845,"height":1845},{"@type":"BreadcrumbList","@id":"https:\/\/adexa.ee\/toode\/jaamasin-35kg-24h-roostevaba-teras-adexa-cim35ss\/#breadcrumb","itemListElement":[{"@type":"ListItem","position":1,"name":"Home","item":"https:\/\/adexa.ee\/"},{"@type":"ListItem","position":2,"name":"Tooted","item":"https:\/\/adexa.ee\/pood\/"},{"@type":"ListItem","position":3,"name":"J\u00e4\u00e4masin, 35kg\/24h roostevaba teras | Adexa CIM35SS"}]},{"@type":"WebSite","@id":"https:\/\/adexa.ee\/#website","url":"https:\/\/adexa.ee\/","name":"Adexa","description":"","publisher":{"@id":"https:\/\/adexa.ee\/#organization"},"potentialAction":[{"@type":"SearchAction","target":{"@type":"EntryPoint","urlTemplate":"https:\/\/adexa.ee\/?s={search_term_string}"},"query-input":{"@type":"PropertyValueSpecification","valueRequired":true,"valueName":"search_term_string"}}],"inLanguage":"en-US"},{"@type":"Organization","@id":"https:\/\/adexa.ee\/#organization","name":"Adexa","url":"https:\/\/adexa.ee\/","logo":{"@type":"ImageObject","inLanguage":"en-US","@id":"https:\/\/adexa.ee\/#\/schema\/logo\/image\/","url":"https:\/\/adexa.ee\/wp-content\/uploads\/2024\/04\/chef-cooks-working-in-professional-kitchen-2023-11-27-05-07-39-utc-scaled.jpg","contentUrl":"https:\/\/adexa.ee\/wp-content\/uploads\/2024\/04\/chef-cooks-working-in-professional-kitchen-2023-11-27-05-07-39-utc-scaled.jpg","width":2560,"height":1708,"caption":"Adexa"},"image":{"@id":"https:\/\/adexa.ee\/#\/schema\/logo\/image\/"}}]}},"_links":{"self":[{"href":"https:\/\/adexa.ee\/en\/wp-json\/wp\/v2\/product\/35269","targetHints":{"allow":["GET"]}}],"collection":[{"href":"https:\/\/adexa.ee\/en\/wp-json\/wp\/v2\/product"}],"about":[{"href":"https:\/\/adexa.ee\/en\/wp-json\/wp\/v2\/types\/product"}],"wp:featuredmedia":[{"embeddable":true,"href":"https:\/\/adexa.ee\/en\/wp-json\/wp\/v2\/media\/35271"}],"wp:attachment":[{"href":"https:\/\/adexa.ee\/en\/wp-json\/wp\/v2\/media?parent=35269"}],"wp:term":[{"taxonomy":"product_brand","embeddable":true,"href":"https:\/\/adexa.ee\/en\/wp-json\/wp\/v2\/product_brand?post=35269"},{"taxonomy":"product_cat","embeddable":true,"href":"https:\/\/adexa.ee\/en\/wp-json\/wp\/v2\/product_cat?post=35269"},{"taxonomy":"product_tag","embeddable":true,"href":"https:\/\/adexa.ee\/en\/wp-json\/wp\/v2\/product_tag?post=35269"}],"curies":[{"name":"wp","href":"https:\/\/api.w.org\/{rel}","templated":true}]}}