{"id":35327,"date":"2026-03-26T11:55:47","date_gmt":"2026-03-26T09:55:47","guid":{"rendered":"https:\/\/adexa.ee\/toode\/kommertslik-filterkohvimasin-kuuma-vee-dosaatori-ja-automaatse-taitmisega-3-kuumutusplaati-adexa-frb286\/"},"modified":"2026-03-26T11:55:48","modified_gmt":"2026-03-26T09:55:48","slug":"filterkohvimasin-kuuma-vee-dosaatori-ja-automaatse-taitmisega-3-kuumutusplaati-adexa-frb286","status":"publish","type":"product","link":"https:\/\/adexa.ee\/en\/toode\/filterkohvimasin-kuuma-vee-dosaatori-ja-automaatse-taitmisega-3-kuumutusplaati-adexa-frb286\/","title":{"rendered":"Filterkohvimasin kuuma vee dosaatori ja automaatse t\u00e4itmisega, 3 kuumutusplaati | Adexa FRB286"},"content":{"rendered":"<p>Valmistage oma klientidele v\u00f5i k\u00fclalistele maitsvat kohvi professionaalse filterkohvimasinaga. See toitlustamise k\u00e4sitisi t\u00e4idetav masin on m\u00f5eldud avalikesse kohtadesse, kus inimesed vajavad suurep\u00e4rase kohvi valmistamist lihtsalt, mugavalt ja kiiresti, n\u00e4iteks kontorites, konverentsisaalides, klubides, baarides ja restoranides. Kaasaegse voolujoonelise disainiga toob see kaubanduslikele kohvimasinatele t\u00e4iesti uue mugavuse ja luksuse tunde. \u00dcksikasjalik teave on saadaval jaotises &#8220;Spetsifikatsioon&#8221;.<\/p>\n<table style=\"border-collapse: collapse; width: 100%; text-align: left;\">\n<tbody>\n<tr>\n<td style=\"border: 1px solid #ddd; padding: 8px; width: 45%;\"><strong>S\u00fcgavus<\/strong><\/td>\n<td style=\"border: 1px solid #ddd; padding: 8px;\">405 mm<\/td>\n<\/tr>\n<tr>\n<td style=\"border: 1px solid #ddd; padding: 8px; width: 45%;\"><strong>K\u00f5rgus<\/strong><\/td>\n<td style=\"border: 1px solid #ddd; padding: 8px;\">460mm<\/td>\n<\/tr>\n<tr>\n<td style=\"border: 1px solid #ddd; padding: 8px; width: 45%;\"><strong>Laius<\/strong><\/td>\n<td style=\"border: 1px solid #ddd; padding: 8px;\">405 mm<\/td>\n<\/tr>\n<tr>\n<td style=\"border: 1px solid #ddd; padding: 8px; width: 45%;\"><strong>Kaal<\/strong><\/td>\n<td style=\"border: 1px solid #ddd; padding: 8px;\">13kg<\/td>\n<\/tr>\n<tr>\n<td style=\"border: 1px solid #ddd; padding: 8px; width: 45%;\"><strong>Garantii<\/strong><\/td>\n<td style=\"border: 1px solid #ddd; padding: 8px;\">12 kuu varuosade garantii<\/td>\n<\/tr>\n<tr>\n<td style=\"border: 1px solid #ddd; padding: 8px; width: 45%;\"><strong>Mahutavus<\/strong><\/td>\n<td style=\"border: 1px solid #ddd; padding: 8px;\">3 x 2,2 liitrit (potid)<\/td>\n<\/tr>\n<tr>\n<td style=\"border: 1px solid #ddd; padding: 8px; width: 45%;\"><strong>Toiteallikas<\/strong><\/td>\n<td style=\"border: 1px solid #ddd; padding: 8px;\">230V \/ 1 faas<\/td>\n<\/tr>\n<tr>\n<td style=\"border: 1px solid #ddd; padding: 8px; width: 45%;\"><strong>V\u00f5imsus<\/strong><\/td>\n<td style=\"border: 1px solid #ddd; padding: 8px;\">2080W<\/td>\n<\/tr>\n<tr>\n<td style=\"border: 1px solid #ddd; padding: 8px; width: 45%;\"><strong>Materjal<\/strong><\/td>\n<td style=\"border: 1px solid #ddd; padding: 8px;\">Roostevaba teras ja roostevaba teras kohvihoidja<\/td>\n<\/tr>\n<tr>\n<td style=\"border: 1px solid #ddd; padding: 8px; width: 45%;\"><strong>Kaasas<\/strong><\/td>\n<td style=\"border: 1px solid #ddd; padding: 8px;\">3 kohvikannu<\/td>\n<\/tr>\n<tr>\n<td style=\"border: 1px solid #ddd; padding: 8px; width: 45%;\"><strong>Tootlikkus<\/strong><\/td>\n<td style=\"border: 1px solid #ddd; padding: 8px;\">Kuni 140 tassi tunnis (16,7 liitrit)<\/td>\n<\/tr>\n<tr>\n<td style=\"border: 1px solid #ddd; padding: 8px; width: 45%;\"><strong>Valmimisaeg<\/strong><\/td>\n<td style=\"border: 1px solid #ddd; padding: 8px;\">6 kuni 7 minutit<\/td>\n<\/tr>\n<tr>\n<td style=\"border: 1px solid #ddd; padding: 8px; width: 45%;\"><strong>Veetoru \u00fchendus<\/strong><\/td>\n<td style=\"border: 1px solid #ddd; padding: 8px;\">Jah (ei ole manuaalset t\u00e4itmist)<\/td>\n<\/tr>\n<tr>\n<td style=\"border: 1px solid #ddd; padding: 8px; width: 45%;\"><strong>Mahutavus (reservuaar)<\/strong><\/td>\n<td style=\"border: 1px solid #ddd; padding: 8px;\">2,2 liitrit<\/td>\n<\/tr>\n<\/tbody>\n<\/table>\n","protected":false},"excerpt":{"rendered":"<p>Valmistage oma klientidele v\u00f5i k\u00fclalistele maitsvat kohvi professionaalse filterkohvimasinaga. See toitlustamise k\u00e4sitisi t\u00e4idetav masin on m\u00f5eldud avalikesse kohtadesse, kus inimesed<\/p>\n","protected":false},"featured_media":35329,"template":"","meta":[],"product_brand":[],"product_cat":[729,613],"product_tag":[],"class_list":{"0":"post-35327","1":"product","2":"type-product","3":"status-publish","4":"has-post-thumbnail","6":"product_cat-filtrikohvimasinad","7":"product_cat-kohv-ja-joogid","9":"first","10":"instock","11":"sale","12":"taxable","13":"shipping-taxable","14":"purchasable","15":"product-type-simple"},"yoast_head":"<!-- This site is optimized with the Yoast SEO plugin v27.3 - https:\/\/yoast.com\/product\/yoast-seo-wordpress\/ -->\n<title>Filterkohvimasin kuuma vee dosaatori ja automaatse t\u00e4itmisega, 3 kuumutusplaati | Adexa FRB286 - Adexa \u2013 Suurk\u00f6\u00f6giseadmed restoranidele ja toitlustusele<\/title>\n<meta name=\"robots\" content=\"index, follow, max-snippet:-1, max-image-preview:large, max-video-preview:-1\" \/>\n<link rel=\"canonical\" href=\"https:\/\/adexa.ee\/toode\/filterkohvimasin-kuuma-vee-dosaatori-ja-automaatse-taitmisega-3-kuumutusplaati-adexa-frb286\/\" \/>\n<meta property=\"og:locale\" content=\"en_US\" \/>\n<meta property=\"og:type\" content=\"article\" \/>\n<meta property=\"og:title\" content=\"Filterkohvimasin kuuma vee dosaatori ja automaatse t\u00e4itmisega, 3 kuumutusplaati | Adexa FRB286 - Adexa \u2013 Suurk\u00f6\u00f6giseadmed restoranidele ja toitlustusele\" \/>\n<meta property=\"og:description\" content=\"Valmistage oma klientidele v\u00f5i k\u00fclalistele maitsvat kohvi professionaalse filterkohvimasinaga. See toitlustamise k\u00e4sitisi t\u00e4idetav masin on m\u00f5eldud avalikesse kohtadesse, kus inimesed\" \/>\n<meta property=\"og:url\" content=\"https:\/\/adexa.ee\/toode\/filterkohvimasin-kuuma-vee-dosaatori-ja-automaatse-taitmisega-3-kuumutusplaati-adexa-frb286\/\" \/>\n<meta property=\"og:site_name\" content=\"Adexa \u2013 Suurk\u00f6\u00f6giseadmed restoranidele ja toitlustusele\" \/>\n<meta property=\"article:modified_time\" content=\"2026-03-26T09:55:48+00:00\" \/>\n<meta property=\"og:image\" content=\"https:\/\/adexa.ee\/wp-content\/uploads\/2025\/09\/FRB286.jpg\" \/>\n\t<meta property=\"og:image:width\" content=\"1360\" \/>\n\t<meta property=\"og:image:height\" content=\"1360\" \/>\n\t<meta property=\"og:image:type\" content=\"image\/jpeg\" \/>\n<meta name=\"twitter:card\" content=\"summary_large_image\" \/>\n<meta name=\"twitter:label1\" content=\"Est. reading time\" \/>\n\t<meta name=\"twitter:data1\" content=\"1 minute\" \/>\n<script type=\"application\/ld+json\" class=\"yoast-schema-graph\">{\"@context\":\"https:\\\/\\\/schema.org\",\"@graph\":[{\"@type\":\"WebPage\",\"@id\":\"https:\\\/\\\/adexa.ee\\\/toode\\\/filterkohvimasin-kuuma-vee-dosaatori-ja-automaatse-taitmisega-3-kuumutusplaati-adexa-frb286\\\/\",\"url\":\"https:\\\/\\\/adexa.ee\\\/toode\\\/filterkohvimasin-kuuma-vee-dosaatori-ja-automaatse-taitmisega-3-kuumutusplaati-adexa-frb286\\\/\",\"name\":\"Filterkohvimasin kuuma vee dosaatori ja automaatse t\u00e4itmisega, 3 kuumutusplaati | Adexa FRB286 - Adexa \u2013 Suurk\u00f6\u00f6giseadmed restoranidele ja toitlustusele\",\"isPartOf\":{\"@id\":\"https:\\\/\\\/adexa.ee\\\/#website\"},\"primaryImageOfPage\":{\"@id\":\"https:\\\/\\\/adexa.ee\\\/toode\\\/filterkohvimasin-kuuma-vee-dosaatori-ja-automaatse-taitmisega-3-kuumutusplaati-adexa-frb286\\\/#primaryimage\"},\"image\":{\"@id\":\"https:\\\/\\\/adexa.ee\\\/toode\\\/filterkohvimasin-kuuma-vee-dosaatori-ja-automaatse-taitmisega-3-kuumutusplaati-adexa-frb286\\\/#primaryimage\"},\"thumbnailUrl\":\"https:\\\/\\\/adexa.ee\\\/wp-content\\\/uploads\\\/2025\\\/09\\\/FRB286.jpg\",\"datePublished\":\"2026-03-26T09:55:47+00:00\",\"dateModified\":\"2026-03-26T09:55:48+00:00\",\"breadcrumb\":{\"@id\":\"https:\\\/\\\/adexa.ee\\\/toode\\\/filterkohvimasin-kuuma-vee-dosaatori-ja-automaatse-taitmisega-3-kuumutusplaati-adexa-frb286\\\/#breadcrumb\"},\"inLanguage\":\"en-US\",\"potentialAction\":[{\"@type\":\"ReadAction\",\"target\":[\"https:\\\/\\\/adexa.ee\\\/toode\\\/filterkohvimasin-kuuma-vee-dosaatori-ja-automaatse-taitmisega-3-kuumutusplaati-adexa-frb286\\\/\"]}]},{\"@type\":\"ImageObject\",\"inLanguage\":\"en-US\",\"@id\":\"https:\\\/\\\/adexa.ee\\\/toode\\\/filterkohvimasin-kuuma-vee-dosaatori-ja-automaatse-taitmisega-3-kuumutusplaati-adexa-frb286\\\/#primaryimage\",\"url\":\"https:\\\/\\\/adexa.ee\\\/wp-content\\\/uploads\\\/2025\\\/09\\\/FRB286.jpg\",\"contentUrl\":\"https:\\\/\\\/adexa.ee\\\/wp-content\\\/uploads\\\/2025\\\/09\\\/FRB286.jpg\",\"width\":1360,\"height\":1360},{\"@type\":\"BreadcrumbList\",\"@id\":\"https:\\\/\\\/adexa.ee\\\/toode\\\/filterkohvimasin-kuuma-vee-dosaatori-ja-automaatse-taitmisega-3-kuumutusplaati-adexa-frb286\\\/#breadcrumb\",\"itemListElement\":[{\"@type\":\"ListItem\",\"position\":1,\"name\":\"Home\",\"item\":\"https:\\\/\\\/adexa.ee\\\/\"},{\"@type\":\"ListItem\",\"position\":2,\"name\":\"Tooted\",\"item\":\"https:\\\/\\\/adexa.ee\\\/pood\\\/\"},{\"@type\":\"ListItem\",\"position\":3,\"name\":\"Filterkohvimasin kuuma vee dosaatori ja automaatse t\u00e4itmisega, 3 kuumutusplaati | Adexa FRB286\"}]},{\"@type\":\"WebSite\",\"@id\":\"https:\\\/\\\/adexa.ee\\\/#website\",\"url\":\"https:\\\/\\\/adexa.ee\\\/\",\"name\":\"Adexa\",\"description\":\"\",\"publisher\":{\"@id\":\"https:\\\/\\\/adexa.ee\\\/#organization\"},\"potentialAction\":[{\"@type\":\"SearchAction\",\"target\":{\"@type\":\"EntryPoint\",\"urlTemplate\":\"https:\\\/\\\/adexa.ee\\\/?s={search_term_string}\"},\"query-input\":{\"@type\":\"PropertyValueSpecification\",\"valueRequired\":true,\"valueName\":\"search_term_string\"}}],\"inLanguage\":\"en-US\"},{\"@type\":\"Organization\",\"@id\":\"https:\\\/\\\/adexa.ee\\\/#organization\",\"name\":\"Adexa\",\"url\":\"https:\\\/\\\/adexa.ee\\\/\",\"logo\":{\"@type\":\"ImageObject\",\"inLanguage\":\"en-US\",\"@id\":\"https:\\\/\\\/adexa.ee\\\/#\\\/schema\\\/logo\\\/image\\\/\",\"url\":\"https:\\\/\\\/adexa.ee\\\/wp-content\\\/uploads\\\/2024\\\/04\\\/chef-cooks-working-in-professional-kitchen-2023-11-27-05-07-39-utc-scaled.jpg\",\"contentUrl\":\"https:\\\/\\\/adexa.ee\\\/wp-content\\\/uploads\\\/2024\\\/04\\\/chef-cooks-working-in-professional-kitchen-2023-11-27-05-07-39-utc-scaled.jpg\",\"width\":2560,\"height\":1708,\"caption\":\"Adexa\"},\"image\":{\"@id\":\"https:\\\/\\\/adexa.ee\\\/#\\\/schema\\\/logo\\\/image\\\/\"}}]}<\/script>\n<!-- \/ Yoast SEO plugin. -->","yoast_head_json":{"title":"Filterkohvimasin kuuma vee dosaatori ja automaatse t\u00e4itmisega, 3 kuumutusplaati | Adexa FRB286 - Adexa \u2013 Suurk\u00f6\u00f6giseadmed restoranidele ja toitlustusele","robots":{"index":"index","follow":"follow","max-snippet":"max-snippet:-1","max-image-preview":"max-image-preview:large","max-video-preview":"max-video-preview:-1"},"canonical":"https:\/\/adexa.ee\/toode\/filterkohvimasin-kuuma-vee-dosaatori-ja-automaatse-taitmisega-3-kuumutusplaati-adexa-frb286\/","og_locale":"en_US","og_type":"article","og_title":"Filterkohvimasin kuuma vee dosaatori ja automaatse t\u00e4itmisega, 3 kuumutusplaati | Adexa FRB286 - Adexa \u2013 Suurk\u00f6\u00f6giseadmed restoranidele ja toitlustusele","og_description":"Valmistage oma klientidele v\u00f5i k\u00fclalistele maitsvat kohvi professionaalse filterkohvimasinaga. See toitlustamise k\u00e4sitisi t\u00e4idetav masin on m\u00f5eldud avalikesse kohtadesse, kus inimesed","og_url":"https:\/\/adexa.ee\/toode\/filterkohvimasin-kuuma-vee-dosaatori-ja-automaatse-taitmisega-3-kuumutusplaati-adexa-frb286\/","og_site_name":"Adexa \u2013 Suurk\u00f6\u00f6giseadmed restoranidele ja toitlustusele","article_modified_time":"2026-03-26T09:55:48+00:00","og_image":[{"width":1360,"height":1360,"url":"https:\/\/adexa.ee\/wp-content\/uploads\/2025\/09\/FRB286.jpg","type":"image\/jpeg"}],"twitter_card":"summary_large_image","twitter_misc":{"Est. reading time":"1 minute"},"schema":{"@context":"https:\/\/schema.org","@graph":[{"@type":"WebPage","@id":"https:\/\/adexa.ee\/toode\/filterkohvimasin-kuuma-vee-dosaatori-ja-automaatse-taitmisega-3-kuumutusplaati-adexa-frb286\/","url":"https:\/\/adexa.ee\/toode\/filterkohvimasin-kuuma-vee-dosaatori-ja-automaatse-taitmisega-3-kuumutusplaati-adexa-frb286\/","name":"Filterkohvimasin kuuma vee dosaatori ja automaatse t\u00e4itmisega, 3 kuumutusplaati | Adexa FRB286 - Adexa \u2013 Suurk\u00f6\u00f6giseadmed restoranidele ja toitlustusele","isPartOf":{"@id":"https:\/\/adexa.ee\/#website"},"primaryImageOfPage":{"@id":"https:\/\/adexa.ee\/toode\/filterkohvimasin-kuuma-vee-dosaatori-ja-automaatse-taitmisega-3-kuumutusplaati-adexa-frb286\/#primaryimage"},"image":{"@id":"https:\/\/adexa.ee\/toode\/filterkohvimasin-kuuma-vee-dosaatori-ja-automaatse-taitmisega-3-kuumutusplaati-adexa-frb286\/#primaryimage"},"thumbnailUrl":"https:\/\/adexa.ee\/wp-content\/uploads\/2025\/09\/FRB286.jpg","datePublished":"2026-03-26T09:55:47+00:00","dateModified":"2026-03-26T09:55:48+00:00","breadcrumb":{"@id":"https:\/\/adexa.ee\/toode\/filterkohvimasin-kuuma-vee-dosaatori-ja-automaatse-taitmisega-3-kuumutusplaati-adexa-frb286\/#breadcrumb"},"inLanguage":"en-US","potentialAction":[{"@type":"ReadAction","target":["https:\/\/adexa.ee\/toode\/filterkohvimasin-kuuma-vee-dosaatori-ja-automaatse-taitmisega-3-kuumutusplaati-adexa-frb286\/"]}]},{"@type":"ImageObject","inLanguage":"en-US","@id":"https:\/\/adexa.ee\/toode\/filterkohvimasin-kuuma-vee-dosaatori-ja-automaatse-taitmisega-3-kuumutusplaati-adexa-frb286\/#primaryimage","url":"https:\/\/adexa.ee\/wp-content\/uploads\/2025\/09\/FRB286.jpg","contentUrl":"https:\/\/adexa.ee\/wp-content\/uploads\/2025\/09\/FRB286.jpg","width":1360,"height":1360},{"@type":"BreadcrumbList","@id":"https:\/\/adexa.ee\/toode\/filterkohvimasin-kuuma-vee-dosaatori-ja-automaatse-taitmisega-3-kuumutusplaati-adexa-frb286\/#breadcrumb","itemListElement":[{"@type":"ListItem","position":1,"name":"Home","item":"https:\/\/adexa.ee\/"},{"@type":"ListItem","position":2,"name":"Tooted","item":"https:\/\/adexa.ee\/pood\/"},{"@type":"ListItem","position":3,"name":"Filterkohvimasin kuuma vee dosaatori ja automaatse t\u00e4itmisega, 3 kuumutusplaati | Adexa FRB286"}]},{"@type":"WebSite","@id":"https:\/\/adexa.ee\/#website","url":"https:\/\/adexa.ee\/","name":"Adexa","description":"","publisher":{"@id":"https:\/\/adexa.ee\/#organization"},"potentialAction":[{"@type":"SearchAction","target":{"@type":"EntryPoint","urlTemplate":"https:\/\/adexa.ee\/?s={search_term_string}"},"query-input":{"@type":"PropertyValueSpecification","valueRequired":true,"valueName":"search_term_string"}}],"inLanguage":"en-US"},{"@type":"Organization","@id":"https:\/\/adexa.ee\/#organization","name":"Adexa","url":"https:\/\/adexa.ee\/","logo":{"@type":"ImageObject","inLanguage":"en-US","@id":"https:\/\/adexa.ee\/#\/schema\/logo\/image\/","url":"https:\/\/adexa.ee\/wp-content\/uploads\/2024\/04\/chef-cooks-working-in-professional-kitchen-2023-11-27-05-07-39-utc-scaled.jpg","contentUrl":"https:\/\/adexa.ee\/wp-content\/uploads\/2024\/04\/chef-cooks-working-in-professional-kitchen-2023-11-27-05-07-39-utc-scaled.jpg","width":2560,"height":1708,"caption":"Adexa"},"image":{"@id":"https:\/\/adexa.ee\/#\/schema\/logo\/image\/"}}]}},"_links":{"self":[{"href":"https:\/\/adexa.ee\/en\/wp-json\/wp\/v2\/product\/35327","targetHints":{"allow":["GET"]}}],"collection":[{"href":"https:\/\/adexa.ee\/en\/wp-json\/wp\/v2\/product"}],"about":[{"href":"https:\/\/adexa.ee\/en\/wp-json\/wp\/v2\/types\/product"}],"wp:featuredmedia":[{"embeddable":true,"href":"https:\/\/adexa.ee\/en\/wp-json\/wp\/v2\/media\/35329"}],"wp:attachment":[{"href":"https:\/\/adexa.ee\/en\/wp-json\/wp\/v2\/media?parent=35327"}],"wp:term":[{"taxonomy":"product_brand","embeddable":true,"href":"https:\/\/adexa.ee\/en\/wp-json\/wp\/v2\/product_brand?post=35327"},{"taxonomy":"product_cat","embeddable":true,"href":"https:\/\/adexa.ee\/en\/wp-json\/wp\/v2\/product_cat?post=35327"},{"taxonomy":"product_tag","embeddable":true,"href":"https:\/\/adexa.ee\/en\/wp-json\/wp\/v2\/product_tag?post=35327"}],"curies":[{"name":"wp","href":"https:\/\/api.w.org\/{rel}","templated":true}]}}