{"id":35349,"date":"2026-03-26T11:55:47","date_gmt":"2026-03-26T09:55:47","guid":{"rendered":"https:\/\/adexa.ee\/toode\/torustikuga-stiilis-kokkupandav-seinariiul-roostevaba-teras-1000x450x270mm-adexa-331007\/"},"modified":"2026-03-26T11:55:51","modified_gmt":"2026-03-26T09:55:51","slug":"torustikuga-stiilis-kokkupandav-seinariiul-roostevaba-teras-1000x450x270mm-adexa-331007","status":"publish","type":"product","link":"https:\/\/adexa.ee\/en\/toode\/torustikuga-stiilis-kokkupandav-seinariiul-roostevaba-teras-1000x450x270mm-adexa-331007\/","title":{"rendered":"Torustikuga stiilis kokkupandav seinariiul roostevaba teras 1000x450x270mm | Adexa 331007"},"content":{"rendered":"<p>Kasutage oma k\u00f6\u00f6giruumi maksimaalselt \u00e4ra, hoiustades oma k\u00f6\u00f6giriistu korralikult ja t\u00f5husalt sellel kokkupandaval seinariiulil. Kui ei kasuta, saab riiuli kokku panna ning avatud disain tagab juurdep\u00e4\u00e4su igast k\u00fcljest \u2013 h\u00e4davajalik teie k\u00f5ige kiirematel perioodidel. Kaks tugevat kinnitust t\u00e4hendavad, et selle roostevabast terasest riiuli paigaldamiseks ei kulu \u00fcldse aega. T\u00e4psemat teavet leiate jaotisest \u201eSpetsifikatsioon\u201c.<\/p>\n<table style=\"border-collapse: collapse; width: 100%; text-align: left;\">\n<tbody>\n<tr>\n<td style=\"border: 1px solid #ddd; padding: 8px; width: 45%;\"><strong>S\u00fcgavus<\/strong><\/td>\n<td style=\"border: 1px solid #ddd; padding: 8px;\">450 mm<\/td>\n<\/tr>\n<tr>\n<td style=\"border: 1px solid #ddd; padding: 8px; width: 45%;\"><strong>K\u00f5rgus<\/strong><\/td>\n<td style=\"border: 1px solid #ddd; padding: 8px;\">270 mm<\/td>\n<\/tr>\n<tr>\n<td style=\"border: 1px solid #ddd; padding: 8px; width: 45%;\"><strong>Laius<\/strong><\/td>\n<td style=\"border: 1px solid #ddd; padding: 8px;\">1000mm<\/td>\n<\/tr>\n<tr>\n<td style=\"border: 1px solid #ddd; padding: 8px; width: 45%;\"><strong>Kaal<\/strong><\/td>\n<td style=\"border: 1px solid #ddd; padding: 8px;\">3,2 kg<\/td>\n<\/tr>\n<tr>\n<td style=\"border: 1px solid #ddd; padding: 8px; width: 45%;\"><strong>Materjal<\/strong><\/td>\n<td style=\"border: 1px solid #ddd; padding: 8px;\">Roostevaba teras<\/td>\n<\/tr>\n<\/tbody>\n<\/table>\n","protected":false},"excerpt":{"rendered":"<p>Kasutage oma k\u00f6\u00f6giruumi maksimaalselt \u00e4ra, hoiustades oma k\u00f6\u00f6giriistu korralikult ja t\u00f5husalt sellel kokkupandaval seinariiulil. Kui ei kasuta, saab riiuli kokku<\/p>\n","protected":false},"featured_media":35337,"template":"","meta":[],"product_brand":[],"product_cat":[670,569,572,617,730,618],"product_tag":[],"class_list":{"0":"post-35349","1":"product","2":"type-product","3":"status-publish","4":"has-post-thumbnail","6":"product_cat-kokkupandavad-riiulid","7":"product_cat-lopumuuk","8":"product_cat-roostevabad-tooted","9":"product_cat-seinariiulid","10":"product_cat-torujad-seinariiulid","11":"product_cat-uhe-tasandiga-riiul-sugavus-400-mm","13":"first","14":"instock","15":"sale","16":"taxable","17":"shipping-taxable","18":"purchasable","19":"product-type-simple"},"yoast_head":"<!-- This site is optimized with the Yoast SEO plugin v27.3 - https:\/\/yoast.com\/product\/yoast-seo-wordpress\/ -->\n<title>Torustikuga stiilis kokkupandav seinariiul roostevaba teras 1000x450x270mm | Adexa 331007 - Adexa \u2013 Suurk\u00f6\u00f6giseadmed restoranidele ja toitlustusele<\/title>\n<meta name=\"robots\" content=\"index, follow, max-snippet:-1, max-image-preview:large, max-video-preview:-1\" \/>\n<link rel=\"canonical\" href=\"https:\/\/adexa.ee\/toode\/torustikuga-stiilis-kokkupandav-seinariiul-roostevaba-teras-1000x450x270mm-adexa-331007\/\" \/>\n<meta property=\"og:locale\" content=\"en_US\" \/>\n<meta property=\"og:type\" content=\"article\" \/>\n<meta property=\"og:title\" content=\"Torustikuga stiilis kokkupandav seinariiul roostevaba teras 1000x450x270mm | Adexa 331007 - Adexa \u2013 Suurk\u00f6\u00f6giseadmed restoranidele ja toitlustusele\" \/>\n<meta property=\"og:description\" content=\"Kasutage oma k\u00f6\u00f6giruumi maksimaalselt \u00e4ra, hoiustades oma k\u00f6\u00f6giriistu korralikult ja t\u00f5husalt sellel kokkupandaval seinariiulil. Kui ei kasuta, saab riiuli kokku\" \/>\n<meta property=\"og:url\" content=\"https:\/\/adexa.ee\/toode\/torustikuga-stiilis-kokkupandav-seinariiul-roostevaba-teras-1000x450x270mm-adexa-331007\/\" \/>\n<meta property=\"og:site_name\" content=\"Adexa \u2013 Suurk\u00f6\u00f6giseadmed restoranidele ja toitlustusele\" \/>\n<meta property=\"article:modified_time\" content=\"2026-03-26T09:55:51+00:00\" \/>\n<meta property=\"og:image\" content=\"https:\/\/adexa.ee\/wp-content\/uploads\/2025\/10\/331-SHELF.jpg\" \/>\n\t<meta property=\"og:image:width\" content=\"1424\" \/>\n\t<meta property=\"og:image:height\" content=\"1424\" \/>\n\t<meta property=\"og:image:type\" content=\"image\/jpeg\" \/>\n<meta name=\"twitter:card\" content=\"summary_large_image\" \/>\n<script type=\"application\/ld+json\" class=\"yoast-schema-graph\">{\"@context\":\"https:\\\/\\\/schema.org\",\"@graph\":[{\"@type\":\"WebPage\",\"@id\":\"https:\\\/\\\/adexa.ee\\\/toode\\\/torustikuga-stiilis-kokkupandav-seinariiul-roostevaba-teras-1000x450x270mm-adexa-331007\\\/\",\"url\":\"https:\\\/\\\/adexa.ee\\\/toode\\\/torustikuga-stiilis-kokkupandav-seinariiul-roostevaba-teras-1000x450x270mm-adexa-331007\\\/\",\"name\":\"Torustikuga stiilis kokkupandav seinariiul roostevaba teras 1000x450x270mm | Adexa 331007 - Adexa \u2013 Suurk\u00f6\u00f6giseadmed restoranidele ja toitlustusele\",\"isPartOf\":{\"@id\":\"https:\\\/\\\/adexa.ee\\\/#website\"},\"primaryImageOfPage\":{\"@id\":\"https:\\\/\\\/adexa.ee\\\/toode\\\/torustikuga-stiilis-kokkupandav-seinariiul-roostevaba-teras-1000x450x270mm-adexa-331007\\\/#primaryimage\"},\"image\":{\"@id\":\"https:\\\/\\\/adexa.ee\\\/toode\\\/torustikuga-stiilis-kokkupandav-seinariiul-roostevaba-teras-1000x450x270mm-adexa-331007\\\/#primaryimage\"},\"thumbnailUrl\":\"https:\\\/\\\/adexa.ee\\\/wp-content\\\/uploads\\\/2025\\\/10\\\/331-SHELF.jpg\",\"datePublished\":\"2026-03-26T09:55:47+00:00\",\"dateModified\":\"2026-03-26T09:55:51+00:00\",\"breadcrumb\":{\"@id\":\"https:\\\/\\\/adexa.ee\\\/toode\\\/torustikuga-stiilis-kokkupandav-seinariiul-roostevaba-teras-1000x450x270mm-adexa-331007\\\/#breadcrumb\"},\"inLanguage\":\"en-US\",\"potentialAction\":[{\"@type\":\"ReadAction\",\"target\":[\"https:\\\/\\\/adexa.ee\\\/toode\\\/torustikuga-stiilis-kokkupandav-seinariiul-roostevaba-teras-1000x450x270mm-adexa-331007\\\/\"]}]},{\"@type\":\"ImageObject\",\"inLanguage\":\"en-US\",\"@id\":\"https:\\\/\\\/adexa.ee\\\/toode\\\/torustikuga-stiilis-kokkupandav-seinariiul-roostevaba-teras-1000x450x270mm-adexa-331007\\\/#primaryimage\",\"url\":\"https:\\\/\\\/adexa.ee\\\/wp-content\\\/uploads\\\/2025\\\/10\\\/331-SHELF.jpg\",\"contentUrl\":\"https:\\\/\\\/adexa.ee\\\/wp-content\\\/uploads\\\/2025\\\/10\\\/331-SHELF.jpg\",\"width\":1424,\"height\":1424},{\"@type\":\"BreadcrumbList\",\"@id\":\"https:\\\/\\\/adexa.ee\\\/toode\\\/torustikuga-stiilis-kokkupandav-seinariiul-roostevaba-teras-1000x450x270mm-adexa-331007\\\/#breadcrumb\",\"itemListElement\":[{\"@type\":\"ListItem\",\"position\":1,\"name\":\"Home\",\"item\":\"https:\\\/\\\/adexa.ee\\\/\"},{\"@type\":\"ListItem\",\"position\":2,\"name\":\"Tooted\",\"item\":\"https:\\\/\\\/adexa.ee\\\/pood\\\/\"},{\"@type\":\"ListItem\",\"position\":3,\"name\":\"Torustikuga stiilis kokkupandav seinariiul roostevaba teras 1000x450x270mm | Adexa 331007\"}]},{\"@type\":\"WebSite\",\"@id\":\"https:\\\/\\\/adexa.ee\\\/#website\",\"url\":\"https:\\\/\\\/adexa.ee\\\/\",\"name\":\"Adexa\",\"description\":\"\",\"publisher\":{\"@id\":\"https:\\\/\\\/adexa.ee\\\/#organization\"},\"potentialAction\":[{\"@type\":\"SearchAction\",\"target\":{\"@type\":\"EntryPoint\",\"urlTemplate\":\"https:\\\/\\\/adexa.ee\\\/?s={search_term_string}\"},\"query-input\":{\"@type\":\"PropertyValueSpecification\",\"valueRequired\":true,\"valueName\":\"search_term_string\"}}],\"inLanguage\":\"en-US\"},{\"@type\":\"Organization\",\"@id\":\"https:\\\/\\\/adexa.ee\\\/#organization\",\"name\":\"Adexa\",\"url\":\"https:\\\/\\\/adexa.ee\\\/\",\"logo\":{\"@type\":\"ImageObject\",\"inLanguage\":\"en-US\",\"@id\":\"https:\\\/\\\/adexa.ee\\\/#\\\/schema\\\/logo\\\/image\\\/\",\"url\":\"https:\\\/\\\/adexa.ee\\\/wp-content\\\/uploads\\\/2024\\\/04\\\/chef-cooks-working-in-professional-kitchen-2023-11-27-05-07-39-utc-scaled.jpg\",\"contentUrl\":\"https:\\\/\\\/adexa.ee\\\/wp-content\\\/uploads\\\/2024\\\/04\\\/chef-cooks-working-in-professional-kitchen-2023-11-27-05-07-39-utc-scaled.jpg\",\"width\":2560,\"height\":1708,\"caption\":\"Adexa\"},\"image\":{\"@id\":\"https:\\\/\\\/adexa.ee\\\/#\\\/schema\\\/logo\\\/image\\\/\"}}]}<\/script>\n<!-- \/ Yoast SEO plugin. -->","yoast_head_json":{"title":"Torustikuga stiilis kokkupandav seinariiul roostevaba teras 1000x450x270mm | Adexa 331007 - Adexa \u2013 Suurk\u00f6\u00f6giseadmed restoranidele ja toitlustusele","robots":{"index":"index","follow":"follow","max-snippet":"max-snippet:-1","max-image-preview":"max-image-preview:large","max-video-preview":"max-video-preview:-1"},"canonical":"https:\/\/adexa.ee\/toode\/torustikuga-stiilis-kokkupandav-seinariiul-roostevaba-teras-1000x450x270mm-adexa-331007\/","og_locale":"en_US","og_type":"article","og_title":"Torustikuga stiilis kokkupandav seinariiul roostevaba teras 1000x450x270mm | Adexa 331007 - Adexa \u2013 Suurk\u00f6\u00f6giseadmed restoranidele ja toitlustusele","og_description":"Kasutage oma k\u00f6\u00f6giruumi maksimaalselt \u00e4ra, hoiustades oma k\u00f6\u00f6giriistu korralikult ja t\u00f5husalt sellel kokkupandaval seinariiulil. Kui ei kasuta, saab riiuli kokku","og_url":"https:\/\/adexa.ee\/toode\/torustikuga-stiilis-kokkupandav-seinariiul-roostevaba-teras-1000x450x270mm-adexa-331007\/","og_site_name":"Adexa \u2013 Suurk\u00f6\u00f6giseadmed restoranidele ja toitlustusele","article_modified_time":"2026-03-26T09:55:51+00:00","og_image":[{"width":1424,"height":1424,"url":"https:\/\/adexa.ee\/wp-content\/uploads\/2025\/10\/331-SHELF.jpg","type":"image\/jpeg"}],"twitter_card":"summary_large_image","schema":{"@context":"https:\/\/schema.org","@graph":[{"@type":"WebPage","@id":"https:\/\/adexa.ee\/toode\/torustikuga-stiilis-kokkupandav-seinariiul-roostevaba-teras-1000x450x270mm-adexa-331007\/","url":"https:\/\/adexa.ee\/toode\/torustikuga-stiilis-kokkupandav-seinariiul-roostevaba-teras-1000x450x270mm-adexa-331007\/","name":"Torustikuga stiilis kokkupandav seinariiul roostevaba teras 1000x450x270mm | Adexa 331007 - Adexa \u2013 Suurk\u00f6\u00f6giseadmed restoranidele ja toitlustusele","isPartOf":{"@id":"https:\/\/adexa.ee\/#website"},"primaryImageOfPage":{"@id":"https:\/\/adexa.ee\/toode\/torustikuga-stiilis-kokkupandav-seinariiul-roostevaba-teras-1000x450x270mm-adexa-331007\/#primaryimage"},"image":{"@id":"https:\/\/adexa.ee\/toode\/torustikuga-stiilis-kokkupandav-seinariiul-roostevaba-teras-1000x450x270mm-adexa-331007\/#primaryimage"},"thumbnailUrl":"https:\/\/adexa.ee\/wp-content\/uploads\/2025\/10\/331-SHELF.jpg","datePublished":"2026-03-26T09:55:47+00:00","dateModified":"2026-03-26T09:55:51+00:00","breadcrumb":{"@id":"https:\/\/adexa.ee\/toode\/torustikuga-stiilis-kokkupandav-seinariiul-roostevaba-teras-1000x450x270mm-adexa-331007\/#breadcrumb"},"inLanguage":"en-US","potentialAction":[{"@type":"ReadAction","target":["https:\/\/adexa.ee\/toode\/torustikuga-stiilis-kokkupandav-seinariiul-roostevaba-teras-1000x450x270mm-adexa-331007\/"]}]},{"@type":"ImageObject","inLanguage":"en-US","@id":"https:\/\/adexa.ee\/toode\/torustikuga-stiilis-kokkupandav-seinariiul-roostevaba-teras-1000x450x270mm-adexa-331007\/#primaryimage","url":"https:\/\/adexa.ee\/wp-content\/uploads\/2025\/10\/331-SHELF.jpg","contentUrl":"https:\/\/adexa.ee\/wp-content\/uploads\/2025\/10\/331-SHELF.jpg","width":1424,"height":1424},{"@type":"BreadcrumbList","@id":"https:\/\/adexa.ee\/toode\/torustikuga-stiilis-kokkupandav-seinariiul-roostevaba-teras-1000x450x270mm-adexa-331007\/#breadcrumb","itemListElement":[{"@type":"ListItem","position":1,"name":"Home","item":"https:\/\/adexa.ee\/"},{"@type":"ListItem","position":2,"name":"Tooted","item":"https:\/\/adexa.ee\/pood\/"},{"@type":"ListItem","position":3,"name":"Torustikuga stiilis kokkupandav seinariiul roostevaba teras 1000x450x270mm | Adexa 331007"}]},{"@type":"WebSite","@id":"https:\/\/adexa.ee\/#website","url":"https:\/\/adexa.ee\/","name":"Adexa","description":"","publisher":{"@id":"https:\/\/adexa.ee\/#organization"},"potentialAction":[{"@type":"SearchAction","target":{"@type":"EntryPoint","urlTemplate":"https:\/\/adexa.ee\/?s={search_term_string}"},"query-input":{"@type":"PropertyValueSpecification","valueRequired":true,"valueName":"search_term_string"}}],"inLanguage":"en-US"},{"@type":"Organization","@id":"https:\/\/adexa.ee\/#organization","name":"Adexa","url":"https:\/\/adexa.ee\/","logo":{"@type":"ImageObject","inLanguage":"en-US","@id":"https:\/\/adexa.ee\/#\/schema\/logo\/image\/","url":"https:\/\/adexa.ee\/wp-content\/uploads\/2024\/04\/chef-cooks-working-in-professional-kitchen-2023-11-27-05-07-39-utc-scaled.jpg","contentUrl":"https:\/\/adexa.ee\/wp-content\/uploads\/2024\/04\/chef-cooks-working-in-professional-kitchen-2023-11-27-05-07-39-utc-scaled.jpg","width":2560,"height":1708,"caption":"Adexa"},"image":{"@id":"https:\/\/adexa.ee\/#\/schema\/logo\/image\/"}}]}},"_links":{"self":[{"href":"https:\/\/adexa.ee\/en\/wp-json\/wp\/v2\/product\/35349","targetHints":{"allow":["GET"]}}],"collection":[{"href":"https:\/\/adexa.ee\/en\/wp-json\/wp\/v2\/product"}],"about":[{"href":"https:\/\/adexa.ee\/en\/wp-json\/wp\/v2\/types\/product"}],"wp:featuredmedia":[{"embeddable":true,"href":"https:\/\/adexa.ee\/en\/wp-json\/wp\/v2\/media\/35337"}],"wp:attachment":[{"href":"https:\/\/adexa.ee\/en\/wp-json\/wp\/v2\/media?parent=35349"}],"wp:term":[{"taxonomy":"product_brand","embeddable":true,"href":"https:\/\/adexa.ee\/en\/wp-json\/wp\/v2\/product_brand?post=35349"},{"taxonomy":"product_cat","embeddable":true,"href":"https:\/\/adexa.ee\/en\/wp-json\/wp\/v2\/product_cat?post=35349"},{"taxonomy":"product_tag","embeddable":true,"href":"https:\/\/adexa.ee\/en\/wp-json\/wp\/v2\/product_tag?post=35349"}],"curies":[{"name":"wp","href":"https:\/\/api.w.org\/{rel}","templated":true}]}}