{"id":35633,"date":"2026-03-30T23:55:19","date_gmt":"2026-03-30T20:55:19","guid":{"rendered":"https:\/\/adexa.ee\/toode\/kommertsiaalne-kahekordne-friteerija-10-10-liitrit-3kw-lauapealne-adexa-wh122a\/"},"modified":"2026-03-30T23:55:19","modified_gmt":"2026-03-30T20:55:19","slug":"topelt-frituur-10-10-liitrit-3kw-lauapealne-adexa-wh122a","status":"publish","type":"product","link":"https:\/\/adexa.ee\/en\/toode\/topelt-frituur-10-10-liitrit-3kw-lauapealne-adexa-wh122a\/","title":{"rendered":"Topelt frit\u00fc\u00fcr 10 + 10 liitrit 3kW lauapealne | Adexa WH122A"},"content":{"rendered":"<p>Professionaalne kahekordne s\u00fcvafriteerija suure m\u00fc\u00fcgiallahindlusega. See k\u00f5rgekvaliteediline lauapealne friteerija sobib kaubamajadele, restoranidele, kohvikutele, poodidele ja teistele v\u00e4ikestele toitlustusasutustele. Piisavalt kerge, et liigutada. Sobib ideaalselt nii kommerts- kui kodukasutuseks. 10 + 10 liitrit: Ohutuse \u00fclekuumenemise kaitse: Isolatsiooniga korvi k\u00e4epide: Temperatuur: 60c kuni 200c: 2 korvi kaasas: V\u00f5imsus: 3kW + 3kW: Korvi suurus: 210x200x150mm: Mahuti suurus: 325x265x200mm: Kaal: 6.2kg: 1.5M kaabel: Dokumendid: Kliki siia, et alla laadida kasutusjuhend: Palun vaadake jaotise &#8220;Spetsifikatsioon&#8221; all \u00fcksikasjalikku teavet.<\/p>\n<table style=\"border-collapse: collapse; width: 100%; text-align: left;\">\n<tbody>\n<tr>\n<td style=\"border: 1px solid #ddd; padding: 8px; width: 45%;\"><strong>Kaal<\/strong><\/td>\n<td style=\"border: 1px solid #ddd; padding: 8px;\">6,2 kg<\/td>\n<\/tr>\n<tr>\n<td style=\"border: 1px solid #ddd; padding: 8px; width: 45%;\"><strong>Garantii<\/strong><\/td>\n<td style=\"border: 1px solid #ddd; padding: 8px;\">12 kuu varuosade garantii<\/td>\n<\/tr>\n<tr>\n<td style=\"border: 1px solid #ddd; padding: 8px; width: 45%;\"><strong>Toiteallikas<\/strong><\/td>\n<td style=\"border: 1px solid #ddd; padding: 8px;\">230V \/ 1 faas<\/td>\n<\/tr>\n<tr>\n<td style=\"border: 1px solid #ddd; padding: 8px; width: 45%;\"><strong>V\u00f5imsus<\/strong><\/td>\n<td style=\"border: 1px solid #ddd; padding: 8px;\">3000W<\/td>\n<\/tr>\n<tr>\n<td style=\"border: 1px solid #ddd; padding: 8px; width: 45%;\"><strong>Materjal<\/strong><\/td>\n<td style=\"border: 1px solid #ddd; padding: 8px;\">Roostevaba teras<\/td>\n<\/tr>\n<tr>\n<td style=\"border: 1px solid #ddd; padding: 8px; width: 45%;\"><strong>Korvi suurus<\/strong><\/td>\n<td style=\"border: 1px solid #ddd; padding: 8px;\">210x200x150 mm<\/td>\n<\/tr>\n<tr>\n<td style=\"border: 1px solid #ddd; padding: 8px; width: 45%;\"><strong>Temperatuur<\/strong><\/td>\n<td style=\"border: 1px solid #ddd; padding: 8px;\">+60 \u00b0C kuni +200 \u00b0C<\/td>\n<\/tr>\n<tr>\n<td style=\"border: 1px solid #ddd; padding: 8px; width: 45%;\"><strong>Korvid<\/strong><\/td>\n<td style=\"border: 1px solid #ddd; padding: 8px;\">2<\/td>\n<\/tr>\n<tr>\n<td style=\"border: 1px solid #ddd; padding: 8px; width: 45%;\"><strong>Mahutavus (reservuaar)<\/strong><\/td>\n<td style=\"border: 1px solid #ddd; padding: 8px;\">2 x 10 liitrit<\/td>\n<\/tr>\n<tr>\n<td style=\"border: 1px solid #ddd; padding: 8px; width: 45%;\"><strong>M\u00f5\u00f5tmed (mahutavus)<\/strong><\/td>\n<td style=\"border: 1px solid #ddd; padding: 8px;\">325x265x200 mm<\/td>\n<\/tr>\n<\/tbody>\n<\/table>\n","protected":false},"excerpt":{"rendered":"<p>Professionaalne kahekordne s\u00fcvafriteerija suure m\u00fc\u00fcgiallahindlusega. See k\u00f5rgekvaliteediline lauapealne friteerija sobib kaubamajadele, restoranidele, kohvikutele, poodidele ja teistele v\u00e4ikestele toitlustusasutustele. Piisavalt kerge,<\/p>\n","protected":false},"featured_media":35635,"template":"","meta":[],"product_brand":[],"product_cat":[629,557,588,631],"product_tag":[],"class_list":{"0":"post-35633","1":"product","2":"type-product","3":"status-publish","4":"has-post-thumbnail","6":"product_cat-frituurid","7":"product_cat-kupsetusseadmed","8":"product_cat-kuumseadmed","9":"product_cat-lauapealsed-frituurid","11":"first","12":"instock","13":"sale","14":"taxable","15":"shipping-taxable","16":"purchasable","17":"product-type-simple"},"yoast_head":"<!-- This site is optimized with the Yoast SEO plugin v27.3 - https:\/\/yoast.com\/product\/yoast-seo-wordpress\/ -->\n<title>Topelt frit\u00fc\u00fcr 10 + 10 liitrit 3kW lauapealne | Adexa WH122A - Adexa \u2013 Suurk\u00f6\u00f6giseadmed restoranidele ja toitlustusele<\/title>\n<meta name=\"robots\" content=\"index, follow, max-snippet:-1, max-image-preview:large, max-video-preview:-1\" \/>\n<link rel=\"canonical\" href=\"https:\/\/adexa.ee\/toode\/topelt-frituur-10-10-liitrit-3kw-lauapealne-adexa-wh122a\/\" \/>\n<meta property=\"og:locale\" content=\"en_US\" \/>\n<meta property=\"og:type\" content=\"article\" \/>\n<meta property=\"og:title\" content=\"Topelt frit\u00fc\u00fcr 10 + 10 liitrit 3kW lauapealne | Adexa WH122A - Adexa \u2013 Suurk\u00f6\u00f6giseadmed restoranidele ja toitlustusele\" \/>\n<meta property=\"og:description\" content=\"Professionaalne kahekordne s\u00fcvafriteerija suure m\u00fc\u00fcgiallahindlusega. See k\u00f5rgekvaliteediline lauapealne friteerija sobib kaubamajadele, restoranidele, kohvikutele, poodidele ja teistele v\u00e4ikestele toitlustusasutustele. Piisavalt kerge,\" \/>\n<meta property=\"og:url\" content=\"https:\/\/adexa.ee\/toode\/topelt-frituur-10-10-liitrit-3kw-lauapealne-adexa-wh122a\/\" \/>\n<meta property=\"og:site_name\" content=\"Adexa \u2013 Suurk\u00f6\u00f6giseadmed restoranidele ja toitlustusele\" \/>\n<meta property=\"og:image\" content=\"https:\/\/adexa.ee\/wp-content\/uploads\/2025\/10\/WH122A-1.jpg\" \/>\n\t<meta property=\"og:image:width\" content=\"2000\" \/>\n\t<meta property=\"og:image:height\" content=\"2000\" \/>\n\t<meta property=\"og:image:type\" content=\"image\/jpeg\" \/>\n<meta name=\"twitter:card\" content=\"summary_large_image\" \/>\n<meta name=\"twitter:label1\" content=\"Est. reading time\" \/>\n\t<meta name=\"twitter:data1\" content=\"1 minute\" \/>\n<script type=\"application\/ld+json\" class=\"yoast-schema-graph\">{\"@context\":\"https:\\\/\\\/schema.org\",\"@graph\":[{\"@type\":\"WebPage\",\"@id\":\"https:\\\/\\\/adexa.ee\\\/toode\\\/topelt-frituur-10-10-liitrit-3kw-lauapealne-adexa-wh122a\\\/\",\"url\":\"https:\\\/\\\/adexa.ee\\\/toode\\\/topelt-frituur-10-10-liitrit-3kw-lauapealne-adexa-wh122a\\\/\",\"name\":\"Topelt frit\u00fc\u00fcr 10 + 10 liitrit 3kW lauapealne | Adexa WH122A - Adexa \u2013 Suurk\u00f6\u00f6giseadmed restoranidele ja toitlustusele\",\"isPartOf\":{\"@id\":\"https:\\\/\\\/adexa.ee\\\/#website\"},\"primaryImageOfPage\":{\"@id\":\"https:\\\/\\\/adexa.ee\\\/toode\\\/topelt-frituur-10-10-liitrit-3kw-lauapealne-adexa-wh122a\\\/#primaryimage\"},\"image\":{\"@id\":\"https:\\\/\\\/adexa.ee\\\/toode\\\/topelt-frituur-10-10-liitrit-3kw-lauapealne-adexa-wh122a\\\/#primaryimage\"},\"thumbnailUrl\":\"https:\\\/\\\/adexa.ee\\\/wp-content\\\/uploads\\\/2025\\\/10\\\/WH122A-1.jpg\",\"datePublished\":\"2026-03-30T20:55:19+00:00\",\"breadcrumb\":{\"@id\":\"https:\\\/\\\/adexa.ee\\\/toode\\\/topelt-frituur-10-10-liitrit-3kw-lauapealne-adexa-wh122a\\\/#breadcrumb\"},\"inLanguage\":\"en-US\",\"potentialAction\":[{\"@type\":\"ReadAction\",\"target\":[\"https:\\\/\\\/adexa.ee\\\/toode\\\/topelt-frituur-10-10-liitrit-3kw-lauapealne-adexa-wh122a\\\/\"]}]},{\"@type\":\"ImageObject\",\"inLanguage\":\"en-US\",\"@id\":\"https:\\\/\\\/adexa.ee\\\/toode\\\/topelt-frituur-10-10-liitrit-3kw-lauapealne-adexa-wh122a\\\/#primaryimage\",\"url\":\"https:\\\/\\\/adexa.ee\\\/wp-content\\\/uploads\\\/2025\\\/10\\\/WH122A-1.jpg\",\"contentUrl\":\"https:\\\/\\\/adexa.ee\\\/wp-content\\\/uploads\\\/2025\\\/10\\\/WH122A-1.jpg\",\"width\":2000,\"height\":2000},{\"@type\":\"BreadcrumbList\",\"@id\":\"https:\\\/\\\/adexa.ee\\\/toode\\\/topelt-frituur-10-10-liitrit-3kw-lauapealne-adexa-wh122a\\\/#breadcrumb\",\"itemListElement\":[{\"@type\":\"ListItem\",\"position\":1,\"name\":\"Home\",\"item\":\"https:\\\/\\\/adexa.ee\\\/\"},{\"@type\":\"ListItem\",\"position\":2,\"name\":\"Tooted\",\"item\":\"https:\\\/\\\/adexa.ee\\\/pood\\\/\"},{\"@type\":\"ListItem\",\"position\":3,\"name\":\"Topelt frit\u00fc\u00fcr 10 + 10 liitrit 3kW lauapealne | Adexa WH122A\"}]},{\"@type\":\"WebSite\",\"@id\":\"https:\\\/\\\/adexa.ee\\\/#website\",\"url\":\"https:\\\/\\\/adexa.ee\\\/\",\"name\":\"Adexa\",\"description\":\"\",\"publisher\":{\"@id\":\"https:\\\/\\\/adexa.ee\\\/#organization\"},\"potentialAction\":[{\"@type\":\"SearchAction\",\"target\":{\"@type\":\"EntryPoint\",\"urlTemplate\":\"https:\\\/\\\/adexa.ee\\\/?s={search_term_string}\"},\"query-input\":{\"@type\":\"PropertyValueSpecification\",\"valueRequired\":true,\"valueName\":\"search_term_string\"}}],\"inLanguage\":\"en-US\"},{\"@type\":\"Organization\",\"@id\":\"https:\\\/\\\/adexa.ee\\\/#organization\",\"name\":\"Adexa\",\"url\":\"https:\\\/\\\/adexa.ee\\\/\",\"logo\":{\"@type\":\"ImageObject\",\"inLanguage\":\"en-US\",\"@id\":\"https:\\\/\\\/adexa.ee\\\/#\\\/schema\\\/logo\\\/image\\\/\",\"url\":\"https:\\\/\\\/adexa.ee\\\/wp-content\\\/uploads\\\/2024\\\/04\\\/chef-cooks-working-in-professional-kitchen-2023-11-27-05-07-39-utc-scaled.jpg\",\"contentUrl\":\"https:\\\/\\\/adexa.ee\\\/wp-content\\\/uploads\\\/2024\\\/04\\\/chef-cooks-working-in-professional-kitchen-2023-11-27-05-07-39-utc-scaled.jpg\",\"width\":2560,\"height\":1708,\"caption\":\"Adexa\"},\"image\":{\"@id\":\"https:\\\/\\\/adexa.ee\\\/#\\\/schema\\\/logo\\\/image\\\/\"}}]}<\/script>\n<!-- \/ Yoast SEO plugin. -->","yoast_head_json":{"title":"Topelt frit\u00fc\u00fcr 10 + 10 liitrit 3kW lauapealne | Adexa WH122A - Adexa \u2013 Suurk\u00f6\u00f6giseadmed restoranidele ja toitlustusele","robots":{"index":"index","follow":"follow","max-snippet":"max-snippet:-1","max-image-preview":"max-image-preview:large","max-video-preview":"max-video-preview:-1"},"canonical":"https:\/\/adexa.ee\/toode\/topelt-frituur-10-10-liitrit-3kw-lauapealne-adexa-wh122a\/","og_locale":"en_US","og_type":"article","og_title":"Topelt frit\u00fc\u00fcr 10 + 10 liitrit 3kW lauapealne | Adexa WH122A - Adexa \u2013 Suurk\u00f6\u00f6giseadmed restoranidele ja toitlustusele","og_description":"Professionaalne kahekordne s\u00fcvafriteerija suure m\u00fc\u00fcgiallahindlusega. See k\u00f5rgekvaliteediline lauapealne friteerija sobib kaubamajadele, restoranidele, kohvikutele, poodidele ja teistele v\u00e4ikestele toitlustusasutustele. Piisavalt kerge,","og_url":"https:\/\/adexa.ee\/toode\/topelt-frituur-10-10-liitrit-3kw-lauapealne-adexa-wh122a\/","og_site_name":"Adexa \u2013 Suurk\u00f6\u00f6giseadmed restoranidele ja toitlustusele","og_image":[{"width":2000,"height":2000,"url":"https:\/\/adexa.ee\/wp-content\/uploads\/2025\/10\/WH122A-1.jpg","type":"image\/jpeg"}],"twitter_card":"summary_large_image","twitter_misc":{"Est. reading time":"1 minute"},"schema":{"@context":"https:\/\/schema.org","@graph":[{"@type":"WebPage","@id":"https:\/\/adexa.ee\/toode\/topelt-frituur-10-10-liitrit-3kw-lauapealne-adexa-wh122a\/","url":"https:\/\/adexa.ee\/toode\/topelt-frituur-10-10-liitrit-3kw-lauapealne-adexa-wh122a\/","name":"Topelt frit\u00fc\u00fcr 10 + 10 liitrit 3kW lauapealne | Adexa WH122A - Adexa \u2013 Suurk\u00f6\u00f6giseadmed restoranidele ja toitlustusele","isPartOf":{"@id":"https:\/\/adexa.ee\/#website"},"primaryImageOfPage":{"@id":"https:\/\/adexa.ee\/toode\/topelt-frituur-10-10-liitrit-3kw-lauapealne-adexa-wh122a\/#primaryimage"},"image":{"@id":"https:\/\/adexa.ee\/toode\/topelt-frituur-10-10-liitrit-3kw-lauapealne-adexa-wh122a\/#primaryimage"},"thumbnailUrl":"https:\/\/adexa.ee\/wp-content\/uploads\/2025\/10\/WH122A-1.jpg","datePublished":"2026-03-30T20:55:19+00:00","breadcrumb":{"@id":"https:\/\/adexa.ee\/toode\/topelt-frituur-10-10-liitrit-3kw-lauapealne-adexa-wh122a\/#breadcrumb"},"inLanguage":"en-US","potentialAction":[{"@type":"ReadAction","target":["https:\/\/adexa.ee\/toode\/topelt-frituur-10-10-liitrit-3kw-lauapealne-adexa-wh122a\/"]}]},{"@type":"ImageObject","inLanguage":"en-US","@id":"https:\/\/adexa.ee\/toode\/topelt-frituur-10-10-liitrit-3kw-lauapealne-adexa-wh122a\/#primaryimage","url":"https:\/\/adexa.ee\/wp-content\/uploads\/2025\/10\/WH122A-1.jpg","contentUrl":"https:\/\/adexa.ee\/wp-content\/uploads\/2025\/10\/WH122A-1.jpg","width":2000,"height":2000},{"@type":"BreadcrumbList","@id":"https:\/\/adexa.ee\/toode\/topelt-frituur-10-10-liitrit-3kw-lauapealne-adexa-wh122a\/#breadcrumb","itemListElement":[{"@type":"ListItem","position":1,"name":"Home","item":"https:\/\/adexa.ee\/"},{"@type":"ListItem","position":2,"name":"Tooted","item":"https:\/\/adexa.ee\/pood\/"},{"@type":"ListItem","position":3,"name":"Topelt frit\u00fc\u00fcr 10 + 10 liitrit 3kW lauapealne | Adexa WH122A"}]},{"@type":"WebSite","@id":"https:\/\/adexa.ee\/#website","url":"https:\/\/adexa.ee\/","name":"Adexa","description":"","publisher":{"@id":"https:\/\/adexa.ee\/#organization"},"potentialAction":[{"@type":"SearchAction","target":{"@type":"EntryPoint","urlTemplate":"https:\/\/adexa.ee\/?s={search_term_string}"},"query-input":{"@type":"PropertyValueSpecification","valueRequired":true,"valueName":"search_term_string"}}],"inLanguage":"en-US"},{"@type":"Organization","@id":"https:\/\/adexa.ee\/#organization","name":"Adexa","url":"https:\/\/adexa.ee\/","logo":{"@type":"ImageObject","inLanguage":"en-US","@id":"https:\/\/adexa.ee\/#\/schema\/logo\/image\/","url":"https:\/\/adexa.ee\/wp-content\/uploads\/2024\/04\/chef-cooks-working-in-professional-kitchen-2023-11-27-05-07-39-utc-scaled.jpg","contentUrl":"https:\/\/adexa.ee\/wp-content\/uploads\/2024\/04\/chef-cooks-working-in-professional-kitchen-2023-11-27-05-07-39-utc-scaled.jpg","width":2560,"height":1708,"caption":"Adexa"},"image":{"@id":"https:\/\/adexa.ee\/#\/schema\/logo\/image\/"}}]}},"_links":{"self":[{"href":"https:\/\/adexa.ee\/en\/wp-json\/wp\/v2\/product\/35633","targetHints":{"allow":["GET"]}}],"collection":[{"href":"https:\/\/adexa.ee\/en\/wp-json\/wp\/v2\/product"}],"about":[{"href":"https:\/\/adexa.ee\/en\/wp-json\/wp\/v2\/types\/product"}],"wp:featuredmedia":[{"embeddable":true,"href":"https:\/\/adexa.ee\/en\/wp-json\/wp\/v2\/media\/35635"}],"wp:attachment":[{"href":"https:\/\/adexa.ee\/en\/wp-json\/wp\/v2\/media?parent=35633"}],"wp:term":[{"taxonomy":"product_brand","embeddable":true,"href":"https:\/\/adexa.ee\/en\/wp-json\/wp\/v2\/product_brand?post=35633"},{"taxonomy":"product_cat","embeddable":true,"href":"https:\/\/adexa.ee\/en\/wp-json\/wp\/v2\/product_cat?post=35633"},{"taxonomy":"product_tag","embeddable":true,"href":"https:\/\/adexa.ee\/en\/wp-json\/wp\/v2\/product_tag?post=35633"}],"curies":[{"name":"wp","href":"https:\/\/api.w.org\/{rel}","templated":true}]}}