{"id":35637,"date":"2026-04-01T18:25:33","date_gmt":"2026-04-01T15:25:33","guid":{"rendered":"https:\/\/adexa.ee\/toode\/kaubanduslik-suvafrituur-8-liitrit-25kw-lauapealne-adexa-wh101a\/"},"modified":"2026-04-01T18:25:33","modified_gmt":"2026-04-01T15:25:33","slug":"kaubanduslik-suvafrituur-8-liitrit-25kw-lauapealne-adexa-wh101a","status":"publish","type":"product","link":"https:\/\/adexa.ee\/en\/toode\/kaubanduslik-suvafrituur-8-liitrit-25kw-lauapealne-adexa-wh101a\/","title":{"rendered":"Kaubanduslik s\u00fcvafrit\u00fc\u00fcr 8 liitrit 2,5kW lauapealne | Adexa WH101A"},"content":{"rendered":"<p>Professionaalne \u00fche paagiga s\u00fcvafrit\u00fc\u00fcr suure allahindlusega. See kvaliteetne lauapealne frit\u00fc\u00fcr sobib kebabikohtadesse, restoranidesse, kohvikutesse, poodidesse ja teistesse v\u00e4ikestesse toitlustusasutustesse. Piisavalt kerge, et seda saaks liigutada. Sobib ideaalselt nii kaubanduslikuks kui ka koduseks kasutamiseks. 8 liitrit Ohutus \u00fclekuumenemiskaitse Isolatsiooniga korvi k\u00e4epide Temperatuur: 60\u00b0C kuni 200\u00b0C 1 korv kaasas V\u00f5imsus: 2,5kW Korvi suurus: 220x200x95mm Paagi suurus: 325x265x150mm Kaal: 3,3kg 1,5M kaabel Dokumendid Kl\u00f5psake siia, et alla laadida kasutusjuhend Palun vaadake &#8216;Spetsifikatsioonide&#8217; alt \u00fcksikasjalikku teavet.<\/p>\n<table style=\"border-collapse: collapse; width: 100%; text-align: left;\">\n<tbody>\n<tr>\n<td style=\"border: 1px solid #ddd; padding: 8px; width: 45%;\"><strong>Kaal<\/strong><\/td>\n<td style=\"border: 1px solid #ddd; padding: 8px;\">3,3 kg<\/td>\n<\/tr>\n<tr>\n<td style=\"border: 1px solid #ddd; padding: 8px; width: 45%;\"><strong>Garantii<\/strong><\/td>\n<td style=\"border: 1px solid #ddd; padding: 8px;\">12 kuu varuosade garantii<\/td>\n<\/tr>\n<tr>\n<td style=\"border: 1px solid #ddd; padding: 8px; width: 45%;\"><strong>Toiteallikas<\/strong><\/td>\n<td style=\"border: 1px solid #ddd; padding: 8px;\">230 V \/ 1 faas<\/td>\n<\/tr>\n<tr>\n<td style=\"border: 1px solid #ddd; padding: 8px; width: 45%;\"><strong>V\u00f5imsus<\/strong><\/td>\n<td style=\"border: 1px solid #ddd; padding: 8px;\">2500W<\/td>\n<\/tr>\n<tr>\n<td style=\"border: 1px solid #ddd; padding: 8px; width: 45%;\"><strong>Materjal<\/strong><\/td>\n<td style=\"border: 1px solid #ddd; padding: 8px;\">Roostevaba teras<\/td>\n<\/tr>\n<tr>\n<td style=\"border: 1px solid #ddd; padding: 8px; width: 45%;\"><strong>Korvi suurus<\/strong><\/td>\n<td style=\"border: 1px solid #ddd; padding: 8px;\">220x200x95 mm<\/td>\n<\/tr>\n<tr>\n<td style=\"border: 1px solid #ddd; padding: 8px; width: 45%;\"><strong>Temperatuur<\/strong><\/td>\n<td style=\"border: 1px solid #ddd; padding: 8px;\">+60\u00b0C kuni +200\u00b0C<\/td>\n<\/tr>\n<tr>\n<td style=\"border: 1px solid #ddd; padding: 8px; width: 45%;\"><strong>Korvid<\/strong><\/td>\n<td style=\"border: 1px solid #ddd; padding: 8px;\">1<\/td>\n<\/tr>\n<tr>\n<td style=\"border: 1px solid #ddd; padding: 8px; width: 45%;\"><strong>Mahutavus (reservuaar)<\/strong><\/td>\n<td style=\"border: 1px solid #ddd; padding: 8px;\">8 liitrit<\/td>\n<\/tr>\n<tr>\n<td style=\"border: 1px solid #ddd; padding: 8px; width: 45%;\"><strong>M\u00f5\u00f5tmed (mahutavus)<\/strong><\/td>\n<td style=\"border: 1px solid #ddd; padding: 8px;\">325x265x150 mm<\/td>\n<\/tr>\n<\/tbody>\n<\/table>\n","protected":false},"excerpt":{"rendered":"<p>Professionaalne \u00fche paagiga s\u00fcvafrit\u00fc\u00fcr suure allahindlusega. See kvaliteetne lauapealne frit\u00fc\u00fcr sobib kebabikohtadesse, restoranidesse, kohvikutesse, poodidesse ja teistesse v\u00e4ikestesse toitlustusasutustesse. Piisavalt<\/p>\n","protected":false},"featured_media":35639,"template":"","meta":[],"product_brand":[],"product_cat":[629,557,588,631],"product_tag":[],"class_list":{"0":"post-35637","1":"product","2":"type-product","3":"status-publish","4":"has-post-thumbnail","6":"product_cat-frituurid","7":"product_cat-kupsetusseadmed","8":"product_cat-kuumseadmed","9":"product_cat-lauapealsed-frituurid","11":"first","12":"instock","13":"sale","14":"taxable","15":"shipping-taxable","16":"purchasable","17":"product-type-simple"},"yoast_head":"<!-- This site is optimized with the Yoast SEO plugin v27.3 - https:\/\/yoast.com\/product\/yoast-seo-wordpress\/ -->\n<title>Kaubanduslik s\u00fcvafrit\u00fc\u00fcr 8 liitrit 2,5kW lauapealne | Adexa WH101A - Adexa \u2013 Suurk\u00f6\u00f6giseadmed restoranidele ja toitlustusele<\/title>\n<meta name=\"robots\" content=\"index, follow, max-snippet:-1, max-image-preview:large, max-video-preview:-1\" \/>\n<link rel=\"canonical\" href=\"https:\/\/adexa.ee\/toode\/kaubanduslik-suvafrituur-8-liitrit-25kw-lauapealne-adexa-wh101a\/\" \/>\n<meta property=\"og:locale\" content=\"en_US\" \/>\n<meta property=\"og:type\" content=\"article\" \/>\n<meta property=\"og:title\" content=\"Kaubanduslik s\u00fcvafrit\u00fc\u00fcr 8 liitrit 2,5kW lauapealne | Adexa WH101A - Adexa \u2013 Suurk\u00f6\u00f6giseadmed restoranidele ja toitlustusele\" \/>\n<meta property=\"og:description\" content=\"Professionaalne \u00fche paagiga s\u00fcvafrit\u00fc\u00fcr suure allahindlusega. See kvaliteetne lauapealne frit\u00fc\u00fcr sobib kebabikohtadesse, restoranidesse, kohvikutesse, poodidesse ja teistesse v\u00e4ikestesse toitlustusasutustesse. Piisavalt\" \/>\n<meta property=\"og:url\" content=\"https:\/\/adexa.ee\/toode\/kaubanduslik-suvafrituur-8-liitrit-25kw-lauapealne-adexa-wh101a\/\" \/>\n<meta property=\"og:site_name\" content=\"Adexa \u2013 Suurk\u00f6\u00f6giseadmed restoranidele ja toitlustusele\" \/>\n<meta property=\"og:image\" content=\"https:\/\/adexa.ee\/wp-content\/uploads\/2025\/10\/WH101.jpg\" \/>\n\t<meta property=\"og:image:width\" content=\"1200\" \/>\n\t<meta property=\"og:image:height\" content=\"1200\" \/>\n\t<meta property=\"og:image:type\" content=\"image\/jpeg\" \/>\n<meta name=\"twitter:card\" content=\"summary_large_image\" \/>\n<meta name=\"twitter:label1\" content=\"Est. reading time\" \/>\n\t<meta name=\"twitter:data1\" content=\"1 minute\" \/>\n<script type=\"application\/ld+json\" class=\"yoast-schema-graph\">{\"@context\":\"https:\\\/\\\/schema.org\",\"@graph\":[{\"@type\":\"WebPage\",\"@id\":\"https:\\\/\\\/adexa.ee\\\/toode\\\/kaubanduslik-suvafrituur-8-liitrit-25kw-lauapealne-adexa-wh101a\\\/\",\"url\":\"https:\\\/\\\/adexa.ee\\\/toode\\\/kaubanduslik-suvafrituur-8-liitrit-25kw-lauapealne-adexa-wh101a\\\/\",\"name\":\"Kaubanduslik s\u00fcvafrit\u00fc\u00fcr 8 liitrit 2,5kW lauapealne | Adexa WH101A - Adexa \u2013 Suurk\u00f6\u00f6giseadmed restoranidele ja toitlustusele\",\"isPartOf\":{\"@id\":\"https:\\\/\\\/adexa.ee\\\/#website\"},\"primaryImageOfPage\":{\"@id\":\"https:\\\/\\\/adexa.ee\\\/toode\\\/kaubanduslik-suvafrituur-8-liitrit-25kw-lauapealne-adexa-wh101a\\\/#primaryimage\"},\"image\":{\"@id\":\"https:\\\/\\\/adexa.ee\\\/toode\\\/kaubanduslik-suvafrituur-8-liitrit-25kw-lauapealne-adexa-wh101a\\\/#primaryimage\"},\"thumbnailUrl\":\"https:\\\/\\\/adexa.ee\\\/wp-content\\\/uploads\\\/2025\\\/10\\\/WH101.jpg\",\"datePublished\":\"2026-04-01T15:25:33+00:00\",\"breadcrumb\":{\"@id\":\"https:\\\/\\\/adexa.ee\\\/toode\\\/kaubanduslik-suvafrituur-8-liitrit-25kw-lauapealne-adexa-wh101a\\\/#breadcrumb\"},\"inLanguage\":\"en-US\",\"potentialAction\":[{\"@type\":\"ReadAction\",\"target\":[\"https:\\\/\\\/adexa.ee\\\/toode\\\/kaubanduslik-suvafrituur-8-liitrit-25kw-lauapealne-adexa-wh101a\\\/\"]}]},{\"@type\":\"ImageObject\",\"inLanguage\":\"en-US\",\"@id\":\"https:\\\/\\\/adexa.ee\\\/toode\\\/kaubanduslik-suvafrituur-8-liitrit-25kw-lauapealne-adexa-wh101a\\\/#primaryimage\",\"url\":\"https:\\\/\\\/adexa.ee\\\/wp-content\\\/uploads\\\/2025\\\/10\\\/WH101.jpg\",\"contentUrl\":\"https:\\\/\\\/adexa.ee\\\/wp-content\\\/uploads\\\/2025\\\/10\\\/WH101.jpg\",\"width\":1200,\"height\":1200},{\"@type\":\"BreadcrumbList\",\"@id\":\"https:\\\/\\\/adexa.ee\\\/toode\\\/kaubanduslik-suvafrituur-8-liitrit-25kw-lauapealne-adexa-wh101a\\\/#breadcrumb\",\"itemListElement\":[{\"@type\":\"ListItem\",\"position\":1,\"name\":\"Home\",\"item\":\"https:\\\/\\\/adexa.ee\\\/\"},{\"@type\":\"ListItem\",\"position\":2,\"name\":\"Tooted\",\"item\":\"https:\\\/\\\/adexa.ee\\\/pood\\\/\"},{\"@type\":\"ListItem\",\"position\":3,\"name\":\"Kaubanduslik s\u00fcvafrit\u00fc\u00fcr 8 liitrit 2,5kW lauapealne | Adexa WH101A\"}]},{\"@type\":\"WebSite\",\"@id\":\"https:\\\/\\\/adexa.ee\\\/#website\",\"url\":\"https:\\\/\\\/adexa.ee\\\/\",\"name\":\"Adexa\",\"description\":\"\",\"publisher\":{\"@id\":\"https:\\\/\\\/adexa.ee\\\/#organization\"},\"potentialAction\":[{\"@type\":\"SearchAction\",\"target\":{\"@type\":\"EntryPoint\",\"urlTemplate\":\"https:\\\/\\\/adexa.ee\\\/?s={search_term_string}\"},\"query-input\":{\"@type\":\"PropertyValueSpecification\",\"valueRequired\":true,\"valueName\":\"search_term_string\"}}],\"inLanguage\":\"en-US\"},{\"@type\":\"Organization\",\"@id\":\"https:\\\/\\\/adexa.ee\\\/#organization\",\"name\":\"Adexa\",\"url\":\"https:\\\/\\\/adexa.ee\\\/\",\"logo\":{\"@type\":\"ImageObject\",\"inLanguage\":\"en-US\",\"@id\":\"https:\\\/\\\/adexa.ee\\\/#\\\/schema\\\/logo\\\/image\\\/\",\"url\":\"https:\\\/\\\/adexa.ee\\\/wp-content\\\/uploads\\\/2024\\\/04\\\/chef-cooks-working-in-professional-kitchen-2023-11-27-05-07-39-utc-scaled.jpg\",\"contentUrl\":\"https:\\\/\\\/adexa.ee\\\/wp-content\\\/uploads\\\/2024\\\/04\\\/chef-cooks-working-in-professional-kitchen-2023-11-27-05-07-39-utc-scaled.jpg\",\"width\":2560,\"height\":1708,\"caption\":\"Adexa\"},\"image\":{\"@id\":\"https:\\\/\\\/adexa.ee\\\/#\\\/schema\\\/logo\\\/image\\\/\"}}]}<\/script>\n<!-- \/ Yoast SEO plugin. -->","yoast_head_json":{"title":"Kaubanduslik s\u00fcvafrit\u00fc\u00fcr 8 liitrit 2,5kW lauapealne | Adexa WH101A - Adexa \u2013 Suurk\u00f6\u00f6giseadmed restoranidele ja toitlustusele","robots":{"index":"index","follow":"follow","max-snippet":"max-snippet:-1","max-image-preview":"max-image-preview:large","max-video-preview":"max-video-preview:-1"},"canonical":"https:\/\/adexa.ee\/toode\/kaubanduslik-suvafrituur-8-liitrit-25kw-lauapealne-adexa-wh101a\/","og_locale":"en_US","og_type":"article","og_title":"Kaubanduslik s\u00fcvafrit\u00fc\u00fcr 8 liitrit 2,5kW lauapealne | Adexa WH101A - Adexa \u2013 Suurk\u00f6\u00f6giseadmed restoranidele ja toitlustusele","og_description":"Professionaalne \u00fche paagiga s\u00fcvafrit\u00fc\u00fcr suure allahindlusega. See kvaliteetne lauapealne frit\u00fc\u00fcr sobib kebabikohtadesse, restoranidesse, kohvikutesse, poodidesse ja teistesse v\u00e4ikestesse toitlustusasutustesse. Piisavalt","og_url":"https:\/\/adexa.ee\/toode\/kaubanduslik-suvafrituur-8-liitrit-25kw-lauapealne-adexa-wh101a\/","og_site_name":"Adexa \u2013 Suurk\u00f6\u00f6giseadmed restoranidele ja toitlustusele","og_image":[{"width":1200,"height":1200,"url":"https:\/\/adexa.ee\/wp-content\/uploads\/2025\/10\/WH101.jpg","type":"image\/jpeg"}],"twitter_card":"summary_large_image","twitter_misc":{"Est. reading time":"1 minute"},"schema":{"@context":"https:\/\/schema.org","@graph":[{"@type":"WebPage","@id":"https:\/\/adexa.ee\/toode\/kaubanduslik-suvafrituur-8-liitrit-25kw-lauapealne-adexa-wh101a\/","url":"https:\/\/adexa.ee\/toode\/kaubanduslik-suvafrituur-8-liitrit-25kw-lauapealne-adexa-wh101a\/","name":"Kaubanduslik s\u00fcvafrit\u00fc\u00fcr 8 liitrit 2,5kW lauapealne | Adexa WH101A - Adexa \u2013 Suurk\u00f6\u00f6giseadmed restoranidele ja toitlustusele","isPartOf":{"@id":"https:\/\/adexa.ee\/#website"},"primaryImageOfPage":{"@id":"https:\/\/adexa.ee\/toode\/kaubanduslik-suvafrituur-8-liitrit-25kw-lauapealne-adexa-wh101a\/#primaryimage"},"image":{"@id":"https:\/\/adexa.ee\/toode\/kaubanduslik-suvafrituur-8-liitrit-25kw-lauapealne-adexa-wh101a\/#primaryimage"},"thumbnailUrl":"https:\/\/adexa.ee\/wp-content\/uploads\/2025\/10\/WH101.jpg","datePublished":"2026-04-01T15:25:33+00:00","breadcrumb":{"@id":"https:\/\/adexa.ee\/toode\/kaubanduslik-suvafrituur-8-liitrit-25kw-lauapealne-adexa-wh101a\/#breadcrumb"},"inLanguage":"en-US","potentialAction":[{"@type":"ReadAction","target":["https:\/\/adexa.ee\/toode\/kaubanduslik-suvafrituur-8-liitrit-25kw-lauapealne-adexa-wh101a\/"]}]},{"@type":"ImageObject","inLanguage":"en-US","@id":"https:\/\/adexa.ee\/toode\/kaubanduslik-suvafrituur-8-liitrit-25kw-lauapealne-adexa-wh101a\/#primaryimage","url":"https:\/\/adexa.ee\/wp-content\/uploads\/2025\/10\/WH101.jpg","contentUrl":"https:\/\/adexa.ee\/wp-content\/uploads\/2025\/10\/WH101.jpg","width":1200,"height":1200},{"@type":"BreadcrumbList","@id":"https:\/\/adexa.ee\/toode\/kaubanduslik-suvafrituur-8-liitrit-25kw-lauapealne-adexa-wh101a\/#breadcrumb","itemListElement":[{"@type":"ListItem","position":1,"name":"Home","item":"https:\/\/adexa.ee\/"},{"@type":"ListItem","position":2,"name":"Tooted","item":"https:\/\/adexa.ee\/pood\/"},{"@type":"ListItem","position":3,"name":"Kaubanduslik s\u00fcvafrit\u00fc\u00fcr 8 liitrit 2,5kW lauapealne | Adexa WH101A"}]},{"@type":"WebSite","@id":"https:\/\/adexa.ee\/#website","url":"https:\/\/adexa.ee\/","name":"Adexa","description":"","publisher":{"@id":"https:\/\/adexa.ee\/#organization"},"potentialAction":[{"@type":"SearchAction","target":{"@type":"EntryPoint","urlTemplate":"https:\/\/adexa.ee\/?s={search_term_string}"},"query-input":{"@type":"PropertyValueSpecification","valueRequired":true,"valueName":"search_term_string"}}],"inLanguage":"en-US"},{"@type":"Organization","@id":"https:\/\/adexa.ee\/#organization","name":"Adexa","url":"https:\/\/adexa.ee\/","logo":{"@type":"ImageObject","inLanguage":"en-US","@id":"https:\/\/adexa.ee\/#\/schema\/logo\/image\/","url":"https:\/\/adexa.ee\/wp-content\/uploads\/2024\/04\/chef-cooks-working-in-professional-kitchen-2023-11-27-05-07-39-utc-scaled.jpg","contentUrl":"https:\/\/adexa.ee\/wp-content\/uploads\/2024\/04\/chef-cooks-working-in-professional-kitchen-2023-11-27-05-07-39-utc-scaled.jpg","width":2560,"height":1708,"caption":"Adexa"},"image":{"@id":"https:\/\/adexa.ee\/#\/schema\/logo\/image\/"}}]}},"_links":{"self":[{"href":"https:\/\/adexa.ee\/en\/wp-json\/wp\/v2\/product\/35637","targetHints":{"allow":["GET"]}}],"collection":[{"href":"https:\/\/adexa.ee\/en\/wp-json\/wp\/v2\/product"}],"about":[{"href":"https:\/\/adexa.ee\/en\/wp-json\/wp\/v2\/types\/product"}],"wp:featuredmedia":[{"embeddable":true,"href":"https:\/\/adexa.ee\/en\/wp-json\/wp\/v2\/media\/35639"}],"wp:attachment":[{"href":"https:\/\/adexa.ee\/en\/wp-json\/wp\/v2\/media?parent=35637"}],"wp:term":[{"taxonomy":"product_brand","embeddable":true,"href":"https:\/\/adexa.ee\/en\/wp-json\/wp\/v2\/product_brand?post=35637"},{"taxonomy":"product_cat","embeddable":true,"href":"https:\/\/adexa.ee\/en\/wp-json\/wp\/v2\/product_cat?post=35637"},{"taxonomy":"product_tag","embeddable":true,"href":"https:\/\/adexa.ee\/en\/wp-json\/wp\/v2\/product_tag?post=35637"}],"curies":[{"name":"wp","href":"https:\/\/api.w.org\/{rel}","templated":true}]}}