{"id":35649,"date":"2026-03-27T16:15:03","date_gmt":"2026-03-27T14:15:03","guid":{"rendered":"https:\/\/adexa.ee\/toode\/kahekordne-kaubanduslik-friikartulikeetja-12-12-liitrit-3-kw-lauapealne-adexa-wh162a\/"},"modified":"2026-03-27T16:15:04","modified_gmt":"2026-03-27T14:15:04","slug":"kahene-frituur-12-12-liitrit-3-kw-lauapealne-adexa-wh162a","status":"publish","type":"product","link":"https:\/\/adexa.ee\/en\/toode\/kahene-frituur-12-12-liitrit-3-kw-lauapealne-adexa-wh162a\/","title":{"rendered":"Kahene  frit\u00fc\u00fcr 12 + 12 liitrit 3 kW lauapealne | Adexa WH162A"},"content":{"rendered":"<p>Professionaalne kahekordne friikartulikeetja suure allahindlusega. See kvaliteetne lauapealne keetja sobib kiirtoidukohtadele, restoranidele, kohvikutele, poodidele ja muudele v\u00e4iksematele toitlustusasutustele. Piisavalt kerge, et seda saaks liigutada. Sobib ideaalselt nii kaubanduslikuks kui ka koduseks kasutamiseks. 12 + 12 liitrit Ohutuskaitse \u00fclekuumenemise eest Isolatsiooniga korvi k\u00e4epide Temperatuur: 60c kuni 200c Komplektis 2 korvi V\u00f5imsus: 3kW Korvi suurus: 250x240x140mm Paagi suurus: 355x325x200mm Kaal: 10kg 1,5M kaabel Dokumentatsioon Kl\u00f5psake siin, et alla laadida kasutusjuhend. \u00dcksikasjalik teave on saadaval rubriigis &#8216;Spetsifikatsioon&#8217;.<\/p>\n<table style=\"border-collapse: collapse; width: 100%; text-align: left;\">\n<tbody>\n<tr>\n<td style=\"border: 1px solid #ddd; padding: 8px; width: 45%;\"><strong>Kaal<\/strong><\/td>\n<td style=\"border: 1px solid #ddd; padding: 8px;\">10 kg<\/td>\n<\/tr>\n<tr>\n<td style=\"border: 1px solid #ddd; padding: 8px; width: 45%;\"><strong>Garantii<\/strong><\/td>\n<td style=\"border: 1px solid #ddd; padding: 8px;\">12 kuu varuosade garantii<\/td>\n<\/tr>\n<tr>\n<td style=\"border: 1px solid #ddd; padding: 8px; width: 45%;\"><strong>Toiteallikas<\/strong><\/td>\n<td style=\"border: 1px solid #ddd; padding: 8px;\">230V \/ 1 faas<\/td>\n<\/tr>\n<tr>\n<td style=\"border: 1px solid #ddd; padding: 8px; width: 45%;\"><strong>V\u00f5imsus<\/strong><\/td>\n<td style=\"border: 1px solid #ddd; padding: 8px;\">3000W<\/td>\n<\/tr>\n<tr>\n<td style=\"border: 1px solid #ddd; padding: 8px; width: 45%;\"><strong>Materjal<\/strong><\/td>\n<td style=\"border: 1px solid #ddd; padding: 8px;\">Roostevaba teras<\/td>\n<\/tr>\n<tr>\n<td style=\"border: 1px solid #ddd; padding: 8px; width: 45%;\"><strong>Korvi suurus<\/strong><\/td>\n<td style=\"border: 1px solid #ddd; padding: 8px;\">250x240x140 mm<\/td>\n<\/tr>\n<tr>\n<td style=\"border: 1px solid #ddd; padding: 8px; width: 45%;\"><strong>Temperatuur<\/strong><\/td>\n<td style=\"border: 1px solid #ddd; padding: 8px;\">+60 \u00b0C kuni +200 \u00b0C<\/td>\n<\/tr>\n<tr>\n<td style=\"border: 1px solid #ddd; padding: 8px; width: 45%;\"><strong>Korvid<\/strong><\/td>\n<td style=\"border: 1px solid #ddd; padding: 8px;\">2<\/td>\n<\/tr>\n<tr>\n<td style=\"border: 1px solid #ddd; padding: 8px; width: 45%;\"><strong>Mahutavus (reservuaar)<\/strong><\/td>\n<td style=\"border: 1px solid #ddd; padding: 8px;\">2 x 10 liitrit<\/td>\n<\/tr>\n<tr>\n<td style=\"border: 1px solid #ddd; padding: 8px; width: 45%;\"><strong>M\u00f5\u00f5tmed (mahutavus)<\/strong><\/td>\n<td style=\"border: 1px solid #ddd; padding: 8px;\">355x325x200 mm<\/td>\n<\/tr>\n<\/tbody>\n<\/table>\n","protected":false},"excerpt":{"rendered":"<p>Professionaalne kahekordne friikartulikeetja suure allahindlusega. See kvaliteetne lauapealne keetja sobib kiirtoidukohtadele, restoranidele, kohvikutele, poodidele ja muudele v\u00e4iksematele toitlustusasutustele. Piisavalt kerge,<\/p>\n","protected":false},"featured_media":35651,"template":"","meta":[],"product_brand":[],"product_cat":[629,557,588,631,569],"product_tag":[],"class_list":{"0":"post-35649","1":"product","2":"type-product","3":"status-publish","4":"has-post-thumbnail","6":"product_cat-frituurid","7":"product_cat-kupsetusseadmed","8":"product_cat-kuumseadmed","9":"product_cat-lauapealsed-frituurid","10":"product_cat-lopumuuk","12":"first","13":"instock","14":"sale","15":"taxable","16":"shipping-taxable","17":"purchasable","18":"product-type-simple"},"yoast_head":"<!-- This site is optimized with the Yoast SEO plugin v27.3 - https:\/\/yoast.com\/product\/yoast-seo-wordpress\/ -->\n<title>Kahene frit\u00fc\u00fcr 12 + 12 liitrit 3 kW lauapealne | Adexa WH162A - Adexa \u2013 Suurk\u00f6\u00f6giseadmed restoranidele ja toitlustusele<\/title>\n<meta name=\"robots\" content=\"index, follow, max-snippet:-1, max-image-preview:large, max-video-preview:-1\" \/>\n<link rel=\"canonical\" href=\"https:\/\/adexa.ee\/toode\/kahene-frituur-12-12-liitrit-3-kw-lauapealne-adexa-wh162a\/\" \/>\n<meta property=\"og:locale\" content=\"en_US\" \/>\n<meta property=\"og:type\" content=\"article\" \/>\n<meta property=\"og:title\" content=\"Kahene frit\u00fc\u00fcr 12 + 12 liitrit 3 kW lauapealne | Adexa WH162A - Adexa \u2013 Suurk\u00f6\u00f6giseadmed restoranidele ja toitlustusele\" \/>\n<meta property=\"og:description\" content=\"Professionaalne kahekordne friikartulikeetja suure allahindlusega. See kvaliteetne lauapealne keetja sobib kiirtoidukohtadele, restoranidele, kohvikutele, poodidele ja muudele v\u00e4iksematele toitlustusasutustele. Piisavalt kerge,\" \/>\n<meta property=\"og:url\" content=\"https:\/\/adexa.ee\/toode\/kahene-frituur-12-12-liitrit-3-kw-lauapealne-adexa-wh162a\/\" \/>\n<meta property=\"og:site_name\" content=\"Adexa \u2013 Suurk\u00f6\u00f6giseadmed restoranidele ja toitlustusele\" \/>\n<meta property=\"article:modified_time\" content=\"2026-03-27T14:15:04+00:00\" \/>\n<meta property=\"og:image\" content=\"https:\/\/adexa.ee\/wp-content\/uploads\/2025\/10\/WH162A.jpg\" \/>\n\t<meta property=\"og:image:width\" content=\"2000\" \/>\n\t<meta property=\"og:image:height\" content=\"2000\" \/>\n\t<meta property=\"og:image:type\" content=\"image\/jpeg\" \/>\n<meta name=\"twitter:card\" content=\"summary_large_image\" \/>\n<meta name=\"twitter:label1\" content=\"Est. reading time\" \/>\n\t<meta name=\"twitter:data1\" content=\"1 minute\" \/>\n<script type=\"application\/ld+json\" class=\"yoast-schema-graph\">{\"@context\":\"https:\\\/\\\/schema.org\",\"@graph\":[{\"@type\":\"WebPage\",\"@id\":\"https:\\\/\\\/adexa.ee\\\/toode\\\/kahene-frituur-12-12-liitrit-3-kw-lauapealne-adexa-wh162a\\\/\",\"url\":\"https:\\\/\\\/adexa.ee\\\/toode\\\/kahene-frituur-12-12-liitrit-3-kw-lauapealne-adexa-wh162a\\\/\",\"name\":\"Kahene frit\u00fc\u00fcr 12 + 12 liitrit 3 kW lauapealne | Adexa WH162A - Adexa \u2013 Suurk\u00f6\u00f6giseadmed restoranidele ja toitlustusele\",\"isPartOf\":{\"@id\":\"https:\\\/\\\/adexa.ee\\\/#website\"},\"primaryImageOfPage\":{\"@id\":\"https:\\\/\\\/adexa.ee\\\/toode\\\/kahene-frituur-12-12-liitrit-3-kw-lauapealne-adexa-wh162a\\\/#primaryimage\"},\"image\":{\"@id\":\"https:\\\/\\\/adexa.ee\\\/toode\\\/kahene-frituur-12-12-liitrit-3-kw-lauapealne-adexa-wh162a\\\/#primaryimage\"},\"thumbnailUrl\":\"https:\\\/\\\/adexa.ee\\\/wp-content\\\/uploads\\\/2025\\\/10\\\/WH162A.jpg\",\"datePublished\":\"2026-03-27T14:15:03+00:00\",\"dateModified\":\"2026-03-27T14:15:04+00:00\",\"breadcrumb\":{\"@id\":\"https:\\\/\\\/adexa.ee\\\/toode\\\/kahene-frituur-12-12-liitrit-3-kw-lauapealne-adexa-wh162a\\\/#breadcrumb\"},\"inLanguage\":\"en-US\",\"potentialAction\":[{\"@type\":\"ReadAction\",\"target\":[\"https:\\\/\\\/adexa.ee\\\/toode\\\/kahene-frituur-12-12-liitrit-3-kw-lauapealne-adexa-wh162a\\\/\"]}]},{\"@type\":\"ImageObject\",\"inLanguage\":\"en-US\",\"@id\":\"https:\\\/\\\/adexa.ee\\\/toode\\\/kahene-frituur-12-12-liitrit-3-kw-lauapealne-adexa-wh162a\\\/#primaryimage\",\"url\":\"https:\\\/\\\/adexa.ee\\\/wp-content\\\/uploads\\\/2025\\\/10\\\/WH162A.jpg\",\"contentUrl\":\"https:\\\/\\\/adexa.ee\\\/wp-content\\\/uploads\\\/2025\\\/10\\\/WH162A.jpg\",\"width\":2000,\"height\":2000},{\"@type\":\"BreadcrumbList\",\"@id\":\"https:\\\/\\\/adexa.ee\\\/toode\\\/kahene-frituur-12-12-liitrit-3-kw-lauapealne-adexa-wh162a\\\/#breadcrumb\",\"itemListElement\":[{\"@type\":\"ListItem\",\"position\":1,\"name\":\"Home\",\"item\":\"https:\\\/\\\/adexa.ee\\\/\"},{\"@type\":\"ListItem\",\"position\":2,\"name\":\"Tooted\",\"item\":\"https:\\\/\\\/adexa.ee\\\/pood\\\/\"},{\"@type\":\"ListItem\",\"position\":3,\"name\":\"Kahene frit\u00fc\u00fcr 12 + 12 liitrit 3 kW lauapealne | Adexa WH162A\"}]},{\"@type\":\"WebSite\",\"@id\":\"https:\\\/\\\/adexa.ee\\\/#website\",\"url\":\"https:\\\/\\\/adexa.ee\\\/\",\"name\":\"Adexa\",\"description\":\"\",\"publisher\":{\"@id\":\"https:\\\/\\\/adexa.ee\\\/#organization\"},\"potentialAction\":[{\"@type\":\"SearchAction\",\"target\":{\"@type\":\"EntryPoint\",\"urlTemplate\":\"https:\\\/\\\/adexa.ee\\\/?s={search_term_string}\"},\"query-input\":{\"@type\":\"PropertyValueSpecification\",\"valueRequired\":true,\"valueName\":\"search_term_string\"}}],\"inLanguage\":\"en-US\"},{\"@type\":\"Organization\",\"@id\":\"https:\\\/\\\/adexa.ee\\\/#organization\",\"name\":\"Adexa\",\"url\":\"https:\\\/\\\/adexa.ee\\\/\",\"logo\":{\"@type\":\"ImageObject\",\"inLanguage\":\"en-US\",\"@id\":\"https:\\\/\\\/adexa.ee\\\/#\\\/schema\\\/logo\\\/image\\\/\",\"url\":\"https:\\\/\\\/adexa.ee\\\/wp-content\\\/uploads\\\/2024\\\/04\\\/chef-cooks-working-in-professional-kitchen-2023-11-27-05-07-39-utc-scaled.jpg\",\"contentUrl\":\"https:\\\/\\\/adexa.ee\\\/wp-content\\\/uploads\\\/2024\\\/04\\\/chef-cooks-working-in-professional-kitchen-2023-11-27-05-07-39-utc-scaled.jpg\",\"width\":2560,\"height\":1708,\"caption\":\"Adexa\"},\"image\":{\"@id\":\"https:\\\/\\\/adexa.ee\\\/#\\\/schema\\\/logo\\\/image\\\/\"}}]}<\/script>\n<!-- \/ Yoast SEO plugin. -->","yoast_head_json":{"title":"Kahene frit\u00fc\u00fcr 12 + 12 liitrit 3 kW lauapealne | Adexa WH162A - Adexa \u2013 Suurk\u00f6\u00f6giseadmed restoranidele ja toitlustusele","robots":{"index":"index","follow":"follow","max-snippet":"max-snippet:-1","max-image-preview":"max-image-preview:large","max-video-preview":"max-video-preview:-1"},"canonical":"https:\/\/adexa.ee\/toode\/kahene-frituur-12-12-liitrit-3-kw-lauapealne-adexa-wh162a\/","og_locale":"en_US","og_type":"article","og_title":"Kahene frit\u00fc\u00fcr 12 + 12 liitrit 3 kW lauapealne | Adexa WH162A - Adexa \u2013 Suurk\u00f6\u00f6giseadmed restoranidele ja toitlustusele","og_description":"Professionaalne kahekordne friikartulikeetja suure allahindlusega. See kvaliteetne lauapealne keetja sobib kiirtoidukohtadele, restoranidele, kohvikutele, poodidele ja muudele v\u00e4iksematele toitlustusasutustele. Piisavalt kerge,","og_url":"https:\/\/adexa.ee\/toode\/kahene-frituur-12-12-liitrit-3-kw-lauapealne-adexa-wh162a\/","og_site_name":"Adexa \u2013 Suurk\u00f6\u00f6giseadmed restoranidele ja toitlustusele","article_modified_time":"2026-03-27T14:15:04+00:00","og_image":[{"width":2000,"height":2000,"url":"https:\/\/adexa.ee\/wp-content\/uploads\/2025\/10\/WH162A.jpg","type":"image\/jpeg"}],"twitter_card":"summary_large_image","twitter_misc":{"Est. reading time":"1 minute"},"schema":{"@context":"https:\/\/schema.org","@graph":[{"@type":"WebPage","@id":"https:\/\/adexa.ee\/toode\/kahene-frituur-12-12-liitrit-3-kw-lauapealne-adexa-wh162a\/","url":"https:\/\/adexa.ee\/toode\/kahene-frituur-12-12-liitrit-3-kw-lauapealne-adexa-wh162a\/","name":"Kahene frit\u00fc\u00fcr 12 + 12 liitrit 3 kW lauapealne | Adexa WH162A - Adexa \u2013 Suurk\u00f6\u00f6giseadmed restoranidele ja toitlustusele","isPartOf":{"@id":"https:\/\/adexa.ee\/#website"},"primaryImageOfPage":{"@id":"https:\/\/adexa.ee\/toode\/kahene-frituur-12-12-liitrit-3-kw-lauapealne-adexa-wh162a\/#primaryimage"},"image":{"@id":"https:\/\/adexa.ee\/toode\/kahene-frituur-12-12-liitrit-3-kw-lauapealne-adexa-wh162a\/#primaryimage"},"thumbnailUrl":"https:\/\/adexa.ee\/wp-content\/uploads\/2025\/10\/WH162A.jpg","datePublished":"2026-03-27T14:15:03+00:00","dateModified":"2026-03-27T14:15:04+00:00","breadcrumb":{"@id":"https:\/\/adexa.ee\/toode\/kahene-frituur-12-12-liitrit-3-kw-lauapealne-adexa-wh162a\/#breadcrumb"},"inLanguage":"en-US","potentialAction":[{"@type":"ReadAction","target":["https:\/\/adexa.ee\/toode\/kahene-frituur-12-12-liitrit-3-kw-lauapealne-adexa-wh162a\/"]}]},{"@type":"ImageObject","inLanguage":"en-US","@id":"https:\/\/adexa.ee\/toode\/kahene-frituur-12-12-liitrit-3-kw-lauapealne-adexa-wh162a\/#primaryimage","url":"https:\/\/adexa.ee\/wp-content\/uploads\/2025\/10\/WH162A.jpg","contentUrl":"https:\/\/adexa.ee\/wp-content\/uploads\/2025\/10\/WH162A.jpg","width":2000,"height":2000},{"@type":"BreadcrumbList","@id":"https:\/\/adexa.ee\/toode\/kahene-frituur-12-12-liitrit-3-kw-lauapealne-adexa-wh162a\/#breadcrumb","itemListElement":[{"@type":"ListItem","position":1,"name":"Home","item":"https:\/\/adexa.ee\/"},{"@type":"ListItem","position":2,"name":"Tooted","item":"https:\/\/adexa.ee\/pood\/"},{"@type":"ListItem","position":3,"name":"Kahene frit\u00fc\u00fcr 12 + 12 liitrit 3 kW lauapealne | Adexa WH162A"}]},{"@type":"WebSite","@id":"https:\/\/adexa.ee\/#website","url":"https:\/\/adexa.ee\/","name":"Adexa","description":"","publisher":{"@id":"https:\/\/adexa.ee\/#organization"},"potentialAction":[{"@type":"SearchAction","target":{"@type":"EntryPoint","urlTemplate":"https:\/\/adexa.ee\/?s={search_term_string}"},"query-input":{"@type":"PropertyValueSpecification","valueRequired":true,"valueName":"search_term_string"}}],"inLanguage":"en-US"},{"@type":"Organization","@id":"https:\/\/adexa.ee\/#organization","name":"Adexa","url":"https:\/\/adexa.ee\/","logo":{"@type":"ImageObject","inLanguage":"en-US","@id":"https:\/\/adexa.ee\/#\/schema\/logo\/image\/","url":"https:\/\/adexa.ee\/wp-content\/uploads\/2024\/04\/chef-cooks-working-in-professional-kitchen-2023-11-27-05-07-39-utc-scaled.jpg","contentUrl":"https:\/\/adexa.ee\/wp-content\/uploads\/2024\/04\/chef-cooks-working-in-professional-kitchen-2023-11-27-05-07-39-utc-scaled.jpg","width":2560,"height":1708,"caption":"Adexa"},"image":{"@id":"https:\/\/adexa.ee\/#\/schema\/logo\/image\/"}}]}},"_links":{"self":[{"href":"https:\/\/adexa.ee\/en\/wp-json\/wp\/v2\/product\/35649","targetHints":{"allow":["GET"]}}],"collection":[{"href":"https:\/\/adexa.ee\/en\/wp-json\/wp\/v2\/product"}],"about":[{"href":"https:\/\/adexa.ee\/en\/wp-json\/wp\/v2\/types\/product"}],"wp:featuredmedia":[{"embeddable":true,"href":"https:\/\/adexa.ee\/en\/wp-json\/wp\/v2\/media\/35651"}],"wp:attachment":[{"href":"https:\/\/adexa.ee\/en\/wp-json\/wp\/v2\/media?parent=35649"}],"wp:term":[{"taxonomy":"product_brand","embeddable":true,"href":"https:\/\/adexa.ee\/en\/wp-json\/wp\/v2\/product_brand?post=35649"},{"taxonomy":"product_cat","embeddable":true,"href":"https:\/\/adexa.ee\/en\/wp-json\/wp\/v2\/product_cat?post=35649"},{"taxonomy":"product_tag","embeddable":true,"href":"https:\/\/adexa.ee\/en\/wp-json\/wp\/v2\/product_tag?post=35649"}],"curies":[{"name":"wp","href":"https:\/\/api.w.org\/{rel}","templated":true}]}}