{"id":36926,"date":"2026-03-26T12:05:12","date_gmt":"2026-03-26T10:05:12","guid":{"rendered":"https:\/\/adexa.ee\/toode\/induktsioonpliit-sisseehitatud-ja-eraldiseisev-350x350x110mm-3-5kw-adexa-c01d\/"},"modified":"2026-03-26T12:05:13","modified_gmt":"2026-03-26T10:05:13","slug":"induktsioonpliit-sisseehitatud-ja-eraldiseisev-350x350x110mm-3-5kw-adexa-c01d","status":"publish","type":"product","link":"https:\/\/adexa.ee\/en\/toode\/induktsioonpliit-sisseehitatud-ja-eraldiseisev-350x350x110mm-3-5kw-adexa-c01d\/","title":{"rendered":"Induktsioonpliit sisseehitatud ja eraldiseisev 350x350x110mm 3.5kW | Adexa C01D"},"content":{"rendered":"<p>See sisseehitatud buffet-induktsioonsoojendi on ideaalne toitude hoidmiseks banketisaalides, luksuslikel toitlustus\u00fcritustel v\u00f5i teie hotelli buffet&#8217;s! Sellel sisseehitatud induktsioonpliidil on kergesti loetav ekraan koos kuumuse indikaatortulega ja \u00fche nupuvajutusega sisse\/v\u00e4lja l\u00fcliti. Kuna see seade kasutab induktsiooni, k\u00f5rvaldab see avatud leegiga v\u00f5i paljastatud p\u00f5letiga seadme kasutamise ohud suure mahutavusega aladel. See soodustab ka jahedamat t\u00f6\u00f6keskkonda teie personalile, kui nad valmistavad maitsvaid roogasid teie k\u00fclalistele. Elektrooniline \u00fclekuumenemise kaitse Pannituvastus Automaatne v\u00e4ljal\u00fclitamise turvalisus LED-ekraan Palun vaadake \u00fcksikasjalikku teavet jaotisest &#8216;Spetsifikatsioon&#8217;.<\/p>\n<table style=\"border-collapse: collapse; width: 100%; text-align: left;\">\n<tbody>\n<tr>\n<td style=\"border: 1px solid #ddd; padding: 8px; width: 45%;\"><strong>S\u00fcgavus<\/strong><\/td>\n<td style=\"border: 1px solid #ddd; padding: 8px;\">350mm<\/td>\n<\/tr>\n<tr>\n<td style=\"border: 1px solid #ddd; padding: 8px; width: 45%;\"><strong>K\u00f5rgus<\/strong><\/td>\n<td style=\"border: 1px solid #ddd; padding: 8px;\">110 mm<\/td>\n<\/tr>\n<tr>\n<td style=\"border: 1px solid #ddd; padding: 8px; width: 45%;\"><strong>Laius<\/strong><\/td>\n<td style=\"border: 1px solid #ddd; padding: 8px;\">350mm<\/td>\n<\/tr>\n<tr>\n<td style=\"border: 1px solid #ddd; padding: 8px; width: 45%;\"><strong>Kaal<\/strong><\/td>\n<td style=\"border: 1px solid #ddd; padding: 8px;\">4,6 kg<\/td>\n<\/tr>\n<tr>\n<td style=\"border: 1px solid #ddd; padding: 8px; width: 45%;\"><strong>Garantii<\/strong><\/td>\n<td style=\"border: 1px solid #ddd; padding: 8px;\">12 kuu varuosade garantii<\/td>\n<\/tr>\n<tr>\n<td style=\"border: 1px solid #ddd; padding: 8px; width: 45%;\"><strong>T\u00fc\u00fcp<\/strong><\/td>\n<td style=\"border: 1px solid #ddd; padding: 8px;\">K\u00fclastage v\u00f5i iseseisev<\/td>\n<\/tr>\n<tr>\n<td style=\"border: 1px solid #ddd; padding: 8px; width: 45%;\"><strong>Toiteallikas<\/strong><\/td>\n<td style=\"border: 1px solid #ddd; padding: 8px;\">230V \/ 1 faas<\/td>\n<\/tr>\n<tr>\n<td style=\"border: 1px solid #ddd; padding: 8px; width: 45%;\"><strong>V\u00f5imsus<\/strong><\/td>\n<td style=\"border: 1px solid #ddd; padding: 8px;\">3500W<\/td>\n<\/tr>\n<tr>\n<td style=\"border: 1px solid #ddd; padding: 8px; width: 45%;\"><strong>Materjal<\/strong><\/td>\n<td style=\"border: 1px solid #ddd; padding: 8px;\">Roostevaba teras &#038; Poleeritud musta kristalli plaat<\/td>\n<\/tr>\n<tr>\n<td style=\"border: 1px solid #ddd; padding: 8px; width: 45%;\"><strong>M\u00f5\u00f5tmed (taldrik)<\/strong><\/td>\n<td style=\"border: 1px solid #ddd; padding: 8px;\">300&#215;300 mm<\/td>\n<\/tr>\n<tr>\n<td style=\"border: 1px solid #ddd; padding: 8px; width: 45%;\"><strong>Temperatuur<\/strong><\/td>\n<td style=\"border: 1px solid #ddd; padding: 8px;\">+60\u00b0C kuni +240\u00b0C<\/td>\n<\/tr>\n<tr>\n<td style=\"border: 1px solid #ddd; padding: 8px; width: 45%;\"><strong>Programmid<\/strong><\/td>\n<td style=\"border: 1px solid #ddd; padding: 8px;\">9 temperatuuri- ja v\u00f5imsustaset<\/td>\n<\/tr>\n<tr>\n<td style=\"border: 1px solid #ddd; padding: 8px; width: 45%;\"><strong>Kontrollid<\/strong><\/td>\n<td style=\"border: 1px solid #ddd; padding: 8px;\">Digitaalne<\/td>\n<\/tr>\n<tr>\n<td style=\"border: 1px solid #ddd; padding: 8px; width: 45%;\"><strong>Taimer<\/strong><\/td>\n<td style=\"border: 1px solid #ddd; padding: 8px;\">0 kuni 240 minutit<\/td>\n<\/tr>\n<\/tbody>\n<\/table>\n","protected":false},"excerpt":{"rendered":"<p>See sisseehitatud buffet-induktsioonsoojendi on ideaalne toitude hoidmiseks banketisaalides, luksuslikel toitlustus\u00fcritustel v\u00f5i teie hotelli buffet&#8217;s! Sellel sisseehitatud induktsioonpliidil on kergesti loetav<\/p>\n","protected":false},"featured_media":36928,"template":"","meta":[],"product_brand":[],"product_cat":[560,597,596,557,588,586,558],"product_tag":[],"class_list":{"0":"post-36926","1":"product","2":"type-product","3":"status-publish","4":"has-post-thumbnail","6":"product_cat-bufee-toidusoojendajad","7":"product_cat-induktsioon","8":"product_cat-induktsioonpliidid","9":"product_cat-kupsetusseadmed","10":"product_cat-kuumseadmed","11":"product_cat-serveerimine","12":"product_cat-toidu-soojendamine","14":"first","15":"instock","16":"sale","17":"taxable","18":"shipping-taxable","19":"purchasable","20":"product-type-simple"},"yoast_head":"<!-- This site is optimized with the Yoast SEO plugin v27.3 - https:\/\/yoast.com\/product\/yoast-seo-wordpress\/ -->\n<title>Induktsioonpliit sisseehitatud ja eraldiseisev 350x350x110mm 3.5kW | Adexa C01D - Adexa \u2013 Suurk\u00f6\u00f6giseadmed restoranidele ja toitlustusele<\/title>\n<meta name=\"robots\" content=\"index, follow, max-snippet:-1, max-image-preview:large, max-video-preview:-1\" \/>\n<link rel=\"canonical\" href=\"https:\/\/adexa.ee\/toode\/induktsioonpliit-sisseehitatud-ja-eraldiseisev-350x350x110mm-3-5kw-adexa-c01d\/\" \/>\n<meta property=\"og:locale\" content=\"en_US\" \/>\n<meta property=\"og:type\" content=\"article\" \/>\n<meta property=\"og:title\" content=\"Induktsioonpliit sisseehitatud ja eraldiseisev 350x350x110mm 3.5kW | Adexa C01D - Adexa \u2013 Suurk\u00f6\u00f6giseadmed restoranidele ja toitlustusele\" \/>\n<meta property=\"og:description\" content=\"See sisseehitatud buffet-induktsioonsoojendi on ideaalne toitude hoidmiseks banketisaalides, luksuslikel toitlustus\u00fcritustel v\u00f5i teie hotelli buffet&#8217;s! Sellel sisseehitatud induktsioonpliidil on kergesti loetav\" \/>\n<meta property=\"og:url\" content=\"https:\/\/adexa.ee\/toode\/induktsioonpliit-sisseehitatud-ja-eraldiseisev-350x350x110mm-3-5kw-adexa-c01d\/\" \/>\n<meta property=\"og:site_name\" content=\"Adexa \u2013 Suurk\u00f6\u00f6giseadmed restoranidele ja toitlustusele\" \/>\n<meta property=\"article:modified_time\" content=\"2026-03-26T10:05:13+00:00\" \/>\n<meta property=\"og:image\" content=\"https:\/\/adexa.ee\/wp-content\/uploads\/2025\/10\/C01D.jpg\" \/>\n\t<meta property=\"og:image:width\" content=\"2500\" \/>\n\t<meta property=\"og:image:height\" content=\"2500\" \/>\n\t<meta property=\"og:image:type\" content=\"image\/jpeg\" \/>\n<meta name=\"twitter:card\" content=\"summary_large_image\" \/>\n<meta name=\"twitter:label1\" content=\"Est. reading time\" \/>\n\t<meta name=\"twitter:data1\" content=\"1 minute\" \/>\n<script type=\"application\/ld+json\" class=\"yoast-schema-graph\">{\"@context\":\"https:\\\/\\\/schema.org\",\"@graph\":[{\"@type\":\"WebPage\",\"@id\":\"https:\\\/\\\/adexa.ee\\\/toode\\\/induktsioonpliit-sisseehitatud-ja-eraldiseisev-350x350x110mm-3-5kw-adexa-c01d\\\/\",\"url\":\"https:\\\/\\\/adexa.ee\\\/toode\\\/induktsioonpliit-sisseehitatud-ja-eraldiseisev-350x350x110mm-3-5kw-adexa-c01d\\\/\",\"name\":\"Induktsioonpliit sisseehitatud ja eraldiseisev 350x350x110mm 3.5kW | Adexa C01D - Adexa \u2013 Suurk\u00f6\u00f6giseadmed restoranidele ja toitlustusele\",\"isPartOf\":{\"@id\":\"https:\\\/\\\/adexa.ee\\\/#website\"},\"primaryImageOfPage\":{\"@id\":\"https:\\\/\\\/adexa.ee\\\/toode\\\/induktsioonpliit-sisseehitatud-ja-eraldiseisev-350x350x110mm-3-5kw-adexa-c01d\\\/#primaryimage\"},\"image\":{\"@id\":\"https:\\\/\\\/adexa.ee\\\/toode\\\/induktsioonpliit-sisseehitatud-ja-eraldiseisev-350x350x110mm-3-5kw-adexa-c01d\\\/#primaryimage\"},\"thumbnailUrl\":\"https:\\\/\\\/adexa.ee\\\/wp-content\\\/uploads\\\/2025\\\/10\\\/C01D.jpg\",\"datePublished\":\"2026-03-26T10:05:12+00:00\",\"dateModified\":\"2026-03-26T10:05:13+00:00\",\"breadcrumb\":{\"@id\":\"https:\\\/\\\/adexa.ee\\\/toode\\\/induktsioonpliit-sisseehitatud-ja-eraldiseisev-350x350x110mm-3-5kw-adexa-c01d\\\/#breadcrumb\"},\"inLanguage\":\"en-US\",\"potentialAction\":[{\"@type\":\"ReadAction\",\"target\":[\"https:\\\/\\\/adexa.ee\\\/toode\\\/induktsioonpliit-sisseehitatud-ja-eraldiseisev-350x350x110mm-3-5kw-adexa-c01d\\\/\"]}]},{\"@type\":\"ImageObject\",\"inLanguage\":\"en-US\",\"@id\":\"https:\\\/\\\/adexa.ee\\\/toode\\\/induktsioonpliit-sisseehitatud-ja-eraldiseisev-350x350x110mm-3-5kw-adexa-c01d\\\/#primaryimage\",\"url\":\"https:\\\/\\\/adexa.ee\\\/wp-content\\\/uploads\\\/2025\\\/10\\\/C01D.jpg\",\"contentUrl\":\"https:\\\/\\\/adexa.ee\\\/wp-content\\\/uploads\\\/2025\\\/10\\\/C01D.jpg\",\"width\":2500,\"height\":2500},{\"@type\":\"BreadcrumbList\",\"@id\":\"https:\\\/\\\/adexa.ee\\\/toode\\\/induktsioonpliit-sisseehitatud-ja-eraldiseisev-350x350x110mm-3-5kw-adexa-c01d\\\/#breadcrumb\",\"itemListElement\":[{\"@type\":\"ListItem\",\"position\":1,\"name\":\"Home\",\"item\":\"https:\\\/\\\/adexa.ee\\\/\"},{\"@type\":\"ListItem\",\"position\":2,\"name\":\"Tooted\",\"item\":\"https:\\\/\\\/adexa.ee\\\/pood\\\/\"},{\"@type\":\"ListItem\",\"position\":3,\"name\":\"Induktsioonpliit sisseehitatud ja eraldiseisev 350x350x110mm 3.5kW | Adexa C01D\"}]},{\"@type\":\"WebSite\",\"@id\":\"https:\\\/\\\/adexa.ee\\\/#website\",\"url\":\"https:\\\/\\\/adexa.ee\\\/\",\"name\":\"Adexa\",\"description\":\"\",\"publisher\":{\"@id\":\"https:\\\/\\\/adexa.ee\\\/#organization\"},\"potentialAction\":[{\"@type\":\"SearchAction\",\"target\":{\"@type\":\"EntryPoint\",\"urlTemplate\":\"https:\\\/\\\/adexa.ee\\\/?s={search_term_string}\"},\"query-input\":{\"@type\":\"PropertyValueSpecification\",\"valueRequired\":true,\"valueName\":\"search_term_string\"}}],\"inLanguage\":\"en-US\"},{\"@type\":\"Organization\",\"@id\":\"https:\\\/\\\/adexa.ee\\\/#organization\",\"name\":\"Adexa\",\"url\":\"https:\\\/\\\/adexa.ee\\\/\",\"logo\":{\"@type\":\"ImageObject\",\"inLanguage\":\"en-US\",\"@id\":\"https:\\\/\\\/adexa.ee\\\/#\\\/schema\\\/logo\\\/image\\\/\",\"url\":\"https:\\\/\\\/adexa.ee\\\/wp-content\\\/uploads\\\/2024\\\/04\\\/chef-cooks-working-in-professional-kitchen-2023-11-27-05-07-39-utc-scaled.jpg\",\"contentUrl\":\"https:\\\/\\\/adexa.ee\\\/wp-content\\\/uploads\\\/2024\\\/04\\\/chef-cooks-working-in-professional-kitchen-2023-11-27-05-07-39-utc-scaled.jpg\",\"width\":2560,\"height\":1708,\"caption\":\"Adexa\"},\"image\":{\"@id\":\"https:\\\/\\\/adexa.ee\\\/#\\\/schema\\\/logo\\\/image\\\/\"}}]}<\/script>\n<!-- \/ Yoast SEO plugin. -->","yoast_head_json":{"title":"Induktsioonpliit sisseehitatud ja eraldiseisev 350x350x110mm 3.5kW | Adexa C01D - Adexa \u2013 Suurk\u00f6\u00f6giseadmed restoranidele ja toitlustusele","robots":{"index":"index","follow":"follow","max-snippet":"max-snippet:-1","max-image-preview":"max-image-preview:large","max-video-preview":"max-video-preview:-1"},"canonical":"https:\/\/adexa.ee\/toode\/induktsioonpliit-sisseehitatud-ja-eraldiseisev-350x350x110mm-3-5kw-adexa-c01d\/","og_locale":"en_US","og_type":"article","og_title":"Induktsioonpliit sisseehitatud ja eraldiseisev 350x350x110mm 3.5kW | Adexa C01D - Adexa \u2013 Suurk\u00f6\u00f6giseadmed restoranidele ja toitlustusele","og_description":"See sisseehitatud buffet-induktsioonsoojendi on ideaalne toitude hoidmiseks banketisaalides, luksuslikel toitlustus\u00fcritustel v\u00f5i teie hotelli buffet&#8217;s! Sellel sisseehitatud induktsioonpliidil on kergesti loetav","og_url":"https:\/\/adexa.ee\/toode\/induktsioonpliit-sisseehitatud-ja-eraldiseisev-350x350x110mm-3-5kw-adexa-c01d\/","og_site_name":"Adexa \u2013 Suurk\u00f6\u00f6giseadmed restoranidele ja toitlustusele","article_modified_time":"2026-03-26T10:05:13+00:00","og_image":[{"width":2500,"height":2500,"url":"https:\/\/adexa.ee\/wp-content\/uploads\/2025\/10\/C01D.jpg","type":"image\/jpeg"}],"twitter_card":"summary_large_image","twitter_misc":{"Est. reading time":"1 minute"},"schema":{"@context":"https:\/\/schema.org","@graph":[{"@type":"WebPage","@id":"https:\/\/adexa.ee\/toode\/induktsioonpliit-sisseehitatud-ja-eraldiseisev-350x350x110mm-3-5kw-adexa-c01d\/","url":"https:\/\/adexa.ee\/toode\/induktsioonpliit-sisseehitatud-ja-eraldiseisev-350x350x110mm-3-5kw-adexa-c01d\/","name":"Induktsioonpliit sisseehitatud ja eraldiseisev 350x350x110mm 3.5kW | Adexa C01D - Adexa \u2013 Suurk\u00f6\u00f6giseadmed restoranidele ja toitlustusele","isPartOf":{"@id":"https:\/\/adexa.ee\/#website"},"primaryImageOfPage":{"@id":"https:\/\/adexa.ee\/toode\/induktsioonpliit-sisseehitatud-ja-eraldiseisev-350x350x110mm-3-5kw-adexa-c01d\/#primaryimage"},"image":{"@id":"https:\/\/adexa.ee\/toode\/induktsioonpliit-sisseehitatud-ja-eraldiseisev-350x350x110mm-3-5kw-adexa-c01d\/#primaryimage"},"thumbnailUrl":"https:\/\/adexa.ee\/wp-content\/uploads\/2025\/10\/C01D.jpg","datePublished":"2026-03-26T10:05:12+00:00","dateModified":"2026-03-26T10:05:13+00:00","breadcrumb":{"@id":"https:\/\/adexa.ee\/toode\/induktsioonpliit-sisseehitatud-ja-eraldiseisev-350x350x110mm-3-5kw-adexa-c01d\/#breadcrumb"},"inLanguage":"en-US","potentialAction":[{"@type":"ReadAction","target":["https:\/\/adexa.ee\/toode\/induktsioonpliit-sisseehitatud-ja-eraldiseisev-350x350x110mm-3-5kw-adexa-c01d\/"]}]},{"@type":"ImageObject","inLanguage":"en-US","@id":"https:\/\/adexa.ee\/toode\/induktsioonpliit-sisseehitatud-ja-eraldiseisev-350x350x110mm-3-5kw-adexa-c01d\/#primaryimage","url":"https:\/\/adexa.ee\/wp-content\/uploads\/2025\/10\/C01D.jpg","contentUrl":"https:\/\/adexa.ee\/wp-content\/uploads\/2025\/10\/C01D.jpg","width":2500,"height":2500},{"@type":"BreadcrumbList","@id":"https:\/\/adexa.ee\/toode\/induktsioonpliit-sisseehitatud-ja-eraldiseisev-350x350x110mm-3-5kw-adexa-c01d\/#breadcrumb","itemListElement":[{"@type":"ListItem","position":1,"name":"Home","item":"https:\/\/adexa.ee\/"},{"@type":"ListItem","position":2,"name":"Tooted","item":"https:\/\/adexa.ee\/pood\/"},{"@type":"ListItem","position":3,"name":"Induktsioonpliit sisseehitatud ja eraldiseisev 350x350x110mm 3.5kW | Adexa C01D"}]},{"@type":"WebSite","@id":"https:\/\/adexa.ee\/#website","url":"https:\/\/adexa.ee\/","name":"Adexa","description":"","publisher":{"@id":"https:\/\/adexa.ee\/#organization"},"potentialAction":[{"@type":"SearchAction","target":{"@type":"EntryPoint","urlTemplate":"https:\/\/adexa.ee\/?s={search_term_string}"},"query-input":{"@type":"PropertyValueSpecification","valueRequired":true,"valueName":"search_term_string"}}],"inLanguage":"en-US"},{"@type":"Organization","@id":"https:\/\/adexa.ee\/#organization","name":"Adexa","url":"https:\/\/adexa.ee\/","logo":{"@type":"ImageObject","inLanguage":"en-US","@id":"https:\/\/adexa.ee\/#\/schema\/logo\/image\/","url":"https:\/\/adexa.ee\/wp-content\/uploads\/2024\/04\/chef-cooks-working-in-professional-kitchen-2023-11-27-05-07-39-utc-scaled.jpg","contentUrl":"https:\/\/adexa.ee\/wp-content\/uploads\/2024\/04\/chef-cooks-working-in-professional-kitchen-2023-11-27-05-07-39-utc-scaled.jpg","width":2560,"height":1708,"caption":"Adexa"},"image":{"@id":"https:\/\/adexa.ee\/#\/schema\/logo\/image\/"}}]}},"_links":{"self":[{"href":"https:\/\/adexa.ee\/en\/wp-json\/wp\/v2\/product\/36926","targetHints":{"allow":["GET"]}}],"collection":[{"href":"https:\/\/adexa.ee\/en\/wp-json\/wp\/v2\/product"}],"about":[{"href":"https:\/\/adexa.ee\/en\/wp-json\/wp\/v2\/types\/product"}],"wp:featuredmedia":[{"embeddable":true,"href":"https:\/\/adexa.ee\/en\/wp-json\/wp\/v2\/media\/36928"}],"wp:attachment":[{"href":"https:\/\/adexa.ee\/en\/wp-json\/wp\/v2\/media?parent=36926"}],"wp:term":[{"taxonomy":"product_brand","embeddable":true,"href":"https:\/\/adexa.ee\/en\/wp-json\/wp\/v2\/product_brand?post=36926"},{"taxonomy":"product_cat","embeddable":true,"href":"https:\/\/adexa.ee\/en\/wp-json\/wp\/v2\/product_cat?post=36926"},{"taxonomy":"product_tag","embeddable":true,"href":"https:\/\/adexa.ee\/en\/wp-json\/wp\/v2\/product_tag?post=36926"}],"curies":[{"name":"wp","href":"https:\/\/api.w.org\/{rel}","templated":true}]}}