{"id":37108,"date":"2026-03-26T12:05:12","date_gmt":"2026-03-26T10:05:12","guid":{"rendered":"https:\/\/adexa.ee\/toode\/serveerimis-ja-soojenduspott-klaaskaanega-ja-keraamilise-sisuga-kolmekihiline-haamerdatud-pind-%e2%8c%80320x90mm-vask-adexa-e0312210m\/"},"modified":"2026-03-26T12:05:18","modified_gmt":"2026-03-26T10:05:18","slug":"serveerimis-ja-soojenduspott-klaaskaanega-ja-keraamilise-sisuga-kolmekihiline-haamerdatud-pind-%e2%8c%80320x90mm-vask-adexa-e0312210m","status":"publish","type":"product","link":"https:\/\/adexa.ee\/en\/toode\/serveerimis-ja-soojenduspott-klaaskaanega-ja-keraamilise-sisuga-kolmekihiline-haamerdatud-pind-%e2%8c%80320x90mm-vask-adexa-e0312210m\/","title":{"rendered":"Serveerimis- ja soojenduspott klaaskaanega ja keraamilise sisuga, kolmekihiline haamerdatud pind \u2300320x90mm vask | Adexa E0312210M"},"content":{"rendered":"<p>\u00dcksikasjaliku teabe saamiseks vaadake jaotist &#8220;Spetsifikatsioon&#8221;.<\/p>\n<table style=\"border-collapse: collapse; width: 100%; text-align: left;\">\n<tbody>\n<tr>\n<td style=\"border: 1px solid #ddd; padding: 8px; width: 45%;\"><strong>K\u00f5rgus<\/strong><\/td>\n<td style=\"border: 1px solid #ddd; padding: 8px;\">90 mm<\/td>\n<\/tr>\n<tr>\n<td style=\"border: 1px solid #ddd; padding: 8px; width: 45%;\"><strong>Garantii<\/strong><\/td>\n<td style=\"border: 1px solid #ddd; padding: 8px;\">12 kuu varuosade garantii<\/td>\n<\/tr>\n<tr>\n<td style=\"border: 1px solid #ddd; padding: 8px; width: 45%;\"><strong>Materjal<\/strong><\/td>\n<td style=\"border: 1px solid #ddd; padding: 8px;\">Roostevaba teras ja alumiinium<\/td>\n<\/tr>\n<tr>\n<td style=\"border: 1px solid #ddd; padding: 8px; width: 45%;\"><strong>Kaasas<\/strong><\/td>\n<td style=\"border: 1px solid #ddd; padding: 8px;\">Keraamiline siset\u00fckk<\/td>\n<\/tr>\n<tr>\n<td style=\"border: 1px solid #ddd; padding: 8px; width: 45%;\"><strong>V\u00e4rv<\/strong><\/td>\n<td style=\"border: 1px solid #ddd; padding: 8px;\">Vask<\/td>\n<\/tr>\n<tr>\n<td style=\"border: 1px solid #ddd; padding: 8px; width: 45%;\"><strong>Kaas<\/strong><\/td>\n<td style=\"border: 1px solid #ddd; padding: 8px;\">Klaaskaas<\/td>\n<\/tr>\n<tr>\n<td style=\"border: 1px solid #ddd; padding: 8px; width: 45%;\"><strong>L\u00e4bim\u00f5\u00f5t<\/strong><\/td>\n<td style=\"border: 1px solid #ddd; padding: 8px;\">320mm<\/td>\n<\/tr>\n<tr>\n<td style=\"border: 1px solid #ddd; padding: 8px; width: 45%;\"><strong>Induktsiooniga \u00fchilduv<\/strong><\/td>\n<td style=\"border: 1px solid #ddd; padding: 8px;\">Jah<\/td>\n<\/tr>\n<\/tbody>\n<\/table>\n","protected":false},"excerpt":{"rendered":"<p>\u00dcksikasjaliku teabe saamiseks vaadake jaotist &#8220;Spetsifikatsioon&#8221;. K\u00f5rgus 90 mm Garantii 12 kuu varuosade garantii Materjal Roostevaba teras ja alumiinium Kaasas<\/p>\n","protected":false},"featured_media":37110,"template":"","meta":[],"product_brand":[],"product_cat":[560,866,755,579,557,639,640,606,586,558],"product_tag":[],"class_list":{"0":"post-37108","1":"product","2":"type-product","3":"status-publish","4":"has-post-thumbnail","6":"product_cat-bufee-toidusoojendajad","7":"product_cat-kastmepotid","8":"product_cat-keedupotid-hautamispotid-ja-puljongipotid","9":"product_cat-koogitarbed-noud","10":"product_cat-kupsetusseadmed","11":"product_cat-chafing-kaaned","12":"product_cat-chafing-kaaned-toidu-soojendamine","13":"product_cat-potid-ja-pannid","14":"product_cat-serveerimine","15":"product_cat-toidu-soojendamine","17":"first","18":"instock","19":"sale","20":"taxable","21":"shipping-taxable","22":"purchasable","23":"product-type-simple"},"yoast_head":"<!-- This site is optimized with the Yoast SEO plugin v27.3 - https:\/\/yoast.com\/product\/yoast-seo-wordpress\/ -->\n<title>Serveerimis- ja soojenduspott klaaskaanega ja keraamilise sisuga, kolmekihiline haamerdatud pind \u2300320x90mm vask | Adexa E0312210M - Adexa \u2013 Suurk\u00f6\u00f6giseadmed restoranidele ja toitlustusele<\/title>\n<meta name=\"robots\" content=\"index, follow, max-snippet:-1, max-image-preview:large, max-video-preview:-1\" \/>\n<link rel=\"canonical\" href=\"https:\/\/adexa.ee\/toode\/serveerimis-ja-soojenduspott-klaaskaanega-ja-keraamilise-sisuga-kolmekihiline-haamerdatud-pind-\u2300320x90mm-vask-adexa-e0312210m\/\" \/>\n<meta property=\"og:locale\" content=\"en_US\" \/>\n<meta property=\"og:type\" content=\"article\" \/>\n<meta property=\"og:title\" content=\"Serveerimis- ja soojenduspott klaaskaanega ja keraamilise sisuga, kolmekihiline haamerdatud pind \u2300320x90mm vask | Adexa E0312210M - Adexa \u2013 Suurk\u00f6\u00f6giseadmed restoranidele ja toitlustusele\" \/>\n<meta property=\"og:description\" content=\"\u00dcksikasjaliku teabe saamiseks vaadake jaotist &#8220;Spetsifikatsioon&#8221;. K\u00f5rgus 90 mm Garantii 12 kuu varuosade garantii Materjal Roostevaba teras ja alumiinium Kaasas\" \/>\n<meta property=\"og:url\" content=\"https:\/\/adexa.ee\/toode\/serveerimis-ja-soojenduspott-klaaskaanega-ja-keraamilise-sisuga-kolmekihiline-haamerdatud-pind-\u2300320x90mm-vask-adexa-e0312210m\/\" \/>\n<meta property=\"og:site_name\" content=\"Adexa \u2013 Suurk\u00f6\u00f6giseadmed restoranidele ja toitlustusele\" \/>\n<meta property=\"article:modified_time\" content=\"2026-03-26T10:05:18+00:00\" \/>\n<meta property=\"og:image\" content=\"https:\/\/adexa.ee\/wp-content\/uploads\/2025\/10\/E0312210M.jpg\" \/>\n\t<meta property=\"og:image:width\" content=\"1500\" \/>\n\t<meta property=\"og:image:height\" content=\"1500\" \/>\n\t<meta property=\"og:image:type\" content=\"image\/jpeg\" \/>\n<meta name=\"twitter:card\" content=\"summary_large_image\" \/>\n<script type=\"application\/ld+json\" class=\"yoast-schema-graph\">{\"@context\":\"https:\\\/\\\/schema.org\",\"@graph\":[{\"@type\":\"WebPage\",\"@id\":\"https:\\\/\\\/adexa.ee\\\/toode\\\/serveerimis-ja-soojenduspott-klaaskaanega-ja-keraamilise-sisuga-kolmekihiline-haamerdatud-pind-%e2%8c%80320x90mm-vask-adexa-e0312210m\\\/\",\"url\":\"https:\\\/\\\/adexa.ee\\\/toode\\\/serveerimis-ja-soojenduspott-klaaskaanega-ja-keraamilise-sisuga-kolmekihiline-haamerdatud-pind-%e2%8c%80320x90mm-vask-adexa-e0312210m\\\/\",\"name\":\"Serveerimis- ja soojenduspott klaaskaanega ja keraamilise sisuga, kolmekihiline haamerdatud pind \u2300320x90mm vask | Adexa E0312210M - Adexa \u2013 Suurk\u00f6\u00f6giseadmed restoranidele ja toitlustusele\",\"isPartOf\":{\"@id\":\"https:\\\/\\\/adexa.ee\\\/#website\"},\"primaryImageOfPage\":{\"@id\":\"https:\\\/\\\/adexa.ee\\\/toode\\\/serveerimis-ja-soojenduspott-klaaskaanega-ja-keraamilise-sisuga-kolmekihiline-haamerdatud-pind-%e2%8c%80320x90mm-vask-adexa-e0312210m\\\/#primaryimage\"},\"image\":{\"@id\":\"https:\\\/\\\/adexa.ee\\\/toode\\\/serveerimis-ja-soojenduspott-klaaskaanega-ja-keraamilise-sisuga-kolmekihiline-haamerdatud-pind-%e2%8c%80320x90mm-vask-adexa-e0312210m\\\/#primaryimage\"},\"thumbnailUrl\":\"https:\\\/\\\/adexa.ee\\\/wp-content\\\/uploads\\\/2025\\\/10\\\/E0312210M.jpg\",\"datePublished\":\"2026-03-26T10:05:12+00:00\",\"dateModified\":\"2026-03-26T10:05:18+00:00\",\"breadcrumb\":{\"@id\":\"https:\\\/\\\/adexa.ee\\\/toode\\\/serveerimis-ja-soojenduspott-klaaskaanega-ja-keraamilise-sisuga-kolmekihiline-haamerdatud-pind-%e2%8c%80320x90mm-vask-adexa-e0312210m\\\/#breadcrumb\"},\"inLanguage\":\"en-US\",\"potentialAction\":[{\"@type\":\"ReadAction\",\"target\":[\"https:\\\/\\\/adexa.ee\\\/toode\\\/serveerimis-ja-soojenduspott-klaaskaanega-ja-keraamilise-sisuga-kolmekihiline-haamerdatud-pind-%e2%8c%80320x90mm-vask-adexa-e0312210m\\\/\"]}]},{\"@type\":\"ImageObject\",\"inLanguage\":\"en-US\",\"@id\":\"https:\\\/\\\/adexa.ee\\\/toode\\\/serveerimis-ja-soojenduspott-klaaskaanega-ja-keraamilise-sisuga-kolmekihiline-haamerdatud-pind-%e2%8c%80320x90mm-vask-adexa-e0312210m\\\/#primaryimage\",\"url\":\"https:\\\/\\\/adexa.ee\\\/wp-content\\\/uploads\\\/2025\\\/10\\\/E0312210M.jpg\",\"contentUrl\":\"https:\\\/\\\/adexa.ee\\\/wp-content\\\/uploads\\\/2025\\\/10\\\/E0312210M.jpg\",\"width\":1500,\"height\":1500},{\"@type\":\"BreadcrumbList\",\"@id\":\"https:\\\/\\\/adexa.ee\\\/toode\\\/serveerimis-ja-soojenduspott-klaaskaanega-ja-keraamilise-sisuga-kolmekihiline-haamerdatud-pind-%e2%8c%80320x90mm-vask-adexa-e0312210m\\\/#breadcrumb\",\"itemListElement\":[{\"@type\":\"ListItem\",\"position\":1,\"name\":\"Home\",\"item\":\"https:\\\/\\\/adexa.ee\\\/\"},{\"@type\":\"ListItem\",\"position\":2,\"name\":\"Tooted\",\"item\":\"https:\\\/\\\/adexa.ee\\\/pood\\\/\"},{\"@type\":\"ListItem\",\"position\":3,\"name\":\"Serveerimis- ja soojenduspott klaaskaanega ja keraamilise sisuga, kolmekihiline haamerdatud pind \u2300320x90mm vask | Adexa E0312210M\"}]},{\"@type\":\"WebSite\",\"@id\":\"https:\\\/\\\/adexa.ee\\\/#website\",\"url\":\"https:\\\/\\\/adexa.ee\\\/\",\"name\":\"Adexa\",\"description\":\"\",\"publisher\":{\"@id\":\"https:\\\/\\\/adexa.ee\\\/#organization\"},\"potentialAction\":[{\"@type\":\"SearchAction\",\"target\":{\"@type\":\"EntryPoint\",\"urlTemplate\":\"https:\\\/\\\/adexa.ee\\\/?s={search_term_string}\"},\"query-input\":{\"@type\":\"PropertyValueSpecification\",\"valueRequired\":true,\"valueName\":\"search_term_string\"}}],\"inLanguage\":\"en-US\"},{\"@type\":\"Organization\",\"@id\":\"https:\\\/\\\/adexa.ee\\\/#organization\",\"name\":\"Adexa\",\"url\":\"https:\\\/\\\/adexa.ee\\\/\",\"logo\":{\"@type\":\"ImageObject\",\"inLanguage\":\"en-US\",\"@id\":\"https:\\\/\\\/adexa.ee\\\/#\\\/schema\\\/logo\\\/image\\\/\",\"url\":\"https:\\\/\\\/adexa.ee\\\/wp-content\\\/uploads\\\/2024\\\/04\\\/chef-cooks-working-in-professional-kitchen-2023-11-27-05-07-39-utc-scaled.jpg\",\"contentUrl\":\"https:\\\/\\\/adexa.ee\\\/wp-content\\\/uploads\\\/2024\\\/04\\\/chef-cooks-working-in-professional-kitchen-2023-11-27-05-07-39-utc-scaled.jpg\",\"width\":2560,\"height\":1708,\"caption\":\"Adexa\"},\"image\":{\"@id\":\"https:\\\/\\\/adexa.ee\\\/#\\\/schema\\\/logo\\\/image\\\/\"}}]}<\/script>\n<!-- \/ Yoast SEO plugin. -->","yoast_head_json":{"title":"Serveerimis- ja soojenduspott klaaskaanega ja keraamilise sisuga, kolmekihiline haamerdatud pind \u2300320x90mm vask | Adexa E0312210M - Adexa \u2013 Suurk\u00f6\u00f6giseadmed restoranidele ja toitlustusele","robots":{"index":"index","follow":"follow","max-snippet":"max-snippet:-1","max-image-preview":"max-image-preview:large","max-video-preview":"max-video-preview:-1"},"canonical":"https:\/\/adexa.ee\/toode\/serveerimis-ja-soojenduspott-klaaskaanega-ja-keraamilise-sisuga-kolmekihiline-haamerdatud-pind-\u2300320x90mm-vask-adexa-e0312210m\/","og_locale":"en_US","og_type":"article","og_title":"Serveerimis- ja soojenduspott klaaskaanega ja keraamilise sisuga, kolmekihiline haamerdatud pind \u2300320x90mm vask | Adexa E0312210M - Adexa \u2013 Suurk\u00f6\u00f6giseadmed restoranidele ja toitlustusele","og_description":"\u00dcksikasjaliku teabe saamiseks vaadake jaotist &#8220;Spetsifikatsioon&#8221;. K\u00f5rgus 90 mm Garantii 12 kuu varuosade garantii Materjal Roostevaba teras ja alumiinium Kaasas","og_url":"https:\/\/adexa.ee\/toode\/serveerimis-ja-soojenduspott-klaaskaanega-ja-keraamilise-sisuga-kolmekihiline-haamerdatud-pind-\u2300320x90mm-vask-adexa-e0312210m\/","og_site_name":"Adexa \u2013 Suurk\u00f6\u00f6giseadmed restoranidele ja toitlustusele","article_modified_time":"2026-03-26T10:05:18+00:00","og_image":[{"width":1500,"height":1500,"url":"https:\/\/adexa.ee\/wp-content\/uploads\/2025\/10\/E0312210M.jpg","type":"image\/jpeg"}],"twitter_card":"summary_large_image","schema":{"@context":"https:\/\/schema.org","@graph":[{"@type":"WebPage","@id":"https:\/\/adexa.ee\/toode\/serveerimis-ja-soojenduspott-klaaskaanega-ja-keraamilise-sisuga-kolmekihiline-haamerdatud-pind-%e2%8c%80320x90mm-vask-adexa-e0312210m\/","url":"https:\/\/adexa.ee\/toode\/serveerimis-ja-soojenduspott-klaaskaanega-ja-keraamilise-sisuga-kolmekihiline-haamerdatud-pind-%e2%8c%80320x90mm-vask-adexa-e0312210m\/","name":"Serveerimis- ja soojenduspott klaaskaanega ja keraamilise sisuga, kolmekihiline haamerdatud pind \u2300320x90mm vask | Adexa E0312210M - Adexa \u2013 Suurk\u00f6\u00f6giseadmed restoranidele ja toitlustusele","isPartOf":{"@id":"https:\/\/adexa.ee\/#website"},"primaryImageOfPage":{"@id":"https:\/\/adexa.ee\/toode\/serveerimis-ja-soojenduspott-klaaskaanega-ja-keraamilise-sisuga-kolmekihiline-haamerdatud-pind-%e2%8c%80320x90mm-vask-adexa-e0312210m\/#primaryimage"},"image":{"@id":"https:\/\/adexa.ee\/toode\/serveerimis-ja-soojenduspott-klaaskaanega-ja-keraamilise-sisuga-kolmekihiline-haamerdatud-pind-%e2%8c%80320x90mm-vask-adexa-e0312210m\/#primaryimage"},"thumbnailUrl":"https:\/\/adexa.ee\/wp-content\/uploads\/2025\/10\/E0312210M.jpg","datePublished":"2026-03-26T10:05:12+00:00","dateModified":"2026-03-26T10:05:18+00:00","breadcrumb":{"@id":"https:\/\/adexa.ee\/toode\/serveerimis-ja-soojenduspott-klaaskaanega-ja-keraamilise-sisuga-kolmekihiline-haamerdatud-pind-%e2%8c%80320x90mm-vask-adexa-e0312210m\/#breadcrumb"},"inLanguage":"en-US","potentialAction":[{"@type":"ReadAction","target":["https:\/\/adexa.ee\/toode\/serveerimis-ja-soojenduspott-klaaskaanega-ja-keraamilise-sisuga-kolmekihiline-haamerdatud-pind-%e2%8c%80320x90mm-vask-adexa-e0312210m\/"]}]},{"@type":"ImageObject","inLanguage":"en-US","@id":"https:\/\/adexa.ee\/toode\/serveerimis-ja-soojenduspott-klaaskaanega-ja-keraamilise-sisuga-kolmekihiline-haamerdatud-pind-%e2%8c%80320x90mm-vask-adexa-e0312210m\/#primaryimage","url":"https:\/\/adexa.ee\/wp-content\/uploads\/2025\/10\/E0312210M.jpg","contentUrl":"https:\/\/adexa.ee\/wp-content\/uploads\/2025\/10\/E0312210M.jpg","width":1500,"height":1500},{"@type":"BreadcrumbList","@id":"https:\/\/adexa.ee\/toode\/serveerimis-ja-soojenduspott-klaaskaanega-ja-keraamilise-sisuga-kolmekihiline-haamerdatud-pind-%e2%8c%80320x90mm-vask-adexa-e0312210m\/#breadcrumb","itemListElement":[{"@type":"ListItem","position":1,"name":"Home","item":"https:\/\/adexa.ee\/"},{"@type":"ListItem","position":2,"name":"Tooted","item":"https:\/\/adexa.ee\/pood\/"},{"@type":"ListItem","position":3,"name":"Serveerimis- ja soojenduspott klaaskaanega ja keraamilise sisuga, kolmekihiline haamerdatud pind \u2300320x90mm vask | Adexa E0312210M"}]},{"@type":"WebSite","@id":"https:\/\/adexa.ee\/#website","url":"https:\/\/adexa.ee\/","name":"Adexa","description":"","publisher":{"@id":"https:\/\/adexa.ee\/#organization"},"potentialAction":[{"@type":"SearchAction","target":{"@type":"EntryPoint","urlTemplate":"https:\/\/adexa.ee\/?s={search_term_string}"},"query-input":{"@type":"PropertyValueSpecification","valueRequired":true,"valueName":"search_term_string"}}],"inLanguage":"en-US"},{"@type":"Organization","@id":"https:\/\/adexa.ee\/#organization","name":"Adexa","url":"https:\/\/adexa.ee\/","logo":{"@type":"ImageObject","inLanguage":"en-US","@id":"https:\/\/adexa.ee\/#\/schema\/logo\/image\/","url":"https:\/\/adexa.ee\/wp-content\/uploads\/2024\/04\/chef-cooks-working-in-professional-kitchen-2023-11-27-05-07-39-utc-scaled.jpg","contentUrl":"https:\/\/adexa.ee\/wp-content\/uploads\/2024\/04\/chef-cooks-working-in-professional-kitchen-2023-11-27-05-07-39-utc-scaled.jpg","width":2560,"height":1708,"caption":"Adexa"},"image":{"@id":"https:\/\/adexa.ee\/#\/schema\/logo\/image\/"}}]}},"_links":{"self":[{"href":"https:\/\/adexa.ee\/en\/wp-json\/wp\/v2\/product\/37108","targetHints":{"allow":["GET"]}}],"collection":[{"href":"https:\/\/adexa.ee\/en\/wp-json\/wp\/v2\/product"}],"about":[{"href":"https:\/\/adexa.ee\/en\/wp-json\/wp\/v2\/types\/product"}],"wp:featuredmedia":[{"embeddable":true,"href":"https:\/\/adexa.ee\/en\/wp-json\/wp\/v2\/media\/37110"}],"wp:attachment":[{"href":"https:\/\/adexa.ee\/en\/wp-json\/wp\/v2\/media?parent=37108"}],"wp:term":[{"taxonomy":"product_brand","embeddable":true,"href":"https:\/\/adexa.ee\/en\/wp-json\/wp\/v2\/product_brand?post=37108"},{"taxonomy":"product_cat","embeddable":true,"href":"https:\/\/adexa.ee\/en\/wp-json\/wp\/v2\/product_cat?post=37108"},{"taxonomy":"product_tag","embeddable":true,"href":"https:\/\/adexa.ee\/en\/wp-json\/wp\/v2\/product_tag?post=37108"}],"curies":[{"name":"wp","href":"https:\/\/api.w.org\/{rel}","templated":true}]}}