{"id":37185,"date":"2026-03-31T22:55:35","date_gmt":"2026-03-31T19:55:35","guid":{"rendered":"https:\/\/adexa.ee\/toode\/kaubanduslik-koogigantii-2-tasandit-roostevaba-teras-600x335x700mm-adexa-whesp603470\/"},"modified":"2026-03-31T22:55:36","modified_gmt":"2026-03-31T19:55:36","slug":"valjastustasapind-2-tasandit-roostevaba-teras-600x335x700mm-adexa-whesp603470","status":"publish","type":"product","link":"https:\/\/adexa.ee\/en\/toode\/valjastustasapind-2-tasandit-roostevaba-teras-600x335x700mm-adexa-whesp603470\/","title":{"rendered":"V\u00e4ljastustasapind 2 tasandit roostevaba teras 600x335x700mm | Adexa WHESP603470"},"content":{"rendered":"<p>Kaubanduslik restoranigantii, mis sobib ideaalselt igale professionaalsele toitlustusettev\u00f5ttele.<\/p>\n<table style=\"border-collapse: collapse; width: 100%; text-align: left;\">\n<tbody>\n<tr>\n<td style=\"border: 1px solid #ddd; padding: 8px; width: 45%;\"><strong>S\u00fcgavus<\/strong><\/td>\n<td style=\"border: 1px solid #ddd; padding: 8px;\">335mm<\/td>\n<\/tr>\n<tr>\n<td style=\"border: 1px solid #ddd; padding: 8px; width: 45%;\"><strong>K\u00f5rgus<\/strong><\/td>\n<td style=\"border: 1px solid #ddd; padding: 8px;\">700mm<\/td>\n<\/tr>\n<tr>\n<td style=\"border: 1px solid #ddd; padding: 8px; width: 45%;\"><strong>Laius<\/strong><\/td>\n<td style=\"border: 1px solid #ddd; padding: 8px;\">600mm<\/td>\n<\/tr>\n<tr>\n<td style=\"border: 1px solid #ddd; padding: 8px; width: 45%;\"><strong>Kaal<\/strong><\/td>\n<td style=\"border: 1px solid #ddd; padding: 8px;\">8,5 kg<\/td>\n<\/tr>\n<tr>\n<td style=\"border: 1px solid #ddd; padding: 8px; width: 45%;\"><strong>Garantii<\/strong><\/td>\n<td style=\"border: 1px solid #ddd; padding: 8px;\">12 kuu varuosade garantii<\/td>\n<\/tr>\n<tr>\n<td style=\"border: 1px solid #ddd; padding: 8px; width: 45%;\"><strong>Materjal<\/strong><\/td>\n<td style=\"border: 1px solid #ddd; padding: 8px;\">Roostevaba teras<\/td>\n<\/tr>\n<tr>\n<td style=\"border: 1px solid #ddd; padding: 8px; width: 45%;\"><strong>Valgustus<\/strong><\/td>\n<td style=\"border: 1px solid #ddd; padding: 8px;\">Jah<\/td>\n<\/tr>\n<\/tbody>\n<\/table>\n","protected":false},"excerpt":{"rendered":"<p>Kaubanduslik restoranigantii, mis sobib ideaalselt igale professionaalsele toitlustusettev\u00f5ttele. S\u00fcgavus 335mm K\u00f5rgus 700mm Laius 600mm Kaal 8,5 kg Garantii 12 kuu<\/p>\n","protected":false},"featured_media":37187,"template":"","meta":[],"product_brand":[],"product_cat":[987,560,703,557,671,777,572,559,558,633],"product_tag":[],"class_list":{"0":"post-37185","1":"product","2":"type-product","3":"status-publish","4":"has-post-thumbnail","6":"product_cat-ula-ja-valjastustasapinnad-2-taset","7":"product_cat-bufee-toidusoojendajad","8":"product_cat-kahe-tasememelised-valjastuspinnad","9":"product_cat-kupsetusseadmed","10":"product_cat-muud-toidu-soojendusvahendid","11":"product_cat-ribakutteseadmed","12":"product_cat-roostevabad-tooted","13":"product_cat-soojuslambid-ja-soojusribad","14":"product_cat-toidu-soojendamine","15":"product_cat-toidu-valjastamise-tasapinnad","17":"first","18":"instock","19":"sale","20":"taxable","21":"shipping-taxable","22":"purchasable","23":"product-type-simple"},"yoast_head":"<!-- This site is optimized with the Yoast SEO plugin v27.3 - https:\/\/yoast.com\/product\/yoast-seo-wordpress\/ -->\n<title>V\u00e4ljastustasapind 2 tasandit roostevaba teras 600x335x700mm | Adexa WHESP603470 - Adexa \u2013 Suurk\u00f6\u00f6giseadmed restoranidele ja toitlustusele<\/title>\n<meta name=\"robots\" content=\"index, follow, max-snippet:-1, max-image-preview:large, max-video-preview:-1\" \/>\n<link rel=\"canonical\" href=\"https:\/\/adexa.ee\/toode\/valjastustasapind-2-tasandit-roostevaba-teras-600x335x700mm-adexa-whesp603470\/\" \/>\n<meta property=\"og:locale\" content=\"en_US\" \/>\n<meta property=\"og:type\" content=\"article\" \/>\n<meta property=\"og:title\" content=\"V\u00e4ljastustasapind 2 tasandit roostevaba teras 600x335x700mm | Adexa WHESP603470 - Adexa \u2013 Suurk\u00f6\u00f6giseadmed restoranidele ja toitlustusele\" \/>\n<meta property=\"og:description\" content=\"Kaubanduslik restoranigantii, mis sobib ideaalselt igale professionaalsele toitlustusettev\u00f5ttele. S\u00fcgavus 335mm K\u00f5rgus 700mm Laius 600mm Kaal 8,5 kg Garantii 12 kuu\" \/>\n<meta property=\"og:url\" content=\"https:\/\/adexa.ee\/toode\/valjastustasapind-2-tasandit-roostevaba-teras-600x335x700mm-adexa-whesp603470\/\" \/>\n<meta property=\"og:site_name\" content=\"Adexa \u2013 Suurk\u00f6\u00f6giseadmed restoranidele ja toitlustusele\" \/>\n<meta property=\"article:modified_time\" content=\"2026-03-31T19:55:36+00:00\" \/>\n<meta property=\"og:image\" content=\"https:\/\/adexa.ee\/wp-content\/uploads\/2025\/10\/WHESP603470.jpg\" \/>\n\t<meta property=\"og:image:width\" content=\"1088\" \/>\n\t<meta property=\"og:image:height\" content=\"1088\" \/>\n\t<meta property=\"og:image:type\" content=\"image\/jpeg\" \/>\n<meta name=\"twitter:card\" content=\"summary_large_image\" \/>\n<script type=\"application\/ld+json\" class=\"yoast-schema-graph\">{\"@context\":\"https:\\\/\\\/schema.org\",\"@graph\":[{\"@type\":\"WebPage\",\"@id\":\"https:\\\/\\\/adexa.ee\\\/toode\\\/valjastustasapind-2-tasandit-roostevaba-teras-600x335x700mm-adexa-whesp603470\\\/\",\"url\":\"https:\\\/\\\/adexa.ee\\\/toode\\\/valjastustasapind-2-tasandit-roostevaba-teras-600x335x700mm-adexa-whesp603470\\\/\",\"name\":\"V\u00e4ljastustasapind 2 tasandit roostevaba teras 600x335x700mm | Adexa WHESP603470 - Adexa \u2013 Suurk\u00f6\u00f6giseadmed restoranidele ja toitlustusele\",\"isPartOf\":{\"@id\":\"https:\\\/\\\/adexa.ee\\\/#website\"},\"primaryImageOfPage\":{\"@id\":\"https:\\\/\\\/adexa.ee\\\/toode\\\/valjastustasapind-2-tasandit-roostevaba-teras-600x335x700mm-adexa-whesp603470\\\/#primaryimage\"},\"image\":{\"@id\":\"https:\\\/\\\/adexa.ee\\\/toode\\\/valjastustasapind-2-tasandit-roostevaba-teras-600x335x700mm-adexa-whesp603470\\\/#primaryimage\"},\"thumbnailUrl\":\"https:\\\/\\\/adexa.ee\\\/wp-content\\\/uploads\\\/2025\\\/10\\\/WHESP603470.jpg\",\"datePublished\":\"2026-03-31T19:55:35+00:00\",\"dateModified\":\"2026-03-31T19:55:36+00:00\",\"breadcrumb\":{\"@id\":\"https:\\\/\\\/adexa.ee\\\/toode\\\/valjastustasapind-2-tasandit-roostevaba-teras-600x335x700mm-adexa-whesp603470\\\/#breadcrumb\"},\"inLanguage\":\"en-US\",\"potentialAction\":[{\"@type\":\"ReadAction\",\"target\":[\"https:\\\/\\\/adexa.ee\\\/toode\\\/valjastustasapind-2-tasandit-roostevaba-teras-600x335x700mm-adexa-whesp603470\\\/\"]}]},{\"@type\":\"ImageObject\",\"inLanguage\":\"en-US\",\"@id\":\"https:\\\/\\\/adexa.ee\\\/toode\\\/valjastustasapind-2-tasandit-roostevaba-teras-600x335x700mm-adexa-whesp603470\\\/#primaryimage\",\"url\":\"https:\\\/\\\/adexa.ee\\\/wp-content\\\/uploads\\\/2025\\\/10\\\/WHESP603470.jpg\",\"contentUrl\":\"https:\\\/\\\/adexa.ee\\\/wp-content\\\/uploads\\\/2025\\\/10\\\/WHESP603470.jpg\",\"width\":1088,\"height\":1088},{\"@type\":\"BreadcrumbList\",\"@id\":\"https:\\\/\\\/adexa.ee\\\/toode\\\/valjastustasapind-2-tasandit-roostevaba-teras-600x335x700mm-adexa-whesp603470\\\/#breadcrumb\",\"itemListElement\":[{\"@type\":\"ListItem\",\"position\":1,\"name\":\"Home\",\"item\":\"https:\\\/\\\/adexa.ee\\\/\"},{\"@type\":\"ListItem\",\"position\":2,\"name\":\"Tooted\",\"item\":\"https:\\\/\\\/adexa.ee\\\/pood\\\/\"},{\"@type\":\"ListItem\",\"position\":3,\"name\":\"V\u00e4ljastustasapind 2 tasandit roostevaba teras 600x335x700mm | Adexa WHESP603470\"}]},{\"@type\":\"WebSite\",\"@id\":\"https:\\\/\\\/adexa.ee\\\/#website\",\"url\":\"https:\\\/\\\/adexa.ee\\\/\",\"name\":\"Adexa\",\"description\":\"\",\"publisher\":{\"@id\":\"https:\\\/\\\/adexa.ee\\\/#organization\"},\"potentialAction\":[{\"@type\":\"SearchAction\",\"target\":{\"@type\":\"EntryPoint\",\"urlTemplate\":\"https:\\\/\\\/adexa.ee\\\/?s={search_term_string}\"},\"query-input\":{\"@type\":\"PropertyValueSpecification\",\"valueRequired\":true,\"valueName\":\"search_term_string\"}}],\"inLanguage\":\"en-US\"},{\"@type\":\"Organization\",\"@id\":\"https:\\\/\\\/adexa.ee\\\/#organization\",\"name\":\"Adexa\",\"url\":\"https:\\\/\\\/adexa.ee\\\/\",\"logo\":{\"@type\":\"ImageObject\",\"inLanguage\":\"en-US\",\"@id\":\"https:\\\/\\\/adexa.ee\\\/#\\\/schema\\\/logo\\\/image\\\/\",\"url\":\"https:\\\/\\\/adexa.ee\\\/wp-content\\\/uploads\\\/2024\\\/04\\\/chef-cooks-working-in-professional-kitchen-2023-11-27-05-07-39-utc-scaled.jpg\",\"contentUrl\":\"https:\\\/\\\/adexa.ee\\\/wp-content\\\/uploads\\\/2024\\\/04\\\/chef-cooks-working-in-professional-kitchen-2023-11-27-05-07-39-utc-scaled.jpg\",\"width\":2560,\"height\":1708,\"caption\":\"Adexa\"},\"image\":{\"@id\":\"https:\\\/\\\/adexa.ee\\\/#\\\/schema\\\/logo\\\/image\\\/\"}}]}<\/script>\n<!-- \/ Yoast SEO plugin. -->","yoast_head_json":{"title":"V\u00e4ljastustasapind 2 tasandit roostevaba teras 600x335x700mm | Adexa WHESP603470 - Adexa \u2013 Suurk\u00f6\u00f6giseadmed restoranidele ja toitlustusele","robots":{"index":"index","follow":"follow","max-snippet":"max-snippet:-1","max-image-preview":"max-image-preview:large","max-video-preview":"max-video-preview:-1"},"canonical":"https:\/\/adexa.ee\/toode\/valjastustasapind-2-tasandit-roostevaba-teras-600x335x700mm-adexa-whesp603470\/","og_locale":"en_US","og_type":"article","og_title":"V\u00e4ljastustasapind 2 tasandit roostevaba teras 600x335x700mm | Adexa WHESP603470 - Adexa \u2013 Suurk\u00f6\u00f6giseadmed restoranidele ja toitlustusele","og_description":"Kaubanduslik restoranigantii, mis sobib ideaalselt igale professionaalsele toitlustusettev\u00f5ttele. S\u00fcgavus 335mm K\u00f5rgus 700mm Laius 600mm Kaal 8,5 kg Garantii 12 kuu","og_url":"https:\/\/adexa.ee\/toode\/valjastustasapind-2-tasandit-roostevaba-teras-600x335x700mm-adexa-whesp603470\/","og_site_name":"Adexa \u2013 Suurk\u00f6\u00f6giseadmed restoranidele ja toitlustusele","article_modified_time":"2026-03-31T19:55:36+00:00","og_image":[{"width":1088,"height":1088,"url":"https:\/\/adexa.ee\/wp-content\/uploads\/2025\/10\/WHESP603470.jpg","type":"image\/jpeg"}],"twitter_card":"summary_large_image","schema":{"@context":"https:\/\/schema.org","@graph":[{"@type":"WebPage","@id":"https:\/\/adexa.ee\/toode\/valjastustasapind-2-tasandit-roostevaba-teras-600x335x700mm-adexa-whesp603470\/","url":"https:\/\/adexa.ee\/toode\/valjastustasapind-2-tasandit-roostevaba-teras-600x335x700mm-adexa-whesp603470\/","name":"V\u00e4ljastustasapind 2 tasandit roostevaba teras 600x335x700mm | Adexa WHESP603470 - Adexa \u2013 Suurk\u00f6\u00f6giseadmed restoranidele ja toitlustusele","isPartOf":{"@id":"https:\/\/adexa.ee\/#website"},"primaryImageOfPage":{"@id":"https:\/\/adexa.ee\/toode\/valjastustasapind-2-tasandit-roostevaba-teras-600x335x700mm-adexa-whesp603470\/#primaryimage"},"image":{"@id":"https:\/\/adexa.ee\/toode\/valjastustasapind-2-tasandit-roostevaba-teras-600x335x700mm-adexa-whesp603470\/#primaryimage"},"thumbnailUrl":"https:\/\/adexa.ee\/wp-content\/uploads\/2025\/10\/WHESP603470.jpg","datePublished":"2026-03-31T19:55:35+00:00","dateModified":"2026-03-31T19:55:36+00:00","breadcrumb":{"@id":"https:\/\/adexa.ee\/toode\/valjastustasapind-2-tasandit-roostevaba-teras-600x335x700mm-adexa-whesp603470\/#breadcrumb"},"inLanguage":"en-US","potentialAction":[{"@type":"ReadAction","target":["https:\/\/adexa.ee\/toode\/valjastustasapind-2-tasandit-roostevaba-teras-600x335x700mm-adexa-whesp603470\/"]}]},{"@type":"ImageObject","inLanguage":"en-US","@id":"https:\/\/adexa.ee\/toode\/valjastustasapind-2-tasandit-roostevaba-teras-600x335x700mm-adexa-whesp603470\/#primaryimage","url":"https:\/\/adexa.ee\/wp-content\/uploads\/2025\/10\/WHESP603470.jpg","contentUrl":"https:\/\/adexa.ee\/wp-content\/uploads\/2025\/10\/WHESP603470.jpg","width":1088,"height":1088},{"@type":"BreadcrumbList","@id":"https:\/\/adexa.ee\/toode\/valjastustasapind-2-tasandit-roostevaba-teras-600x335x700mm-adexa-whesp603470\/#breadcrumb","itemListElement":[{"@type":"ListItem","position":1,"name":"Home","item":"https:\/\/adexa.ee\/"},{"@type":"ListItem","position":2,"name":"Tooted","item":"https:\/\/adexa.ee\/pood\/"},{"@type":"ListItem","position":3,"name":"V\u00e4ljastustasapind 2 tasandit roostevaba teras 600x335x700mm | Adexa WHESP603470"}]},{"@type":"WebSite","@id":"https:\/\/adexa.ee\/#website","url":"https:\/\/adexa.ee\/","name":"Adexa","description":"","publisher":{"@id":"https:\/\/adexa.ee\/#organization"},"potentialAction":[{"@type":"SearchAction","target":{"@type":"EntryPoint","urlTemplate":"https:\/\/adexa.ee\/?s={search_term_string}"},"query-input":{"@type":"PropertyValueSpecification","valueRequired":true,"valueName":"search_term_string"}}],"inLanguage":"en-US"},{"@type":"Organization","@id":"https:\/\/adexa.ee\/#organization","name":"Adexa","url":"https:\/\/adexa.ee\/","logo":{"@type":"ImageObject","inLanguage":"en-US","@id":"https:\/\/adexa.ee\/#\/schema\/logo\/image\/","url":"https:\/\/adexa.ee\/wp-content\/uploads\/2024\/04\/chef-cooks-working-in-professional-kitchen-2023-11-27-05-07-39-utc-scaled.jpg","contentUrl":"https:\/\/adexa.ee\/wp-content\/uploads\/2024\/04\/chef-cooks-working-in-professional-kitchen-2023-11-27-05-07-39-utc-scaled.jpg","width":2560,"height":1708,"caption":"Adexa"},"image":{"@id":"https:\/\/adexa.ee\/#\/schema\/logo\/image\/"}}]}},"_links":{"self":[{"href":"https:\/\/adexa.ee\/en\/wp-json\/wp\/v2\/product\/37185","targetHints":{"allow":["GET"]}}],"collection":[{"href":"https:\/\/adexa.ee\/en\/wp-json\/wp\/v2\/product"}],"about":[{"href":"https:\/\/adexa.ee\/en\/wp-json\/wp\/v2\/types\/product"}],"wp:featuredmedia":[{"embeddable":true,"href":"https:\/\/adexa.ee\/en\/wp-json\/wp\/v2\/media\/37187"}],"wp:attachment":[{"href":"https:\/\/adexa.ee\/en\/wp-json\/wp\/v2\/media?parent=37185"}],"wp:term":[{"taxonomy":"product_brand","embeddable":true,"href":"https:\/\/adexa.ee\/en\/wp-json\/wp\/v2\/product_brand?post=37185"},{"taxonomy":"product_cat","embeddable":true,"href":"https:\/\/adexa.ee\/en\/wp-json\/wp\/v2\/product_cat?post=37185"},{"taxonomy":"product_tag","embeddable":true,"href":"https:\/\/adexa.ee\/en\/wp-json\/wp\/v2\/product_tag?post=37185"}],"curies":[{"name":"wp","href":"https:\/\/api.w.org\/{rel}","templated":true}]}}