{"id":37191,"date":"2026-03-26T12:05:20","date_gmt":"2026-03-26T10:05:20","guid":{"rendered":"https:\/\/adexa.ee\/toode\/kaubanduslik-kraanikauss-roostevaba-teras-1570x600x900mm-2-kaussi-pritsmekaitsega-adexa-ydrst60160x2m\/"},"modified":"2026-03-26T12:05:31","modified_gmt":"2026-03-26T10:05:31","slug":"valamu-roostevaba-teras-1570x600x900mm-2-kaussi-pritsmekaitsega-adexa-ydrst60160x2m","status":"publish","type":"product","link":"https:\/\/adexa.ee\/en\/toode\/valamu-roostevaba-teras-1570x600x900mm-2-kaussi-pritsmekaitsega-adexa-ydrst60160x2m\/","title":{"rendered":"Valamu roostevaba teras 1570x600x900mm 2 kaussi pritsmekaitsega | Adexa YDRST60160X2M"},"content":{"rendered":"<p>See on suurep\u00e4rane hinna ja kvaliteedi suhtega professionaalne toitlustuskraanikauss. Raskeveokite, k\u00f5rgekvaliteediline, t\u00e4ielikult roostevabast terasest professionaalne kraanikauss, mis vastab toiduainete teeninduse ja restoranit\u00f6\u00f6stuse k\u00f5rgetele kvaliteedistandarditele. Ei mingeid tsingitud osi nagu odavatel alternatiividel turul! Roostevabast terasest struktuur 1 eelpuuritud segisti ava iga kraanikausi kohta Pole alumist riiulit Reguleeritavad jalad Vooluvastane serv Lamepakendis Palun vaadake \u00fcksikasjalikku teavet jaotises &#8220;Spetsifikatsioon&#8221;.<\/p>\n<table style=\"border-collapse: collapse; width: 100%; text-align: left;\">\n<tbody>\n<tr>\n<td style=\"border: 1px solid #ddd; padding: 8px; width: 45%;\"><strong>S\u00fcgavus<\/strong><\/td>\n<td style=\"border: 1px solid #ddd; padding: 8px;\">600mm<\/td>\n<\/tr>\n<tr>\n<td style=\"border: 1px solid #ddd; padding: 8px; width: 45%;\"><strong>K\u00f5rgus<\/strong><\/td>\n<td style=\"border: 1px solid #ddd; padding: 8px;\">900mm<\/td>\n<\/tr>\n<tr>\n<td style=\"border: 1px solid #ddd; padding: 8px; width: 45%;\"><strong>Laius<\/strong><\/td>\n<td style=\"border: 1px solid #ddd; padding: 8px;\">1570 mm<\/td>\n<\/tr>\n<tr>\n<td style=\"border: 1px solid #ddd; padding: 8px; width: 45%;\"><strong>Kaal<\/strong><\/td>\n<td style=\"border: 1px solid #ddd; padding: 8px;\">18 kg<\/td>\n<\/tr>\n<tr>\n<td style=\"border: 1px solid #ddd; padding: 8px; width: 45%;\"><strong>Garantii<\/strong><\/td>\n<td style=\"border: 1px solid #ddd; padding: 8px;\">12 kuu varuosade garantii<\/td>\n<\/tr>\n<tr>\n<td style=\"border: 1px solid #ddd; padding: 8px; width: 45%;\"><strong>Kokku panemine<\/strong><\/td>\n<td style=\"border: 1px solid #ddd; padding: 8px;\">Lahti v\u00f5etud<\/td>\n<\/tr>\n<tr>\n<td style=\"border: 1px solid #ddd; padding: 8px; width: 45%;\"><strong>S\u00fcgavus (valamu kauss)<\/strong><\/td>\n<td style=\"border: 1px solid #ddd; padding: 8px;\">450 mm<\/td>\n<\/tr>\n<tr>\n<td style=\"border: 1px solid #ddd; padding: 8px; width: 45%;\"><strong>K\u00f5rgus (valamu kauss)<\/strong><\/td>\n<td style=\"border: 1px solid #ddd; padding: 8px;\">250mm<\/td>\n<\/tr>\n<tr>\n<td style=\"border: 1px solid #ddd; padding: 8px; width: 45%;\"><strong>Laius (valamu kauss)<\/strong><\/td>\n<td style=\"border: 1px solid #ddd; padding: 8px;\">450 mm<\/td>\n<\/tr>\n<tr>\n<td style=\"border: 1px solid #ddd; padding: 8px; width: 45%;\"><strong>Alumine riiul<\/strong><\/td>\n<td style=\"border: 1px solid #ddd; padding: 8px;\">Ei<\/td>\n<\/tr>\n<tr>\n<td style=\"border: 1px solid #ddd; padding: 8px; width: 45%;\"><strong>Kausi asukoht<\/strong><\/td>\n<td style=\"border: 1px solid #ddd; padding: 8px;\">Vasak &amp; Parem<\/td>\n<\/tr>\n<tr>\n<td style=\"border: 1px solid #ddd; padding: 8px; width: 45%;\"><strong>Jalad<\/strong><\/td>\n<td style=\"border: 1px solid #ddd; padding: 8px;\">Reguleeritavad jalad<\/td>\n<\/tr>\n<tr>\n<td style=\"border: 1px solid #ddd; padding: 8px; width: 45%;\"><strong>Materjal<\/strong><\/td>\n<td style=\"border: 1px solid #ddd; padding: 8px;\">Roostevaba teras<\/td>\n<\/tr>\n<tr>\n<td style=\"border: 1px solid #ddd; padding: 8px; width: 45%;\"><strong>Kaasas<\/strong><\/td>\n<td style=\"border: 1px solid #ddd; padding: 8px;\">Drenaa\u017e ja \u00e4ravoolutoru<\/td>\n<\/tr>\n<tr>\n<td style=\"border: 1px solid #ddd; padding: 8px; width: 45%;\"><strong>Valamu kausid<\/strong><\/td>\n<td style=\"border: 1px solid #ddd; padding: 8px;\">2<\/td>\n<\/tr>\n<tr>\n<td style=\"border: 1px solid #ddd; padding: 8px; width: 45%;\"><strong>Pritsekaitse<\/strong><\/td>\n<td style=\"border: 1px solid #ddd; padding: 8px;\">100mm<\/td>\n<\/tr>\n<\/tbody>\n<\/table>\n","protected":false},"excerpt":{"rendered":"<p>See on suurep\u00e4rane hinna ja kvaliteedi suhtega professionaalne toitlustuskraanikauss. Raskeveokite, k\u00f5rgekvaliteediline, t\u00e4ielikult roostevabast terasest professionaalne kraanikauss, mis vastab toiduainete teeninduse<\/p>\n","protected":false},"featured_media":37193,"template":"","meta":[],"product_brand":[],"product_cat":[968,758,609,572,573],"product_tag":[],"class_list":{"0":"post-37191","1":"product","2":"type-product","3":"status-publish","4":"has-post-thumbnail","6":"product_cat-valamud","7":"product_cat-600-mm-kahe-valamuga","8":"product_cat-noudepesu","9":"product_cat-roostevabad-tooted","10":"product_cat-uhesed-ja-kahesed-valamud","12":"first","13":"instock","14":"sale","15":"taxable","16":"shipping-taxable","17":"purchasable","18":"product-type-simple"},"yoast_head":"<!-- This site is optimized with the Yoast SEO plugin v27.3 - https:\/\/yoast.com\/product\/yoast-seo-wordpress\/ -->\n<title>Valamu roostevaba teras 1570x600x900mm 2 kaussi pritsmekaitsega | Adexa YDRST60160X2M - Adexa \u2013 Suurk\u00f6\u00f6giseadmed restoranidele ja toitlustusele<\/title>\n<meta name=\"robots\" content=\"index, follow, max-snippet:-1, max-image-preview:large, max-video-preview:-1\" \/>\n<link rel=\"canonical\" href=\"https:\/\/adexa.ee\/toode\/valamu-roostevaba-teras-1570x600x900mm-2-kaussi-pritsmekaitsega-adexa-ydrst60160x2m\/\" \/>\n<meta property=\"og:locale\" content=\"en_US\" \/>\n<meta property=\"og:type\" content=\"article\" \/>\n<meta property=\"og:title\" content=\"Valamu roostevaba teras 1570x600x900mm 2 kaussi pritsmekaitsega | Adexa YDRST60160X2M - Adexa \u2013 Suurk\u00f6\u00f6giseadmed restoranidele ja toitlustusele\" \/>\n<meta property=\"og:description\" content=\"See on suurep\u00e4rane hinna ja kvaliteedi suhtega professionaalne toitlustuskraanikauss. Raskeveokite, k\u00f5rgekvaliteediline, t\u00e4ielikult roostevabast terasest professionaalne kraanikauss, mis vastab toiduainete teeninduse\" \/>\n<meta property=\"og:url\" content=\"https:\/\/adexa.ee\/toode\/valamu-roostevaba-teras-1570x600x900mm-2-kaussi-pritsmekaitsega-adexa-ydrst60160x2m\/\" \/>\n<meta property=\"og:site_name\" content=\"Adexa \u2013 Suurk\u00f6\u00f6giseadmed restoranidele ja toitlustusele\" \/>\n<meta property=\"article:modified_time\" content=\"2026-03-26T10:05:31+00:00\" \/>\n<meta property=\"og:image\" content=\"https:\/\/adexa.ee\/wp-content\/uploads\/2025\/10\/YDRST60160x2M.jpg\" \/>\n\t<meta property=\"og:image:width\" content=\"1416\" \/>\n\t<meta property=\"og:image:height\" content=\"1416\" \/>\n\t<meta property=\"og:image:type\" content=\"image\/jpeg\" \/>\n<meta name=\"twitter:card\" content=\"summary_large_image\" \/>\n<meta name=\"twitter:label1\" content=\"Est. reading time\" \/>\n\t<meta name=\"twitter:data1\" content=\"1 minute\" \/>\n<script type=\"application\/ld+json\" class=\"yoast-schema-graph\">{\"@context\":\"https:\\\/\\\/schema.org\",\"@graph\":[{\"@type\":\"WebPage\",\"@id\":\"https:\\\/\\\/adexa.ee\\\/toode\\\/valamu-roostevaba-teras-1570x600x900mm-2-kaussi-pritsmekaitsega-adexa-ydrst60160x2m\\\/\",\"url\":\"https:\\\/\\\/adexa.ee\\\/toode\\\/valamu-roostevaba-teras-1570x600x900mm-2-kaussi-pritsmekaitsega-adexa-ydrst60160x2m\\\/\",\"name\":\"Valamu roostevaba teras 1570x600x900mm 2 kaussi pritsmekaitsega | Adexa YDRST60160X2M - Adexa \u2013 Suurk\u00f6\u00f6giseadmed restoranidele ja toitlustusele\",\"isPartOf\":{\"@id\":\"https:\\\/\\\/adexa.ee\\\/#website\"},\"primaryImageOfPage\":{\"@id\":\"https:\\\/\\\/adexa.ee\\\/toode\\\/valamu-roostevaba-teras-1570x600x900mm-2-kaussi-pritsmekaitsega-adexa-ydrst60160x2m\\\/#primaryimage\"},\"image\":{\"@id\":\"https:\\\/\\\/adexa.ee\\\/toode\\\/valamu-roostevaba-teras-1570x600x900mm-2-kaussi-pritsmekaitsega-adexa-ydrst60160x2m\\\/#primaryimage\"},\"thumbnailUrl\":\"https:\\\/\\\/adexa.ee\\\/wp-content\\\/uploads\\\/2025\\\/10\\\/YDRST60160x2M.jpg\",\"datePublished\":\"2026-03-26T10:05:20+00:00\",\"dateModified\":\"2026-03-26T10:05:31+00:00\",\"breadcrumb\":{\"@id\":\"https:\\\/\\\/adexa.ee\\\/toode\\\/valamu-roostevaba-teras-1570x600x900mm-2-kaussi-pritsmekaitsega-adexa-ydrst60160x2m\\\/#breadcrumb\"},\"inLanguage\":\"en-US\",\"potentialAction\":[{\"@type\":\"ReadAction\",\"target\":[\"https:\\\/\\\/adexa.ee\\\/toode\\\/valamu-roostevaba-teras-1570x600x900mm-2-kaussi-pritsmekaitsega-adexa-ydrst60160x2m\\\/\"]}]},{\"@type\":\"ImageObject\",\"inLanguage\":\"en-US\",\"@id\":\"https:\\\/\\\/adexa.ee\\\/toode\\\/valamu-roostevaba-teras-1570x600x900mm-2-kaussi-pritsmekaitsega-adexa-ydrst60160x2m\\\/#primaryimage\",\"url\":\"https:\\\/\\\/adexa.ee\\\/wp-content\\\/uploads\\\/2025\\\/10\\\/YDRST60160x2M.jpg\",\"contentUrl\":\"https:\\\/\\\/adexa.ee\\\/wp-content\\\/uploads\\\/2025\\\/10\\\/YDRST60160x2M.jpg\",\"width\":1416,\"height\":1416},{\"@type\":\"BreadcrumbList\",\"@id\":\"https:\\\/\\\/adexa.ee\\\/toode\\\/valamu-roostevaba-teras-1570x600x900mm-2-kaussi-pritsmekaitsega-adexa-ydrst60160x2m\\\/#breadcrumb\",\"itemListElement\":[{\"@type\":\"ListItem\",\"position\":1,\"name\":\"Home\",\"item\":\"https:\\\/\\\/adexa.ee\\\/\"},{\"@type\":\"ListItem\",\"position\":2,\"name\":\"Tooted\",\"item\":\"https:\\\/\\\/adexa.ee\\\/pood\\\/\"},{\"@type\":\"ListItem\",\"position\":3,\"name\":\"Valamu roostevaba teras 1570x600x900mm 2 kaussi pritsmekaitsega | Adexa YDRST60160X2M\"}]},{\"@type\":\"WebSite\",\"@id\":\"https:\\\/\\\/adexa.ee\\\/#website\",\"url\":\"https:\\\/\\\/adexa.ee\\\/\",\"name\":\"Adexa\",\"description\":\"\",\"publisher\":{\"@id\":\"https:\\\/\\\/adexa.ee\\\/#organization\"},\"potentialAction\":[{\"@type\":\"SearchAction\",\"target\":{\"@type\":\"EntryPoint\",\"urlTemplate\":\"https:\\\/\\\/adexa.ee\\\/?s={search_term_string}\"},\"query-input\":{\"@type\":\"PropertyValueSpecification\",\"valueRequired\":true,\"valueName\":\"search_term_string\"}}],\"inLanguage\":\"en-US\"},{\"@type\":\"Organization\",\"@id\":\"https:\\\/\\\/adexa.ee\\\/#organization\",\"name\":\"Adexa\",\"url\":\"https:\\\/\\\/adexa.ee\\\/\",\"logo\":{\"@type\":\"ImageObject\",\"inLanguage\":\"en-US\",\"@id\":\"https:\\\/\\\/adexa.ee\\\/#\\\/schema\\\/logo\\\/image\\\/\",\"url\":\"https:\\\/\\\/adexa.ee\\\/wp-content\\\/uploads\\\/2024\\\/04\\\/chef-cooks-working-in-professional-kitchen-2023-11-27-05-07-39-utc-scaled.jpg\",\"contentUrl\":\"https:\\\/\\\/adexa.ee\\\/wp-content\\\/uploads\\\/2024\\\/04\\\/chef-cooks-working-in-professional-kitchen-2023-11-27-05-07-39-utc-scaled.jpg\",\"width\":2560,\"height\":1708,\"caption\":\"Adexa\"},\"image\":{\"@id\":\"https:\\\/\\\/adexa.ee\\\/#\\\/schema\\\/logo\\\/image\\\/\"}}]}<\/script>\n<!-- \/ Yoast SEO plugin. -->","yoast_head_json":{"title":"Valamu roostevaba teras 1570x600x900mm 2 kaussi pritsmekaitsega | Adexa YDRST60160X2M - Adexa \u2013 Suurk\u00f6\u00f6giseadmed restoranidele ja toitlustusele","robots":{"index":"index","follow":"follow","max-snippet":"max-snippet:-1","max-image-preview":"max-image-preview:large","max-video-preview":"max-video-preview:-1"},"canonical":"https:\/\/adexa.ee\/toode\/valamu-roostevaba-teras-1570x600x900mm-2-kaussi-pritsmekaitsega-adexa-ydrst60160x2m\/","og_locale":"en_US","og_type":"article","og_title":"Valamu roostevaba teras 1570x600x900mm 2 kaussi pritsmekaitsega | Adexa YDRST60160X2M - Adexa \u2013 Suurk\u00f6\u00f6giseadmed restoranidele ja toitlustusele","og_description":"See on suurep\u00e4rane hinna ja kvaliteedi suhtega professionaalne toitlustuskraanikauss. Raskeveokite, k\u00f5rgekvaliteediline, t\u00e4ielikult roostevabast terasest professionaalne kraanikauss, mis vastab toiduainete teeninduse","og_url":"https:\/\/adexa.ee\/toode\/valamu-roostevaba-teras-1570x600x900mm-2-kaussi-pritsmekaitsega-adexa-ydrst60160x2m\/","og_site_name":"Adexa \u2013 Suurk\u00f6\u00f6giseadmed restoranidele ja toitlustusele","article_modified_time":"2026-03-26T10:05:31+00:00","og_image":[{"width":1416,"height":1416,"url":"https:\/\/adexa.ee\/wp-content\/uploads\/2025\/10\/YDRST60160x2M.jpg","type":"image\/jpeg"}],"twitter_card":"summary_large_image","twitter_misc":{"Est. reading time":"1 minute"},"schema":{"@context":"https:\/\/schema.org","@graph":[{"@type":"WebPage","@id":"https:\/\/adexa.ee\/toode\/valamu-roostevaba-teras-1570x600x900mm-2-kaussi-pritsmekaitsega-adexa-ydrst60160x2m\/","url":"https:\/\/adexa.ee\/toode\/valamu-roostevaba-teras-1570x600x900mm-2-kaussi-pritsmekaitsega-adexa-ydrst60160x2m\/","name":"Valamu roostevaba teras 1570x600x900mm 2 kaussi pritsmekaitsega | Adexa YDRST60160X2M - Adexa \u2013 Suurk\u00f6\u00f6giseadmed restoranidele ja toitlustusele","isPartOf":{"@id":"https:\/\/adexa.ee\/#website"},"primaryImageOfPage":{"@id":"https:\/\/adexa.ee\/toode\/valamu-roostevaba-teras-1570x600x900mm-2-kaussi-pritsmekaitsega-adexa-ydrst60160x2m\/#primaryimage"},"image":{"@id":"https:\/\/adexa.ee\/toode\/valamu-roostevaba-teras-1570x600x900mm-2-kaussi-pritsmekaitsega-adexa-ydrst60160x2m\/#primaryimage"},"thumbnailUrl":"https:\/\/adexa.ee\/wp-content\/uploads\/2025\/10\/YDRST60160x2M.jpg","datePublished":"2026-03-26T10:05:20+00:00","dateModified":"2026-03-26T10:05:31+00:00","breadcrumb":{"@id":"https:\/\/adexa.ee\/toode\/valamu-roostevaba-teras-1570x600x900mm-2-kaussi-pritsmekaitsega-adexa-ydrst60160x2m\/#breadcrumb"},"inLanguage":"en-US","potentialAction":[{"@type":"ReadAction","target":["https:\/\/adexa.ee\/toode\/valamu-roostevaba-teras-1570x600x900mm-2-kaussi-pritsmekaitsega-adexa-ydrst60160x2m\/"]}]},{"@type":"ImageObject","inLanguage":"en-US","@id":"https:\/\/adexa.ee\/toode\/valamu-roostevaba-teras-1570x600x900mm-2-kaussi-pritsmekaitsega-adexa-ydrst60160x2m\/#primaryimage","url":"https:\/\/adexa.ee\/wp-content\/uploads\/2025\/10\/YDRST60160x2M.jpg","contentUrl":"https:\/\/adexa.ee\/wp-content\/uploads\/2025\/10\/YDRST60160x2M.jpg","width":1416,"height":1416},{"@type":"BreadcrumbList","@id":"https:\/\/adexa.ee\/toode\/valamu-roostevaba-teras-1570x600x900mm-2-kaussi-pritsmekaitsega-adexa-ydrst60160x2m\/#breadcrumb","itemListElement":[{"@type":"ListItem","position":1,"name":"Home","item":"https:\/\/adexa.ee\/"},{"@type":"ListItem","position":2,"name":"Tooted","item":"https:\/\/adexa.ee\/pood\/"},{"@type":"ListItem","position":3,"name":"Valamu roostevaba teras 1570x600x900mm 2 kaussi pritsmekaitsega | Adexa YDRST60160X2M"}]},{"@type":"WebSite","@id":"https:\/\/adexa.ee\/#website","url":"https:\/\/adexa.ee\/","name":"Adexa","description":"","publisher":{"@id":"https:\/\/adexa.ee\/#organization"},"potentialAction":[{"@type":"SearchAction","target":{"@type":"EntryPoint","urlTemplate":"https:\/\/adexa.ee\/?s={search_term_string}"},"query-input":{"@type":"PropertyValueSpecification","valueRequired":true,"valueName":"search_term_string"}}],"inLanguage":"en-US"},{"@type":"Organization","@id":"https:\/\/adexa.ee\/#organization","name":"Adexa","url":"https:\/\/adexa.ee\/","logo":{"@type":"ImageObject","inLanguage":"en-US","@id":"https:\/\/adexa.ee\/#\/schema\/logo\/image\/","url":"https:\/\/adexa.ee\/wp-content\/uploads\/2024\/04\/chef-cooks-working-in-professional-kitchen-2023-11-27-05-07-39-utc-scaled.jpg","contentUrl":"https:\/\/adexa.ee\/wp-content\/uploads\/2024\/04\/chef-cooks-working-in-professional-kitchen-2023-11-27-05-07-39-utc-scaled.jpg","width":2560,"height":1708,"caption":"Adexa"},"image":{"@id":"https:\/\/adexa.ee\/#\/schema\/logo\/image\/"}}]}},"_links":{"self":[{"href":"https:\/\/adexa.ee\/en\/wp-json\/wp\/v2\/product\/37191","targetHints":{"allow":["GET"]}}],"collection":[{"href":"https:\/\/adexa.ee\/en\/wp-json\/wp\/v2\/product"}],"about":[{"href":"https:\/\/adexa.ee\/en\/wp-json\/wp\/v2\/types\/product"}],"wp:featuredmedia":[{"embeddable":true,"href":"https:\/\/adexa.ee\/en\/wp-json\/wp\/v2\/media\/37193"}],"wp:attachment":[{"href":"https:\/\/adexa.ee\/en\/wp-json\/wp\/v2\/media?parent=37191"}],"wp:term":[{"taxonomy":"product_brand","embeddable":true,"href":"https:\/\/adexa.ee\/en\/wp-json\/wp\/v2\/product_brand?post=37191"},{"taxonomy":"product_cat","embeddable":true,"href":"https:\/\/adexa.ee\/en\/wp-json\/wp\/v2\/product_cat?post=37191"},{"taxonomy":"product_tag","embeddable":true,"href":"https:\/\/adexa.ee\/en\/wp-json\/wp\/v2\/product_tag?post=37191"}],"curies":[{"name":"wp","href":"https:\/\/api.w.org\/{rel}","templated":true}]}}