{"id":37202,"date":"2026-03-26T12:05:31","date_gmt":"2026-03-26T10:05:31","guid":{"rendered":"https:\/\/adexa.ee\/toode\/pealtlaetav-epp-isolatsiooniga-toidukandja-termokast-32-liitrit-ilma-gn1-1-pannideta-adexa-whepp\/"},"modified":"2026-03-26T12:05:32","modified_gmt":"2026-03-26T10:05:32","slug":"pealtlaetav-epp-isolatsiooniga-toidukandja-termokast-32-liitrit-ilma-gn1-1-pannideta-adexa-whepp","status":"publish","type":"product","link":"https:\/\/adexa.ee\/en\/toode\/pealtlaetav-epp-isolatsiooniga-toidukandja-termokast-32-liitrit-ilma-gn1-1-pannideta-adexa-whepp\/","title":{"rendered":"Pealtlaetav EPP Isolatsiooniga Toidukandja \/ Termokast 32 liitrit Ilma GN1\/1 Pannideta | Adexa WHEPP"},"content":{"rendered":"<p>Suurep\u00e4rase isolatsiooniga, vastupidavast CFC-vabast paisutatud pol\u00fcprop\u00fcleenist (EPP) valmistatud struktuuriga, on need pagari termokastid vastupidavad, kerged ja virnastatavad, samuti h\u00fcgieenilised ja n\u00f5udepesumasinas pestavad! See transportkast sobib ideaalselt kuuma, k\u00fclma ja v\u00e4rske toidu jaoks, mida toetab tihedalt suletud kaas. See konkreetne ese on pealtlaetav ja spetsiaalselt valmistatud GN pannide jaoks, termokastil on ka ergonoomilised k\u00e4epidemed, mis muudavad selle kandmise ja transportimise veelgi lihtsamaks. 32-liitrine mahutavus M\u00f5eldud mahutama: 1 x GN1\/1, 2 x GN2\/2 &#038; 3 x GN1\/3 GN Panni s\u00fcgavus: maksimaalselt 200 mm V\u00e4rv: Must 595x380x280mm Sisem\u00f5\u00f5tmed: 510x303x205mm T\u00e4psema teabe saamiseks vaadake jaotist &#8216;Spetsifikatsioon&#8217;.<\/p>\n<table style=\"border-collapse: collapse; width: 100%; text-align: left;\">\n<tbody>\n<tr>\n<td style=\"border: 1px solid #ddd; padding: 8px; width: 45%;\"><strong>S\u00fcgavus<\/strong><\/td>\n<td style=\"border: 1px solid #ddd; padding: 8px;\">380mm<\/td>\n<\/tr>\n<tr>\n<td style=\"border: 1px solid #ddd; padding: 8px; width: 45%;\"><strong>K\u00f5rgus<\/strong><\/td>\n<td style=\"border: 1px solid #ddd; padding: 8px;\">280mm<\/td>\n<\/tr>\n<tr>\n<td style=\"border: 1px solid #ddd; padding: 8px; width: 45%;\"><strong>Laius<\/strong><\/td>\n<td style=\"border: 1px solid #ddd; padding: 8px;\">595mm<\/td>\n<\/tr>\n<tr>\n<td style=\"border: 1px solid #ddd; padding: 8px; width: 45%;\"><strong>Kaal<\/strong><\/td>\n<td style=\"border: 1px solid #ddd; padding: 8px;\">1,4 kg<\/td>\n<\/tr>\n<tr>\n<td style=\"border: 1px solid #ddd; padding: 8px; width: 45%;\"><strong>Mahutavus<\/strong><\/td>\n<td style=\"border: 1px solid #ddd; padding: 8px;\">32 liitrit<\/td>\n<\/tr>\n<tr>\n<td style=\"border: 1px solid #ddd; padding: 8px; width: 45%;\"><strong>Materjal<\/strong><\/td>\n<td style=\"border: 1px solid #ddd; padding: 8px;\">CFC-vaba paisutatud pol\u00fcprop\u00fcleen (EPP)<\/td>\n<\/tr>\n<tr>\n<td style=\"border: 1px solid #ddd; padding: 8px; width: 45%;\"><strong>Kaasas<\/strong><\/td>\n<td style=\"border: 1px solid #ddd; padding: 8px;\">Ei konteinereid<\/td>\n<\/tr>\n<tr>\n<td style=\"border: 1px solid #ddd; padding: 8px; width: 45%;\"><strong>V\u00e4rv<\/strong><\/td>\n<td style=\"border: 1px solid #ddd; padding: 8px;\">Must<\/td>\n<\/tr>\n<tr>\n<td style=\"border: 1px solid #ddd; padding: 8px; width: 45%;\"><strong>M\u00f5\u00f5tmed (sisene)<\/strong><\/td>\n<td style=\"border: 1px solid #ddd; padding: 8px;\">510x303x205 mm<\/td>\n<\/tr>\n<\/tbody>\n<\/table>\n","protected":false},"excerpt":{"rendered":"<p>Suurep\u00e4rase isolatsiooniga, vastupidavast CFC-vabast paisutatud pol\u00fcprop\u00fcleenist (EPP) valmistatud struktuuriga, on need pagari termokastid vastupidavad, kerged ja virnastatavad, samuti h\u00fcgieenilised ja<\/p>\n","protected":false},"featured_media":11020,"template":"","meta":[],"product_brand":[],"product_cat":[3813,3833,585,579,665,561,572,601,602,586],"product_tag":[],"class_list":{"0":"post-37202","1":"product","2":"type-product","3":"status-publish","4":"has-post-thumbnail","6":"product_cat-roostevabast-terasest-gn-noud-ja-anumad","7":"product_cat-uued-tooted","8":"product_cat-gn-noud","9":"product_cat-koogitarbed-noud","10":"product_cat-ladustamine-transport","11":"product_cat-moobel-ja-hoiustamine","12":"product_cat-roostevabad-tooted","13":"product_cat-roostevabast-terasest-gn-noud","14":"product_cat-roostevabast-terasest-gn-konteinerid-ja-potid","15":"product_cat-serveerimine","17":"first","18":"instock","19":"sale","20":"taxable","21":"shipping-taxable","22":"purchasable","23":"product-type-simple"},"yoast_head":"<!-- This site is optimized with the Yoast SEO plugin v27.3 - https:\/\/yoast.com\/product\/yoast-seo-wordpress\/ -->\n<title>Pealtlaetav EPP Isolatsiooniga Toidukandja \/ Termokast 32 liitrit Ilma GN1\/1 Pannideta | Adexa WHEPP - Adexa \u2013 Suurk\u00f6\u00f6giseadmed restoranidele ja toitlustusele<\/title>\n<meta name=\"robots\" content=\"index, follow, max-snippet:-1, max-image-preview:large, max-video-preview:-1\" \/>\n<link rel=\"canonical\" href=\"https:\/\/adexa.ee\/toode\/pealtlaetav-epp-isolatsiooniga-toidukandja-termokast-32-liitrit-ilma-gn1-1-pannideta-adexa-whepp\/\" \/>\n<meta property=\"og:locale\" content=\"en_US\" \/>\n<meta property=\"og:type\" content=\"article\" \/>\n<meta property=\"og:title\" content=\"Pealtlaetav EPP Isolatsiooniga Toidukandja \/ Termokast 32 liitrit Ilma GN1\/1 Pannideta | Adexa WHEPP - Adexa \u2013 Suurk\u00f6\u00f6giseadmed restoranidele ja toitlustusele\" \/>\n<meta property=\"og:description\" content=\"Suurep\u00e4rase isolatsiooniga, vastupidavast CFC-vabast paisutatud pol\u00fcprop\u00fcleenist (EPP) valmistatud struktuuriga, on need pagari termokastid vastupidavad, kerged ja virnastatavad, samuti h\u00fcgieenilised ja\" \/>\n<meta property=\"og:url\" content=\"https:\/\/adexa.ee\/toode\/pealtlaetav-epp-isolatsiooniga-toidukandja-termokast-32-liitrit-ilma-gn1-1-pannideta-adexa-whepp\/\" \/>\n<meta property=\"og:site_name\" content=\"Adexa \u2013 Suurk\u00f6\u00f6giseadmed restoranidele ja toitlustusele\" \/>\n<meta property=\"article:modified_time\" content=\"2026-03-26T10:05:32+00:00\" \/>\n<meta property=\"og:image\" content=\"https:\/\/adexa.ee\/wp-content\/uploads\/2024\/12\/WHEPP.jpg\" \/>\n\t<meta property=\"og:image:width\" content=\"2000\" \/>\n\t<meta property=\"og:image:height\" content=\"2000\" \/>\n\t<meta property=\"og:image:type\" content=\"image\/jpeg\" \/>\n<meta name=\"twitter:card\" content=\"summary_large_image\" \/>\n<meta name=\"twitter:label1\" content=\"Est. reading time\" \/>\n\t<meta name=\"twitter:data1\" content=\"1 minute\" \/>\n<script type=\"application\/ld+json\" class=\"yoast-schema-graph\">{\"@context\":\"https:\\\/\\\/schema.org\",\"@graph\":[{\"@type\":\"WebPage\",\"@id\":\"https:\\\/\\\/adexa.ee\\\/toode\\\/pealtlaetav-epp-isolatsiooniga-toidukandja-termokast-32-liitrit-ilma-gn1-1-pannideta-adexa-whepp\\\/\",\"url\":\"https:\\\/\\\/adexa.ee\\\/toode\\\/pealtlaetav-epp-isolatsiooniga-toidukandja-termokast-32-liitrit-ilma-gn1-1-pannideta-adexa-whepp\\\/\",\"name\":\"Pealtlaetav EPP Isolatsiooniga Toidukandja \\\/ Termokast 32 liitrit Ilma GN1\\\/1 Pannideta | Adexa WHEPP - Adexa \u2013 Suurk\u00f6\u00f6giseadmed restoranidele ja toitlustusele\",\"isPartOf\":{\"@id\":\"https:\\\/\\\/adexa.ee\\\/#website\"},\"primaryImageOfPage\":{\"@id\":\"https:\\\/\\\/adexa.ee\\\/toode\\\/pealtlaetav-epp-isolatsiooniga-toidukandja-termokast-32-liitrit-ilma-gn1-1-pannideta-adexa-whepp\\\/#primaryimage\"},\"image\":{\"@id\":\"https:\\\/\\\/adexa.ee\\\/toode\\\/pealtlaetav-epp-isolatsiooniga-toidukandja-termokast-32-liitrit-ilma-gn1-1-pannideta-adexa-whepp\\\/#primaryimage\"},\"thumbnailUrl\":\"https:\\\/\\\/adexa.ee\\\/wp-content\\\/uploads\\\/2024\\\/12\\\/WHEPP.jpg\",\"datePublished\":\"2026-03-26T10:05:31+00:00\",\"dateModified\":\"2026-03-26T10:05:32+00:00\",\"breadcrumb\":{\"@id\":\"https:\\\/\\\/adexa.ee\\\/toode\\\/pealtlaetav-epp-isolatsiooniga-toidukandja-termokast-32-liitrit-ilma-gn1-1-pannideta-adexa-whepp\\\/#breadcrumb\"},\"inLanguage\":\"en-US\",\"potentialAction\":[{\"@type\":\"ReadAction\",\"target\":[\"https:\\\/\\\/adexa.ee\\\/toode\\\/pealtlaetav-epp-isolatsiooniga-toidukandja-termokast-32-liitrit-ilma-gn1-1-pannideta-adexa-whepp\\\/\"]}]},{\"@type\":\"ImageObject\",\"inLanguage\":\"en-US\",\"@id\":\"https:\\\/\\\/adexa.ee\\\/toode\\\/pealtlaetav-epp-isolatsiooniga-toidukandja-termokast-32-liitrit-ilma-gn1-1-pannideta-adexa-whepp\\\/#primaryimage\",\"url\":\"https:\\\/\\\/adexa.ee\\\/wp-content\\\/uploads\\\/2024\\\/12\\\/WHEPP.jpg\",\"contentUrl\":\"https:\\\/\\\/adexa.ee\\\/wp-content\\\/uploads\\\/2024\\\/12\\\/WHEPP.jpg\",\"width\":2000,\"height\":2000},{\"@type\":\"BreadcrumbList\",\"@id\":\"https:\\\/\\\/adexa.ee\\\/toode\\\/pealtlaetav-epp-isolatsiooniga-toidukandja-termokast-32-liitrit-ilma-gn1-1-pannideta-adexa-whepp\\\/#breadcrumb\",\"itemListElement\":[{\"@type\":\"ListItem\",\"position\":1,\"name\":\"Home\",\"item\":\"https:\\\/\\\/adexa.ee\\\/\"},{\"@type\":\"ListItem\",\"position\":2,\"name\":\"Tooted\",\"item\":\"https:\\\/\\\/adexa.ee\\\/pood\\\/\"},{\"@type\":\"ListItem\",\"position\":3,\"name\":\"Pealtlaetav EPP Isolatsiooniga Toidukandja \\\/ Termokast 32 liitrit Ilma GN1\\\/1 Pannideta | Adexa WHEPP\"}]},{\"@type\":\"WebSite\",\"@id\":\"https:\\\/\\\/adexa.ee\\\/#website\",\"url\":\"https:\\\/\\\/adexa.ee\\\/\",\"name\":\"Adexa\",\"description\":\"\",\"publisher\":{\"@id\":\"https:\\\/\\\/adexa.ee\\\/#organization\"},\"potentialAction\":[{\"@type\":\"SearchAction\",\"target\":{\"@type\":\"EntryPoint\",\"urlTemplate\":\"https:\\\/\\\/adexa.ee\\\/?s={search_term_string}\"},\"query-input\":{\"@type\":\"PropertyValueSpecification\",\"valueRequired\":true,\"valueName\":\"search_term_string\"}}],\"inLanguage\":\"en-US\"},{\"@type\":\"Organization\",\"@id\":\"https:\\\/\\\/adexa.ee\\\/#organization\",\"name\":\"Adexa\",\"url\":\"https:\\\/\\\/adexa.ee\\\/\",\"logo\":{\"@type\":\"ImageObject\",\"inLanguage\":\"en-US\",\"@id\":\"https:\\\/\\\/adexa.ee\\\/#\\\/schema\\\/logo\\\/image\\\/\",\"url\":\"https:\\\/\\\/adexa.ee\\\/wp-content\\\/uploads\\\/2024\\\/04\\\/chef-cooks-working-in-professional-kitchen-2023-11-27-05-07-39-utc-scaled.jpg\",\"contentUrl\":\"https:\\\/\\\/adexa.ee\\\/wp-content\\\/uploads\\\/2024\\\/04\\\/chef-cooks-working-in-professional-kitchen-2023-11-27-05-07-39-utc-scaled.jpg\",\"width\":2560,\"height\":1708,\"caption\":\"Adexa\"},\"image\":{\"@id\":\"https:\\\/\\\/adexa.ee\\\/#\\\/schema\\\/logo\\\/image\\\/\"}}]}<\/script>\n<!-- \/ Yoast SEO plugin. -->","yoast_head_json":{"title":"Pealtlaetav EPP Isolatsiooniga Toidukandja \/ Termokast 32 liitrit Ilma GN1\/1 Pannideta | Adexa WHEPP - Adexa \u2013 Suurk\u00f6\u00f6giseadmed restoranidele ja toitlustusele","robots":{"index":"index","follow":"follow","max-snippet":"max-snippet:-1","max-image-preview":"max-image-preview:large","max-video-preview":"max-video-preview:-1"},"canonical":"https:\/\/adexa.ee\/toode\/pealtlaetav-epp-isolatsiooniga-toidukandja-termokast-32-liitrit-ilma-gn1-1-pannideta-adexa-whepp\/","og_locale":"en_US","og_type":"article","og_title":"Pealtlaetav EPP Isolatsiooniga Toidukandja \/ Termokast 32 liitrit Ilma GN1\/1 Pannideta | Adexa WHEPP - Adexa \u2013 Suurk\u00f6\u00f6giseadmed restoranidele ja toitlustusele","og_description":"Suurep\u00e4rase isolatsiooniga, vastupidavast CFC-vabast paisutatud pol\u00fcprop\u00fcleenist (EPP) valmistatud struktuuriga, on need pagari termokastid vastupidavad, kerged ja virnastatavad, samuti h\u00fcgieenilised ja","og_url":"https:\/\/adexa.ee\/toode\/pealtlaetav-epp-isolatsiooniga-toidukandja-termokast-32-liitrit-ilma-gn1-1-pannideta-adexa-whepp\/","og_site_name":"Adexa \u2013 Suurk\u00f6\u00f6giseadmed restoranidele ja toitlustusele","article_modified_time":"2026-03-26T10:05:32+00:00","og_image":[{"width":2000,"height":2000,"url":"https:\/\/adexa.ee\/wp-content\/uploads\/2024\/12\/WHEPP.jpg","type":"image\/jpeg"}],"twitter_card":"summary_large_image","twitter_misc":{"Est. reading time":"1 minute"},"schema":{"@context":"https:\/\/schema.org","@graph":[{"@type":"WebPage","@id":"https:\/\/adexa.ee\/toode\/pealtlaetav-epp-isolatsiooniga-toidukandja-termokast-32-liitrit-ilma-gn1-1-pannideta-adexa-whepp\/","url":"https:\/\/adexa.ee\/toode\/pealtlaetav-epp-isolatsiooniga-toidukandja-termokast-32-liitrit-ilma-gn1-1-pannideta-adexa-whepp\/","name":"Pealtlaetav EPP Isolatsiooniga Toidukandja \/ Termokast 32 liitrit Ilma GN1\/1 Pannideta | Adexa WHEPP - Adexa \u2013 Suurk\u00f6\u00f6giseadmed restoranidele ja toitlustusele","isPartOf":{"@id":"https:\/\/adexa.ee\/#website"},"primaryImageOfPage":{"@id":"https:\/\/adexa.ee\/toode\/pealtlaetav-epp-isolatsiooniga-toidukandja-termokast-32-liitrit-ilma-gn1-1-pannideta-adexa-whepp\/#primaryimage"},"image":{"@id":"https:\/\/adexa.ee\/toode\/pealtlaetav-epp-isolatsiooniga-toidukandja-termokast-32-liitrit-ilma-gn1-1-pannideta-adexa-whepp\/#primaryimage"},"thumbnailUrl":"https:\/\/adexa.ee\/wp-content\/uploads\/2024\/12\/WHEPP.jpg","datePublished":"2026-03-26T10:05:31+00:00","dateModified":"2026-03-26T10:05:32+00:00","breadcrumb":{"@id":"https:\/\/adexa.ee\/toode\/pealtlaetav-epp-isolatsiooniga-toidukandja-termokast-32-liitrit-ilma-gn1-1-pannideta-adexa-whepp\/#breadcrumb"},"inLanguage":"en-US","potentialAction":[{"@type":"ReadAction","target":["https:\/\/adexa.ee\/toode\/pealtlaetav-epp-isolatsiooniga-toidukandja-termokast-32-liitrit-ilma-gn1-1-pannideta-adexa-whepp\/"]}]},{"@type":"ImageObject","inLanguage":"en-US","@id":"https:\/\/adexa.ee\/toode\/pealtlaetav-epp-isolatsiooniga-toidukandja-termokast-32-liitrit-ilma-gn1-1-pannideta-adexa-whepp\/#primaryimage","url":"https:\/\/adexa.ee\/wp-content\/uploads\/2024\/12\/WHEPP.jpg","contentUrl":"https:\/\/adexa.ee\/wp-content\/uploads\/2024\/12\/WHEPP.jpg","width":2000,"height":2000},{"@type":"BreadcrumbList","@id":"https:\/\/adexa.ee\/toode\/pealtlaetav-epp-isolatsiooniga-toidukandja-termokast-32-liitrit-ilma-gn1-1-pannideta-adexa-whepp\/#breadcrumb","itemListElement":[{"@type":"ListItem","position":1,"name":"Home","item":"https:\/\/adexa.ee\/"},{"@type":"ListItem","position":2,"name":"Tooted","item":"https:\/\/adexa.ee\/pood\/"},{"@type":"ListItem","position":3,"name":"Pealtlaetav EPP Isolatsiooniga Toidukandja \/ Termokast 32 liitrit Ilma GN1\/1 Pannideta | Adexa WHEPP"}]},{"@type":"WebSite","@id":"https:\/\/adexa.ee\/#website","url":"https:\/\/adexa.ee\/","name":"Adexa","description":"","publisher":{"@id":"https:\/\/adexa.ee\/#organization"},"potentialAction":[{"@type":"SearchAction","target":{"@type":"EntryPoint","urlTemplate":"https:\/\/adexa.ee\/?s={search_term_string}"},"query-input":{"@type":"PropertyValueSpecification","valueRequired":true,"valueName":"search_term_string"}}],"inLanguage":"en-US"},{"@type":"Organization","@id":"https:\/\/adexa.ee\/#organization","name":"Adexa","url":"https:\/\/adexa.ee\/","logo":{"@type":"ImageObject","inLanguage":"en-US","@id":"https:\/\/adexa.ee\/#\/schema\/logo\/image\/","url":"https:\/\/adexa.ee\/wp-content\/uploads\/2024\/04\/chef-cooks-working-in-professional-kitchen-2023-11-27-05-07-39-utc-scaled.jpg","contentUrl":"https:\/\/adexa.ee\/wp-content\/uploads\/2024\/04\/chef-cooks-working-in-professional-kitchen-2023-11-27-05-07-39-utc-scaled.jpg","width":2560,"height":1708,"caption":"Adexa"},"image":{"@id":"https:\/\/adexa.ee\/#\/schema\/logo\/image\/"}}]}},"_links":{"self":[{"href":"https:\/\/adexa.ee\/en\/wp-json\/wp\/v2\/product\/37202","targetHints":{"allow":["GET"]}}],"collection":[{"href":"https:\/\/adexa.ee\/en\/wp-json\/wp\/v2\/product"}],"about":[{"href":"https:\/\/adexa.ee\/en\/wp-json\/wp\/v2\/types\/product"}],"wp:featuredmedia":[{"embeddable":true,"href":"https:\/\/adexa.ee\/en\/wp-json\/wp\/v2\/media\/11020"}],"wp:attachment":[{"href":"https:\/\/adexa.ee\/en\/wp-json\/wp\/v2\/media?parent=37202"}],"wp:term":[{"taxonomy":"product_brand","embeddable":true,"href":"https:\/\/adexa.ee\/en\/wp-json\/wp\/v2\/product_brand?post=37202"},{"taxonomy":"product_cat","embeddable":true,"href":"https:\/\/adexa.ee\/en\/wp-json\/wp\/v2\/product_cat?post=37202"},{"taxonomy":"product_tag","embeddable":true,"href":"https:\/\/adexa.ee\/en\/wp-json\/wp\/v2\/product_tag?post=37202"}],"curies":[{"name":"wp","href":"https:\/\/api.w.org\/{rel}","templated":true}]}}