{"id":40612,"date":"2026-03-26T12:05:31","date_gmt":"2026-03-26T10:05:31","guid":{"rendered":"https:\/\/adexa.ee\/toode\/kaubanduslik-kulmik-letialune-130-liitrit-roostevaba-teras-uhe-klaasiga-uks-adexa-sr200g\/"},"modified":"2026-03-26T12:05:33","modified_gmt":"2026-03-26T10:05:33","slug":"letialune-kulmik-130-liitrit-roostevaba-teras-klaasist-uks-adexa-sr200g","status":"publish","type":"product","link":"https:\/\/adexa.ee\/en\/toode\/letialune-kulmik-130-liitrit-roostevaba-teras-klaasist-uks-adexa-sr200g\/","title":{"rendered":"Letialune k\u00fclmik 130 liitrit roostevaba teras klaasist uks | Adexa SR200G"},"content":{"rendered":"<p>Ruumi s\u00e4\u00e4stev ja mitmek\u00fclgne professionaalne k\u00fclmik, mille temperatuurivahemik on +2\u00baC kuni +8\u00baC ning millel on v\u00e4line termostaat koos temperatuuri n\u00e4idikuga. See toitlustusk\u00fclmik kasutab ventilaatoriga jahutust kiireks ja \u00fchtlaseks jahutamiseks! V\u00f5ib kasutada ka letik\u00fclmikuna. Roostevabast terasest v\u00e4lispind ja klaasuks muudavad selle stiilseks lisanduseks igasse restorani, hotelli, baari v\u00f5i kohvikusse. Roostevabast terasest v\u00e4lispind Klaasuks Toidukindel valgeks v\u00e4rvitud terasest sisemus 2 reguleeritavat riiulit V\u00e4line digitaalne termomeeter Uksek\u00e4epide Automaatne sulatus Staatiline jahutus Eesmine ventilatsioon Dokumendid Kl\u00f5psake siin, et alla laadida kasutusjuhend Kl\u00f5psake siin, et alla laadida energiam\u00e4rgised Kl\u00f5psake siin, et alla laadida tehniline joonis Kl\u00f5psake siin, et alla laadida plahvatusvaade Kl\u00f5psake siin, et alla laadida varuosade nimekiri Palun vaadake jaotist &#8216;Spetsifikatsioon&#8217; \u00fcksikasjaliku teabe saamiseks.<\/p>\n<table style=\"border-collapse: collapse; width: 100%; text-align: left;\">\n<tbody>\n<tr>\n<td style=\"border: 1px solid #ddd; padding: 8px; width: 45%;\"><strong>S\u00fcgavus<\/strong><\/td>\n<td style=\"border: 1px solid #ddd; padding: 8px;\">585 mm<\/td>\n<\/tr>\n<tr>\n<td style=\"border: 1px solid #ddd; padding: 8px; width: 45%;\"><strong>K\u00f5rgus<\/strong><\/td>\n<td style=\"border: 1px solid #ddd; padding: 8px;\">850mm<\/td>\n<\/tr>\n<tr>\n<td style=\"border: 1px solid #ddd; padding: 8px; width: 45%;\"><strong>Laius<\/strong><\/td>\n<td style=\"border: 1px solid #ddd; padding: 8px;\">600mm<\/td>\n<\/tr>\n<tr>\n<td style=\"border: 1px solid #ddd; padding: 8px; width: 45%;\"><strong>Garantii<\/strong><\/td>\n<td style=\"border: 1px solid #ddd; padding: 8px;\">12 kuu varuosade garantii<\/td>\n<\/tr>\n<tr>\n<td style=\"border: 1px solid #ddd; padding: 8px; width: 45%;\"><strong>Mahutavus<\/strong><\/td>\n<td style=\"border: 1px solid #ddd; padding: 8px;\">130 liitrit (bruto) \/ 113 liitrit (neto)<\/td>\n<\/tr>\n<tr>\n<td style=\"border: 1px solid #ddd; padding: 8px; width: 45%;\"><strong>Uksed \/ Sahtlid<\/strong><\/td>\n<td style=\"border: 1px solid #ddd; padding: 8px;\">1 klaasuks<\/td>\n<\/tr>\n<tr>\n<td style=\"border: 1px solid #ddd; padding: 8px; width: 45%;\"><strong>Toiteallikas<\/strong><\/td>\n<td style=\"border: 1px solid #ddd; padding: 8px;\">230V \/ 1 faas<\/td>\n<\/tr>\n<tr>\n<td style=\"border: 1px solid #ddd; padding: 8px; width: 45%;\"><strong>V\u00f5imsus<\/strong><\/td>\n<td style=\"border: 1px solid #ddd; padding: 8px;\">202W<\/td>\n<\/tr>\n<tr>\n<td style=\"border: 1px solid #ddd; padding: 8px; width: 45%;\"><strong>Riiulid<\/strong><\/td>\n<td style=\"border: 1px solid #ddd; padding: 8px;\">3<\/td>\n<\/tr>\n<tr>\n<td style=\"border: 1px solid #ddd; padding: 8px; width: 45%;\"><strong>Jahutamine<\/strong><\/td>\n<td style=\"border: 1px solid #ddd; padding: 8px;\">Ventilaatoriga abistatud<\/td>\n<\/tr>\n<tr>\n<td style=\"border: 1px solid #ddd; padding: 8px; width: 45%;\"><strong>Sulatamine<\/strong><\/td>\n<td style=\"border: 1px solid #ddd; padding: 8px;\">Automaatne<\/td>\n<\/tr>\n<tr>\n<td style=\"border: 1px solid #ddd; padding: 8px; width: 45%;\"><strong>K\u00fclmaaine<\/strong><\/td>\n<td style=\"border: 1px solid #ddd; padding: 8px;\">R600a<\/td>\n<\/tr>\n<tr>\n<td style=\"border: 1px solid #ddd; padding: 8px; width: 45%;\"><strong>Temperatuur<\/strong><\/td>\n<td style=\"border: 1px solid #ddd; padding: 8px;\">+2\u00b0C kuni +8\u00b0C<\/td>\n<\/tr>\n<tr>\n<td style=\"border: 1px solid #ddd; padding: 8px; width: 45%;\"><strong>Kontrollid<\/strong><\/td>\n<td style=\"border: 1px solid #ddd; padding: 8px;\">Digitaalne<\/td>\n<\/tr>\n<tr>\n<td style=\"border: 1px solid #ddd; padding: 8px; width: 45%;\"><strong>Valgustus<\/strong><\/td>\n<td style=\"border: 1px solid #ddd; padding: 8px;\">Jah<\/td>\n<\/tr>\n<tr>\n<td style=\"border: 1px solid #ddd; padding: 8px; width: 45%;\"><strong>Maksimaalne temperatuur (ruum)<\/strong><\/td>\n<td style=\"border: 1px solid #ddd; padding: 8px;\">+38\u00b0C<\/td>\n<\/tr>\n<tr>\n<td style=\"border: 1px solid #ddd; padding: 8px; width: 45%;\"><strong>Materjal (v\u00e4limine)<\/strong><\/td>\n<td style=\"border: 1px solid #ddd; padding: 8px;\">Roostevaba teras<\/td>\n<\/tr>\n<tr>\n<td style=\"border: 1px solid #ddd; padding: 8px; width: 45%;\"><strong>Lukk<\/strong><\/td>\n<td style=\"border: 1px solid #ddd; padding: 8px;\">Jah<\/td>\n<\/tr>\n<tr>\n<td style=\"border: 1px solid #ddd; padding: 8px; width: 45%;\"><strong>Materjal (sisemine)<\/strong><\/td>\n<td style=\"border: 1px solid #ddd; padding: 8px;\">Valge ABS<\/td>\n<\/tr>\n<tr>\n<td style=\"border: 1px solid #ddd; padding: 8px; width: 45%;\"><strong>M\u00fcratase<\/strong><\/td>\n<td style=\"border: 1px solid #ddd; padding: 8px;\">40 dB(A)<\/td>\n<\/tr>\n<tr>\n<td style=\"border: 1px solid #ddd; padding: 8px; width: 45%;\"><strong>V\u00f5imsuse tarbimine<\/strong><\/td>\n<td style=\"border: 1px solid #ddd; padding: 8px;\">323 kWh\/aastas<\/td>\n<\/tr>\n<tr>\n<td style=\"border: 1px solid #ddd; padding: 8px; width: 45%;\"><strong>M\u00f5\u00f5tmed (sisene)<\/strong><\/td>\n<td style=\"border: 1px solid #ddd; padding: 8px;\">510x485x620 mm<\/td>\n<\/tr>\n<\/tbody>\n<\/table>\n","protected":false},"excerpt":{"rendered":"<p>Ruumi s\u00e4\u00e4stev ja mitmek\u00fclgne professionaalne k\u00fclmik, mille temperatuurivahemik on +2\u00baC kuni +8\u00baC ning millel on v\u00e4line termostaat koos temperatuuri n\u00e4idikuga.<\/p>\n","protected":false},"featured_media":40614,"template":"","meta":[],"product_brand":[],"product_cat":[989,988,564,765,841,569],"product_tag":[],"class_list":{"0":"post-40612","1":"product","2":"type-product","3":"status-publish","4":"has-post-thumbnail","6":"product_cat-klaasuksellised-laua-alused-kulmikud","7":"product_cat-letialused-klaasustega-kulmikud","8":"product_cat-jahutusseadmed","9":"product_cat-klaasustega-kulmikud","10":"product_cat-letialused-kulmikud","11":"product_cat-lopumuuk","13":"first","14":"instock","15":"sale","16":"taxable","17":"shipping-taxable","18":"purchasable","19":"product-type-simple"},"yoast_head":"<!-- This site is optimized with the Yoast SEO plugin v27.3 - https:\/\/yoast.com\/product\/yoast-seo-wordpress\/ -->\n<title>Letialune k\u00fclmik 130 liitrit roostevaba teras klaasist uks | Adexa SR200G - Adexa \u2013 Suurk\u00f6\u00f6giseadmed restoranidele ja toitlustusele<\/title>\n<meta name=\"robots\" content=\"index, follow, max-snippet:-1, max-image-preview:large, max-video-preview:-1\" \/>\n<link rel=\"canonical\" href=\"https:\/\/adexa.ee\/toode\/letialune-kulmik-130-liitrit-roostevaba-teras-klaasist-uks-adexa-sr200g\/\" \/>\n<meta property=\"og:locale\" content=\"en_US\" \/>\n<meta property=\"og:type\" content=\"article\" \/>\n<meta property=\"og:title\" content=\"Letialune k\u00fclmik 130 liitrit roostevaba teras klaasist uks | Adexa SR200G - Adexa \u2013 Suurk\u00f6\u00f6giseadmed restoranidele ja toitlustusele\" \/>\n<meta property=\"og:description\" content=\"Ruumi s\u00e4\u00e4stev ja mitmek\u00fclgne professionaalne k\u00fclmik, mille temperatuurivahemik on +2\u00baC kuni +8\u00baC ning millel on v\u00e4line termostaat koos temperatuuri n\u00e4idikuga.\" \/>\n<meta property=\"og:url\" content=\"https:\/\/adexa.ee\/toode\/letialune-kulmik-130-liitrit-roostevaba-teras-klaasist-uks-adexa-sr200g\/\" \/>\n<meta property=\"og:site_name\" content=\"Adexa \u2013 Suurk\u00f6\u00f6giseadmed restoranidele ja toitlustusele\" \/>\n<meta property=\"article:modified_time\" content=\"2026-03-26T10:05:33+00:00\" \/>\n<meta property=\"og:image\" content=\"https:\/\/adexa.ee\/wp-content\/uploads\/2025\/10\/SR200G.jpg\" \/>\n\t<meta property=\"og:image:width\" content=\"1200\" \/>\n\t<meta property=\"og:image:height\" content=\"1200\" \/>\n\t<meta property=\"og:image:type\" content=\"image\/jpeg\" \/>\n<meta name=\"twitter:card\" content=\"summary_large_image\" \/>\n<meta name=\"twitter:label1\" content=\"Est. reading time\" \/>\n\t<meta name=\"twitter:data1\" content=\"1 minute\" \/>\n<script type=\"application\/ld+json\" class=\"yoast-schema-graph\">{\"@context\":\"https:\\\/\\\/schema.org\",\"@graph\":[{\"@type\":\"WebPage\",\"@id\":\"https:\\\/\\\/adexa.ee\\\/toode\\\/letialune-kulmik-130-liitrit-roostevaba-teras-klaasist-uks-adexa-sr200g\\\/\",\"url\":\"https:\\\/\\\/adexa.ee\\\/toode\\\/letialune-kulmik-130-liitrit-roostevaba-teras-klaasist-uks-adexa-sr200g\\\/\",\"name\":\"Letialune k\u00fclmik 130 liitrit roostevaba teras klaasist uks | Adexa SR200G - Adexa \u2013 Suurk\u00f6\u00f6giseadmed restoranidele ja toitlustusele\",\"isPartOf\":{\"@id\":\"https:\\\/\\\/adexa.ee\\\/#website\"},\"primaryImageOfPage\":{\"@id\":\"https:\\\/\\\/adexa.ee\\\/toode\\\/letialune-kulmik-130-liitrit-roostevaba-teras-klaasist-uks-adexa-sr200g\\\/#primaryimage\"},\"image\":{\"@id\":\"https:\\\/\\\/adexa.ee\\\/toode\\\/letialune-kulmik-130-liitrit-roostevaba-teras-klaasist-uks-adexa-sr200g\\\/#primaryimage\"},\"thumbnailUrl\":\"https:\\\/\\\/adexa.ee\\\/wp-content\\\/uploads\\\/2025\\\/10\\\/SR200G.jpg\",\"datePublished\":\"2026-03-26T10:05:31+00:00\",\"dateModified\":\"2026-03-26T10:05:33+00:00\",\"breadcrumb\":{\"@id\":\"https:\\\/\\\/adexa.ee\\\/toode\\\/letialune-kulmik-130-liitrit-roostevaba-teras-klaasist-uks-adexa-sr200g\\\/#breadcrumb\"},\"inLanguage\":\"en-US\",\"potentialAction\":[{\"@type\":\"ReadAction\",\"target\":[\"https:\\\/\\\/adexa.ee\\\/toode\\\/letialune-kulmik-130-liitrit-roostevaba-teras-klaasist-uks-adexa-sr200g\\\/\"]}]},{\"@type\":\"ImageObject\",\"inLanguage\":\"en-US\",\"@id\":\"https:\\\/\\\/adexa.ee\\\/toode\\\/letialune-kulmik-130-liitrit-roostevaba-teras-klaasist-uks-adexa-sr200g\\\/#primaryimage\",\"url\":\"https:\\\/\\\/adexa.ee\\\/wp-content\\\/uploads\\\/2025\\\/10\\\/SR200G.jpg\",\"contentUrl\":\"https:\\\/\\\/adexa.ee\\\/wp-content\\\/uploads\\\/2025\\\/10\\\/SR200G.jpg\",\"width\":1200,\"height\":1200},{\"@type\":\"BreadcrumbList\",\"@id\":\"https:\\\/\\\/adexa.ee\\\/toode\\\/letialune-kulmik-130-liitrit-roostevaba-teras-klaasist-uks-adexa-sr200g\\\/#breadcrumb\",\"itemListElement\":[{\"@type\":\"ListItem\",\"position\":1,\"name\":\"Home\",\"item\":\"https:\\\/\\\/adexa.ee\\\/\"},{\"@type\":\"ListItem\",\"position\":2,\"name\":\"Tooted\",\"item\":\"https:\\\/\\\/adexa.ee\\\/pood\\\/\"},{\"@type\":\"ListItem\",\"position\":3,\"name\":\"Letialune k\u00fclmik 130 liitrit roostevaba teras klaasist uks | Adexa SR200G\"}]},{\"@type\":\"WebSite\",\"@id\":\"https:\\\/\\\/adexa.ee\\\/#website\",\"url\":\"https:\\\/\\\/adexa.ee\\\/\",\"name\":\"Adexa\",\"description\":\"\",\"publisher\":{\"@id\":\"https:\\\/\\\/adexa.ee\\\/#organization\"},\"potentialAction\":[{\"@type\":\"SearchAction\",\"target\":{\"@type\":\"EntryPoint\",\"urlTemplate\":\"https:\\\/\\\/adexa.ee\\\/?s={search_term_string}\"},\"query-input\":{\"@type\":\"PropertyValueSpecification\",\"valueRequired\":true,\"valueName\":\"search_term_string\"}}],\"inLanguage\":\"en-US\"},{\"@type\":\"Organization\",\"@id\":\"https:\\\/\\\/adexa.ee\\\/#organization\",\"name\":\"Adexa\",\"url\":\"https:\\\/\\\/adexa.ee\\\/\",\"logo\":{\"@type\":\"ImageObject\",\"inLanguage\":\"en-US\",\"@id\":\"https:\\\/\\\/adexa.ee\\\/#\\\/schema\\\/logo\\\/image\\\/\",\"url\":\"https:\\\/\\\/adexa.ee\\\/wp-content\\\/uploads\\\/2024\\\/04\\\/chef-cooks-working-in-professional-kitchen-2023-11-27-05-07-39-utc-scaled.jpg\",\"contentUrl\":\"https:\\\/\\\/adexa.ee\\\/wp-content\\\/uploads\\\/2024\\\/04\\\/chef-cooks-working-in-professional-kitchen-2023-11-27-05-07-39-utc-scaled.jpg\",\"width\":2560,\"height\":1708,\"caption\":\"Adexa\"},\"image\":{\"@id\":\"https:\\\/\\\/adexa.ee\\\/#\\\/schema\\\/logo\\\/image\\\/\"}}]}<\/script>\n<!-- \/ Yoast SEO plugin. -->","yoast_head_json":{"title":"Letialune k\u00fclmik 130 liitrit roostevaba teras klaasist uks | Adexa SR200G - Adexa \u2013 Suurk\u00f6\u00f6giseadmed restoranidele ja toitlustusele","robots":{"index":"index","follow":"follow","max-snippet":"max-snippet:-1","max-image-preview":"max-image-preview:large","max-video-preview":"max-video-preview:-1"},"canonical":"https:\/\/adexa.ee\/toode\/letialune-kulmik-130-liitrit-roostevaba-teras-klaasist-uks-adexa-sr200g\/","og_locale":"en_US","og_type":"article","og_title":"Letialune k\u00fclmik 130 liitrit roostevaba teras klaasist uks | Adexa SR200G - Adexa \u2013 Suurk\u00f6\u00f6giseadmed restoranidele ja toitlustusele","og_description":"Ruumi s\u00e4\u00e4stev ja mitmek\u00fclgne professionaalne k\u00fclmik, mille temperatuurivahemik on +2\u00baC kuni +8\u00baC ning millel on v\u00e4line termostaat koos temperatuuri n\u00e4idikuga.","og_url":"https:\/\/adexa.ee\/toode\/letialune-kulmik-130-liitrit-roostevaba-teras-klaasist-uks-adexa-sr200g\/","og_site_name":"Adexa \u2013 Suurk\u00f6\u00f6giseadmed restoranidele ja toitlustusele","article_modified_time":"2026-03-26T10:05:33+00:00","og_image":[{"width":1200,"height":1200,"url":"https:\/\/adexa.ee\/wp-content\/uploads\/2025\/10\/SR200G.jpg","type":"image\/jpeg"}],"twitter_card":"summary_large_image","twitter_misc":{"Est. reading time":"1 minute"},"schema":{"@context":"https:\/\/schema.org","@graph":[{"@type":"WebPage","@id":"https:\/\/adexa.ee\/toode\/letialune-kulmik-130-liitrit-roostevaba-teras-klaasist-uks-adexa-sr200g\/","url":"https:\/\/adexa.ee\/toode\/letialune-kulmik-130-liitrit-roostevaba-teras-klaasist-uks-adexa-sr200g\/","name":"Letialune k\u00fclmik 130 liitrit roostevaba teras klaasist uks | Adexa SR200G - Adexa \u2013 Suurk\u00f6\u00f6giseadmed restoranidele ja toitlustusele","isPartOf":{"@id":"https:\/\/adexa.ee\/#website"},"primaryImageOfPage":{"@id":"https:\/\/adexa.ee\/toode\/letialune-kulmik-130-liitrit-roostevaba-teras-klaasist-uks-adexa-sr200g\/#primaryimage"},"image":{"@id":"https:\/\/adexa.ee\/toode\/letialune-kulmik-130-liitrit-roostevaba-teras-klaasist-uks-adexa-sr200g\/#primaryimage"},"thumbnailUrl":"https:\/\/adexa.ee\/wp-content\/uploads\/2025\/10\/SR200G.jpg","datePublished":"2026-03-26T10:05:31+00:00","dateModified":"2026-03-26T10:05:33+00:00","breadcrumb":{"@id":"https:\/\/adexa.ee\/toode\/letialune-kulmik-130-liitrit-roostevaba-teras-klaasist-uks-adexa-sr200g\/#breadcrumb"},"inLanguage":"en-US","potentialAction":[{"@type":"ReadAction","target":["https:\/\/adexa.ee\/toode\/letialune-kulmik-130-liitrit-roostevaba-teras-klaasist-uks-adexa-sr200g\/"]}]},{"@type":"ImageObject","inLanguage":"en-US","@id":"https:\/\/adexa.ee\/toode\/letialune-kulmik-130-liitrit-roostevaba-teras-klaasist-uks-adexa-sr200g\/#primaryimage","url":"https:\/\/adexa.ee\/wp-content\/uploads\/2025\/10\/SR200G.jpg","contentUrl":"https:\/\/adexa.ee\/wp-content\/uploads\/2025\/10\/SR200G.jpg","width":1200,"height":1200},{"@type":"BreadcrumbList","@id":"https:\/\/adexa.ee\/toode\/letialune-kulmik-130-liitrit-roostevaba-teras-klaasist-uks-adexa-sr200g\/#breadcrumb","itemListElement":[{"@type":"ListItem","position":1,"name":"Home","item":"https:\/\/adexa.ee\/"},{"@type":"ListItem","position":2,"name":"Tooted","item":"https:\/\/adexa.ee\/pood\/"},{"@type":"ListItem","position":3,"name":"Letialune k\u00fclmik 130 liitrit roostevaba teras klaasist uks | Adexa SR200G"}]},{"@type":"WebSite","@id":"https:\/\/adexa.ee\/#website","url":"https:\/\/adexa.ee\/","name":"Adexa","description":"","publisher":{"@id":"https:\/\/adexa.ee\/#organization"},"potentialAction":[{"@type":"SearchAction","target":{"@type":"EntryPoint","urlTemplate":"https:\/\/adexa.ee\/?s={search_term_string}"},"query-input":{"@type":"PropertyValueSpecification","valueRequired":true,"valueName":"search_term_string"}}],"inLanguage":"en-US"},{"@type":"Organization","@id":"https:\/\/adexa.ee\/#organization","name":"Adexa","url":"https:\/\/adexa.ee\/","logo":{"@type":"ImageObject","inLanguage":"en-US","@id":"https:\/\/adexa.ee\/#\/schema\/logo\/image\/","url":"https:\/\/adexa.ee\/wp-content\/uploads\/2024\/04\/chef-cooks-working-in-professional-kitchen-2023-11-27-05-07-39-utc-scaled.jpg","contentUrl":"https:\/\/adexa.ee\/wp-content\/uploads\/2024\/04\/chef-cooks-working-in-professional-kitchen-2023-11-27-05-07-39-utc-scaled.jpg","width":2560,"height":1708,"caption":"Adexa"},"image":{"@id":"https:\/\/adexa.ee\/#\/schema\/logo\/image\/"}}]}},"_links":{"self":[{"href":"https:\/\/adexa.ee\/en\/wp-json\/wp\/v2\/product\/40612","targetHints":{"allow":["GET"]}}],"collection":[{"href":"https:\/\/adexa.ee\/en\/wp-json\/wp\/v2\/product"}],"about":[{"href":"https:\/\/adexa.ee\/en\/wp-json\/wp\/v2\/types\/product"}],"wp:featuredmedia":[{"embeddable":true,"href":"https:\/\/adexa.ee\/en\/wp-json\/wp\/v2\/media\/40614"}],"wp:attachment":[{"href":"https:\/\/adexa.ee\/en\/wp-json\/wp\/v2\/media?parent=40612"}],"wp:term":[{"taxonomy":"product_brand","embeddable":true,"href":"https:\/\/adexa.ee\/en\/wp-json\/wp\/v2\/product_brand?post=40612"},{"taxonomy":"product_cat","embeddable":true,"href":"https:\/\/adexa.ee\/en\/wp-json\/wp\/v2\/product_cat?post=40612"},{"taxonomy":"product_tag","embeddable":true,"href":"https:\/\/adexa.ee\/en\/wp-json\/wp\/v2\/product_tag?post=40612"}],"curies":[{"name":"wp","href":"https:\/\/api.w.org\/{rel}","templated":true}]}}