{"id":40927,"date":"2026-03-27T07:55:56","date_gmt":"2026-03-27T05:55:56","guid":{"rendered":"https:\/\/adexa.ee\/toode\/kommertslik-taisautomaatne-kohvimasin-oast-tassini-16-jooki-3-veega-uhendamise-voimalust-topeltjoogid-sisseehitatud-piimavahustaja-adexa-btb102\/"},"modified":"2026-03-27T07:55:57","modified_gmt":"2026-03-27T05:55:57","slug":"taisautomaatne-kohvimasin-oast-tassini-16-jooki-3-veega-uhendamise-voimalust-topeltjoogid-sisseehitatud-piimavahustaja-adexa-btb102","status":"publish","type":"product","link":"https:\/\/adexa.ee\/en\/toode\/taisautomaatne-kohvimasin-oast-tassini-16-jooki-3-veega-uhendamise-voimalust-topeltjoogid-sisseehitatud-piimavahustaja-adexa-btb102\/","title":{"rendered":"T\u00e4isautomaatne kohvimasin, oast-tassini, 16 jooki, 3 veega \u00fchendamise v\u00f5imalust, topeltjoogid, sisseehitatud piimavahustaja | Adexa BTB102"},"content":{"rendered":"<p>T\u00f5stke oma kohviteenindus uuele tasemele selle professionaalse automaatse kohvimasinaga. Pakkuge barista-kvaliteediga kohvi enneolematu kiiruse ja j\u00e4rjepidevusega, k\u00f5ik vaid \u00fche nupuvajutusega. See t\u00e4isautomaatne kohvimasin on ideaalne lahendus suure mahuga kohviteeninduseks teie kontoris, puhkeruumis, kohvikus, hotellis v\u00f5i kiirteeninduskeskkonnas, k\u00f5rvaldades vajaduse ulatusliku barista koolituse j\u00e4rele, tagades samas erakordse maitse igas tassis. Peamised omadused ja eelised: T\u00f5eline &#8220;Oast-Tassini&#8221; v\u00e4rskus: Integreeritud professionaalse kvaliteediga roostevabast terasest koonusekujuline burr-veski jahvatab terveid ube iga joogi jaoks, s\u00e4ilitades maksimaalse aroomi ja maitse, mis kaob eelnevalt jahvatatud kohvis. Suur maht ja kiirus: M\u00f5eldud pidevaks t\u00f6\u00f6ks, see v\u00f5imas masin suudab toota kuni 80 t\u00e4iuslikku jooki tunnis, v\u00e4hendades oluliselt ooteaegu tipptundidel. \u00dche nupuvajutusega erimen\u00fc\u00fc: Serveeri ulatuslikku men\u00fc\u00fcd populaarsetest jookidest \u00fche puudutusega, sealhulgas Espresso, Cappuccino, Latte Macchiato, Americano, Flat White ja kuum vesi\/aur. 3 veega \u00fchendamise v\u00f5imalust: \u00dchendub otse teie veetorustikuga pidevaks t\u00f6\u00f6ks ilma pideva t\u00e4itmisvajaduseta, \u00fchendage see v\u00e4lise veega v\u00f5i kasutage suurt sisemist veepaaki. Lihtsustatud puhastamine ja hooldus: Sisaldab automaatseid loputus- ja puhastusprogramme pruulimisseadme ja piimas\u00fcsteemi jaoks, v\u00e4hendades t\u00f6\u00f6j\u00f5ukulu ja tagades optimaalse h\u00fcgieeni ja masina pikaealisuse. Tugev kommertslik ehitus: Konstruktsioon on loodud taluma suure liiklusega kommertskeskkonna n\u00f5udmisi. Intuitiivne puutetundlik liides: Suur, kasutajas\u00f5bralik 10,1-tolline Android puutetundlik ekraan lihtsustab joogivalikut nii personalile kui ka iseteenindusklientidele. Kohandatavad joogiretseptid, tugevus ja maht on t\u00e4ielikult programmeeritavad. T\u00e4iustatud piimas\u00fcsteem: Sisaldab automaatset, integreeritud piimavahustuss\u00fcsteemi, mis tagab pidevalt t\u00e4iusliku kuuma piima ja sametise mikrovahtu k\u00f5igi teie erijookide jaoks. Kohviubade j\u00e4\u00e4kide automaatne eemalduss\u00fcsteem 100% roostevabast terasest koonusveski Eemaldatav pruulimisseade Reguleeritav kohvi tugevus Reguleeritav kohvi maht Reguleeritav kohvi temperatuur Reguleeritav kohvipulbri jahvatuse suurus Automaatne loputus lihtsaks puhastamiseks Kiire pruulimis\u00fcksuse puhastamine Palun vaadake &#8216;Spetsifikatsioon&#8217; all \u00fcksikasjalikku teavet.<\/p>\n<table style=\"border-collapse: collapse; width: 100%; text-align: left;\">\n<tbody>\n<tr>\n<td style=\"border: 1px solid #ddd; padding: 8px; width: 45%;\"><strong>S\u00fcgavus<\/strong><\/td>\n<td style=\"border: 1px solid #ddd; padding: 8px;\">475 mm<\/td>\n<\/tr>\n<tr>\n<td style=\"border: 1px solid #ddd; padding: 8px; width: 45%;\"><strong>K\u00f5rgus<\/strong><\/td>\n<td style=\"border: 1px solid #ddd; padding: 8px;\">590mm<\/td>\n<\/tr>\n<tr>\n<td style=\"border: 1px solid #ddd; padding: 8px; width: 45%;\"><strong>Laius<\/strong><\/td>\n<td style=\"border: 1px solid #ddd; padding: 8px;\">251 mm<\/td>\n<\/tr>\n<tr>\n<td style=\"border: 1px solid #ddd; padding: 8px; width: 45%;\"><strong>Kaal<\/strong><\/td>\n<td style=\"border: 1px solid #ddd; padding: 8px;\">19kg<\/td>\n<\/tr>\n<tr>\n<td style=\"border: 1px solid #ddd; padding: 8px; width: 45%;\"><strong>Garantii<\/strong><\/td>\n<td style=\"border: 1px solid #ddd; padding: 8px;\">12 kuu varuosade garantii<\/td>\n<\/tr>\n<tr>\n<td style=\"border: 1px solid #ddd; padding: 8px; width: 45%;\"><strong>Toiteallikas<\/strong><\/td>\n<td style=\"border: 1px solid #ddd; padding: 8px;\">230V \/ 1 faas<\/td>\n<\/tr>\n<tr>\n<td style=\"border: 1px solid #ddd; padding: 8px; width: 45%;\"><strong>V\u00f5imsus<\/strong><\/td>\n<td style=\"border: 1px solid #ddd; padding: 8px;\">1300W<\/td>\n<\/tr>\n<tr>\n<td style=\"border: 1px solid #ddd; padding: 8px; width: 45%;\"><strong>K\u00f5rgus (sisemine)<\/strong><\/td>\n<td style=\"border: 1px solid #ddd; padding: 8px;\">9 &#8211; 13,5 cm (kohvitila k\u00f5rguse vahemik)<\/td>\n<\/tr>\n<tr>\n<td style=\"border: 1px solid #ddd; padding: 8px; width: 45%;\"><strong>Programmid<\/strong><\/td>\n<td style=\"border: 1px solid #ddd; padding: 8px;\">16 (Espresso, Americano, Pikk Kohv, Kuum Vesi, Cappuccino, Kohv Latte, Oulei Kohv, Kuum Piimavaht, Crema Kohv, Ristretto, K\u00fclm Kohv, Topelt Espresso, Kuum Piim, Flat White, Latte Macchiato, Kohvikann)<\/td>\n<\/tr>\n<tr>\n<td style=\"border: 1px solid #ddd; padding: 8px; width: 45%;\"><strong>Kontrollid<\/strong><\/td>\n<td style=\"border: 1px solid #ddd; padding: 8px;\">10.1&#8221; Android puutetundlik ekraan<\/td>\n<\/tr>\n<tr>\n<td style=\"border: 1px solid #ddd; padding: 8px; width: 45%;\"><strong>Automaatne<\/strong><\/td>\n<td style=\"border: 1px solid #ddd; padding: 8px;\">Jah (terved kohvioad)<\/td>\n<\/tr>\n<tr>\n<td style=\"border: 1px solid #ddd; padding: 8px; width: 45%;\"><strong>Mahutavus (kohvioad)<\/strong><\/td>\n<td style=\"border: 1px solid #ddd; padding: 8px;\">1 kg<\/td>\n<\/tr>\n<tr>\n<td style=\"border: 1px solid #ddd; padding: 8px; width: 45%;\"><strong>Veetoru \u00fchendus<\/strong><\/td>\n<td style=\"border: 1px solid #ddd; padding: 8px;\">V\u00f5ib kasutada nii k\u00e4sitsi veega t\u00e4itmiseks kui ka veev\u00f5rgu \u00fchendamiseks.<\/td>\n<\/tr>\n<tr>\n<td style=\"border: 1px solid #ddd; padding: 8px; width: 45%;\"><strong>Mahutavus (reservuaar)<\/strong><\/td>\n<td style=\"border: 1px solid #ddd; padding: 8px;\">3,5-liitrine veepaak<\/td>\n<\/tr>\n<tr>\n<td style=\"border: 1px solid #ddd; padding: 8px; width: 45%;\"><strong>Funktsioonid<\/strong><\/td>\n<td style=\"border: 1px solid #ddd; padding: 8px;\">Espresso, Topelt Espresso, Americano, Klassikaline Kohv, Cappuccino, Caffee Latte, Latte Macchiato, Kuum Piimavaht, Crema Kohv, Ristretto, Flat White, Pikk Kohv, Kuum Piim, Kuum Vesi, Cafe Au Lait, Kohvikann<\/td>\n<\/tr>\n<tr>\n<td style=\"border: 1px solid #ddd; padding: 8px; width: 45%;\"><strong>Puhastamine<\/strong><\/td>\n<td style=\"border: 1px solid #ddd; padding: 8px;\">Automaatne loputus lihtsaks puhastamiseks, Kiire pruulimiss\u00fcdamiku puhastamine, Eemaldatav pruulimisseade<\/td>\n<\/tr>\n<tr>\n<td style=\"border: 1px solid #ddd; padding: 8px; width: 45%;\"><strong>R\u00f5hk<\/strong><\/td>\n<td style=\"border: 1px solid #ddd; padding: 8px;\">19baar<\/td>\n<\/tr>\n<\/tbody>\n<\/table>\n","protected":false},"excerpt":{"rendered":"<p>T\u00f5stke oma kohviteenindus uuele tasemele selle professionaalse automaatse kohvimasinaga. Pakkuge barista-kvaliteediga kohvi enneolematu kiiruse ja j\u00e4rjepidevusega, k\u00f5ik vaid \u00fche nupuvajutusega.<\/p>\n","protected":false},"featured_media":40929,"template":"","meta":[],"product_brand":[],"product_cat":[816,729,613,815],"product_tag":[],"class_list":{"0":"post-40927","1":"product","2":"type-product","3":"status-publish","4":"has-post-thumbnail","6":"product_cat-espresso-kohvimasin","7":"product_cat-filtrikohvimasinad","8":"product_cat-kohv-ja-joogid","9":"product_cat-kohviveskid","11":"first","12":"instock","13":"sale","14":"taxable","15":"shipping-taxable","16":"purchasable","17":"product-type-simple"},"yoast_head":"<!-- This site is optimized with the Yoast SEO plugin v27.3 - https:\/\/yoast.com\/product\/yoast-seo-wordpress\/ -->\n<title>T\u00e4isautomaatne kohvimasin, oast-tassini, 16 jooki, 3 veega \u00fchendamise v\u00f5imalust, topeltjoogid, sisseehitatud piimavahustaja | Adexa BTB102 - Adexa \u2013 Suurk\u00f6\u00f6giseadmed restoranidele ja toitlustusele<\/title>\n<meta name=\"robots\" content=\"index, follow, max-snippet:-1, max-image-preview:large, max-video-preview:-1\" \/>\n<link rel=\"canonical\" href=\"https:\/\/adexa.ee\/toode\/taisautomaatne-kohvimasin-oast-tassini-16-jooki-3-veega-uhendamise-voimalust-topeltjoogid-sisseehitatud-piimavahustaja-adexa-btb102\/\" \/>\n<meta property=\"og:locale\" content=\"en_US\" \/>\n<meta property=\"og:type\" content=\"article\" \/>\n<meta property=\"og:title\" content=\"T\u00e4isautomaatne kohvimasin, oast-tassini, 16 jooki, 3 veega \u00fchendamise v\u00f5imalust, topeltjoogid, sisseehitatud piimavahustaja | Adexa BTB102 - Adexa \u2013 Suurk\u00f6\u00f6giseadmed restoranidele ja toitlustusele\" \/>\n<meta property=\"og:description\" content=\"T\u00f5stke oma kohviteenindus uuele tasemele selle professionaalse automaatse kohvimasinaga. Pakkuge barista-kvaliteediga kohvi enneolematu kiiruse ja j\u00e4rjepidevusega, k\u00f5ik vaid \u00fche nupuvajutusega.\" \/>\n<meta property=\"og:url\" content=\"https:\/\/adexa.ee\/toode\/taisautomaatne-kohvimasin-oast-tassini-16-jooki-3-veega-uhendamise-voimalust-topeltjoogid-sisseehitatud-piimavahustaja-adexa-btb102\/\" \/>\n<meta property=\"og:site_name\" content=\"Adexa \u2013 Suurk\u00f6\u00f6giseadmed restoranidele ja toitlustusele\" \/>\n<meta property=\"article:modified_time\" content=\"2026-03-27T05:55:57+00:00\" \/>\n<meta property=\"og:image\" content=\"https:\/\/adexa.ee\/wp-content\/uploads\/2025\/11\/BTB102N.jpg\" \/>\n\t<meta property=\"og:image:width\" content=\"1130\" \/>\n\t<meta property=\"og:image:height\" content=\"1130\" \/>\n\t<meta property=\"og:image:type\" content=\"image\/jpeg\" \/>\n<meta name=\"twitter:card\" content=\"summary_large_image\" \/>\n<meta name=\"twitter:label1\" content=\"Est. reading time\" \/>\n\t<meta name=\"twitter:data1\" content=\"2 minutes\" \/>\n<script type=\"application\/ld+json\" class=\"yoast-schema-graph\">{\"@context\":\"https:\\\/\\\/schema.org\",\"@graph\":[{\"@type\":\"WebPage\",\"@id\":\"https:\\\/\\\/adexa.ee\\\/toode\\\/taisautomaatne-kohvimasin-oast-tassini-16-jooki-3-veega-uhendamise-voimalust-topeltjoogid-sisseehitatud-piimavahustaja-adexa-btb102\\\/\",\"url\":\"https:\\\/\\\/adexa.ee\\\/toode\\\/taisautomaatne-kohvimasin-oast-tassini-16-jooki-3-veega-uhendamise-voimalust-topeltjoogid-sisseehitatud-piimavahustaja-adexa-btb102\\\/\",\"name\":\"T\u00e4isautomaatne kohvimasin, oast-tassini, 16 jooki, 3 veega \u00fchendamise v\u00f5imalust, topeltjoogid, sisseehitatud piimavahustaja | Adexa BTB102 - Adexa \u2013 Suurk\u00f6\u00f6giseadmed restoranidele ja toitlustusele\",\"isPartOf\":{\"@id\":\"https:\\\/\\\/adexa.ee\\\/#website\"},\"primaryImageOfPage\":{\"@id\":\"https:\\\/\\\/adexa.ee\\\/toode\\\/taisautomaatne-kohvimasin-oast-tassini-16-jooki-3-veega-uhendamise-voimalust-topeltjoogid-sisseehitatud-piimavahustaja-adexa-btb102\\\/#primaryimage\"},\"image\":{\"@id\":\"https:\\\/\\\/adexa.ee\\\/toode\\\/taisautomaatne-kohvimasin-oast-tassini-16-jooki-3-veega-uhendamise-voimalust-topeltjoogid-sisseehitatud-piimavahustaja-adexa-btb102\\\/#primaryimage\"},\"thumbnailUrl\":\"https:\\\/\\\/adexa.ee\\\/wp-content\\\/uploads\\\/2025\\\/11\\\/BTB102N.jpg\",\"datePublished\":\"2026-03-27T05:55:56+00:00\",\"dateModified\":\"2026-03-27T05:55:57+00:00\",\"breadcrumb\":{\"@id\":\"https:\\\/\\\/adexa.ee\\\/toode\\\/taisautomaatne-kohvimasin-oast-tassini-16-jooki-3-veega-uhendamise-voimalust-topeltjoogid-sisseehitatud-piimavahustaja-adexa-btb102\\\/#breadcrumb\"},\"inLanguage\":\"en-US\",\"potentialAction\":[{\"@type\":\"ReadAction\",\"target\":[\"https:\\\/\\\/adexa.ee\\\/toode\\\/taisautomaatne-kohvimasin-oast-tassini-16-jooki-3-veega-uhendamise-voimalust-topeltjoogid-sisseehitatud-piimavahustaja-adexa-btb102\\\/\"]}]},{\"@type\":\"ImageObject\",\"inLanguage\":\"en-US\",\"@id\":\"https:\\\/\\\/adexa.ee\\\/toode\\\/taisautomaatne-kohvimasin-oast-tassini-16-jooki-3-veega-uhendamise-voimalust-topeltjoogid-sisseehitatud-piimavahustaja-adexa-btb102\\\/#primaryimage\",\"url\":\"https:\\\/\\\/adexa.ee\\\/wp-content\\\/uploads\\\/2025\\\/11\\\/BTB102N.jpg\",\"contentUrl\":\"https:\\\/\\\/adexa.ee\\\/wp-content\\\/uploads\\\/2025\\\/11\\\/BTB102N.jpg\",\"width\":1130,\"height\":1130},{\"@type\":\"BreadcrumbList\",\"@id\":\"https:\\\/\\\/adexa.ee\\\/toode\\\/taisautomaatne-kohvimasin-oast-tassini-16-jooki-3-veega-uhendamise-voimalust-topeltjoogid-sisseehitatud-piimavahustaja-adexa-btb102\\\/#breadcrumb\",\"itemListElement\":[{\"@type\":\"ListItem\",\"position\":1,\"name\":\"Home\",\"item\":\"https:\\\/\\\/adexa.ee\\\/\"},{\"@type\":\"ListItem\",\"position\":2,\"name\":\"Tooted\",\"item\":\"https:\\\/\\\/adexa.ee\\\/pood\\\/\"},{\"@type\":\"ListItem\",\"position\":3,\"name\":\"T\u00e4isautomaatne kohvimasin, oast-tassini, 16 jooki, 3 veega \u00fchendamise v\u00f5imalust, topeltjoogid, sisseehitatud piimavahustaja | Adexa BTB102\"}]},{\"@type\":\"WebSite\",\"@id\":\"https:\\\/\\\/adexa.ee\\\/#website\",\"url\":\"https:\\\/\\\/adexa.ee\\\/\",\"name\":\"Adexa\",\"description\":\"\",\"publisher\":{\"@id\":\"https:\\\/\\\/adexa.ee\\\/#organization\"},\"potentialAction\":[{\"@type\":\"SearchAction\",\"target\":{\"@type\":\"EntryPoint\",\"urlTemplate\":\"https:\\\/\\\/adexa.ee\\\/?s={search_term_string}\"},\"query-input\":{\"@type\":\"PropertyValueSpecification\",\"valueRequired\":true,\"valueName\":\"search_term_string\"}}],\"inLanguage\":\"en-US\"},{\"@type\":\"Organization\",\"@id\":\"https:\\\/\\\/adexa.ee\\\/#organization\",\"name\":\"Adexa\",\"url\":\"https:\\\/\\\/adexa.ee\\\/\",\"logo\":{\"@type\":\"ImageObject\",\"inLanguage\":\"en-US\",\"@id\":\"https:\\\/\\\/adexa.ee\\\/#\\\/schema\\\/logo\\\/image\\\/\",\"url\":\"https:\\\/\\\/adexa.ee\\\/wp-content\\\/uploads\\\/2024\\\/04\\\/chef-cooks-working-in-professional-kitchen-2023-11-27-05-07-39-utc-scaled.jpg\",\"contentUrl\":\"https:\\\/\\\/adexa.ee\\\/wp-content\\\/uploads\\\/2024\\\/04\\\/chef-cooks-working-in-professional-kitchen-2023-11-27-05-07-39-utc-scaled.jpg\",\"width\":2560,\"height\":1708,\"caption\":\"Adexa\"},\"image\":{\"@id\":\"https:\\\/\\\/adexa.ee\\\/#\\\/schema\\\/logo\\\/image\\\/\"}}]}<\/script>\n<!-- \/ Yoast SEO plugin. -->","yoast_head_json":{"title":"T\u00e4isautomaatne kohvimasin, oast-tassini, 16 jooki, 3 veega \u00fchendamise v\u00f5imalust, topeltjoogid, sisseehitatud piimavahustaja | Adexa BTB102 - Adexa \u2013 Suurk\u00f6\u00f6giseadmed restoranidele ja toitlustusele","robots":{"index":"index","follow":"follow","max-snippet":"max-snippet:-1","max-image-preview":"max-image-preview:large","max-video-preview":"max-video-preview:-1"},"canonical":"https:\/\/adexa.ee\/toode\/taisautomaatne-kohvimasin-oast-tassini-16-jooki-3-veega-uhendamise-voimalust-topeltjoogid-sisseehitatud-piimavahustaja-adexa-btb102\/","og_locale":"en_US","og_type":"article","og_title":"T\u00e4isautomaatne kohvimasin, oast-tassini, 16 jooki, 3 veega \u00fchendamise v\u00f5imalust, topeltjoogid, sisseehitatud piimavahustaja | Adexa BTB102 - Adexa \u2013 Suurk\u00f6\u00f6giseadmed restoranidele ja toitlustusele","og_description":"T\u00f5stke oma kohviteenindus uuele tasemele selle professionaalse automaatse kohvimasinaga. Pakkuge barista-kvaliteediga kohvi enneolematu kiiruse ja j\u00e4rjepidevusega, k\u00f5ik vaid \u00fche nupuvajutusega.","og_url":"https:\/\/adexa.ee\/toode\/taisautomaatne-kohvimasin-oast-tassini-16-jooki-3-veega-uhendamise-voimalust-topeltjoogid-sisseehitatud-piimavahustaja-adexa-btb102\/","og_site_name":"Adexa \u2013 Suurk\u00f6\u00f6giseadmed restoranidele ja toitlustusele","article_modified_time":"2026-03-27T05:55:57+00:00","og_image":[{"width":1130,"height":1130,"url":"https:\/\/adexa.ee\/wp-content\/uploads\/2025\/11\/BTB102N.jpg","type":"image\/jpeg"}],"twitter_card":"summary_large_image","twitter_misc":{"Est. reading time":"2 minutes"},"schema":{"@context":"https:\/\/schema.org","@graph":[{"@type":"WebPage","@id":"https:\/\/adexa.ee\/toode\/taisautomaatne-kohvimasin-oast-tassini-16-jooki-3-veega-uhendamise-voimalust-topeltjoogid-sisseehitatud-piimavahustaja-adexa-btb102\/","url":"https:\/\/adexa.ee\/toode\/taisautomaatne-kohvimasin-oast-tassini-16-jooki-3-veega-uhendamise-voimalust-topeltjoogid-sisseehitatud-piimavahustaja-adexa-btb102\/","name":"T\u00e4isautomaatne kohvimasin, oast-tassini, 16 jooki, 3 veega \u00fchendamise v\u00f5imalust, topeltjoogid, sisseehitatud piimavahustaja | Adexa BTB102 - Adexa \u2013 Suurk\u00f6\u00f6giseadmed restoranidele ja toitlustusele","isPartOf":{"@id":"https:\/\/adexa.ee\/#website"},"primaryImageOfPage":{"@id":"https:\/\/adexa.ee\/toode\/taisautomaatne-kohvimasin-oast-tassini-16-jooki-3-veega-uhendamise-voimalust-topeltjoogid-sisseehitatud-piimavahustaja-adexa-btb102\/#primaryimage"},"image":{"@id":"https:\/\/adexa.ee\/toode\/taisautomaatne-kohvimasin-oast-tassini-16-jooki-3-veega-uhendamise-voimalust-topeltjoogid-sisseehitatud-piimavahustaja-adexa-btb102\/#primaryimage"},"thumbnailUrl":"https:\/\/adexa.ee\/wp-content\/uploads\/2025\/11\/BTB102N.jpg","datePublished":"2026-03-27T05:55:56+00:00","dateModified":"2026-03-27T05:55:57+00:00","breadcrumb":{"@id":"https:\/\/adexa.ee\/toode\/taisautomaatne-kohvimasin-oast-tassini-16-jooki-3-veega-uhendamise-voimalust-topeltjoogid-sisseehitatud-piimavahustaja-adexa-btb102\/#breadcrumb"},"inLanguage":"en-US","potentialAction":[{"@type":"ReadAction","target":["https:\/\/adexa.ee\/toode\/taisautomaatne-kohvimasin-oast-tassini-16-jooki-3-veega-uhendamise-voimalust-topeltjoogid-sisseehitatud-piimavahustaja-adexa-btb102\/"]}]},{"@type":"ImageObject","inLanguage":"en-US","@id":"https:\/\/adexa.ee\/toode\/taisautomaatne-kohvimasin-oast-tassini-16-jooki-3-veega-uhendamise-voimalust-topeltjoogid-sisseehitatud-piimavahustaja-adexa-btb102\/#primaryimage","url":"https:\/\/adexa.ee\/wp-content\/uploads\/2025\/11\/BTB102N.jpg","contentUrl":"https:\/\/adexa.ee\/wp-content\/uploads\/2025\/11\/BTB102N.jpg","width":1130,"height":1130},{"@type":"BreadcrumbList","@id":"https:\/\/adexa.ee\/toode\/taisautomaatne-kohvimasin-oast-tassini-16-jooki-3-veega-uhendamise-voimalust-topeltjoogid-sisseehitatud-piimavahustaja-adexa-btb102\/#breadcrumb","itemListElement":[{"@type":"ListItem","position":1,"name":"Home","item":"https:\/\/adexa.ee\/"},{"@type":"ListItem","position":2,"name":"Tooted","item":"https:\/\/adexa.ee\/pood\/"},{"@type":"ListItem","position":3,"name":"T\u00e4isautomaatne kohvimasin, oast-tassini, 16 jooki, 3 veega \u00fchendamise v\u00f5imalust, topeltjoogid, sisseehitatud piimavahustaja | Adexa BTB102"}]},{"@type":"WebSite","@id":"https:\/\/adexa.ee\/#website","url":"https:\/\/adexa.ee\/","name":"Adexa","description":"","publisher":{"@id":"https:\/\/adexa.ee\/#organization"},"potentialAction":[{"@type":"SearchAction","target":{"@type":"EntryPoint","urlTemplate":"https:\/\/adexa.ee\/?s={search_term_string}"},"query-input":{"@type":"PropertyValueSpecification","valueRequired":true,"valueName":"search_term_string"}}],"inLanguage":"en-US"},{"@type":"Organization","@id":"https:\/\/adexa.ee\/#organization","name":"Adexa","url":"https:\/\/adexa.ee\/","logo":{"@type":"ImageObject","inLanguage":"en-US","@id":"https:\/\/adexa.ee\/#\/schema\/logo\/image\/","url":"https:\/\/adexa.ee\/wp-content\/uploads\/2024\/04\/chef-cooks-working-in-professional-kitchen-2023-11-27-05-07-39-utc-scaled.jpg","contentUrl":"https:\/\/adexa.ee\/wp-content\/uploads\/2024\/04\/chef-cooks-working-in-professional-kitchen-2023-11-27-05-07-39-utc-scaled.jpg","width":2560,"height":1708,"caption":"Adexa"},"image":{"@id":"https:\/\/adexa.ee\/#\/schema\/logo\/image\/"}}]}},"_links":{"self":[{"href":"https:\/\/adexa.ee\/en\/wp-json\/wp\/v2\/product\/40927","targetHints":{"allow":["GET"]}}],"collection":[{"href":"https:\/\/adexa.ee\/en\/wp-json\/wp\/v2\/product"}],"about":[{"href":"https:\/\/adexa.ee\/en\/wp-json\/wp\/v2\/types\/product"}],"wp:featuredmedia":[{"embeddable":true,"href":"https:\/\/adexa.ee\/en\/wp-json\/wp\/v2\/media\/40929"}],"wp:attachment":[{"href":"https:\/\/adexa.ee\/en\/wp-json\/wp\/v2\/media?parent=40927"}],"wp:term":[{"taxonomy":"product_brand","embeddable":true,"href":"https:\/\/adexa.ee\/en\/wp-json\/wp\/v2\/product_brand?post=40927"},{"taxonomy":"product_cat","embeddable":true,"href":"https:\/\/adexa.ee\/en\/wp-json\/wp\/v2\/product_cat?post=40927"},{"taxonomy":"product_tag","embeddable":true,"href":"https:\/\/adexa.ee\/en\/wp-json\/wp\/v2\/product_tag?post=40927"}],"curies":[{"name":"wp","href":"https:\/\/api.w.org\/{rel}","templated":true}]}}