{"id":41205,"date":"2026-03-26T12:05:31","date_gmt":"2026-03-26T10:05:31","guid":{"rendered":"https:\/\/adexa.ee\/toode\/professionaalne-kombiahi-elektriline-10-alusega-gn1-1-600x400m-elektromehaanilised-juhtimisseadmed-otsese-auruga-tecnoeka-mkf1016s\/"},"modified":"2026-03-26T12:05:35","modified_gmt":"2026-03-26T10:05:35","slug":"professionaalne-kombiahi-elektriline-10-x-gn1-1-600x400m-elektromehaanilised-juhtimisseadmed-otsene-aur-tecnoeka-mkf1016s","status":"publish","type":"product","link":"https:\/\/adexa.ee\/en\/toode\/professionaalne-kombiahi-elektriline-10-x-gn1-1-600x400m-elektromehaanilised-juhtimisseadmed-otsene-aur-tecnoeka-mkf1016s\/","title":{"rendered":"Professionaalne Kombiahi Elektriline 10 x GN1\/1 &#038; 600x400m Elektromehaanilised Juhtimisseadmed Otsene Aur | Tecnoeka MKF1016S"},"content":{"rendered":"<p>Itaalia kvaliteetne kommertskombiahi. Professionaalne elektriline kombiauruti otsese auruga. Kavandatud ja konstrueeritud keskmise ja suure suurusega restoranidele, pagarit\u00f6\u00f6kodadele ja kondiitritoodete ettev\u00f5tetele, kes vajavad ahju, mis pakub professionaalset j\u00f5udlust ruumis\u00e4\u00e4stvas pakendis. Pitsad, leivad ja peened kondiitritooted: kasutage seda suurte partiide k\u00fcpsetamiseks ilma v\u00e4\u00e4rtuslikku aega ohverdamata. R\u00e4\u00e4kimata lasanjest, gratineeritud k\u00f6\u00f6giviljadest, liha- ja kalapraadidest ning aeglast k\u00fcpsetamist vajavatest lihadest. Selle k\u00f5rge j\u00f5udlus teeb sellest ideaalse liitlase igale pagarit\u00f6\u00f6 ja kondiitritoodete professionaalile. Vastupidav ja usaldusv\u00e4\u00e4rne, see annab teile \u00fcletamatu vabaduse kohandada k\u00fcpsetamist vastavalt teie erinevatele vajadustele t\u00e4nu otsese auru valikule. Roostevabast terasest k\u00fcpsetuskamber Aur: Otsene aur, mida juhitakse nupuga (5 taset) 10 resti\/panni tugi Uks inspekteerimisklaasiga Reguleeritavad uksehinged Kiire k\u00fclgtoestuste kinnitamine Sisseehitatud tihend Virnastatav Sisemiste osade sunnitud jahutuss\u00fcsteem IPX 4 K\u00e4sipesu seadistus CB sertifikaat V\u00f5imsus: 15,5kW 3 kahesuunalist mootorit Dokumendid Kl\u00f5psake siin, et alla laadida kasutusjuhend Kl\u00f5psake siin, et alla laadida paigaldus- ja hooldusjuhend Kl\u00f5psake siin, et alla laadida tehniline teave Palun vaadake &#8216;Spetsifikatsioon&#8217; alt \u00fcksikasjalikku teavet.<\/p>\n<table style=\"border-collapse: collapse; width: 100%; text-align: left;\">\n<tbody>\n<tr>\n<td style=\"border: 1px solid #ddd; padding: 8px; width: 45%;\"><strong>S\u00fcgavus<\/strong><\/td>\n<td style=\"border: 1px solid #ddd; padding: 8px;\">1041 mm<\/td>\n<\/tr>\n<tr>\n<td style=\"border: 1px solid #ddd; padding: 8px; width: 45%;\"><strong>K\u00f5rgus<\/strong><\/td>\n<td style=\"border: 1px solid #ddd; padding: 8px;\">1130 mm<\/td>\n<\/tr>\n<tr>\n<td style=\"border: 1px solid #ddd; padding: 8px; width: 45%;\"><strong>Laius<\/strong><\/td>\n<td style=\"border: 1px solid #ddd; padding: 8px;\">850mm<\/td>\n<\/tr>\n<tr>\n<td style=\"border: 1px solid #ddd; padding: 8px; width: 45%;\"><strong>Kaal<\/strong><\/td>\n<td style=\"border: 1px solid #ddd; padding: 8px;\">140,4 kg<\/td>\n<\/tr>\n<tr>\n<td style=\"border: 1px solid #ddd; padding: 8px; width: 45%;\"><strong>Garantii<\/strong><\/td>\n<td style=\"border: 1px solid #ddd; padding: 8px;\">12 kuu varuosade garantii<\/td>\n<\/tr>\n<tr>\n<td style=\"border: 1px solid #ddd; padding: 8px; width: 45%;\"><strong>Mahutavus<\/strong><\/td>\n<td style=\"border: 1px solid #ddd; padding: 8px;\">10 x GN1\/1 \/ 600x400mm (alused ei kuulu komplekti)<\/td>\n<\/tr>\n<tr>\n<td style=\"border: 1px solid #ddd; padding: 8px; width: 45%;\"><strong>Toiteallikas<\/strong><\/td>\n<td style=\"border: 1px solid #ddd; padding: 8px;\">400V \/ 3 faasi<\/td>\n<\/tr>\n<tr>\n<td style=\"border: 1px solid #ddd; padding: 8px; width: 45%;\"><strong>V\u00f5imsus<\/strong><\/td>\n<td style=\"border: 1px solid #ddd; padding: 8px;\">15500W<\/td>\n<\/tr>\n<tr>\n<td style=\"border: 1px solid #ddd; padding: 8px; width: 45%;\"><strong>Jalad<\/strong><\/td>\n<td style=\"border: 1px solid #ddd; padding: 8px;\">Reguleeritav<\/td>\n<\/tr>\n<tr>\n<td style=\"border: 1px solid #ddd; padding: 8px; width: 45%;\"><strong>Plaadi\/V\u00f5re suurus<\/strong><\/td>\n<td style=\"border: 1px solid #ddd; padding: 8px;\">GN1\/1 \/ 600x400mm (aluseid ei ole kaasas)<\/td>\n<\/tr>\n<tr>\n<td style=\"border: 1px solid #ddd; padding: 8px; width: 45%;\"><strong>Plaadi\/V\u00f5re vahemaa<\/strong><\/td>\n<td style=\"border: 1px solid #ddd; padding: 8px;\">80 mm<\/td>\n<\/tr>\n<tr>\n<td style=\"border: 1px solid #ddd; padding: 8px; width: 45%;\"><strong>Temperatuur<\/strong><\/td>\n<td style=\"border: 1px solid #ddd; padding: 8px;\">+100 \u00b0C kuni +270 \u00b0C<\/td>\n<\/tr>\n<tr>\n<td style=\"border: 1px solid #ddd; padding: 8px; width: 45%;\"><strong>Kontrollid<\/strong><\/td>\n<td style=\"border: 1px solid #ddd; padding: 8px;\">Elektromehaanik<\/td>\n<\/tr>\n<tr>\n<td style=\"border: 1px solid #ddd; padding: 8px; width: 45%;\"><strong>Materjal (v\u00e4limine)<\/strong><\/td>\n<td style=\"border: 1px solid #ddd; padding: 8px;\">Roostevaba teras<\/td>\n<\/tr>\n<tr>\n<td style=\"border: 1px solid #ddd; padding: 8px; width: 45%;\"><strong>Materjal (sisemine)<\/strong><\/td>\n<td style=\"border: 1px solid #ddd; padding: 8px;\">AISI 304 roostevaba teras<\/td>\n<\/tr>\n<tr>\n<td style=\"border: 1px solid #ddd; padding: 8px; width: 45%;\"><strong>Aur \/ Niisutamine<\/strong><\/td>\n<td style=\"border: 1px solid #ddd; padding: 8px;\">Otsene aur 5 sammuga<\/td>\n<\/tr>\n<tr>\n<td style=\"border: 1px solid #ddd; padding: 8px; width: 45%;\"><strong>Ventilaator<\/strong><\/td>\n<td style=\"border: 1px solid #ddd; padding: 8px;\">3 kahesuunaline<\/td>\n<\/tr>\n<tr>\n<td style=\"border: 1px solid #ddd; padding: 8px; width: 45%;\"><strong>Ahju t\u00fc\u00fcp<\/strong><\/td>\n<td style=\"border: 1px solid #ddd; padding: 8px;\">Pagari\u00e4ri ja gastronoomia<\/td>\n<\/tr>\n<tr>\n<td style=\"border: 1px solid #ddd; padding: 8px; width: 45%;\"><strong>IPX hinnang<\/strong><\/td>\n<td style=\"border: 1px solid #ddd; padding: 8px;\">IPX4<\/td>\n<\/tr>\n<\/tbody>\n<\/table>\n","protected":false},"excerpt":{"rendered":"<p>Itaalia kvaliteetne kommertskombiahi. Professionaalne elektriline kombiauruti otsese auruga. Kavandatud ja konstrueeritud keskmise ja suure suurusega restoranidele, pagarit\u00f6\u00f6kodadele ja kondiitritoodete ettev\u00f5tetele,<\/p>\n","protected":false},"featured_media":41207,"template":"","meta":[],"product_brand":[],"product_cat":[599,861,569],"product_tag":[],"class_list":{"0":"post-41205","1":"product","2":"type-product","3":"status-publish","4":"has-post-thumbnail","6":"product_cat-ahjud","7":"product_cat-elektrilised-kombiahjud-manuaaljuhtimisega","8":"product_cat-lopumuuk","10":"first","11":"instock","12":"sale","13":"taxable","14":"shipping-taxable","15":"purchasable","16":"product-type-simple"},"yoast_head":"<!-- This site is optimized with the Yoast SEO plugin v27.3 - https:\/\/yoast.com\/product\/yoast-seo-wordpress\/ -->\n<title>Professionaalne Kombiahi Elektriline 10 x GN1\/1 &amp; 600x400m Elektromehaanilised Juhtimisseadmed Otsene Aur | Tecnoeka MKF1016S - Adexa \u2013 Suurk\u00f6\u00f6giseadmed restoranidele ja toitlustusele<\/title>\n<meta name=\"robots\" content=\"index, follow, max-snippet:-1, max-image-preview:large, max-video-preview:-1\" \/>\n<link rel=\"canonical\" href=\"https:\/\/adexa.ee\/toode\/professionaalne-kombiahi-elektriline-10-x-gn1-1-600x400m-elektromehaanilised-juhtimisseadmed-otsene-aur-tecnoeka-mkf1016s\/\" \/>\n<meta property=\"og:locale\" content=\"en_US\" \/>\n<meta property=\"og:type\" content=\"article\" \/>\n<meta property=\"og:title\" content=\"Professionaalne Kombiahi Elektriline 10 x GN1\/1 &amp; 600x400m Elektromehaanilised Juhtimisseadmed Otsene Aur | Tecnoeka MKF1016S - Adexa \u2013 Suurk\u00f6\u00f6giseadmed restoranidele ja toitlustusele\" \/>\n<meta property=\"og:description\" content=\"Itaalia kvaliteetne kommertskombiahi. Professionaalne elektriline kombiauruti otsese auruga. Kavandatud ja konstrueeritud keskmise ja suure suurusega restoranidele, pagarit\u00f6\u00f6kodadele ja kondiitritoodete ettev\u00f5tetele,\" \/>\n<meta property=\"og:url\" content=\"https:\/\/adexa.ee\/toode\/professionaalne-kombiahi-elektriline-10-x-gn1-1-600x400m-elektromehaanilised-juhtimisseadmed-otsene-aur-tecnoeka-mkf1016s\/\" \/>\n<meta property=\"og:site_name\" content=\"Adexa \u2013 Suurk\u00f6\u00f6giseadmed restoranidele ja toitlustusele\" \/>\n<meta property=\"article:modified_time\" content=\"2026-03-26T10:05:35+00:00\" \/>\n<meta property=\"og:image\" content=\"https:\/\/adexa.ee\/wp-content\/uploads\/2025\/11\/MKF1016S-.jpg\" \/>\n\t<meta property=\"og:image:width\" content=\"2000\" \/>\n\t<meta property=\"og:image:height\" content=\"2000\" \/>\n\t<meta property=\"og:image:type\" content=\"image\/jpeg\" \/>\n<meta name=\"twitter:card\" content=\"summary_large_image\" \/>\n<meta name=\"twitter:label1\" content=\"Est. reading time\" \/>\n\t<meta name=\"twitter:data1\" content=\"1 minute\" \/>\n<script type=\"application\/ld+json\" class=\"yoast-schema-graph\">{\"@context\":\"https:\\\/\\\/schema.org\",\"@graph\":[{\"@type\":\"WebPage\",\"@id\":\"https:\\\/\\\/adexa.ee\\\/toode\\\/professionaalne-kombiahi-elektriline-10-x-gn1-1-600x400m-elektromehaanilised-juhtimisseadmed-otsene-aur-tecnoeka-mkf1016s\\\/\",\"url\":\"https:\\\/\\\/adexa.ee\\\/toode\\\/professionaalne-kombiahi-elektriline-10-x-gn1-1-600x400m-elektromehaanilised-juhtimisseadmed-otsene-aur-tecnoeka-mkf1016s\\\/\",\"name\":\"Professionaalne Kombiahi Elektriline 10 x GN1\\\/1 & 600x400m Elektromehaanilised Juhtimisseadmed Otsene Aur | Tecnoeka MKF1016S - Adexa \u2013 Suurk\u00f6\u00f6giseadmed restoranidele ja toitlustusele\",\"isPartOf\":{\"@id\":\"https:\\\/\\\/adexa.ee\\\/#website\"},\"primaryImageOfPage\":{\"@id\":\"https:\\\/\\\/adexa.ee\\\/toode\\\/professionaalne-kombiahi-elektriline-10-x-gn1-1-600x400m-elektromehaanilised-juhtimisseadmed-otsene-aur-tecnoeka-mkf1016s\\\/#primaryimage\"},\"image\":{\"@id\":\"https:\\\/\\\/adexa.ee\\\/toode\\\/professionaalne-kombiahi-elektriline-10-x-gn1-1-600x400m-elektromehaanilised-juhtimisseadmed-otsene-aur-tecnoeka-mkf1016s\\\/#primaryimage\"},\"thumbnailUrl\":\"https:\\\/\\\/adexa.ee\\\/wp-content\\\/uploads\\\/2025\\\/11\\\/MKF1016S-.jpg\",\"datePublished\":\"2026-03-26T10:05:31+00:00\",\"dateModified\":\"2026-03-26T10:05:35+00:00\",\"breadcrumb\":{\"@id\":\"https:\\\/\\\/adexa.ee\\\/toode\\\/professionaalne-kombiahi-elektriline-10-x-gn1-1-600x400m-elektromehaanilised-juhtimisseadmed-otsene-aur-tecnoeka-mkf1016s\\\/#breadcrumb\"},\"inLanguage\":\"en-US\",\"potentialAction\":[{\"@type\":\"ReadAction\",\"target\":[\"https:\\\/\\\/adexa.ee\\\/toode\\\/professionaalne-kombiahi-elektriline-10-x-gn1-1-600x400m-elektromehaanilised-juhtimisseadmed-otsene-aur-tecnoeka-mkf1016s\\\/\"]}]},{\"@type\":\"ImageObject\",\"inLanguage\":\"en-US\",\"@id\":\"https:\\\/\\\/adexa.ee\\\/toode\\\/professionaalne-kombiahi-elektriline-10-x-gn1-1-600x400m-elektromehaanilised-juhtimisseadmed-otsene-aur-tecnoeka-mkf1016s\\\/#primaryimage\",\"url\":\"https:\\\/\\\/adexa.ee\\\/wp-content\\\/uploads\\\/2025\\\/11\\\/MKF1016S-.jpg\",\"contentUrl\":\"https:\\\/\\\/adexa.ee\\\/wp-content\\\/uploads\\\/2025\\\/11\\\/MKF1016S-.jpg\",\"width\":2000,\"height\":2000},{\"@type\":\"BreadcrumbList\",\"@id\":\"https:\\\/\\\/adexa.ee\\\/toode\\\/professionaalne-kombiahi-elektriline-10-x-gn1-1-600x400m-elektromehaanilised-juhtimisseadmed-otsene-aur-tecnoeka-mkf1016s\\\/#breadcrumb\",\"itemListElement\":[{\"@type\":\"ListItem\",\"position\":1,\"name\":\"Home\",\"item\":\"https:\\\/\\\/adexa.ee\\\/\"},{\"@type\":\"ListItem\",\"position\":2,\"name\":\"Tooted\",\"item\":\"https:\\\/\\\/adexa.ee\\\/pood\\\/\"},{\"@type\":\"ListItem\",\"position\":3,\"name\":\"Professionaalne Kombiahi Elektriline 10 x GN1\\\/1 &#038; 600x400m Elektromehaanilised Juhtimisseadmed Otsene Aur | Tecnoeka MKF1016S\"}]},{\"@type\":\"WebSite\",\"@id\":\"https:\\\/\\\/adexa.ee\\\/#website\",\"url\":\"https:\\\/\\\/adexa.ee\\\/\",\"name\":\"Adexa\",\"description\":\"\",\"publisher\":{\"@id\":\"https:\\\/\\\/adexa.ee\\\/#organization\"},\"potentialAction\":[{\"@type\":\"SearchAction\",\"target\":{\"@type\":\"EntryPoint\",\"urlTemplate\":\"https:\\\/\\\/adexa.ee\\\/?s={search_term_string}\"},\"query-input\":{\"@type\":\"PropertyValueSpecification\",\"valueRequired\":true,\"valueName\":\"search_term_string\"}}],\"inLanguage\":\"en-US\"},{\"@type\":\"Organization\",\"@id\":\"https:\\\/\\\/adexa.ee\\\/#organization\",\"name\":\"Adexa\",\"url\":\"https:\\\/\\\/adexa.ee\\\/\",\"logo\":{\"@type\":\"ImageObject\",\"inLanguage\":\"en-US\",\"@id\":\"https:\\\/\\\/adexa.ee\\\/#\\\/schema\\\/logo\\\/image\\\/\",\"url\":\"https:\\\/\\\/adexa.ee\\\/wp-content\\\/uploads\\\/2024\\\/04\\\/chef-cooks-working-in-professional-kitchen-2023-11-27-05-07-39-utc-scaled.jpg\",\"contentUrl\":\"https:\\\/\\\/adexa.ee\\\/wp-content\\\/uploads\\\/2024\\\/04\\\/chef-cooks-working-in-professional-kitchen-2023-11-27-05-07-39-utc-scaled.jpg\",\"width\":2560,\"height\":1708,\"caption\":\"Adexa\"},\"image\":{\"@id\":\"https:\\\/\\\/adexa.ee\\\/#\\\/schema\\\/logo\\\/image\\\/\"}}]}<\/script>\n<!-- \/ Yoast SEO plugin. -->","yoast_head_json":{"title":"Professionaalne Kombiahi Elektriline 10 x GN1\/1 & 600x400m Elektromehaanilised Juhtimisseadmed Otsene Aur | Tecnoeka MKF1016S - Adexa \u2013 Suurk\u00f6\u00f6giseadmed restoranidele ja toitlustusele","robots":{"index":"index","follow":"follow","max-snippet":"max-snippet:-1","max-image-preview":"max-image-preview:large","max-video-preview":"max-video-preview:-1"},"canonical":"https:\/\/adexa.ee\/toode\/professionaalne-kombiahi-elektriline-10-x-gn1-1-600x400m-elektromehaanilised-juhtimisseadmed-otsene-aur-tecnoeka-mkf1016s\/","og_locale":"en_US","og_type":"article","og_title":"Professionaalne Kombiahi Elektriline 10 x GN1\/1 & 600x400m Elektromehaanilised Juhtimisseadmed Otsene Aur | Tecnoeka MKF1016S - Adexa \u2013 Suurk\u00f6\u00f6giseadmed restoranidele ja toitlustusele","og_description":"Itaalia kvaliteetne kommertskombiahi. Professionaalne elektriline kombiauruti otsese auruga. Kavandatud ja konstrueeritud keskmise ja suure suurusega restoranidele, pagarit\u00f6\u00f6kodadele ja kondiitritoodete ettev\u00f5tetele,","og_url":"https:\/\/adexa.ee\/toode\/professionaalne-kombiahi-elektriline-10-x-gn1-1-600x400m-elektromehaanilised-juhtimisseadmed-otsene-aur-tecnoeka-mkf1016s\/","og_site_name":"Adexa \u2013 Suurk\u00f6\u00f6giseadmed restoranidele ja toitlustusele","article_modified_time":"2026-03-26T10:05:35+00:00","og_image":[{"width":2000,"height":2000,"url":"https:\/\/adexa.ee\/wp-content\/uploads\/2025\/11\/MKF1016S-.jpg","type":"image\/jpeg"}],"twitter_card":"summary_large_image","twitter_misc":{"Est. reading time":"1 minute"},"schema":{"@context":"https:\/\/schema.org","@graph":[{"@type":"WebPage","@id":"https:\/\/adexa.ee\/toode\/professionaalne-kombiahi-elektriline-10-x-gn1-1-600x400m-elektromehaanilised-juhtimisseadmed-otsene-aur-tecnoeka-mkf1016s\/","url":"https:\/\/adexa.ee\/toode\/professionaalne-kombiahi-elektriline-10-x-gn1-1-600x400m-elektromehaanilised-juhtimisseadmed-otsene-aur-tecnoeka-mkf1016s\/","name":"Professionaalne Kombiahi Elektriline 10 x GN1\/1 & 600x400m Elektromehaanilised Juhtimisseadmed Otsene Aur | Tecnoeka MKF1016S - Adexa \u2013 Suurk\u00f6\u00f6giseadmed restoranidele ja toitlustusele","isPartOf":{"@id":"https:\/\/adexa.ee\/#website"},"primaryImageOfPage":{"@id":"https:\/\/adexa.ee\/toode\/professionaalne-kombiahi-elektriline-10-x-gn1-1-600x400m-elektromehaanilised-juhtimisseadmed-otsene-aur-tecnoeka-mkf1016s\/#primaryimage"},"image":{"@id":"https:\/\/adexa.ee\/toode\/professionaalne-kombiahi-elektriline-10-x-gn1-1-600x400m-elektromehaanilised-juhtimisseadmed-otsene-aur-tecnoeka-mkf1016s\/#primaryimage"},"thumbnailUrl":"https:\/\/adexa.ee\/wp-content\/uploads\/2025\/11\/MKF1016S-.jpg","datePublished":"2026-03-26T10:05:31+00:00","dateModified":"2026-03-26T10:05:35+00:00","breadcrumb":{"@id":"https:\/\/adexa.ee\/toode\/professionaalne-kombiahi-elektriline-10-x-gn1-1-600x400m-elektromehaanilised-juhtimisseadmed-otsene-aur-tecnoeka-mkf1016s\/#breadcrumb"},"inLanguage":"en-US","potentialAction":[{"@type":"ReadAction","target":["https:\/\/adexa.ee\/toode\/professionaalne-kombiahi-elektriline-10-x-gn1-1-600x400m-elektromehaanilised-juhtimisseadmed-otsene-aur-tecnoeka-mkf1016s\/"]}]},{"@type":"ImageObject","inLanguage":"en-US","@id":"https:\/\/adexa.ee\/toode\/professionaalne-kombiahi-elektriline-10-x-gn1-1-600x400m-elektromehaanilised-juhtimisseadmed-otsene-aur-tecnoeka-mkf1016s\/#primaryimage","url":"https:\/\/adexa.ee\/wp-content\/uploads\/2025\/11\/MKF1016S-.jpg","contentUrl":"https:\/\/adexa.ee\/wp-content\/uploads\/2025\/11\/MKF1016S-.jpg","width":2000,"height":2000},{"@type":"BreadcrumbList","@id":"https:\/\/adexa.ee\/toode\/professionaalne-kombiahi-elektriline-10-x-gn1-1-600x400m-elektromehaanilised-juhtimisseadmed-otsene-aur-tecnoeka-mkf1016s\/#breadcrumb","itemListElement":[{"@type":"ListItem","position":1,"name":"Home","item":"https:\/\/adexa.ee\/"},{"@type":"ListItem","position":2,"name":"Tooted","item":"https:\/\/adexa.ee\/pood\/"},{"@type":"ListItem","position":3,"name":"Professionaalne Kombiahi Elektriline 10 x GN1\/1 &#038; 600x400m Elektromehaanilised Juhtimisseadmed Otsene Aur | Tecnoeka MKF1016S"}]},{"@type":"WebSite","@id":"https:\/\/adexa.ee\/#website","url":"https:\/\/adexa.ee\/","name":"Adexa","description":"","publisher":{"@id":"https:\/\/adexa.ee\/#organization"},"potentialAction":[{"@type":"SearchAction","target":{"@type":"EntryPoint","urlTemplate":"https:\/\/adexa.ee\/?s={search_term_string}"},"query-input":{"@type":"PropertyValueSpecification","valueRequired":true,"valueName":"search_term_string"}}],"inLanguage":"en-US"},{"@type":"Organization","@id":"https:\/\/adexa.ee\/#organization","name":"Adexa","url":"https:\/\/adexa.ee\/","logo":{"@type":"ImageObject","inLanguage":"en-US","@id":"https:\/\/adexa.ee\/#\/schema\/logo\/image\/","url":"https:\/\/adexa.ee\/wp-content\/uploads\/2024\/04\/chef-cooks-working-in-professional-kitchen-2023-11-27-05-07-39-utc-scaled.jpg","contentUrl":"https:\/\/adexa.ee\/wp-content\/uploads\/2024\/04\/chef-cooks-working-in-professional-kitchen-2023-11-27-05-07-39-utc-scaled.jpg","width":2560,"height":1708,"caption":"Adexa"},"image":{"@id":"https:\/\/adexa.ee\/#\/schema\/logo\/image\/"}}]}},"_links":{"self":[{"href":"https:\/\/adexa.ee\/en\/wp-json\/wp\/v2\/product\/41205","targetHints":{"allow":["GET"]}}],"collection":[{"href":"https:\/\/adexa.ee\/en\/wp-json\/wp\/v2\/product"}],"about":[{"href":"https:\/\/adexa.ee\/en\/wp-json\/wp\/v2\/types\/product"}],"wp:featuredmedia":[{"embeddable":true,"href":"https:\/\/adexa.ee\/en\/wp-json\/wp\/v2\/media\/41207"}],"wp:attachment":[{"href":"https:\/\/adexa.ee\/en\/wp-json\/wp\/v2\/media?parent=41205"}],"wp:term":[{"taxonomy":"product_brand","embeddable":true,"href":"https:\/\/adexa.ee\/en\/wp-json\/wp\/v2\/product_brand?post=41205"},{"taxonomy":"product_cat","embeddable":true,"href":"https:\/\/adexa.ee\/en\/wp-json\/wp\/v2\/product_cat?post=41205"},{"taxonomy":"product_tag","embeddable":true,"href":"https:\/\/adexa.ee\/en\/wp-json\/wp\/v2\/product_tag?post=41205"}],"curies":[{"name":"wp","href":"https:\/\/api.w.org\/{rel}","templated":true}]}}