{"id":41219,"date":"2026-03-26T12:05:31","date_gmt":"2026-03-26T10:05:31","guid":{"rendered":"https:\/\/adexa.ee\/toode\/professionaalne-kombiahi-elektriline-6-alusega-gn1-1-ja-600x400mm-elektromehaanilised-juhtimisseadmed-otsene-aur-tecnoeka-mkf616s\/"},"modified":"2026-03-26T12:05:36","modified_gmt":"2026-03-26T10:05:36","slug":"professionaalne-kombiahi-elektriline-6-x-gn1-1-ja-600x400mm-elektromehaanilised-juhtimisseadmed-otsene-aur-tecnoeka-mkf616s","status":"publish","type":"product","link":"https:\/\/adexa.ee\/en\/toode\/professionaalne-kombiahi-elektriline-6-x-gn1-1-ja-600x400mm-elektromehaanilised-juhtimisseadmed-otsene-aur-tecnoeka-mkf616s\/","title":{"rendered":"Professionaalne kombiahi Elektriline 6 x GN1\/1 ja 600x400mm Elektromehaanilised juhtimisseadmed Otsene aur | Tecnoeka MKF616S"},"content":{"rendered":"<p>Itaalias valmistatud k\u00f5rgekvaliteediline kommertskombiahi. Professionaalne elektriline kombiahi otsese auruga. Kavandatud ja konstrueeritud keskmise suurusega restoranidele, pagarit\u00f6\u00f6kodadele ja kondiitri\u00e4rile, mis vajavad ahju, mis pakub professionaalset j\u00f5udlust ruumis\u00e4\u00e4stvas pakendis. Pitsad, leib, lehttainas, biskviidid, k\u00fcpsised, ekleerid ja p\u00e4rmitooted&#8230; ja isegi peened kondiitritooted. Otsese auruga saate kohandada, kuidas iga rooga k\u00fcpsetate, nautides v\u00f5imalust lasta oma kujutlusv\u00f5imel vabalt lennata. Roostevabast terasest k\u00fcpsetuskamber Uks inspekteerimisklaasiga Reguleeritavad uksehinged K\u00fclgtugede kiire kinnitamine Sisseehitatud tihend Virnastatav Sisemiste osade sundjahutuss\u00fcsteem IPX 4 K\u00e4sipesu seadistus Uus k\u00fcpsetuskambri disain CB sertifikaat Toiteallikas 10,4 kW 2 kahesuunalist mootorit Otsene aur juhitav nupuga (5 taset) Bivalentne\/kahepoolne tugi nii GN1\/1 kui ka 600x400mm alustele Dokumendid Kl\u00f5psake siin, et alla laadida kasutusjuhend Kl\u00f5psake siin, et alla laadida paigaldus- ja hooldusjuhend Kl\u00f5psake siin, et alla laadida tehniline teave Palun vaadake &#8216;Spetsifikatsioonide&#8217; alt \u00fcksikasjalikku teavet.<\/p>\n<table style=\"border-collapse: collapse; width: 100%; text-align: left;\">\n<tbody>\n<tr>\n<td style=\"border: 1px solid #ddd; padding: 8px; width: 45%;\"><strong>S\u00fcgavus<\/strong><\/td>\n<td style=\"border: 1px solid #ddd; padding: 8px;\">1041 mm<\/td>\n<\/tr>\n<tr>\n<td style=\"border: 1px solid #ddd; padding: 8px; width: 45%;\"><strong>K\u00f5rgus<\/strong><\/td>\n<td style=\"border: 1px solid #ddd; padding: 8px;\">850mm<\/td>\n<\/tr>\n<tr>\n<td style=\"border: 1px solid #ddd; padding: 8px; width: 45%;\"><strong>Laius<\/strong><\/td>\n<td style=\"border: 1px solid #ddd; padding: 8px;\">850mm<\/td>\n<\/tr>\n<tr>\n<td style=\"border: 1px solid #ddd; padding: 8px; width: 45%;\"><strong>Kaal<\/strong><\/td>\n<td style=\"border: 1px solid #ddd; padding: 8px;\">108,2 kg<\/td>\n<\/tr>\n<tr>\n<td style=\"border: 1px solid #ddd; padding: 8px; width: 45%;\"><strong>Garantii<\/strong><\/td>\n<td style=\"border: 1px solid #ddd; padding: 8px;\">12 kuu varuosade garantii<\/td>\n<\/tr>\n<tr>\n<td style=\"border: 1px solid #ddd; padding: 8px; width: 45%;\"><strong>Mahutavus<\/strong><\/td>\n<td style=\"border: 1px solid #ddd; padding: 8px;\">6 x GN1\/1 \/ 600x400mm<\/td>\n<\/tr>\n<tr>\n<td style=\"border: 1px solid #ddd; padding: 8px; width: 45%;\"><strong>Toiteallikas<\/strong><\/td>\n<td style=\"border: 1px solid #ddd; padding: 8px;\">400V \/ 3 faasi<\/td>\n<\/tr>\n<tr>\n<td style=\"border: 1px solid #ddd; padding: 8px; width: 45%;\"><strong>V\u00f5imsus<\/strong><\/td>\n<td style=\"border: 1px solid #ddd; padding: 8px;\">10400W<\/td>\n<\/tr>\n<tr>\n<td style=\"border: 1px solid #ddd; padding: 8px; width: 45%;\"><strong>Jalad<\/strong><\/td>\n<td style=\"border: 1px solid #ddd; padding: 8px;\">Reguleeritav<\/td>\n<\/tr>\n<tr>\n<td style=\"border: 1px solid #ddd; padding: 8px; width: 45%;\"><strong>Plaadi\/V\u00f5re suurus<\/strong><\/td>\n<td style=\"border: 1px solid #ddd; padding: 8px;\">GN1\/1 \/ 600x400mm<\/td>\n<\/tr>\n<tr>\n<td style=\"border: 1px solid #ddd; padding: 8px; width: 45%;\"><strong>Plaadi\/V\u00f5re vahemaa<\/strong><\/td>\n<td style=\"border: 1px solid #ddd; padding: 8px;\">80 mm<\/td>\n<\/tr>\n<tr>\n<td style=\"border: 1px solid #ddd; padding: 8px; width: 45%;\"><strong>Temperatuur<\/strong><\/td>\n<td style=\"border: 1px solid #ddd; padding: 8px;\">+100 \u00b0C kuni +270 \u00b0C<\/td>\n<\/tr>\n<tr>\n<td style=\"border: 1px solid #ddd; padding: 8px; width: 45%;\"><strong>Kontrollid<\/strong><\/td>\n<td style=\"border: 1px solid #ddd; padding: 8px;\">Elektromehaanik<\/td>\n<\/tr>\n<tr>\n<td style=\"border: 1px solid #ddd; padding: 8px; width: 45%;\"><strong>Materjal (v\u00e4limine)<\/strong><\/td>\n<td style=\"border: 1px solid #ddd; padding: 8px;\">Roostevaba teras<\/td>\n<\/tr>\n<tr>\n<td style=\"border: 1px solid #ddd; padding: 8px; width: 45%;\"><strong>Materjal (sisemine)<\/strong><\/td>\n<td style=\"border: 1px solid #ddd; padding: 8px;\">Roostevaba teras<\/td>\n<\/tr>\n<tr>\n<td style=\"border: 1px solid #ddd; padding: 8px; width: 45%;\"><strong>Aur \/ Niisutamine<\/strong><\/td>\n<td style=\"border: 1px solid #ddd; padding: 8px;\">Otsene aur<\/td>\n<\/tr>\n<tr>\n<td style=\"border: 1px solid #ddd; padding: 8px; width: 45%;\"><strong>Uks<\/strong><\/td>\n<td style=\"border: 1px solid #ddd; padding: 8px;\">Reguleeritav<\/td>\n<\/tr>\n<tr>\n<td style=\"border: 1px solid #ddd; padding: 8px; width: 45%;\"><strong>Ventilaator<\/strong><\/td>\n<td style=\"border: 1px solid #ddd; padding: 8px;\">2 kahepoolne<\/td>\n<\/tr>\n<tr>\n<td style=\"border: 1px solid #ddd; padding: 8px; width: 45%;\"><strong>IPX hinnang<\/strong><\/td>\n<td style=\"border: 1px solid #ddd; padding: 8px;\">IPX4<\/td>\n<\/tr>\n<\/tbody>\n<\/table>\n","protected":false},"excerpt":{"rendered":"<p>Itaalias valmistatud k\u00f5rgekvaliteediline kommertskombiahi. Professionaalne elektriline kombiahi otsese auruga. Kavandatud ja konstrueeritud keskmise suurusega restoranidele, pagarit\u00f6\u00f6kodadele ja kondiitri\u00e4rile, mis vajavad<\/p>\n","protected":false},"featured_media":41221,"template":"","meta":[],"product_brand":[],"product_cat":[599,861,569],"product_tag":[],"class_list":{"0":"post-41219","1":"product","2":"type-product","3":"status-publish","4":"has-post-thumbnail","6":"product_cat-ahjud","7":"product_cat-elektrilised-kombiahjud-manuaaljuhtimisega","8":"product_cat-lopumuuk","10":"first","11":"instock","12":"sale","13":"taxable","14":"shipping-taxable","15":"purchasable","16":"product-type-simple"},"yoast_head":"<!-- This site is optimized with the Yoast SEO plugin v27.3 - https:\/\/yoast.com\/product\/yoast-seo-wordpress\/ -->\n<title>Professionaalne kombiahi Elektriline 6 x GN1\/1 ja 600x400mm Elektromehaanilised juhtimisseadmed Otsene aur | Tecnoeka MKF616S - Adexa \u2013 Suurk\u00f6\u00f6giseadmed restoranidele ja toitlustusele<\/title>\n<meta name=\"robots\" content=\"index, follow, max-snippet:-1, max-image-preview:large, max-video-preview:-1\" \/>\n<link rel=\"canonical\" href=\"https:\/\/adexa.ee\/toode\/professionaalne-kombiahi-elektriline-6-x-gn1-1-ja-600x400mm-elektromehaanilised-juhtimisseadmed-otsene-aur-tecnoeka-mkf616s\/\" \/>\n<meta property=\"og:locale\" content=\"en_US\" \/>\n<meta property=\"og:type\" content=\"article\" \/>\n<meta property=\"og:title\" content=\"Professionaalne kombiahi Elektriline 6 x GN1\/1 ja 600x400mm Elektromehaanilised juhtimisseadmed Otsene aur | Tecnoeka MKF616S - Adexa \u2013 Suurk\u00f6\u00f6giseadmed restoranidele ja toitlustusele\" \/>\n<meta property=\"og:description\" content=\"Itaalias valmistatud k\u00f5rgekvaliteediline kommertskombiahi. Professionaalne elektriline kombiahi otsese auruga. Kavandatud ja konstrueeritud keskmise suurusega restoranidele, pagarit\u00f6\u00f6kodadele ja kondiitri\u00e4rile, mis vajavad\" \/>\n<meta property=\"og:url\" content=\"https:\/\/adexa.ee\/toode\/professionaalne-kombiahi-elektriline-6-x-gn1-1-ja-600x400mm-elektromehaanilised-juhtimisseadmed-otsene-aur-tecnoeka-mkf616s\/\" \/>\n<meta property=\"og:site_name\" content=\"Adexa \u2013 Suurk\u00f6\u00f6giseadmed restoranidele ja toitlustusele\" \/>\n<meta property=\"article:modified_time\" content=\"2026-03-26T10:05:36+00:00\" \/>\n<meta property=\"og:image\" content=\"https:\/\/adexa.ee\/wp-content\/uploads\/2025\/11\/MKF616S-.jpg\" \/>\n\t<meta property=\"og:image:width\" content=\"2000\" \/>\n\t<meta property=\"og:image:height\" content=\"2000\" \/>\n\t<meta property=\"og:image:type\" content=\"image\/jpeg\" \/>\n<meta name=\"twitter:card\" content=\"summary_large_image\" \/>\n<meta name=\"twitter:label1\" content=\"Est. reading time\" \/>\n\t<meta name=\"twitter:data1\" content=\"1 minute\" \/>\n<script type=\"application\/ld+json\" class=\"yoast-schema-graph\">{\"@context\":\"https:\\\/\\\/schema.org\",\"@graph\":[{\"@type\":\"WebPage\",\"@id\":\"https:\\\/\\\/adexa.ee\\\/toode\\\/professionaalne-kombiahi-elektriline-6-x-gn1-1-ja-600x400mm-elektromehaanilised-juhtimisseadmed-otsene-aur-tecnoeka-mkf616s\\\/\",\"url\":\"https:\\\/\\\/adexa.ee\\\/toode\\\/professionaalne-kombiahi-elektriline-6-x-gn1-1-ja-600x400mm-elektromehaanilised-juhtimisseadmed-otsene-aur-tecnoeka-mkf616s\\\/\",\"name\":\"Professionaalne kombiahi Elektriline 6 x GN1\\\/1 ja 600x400mm Elektromehaanilised juhtimisseadmed Otsene aur | Tecnoeka MKF616S - Adexa \u2013 Suurk\u00f6\u00f6giseadmed restoranidele ja toitlustusele\",\"isPartOf\":{\"@id\":\"https:\\\/\\\/adexa.ee\\\/#website\"},\"primaryImageOfPage\":{\"@id\":\"https:\\\/\\\/adexa.ee\\\/toode\\\/professionaalne-kombiahi-elektriline-6-x-gn1-1-ja-600x400mm-elektromehaanilised-juhtimisseadmed-otsene-aur-tecnoeka-mkf616s\\\/#primaryimage\"},\"image\":{\"@id\":\"https:\\\/\\\/adexa.ee\\\/toode\\\/professionaalne-kombiahi-elektriline-6-x-gn1-1-ja-600x400mm-elektromehaanilised-juhtimisseadmed-otsene-aur-tecnoeka-mkf616s\\\/#primaryimage\"},\"thumbnailUrl\":\"https:\\\/\\\/adexa.ee\\\/wp-content\\\/uploads\\\/2025\\\/11\\\/MKF616S-.jpg\",\"datePublished\":\"2026-03-26T10:05:31+00:00\",\"dateModified\":\"2026-03-26T10:05:36+00:00\",\"breadcrumb\":{\"@id\":\"https:\\\/\\\/adexa.ee\\\/toode\\\/professionaalne-kombiahi-elektriline-6-x-gn1-1-ja-600x400mm-elektromehaanilised-juhtimisseadmed-otsene-aur-tecnoeka-mkf616s\\\/#breadcrumb\"},\"inLanguage\":\"en-US\",\"potentialAction\":[{\"@type\":\"ReadAction\",\"target\":[\"https:\\\/\\\/adexa.ee\\\/toode\\\/professionaalne-kombiahi-elektriline-6-x-gn1-1-ja-600x400mm-elektromehaanilised-juhtimisseadmed-otsene-aur-tecnoeka-mkf616s\\\/\"]}]},{\"@type\":\"ImageObject\",\"inLanguage\":\"en-US\",\"@id\":\"https:\\\/\\\/adexa.ee\\\/toode\\\/professionaalne-kombiahi-elektriline-6-x-gn1-1-ja-600x400mm-elektromehaanilised-juhtimisseadmed-otsene-aur-tecnoeka-mkf616s\\\/#primaryimage\",\"url\":\"https:\\\/\\\/adexa.ee\\\/wp-content\\\/uploads\\\/2025\\\/11\\\/MKF616S-.jpg\",\"contentUrl\":\"https:\\\/\\\/adexa.ee\\\/wp-content\\\/uploads\\\/2025\\\/11\\\/MKF616S-.jpg\",\"width\":2000,\"height\":2000},{\"@type\":\"BreadcrumbList\",\"@id\":\"https:\\\/\\\/adexa.ee\\\/toode\\\/professionaalne-kombiahi-elektriline-6-x-gn1-1-ja-600x400mm-elektromehaanilised-juhtimisseadmed-otsene-aur-tecnoeka-mkf616s\\\/#breadcrumb\",\"itemListElement\":[{\"@type\":\"ListItem\",\"position\":1,\"name\":\"Home\",\"item\":\"https:\\\/\\\/adexa.ee\\\/\"},{\"@type\":\"ListItem\",\"position\":2,\"name\":\"Tooted\",\"item\":\"https:\\\/\\\/adexa.ee\\\/pood\\\/\"},{\"@type\":\"ListItem\",\"position\":3,\"name\":\"Professionaalne kombiahi Elektriline 6 x GN1\\\/1 ja 600x400mm Elektromehaanilised juhtimisseadmed Otsene aur | Tecnoeka MKF616S\"}]},{\"@type\":\"WebSite\",\"@id\":\"https:\\\/\\\/adexa.ee\\\/#website\",\"url\":\"https:\\\/\\\/adexa.ee\\\/\",\"name\":\"Adexa\",\"description\":\"\",\"publisher\":{\"@id\":\"https:\\\/\\\/adexa.ee\\\/#organization\"},\"potentialAction\":[{\"@type\":\"SearchAction\",\"target\":{\"@type\":\"EntryPoint\",\"urlTemplate\":\"https:\\\/\\\/adexa.ee\\\/?s={search_term_string}\"},\"query-input\":{\"@type\":\"PropertyValueSpecification\",\"valueRequired\":true,\"valueName\":\"search_term_string\"}}],\"inLanguage\":\"en-US\"},{\"@type\":\"Organization\",\"@id\":\"https:\\\/\\\/adexa.ee\\\/#organization\",\"name\":\"Adexa\",\"url\":\"https:\\\/\\\/adexa.ee\\\/\",\"logo\":{\"@type\":\"ImageObject\",\"inLanguage\":\"en-US\",\"@id\":\"https:\\\/\\\/adexa.ee\\\/#\\\/schema\\\/logo\\\/image\\\/\",\"url\":\"https:\\\/\\\/adexa.ee\\\/wp-content\\\/uploads\\\/2024\\\/04\\\/chef-cooks-working-in-professional-kitchen-2023-11-27-05-07-39-utc-scaled.jpg\",\"contentUrl\":\"https:\\\/\\\/adexa.ee\\\/wp-content\\\/uploads\\\/2024\\\/04\\\/chef-cooks-working-in-professional-kitchen-2023-11-27-05-07-39-utc-scaled.jpg\",\"width\":2560,\"height\":1708,\"caption\":\"Adexa\"},\"image\":{\"@id\":\"https:\\\/\\\/adexa.ee\\\/#\\\/schema\\\/logo\\\/image\\\/\"}}]}<\/script>\n<!-- \/ Yoast SEO plugin. -->","yoast_head_json":{"title":"Professionaalne kombiahi Elektriline 6 x GN1\/1 ja 600x400mm Elektromehaanilised juhtimisseadmed Otsene aur | Tecnoeka MKF616S - Adexa \u2013 Suurk\u00f6\u00f6giseadmed restoranidele ja toitlustusele","robots":{"index":"index","follow":"follow","max-snippet":"max-snippet:-1","max-image-preview":"max-image-preview:large","max-video-preview":"max-video-preview:-1"},"canonical":"https:\/\/adexa.ee\/toode\/professionaalne-kombiahi-elektriline-6-x-gn1-1-ja-600x400mm-elektromehaanilised-juhtimisseadmed-otsene-aur-tecnoeka-mkf616s\/","og_locale":"en_US","og_type":"article","og_title":"Professionaalne kombiahi Elektriline 6 x GN1\/1 ja 600x400mm Elektromehaanilised juhtimisseadmed Otsene aur | Tecnoeka MKF616S - Adexa \u2013 Suurk\u00f6\u00f6giseadmed restoranidele ja toitlustusele","og_description":"Itaalias valmistatud k\u00f5rgekvaliteediline kommertskombiahi. Professionaalne elektriline kombiahi otsese auruga. Kavandatud ja konstrueeritud keskmise suurusega restoranidele, pagarit\u00f6\u00f6kodadele ja kondiitri\u00e4rile, mis vajavad","og_url":"https:\/\/adexa.ee\/toode\/professionaalne-kombiahi-elektriline-6-x-gn1-1-ja-600x400mm-elektromehaanilised-juhtimisseadmed-otsene-aur-tecnoeka-mkf616s\/","og_site_name":"Adexa \u2013 Suurk\u00f6\u00f6giseadmed restoranidele ja toitlustusele","article_modified_time":"2026-03-26T10:05:36+00:00","og_image":[{"width":2000,"height":2000,"url":"https:\/\/adexa.ee\/wp-content\/uploads\/2025\/11\/MKF616S-.jpg","type":"image\/jpeg"}],"twitter_card":"summary_large_image","twitter_misc":{"Est. reading time":"1 minute"},"schema":{"@context":"https:\/\/schema.org","@graph":[{"@type":"WebPage","@id":"https:\/\/adexa.ee\/toode\/professionaalne-kombiahi-elektriline-6-x-gn1-1-ja-600x400mm-elektromehaanilised-juhtimisseadmed-otsene-aur-tecnoeka-mkf616s\/","url":"https:\/\/adexa.ee\/toode\/professionaalne-kombiahi-elektriline-6-x-gn1-1-ja-600x400mm-elektromehaanilised-juhtimisseadmed-otsene-aur-tecnoeka-mkf616s\/","name":"Professionaalne kombiahi Elektriline 6 x GN1\/1 ja 600x400mm Elektromehaanilised juhtimisseadmed Otsene aur | Tecnoeka MKF616S - Adexa \u2013 Suurk\u00f6\u00f6giseadmed restoranidele ja toitlustusele","isPartOf":{"@id":"https:\/\/adexa.ee\/#website"},"primaryImageOfPage":{"@id":"https:\/\/adexa.ee\/toode\/professionaalne-kombiahi-elektriline-6-x-gn1-1-ja-600x400mm-elektromehaanilised-juhtimisseadmed-otsene-aur-tecnoeka-mkf616s\/#primaryimage"},"image":{"@id":"https:\/\/adexa.ee\/toode\/professionaalne-kombiahi-elektriline-6-x-gn1-1-ja-600x400mm-elektromehaanilised-juhtimisseadmed-otsene-aur-tecnoeka-mkf616s\/#primaryimage"},"thumbnailUrl":"https:\/\/adexa.ee\/wp-content\/uploads\/2025\/11\/MKF616S-.jpg","datePublished":"2026-03-26T10:05:31+00:00","dateModified":"2026-03-26T10:05:36+00:00","breadcrumb":{"@id":"https:\/\/adexa.ee\/toode\/professionaalne-kombiahi-elektriline-6-x-gn1-1-ja-600x400mm-elektromehaanilised-juhtimisseadmed-otsene-aur-tecnoeka-mkf616s\/#breadcrumb"},"inLanguage":"en-US","potentialAction":[{"@type":"ReadAction","target":["https:\/\/adexa.ee\/toode\/professionaalne-kombiahi-elektriline-6-x-gn1-1-ja-600x400mm-elektromehaanilised-juhtimisseadmed-otsene-aur-tecnoeka-mkf616s\/"]}]},{"@type":"ImageObject","inLanguage":"en-US","@id":"https:\/\/adexa.ee\/toode\/professionaalne-kombiahi-elektriline-6-x-gn1-1-ja-600x400mm-elektromehaanilised-juhtimisseadmed-otsene-aur-tecnoeka-mkf616s\/#primaryimage","url":"https:\/\/adexa.ee\/wp-content\/uploads\/2025\/11\/MKF616S-.jpg","contentUrl":"https:\/\/adexa.ee\/wp-content\/uploads\/2025\/11\/MKF616S-.jpg","width":2000,"height":2000},{"@type":"BreadcrumbList","@id":"https:\/\/adexa.ee\/toode\/professionaalne-kombiahi-elektriline-6-x-gn1-1-ja-600x400mm-elektromehaanilised-juhtimisseadmed-otsene-aur-tecnoeka-mkf616s\/#breadcrumb","itemListElement":[{"@type":"ListItem","position":1,"name":"Home","item":"https:\/\/adexa.ee\/"},{"@type":"ListItem","position":2,"name":"Tooted","item":"https:\/\/adexa.ee\/pood\/"},{"@type":"ListItem","position":3,"name":"Professionaalne kombiahi Elektriline 6 x GN1\/1 ja 600x400mm Elektromehaanilised juhtimisseadmed Otsene aur | Tecnoeka MKF616S"}]},{"@type":"WebSite","@id":"https:\/\/adexa.ee\/#website","url":"https:\/\/adexa.ee\/","name":"Adexa","description":"","publisher":{"@id":"https:\/\/adexa.ee\/#organization"},"potentialAction":[{"@type":"SearchAction","target":{"@type":"EntryPoint","urlTemplate":"https:\/\/adexa.ee\/?s={search_term_string}"},"query-input":{"@type":"PropertyValueSpecification","valueRequired":true,"valueName":"search_term_string"}}],"inLanguage":"en-US"},{"@type":"Organization","@id":"https:\/\/adexa.ee\/#organization","name":"Adexa","url":"https:\/\/adexa.ee\/","logo":{"@type":"ImageObject","inLanguage":"en-US","@id":"https:\/\/adexa.ee\/#\/schema\/logo\/image\/","url":"https:\/\/adexa.ee\/wp-content\/uploads\/2024\/04\/chef-cooks-working-in-professional-kitchen-2023-11-27-05-07-39-utc-scaled.jpg","contentUrl":"https:\/\/adexa.ee\/wp-content\/uploads\/2024\/04\/chef-cooks-working-in-professional-kitchen-2023-11-27-05-07-39-utc-scaled.jpg","width":2560,"height":1708,"caption":"Adexa"},"image":{"@id":"https:\/\/adexa.ee\/#\/schema\/logo\/image\/"}}]}},"_links":{"self":[{"href":"https:\/\/adexa.ee\/en\/wp-json\/wp\/v2\/product\/41219","targetHints":{"allow":["GET"]}}],"collection":[{"href":"https:\/\/adexa.ee\/en\/wp-json\/wp\/v2\/product"}],"about":[{"href":"https:\/\/adexa.ee\/en\/wp-json\/wp\/v2\/types\/product"}],"wp:featuredmedia":[{"embeddable":true,"href":"https:\/\/adexa.ee\/en\/wp-json\/wp\/v2\/media\/41221"}],"wp:attachment":[{"href":"https:\/\/adexa.ee\/en\/wp-json\/wp\/v2\/media?parent=41219"}],"wp:term":[{"taxonomy":"product_brand","embeddable":true,"href":"https:\/\/adexa.ee\/en\/wp-json\/wp\/v2\/product_brand?post=41219"},{"taxonomy":"product_cat","embeddable":true,"href":"https:\/\/adexa.ee\/en\/wp-json\/wp\/v2\/product_cat?post=41219"},{"taxonomy":"product_tag","embeddable":true,"href":"https:\/\/adexa.ee\/en\/wp-json\/wp\/v2\/product_tag?post=41219"}],"curies":[{"name":"wp","href":"https:\/\/api.w.org\/{rel}","templated":true}]}}