{"id":43398,"date":"2026-03-31T11:25:34","date_gmt":"2026-03-31T08:25:34","guid":{"rendered":"https:\/\/adexa.ee\/toode\/kaubanduslik-noudepesumasin-500-taldrikut-tunnis-500mm-korv-drenaazipump-pesuvahendipump-loputusvahendipump-230v-1-faas-adexa-wz50drdp\/"},"modified":"2026-03-31T11:25:34","modified_gmt":"2026-03-31T08:25:34","slug":"kaubanduslik-noudepesumasin-500-taldrikut-tunnis-500mm-korv-drenaazipump-pesuvahendipump-loputusvahendipump-230v-1-faas-adexa-wz50drdp","status":"publish","type":"product","link":"https:\/\/adexa.ee\/en\/toode\/kaubanduslik-noudepesumasin-500-taldrikut-tunnis-500mm-korv-drenaazipump-pesuvahendipump-loputusvahendipump-230v-1-faas-adexa-wz50drdp\/","title":{"rendered":"Kaubanduslik n\u00f5udepesumasin 500 taldrikut\/tunnis 500mm korv Drenaa\u017eipump Pesuvahendipump Loputusvahendipump 230V\/1 faas | Adexa WZ50DRDP"},"content":{"rendered":"<p>K\u00f5rge kvaliteediga ja t\u00e4ielikult varustatud professionaalne alalettpesumasin hotellidele, pagari\u00e4ridele, pubidele, poodidele, restoranidele ja teistele kaubanduslikele toitlustusasutustele. See seade on varustatud drenaa\u017eipumbaga j\u00e4\u00e4tmete k\u00f5rvaldamiseks. Pump aktiveeritakse pesuts\u00fckli l\u00f5pus, et vabastada masinast must vesi. Drenaa\u017eipump on h\u00e4davajalik, kui \u00e4ravool on masina veev\u00e4ljalaskeavaga samal tasemel v\u00f5i k\u00f5rgemal. Drenaa\u017eipumbaga Pesuvahendipumbaga Loputusvahendipumbaga Loputuspumbaga K\u00f5rgekvaliteediline roostevabast terasest korpus. 500x500mm korvid.<\/p>\n<table style=\"border-collapse: collapse; width: 100%; text-align: left;\">\n<tbody>\n<tr>\n<td style=\"border: 1px solid #ddd; padding: 8px; width: 45%;\"><strong>S\u00fcgavus<\/strong><\/td>\n<td style=\"border: 1px solid #ddd; padding: 8px;\">625 mm<\/td>\n<\/tr>\n<tr>\n<td style=\"border: 1px solid #ddd; padding: 8px; width: 45%;\"><strong>K\u00f5rgus<\/strong><\/td>\n<td style=\"border: 1px solid #ddd; padding: 8px;\">836 mm<\/td>\n<\/tr>\n<tr>\n<td style=\"border: 1px solid #ddd; padding: 8px; width: 45%;\"><strong>Laius<\/strong><\/td>\n<td style=\"border: 1px solid #ddd; padding: 8px;\">580mm<\/td>\n<\/tr>\n<tr>\n<td style=\"border: 1px solid #ddd; padding: 8px; width: 45%;\"><strong>Kaal<\/strong><\/td>\n<td style=\"border: 1px solid #ddd; padding: 8px;\">70kg<\/td>\n<\/tr>\n<tr>\n<td style=\"border: 1px solid #ddd; padding: 8px; width: 45%;\"><strong>Garantii<\/strong><\/td>\n<td style=\"border: 1px solid #ddd; padding: 8px;\">12 kuu varuosade garantii<\/td>\n<\/tr>\n<tr>\n<td style=\"border: 1px solid #ddd; padding: 8px; width: 45%;\"><strong>Toiteallikas<\/strong><\/td>\n<td style=\"border: 1px solid #ddd; padding: 8px;\">230V \/ 1 faas<\/td>\n<\/tr>\n<tr>\n<td style=\"border: 1px solid #ddd; padding: 8px; width: 45%;\"><strong>V\u00f5imsus<\/strong><\/td>\n<td style=\"border: 1px solid #ddd; padding: 8px;\">4490W<\/td>\n<\/tr>\n<tr>\n<td style=\"border: 1px solid #ddd; padding: 8px; width: 45%;\"><strong>Pesuvahendi v\u00e4ljastaja<\/strong><\/td>\n<td style=\"border: 1px solid #ddd; padding: 8px;\">Jah<\/td>\n<\/tr>\n<tr>\n<td style=\"border: 1px solid #ddd; padding: 8px; width: 45%;\"><strong>Korvi suurus<\/strong><\/td>\n<td style=\"border: 1px solid #ddd; padding: 8px;\">500x500mm<\/td>\n<\/tr>\n<tr>\n<td style=\"border: 1px solid #ddd; padding: 8px; width: 45%;\"><strong>\u00c4ravoolupump<\/strong><\/td>\n<td style=\"border: 1px solid #ddd; padding: 8px;\">Jah<\/td>\n<\/tr>\n<tr>\n<td style=\"border: 1px solid #ddd; padding: 8px; width: 45%;\"><strong>Tootlikkus (taldrikud)<\/strong><\/td>\n<td style=\"border: 1px solid #ddd; padding: 8px;\">30 korvi\/tund<\/td>\n<\/tr>\n<tr>\n<td style=\"border: 1px solid #ddd; padding: 8px; width: 45%;\"><strong>Loputusvahendi v\u00e4ljastaja<\/strong><\/td>\n<td style=\"border: 1px solid #ddd; padding: 8px;\">Jah<\/td>\n<\/tr>\n<tr>\n<td style=\"border: 1px solid #ddd; padding: 8px; width: 45%;\"><strong>Temperatuur (pesemine)<\/strong><\/td>\n<td style=\"border: 1px solid #ddd; padding: 8px;\">+65\u00b0C<\/td>\n<\/tr>\n<tr>\n<td style=\"border: 1px solid #ddd; padding: 8px; width: 45%;\"><strong>Temperatuur (loputamine)<\/strong><\/td>\n<td style=\"border: 1px solid #ddd; padding: 8px;\">+85 \u00b0C<\/td>\n<\/tr>\n<tr>\n<td style=\"border: 1px solid #ddd; padding: 8px; width: 45%;\"><strong>Pesuts\u00fcklid<\/strong><\/td>\n<td style=\"border: 1px solid #ddd; padding: 8px;\">90 \/ 180 sekundit<\/td>\n<\/tr>\n<tr>\n<td style=\"border: 1px solid #ddd; padding: 8px; width: 45%;\"><strong>Termostaat<\/strong><\/td>\n<td style=\"border: 1px solid #ddd; padding: 8px;\">Paagi ja katla termostaat<\/td>\n<\/tr>\n<\/tbody>\n<\/table>\n","protected":false},"excerpt":{"rendered":"<p>K\u00f5rge kvaliteediga ja t\u00e4ielikult varustatud professionaalne alalettpesumasin hotellidele, pagari\u00e4ridele, pubidele, poodidele, restoranidele ja teistele kaubanduslikele toitlustusasutustele. See seade on varustatud<\/p>\n","protected":false},"featured_media":46136,"template":"","meta":[],"product_brand":[],"product_cat":[856,857,609,858],"product_tag":[],"class_list":{"0":"post-43398","1":"product","2":"type-product","3":"status-publish","4":"has-post-thumbnail","6":"product_cat-klaasinoudepesumasinad","7":"product_cat-lauapealsed-noudepesumasinad","8":"product_cat-noudepesu","9":"product_cat-suured-klaasinoudepesumasinad-500x500mm","11":"first","12":"instock","13":"sale","14":"taxable","15":"shipping-taxable","16":"purchasable","17":"product-type-simple"},"yoast_head":"<!-- This site is optimized with the Yoast SEO plugin v27.3 - https:\/\/yoast.com\/product\/yoast-seo-wordpress\/ -->\n<title>Kaubanduslik n\u00f5udepesumasin 500 taldrikut\/tunnis 500mm korv Drenaa\u017eipump Pesuvahendipump Loputusvahendipump 230V\/1 faas | Adexa WZ50DRDP - Adexa \u2013 Suurk\u00f6\u00f6giseadmed restoranidele ja toitlustusele<\/title>\n<meta name=\"robots\" content=\"index, follow, max-snippet:-1, max-image-preview:large, max-video-preview:-1\" \/>\n<link rel=\"canonical\" href=\"https:\/\/adexa.ee\/toode\/kaubanduslik-noudepesumasin-500-taldrikut-tunnis-500mm-korv-drenaazipump-pesuvahendipump-loputusvahendipump-230v-1-faas-adexa-wz50drdp\/\" \/>\n<meta property=\"og:locale\" content=\"en_US\" \/>\n<meta property=\"og:type\" content=\"article\" \/>\n<meta property=\"og:title\" content=\"Kaubanduslik n\u00f5udepesumasin 500 taldrikut\/tunnis 500mm korv Drenaa\u017eipump Pesuvahendipump Loputusvahendipump 230V\/1 faas | Adexa WZ50DRDP - Adexa \u2013 Suurk\u00f6\u00f6giseadmed restoranidele ja toitlustusele\" \/>\n<meta property=\"og:description\" content=\"K\u00f5rge kvaliteediga ja t\u00e4ielikult varustatud professionaalne alalettpesumasin hotellidele, pagari\u00e4ridele, pubidele, poodidele, restoranidele ja teistele kaubanduslikele toitlustusasutustele. See seade on varustatud\" \/>\n<meta property=\"og:url\" content=\"https:\/\/adexa.ee\/toode\/kaubanduslik-noudepesumasin-500-taldrikut-tunnis-500mm-korv-drenaazipump-pesuvahendipump-loputusvahendipump-230v-1-faas-adexa-wz50drdp\/\" \/>\n<meta property=\"og:site_name\" content=\"Adexa \u2013 Suurk\u00f6\u00f6giseadmed restoranidele ja toitlustusele\" \/>\n<meta property=\"og:image\" content=\"https:\/\/adexa.ee\/wp-content\/uploads\/2026\/03\/WZ50BTTDRDP.jpg\" \/>\n\t<meta property=\"og:image:width\" content=\"969\" \/>\n\t<meta property=\"og:image:height\" content=\"969\" \/>\n\t<meta property=\"og:image:type\" content=\"image\/jpeg\" \/>\n<meta name=\"twitter:card\" content=\"summary_large_image\" \/>\n<meta name=\"twitter:label1\" content=\"Est. reading time\" \/>\n\t<meta name=\"twitter:data1\" content=\"1 minute\" \/>\n<script type=\"application\/ld+json\" class=\"yoast-schema-graph\">{\"@context\":\"https:\\\/\\\/schema.org\",\"@graph\":[{\"@type\":\"WebPage\",\"@id\":\"https:\\\/\\\/adexa.ee\\\/toode\\\/kaubanduslik-noudepesumasin-500-taldrikut-tunnis-500mm-korv-drenaazipump-pesuvahendipump-loputusvahendipump-230v-1-faas-adexa-wz50drdp\\\/\",\"url\":\"https:\\\/\\\/adexa.ee\\\/toode\\\/kaubanduslik-noudepesumasin-500-taldrikut-tunnis-500mm-korv-drenaazipump-pesuvahendipump-loputusvahendipump-230v-1-faas-adexa-wz50drdp\\\/\",\"name\":\"Kaubanduslik n\u00f5udepesumasin 500 taldrikut\\\/tunnis 500mm korv Drenaa\u017eipump Pesuvahendipump Loputusvahendipump 230V\\\/1 faas | Adexa WZ50DRDP - Adexa \u2013 Suurk\u00f6\u00f6giseadmed restoranidele ja toitlustusele\",\"isPartOf\":{\"@id\":\"https:\\\/\\\/adexa.ee\\\/#website\"},\"primaryImageOfPage\":{\"@id\":\"https:\\\/\\\/adexa.ee\\\/toode\\\/kaubanduslik-noudepesumasin-500-taldrikut-tunnis-500mm-korv-drenaazipump-pesuvahendipump-loputusvahendipump-230v-1-faas-adexa-wz50drdp\\\/#primaryimage\"},\"image\":{\"@id\":\"https:\\\/\\\/adexa.ee\\\/toode\\\/kaubanduslik-noudepesumasin-500-taldrikut-tunnis-500mm-korv-drenaazipump-pesuvahendipump-loputusvahendipump-230v-1-faas-adexa-wz50drdp\\\/#primaryimage\"},\"thumbnailUrl\":\"https:\\\/\\\/adexa.ee\\\/wp-content\\\/uploads\\\/2026\\\/03\\\/WZ50BTTDRDP.jpg\",\"datePublished\":\"2026-03-31T08:25:34+00:00\",\"breadcrumb\":{\"@id\":\"https:\\\/\\\/adexa.ee\\\/toode\\\/kaubanduslik-noudepesumasin-500-taldrikut-tunnis-500mm-korv-drenaazipump-pesuvahendipump-loputusvahendipump-230v-1-faas-adexa-wz50drdp\\\/#breadcrumb\"},\"inLanguage\":\"en-US\",\"potentialAction\":[{\"@type\":\"ReadAction\",\"target\":[\"https:\\\/\\\/adexa.ee\\\/toode\\\/kaubanduslik-noudepesumasin-500-taldrikut-tunnis-500mm-korv-drenaazipump-pesuvahendipump-loputusvahendipump-230v-1-faas-adexa-wz50drdp\\\/\"]}]},{\"@type\":\"ImageObject\",\"inLanguage\":\"en-US\",\"@id\":\"https:\\\/\\\/adexa.ee\\\/toode\\\/kaubanduslik-noudepesumasin-500-taldrikut-tunnis-500mm-korv-drenaazipump-pesuvahendipump-loputusvahendipump-230v-1-faas-adexa-wz50drdp\\\/#primaryimage\",\"url\":\"https:\\\/\\\/adexa.ee\\\/wp-content\\\/uploads\\\/2026\\\/03\\\/WZ50BTTDRDP.jpg\",\"contentUrl\":\"https:\\\/\\\/adexa.ee\\\/wp-content\\\/uploads\\\/2026\\\/03\\\/WZ50BTTDRDP.jpg\",\"width\":969,\"height\":969},{\"@type\":\"BreadcrumbList\",\"@id\":\"https:\\\/\\\/adexa.ee\\\/toode\\\/kaubanduslik-noudepesumasin-500-taldrikut-tunnis-500mm-korv-drenaazipump-pesuvahendipump-loputusvahendipump-230v-1-faas-adexa-wz50drdp\\\/#breadcrumb\",\"itemListElement\":[{\"@type\":\"ListItem\",\"position\":1,\"name\":\"Home\",\"item\":\"https:\\\/\\\/adexa.ee\\\/\"},{\"@type\":\"ListItem\",\"position\":2,\"name\":\"Tooted\",\"item\":\"https:\\\/\\\/adexa.ee\\\/pood\\\/\"},{\"@type\":\"ListItem\",\"position\":3,\"name\":\"Kaubanduslik n\u00f5udepesumasin 500 taldrikut\\\/tunnis 500mm korv Drenaa\u017eipump Pesuvahendipump Loputusvahendipump 230V\\\/1 faas | Adexa WZ50DRDP\"}]},{\"@type\":\"WebSite\",\"@id\":\"https:\\\/\\\/adexa.ee\\\/#website\",\"url\":\"https:\\\/\\\/adexa.ee\\\/\",\"name\":\"Adexa\",\"description\":\"\",\"publisher\":{\"@id\":\"https:\\\/\\\/adexa.ee\\\/#organization\"},\"potentialAction\":[{\"@type\":\"SearchAction\",\"target\":{\"@type\":\"EntryPoint\",\"urlTemplate\":\"https:\\\/\\\/adexa.ee\\\/?s={search_term_string}\"},\"query-input\":{\"@type\":\"PropertyValueSpecification\",\"valueRequired\":true,\"valueName\":\"search_term_string\"}}],\"inLanguage\":\"en-US\"},{\"@type\":\"Organization\",\"@id\":\"https:\\\/\\\/adexa.ee\\\/#organization\",\"name\":\"Adexa\",\"url\":\"https:\\\/\\\/adexa.ee\\\/\",\"logo\":{\"@type\":\"ImageObject\",\"inLanguage\":\"en-US\",\"@id\":\"https:\\\/\\\/adexa.ee\\\/#\\\/schema\\\/logo\\\/image\\\/\",\"url\":\"https:\\\/\\\/adexa.ee\\\/wp-content\\\/uploads\\\/2024\\\/04\\\/chef-cooks-working-in-professional-kitchen-2023-11-27-05-07-39-utc-scaled.jpg\",\"contentUrl\":\"https:\\\/\\\/adexa.ee\\\/wp-content\\\/uploads\\\/2024\\\/04\\\/chef-cooks-working-in-professional-kitchen-2023-11-27-05-07-39-utc-scaled.jpg\",\"width\":2560,\"height\":1708,\"caption\":\"Adexa\"},\"image\":{\"@id\":\"https:\\\/\\\/adexa.ee\\\/#\\\/schema\\\/logo\\\/image\\\/\"}}]}<\/script>\n<!-- \/ Yoast SEO plugin. -->","yoast_head_json":{"title":"Kaubanduslik n\u00f5udepesumasin 500 taldrikut\/tunnis 500mm korv Drenaa\u017eipump Pesuvahendipump Loputusvahendipump 230V\/1 faas | Adexa WZ50DRDP - Adexa \u2013 Suurk\u00f6\u00f6giseadmed restoranidele ja toitlustusele","robots":{"index":"index","follow":"follow","max-snippet":"max-snippet:-1","max-image-preview":"max-image-preview:large","max-video-preview":"max-video-preview:-1"},"canonical":"https:\/\/adexa.ee\/toode\/kaubanduslik-noudepesumasin-500-taldrikut-tunnis-500mm-korv-drenaazipump-pesuvahendipump-loputusvahendipump-230v-1-faas-adexa-wz50drdp\/","og_locale":"en_US","og_type":"article","og_title":"Kaubanduslik n\u00f5udepesumasin 500 taldrikut\/tunnis 500mm korv Drenaa\u017eipump Pesuvahendipump Loputusvahendipump 230V\/1 faas | Adexa WZ50DRDP - Adexa \u2013 Suurk\u00f6\u00f6giseadmed restoranidele ja toitlustusele","og_description":"K\u00f5rge kvaliteediga ja t\u00e4ielikult varustatud professionaalne alalettpesumasin hotellidele, pagari\u00e4ridele, pubidele, poodidele, restoranidele ja teistele kaubanduslikele toitlustusasutustele. See seade on varustatud","og_url":"https:\/\/adexa.ee\/toode\/kaubanduslik-noudepesumasin-500-taldrikut-tunnis-500mm-korv-drenaazipump-pesuvahendipump-loputusvahendipump-230v-1-faas-adexa-wz50drdp\/","og_site_name":"Adexa \u2013 Suurk\u00f6\u00f6giseadmed restoranidele ja toitlustusele","og_image":[{"width":969,"height":969,"url":"https:\/\/adexa.ee\/wp-content\/uploads\/2026\/03\/WZ50BTTDRDP.jpg","type":"image\/jpeg"}],"twitter_card":"summary_large_image","twitter_misc":{"Est. reading time":"1 minute"},"schema":{"@context":"https:\/\/schema.org","@graph":[{"@type":"WebPage","@id":"https:\/\/adexa.ee\/toode\/kaubanduslik-noudepesumasin-500-taldrikut-tunnis-500mm-korv-drenaazipump-pesuvahendipump-loputusvahendipump-230v-1-faas-adexa-wz50drdp\/","url":"https:\/\/adexa.ee\/toode\/kaubanduslik-noudepesumasin-500-taldrikut-tunnis-500mm-korv-drenaazipump-pesuvahendipump-loputusvahendipump-230v-1-faas-adexa-wz50drdp\/","name":"Kaubanduslik n\u00f5udepesumasin 500 taldrikut\/tunnis 500mm korv Drenaa\u017eipump Pesuvahendipump Loputusvahendipump 230V\/1 faas | Adexa WZ50DRDP - Adexa \u2013 Suurk\u00f6\u00f6giseadmed restoranidele ja toitlustusele","isPartOf":{"@id":"https:\/\/adexa.ee\/#website"},"primaryImageOfPage":{"@id":"https:\/\/adexa.ee\/toode\/kaubanduslik-noudepesumasin-500-taldrikut-tunnis-500mm-korv-drenaazipump-pesuvahendipump-loputusvahendipump-230v-1-faas-adexa-wz50drdp\/#primaryimage"},"image":{"@id":"https:\/\/adexa.ee\/toode\/kaubanduslik-noudepesumasin-500-taldrikut-tunnis-500mm-korv-drenaazipump-pesuvahendipump-loputusvahendipump-230v-1-faas-adexa-wz50drdp\/#primaryimage"},"thumbnailUrl":"https:\/\/adexa.ee\/wp-content\/uploads\/2026\/03\/WZ50BTTDRDP.jpg","datePublished":"2026-03-31T08:25:34+00:00","breadcrumb":{"@id":"https:\/\/adexa.ee\/toode\/kaubanduslik-noudepesumasin-500-taldrikut-tunnis-500mm-korv-drenaazipump-pesuvahendipump-loputusvahendipump-230v-1-faas-adexa-wz50drdp\/#breadcrumb"},"inLanguage":"en-US","potentialAction":[{"@type":"ReadAction","target":["https:\/\/adexa.ee\/toode\/kaubanduslik-noudepesumasin-500-taldrikut-tunnis-500mm-korv-drenaazipump-pesuvahendipump-loputusvahendipump-230v-1-faas-adexa-wz50drdp\/"]}]},{"@type":"ImageObject","inLanguage":"en-US","@id":"https:\/\/adexa.ee\/toode\/kaubanduslik-noudepesumasin-500-taldrikut-tunnis-500mm-korv-drenaazipump-pesuvahendipump-loputusvahendipump-230v-1-faas-adexa-wz50drdp\/#primaryimage","url":"https:\/\/adexa.ee\/wp-content\/uploads\/2026\/03\/WZ50BTTDRDP.jpg","contentUrl":"https:\/\/adexa.ee\/wp-content\/uploads\/2026\/03\/WZ50BTTDRDP.jpg","width":969,"height":969},{"@type":"BreadcrumbList","@id":"https:\/\/adexa.ee\/toode\/kaubanduslik-noudepesumasin-500-taldrikut-tunnis-500mm-korv-drenaazipump-pesuvahendipump-loputusvahendipump-230v-1-faas-adexa-wz50drdp\/#breadcrumb","itemListElement":[{"@type":"ListItem","position":1,"name":"Home","item":"https:\/\/adexa.ee\/"},{"@type":"ListItem","position":2,"name":"Tooted","item":"https:\/\/adexa.ee\/pood\/"},{"@type":"ListItem","position":3,"name":"Kaubanduslik n\u00f5udepesumasin 500 taldrikut\/tunnis 500mm korv Drenaa\u017eipump Pesuvahendipump Loputusvahendipump 230V\/1 faas | Adexa WZ50DRDP"}]},{"@type":"WebSite","@id":"https:\/\/adexa.ee\/#website","url":"https:\/\/adexa.ee\/","name":"Adexa","description":"","publisher":{"@id":"https:\/\/adexa.ee\/#organization"},"potentialAction":[{"@type":"SearchAction","target":{"@type":"EntryPoint","urlTemplate":"https:\/\/adexa.ee\/?s={search_term_string}"},"query-input":{"@type":"PropertyValueSpecification","valueRequired":true,"valueName":"search_term_string"}}],"inLanguage":"en-US"},{"@type":"Organization","@id":"https:\/\/adexa.ee\/#organization","name":"Adexa","url":"https:\/\/adexa.ee\/","logo":{"@type":"ImageObject","inLanguage":"en-US","@id":"https:\/\/adexa.ee\/#\/schema\/logo\/image\/","url":"https:\/\/adexa.ee\/wp-content\/uploads\/2024\/04\/chef-cooks-working-in-professional-kitchen-2023-11-27-05-07-39-utc-scaled.jpg","contentUrl":"https:\/\/adexa.ee\/wp-content\/uploads\/2024\/04\/chef-cooks-working-in-professional-kitchen-2023-11-27-05-07-39-utc-scaled.jpg","width":2560,"height":1708,"caption":"Adexa"},"image":{"@id":"https:\/\/adexa.ee\/#\/schema\/logo\/image\/"}}]}},"_links":{"self":[{"href":"https:\/\/adexa.ee\/en\/wp-json\/wp\/v2\/product\/43398","targetHints":{"allow":["GET"]}}],"collection":[{"href":"https:\/\/adexa.ee\/en\/wp-json\/wp\/v2\/product"}],"about":[{"href":"https:\/\/adexa.ee\/en\/wp-json\/wp\/v2\/types\/product"}],"wp:featuredmedia":[{"embeddable":true,"href":"https:\/\/adexa.ee\/en\/wp-json\/wp\/v2\/media\/46136"}],"wp:attachment":[{"href":"https:\/\/adexa.ee\/en\/wp-json\/wp\/v2\/media?parent=43398"}],"wp:term":[{"taxonomy":"product_brand","embeddable":true,"href":"https:\/\/adexa.ee\/en\/wp-json\/wp\/v2\/product_brand?post=43398"},{"taxonomy":"product_cat","embeddable":true,"href":"https:\/\/adexa.ee\/en\/wp-json\/wp\/v2\/product_cat?post=43398"},{"taxonomy":"product_tag","embeddable":true,"href":"https:\/\/adexa.ee\/en\/wp-json\/wp\/v2\/product_tag?post=43398"}],"curies":[{"name":"wp","href":"https:\/\/api.w.org\/{rel}","templated":true}]}}