{"id":43973,"date":"2026-03-26T12:05:55","date_gmt":"2026-03-26T10:05:55","guid":{"rendered":"https:\/\/adexa.ee\/toode\/kaubanduslik-lihaloikur-9-220mm-alumiiniumkattega-adexa-hxhbs220a\/"},"modified":"2026-03-26T12:05:58","modified_gmt":"2026-03-26T10:05:58","slug":"kaubanduslik-lihaloikur-9-220mm-alumiiniumkattega-adexa-hxhbs220a","status":"publish","type":"product","link":"https:\/\/adexa.ee\/en\/toode\/kaubanduslik-lihaloikur-9-220mm-alumiiniumkattega-adexa-hxhbs220a\/","title":{"rendered":"Kaubanduslik lihal\u00f5ikur 9&#8221;\/220mm alumiiniumkattega | Adexa HXHBS220A"},"content":{"rendered":"<p>Adexa HBS220A 9&#8243; manuaalne gravitatsiooniga toidul\u00f5ikur on kompaktse disainiga, mis sobib ideaalselt v\u00e4ikestele ettev\u00f5tetele, kus ruum on piiratud! See on suurep\u00e4rane k\u00f6\u00f6giviljade ja t\u00f6\u00f6deldud liha viilutamiseks, muutes selle sobivaks v\u00e4ikestele delikatessipoodidele, kohvikutele, v\u00f5ileivapoodidele ja v\u00e4ikestele restoranidele. See 9&#8243; l\u00f5ikur on valmistatud kvaliteetsest alumiiniumist, mis tagab vastupidavuse ja lihtsa puhastamise, ning sellel on sisseehitatud terituskonstruktsioon. L\u00f5ikuri tera on valmistatud roostevabast terasest ja seda juhib v\u00f5imas mootor rihm\u00fclekandega. Ohutuse tagamiseks on sellel fikseeritud r\u00f5ngaskaitse ja lihak\u00e4ru on lihtsaks puhastamiseks eemaldatav. L\u00f5ike paksust saab h\u00f5lpsasti reguleerida vahemikus 1\/16&#8243; kuni 1\/2&#8243;. See 9&#8243; Adexa professionaalne toidul\u00f5ikur sobib suurep\u00e4raselt madala mahuga rakendusteks. See ei sobi pidevaks, raskeks kasutamiseks ega juustu ja toore\/k\u00fclmutatud liha viilutamiseks. Sisseehitatud teritaja Lihtne puhastada Roostevabast terasest tera 7&#8243; x 8&#8243; tootealus Kompaktne jalaj\u00e4lg Parimate tulemuste saavutamiseks pesta k\u00e4sitsi ja kuivatada, et v\u00e4ltida roostetamist. \u00dcldm\u00f5\u00f5tmed Laius: 16&#8243; S\u00fcgavus: 18&#8243; K\u00f5rgus: 15&#8243; Maksimaalne toote suurus: 7 1\/2&#8243; x 5&#8243; Dokumendid Kl\u00f5psake siin, et alla laadida kasutusjuhend Kl\u00f5psake siin, et alla laadida CE vastavusdeklaratsioon Palun vaadake &#8216;Spetsifikatsioonide&#8217; all \u00fcksikasjalikku teavet.<\/p>\n<table style=\"border-collapse: collapse; width: 100%; text-align: left;\">\n<tbody>\n<tr>\n<td style=\"border: 1px solid #ddd; padding: 8px; width: 45%;\"><strong>S\u00fcgavus<\/strong><\/td>\n<td style=\"border: 1px solid #ddd; padding: 8px;\">365 mm<\/td>\n<\/tr>\n<tr>\n<td style=\"border: 1px solid #ddd; padding: 8px; width: 45%;\"><strong>K\u00f5rgus<\/strong><\/td>\n<td style=\"border: 1px solid #ddd; padding: 8px;\">335mm<\/td>\n<\/tr>\n<tr>\n<td style=\"border: 1px solid #ddd; padding: 8px; width: 45%;\"><strong>Laius<\/strong><\/td>\n<td style=\"border: 1px solid #ddd; padding: 8px;\">450 mm<\/td>\n<\/tr>\n<tr>\n<td style=\"border: 1px solid #ddd; padding: 8px; width: 45%;\"><strong>Kaal<\/strong><\/td>\n<td style=\"border: 1px solid #ddd; padding: 8px;\">15kg<\/td>\n<\/tr>\n<tr>\n<td style=\"border: 1px solid #ddd; padding: 8px; width: 45%;\"><strong>Garantii<\/strong><\/td>\n<td style=\"border: 1px solid #ddd; padding: 8px;\">12 kuu varuosade garantii<\/td>\n<\/tr>\n<tr>\n<td style=\"border: 1px solid #ddd; padding: 8px; width: 45%;\"><strong>Toiteallikas<\/strong><\/td>\n<td style=\"border: 1px solid #ddd; padding: 8px;\">230V \/ 1 faas<\/td>\n<\/tr>\n<tr>\n<td style=\"border: 1px solid #ddd; padding: 8px; width: 45%;\"><strong>V\u00f5imsus<\/strong><\/td>\n<td style=\"border: 1px solid #ddd; padding: 8px;\">140W<\/td>\n<\/tr>\n<tr>\n<td style=\"border: 1px solid #ddd; padding: 8px; width: 45%;\"><strong>Materjal<\/strong><\/td>\n<td style=\"border: 1px solid #ddd; padding: 8px;\">Alumiinium ja roostevaba teras<\/td>\n<\/tr>\n<tr>\n<td style=\"border: 1px solid #ddd; padding: 8px; width: 45%;\"><strong>L\u00e4bim\u00f5\u00f5t (tera)<\/strong><\/td>\n<td style=\"border: 1px solid #ddd; padding: 8px;\">220mm<\/td>\n<\/tr>\n<tr>\n<td style=\"border: 1px solid #ddd; padding: 8px; width: 45%;\"><strong>Paksus (viilutamine\/t\u00fckeldamine)<\/strong><\/td>\n<td style=\"border: 1px solid #ddd; padding: 8px;\">0,2 &#8211; 12 mm<\/td>\n<\/tr>\n<\/tbody>\n<\/table>\n","protected":false},"excerpt":{"rendered":"<p>Adexa HBS220A 9&#8243; manuaalne gravitatsiooniga toidul\u00f5ikur on kompaktse disainiga, mis sobib ideaalselt v\u00e4ikestele ettev\u00f5tetele, kus ruum on piiratud! See on<\/p>\n","protected":false},"featured_media":33249,"template":"","meta":[],"product_brand":[],"product_cat":[714,915],"product_tag":[],"class_list":{"0":"post-43973","1":"product","2":"type-product","3":"status-publish","4":"has-post-thumbnail","6":"product_cat-ettevalmistus","7":"product_cat-liha-loikurid","9":"first","10":"instock","11":"sale","12":"taxable","13":"shipping-taxable","14":"purchasable","15":"product-type-simple"},"yoast_head":"<!-- This site is optimized with the Yoast SEO plugin v27.3 - https:\/\/yoast.com\/product\/yoast-seo-wordpress\/ -->\n<title>Kaubanduslik lihal\u00f5ikur 9&#039;&#039;\/220mm alumiiniumkattega | Adexa HXHBS220A - Adexa \u2013 Suurk\u00f6\u00f6giseadmed restoranidele ja toitlustusele<\/title>\n<meta name=\"robots\" content=\"index, follow, max-snippet:-1, max-image-preview:large, max-video-preview:-1\" \/>\n<link rel=\"canonical\" href=\"https:\/\/adexa.ee\/toode\/kaubanduslik-lihaloikur-9-220mm-alumiiniumkattega-adexa-hxhbs220a\/\" \/>\n<meta property=\"og:locale\" content=\"en_US\" \/>\n<meta property=\"og:type\" content=\"article\" \/>\n<meta property=\"og:title\" content=\"Kaubanduslik lihal\u00f5ikur 9&#039;&#039;\/220mm alumiiniumkattega | Adexa HXHBS220A - Adexa \u2013 Suurk\u00f6\u00f6giseadmed restoranidele ja toitlustusele\" \/>\n<meta property=\"og:description\" content=\"Adexa HBS220A 9&#8243; manuaalne gravitatsiooniga toidul\u00f5ikur on kompaktse disainiga, mis sobib ideaalselt v\u00e4ikestele ettev\u00f5tetele, kus ruum on piiratud! See on\" \/>\n<meta property=\"og:url\" content=\"https:\/\/adexa.ee\/toode\/kaubanduslik-lihaloikur-9-220mm-alumiiniumkattega-adexa-hxhbs220a\/\" \/>\n<meta property=\"og:site_name\" content=\"Adexa \u2013 Suurk\u00f6\u00f6giseadmed restoranidele ja toitlustusele\" \/>\n<meta property=\"article:modified_time\" content=\"2026-03-26T10:05:58+00:00\" \/>\n<meta property=\"og:image\" content=\"https:\/\/adexa.ee\/wp-content\/uploads\/2025\/06\/hbs220a-250a-275a-300a-scaled.jpg\" \/>\n\t<meta property=\"og:image:width\" content=\"2560\" \/>\n\t<meta property=\"og:image:height\" content=\"2560\" \/>\n\t<meta property=\"og:image:type\" content=\"image\/jpeg\" \/>\n<meta name=\"twitter:card\" content=\"summary_large_image\" \/>\n<meta name=\"twitter:label1\" content=\"Est. reading time\" \/>\n\t<meta name=\"twitter:data1\" content=\"1 minute\" \/>\n<script type=\"application\/ld+json\" class=\"yoast-schema-graph\">{\"@context\":\"https:\\\/\\\/schema.org\",\"@graph\":[{\"@type\":\"WebPage\",\"@id\":\"https:\\\/\\\/adexa.ee\\\/toode\\\/kaubanduslik-lihaloikur-9-220mm-alumiiniumkattega-adexa-hxhbs220a\\\/\",\"url\":\"https:\\\/\\\/adexa.ee\\\/toode\\\/kaubanduslik-lihaloikur-9-220mm-alumiiniumkattega-adexa-hxhbs220a\\\/\",\"name\":\"Kaubanduslik lihal\u00f5ikur 9''\\\/220mm alumiiniumkattega | Adexa HXHBS220A - Adexa \u2013 Suurk\u00f6\u00f6giseadmed restoranidele ja toitlustusele\",\"isPartOf\":{\"@id\":\"https:\\\/\\\/adexa.ee\\\/#website\"},\"primaryImageOfPage\":{\"@id\":\"https:\\\/\\\/adexa.ee\\\/toode\\\/kaubanduslik-lihaloikur-9-220mm-alumiiniumkattega-adexa-hxhbs220a\\\/#primaryimage\"},\"image\":{\"@id\":\"https:\\\/\\\/adexa.ee\\\/toode\\\/kaubanduslik-lihaloikur-9-220mm-alumiiniumkattega-adexa-hxhbs220a\\\/#primaryimage\"},\"thumbnailUrl\":\"https:\\\/\\\/adexa.ee\\\/wp-content\\\/uploads\\\/2025\\\/06\\\/hbs220a-250a-275a-300a-scaled.jpg\",\"datePublished\":\"2026-03-26T10:05:55+00:00\",\"dateModified\":\"2026-03-26T10:05:58+00:00\",\"breadcrumb\":{\"@id\":\"https:\\\/\\\/adexa.ee\\\/toode\\\/kaubanduslik-lihaloikur-9-220mm-alumiiniumkattega-adexa-hxhbs220a\\\/#breadcrumb\"},\"inLanguage\":\"en-US\",\"potentialAction\":[{\"@type\":\"ReadAction\",\"target\":[\"https:\\\/\\\/adexa.ee\\\/toode\\\/kaubanduslik-lihaloikur-9-220mm-alumiiniumkattega-adexa-hxhbs220a\\\/\"]}]},{\"@type\":\"ImageObject\",\"inLanguage\":\"en-US\",\"@id\":\"https:\\\/\\\/adexa.ee\\\/toode\\\/kaubanduslik-lihaloikur-9-220mm-alumiiniumkattega-adexa-hxhbs220a\\\/#primaryimage\",\"url\":\"https:\\\/\\\/adexa.ee\\\/wp-content\\\/uploads\\\/2025\\\/06\\\/hbs220a-250a-275a-300a-scaled.jpg\",\"contentUrl\":\"https:\\\/\\\/adexa.ee\\\/wp-content\\\/uploads\\\/2025\\\/06\\\/hbs220a-250a-275a-300a-scaled.jpg\",\"width\":2560,\"height\":2560},{\"@type\":\"BreadcrumbList\",\"@id\":\"https:\\\/\\\/adexa.ee\\\/toode\\\/kaubanduslik-lihaloikur-9-220mm-alumiiniumkattega-adexa-hxhbs220a\\\/#breadcrumb\",\"itemListElement\":[{\"@type\":\"ListItem\",\"position\":1,\"name\":\"Home\",\"item\":\"https:\\\/\\\/adexa.ee\\\/\"},{\"@type\":\"ListItem\",\"position\":2,\"name\":\"Tooted\",\"item\":\"https:\\\/\\\/adexa.ee\\\/pood\\\/\"},{\"@type\":\"ListItem\",\"position\":3,\"name\":\"Kaubanduslik lihal\u00f5ikur 9&#8221;\\\/220mm alumiiniumkattega | Adexa HXHBS220A\"}]},{\"@type\":\"WebSite\",\"@id\":\"https:\\\/\\\/adexa.ee\\\/#website\",\"url\":\"https:\\\/\\\/adexa.ee\\\/\",\"name\":\"Adexa\",\"description\":\"\",\"publisher\":{\"@id\":\"https:\\\/\\\/adexa.ee\\\/#organization\"},\"potentialAction\":[{\"@type\":\"SearchAction\",\"target\":{\"@type\":\"EntryPoint\",\"urlTemplate\":\"https:\\\/\\\/adexa.ee\\\/?s={search_term_string}\"},\"query-input\":{\"@type\":\"PropertyValueSpecification\",\"valueRequired\":true,\"valueName\":\"search_term_string\"}}],\"inLanguage\":\"en-US\"},{\"@type\":\"Organization\",\"@id\":\"https:\\\/\\\/adexa.ee\\\/#organization\",\"name\":\"Adexa\",\"url\":\"https:\\\/\\\/adexa.ee\\\/\",\"logo\":{\"@type\":\"ImageObject\",\"inLanguage\":\"en-US\",\"@id\":\"https:\\\/\\\/adexa.ee\\\/#\\\/schema\\\/logo\\\/image\\\/\",\"url\":\"https:\\\/\\\/adexa.ee\\\/wp-content\\\/uploads\\\/2024\\\/04\\\/chef-cooks-working-in-professional-kitchen-2023-11-27-05-07-39-utc-scaled.jpg\",\"contentUrl\":\"https:\\\/\\\/adexa.ee\\\/wp-content\\\/uploads\\\/2024\\\/04\\\/chef-cooks-working-in-professional-kitchen-2023-11-27-05-07-39-utc-scaled.jpg\",\"width\":2560,\"height\":1708,\"caption\":\"Adexa\"},\"image\":{\"@id\":\"https:\\\/\\\/adexa.ee\\\/#\\\/schema\\\/logo\\\/image\\\/\"}}]}<\/script>\n<!-- \/ Yoast SEO plugin. -->","yoast_head_json":{"title":"Kaubanduslik lihal\u00f5ikur 9''\/220mm alumiiniumkattega | Adexa HXHBS220A - Adexa \u2013 Suurk\u00f6\u00f6giseadmed restoranidele ja toitlustusele","robots":{"index":"index","follow":"follow","max-snippet":"max-snippet:-1","max-image-preview":"max-image-preview:large","max-video-preview":"max-video-preview:-1"},"canonical":"https:\/\/adexa.ee\/toode\/kaubanduslik-lihaloikur-9-220mm-alumiiniumkattega-adexa-hxhbs220a\/","og_locale":"en_US","og_type":"article","og_title":"Kaubanduslik lihal\u00f5ikur 9''\/220mm alumiiniumkattega | Adexa HXHBS220A - Adexa \u2013 Suurk\u00f6\u00f6giseadmed restoranidele ja toitlustusele","og_description":"Adexa HBS220A 9&#8243; manuaalne gravitatsiooniga toidul\u00f5ikur on kompaktse disainiga, mis sobib ideaalselt v\u00e4ikestele ettev\u00f5tetele, kus ruum on piiratud! See on","og_url":"https:\/\/adexa.ee\/toode\/kaubanduslik-lihaloikur-9-220mm-alumiiniumkattega-adexa-hxhbs220a\/","og_site_name":"Adexa \u2013 Suurk\u00f6\u00f6giseadmed restoranidele ja toitlustusele","article_modified_time":"2026-03-26T10:05:58+00:00","og_image":[{"width":2560,"height":2560,"url":"https:\/\/adexa.ee\/wp-content\/uploads\/2025\/06\/hbs220a-250a-275a-300a-scaled.jpg","type":"image\/jpeg"}],"twitter_card":"summary_large_image","twitter_misc":{"Est. reading time":"1 minute"},"schema":{"@context":"https:\/\/schema.org","@graph":[{"@type":"WebPage","@id":"https:\/\/adexa.ee\/toode\/kaubanduslik-lihaloikur-9-220mm-alumiiniumkattega-adexa-hxhbs220a\/","url":"https:\/\/adexa.ee\/toode\/kaubanduslik-lihaloikur-9-220mm-alumiiniumkattega-adexa-hxhbs220a\/","name":"Kaubanduslik lihal\u00f5ikur 9''\/220mm alumiiniumkattega | Adexa HXHBS220A - Adexa \u2013 Suurk\u00f6\u00f6giseadmed restoranidele ja toitlustusele","isPartOf":{"@id":"https:\/\/adexa.ee\/#website"},"primaryImageOfPage":{"@id":"https:\/\/adexa.ee\/toode\/kaubanduslik-lihaloikur-9-220mm-alumiiniumkattega-adexa-hxhbs220a\/#primaryimage"},"image":{"@id":"https:\/\/adexa.ee\/toode\/kaubanduslik-lihaloikur-9-220mm-alumiiniumkattega-adexa-hxhbs220a\/#primaryimage"},"thumbnailUrl":"https:\/\/adexa.ee\/wp-content\/uploads\/2025\/06\/hbs220a-250a-275a-300a-scaled.jpg","datePublished":"2026-03-26T10:05:55+00:00","dateModified":"2026-03-26T10:05:58+00:00","breadcrumb":{"@id":"https:\/\/adexa.ee\/toode\/kaubanduslik-lihaloikur-9-220mm-alumiiniumkattega-adexa-hxhbs220a\/#breadcrumb"},"inLanguage":"en-US","potentialAction":[{"@type":"ReadAction","target":["https:\/\/adexa.ee\/toode\/kaubanduslik-lihaloikur-9-220mm-alumiiniumkattega-adexa-hxhbs220a\/"]}]},{"@type":"ImageObject","inLanguage":"en-US","@id":"https:\/\/adexa.ee\/toode\/kaubanduslik-lihaloikur-9-220mm-alumiiniumkattega-adexa-hxhbs220a\/#primaryimage","url":"https:\/\/adexa.ee\/wp-content\/uploads\/2025\/06\/hbs220a-250a-275a-300a-scaled.jpg","contentUrl":"https:\/\/adexa.ee\/wp-content\/uploads\/2025\/06\/hbs220a-250a-275a-300a-scaled.jpg","width":2560,"height":2560},{"@type":"BreadcrumbList","@id":"https:\/\/adexa.ee\/toode\/kaubanduslik-lihaloikur-9-220mm-alumiiniumkattega-adexa-hxhbs220a\/#breadcrumb","itemListElement":[{"@type":"ListItem","position":1,"name":"Home","item":"https:\/\/adexa.ee\/"},{"@type":"ListItem","position":2,"name":"Tooted","item":"https:\/\/adexa.ee\/pood\/"},{"@type":"ListItem","position":3,"name":"Kaubanduslik lihal\u00f5ikur 9&#8221;\/220mm alumiiniumkattega | Adexa HXHBS220A"}]},{"@type":"WebSite","@id":"https:\/\/adexa.ee\/#website","url":"https:\/\/adexa.ee\/","name":"Adexa","description":"","publisher":{"@id":"https:\/\/adexa.ee\/#organization"},"potentialAction":[{"@type":"SearchAction","target":{"@type":"EntryPoint","urlTemplate":"https:\/\/adexa.ee\/?s={search_term_string}"},"query-input":{"@type":"PropertyValueSpecification","valueRequired":true,"valueName":"search_term_string"}}],"inLanguage":"en-US"},{"@type":"Organization","@id":"https:\/\/adexa.ee\/#organization","name":"Adexa","url":"https:\/\/adexa.ee\/","logo":{"@type":"ImageObject","inLanguage":"en-US","@id":"https:\/\/adexa.ee\/#\/schema\/logo\/image\/","url":"https:\/\/adexa.ee\/wp-content\/uploads\/2024\/04\/chef-cooks-working-in-professional-kitchen-2023-11-27-05-07-39-utc-scaled.jpg","contentUrl":"https:\/\/adexa.ee\/wp-content\/uploads\/2024\/04\/chef-cooks-working-in-professional-kitchen-2023-11-27-05-07-39-utc-scaled.jpg","width":2560,"height":1708,"caption":"Adexa"},"image":{"@id":"https:\/\/adexa.ee\/#\/schema\/logo\/image\/"}}]}},"_links":{"self":[{"href":"https:\/\/adexa.ee\/en\/wp-json\/wp\/v2\/product\/43973","targetHints":{"allow":["GET"]}}],"collection":[{"href":"https:\/\/adexa.ee\/en\/wp-json\/wp\/v2\/product"}],"about":[{"href":"https:\/\/adexa.ee\/en\/wp-json\/wp\/v2\/types\/product"}],"wp:featuredmedia":[{"embeddable":true,"href":"https:\/\/adexa.ee\/en\/wp-json\/wp\/v2\/media\/33249"}],"wp:attachment":[{"href":"https:\/\/adexa.ee\/en\/wp-json\/wp\/v2\/media?parent=43973"}],"wp:term":[{"taxonomy":"product_brand","embeddable":true,"href":"https:\/\/adexa.ee\/en\/wp-json\/wp\/v2\/product_brand?post=43973"},{"taxonomy":"product_cat","embeddable":true,"href":"https:\/\/adexa.ee\/en\/wp-json\/wp\/v2\/product_cat?post=43973"},{"taxonomy":"product_tag","embeddable":true,"href":"https:\/\/adexa.ee\/en\/wp-json\/wp\/v2\/product_tag?post=43973"}],"curies":[{"name":"wp","href":"https:\/\/api.w.org\/{rel}","templated":true}]}}