{"id":43975,"date":"2026-03-29T17:55:22","date_gmt":"2026-03-29T14:55:22","guid":{"rendered":"https:\/\/adexa.ee\/toode\/kaubanduslik-frituur-uhetankiline-kahe-tsooniga-elektriline-26-liitrit-78-kw-lauapealne-aravoolukraaniga-adexa-ef26l\/"},"modified":"2026-03-29T17:55:22","modified_gmt":"2026-03-29T14:55:22","slug":"kaubanduslik-frituur-uhetankiline-kahe-tsooniga-elektriline-26-liitrit-78-kw-lauapealne-aravoolukraaniga-adexa-ef26l","status":"publish","type":"product","link":"https:\/\/adexa.ee\/en\/toode\/kaubanduslik-frituur-uhetankiline-kahe-tsooniga-elektriline-26-liitrit-78-kw-lauapealne-aravoolukraaniga-adexa-ef26l\/","title":{"rendered":"Kaubanduslik frit\u00fc\u00fcr \u00fchetankiline kahe tsooniga elektriline 26 liitrit 7,8 kW lauapealne \u00e4ravoolukraaniga | Adexa EF26L"},"content":{"rendered":"<p>Suurep\u00e4rase kvaliteediga \u00fchetankiline professionaalne elektrifrit\u00fc\u00fcr. Ruumi s\u00e4\u00e4stva 540 mm s\u00fcgavuse ja suure 26-liitrise mahutavusega. Ideaalne varustus k\u00f5rge tootlikkusega kiirtoidukohvikutele, see on kohustuslik igas restoranis, kohvikus, kiirtoidukohas v\u00f5i s\u00f6\u00f6klas. Praegu on saadaval suur allahindlus selle soodushinnaga. 26 liitrit, 2 x 3900W, \u00fchetankiline, kahe tsooniga. T\u00e4psema teabe saamiseks vaadake palun jaotist &#8220;Spetsifikatsioon&#8221;.<\/p>\n<table style=\"border-collapse: collapse; width: 100%; text-align: left;\">\n<tbody>\n<tr>\n<td style=\"border: 1px solid #ddd; padding: 8px; width: 45%;\"><strong>S\u00fcgavus<\/strong><\/td>\n<td style=\"border: 1px solid #ddd; padding: 8px;\">540mm<\/td>\n<\/tr>\n<tr>\n<td style=\"border: 1px solid #ddd; padding: 8px; width: 45%;\"><strong>K\u00f5rgus<\/strong><\/td>\n<td style=\"border: 1px solid #ddd; padding: 8px;\">265mm<\/td>\n<\/tr>\n<tr>\n<td style=\"border: 1px solid #ddd; padding: 8px; width: 45%;\"><strong>Laius<\/strong><\/td>\n<td style=\"border: 1px solid #ddd; padding: 8px;\">930 mm<\/td>\n<\/tr>\n<tr>\n<td style=\"border: 1px solid #ddd; padding: 8px; width: 45%;\"><strong>Kaal<\/strong><\/td>\n<td style=\"border: 1px solid #ddd; padding: 8px;\">14kg<\/td>\n<\/tr>\n<tr>\n<td style=\"border: 1px solid #ddd; padding: 8px; width: 45%;\"><strong>Garantii<\/strong><\/td>\n<td style=\"border: 1px solid #ddd; padding: 8px;\">12 kuu varuosade garantii<\/td>\n<\/tr>\n<tr>\n<td style=\"border: 1px solid #ddd; padding: 8px; width: 45%;\"><strong>Versioon<\/strong><\/td>\n<td style=\"border: 1px solid #ddd; padding: 8px;\">T\u00f6\u00f6pind<\/td>\n<\/tr>\n<tr>\n<td style=\"border: 1px solid #ddd; padding: 8px; width: 45%;\"><strong>Mahutavus<\/strong><\/td>\n<td style=\"border: 1px solid #ddd; padding: 8px;\">26 liitrit<\/td>\n<\/tr>\n<tr>\n<td style=\"border: 1px solid #ddd; padding: 8px; width: 45%;\"><strong>Toiteallikas<\/strong><\/td>\n<td style=\"border: 1px solid #ddd; padding: 8px;\">230V \/ 1 faas<\/td>\n<\/tr>\n<tr>\n<td style=\"border: 1px solid #ddd; padding: 8px; width: 45%;\"><strong>V\u00f5imsus<\/strong><\/td>\n<td style=\"border: 1px solid #ddd; padding: 8px;\">2 x 3900W<\/td>\n<\/tr>\n<tr>\n<td style=\"border: 1px solid #ddd; padding: 8px; width: 45%;\"><strong>Materjal<\/strong><\/td>\n<td style=\"border: 1px solid #ddd; padding: 8px;\">Roostevaba teras<\/td>\n<\/tr>\n<tr>\n<td style=\"border: 1px solid #ddd; padding: 8px; width: 45%;\"><strong>Kaasas<\/strong><\/td>\n<td style=\"border: 1px solid #ddd; padding: 8px;\">1 korv<\/td>\n<\/tr>\n<tr>\n<td style=\"border: 1px solid #ddd; padding: 8px; width: 45%;\"><strong>Temperatuur<\/strong><\/td>\n<td style=\"border: 1px solid #ddd; padding: 8px;\">+60\u00b0C kuni +200\u00b0C<\/td>\n<\/tr>\n<tr>\n<td style=\"border: 1px solid #ddd; padding: 8px; width: 45%;\"><strong>\u00c4ravoolukraan<\/strong><\/td>\n<td style=\"border: 1px solid #ddd; padding: 8px;\">Jah<\/td>\n<\/tr>\n<\/tbody>\n<\/table>\n","protected":false},"excerpt":{"rendered":"<p>Suurep\u00e4rase kvaliteediga \u00fchetankiline professionaalne elektrifrit\u00fc\u00fcr. Ruumi s\u00e4\u00e4stva 540 mm s\u00fcgavuse ja suure 26-liitrise mahutavusega. Ideaalne varustus k\u00f5rge tootlikkusega kiirtoidukohvikutele, see<\/p>\n","protected":false},"featured_media":43977,"template":"","meta":[],"product_brand":[],"product_cat":[630,629,557,588,631],"product_tag":[],"class_list":{"0":"post-43975","1":"product","2":"type-product","3":"status-publish","4":"has-post-thumbnail","6":"product_cat-elektrilised-frituurid","7":"product_cat-frituurid","8":"product_cat-kupsetusseadmed","9":"product_cat-kuumseadmed","10":"product_cat-lauapealsed-frituurid","12":"first","13":"instock","14":"sale","15":"taxable","16":"shipping-taxable","17":"purchasable","18":"product-type-simple"},"yoast_head":"<!-- This site is optimized with the Yoast SEO plugin v27.3 - https:\/\/yoast.com\/product\/yoast-seo-wordpress\/ -->\n<title>Kaubanduslik frit\u00fc\u00fcr \u00fchetankiline kahe tsooniga elektriline 26 liitrit 7,8 kW lauapealne \u00e4ravoolukraaniga | Adexa EF26L - Adexa \u2013 Suurk\u00f6\u00f6giseadmed restoranidele ja toitlustusele<\/title>\n<meta name=\"robots\" content=\"index, follow, max-snippet:-1, max-image-preview:large, max-video-preview:-1\" \/>\n<link rel=\"canonical\" href=\"https:\/\/adexa.ee\/toode\/kaubanduslik-frituur-uhetankiline-kahe-tsooniga-elektriline-26-liitrit-78-kw-lauapealne-aravoolukraaniga-adexa-ef26l\/\" \/>\n<meta property=\"og:locale\" content=\"en_US\" \/>\n<meta property=\"og:type\" content=\"article\" \/>\n<meta property=\"og:title\" content=\"Kaubanduslik frit\u00fc\u00fcr \u00fchetankiline kahe tsooniga elektriline 26 liitrit 7,8 kW lauapealne \u00e4ravoolukraaniga | Adexa EF26L - Adexa \u2013 Suurk\u00f6\u00f6giseadmed restoranidele ja toitlustusele\" \/>\n<meta property=\"og:description\" content=\"Suurep\u00e4rase kvaliteediga \u00fchetankiline professionaalne elektrifrit\u00fc\u00fcr. Ruumi s\u00e4\u00e4stva 540 mm s\u00fcgavuse ja suure 26-liitrise mahutavusega. Ideaalne varustus k\u00f5rge tootlikkusega kiirtoidukohvikutele, see\" \/>\n<meta property=\"og:url\" content=\"https:\/\/adexa.ee\/toode\/kaubanduslik-frituur-uhetankiline-kahe-tsooniga-elektriline-26-liitrit-78-kw-lauapealne-aravoolukraaniga-adexa-ef26l\/\" \/>\n<meta property=\"og:site_name\" content=\"Adexa \u2013 Suurk\u00f6\u00f6giseadmed restoranidele ja toitlustusele\" \/>\n<meta property=\"og:image\" content=\"https:\/\/adexa.ee\/wp-content\/uploads\/2025\/11\/EF26L.jpg\" \/>\n\t<meta property=\"og:image:width\" content=\"2000\" \/>\n\t<meta property=\"og:image:height\" content=\"2000\" \/>\n\t<meta property=\"og:image:type\" content=\"image\/jpeg\" \/>\n<meta name=\"twitter:card\" content=\"summary_large_image\" \/>\n<script type=\"application\/ld+json\" class=\"yoast-schema-graph\">{\"@context\":\"https:\\\/\\\/schema.org\",\"@graph\":[{\"@type\":\"WebPage\",\"@id\":\"https:\\\/\\\/adexa.ee\\\/toode\\\/kaubanduslik-frituur-uhetankiline-kahe-tsooniga-elektriline-26-liitrit-78-kw-lauapealne-aravoolukraaniga-adexa-ef26l\\\/\",\"url\":\"https:\\\/\\\/adexa.ee\\\/toode\\\/kaubanduslik-frituur-uhetankiline-kahe-tsooniga-elektriline-26-liitrit-78-kw-lauapealne-aravoolukraaniga-adexa-ef26l\\\/\",\"name\":\"Kaubanduslik frit\u00fc\u00fcr \u00fchetankiline kahe tsooniga elektriline 26 liitrit 7,8 kW lauapealne \u00e4ravoolukraaniga | Adexa EF26L - Adexa \u2013 Suurk\u00f6\u00f6giseadmed restoranidele ja toitlustusele\",\"isPartOf\":{\"@id\":\"https:\\\/\\\/adexa.ee\\\/#website\"},\"primaryImageOfPage\":{\"@id\":\"https:\\\/\\\/adexa.ee\\\/toode\\\/kaubanduslik-frituur-uhetankiline-kahe-tsooniga-elektriline-26-liitrit-78-kw-lauapealne-aravoolukraaniga-adexa-ef26l\\\/#primaryimage\"},\"image\":{\"@id\":\"https:\\\/\\\/adexa.ee\\\/toode\\\/kaubanduslik-frituur-uhetankiline-kahe-tsooniga-elektriline-26-liitrit-78-kw-lauapealne-aravoolukraaniga-adexa-ef26l\\\/#primaryimage\"},\"thumbnailUrl\":\"https:\\\/\\\/adexa.ee\\\/wp-content\\\/uploads\\\/2025\\\/11\\\/EF26L.jpg\",\"datePublished\":\"2026-03-29T14:55:22+00:00\",\"breadcrumb\":{\"@id\":\"https:\\\/\\\/adexa.ee\\\/toode\\\/kaubanduslik-frituur-uhetankiline-kahe-tsooniga-elektriline-26-liitrit-78-kw-lauapealne-aravoolukraaniga-adexa-ef26l\\\/#breadcrumb\"},\"inLanguage\":\"en-US\",\"potentialAction\":[{\"@type\":\"ReadAction\",\"target\":[\"https:\\\/\\\/adexa.ee\\\/toode\\\/kaubanduslik-frituur-uhetankiline-kahe-tsooniga-elektriline-26-liitrit-78-kw-lauapealne-aravoolukraaniga-adexa-ef26l\\\/\"]}]},{\"@type\":\"ImageObject\",\"inLanguage\":\"en-US\",\"@id\":\"https:\\\/\\\/adexa.ee\\\/toode\\\/kaubanduslik-frituur-uhetankiline-kahe-tsooniga-elektriline-26-liitrit-78-kw-lauapealne-aravoolukraaniga-adexa-ef26l\\\/#primaryimage\",\"url\":\"https:\\\/\\\/adexa.ee\\\/wp-content\\\/uploads\\\/2025\\\/11\\\/EF26L.jpg\",\"contentUrl\":\"https:\\\/\\\/adexa.ee\\\/wp-content\\\/uploads\\\/2025\\\/11\\\/EF26L.jpg\",\"width\":2000,\"height\":2000},{\"@type\":\"BreadcrumbList\",\"@id\":\"https:\\\/\\\/adexa.ee\\\/toode\\\/kaubanduslik-frituur-uhetankiline-kahe-tsooniga-elektriline-26-liitrit-78-kw-lauapealne-aravoolukraaniga-adexa-ef26l\\\/#breadcrumb\",\"itemListElement\":[{\"@type\":\"ListItem\",\"position\":1,\"name\":\"Home\",\"item\":\"https:\\\/\\\/adexa.ee\\\/\"},{\"@type\":\"ListItem\",\"position\":2,\"name\":\"Tooted\",\"item\":\"https:\\\/\\\/adexa.ee\\\/pood\\\/\"},{\"@type\":\"ListItem\",\"position\":3,\"name\":\"Kaubanduslik frit\u00fc\u00fcr \u00fchetankiline kahe tsooniga elektriline 26 liitrit 7,8 kW lauapealne \u00e4ravoolukraaniga | Adexa EF26L\"}]},{\"@type\":\"WebSite\",\"@id\":\"https:\\\/\\\/adexa.ee\\\/#website\",\"url\":\"https:\\\/\\\/adexa.ee\\\/\",\"name\":\"Adexa\",\"description\":\"\",\"publisher\":{\"@id\":\"https:\\\/\\\/adexa.ee\\\/#organization\"},\"potentialAction\":[{\"@type\":\"SearchAction\",\"target\":{\"@type\":\"EntryPoint\",\"urlTemplate\":\"https:\\\/\\\/adexa.ee\\\/?s={search_term_string}\"},\"query-input\":{\"@type\":\"PropertyValueSpecification\",\"valueRequired\":true,\"valueName\":\"search_term_string\"}}],\"inLanguage\":\"en-US\"},{\"@type\":\"Organization\",\"@id\":\"https:\\\/\\\/adexa.ee\\\/#organization\",\"name\":\"Adexa\",\"url\":\"https:\\\/\\\/adexa.ee\\\/\",\"logo\":{\"@type\":\"ImageObject\",\"inLanguage\":\"en-US\",\"@id\":\"https:\\\/\\\/adexa.ee\\\/#\\\/schema\\\/logo\\\/image\\\/\",\"url\":\"https:\\\/\\\/adexa.ee\\\/wp-content\\\/uploads\\\/2024\\\/04\\\/chef-cooks-working-in-professional-kitchen-2023-11-27-05-07-39-utc-scaled.jpg\",\"contentUrl\":\"https:\\\/\\\/adexa.ee\\\/wp-content\\\/uploads\\\/2024\\\/04\\\/chef-cooks-working-in-professional-kitchen-2023-11-27-05-07-39-utc-scaled.jpg\",\"width\":2560,\"height\":1708,\"caption\":\"Adexa\"},\"image\":{\"@id\":\"https:\\\/\\\/adexa.ee\\\/#\\\/schema\\\/logo\\\/image\\\/\"}}]}<\/script>\n<!-- \/ Yoast SEO plugin. -->","yoast_head_json":{"title":"Kaubanduslik frit\u00fc\u00fcr \u00fchetankiline kahe tsooniga elektriline 26 liitrit 7,8 kW lauapealne \u00e4ravoolukraaniga | Adexa EF26L - Adexa \u2013 Suurk\u00f6\u00f6giseadmed restoranidele ja toitlustusele","robots":{"index":"index","follow":"follow","max-snippet":"max-snippet:-1","max-image-preview":"max-image-preview:large","max-video-preview":"max-video-preview:-1"},"canonical":"https:\/\/adexa.ee\/toode\/kaubanduslik-frituur-uhetankiline-kahe-tsooniga-elektriline-26-liitrit-78-kw-lauapealne-aravoolukraaniga-adexa-ef26l\/","og_locale":"en_US","og_type":"article","og_title":"Kaubanduslik frit\u00fc\u00fcr \u00fchetankiline kahe tsooniga elektriline 26 liitrit 7,8 kW lauapealne \u00e4ravoolukraaniga | Adexa EF26L - Adexa \u2013 Suurk\u00f6\u00f6giseadmed restoranidele ja toitlustusele","og_description":"Suurep\u00e4rase kvaliteediga \u00fchetankiline professionaalne elektrifrit\u00fc\u00fcr. Ruumi s\u00e4\u00e4stva 540 mm s\u00fcgavuse ja suure 26-liitrise mahutavusega. Ideaalne varustus k\u00f5rge tootlikkusega kiirtoidukohvikutele, see","og_url":"https:\/\/adexa.ee\/toode\/kaubanduslik-frituur-uhetankiline-kahe-tsooniga-elektriline-26-liitrit-78-kw-lauapealne-aravoolukraaniga-adexa-ef26l\/","og_site_name":"Adexa \u2013 Suurk\u00f6\u00f6giseadmed restoranidele ja toitlustusele","og_image":[{"width":2000,"height":2000,"url":"https:\/\/adexa.ee\/wp-content\/uploads\/2025\/11\/EF26L.jpg","type":"image\/jpeg"}],"twitter_card":"summary_large_image","schema":{"@context":"https:\/\/schema.org","@graph":[{"@type":"WebPage","@id":"https:\/\/adexa.ee\/toode\/kaubanduslik-frituur-uhetankiline-kahe-tsooniga-elektriline-26-liitrit-78-kw-lauapealne-aravoolukraaniga-adexa-ef26l\/","url":"https:\/\/adexa.ee\/toode\/kaubanduslik-frituur-uhetankiline-kahe-tsooniga-elektriline-26-liitrit-78-kw-lauapealne-aravoolukraaniga-adexa-ef26l\/","name":"Kaubanduslik frit\u00fc\u00fcr \u00fchetankiline kahe tsooniga elektriline 26 liitrit 7,8 kW lauapealne \u00e4ravoolukraaniga | Adexa EF26L - Adexa \u2013 Suurk\u00f6\u00f6giseadmed restoranidele ja toitlustusele","isPartOf":{"@id":"https:\/\/adexa.ee\/#website"},"primaryImageOfPage":{"@id":"https:\/\/adexa.ee\/toode\/kaubanduslik-frituur-uhetankiline-kahe-tsooniga-elektriline-26-liitrit-78-kw-lauapealne-aravoolukraaniga-adexa-ef26l\/#primaryimage"},"image":{"@id":"https:\/\/adexa.ee\/toode\/kaubanduslik-frituur-uhetankiline-kahe-tsooniga-elektriline-26-liitrit-78-kw-lauapealne-aravoolukraaniga-adexa-ef26l\/#primaryimage"},"thumbnailUrl":"https:\/\/adexa.ee\/wp-content\/uploads\/2025\/11\/EF26L.jpg","datePublished":"2026-03-29T14:55:22+00:00","breadcrumb":{"@id":"https:\/\/adexa.ee\/toode\/kaubanduslik-frituur-uhetankiline-kahe-tsooniga-elektriline-26-liitrit-78-kw-lauapealne-aravoolukraaniga-adexa-ef26l\/#breadcrumb"},"inLanguage":"en-US","potentialAction":[{"@type":"ReadAction","target":["https:\/\/adexa.ee\/toode\/kaubanduslik-frituur-uhetankiline-kahe-tsooniga-elektriline-26-liitrit-78-kw-lauapealne-aravoolukraaniga-adexa-ef26l\/"]}]},{"@type":"ImageObject","inLanguage":"en-US","@id":"https:\/\/adexa.ee\/toode\/kaubanduslik-frituur-uhetankiline-kahe-tsooniga-elektriline-26-liitrit-78-kw-lauapealne-aravoolukraaniga-adexa-ef26l\/#primaryimage","url":"https:\/\/adexa.ee\/wp-content\/uploads\/2025\/11\/EF26L.jpg","contentUrl":"https:\/\/adexa.ee\/wp-content\/uploads\/2025\/11\/EF26L.jpg","width":2000,"height":2000},{"@type":"BreadcrumbList","@id":"https:\/\/adexa.ee\/toode\/kaubanduslik-frituur-uhetankiline-kahe-tsooniga-elektriline-26-liitrit-78-kw-lauapealne-aravoolukraaniga-adexa-ef26l\/#breadcrumb","itemListElement":[{"@type":"ListItem","position":1,"name":"Home","item":"https:\/\/adexa.ee\/"},{"@type":"ListItem","position":2,"name":"Tooted","item":"https:\/\/adexa.ee\/pood\/"},{"@type":"ListItem","position":3,"name":"Kaubanduslik frit\u00fc\u00fcr \u00fchetankiline kahe tsooniga elektriline 26 liitrit 7,8 kW lauapealne \u00e4ravoolukraaniga | Adexa EF26L"}]},{"@type":"WebSite","@id":"https:\/\/adexa.ee\/#website","url":"https:\/\/adexa.ee\/","name":"Adexa","description":"","publisher":{"@id":"https:\/\/adexa.ee\/#organization"},"potentialAction":[{"@type":"SearchAction","target":{"@type":"EntryPoint","urlTemplate":"https:\/\/adexa.ee\/?s={search_term_string}"},"query-input":{"@type":"PropertyValueSpecification","valueRequired":true,"valueName":"search_term_string"}}],"inLanguage":"en-US"},{"@type":"Organization","@id":"https:\/\/adexa.ee\/#organization","name":"Adexa","url":"https:\/\/adexa.ee\/","logo":{"@type":"ImageObject","inLanguage":"en-US","@id":"https:\/\/adexa.ee\/#\/schema\/logo\/image\/","url":"https:\/\/adexa.ee\/wp-content\/uploads\/2024\/04\/chef-cooks-working-in-professional-kitchen-2023-11-27-05-07-39-utc-scaled.jpg","contentUrl":"https:\/\/adexa.ee\/wp-content\/uploads\/2024\/04\/chef-cooks-working-in-professional-kitchen-2023-11-27-05-07-39-utc-scaled.jpg","width":2560,"height":1708,"caption":"Adexa"},"image":{"@id":"https:\/\/adexa.ee\/#\/schema\/logo\/image\/"}}]}},"_links":{"self":[{"href":"https:\/\/adexa.ee\/en\/wp-json\/wp\/v2\/product\/43975","targetHints":{"allow":["GET"]}}],"collection":[{"href":"https:\/\/adexa.ee\/en\/wp-json\/wp\/v2\/product"}],"about":[{"href":"https:\/\/adexa.ee\/en\/wp-json\/wp\/v2\/types\/product"}],"wp:featuredmedia":[{"embeddable":true,"href":"https:\/\/adexa.ee\/en\/wp-json\/wp\/v2\/media\/43977"}],"wp:attachment":[{"href":"https:\/\/adexa.ee\/en\/wp-json\/wp\/v2\/media?parent=43975"}],"wp:term":[{"taxonomy":"product_brand","embeddable":true,"href":"https:\/\/adexa.ee\/en\/wp-json\/wp\/v2\/product_brand?post=43975"},{"taxonomy":"product_cat","embeddable":true,"href":"https:\/\/adexa.ee\/en\/wp-json\/wp\/v2\/product_cat?post=43975"},{"taxonomy":"product_tag","embeddable":true,"href":"https:\/\/adexa.ee\/en\/wp-json\/wp\/v2\/product_tag?post=43975"}],"curies":[{"name":"wp","href":"https:\/\/api.w.org\/{rel}","templated":true}]}}