{"id":44092,"date":"2026-01-23T18:05:30","date_gmt":"2026-01-23T16:05:30","guid":{"rendered":"https:\/\/adexa.ee\/toode\/must-terastool-musta-vinuulpolsterdatud-istme-ja-musta-seljatoega-adexa-gs694bsbb\/"},"modified":"2026-01-23T18:05:31","modified_gmt":"2026-01-23T16:05:31","slug":"must-terastool-musta-vinuulpolsterdatud-istme-ja-musta-seljatoega-adexa-gs694bsbb","status":"publish","type":"product","link":"https:\/\/adexa.ee\/en\/toode\/must-terastool-musta-vinuulpolsterdatud-istme-ja-musta-seljatoega-adexa-gs694bsbb\/","title":{"rendered":"Must terastool musta vin\u00fc\u00fclpolsterdatud istme ja musta seljatoega | Adexa GS694BSBB"},"content":{"rendered":"<p>Pakkuge oma k\u00fclalistele mugavust ja stiili selle musta viimistlusega metallist redeliseljatoega kohvikutooliga, millel on must polsterdatud iste! Selle tooli must viimistlusraam annab elegantse ja luksusliku v\u00e4limuse, mis sobib peaaegu iga sisekujundusega, samas kui vastupidav raam tagab pikaajalise vastupidavuse. Lisaks on selle pilkup\u00fc\u00fcdev redeliseljatoe disain ka kontuuritud kliendi selja jaoks, pakkudes v\u00f5rreldamatut mugavust, s\u00e4ilitades samal ajal teie baari eristuva v\u00e4limuse. See on ideaalne k\u00f5rgus istumiseks teie kohviku v\u00f5i s\u00f6\u00f6gitoa laudades. Selle tooli kontuuritud iste tagab teie k\u00fclalistele mugavuse, kui nad naudivad m\u00f5nda teie signatuurjooki v\u00f5i -toitu. Lisaks on neli jalga \u00fchendatud toestusega lisastabiilsuse tagamiseks ja kaetud plastist libisemisvastaste otsikutega, et kaitsta teie p\u00f5randaid kriimustuste ja h\u00f5\u00f5rdumisj\u00e4lgede eest. T\u00e4iendava kasutusmugavuse huvides on sellel toolil 150 kg kandev\u00f5ime, mis annab toolile tugeva ja stabiilse aluse. Usaldusv\u00e4\u00e4rne disain tagab, et kasutate seda tooli oma kohvikus v\u00f5i restoranis veel aastaid!<\/p>\n<table style=\"border-collapse: collapse; width: 100%; text-align: left;\">\n<tbody>\n<tr>\n<td style=\"border: 1px solid #ddd; padding: 8px; width: 45%;\">S\u00fcgavus<\/td>\n<td style=\"border: 1px solid #ddd; padding: 8px;\">485 mm<\/td>\n<\/tr>\n<tr>\n<td style=\"border: 1px solid #ddd; padding: 8px; width: 45%;\">K\u00f5rgus<\/td>\n<td style=\"border: 1px solid #ddd; padding: 8px;\">820 mm<\/td>\n<\/tr>\n<tr>\n<td style=\"border: 1px solid #ddd; padding: 8px; width: 45%;\">Laius<\/td>\n<td style=\"border: 1px solid #ddd; padding: 8px;\">440mm<\/td>\n<\/tr>\n<tr>\n<td style=\"border: 1px solid #ddd; padding: 8px; width: 45%;\">Kaal<\/td>\n<td style=\"border: 1px solid #ddd; padding: 8px;\">4,5 kg<\/td>\n<\/tr>\n<tr>\n<td style=\"border: 1px solid #ddd; padding: 8px; width: 45%;\">Garantii<\/td>\n<td style=\"border: 1px solid #ddd; padding: 8px;\">12 kuu varuosade garantii<\/td>\n<\/tr>\n<tr>\n<td style=\"border: 1px solid #ddd; padding: 8px; width: 45%;\">Materjal<\/td>\n<td style=\"border: 1px solid #ddd; padding: 8px;\">Pulberv\u00e4rvitud teras (raam) \/ Vin\u00fc\u00fcl (iste) \/ Puit (seljatugi)<\/td>\n<\/tr>\n<tr>\n<td style=\"border: 1px solid #ddd; padding: 8px; width: 45%;\">V\u00e4rv<\/td>\n<td style=\"border: 1px solid #ddd; padding: 8px;\">Must<\/td>\n<\/tr>\n<tr>\n<td style=\"border: 1px solid #ddd; padding: 8px; width: 45%;\">K\u00f5rgus (iste)<\/td>\n<td style=\"border: 1px solid #ddd; padding: 8px;\">495 mm<\/td>\n<\/tr>\n<\/tbody>\n<\/table>\n","protected":false},"excerpt":{"rendered":"<p>Pakkuge oma k\u00fclalistele mugavust ja stiili selle musta viimistlusega metallist redeliseljatoega kohvikutooliga, millel on must polsterdatud iste! Selle tooli must<\/p>\n","protected":false},"featured_media":44094,"template":"","meta":[],"product_brand":[],"product_cat":[889],"product_tag":[],"class_list":{"0":"post-44092","1":"product","2":"type-product","3":"status-publish","4":"has-post-thumbnail","6":"product_cat-kasutatud-ja-taastatud-seadmed","8":"first","9":"instock","10":"sale","11":"taxable","12":"shipping-taxable","13":"purchasable","14":"product-type-simple"},"yoast_head":"<!-- This site is optimized with the Yoast SEO plugin v27.3 - https:\/\/yoast.com\/product\/yoast-seo-wordpress\/ -->\n<title>Must terastool musta vin\u00fc\u00fclpolsterdatud istme ja musta seljatoega | Adexa GS694BSBB - Adexa \u2013 Suurk\u00f6\u00f6giseadmed restoranidele ja toitlustusele<\/title>\n<meta name=\"robots\" content=\"index, follow, max-snippet:-1, max-image-preview:large, max-video-preview:-1\" \/>\n<link rel=\"canonical\" href=\"https:\/\/adexa.ee\/toode\/must-terastool-musta-vinuulpolsterdatud-istme-ja-musta-seljatoega-adexa-gs694bsbb\/\" \/>\n<meta property=\"og:locale\" content=\"en_US\" \/>\n<meta property=\"og:type\" content=\"article\" \/>\n<meta property=\"og:title\" content=\"Must terastool musta vin\u00fc\u00fclpolsterdatud istme ja musta seljatoega | Adexa GS694BSBB - Adexa \u2013 Suurk\u00f6\u00f6giseadmed restoranidele ja toitlustusele\" \/>\n<meta property=\"og:description\" content=\"Pakkuge oma k\u00fclalistele mugavust ja stiili selle musta viimistlusega metallist redeliseljatoega kohvikutooliga, millel on must polsterdatud iste! Selle tooli must\" \/>\n<meta property=\"og:url\" content=\"https:\/\/adexa.ee\/toode\/must-terastool-musta-vinuulpolsterdatud-istme-ja-musta-seljatoega-adexa-gs694bsbb\/\" \/>\n<meta property=\"og:site_name\" content=\"Adexa \u2013 Suurk\u00f6\u00f6giseadmed restoranidele ja toitlustusele\" \/>\n<meta property=\"article:modified_time\" content=\"2026-01-23T16:05:31+00:00\" \/>\n<meta property=\"og:image\" content=\"https:\/\/adexa.ee\/wp-content\/uploads\/2025\/11\/G694.png\" \/>\n\t<meta property=\"og:image:width\" content=\"1024\" \/>\n\t<meta property=\"og:image:height\" content=\"1024\" \/>\n\t<meta property=\"og:image:type\" content=\"image\/png\" \/>\n<meta name=\"twitter:card\" content=\"summary_large_image\" \/>\n<meta name=\"twitter:label1\" content=\"Est. reading time\" \/>\n\t<meta name=\"twitter:data1\" content=\"1 minute\" \/>\n<script type=\"application\/ld+json\" class=\"yoast-schema-graph\">{\"@context\":\"https:\\\/\\\/schema.org\",\"@graph\":[{\"@type\":\"WebPage\",\"@id\":\"https:\\\/\\\/adexa.ee\\\/toode\\\/must-terastool-musta-vinuulpolsterdatud-istme-ja-musta-seljatoega-adexa-gs694bsbb\\\/\",\"url\":\"https:\\\/\\\/adexa.ee\\\/toode\\\/must-terastool-musta-vinuulpolsterdatud-istme-ja-musta-seljatoega-adexa-gs694bsbb\\\/\",\"name\":\"Must terastool musta vin\u00fc\u00fclpolsterdatud istme ja musta seljatoega | Adexa GS694BSBB - Adexa \u2013 Suurk\u00f6\u00f6giseadmed restoranidele ja toitlustusele\",\"isPartOf\":{\"@id\":\"https:\\\/\\\/adexa.ee\\\/#website\"},\"primaryImageOfPage\":{\"@id\":\"https:\\\/\\\/adexa.ee\\\/toode\\\/must-terastool-musta-vinuulpolsterdatud-istme-ja-musta-seljatoega-adexa-gs694bsbb\\\/#primaryimage\"},\"image\":{\"@id\":\"https:\\\/\\\/adexa.ee\\\/toode\\\/must-terastool-musta-vinuulpolsterdatud-istme-ja-musta-seljatoega-adexa-gs694bsbb\\\/#primaryimage\"},\"thumbnailUrl\":\"https:\\\/\\\/adexa.ee\\\/wp-content\\\/uploads\\\/2025\\\/11\\\/G694.png\",\"datePublished\":\"2026-01-23T16:05:30+00:00\",\"dateModified\":\"2026-01-23T16:05:31+00:00\",\"breadcrumb\":{\"@id\":\"https:\\\/\\\/adexa.ee\\\/toode\\\/must-terastool-musta-vinuulpolsterdatud-istme-ja-musta-seljatoega-adexa-gs694bsbb\\\/#breadcrumb\"},\"inLanguage\":\"en-US\",\"potentialAction\":[{\"@type\":\"ReadAction\",\"target\":[\"https:\\\/\\\/adexa.ee\\\/toode\\\/must-terastool-musta-vinuulpolsterdatud-istme-ja-musta-seljatoega-adexa-gs694bsbb\\\/\"]}]},{\"@type\":\"ImageObject\",\"inLanguage\":\"en-US\",\"@id\":\"https:\\\/\\\/adexa.ee\\\/toode\\\/must-terastool-musta-vinuulpolsterdatud-istme-ja-musta-seljatoega-adexa-gs694bsbb\\\/#primaryimage\",\"url\":\"https:\\\/\\\/adexa.ee\\\/wp-content\\\/uploads\\\/2025\\\/11\\\/G694.png\",\"contentUrl\":\"https:\\\/\\\/adexa.ee\\\/wp-content\\\/uploads\\\/2025\\\/11\\\/G694.png\",\"width\":1024,\"height\":1024},{\"@type\":\"BreadcrumbList\",\"@id\":\"https:\\\/\\\/adexa.ee\\\/toode\\\/must-terastool-musta-vinuulpolsterdatud-istme-ja-musta-seljatoega-adexa-gs694bsbb\\\/#breadcrumb\",\"itemListElement\":[{\"@type\":\"ListItem\",\"position\":1,\"name\":\"Home\",\"item\":\"https:\\\/\\\/adexa.ee\\\/\"},{\"@type\":\"ListItem\",\"position\":2,\"name\":\"Tooted\",\"item\":\"https:\\\/\\\/adexa.ee\\\/pood\\\/\"},{\"@type\":\"ListItem\",\"position\":3,\"name\":\"Must terastool musta vin\u00fc\u00fclpolsterdatud istme ja musta seljatoega | Adexa GS694BSBB\"}]},{\"@type\":\"WebSite\",\"@id\":\"https:\\\/\\\/adexa.ee\\\/#website\",\"url\":\"https:\\\/\\\/adexa.ee\\\/\",\"name\":\"Adexa\",\"description\":\"\",\"publisher\":{\"@id\":\"https:\\\/\\\/adexa.ee\\\/#organization\"},\"potentialAction\":[{\"@type\":\"SearchAction\",\"target\":{\"@type\":\"EntryPoint\",\"urlTemplate\":\"https:\\\/\\\/adexa.ee\\\/?s={search_term_string}\"},\"query-input\":{\"@type\":\"PropertyValueSpecification\",\"valueRequired\":true,\"valueName\":\"search_term_string\"}}],\"inLanguage\":\"en-US\"},{\"@type\":\"Organization\",\"@id\":\"https:\\\/\\\/adexa.ee\\\/#organization\",\"name\":\"Adexa\",\"url\":\"https:\\\/\\\/adexa.ee\\\/\",\"logo\":{\"@type\":\"ImageObject\",\"inLanguage\":\"en-US\",\"@id\":\"https:\\\/\\\/adexa.ee\\\/#\\\/schema\\\/logo\\\/image\\\/\",\"url\":\"https:\\\/\\\/adexa.ee\\\/wp-content\\\/uploads\\\/2024\\\/04\\\/chef-cooks-working-in-professional-kitchen-2023-11-27-05-07-39-utc-scaled.jpg\",\"contentUrl\":\"https:\\\/\\\/adexa.ee\\\/wp-content\\\/uploads\\\/2024\\\/04\\\/chef-cooks-working-in-professional-kitchen-2023-11-27-05-07-39-utc-scaled.jpg\",\"width\":2560,\"height\":1708,\"caption\":\"Adexa\"},\"image\":{\"@id\":\"https:\\\/\\\/adexa.ee\\\/#\\\/schema\\\/logo\\\/image\\\/\"}}]}<\/script>\n<!-- \/ Yoast SEO plugin. -->","yoast_head_json":{"title":"Must terastool musta vin\u00fc\u00fclpolsterdatud istme ja musta seljatoega | Adexa GS694BSBB - Adexa \u2013 Suurk\u00f6\u00f6giseadmed restoranidele ja toitlustusele","robots":{"index":"index","follow":"follow","max-snippet":"max-snippet:-1","max-image-preview":"max-image-preview:large","max-video-preview":"max-video-preview:-1"},"canonical":"https:\/\/adexa.ee\/toode\/must-terastool-musta-vinuulpolsterdatud-istme-ja-musta-seljatoega-adexa-gs694bsbb\/","og_locale":"en_US","og_type":"article","og_title":"Must terastool musta vin\u00fc\u00fclpolsterdatud istme ja musta seljatoega | Adexa GS694BSBB - Adexa \u2013 Suurk\u00f6\u00f6giseadmed restoranidele ja toitlustusele","og_description":"Pakkuge oma k\u00fclalistele mugavust ja stiili selle musta viimistlusega metallist redeliseljatoega kohvikutooliga, millel on must polsterdatud iste! Selle tooli must","og_url":"https:\/\/adexa.ee\/toode\/must-terastool-musta-vinuulpolsterdatud-istme-ja-musta-seljatoega-adexa-gs694bsbb\/","og_site_name":"Adexa \u2013 Suurk\u00f6\u00f6giseadmed restoranidele ja toitlustusele","article_modified_time":"2026-01-23T16:05:31+00:00","og_image":[{"width":1024,"height":1024,"url":"https:\/\/adexa.ee\/wp-content\/uploads\/2025\/11\/G694.png","type":"image\/png"}],"twitter_card":"summary_large_image","twitter_misc":{"Est. reading time":"1 minute"},"schema":{"@context":"https:\/\/schema.org","@graph":[{"@type":"WebPage","@id":"https:\/\/adexa.ee\/toode\/must-terastool-musta-vinuulpolsterdatud-istme-ja-musta-seljatoega-adexa-gs694bsbb\/","url":"https:\/\/adexa.ee\/toode\/must-terastool-musta-vinuulpolsterdatud-istme-ja-musta-seljatoega-adexa-gs694bsbb\/","name":"Must terastool musta vin\u00fc\u00fclpolsterdatud istme ja musta seljatoega | Adexa GS694BSBB - Adexa \u2013 Suurk\u00f6\u00f6giseadmed restoranidele ja toitlustusele","isPartOf":{"@id":"https:\/\/adexa.ee\/#website"},"primaryImageOfPage":{"@id":"https:\/\/adexa.ee\/toode\/must-terastool-musta-vinuulpolsterdatud-istme-ja-musta-seljatoega-adexa-gs694bsbb\/#primaryimage"},"image":{"@id":"https:\/\/adexa.ee\/toode\/must-terastool-musta-vinuulpolsterdatud-istme-ja-musta-seljatoega-adexa-gs694bsbb\/#primaryimage"},"thumbnailUrl":"https:\/\/adexa.ee\/wp-content\/uploads\/2025\/11\/G694.png","datePublished":"2026-01-23T16:05:30+00:00","dateModified":"2026-01-23T16:05:31+00:00","breadcrumb":{"@id":"https:\/\/adexa.ee\/toode\/must-terastool-musta-vinuulpolsterdatud-istme-ja-musta-seljatoega-adexa-gs694bsbb\/#breadcrumb"},"inLanguage":"en-US","potentialAction":[{"@type":"ReadAction","target":["https:\/\/adexa.ee\/toode\/must-terastool-musta-vinuulpolsterdatud-istme-ja-musta-seljatoega-adexa-gs694bsbb\/"]}]},{"@type":"ImageObject","inLanguage":"en-US","@id":"https:\/\/adexa.ee\/toode\/must-terastool-musta-vinuulpolsterdatud-istme-ja-musta-seljatoega-adexa-gs694bsbb\/#primaryimage","url":"https:\/\/adexa.ee\/wp-content\/uploads\/2025\/11\/G694.png","contentUrl":"https:\/\/adexa.ee\/wp-content\/uploads\/2025\/11\/G694.png","width":1024,"height":1024},{"@type":"BreadcrumbList","@id":"https:\/\/adexa.ee\/toode\/must-terastool-musta-vinuulpolsterdatud-istme-ja-musta-seljatoega-adexa-gs694bsbb\/#breadcrumb","itemListElement":[{"@type":"ListItem","position":1,"name":"Home","item":"https:\/\/adexa.ee\/"},{"@type":"ListItem","position":2,"name":"Tooted","item":"https:\/\/adexa.ee\/pood\/"},{"@type":"ListItem","position":3,"name":"Must terastool musta vin\u00fc\u00fclpolsterdatud istme ja musta seljatoega | Adexa GS694BSBB"}]},{"@type":"WebSite","@id":"https:\/\/adexa.ee\/#website","url":"https:\/\/adexa.ee\/","name":"Adexa","description":"","publisher":{"@id":"https:\/\/adexa.ee\/#organization"},"potentialAction":[{"@type":"SearchAction","target":{"@type":"EntryPoint","urlTemplate":"https:\/\/adexa.ee\/?s={search_term_string}"},"query-input":{"@type":"PropertyValueSpecification","valueRequired":true,"valueName":"search_term_string"}}],"inLanguage":"en-US"},{"@type":"Organization","@id":"https:\/\/adexa.ee\/#organization","name":"Adexa","url":"https:\/\/adexa.ee\/","logo":{"@type":"ImageObject","inLanguage":"en-US","@id":"https:\/\/adexa.ee\/#\/schema\/logo\/image\/","url":"https:\/\/adexa.ee\/wp-content\/uploads\/2024\/04\/chef-cooks-working-in-professional-kitchen-2023-11-27-05-07-39-utc-scaled.jpg","contentUrl":"https:\/\/adexa.ee\/wp-content\/uploads\/2024\/04\/chef-cooks-working-in-professional-kitchen-2023-11-27-05-07-39-utc-scaled.jpg","width":2560,"height":1708,"caption":"Adexa"},"image":{"@id":"https:\/\/adexa.ee\/#\/schema\/logo\/image\/"}}]}},"_links":{"self":[{"href":"https:\/\/adexa.ee\/en\/wp-json\/wp\/v2\/product\/44092","targetHints":{"allow":["GET"]}}],"collection":[{"href":"https:\/\/adexa.ee\/en\/wp-json\/wp\/v2\/product"}],"about":[{"href":"https:\/\/adexa.ee\/en\/wp-json\/wp\/v2\/types\/product"}],"wp:featuredmedia":[{"embeddable":true,"href":"https:\/\/adexa.ee\/en\/wp-json\/wp\/v2\/media\/44094"}],"wp:attachment":[{"href":"https:\/\/adexa.ee\/en\/wp-json\/wp\/v2\/media?parent=44092"}],"wp:term":[{"taxonomy":"product_brand","embeddable":true,"href":"https:\/\/adexa.ee\/en\/wp-json\/wp\/v2\/product_brand?post=44092"},{"taxonomy":"product_cat","embeddable":true,"href":"https:\/\/adexa.ee\/en\/wp-json\/wp\/v2\/product_cat?post=44092"},{"taxonomy":"product_tag","embeddable":true,"href":"https:\/\/adexa.ee\/en\/wp-json\/wp\/v2\/product_tag?post=44092"}],"curies":[{"name":"wp","href":"https:\/\/api.w.org\/{rel}","templated":true}]}}