{"id":44095,"date":"2026-03-26T12:06:02","date_gmt":"2026-03-26T10:06:02","guid":{"rendered":"https:\/\/adexa.ee\/toode\/elektriline-bain-marie-avatud-alusel-1xgn2-1-1-0kw-adexa-hotmax-900-eb921\/"},"modified":"2026-03-26T12:06:03","modified_gmt":"2026-03-26T10:06:03","slug":"elektriline-bain-marie-avatud-alusel-1xgn2-1-1-0kw-adexa-hotmax-900-eb921","status":"publish","type":"product","link":"https:\/\/adexa.ee\/en\/toode\/elektriline-bain-marie-avatud-alusel-1xgn2-1-1-0kw-adexa-hotmax-900-eb921\/","title":{"rendered":"Elektriline Bain Marie avatud alusel 1xGN2\/1 1.0kW | Adexa Hotmax 900 EB921"},"content":{"rendered":"<p>\u00dcksikasjaliku teabe saamiseks vaadake jaotist &#8220;Spetsifikatsioon&#8221;.<\/p>\n<table style=\"border-collapse: collapse; width: 100%; text-align: left;\">\n<tbody>\n<tr>\n<td style=\"border: 1px solid #ddd; padding: 8px; width: 45%;\"><strong>S\u00fcgavus<\/strong><\/td>\n<td style=\"border: 1px solid #ddd; padding: 8px;\">900mm<\/td>\n<\/tr>\n<tr>\n<td style=\"border: 1px solid #ddd; padding: 8px; width: 45%;\"><strong>K\u00f5rgus<\/strong><\/td>\n<td style=\"border: 1px solid #ddd; padding: 8px;\">900mm<\/td>\n<\/tr>\n<tr>\n<td style=\"border: 1px solid #ddd; padding: 8px; width: 45%;\"><strong>Laius<\/strong><\/td>\n<td style=\"border: 1px solid #ddd; padding: 8px;\">850mm<\/td>\n<\/tr>\n<tr>\n<td style=\"border: 1px solid #ddd; padding: 8px; width: 45%;\"><strong>Kaal<\/strong><\/td>\n<td style=\"border: 1px solid #ddd; padding: 8px;\">75kg<\/td>\n<\/tr>\n<tr>\n<td style=\"border: 1px solid #ddd; padding: 8px; width: 45%;\"><strong>Garantii<\/strong><\/td>\n<td style=\"border: 1px solid #ddd; padding: 8px;\">12 kuu varuosade garantii<\/td>\n<\/tr>\n<tr>\n<td style=\"border: 1px solid #ddd; padding: 8px; width: 45%;\"><strong>T\u00fc\u00fcp<\/strong><\/td>\n<td style=\"border: 1px solid #ddd; padding: 8px;\">P\u00f5randal seisev<\/td>\n<\/tr>\n<tr>\n<td style=\"border: 1px solid #ddd; padding: 8px; width: 45%;\"><strong>Mahutavus<\/strong><\/td>\n<td style=\"border: 1px solid #ddd; padding: 8px;\">1 x GN2\/1<\/td>\n<\/tr>\n<tr>\n<td style=\"border: 1px solid #ddd; padding: 8px; width: 45%;\"><strong>Toiteallikas<\/strong><\/td>\n<td style=\"border: 1px solid #ddd; padding: 8px;\">230V \/ 1 faas<\/td>\n<\/tr>\n<tr>\n<td style=\"border: 1px solid #ddd; padding: 8px; width: 45%;\"><strong>V\u00f5imsus<\/strong><\/td>\n<td style=\"border: 1px solid #ddd; padding: 8px;\">2 x 1000W<\/td>\n<\/tr>\n<tr>\n<td style=\"border: 1px solid #ddd; padding: 8px; width: 45%;\"><strong>Materjal<\/strong><\/td>\n<td style=\"border: 1px solid #ddd; padding: 8px;\">Roostevaba teras<\/td>\n<\/tr>\n<tr>\n<td style=\"border: 1px solid #ddd; padding: 8px; width: 45%;\"><strong>Alus<\/strong><\/td>\n<td style=\"border: 1px solid #ddd; padding: 8px;\">Avatud stend<\/td>\n<\/tr>\n<tr>\n<td style=\"border: 1px solid #ddd; padding: 8px; width: 45%;\"><strong>\u00c4ravoolukraan<\/strong><\/td>\n<td style=\"border: 1px solid #ddd; padding: 8px;\">Jah<\/td>\n<\/tr>\n<\/tbody>\n<\/table>\n","protected":false},"excerpt":{"rendered":"<p>\u00dcksikasjaliku teabe saamiseks vaadake jaotist &#8220;Spetsifikatsioon&#8221;. S\u00fcgavus 900mm K\u00f5rgus 900mm Laius 850mm Kaal 75kg Garantii 12 kuu varuosade garantii T\u00fc\u00fcp<\/p>\n","protected":false},"featured_media":44097,"template":"","meta":[],"product_brand":[],"product_cat":[740,588,704,594,586,887],"product_tag":[],"class_list":{"0":"post-44095","1":"product","2":"type-product","3":"status-publish","4":"has-post-thumbnail","6":"product_cat-900-mm-sugavused","7":"product_cat-kuumseadmed","8":"product_cat-marmiidid","9":"product_cat-mitmekesine-toiduvalmistamine","10":"product_cat-serveerimine","11":"product_cat-soojad-vitriinkapid","13":"first","14":"instock","15":"sale","16":"taxable","17":"shipping-taxable","18":"purchasable","19":"product-type-simple"},"yoast_head":"<!-- This site is optimized with the Yoast SEO plugin v27.3 - https:\/\/yoast.com\/product\/yoast-seo-wordpress\/ -->\n<title>Elektriline Bain Marie avatud alusel 1xGN2\/1 1.0kW | Adexa Hotmax 900 EB921 - Adexa \u2013 Suurk\u00f6\u00f6giseadmed restoranidele ja toitlustusele<\/title>\n<meta name=\"robots\" content=\"index, follow, max-snippet:-1, max-image-preview:large, max-video-preview:-1\" \/>\n<link rel=\"canonical\" href=\"https:\/\/adexa.ee\/toode\/elektriline-bain-marie-avatud-alusel-1xgn2-1-1-0kw-adexa-hotmax-900-eb921\/\" \/>\n<meta property=\"og:locale\" content=\"en_US\" \/>\n<meta property=\"og:type\" content=\"article\" \/>\n<meta property=\"og:title\" content=\"Elektriline Bain Marie avatud alusel 1xGN2\/1 1.0kW | Adexa Hotmax 900 EB921 - Adexa \u2013 Suurk\u00f6\u00f6giseadmed restoranidele ja toitlustusele\" \/>\n<meta property=\"og:description\" content=\"\u00dcksikasjaliku teabe saamiseks vaadake jaotist &#8220;Spetsifikatsioon&#8221;. S\u00fcgavus 900mm K\u00f5rgus 900mm Laius 850mm Kaal 75kg Garantii 12 kuu varuosade garantii T\u00fc\u00fcp\" \/>\n<meta property=\"og:url\" content=\"https:\/\/adexa.ee\/toode\/elektriline-bain-marie-avatud-alusel-1xgn2-1-1-0kw-adexa-hotmax-900-eb921\/\" \/>\n<meta property=\"og:site_name\" content=\"Adexa \u2013 Suurk\u00f6\u00f6giseadmed restoranidele ja toitlustusele\" \/>\n<meta property=\"article:modified_time\" content=\"2026-03-26T10:06:03+00:00\" \/>\n<meta property=\"og:image\" content=\"https:\/\/adexa.ee\/wp-content\/uploads\/2025\/11\/EB921.jpg\" \/>\n\t<meta property=\"og:image:width\" content=\"1200\" \/>\n\t<meta property=\"og:image:height\" content=\"1200\" \/>\n\t<meta property=\"og:image:type\" content=\"image\/jpeg\" \/>\n<meta name=\"twitter:card\" content=\"summary_large_image\" \/>\n<script type=\"application\/ld+json\" class=\"yoast-schema-graph\">{\"@context\":\"https:\\\/\\\/schema.org\",\"@graph\":[{\"@type\":\"WebPage\",\"@id\":\"https:\\\/\\\/adexa.ee\\\/toode\\\/elektriline-bain-marie-avatud-alusel-1xgn2-1-1-0kw-adexa-hotmax-900-eb921\\\/\",\"url\":\"https:\\\/\\\/adexa.ee\\\/toode\\\/elektriline-bain-marie-avatud-alusel-1xgn2-1-1-0kw-adexa-hotmax-900-eb921\\\/\",\"name\":\"Elektriline Bain Marie avatud alusel 1xGN2\\\/1 1.0kW | Adexa Hotmax 900 EB921 - Adexa \u2013 Suurk\u00f6\u00f6giseadmed restoranidele ja toitlustusele\",\"isPartOf\":{\"@id\":\"https:\\\/\\\/adexa.ee\\\/#website\"},\"primaryImageOfPage\":{\"@id\":\"https:\\\/\\\/adexa.ee\\\/toode\\\/elektriline-bain-marie-avatud-alusel-1xgn2-1-1-0kw-adexa-hotmax-900-eb921\\\/#primaryimage\"},\"image\":{\"@id\":\"https:\\\/\\\/adexa.ee\\\/toode\\\/elektriline-bain-marie-avatud-alusel-1xgn2-1-1-0kw-adexa-hotmax-900-eb921\\\/#primaryimage\"},\"thumbnailUrl\":\"https:\\\/\\\/adexa.ee\\\/wp-content\\\/uploads\\\/2025\\\/11\\\/EB921.jpg\",\"datePublished\":\"2026-03-26T10:06:02+00:00\",\"dateModified\":\"2026-03-26T10:06:03+00:00\",\"breadcrumb\":{\"@id\":\"https:\\\/\\\/adexa.ee\\\/toode\\\/elektriline-bain-marie-avatud-alusel-1xgn2-1-1-0kw-adexa-hotmax-900-eb921\\\/#breadcrumb\"},\"inLanguage\":\"en-US\",\"potentialAction\":[{\"@type\":\"ReadAction\",\"target\":[\"https:\\\/\\\/adexa.ee\\\/toode\\\/elektriline-bain-marie-avatud-alusel-1xgn2-1-1-0kw-adexa-hotmax-900-eb921\\\/\"]}]},{\"@type\":\"ImageObject\",\"inLanguage\":\"en-US\",\"@id\":\"https:\\\/\\\/adexa.ee\\\/toode\\\/elektriline-bain-marie-avatud-alusel-1xgn2-1-1-0kw-adexa-hotmax-900-eb921\\\/#primaryimage\",\"url\":\"https:\\\/\\\/adexa.ee\\\/wp-content\\\/uploads\\\/2025\\\/11\\\/EB921.jpg\",\"contentUrl\":\"https:\\\/\\\/adexa.ee\\\/wp-content\\\/uploads\\\/2025\\\/11\\\/EB921.jpg\",\"width\":1200,\"height\":1200},{\"@type\":\"BreadcrumbList\",\"@id\":\"https:\\\/\\\/adexa.ee\\\/toode\\\/elektriline-bain-marie-avatud-alusel-1xgn2-1-1-0kw-adexa-hotmax-900-eb921\\\/#breadcrumb\",\"itemListElement\":[{\"@type\":\"ListItem\",\"position\":1,\"name\":\"Home\",\"item\":\"https:\\\/\\\/adexa.ee\\\/\"},{\"@type\":\"ListItem\",\"position\":2,\"name\":\"Tooted\",\"item\":\"https:\\\/\\\/adexa.ee\\\/pood\\\/\"},{\"@type\":\"ListItem\",\"position\":3,\"name\":\"Elektriline Bain Marie avatud alusel 1xGN2\\\/1 1.0kW | Adexa Hotmax 900 EB921\"}]},{\"@type\":\"WebSite\",\"@id\":\"https:\\\/\\\/adexa.ee\\\/#website\",\"url\":\"https:\\\/\\\/adexa.ee\\\/\",\"name\":\"Adexa\",\"description\":\"\",\"publisher\":{\"@id\":\"https:\\\/\\\/adexa.ee\\\/#organization\"},\"potentialAction\":[{\"@type\":\"SearchAction\",\"target\":{\"@type\":\"EntryPoint\",\"urlTemplate\":\"https:\\\/\\\/adexa.ee\\\/?s={search_term_string}\"},\"query-input\":{\"@type\":\"PropertyValueSpecification\",\"valueRequired\":true,\"valueName\":\"search_term_string\"}}],\"inLanguage\":\"en-US\"},{\"@type\":\"Organization\",\"@id\":\"https:\\\/\\\/adexa.ee\\\/#organization\",\"name\":\"Adexa\",\"url\":\"https:\\\/\\\/adexa.ee\\\/\",\"logo\":{\"@type\":\"ImageObject\",\"inLanguage\":\"en-US\",\"@id\":\"https:\\\/\\\/adexa.ee\\\/#\\\/schema\\\/logo\\\/image\\\/\",\"url\":\"https:\\\/\\\/adexa.ee\\\/wp-content\\\/uploads\\\/2024\\\/04\\\/chef-cooks-working-in-professional-kitchen-2023-11-27-05-07-39-utc-scaled.jpg\",\"contentUrl\":\"https:\\\/\\\/adexa.ee\\\/wp-content\\\/uploads\\\/2024\\\/04\\\/chef-cooks-working-in-professional-kitchen-2023-11-27-05-07-39-utc-scaled.jpg\",\"width\":2560,\"height\":1708,\"caption\":\"Adexa\"},\"image\":{\"@id\":\"https:\\\/\\\/adexa.ee\\\/#\\\/schema\\\/logo\\\/image\\\/\"}}]}<\/script>\n<!-- \/ Yoast SEO plugin. -->","yoast_head_json":{"title":"Elektriline Bain Marie avatud alusel 1xGN2\/1 1.0kW | Adexa Hotmax 900 EB921 - Adexa \u2013 Suurk\u00f6\u00f6giseadmed restoranidele ja toitlustusele","robots":{"index":"index","follow":"follow","max-snippet":"max-snippet:-1","max-image-preview":"max-image-preview:large","max-video-preview":"max-video-preview:-1"},"canonical":"https:\/\/adexa.ee\/toode\/elektriline-bain-marie-avatud-alusel-1xgn2-1-1-0kw-adexa-hotmax-900-eb921\/","og_locale":"en_US","og_type":"article","og_title":"Elektriline Bain Marie avatud alusel 1xGN2\/1 1.0kW | Adexa Hotmax 900 EB921 - Adexa \u2013 Suurk\u00f6\u00f6giseadmed restoranidele ja toitlustusele","og_description":"\u00dcksikasjaliku teabe saamiseks vaadake jaotist &#8220;Spetsifikatsioon&#8221;. S\u00fcgavus 900mm K\u00f5rgus 900mm Laius 850mm Kaal 75kg Garantii 12 kuu varuosade garantii T\u00fc\u00fcp","og_url":"https:\/\/adexa.ee\/toode\/elektriline-bain-marie-avatud-alusel-1xgn2-1-1-0kw-adexa-hotmax-900-eb921\/","og_site_name":"Adexa \u2013 Suurk\u00f6\u00f6giseadmed restoranidele ja toitlustusele","article_modified_time":"2026-03-26T10:06:03+00:00","og_image":[{"width":1200,"height":1200,"url":"https:\/\/adexa.ee\/wp-content\/uploads\/2025\/11\/EB921.jpg","type":"image\/jpeg"}],"twitter_card":"summary_large_image","schema":{"@context":"https:\/\/schema.org","@graph":[{"@type":"WebPage","@id":"https:\/\/adexa.ee\/toode\/elektriline-bain-marie-avatud-alusel-1xgn2-1-1-0kw-adexa-hotmax-900-eb921\/","url":"https:\/\/adexa.ee\/toode\/elektriline-bain-marie-avatud-alusel-1xgn2-1-1-0kw-adexa-hotmax-900-eb921\/","name":"Elektriline Bain Marie avatud alusel 1xGN2\/1 1.0kW | Adexa Hotmax 900 EB921 - Adexa \u2013 Suurk\u00f6\u00f6giseadmed restoranidele ja toitlustusele","isPartOf":{"@id":"https:\/\/adexa.ee\/#website"},"primaryImageOfPage":{"@id":"https:\/\/adexa.ee\/toode\/elektriline-bain-marie-avatud-alusel-1xgn2-1-1-0kw-adexa-hotmax-900-eb921\/#primaryimage"},"image":{"@id":"https:\/\/adexa.ee\/toode\/elektriline-bain-marie-avatud-alusel-1xgn2-1-1-0kw-adexa-hotmax-900-eb921\/#primaryimage"},"thumbnailUrl":"https:\/\/adexa.ee\/wp-content\/uploads\/2025\/11\/EB921.jpg","datePublished":"2026-03-26T10:06:02+00:00","dateModified":"2026-03-26T10:06:03+00:00","breadcrumb":{"@id":"https:\/\/adexa.ee\/toode\/elektriline-bain-marie-avatud-alusel-1xgn2-1-1-0kw-adexa-hotmax-900-eb921\/#breadcrumb"},"inLanguage":"en-US","potentialAction":[{"@type":"ReadAction","target":["https:\/\/adexa.ee\/toode\/elektriline-bain-marie-avatud-alusel-1xgn2-1-1-0kw-adexa-hotmax-900-eb921\/"]}]},{"@type":"ImageObject","inLanguage":"en-US","@id":"https:\/\/adexa.ee\/toode\/elektriline-bain-marie-avatud-alusel-1xgn2-1-1-0kw-adexa-hotmax-900-eb921\/#primaryimage","url":"https:\/\/adexa.ee\/wp-content\/uploads\/2025\/11\/EB921.jpg","contentUrl":"https:\/\/adexa.ee\/wp-content\/uploads\/2025\/11\/EB921.jpg","width":1200,"height":1200},{"@type":"BreadcrumbList","@id":"https:\/\/adexa.ee\/toode\/elektriline-bain-marie-avatud-alusel-1xgn2-1-1-0kw-adexa-hotmax-900-eb921\/#breadcrumb","itemListElement":[{"@type":"ListItem","position":1,"name":"Home","item":"https:\/\/adexa.ee\/"},{"@type":"ListItem","position":2,"name":"Tooted","item":"https:\/\/adexa.ee\/pood\/"},{"@type":"ListItem","position":3,"name":"Elektriline Bain Marie avatud alusel 1xGN2\/1 1.0kW | Adexa Hotmax 900 EB921"}]},{"@type":"WebSite","@id":"https:\/\/adexa.ee\/#website","url":"https:\/\/adexa.ee\/","name":"Adexa","description":"","publisher":{"@id":"https:\/\/adexa.ee\/#organization"},"potentialAction":[{"@type":"SearchAction","target":{"@type":"EntryPoint","urlTemplate":"https:\/\/adexa.ee\/?s={search_term_string}"},"query-input":{"@type":"PropertyValueSpecification","valueRequired":true,"valueName":"search_term_string"}}],"inLanguage":"en-US"},{"@type":"Organization","@id":"https:\/\/adexa.ee\/#organization","name":"Adexa","url":"https:\/\/adexa.ee\/","logo":{"@type":"ImageObject","inLanguage":"en-US","@id":"https:\/\/adexa.ee\/#\/schema\/logo\/image\/","url":"https:\/\/adexa.ee\/wp-content\/uploads\/2024\/04\/chef-cooks-working-in-professional-kitchen-2023-11-27-05-07-39-utc-scaled.jpg","contentUrl":"https:\/\/adexa.ee\/wp-content\/uploads\/2024\/04\/chef-cooks-working-in-professional-kitchen-2023-11-27-05-07-39-utc-scaled.jpg","width":2560,"height":1708,"caption":"Adexa"},"image":{"@id":"https:\/\/adexa.ee\/#\/schema\/logo\/image\/"}}]}},"_links":{"self":[{"href":"https:\/\/adexa.ee\/en\/wp-json\/wp\/v2\/product\/44095","targetHints":{"allow":["GET"]}}],"collection":[{"href":"https:\/\/adexa.ee\/en\/wp-json\/wp\/v2\/product"}],"about":[{"href":"https:\/\/adexa.ee\/en\/wp-json\/wp\/v2\/types\/product"}],"wp:featuredmedia":[{"embeddable":true,"href":"https:\/\/adexa.ee\/en\/wp-json\/wp\/v2\/media\/44097"}],"wp:attachment":[{"href":"https:\/\/adexa.ee\/en\/wp-json\/wp\/v2\/media?parent=44095"}],"wp:term":[{"taxonomy":"product_brand","embeddable":true,"href":"https:\/\/adexa.ee\/en\/wp-json\/wp\/v2\/product_brand?post=44095"},{"taxonomy":"product_cat","embeddable":true,"href":"https:\/\/adexa.ee\/en\/wp-json\/wp\/v2\/product_cat?post=44095"},{"taxonomy":"product_tag","embeddable":true,"href":"https:\/\/adexa.ee\/en\/wp-json\/wp\/v2\/product_tag?post=44095"}],"curies":[{"name":"wp","href":"https:\/\/api.w.org\/{rel}","templated":true}]}}