{"id":44655,"date":"2026-03-26T13:05:08","date_gmt":"2026-03-26T11:05:08","guid":{"rendered":"https:\/\/adexa.ee\/toode\/jahutusplaat-gn1-4-alumiinium-265x162x40mm-adexa-412905\/"},"modified":"2026-03-26T13:05:08","modified_gmt":"2026-03-26T11:05:08","slug":"jahutusplaat-gn1-4-alumiinium-265x162x40mm-adexa-412905","status":"publish","type":"product","link":"https:\/\/adexa.ee\/en\/toode\/jahutusplaat-gn1-4-alumiinium-265x162x40mm-adexa-412905\/","title":{"rendered":"Jahutusplaat GN1\/4 Alumiinium 265x162x40mm | Adexa 412905"},"content":{"rendered":"<p>Serveeri k\u00fclmi toite \u00f5ige temperatuuriga selle alumiiniumist jahutusplaadiga. Suurep\u00e4rane valik toitlustatud \u00fcritustele, buffet-laudadele ja pidudele, see jahutusplaat v\u00f5imaldab lihtsalt serveerida juustu, k\u00fclml\u00f5ikeid, sushit ja suitsukala ohutul k\u00fclmal temperatuuril. T\u00e4nu t\u00e4issuuruses disainile v\u00f5imaldab see jahutusplaat lisada serveerimiskausse ja mahlaklaase, et hoida sisu k\u00fclmana tundidepikkuse teeninduse v\u00e4ltel. Valmistatud vastupidavast, kergesti puhastatavast alumiiniumist, saab seda jahutusplaati j\u00e4rgmiseks p\u00e4evaks ettevalmistamiseks \u00fcle\u00f6\u00f6 k\u00fclmutada. Jahutusplaadi lisamine teie buffet-lauale laiendab men\u00fc\u00fcvalikuid, pakkudes k\u00fclalistele laia valikut maitsvaid toite, mille vahel valida.<\/p>\n<table style=\"border-collapse: collapse; width: 100%; text-align: left;\">\n<tbody>\n<tr>\n<td style=\"border: 1px solid #ddd; padding: 8px; width: 45%;\"><strong>S\u00fcgavus<\/strong><\/td>\n<td style=\"border: 1px solid #ddd; padding: 8px;\">162mm<\/td>\n<\/tr>\n<tr>\n<td style=\"border: 1px solid #ddd; padding: 8px; width: 45%;\"><strong>K\u00f5rgus<\/strong><\/td>\n<td style=\"border: 1px solid #ddd; padding: 8px;\">40 mm<\/td>\n<\/tr>\n<tr>\n<td style=\"border: 1px solid #ddd; padding: 8px; width: 45%;\"><strong>Laius<\/strong><\/td>\n<td style=\"border: 1px solid #ddd; padding: 8px;\">265mm<\/td>\n<\/tr>\n<tr>\n<td style=\"border: 1px solid #ddd; padding: 8px; width: 45%;\"><strong>Plaadi\/V\u00f5re suurus<\/strong><\/td>\n<td style=\"border: 1px solid #ddd; padding: 8px;\">GN1\/4<\/td>\n<\/tr>\n<tr>\n<td style=\"border: 1px solid #ddd; padding: 8px; width: 45%;\"><strong>Materjal<\/strong><\/td>\n<td style=\"border: 1px solid #ddd; padding: 8px;\">Alumiinium<\/td>\n<\/tr>\n<\/tbody>\n<\/table>\n","protected":false},"excerpt":{"rendered":"<p>Serveeri k\u00fclmi toite \u00f5ige temperatuuriga selle alumiiniumist jahutusplaadiga. Suurep\u00e4rane valik toitlustatud \u00fcritustele, buffet-laudadele ja pidudele, see jahutusplaat v\u00f5imaldab lihtsalt serveerida<\/p>\n","protected":false},"featured_media":44657,"template":"","meta":[],"product_brand":[],"product_cat":[687,586],"product_tag":[],"class_list":{"0":"post-44655","1":"product","2":"type-product","3":"status-publish","4":"has-post-thumbnail","6":"product_cat-jahutusplaadid","7":"product_cat-serveerimine","9":"first","10":"instock","11":"sale","12":"taxable","13":"shipping-taxable","14":"purchasable","15":"product-type-simple"},"yoast_head":"<!-- This site is optimized with the Yoast SEO plugin v27.3 - https:\/\/yoast.com\/product\/yoast-seo-wordpress\/ -->\n<title>Jahutusplaat GN1\/4 Alumiinium 265x162x40mm | Adexa 412905 - Adexa \u2013 Suurk\u00f6\u00f6giseadmed restoranidele ja toitlustusele<\/title>\n<meta name=\"robots\" content=\"index, follow, max-snippet:-1, max-image-preview:large, max-video-preview:-1\" \/>\n<link rel=\"canonical\" href=\"https:\/\/adexa.ee\/toode\/jahutusplaat-gn1-4-alumiinium-265x162x40mm-adexa-412905\/\" \/>\n<meta property=\"og:locale\" content=\"en_US\" \/>\n<meta property=\"og:type\" content=\"article\" \/>\n<meta property=\"og:title\" content=\"Jahutusplaat GN1\/4 Alumiinium 265x162x40mm | Adexa 412905 - Adexa \u2013 Suurk\u00f6\u00f6giseadmed restoranidele ja toitlustusele\" \/>\n<meta property=\"og:description\" content=\"Serveeri k\u00fclmi toite \u00f5ige temperatuuriga selle alumiiniumist jahutusplaadiga. Suurep\u00e4rane valik toitlustatud \u00fcritustele, buffet-laudadele ja pidudele, see jahutusplaat v\u00f5imaldab lihtsalt serveerida\" \/>\n<meta property=\"og:url\" content=\"https:\/\/adexa.ee\/toode\/jahutusplaat-gn1-4-alumiinium-265x162x40mm-adexa-412905\/\" \/>\n<meta property=\"og:site_name\" content=\"Adexa \u2013 Suurk\u00f6\u00f6giseadmed restoranidele ja toitlustusele\" \/>\n<meta property=\"og:image\" content=\"https:\/\/adexa.ee\/wp-content\/uploads\/2025\/12\/412905.jpg\" \/>\n\t<meta property=\"og:image:width\" content=\"1224\" \/>\n\t<meta property=\"og:image:height\" content=\"1224\" \/>\n\t<meta property=\"og:image:type\" content=\"image\/jpeg\" \/>\n<meta name=\"twitter:card\" content=\"summary_large_image\" \/>\n<meta name=\"twitter:label1\" content=\"Est. reading time\" \/>\n\t<meta name=\"twitter:data1\" content=\"1 minute\" \/>\n<script type=\"application\/ld+json\" class=\"yoast-schema-graph\">{\"@context\":\"https:\\\/\\\/schema.org\",\"@graph\":[{\"@type\":\"WebPage\",\"@id\":\"https:\\\/\\\/adexa.ee\\\/toode\\\/jahutusplaat-gn1-4-alumiinium-265x162x40mm-adexa-412905\\\/\",\"url\":\"https:\\\/\\\/adexa.ee\\\/toode\\\/jahutusplaat-gn1-4-alumiinium-265x162x40mm-adexa-412905\\\/\",\"name\":\"Jahutusplaat GN1\\\/4 Alumiinium 265x162x40mm | Adexa 412905 - Adexa \u2013 Suurk\u00f6\u00f6giseadmed restoranidele ja toitlustusele\",\"isPartOf\":{\"@id\":\"https:\\\/\\\/adexa.ee\\\/#website\"},\"primaryImageOfPage\":{\"@id\":\"https:\\\/\\\/adexa.ee\\\/toode\\\/jahutusplaat-gn1-4-alumiinium-265x162x40mm-adexa-412905\\\/#primaryimage\"},\"image\":{\"@id\":\"https:\\\/\\\/adexa.ee\\\/toode\\\/jahutusplaat-gn1-4-alumiinium-265x162x40mm-adexa-412905\\\/#primaryimage\"},\"thumbnailUrl\":\"https:\\\/\\\/adexa.ee\\\/wp-content\\\/uploads\\\/2025\\\/12\\\/412905.jpg\",\"datePublished\":\"2026-03-26T11:05:08+00:00\",\"breadcrumb\":{\"@id\":\"https:\\\/\\\/adexa.ee\\\/toode\\\/jahutusplaat-gn1-4-alumiinium-265x162x40mm-adexa-412905\\\/#breadcrumb\"},\"inLanguage\":\"en-US\",\"potentialAction\":[{\"@type\":\"ReadAction\",\"target\":[\"https:\\\/\\\/adexa.ee\\\/toode\\\/jahutusplaat-gn1-4-alumiinium-265x162x40mm-adexa-412905\\\/\"]}]},{\"@type\":\"ImageObject\",\"inLanguage\":\"en-US\",\"@id\":\"https:\\\/\\\/adexa.ee\\\/toode\\\/jahutusplaat-gn1-4-alumiinium-265x162x40mm-adexa-412905\\\/#primaryimage\",\"url\":\"https:\\\/\\\/adexa.ee\\\/wp-content\\\/uploads\\\/2025\\\/12\\\/412905.jpg\",\"contentUrl\":\"https:\\\/\\\/adexa.ee\\\/wp-content\\\/uploads\\\/2025\\\/12\\\/412905.jpg\",\"width\":1224,\"height\":1224},{\"@type\":\"BreadcrumbList\",\"@id\":\"https:\\\/\\\/adexa.ee\\\/toode\\\/jahutusplaat-gn1-4-alumiinium-265x162x40mm-adexa-412905\\\/#breadcrumb\",\"itemListElement\":[{\"@type\":\"ListItem\",\"position\":1,\"name\":\"Home\",\"item\":\"https:\\\/\\\/adexa.ee\\\/\"},{\"@type\":\"ListItem\",\"position\":2,\"name\":\"Tooted\",\"item\":\"https:\\\/\\\/adexa.ee\\\/pood\\\/\"},{\"@type\":\"ListItem\",\"position\":3,\"name\":\"Jahutusplaat GN1\\\/4 Alumiinium 265x162x40mm | Adexa 412905\"}]},{\"@type\":\"WebSite\",\"@id\":\"https:\\\/\\\/adexa.ee\\\/#website\",\"url\":\"https:\\\/\\\/adexa.ee\\\/\",\"name\":\"Adexa\",\"description\":\"\",\"publisher\":{\"@id\":\"https:\\\/\\\/adexa.ee\\\/#organization\"},\"potentialAction\":[{\"@type\":\"SearchAction\",\"target\":{\"@type\":\"EntryPoint\",\"urlTemplate\":\"https:\\\/\\\/adexa.ee\\\/?s={search_term_string}\"},\"query-input\":{\"@type\":\"PropertyValueSpecification\",\"valueRequired\":true,\"valueName\":\"search_term_string\"}}],\"inLanguage\":\"en-US\"},{\"@type\":\"Organization\",\"@id\":\"https:\\\/\\\/adexa.ee\\\/#organization\",\"name\":\"Adexa\",\"url\":\"https:\\\/\\\/adexa.ee\\\/\",\"logo\":{\"@type\":\"ImageObject\",\"inLanguage\":\"en-US\",\"@id\":\"https:\\\/\\\/adexa.ee\\\/#\\\/schema\\\/logo\\\/image\\\/\",\"url\":\"https:\\\/\\\/adexa.ee\\\/wp-content\\\/uploads\\\/2024\\\/04\\\/chef-cooks-working-in-professional-kitchen-2023-11-27-05-07-39-utc-scaled.jpg\",\"contentUrl\":\"https:\\\/\\\/adexa.ee\\\/wp-content\\\/uploads\\\/2024\\\/04\\\/chef-cooks-working-in-professional-kitchen-2023-11-27-05-07-39-utc-scaled.jpg\",\"width\":2560,\"height\":1708,\"caption\":\"Adexa\"},\"image\":{\"@id\":\"https:\\\/\\\/adexa.ee\\\/#\\\/schema\\\/logo\\\/image\\\/\"}}]}<\/script>\n<!-- \/ Yoast SEO plugin. -->","yoast_head_json":{"title":"Jahutusplaat GN1\/4 Alumiinium 265x162x40mm | Adexa 412905 - Adexa \u2013 Suurk\u00f6\u00f6giseadmed restoranidele ja toitlustusele","robots":{"index":"index","follow":"follow","max-snippet":"max-snippet:-1","max-image-preview":"max-image-preview:large","max-video-preview":"max-video-preview:-1"},"canonical":"https:\/\/adexa.ee\/toode\/jahutusplaat-gn1-4-alumiinium-265x162x40mm-adexa-412905\/","og_locale":"en_US","og_type":"article","og_title":"Jahutusplaat GN1\/4 Alumiinium 265x162x40mm | Adexa 412905 - Adexa \u2013 Suurk\u00f6\u00f6giseadmed restoranidele ja toitlustusele","og_description":"Serveeri k\u00fclmi toite \u00f5ige temperatuuriga selle alumiiniumist jahutusplaadiga. Suurep\u00e4rane valik toitlustatud \u00fcritustele, buffet-laudadele ja pidudele, see jahutusplaat v\u00f5imaldab lihtsalt serveerida","og_url":"https:\/\/adexa.ee\/toode\/jahutusplaat-gn1-4-alumiinium-265x162x40mm-adexa-412905\/","og_site_name":"Adexa \u2013 Suurk\u00f6\u00f6giseadmed restoranidele ja toitlustusele","og_image":[{"width":1224,"height":1224,"url":"https:\/\/adexa.ee\/wp-content\/uploads\/2025\/12\/412905.jpg","type":"image\/jpeg"}],"twitter_card":"summary_large_image","twitter_misc":{"Est. reading time":"1 minute"},"schema":{"@context":"https:\/\/schema.org","@graph":[{"@type":"WebPage","@id":"https:\/\/adexa.ee\/toode\/jahutusplaat-gn1-4-alumiinium-265x162x40mm-adexa-412905\/","url":"https:\/\/adexa.ee\/toode\/jahutusplaat-gn1-4-alumiinium-265x162x40mm-adexa-412905\/","name":"Jahutusplaat GN1\/4 Alumiinium 265x162x40mm | Adexa 412905 - Adexa \u2013 Suurk\u00f6\u00f6giseadmed restoranidele ja toitlustusele","isPartOf":{"@id":"https:\/\/adexa.ee\/#website"},"primaryImageOfPage":{"@id":"https:\/\/adexa.ee\/toode\/jahutusplaat-gn1-4-alumiinium-265x162x40mm-adexa-412905\/#primaryimage"},"image":{"@id":"https:\/\/adexa.ee\/toode\/jahutusplaat-gn1-4-alumiinium-265x162x40mm-adexa-412905\/#primaryimage"},"thumbnailUrl":"https:\/\/adexa.ee\/wp-content\/uploads\/2025\/12\/412905.jpg","datePublished":"2026-03-26T11:05:08+00:00","breadcrumb":{"@id":"https:\/\/adexa.ee\/toode\/jahutusplaat-gn1-4-alumiinium-265x162x40mm-adexa-412905\/#breadcrumb"},"inLanguage":"en-US","potentialAction":[{"@type":"ReadAction","target":["https:\/\/adexa.ee\/toode\/jahutusplaat-gn1-4-alumiinium-265x162x40mm-adexa-412905\/"]}]},{"@type":"ImageObject","inLanguage":"en-US","@id":"https:\/\/adexa.ee\/toode\/jahutusplaat-gn1-4-alumiinium-265x162x40mm-adexa-412905\/#primaryimage","url":"https:\/\/adexa.ee\/wp-content\/uploads\/2025\/12\/412905.jpg","contentUrl":"https:\/\/adexa.ee\/wp-content\/uploads\/2025\/12\/412905.jpg","width":1224,"height":1224},{"@type":"BreadcrumbList","@id":"https:\/\/adexa.ee\/toode\/jahutusplaat-gn1-4-alumiinium-265x162x40mm-adexa-412905\/#breadcrumb","itemListElement":[{"@type":"ListItem","position":1,"name":"Home","item":"https:\/\/adexa.ee\/"},{"@type":"ListItem","position":2,"name":"Tooted","item":"https:\/\/adexa.ee\/pood\/"},{"@type":"ListItem","position":3,"name":"Jahutusplaat GN1\/4 Alumiinium 265x162x40mm | Adexa 412905"}]},{"@type":"WebSite","@id":"https:\/\/adexa.ee\/#website","url":"https:\/\/adexa.ee\/","name":"Adexa","description":"","publisher":{"@id":"https:\/\/adexa.ee\/#organization"},"potentialAction":[{"@type":"SearchAction","target":{"@type":"EntryPoint","urlTemplate":"https:\/\/adexa.ee\/?s={search_term_string}"},"query-input":{"@type":"PropertyValueSpecification","valueRequired":true,"valueName":"search_term_string"}}],"inLanguage":"en-US"},{"@type":"Organization","@id":"https:\/\/adexa.ee\/#organization","name":"Adexa","url":"https:\/\/adexa.ee\/","logo":{"@type":"ImageObject","inLanguage":"en-US","@id":"https:\/\/adexa.ee\/#\/schema\/logo\/image\/","url":"https:\/\/adexa.ee\/wp-content\/uploads\/2024\/04\/chef-cooks-working-in-professional-kitchen-2023-11-27-05-07-39-utc-scaled.jpg","contentUrl":"https:\/\/adexa.ee\/wp-content\/uploads\/2024\/04\/chef-cooks-working-in-professional-kitchen-2023-11-27-05-07-39-utc-scaled.jpg","width":2560,"height":1708,"caption":"Adexa"},"image":{"@id":"https:\/\/adexa.ee\/#\/schema\/logo\/image\/"}}]}},"_links":{"self":[{"href":"https:\/\/adexa.ee\/en\/wp-json\/wp\/v2\/product\/44655","targetHints":{"allow":["GET"]}}],"collection":[{"href":"https:\/\/adexa.ee\/en\/wp-json\/wp\/v2\/product"}],"about":[{"href":"https:\/\/adexa.ee\/en\/wp-json\/wp\/v2\/types\/product"}],"wp:featuredmedia":[{"embeddable":true,"href":"https:\/\/adexa.ee\/en\/wp-json\/wp\/v2\/media\/44657"}],"wp:attachment":[{"href":"https:\/\/adexa.ee\/en\/wp-json\/wp\/v2\/media?parent=44655"}],"wp:term":[{"taxonomy":"product_brand","embeddable":true,"href":"https:\/\/adexa.ee\/en\/wp-json\/wp\/v2\/product_brand?post=44655"},{"taxonomy":"product_cat","embeddable":true,"href":"https:\/\/adexa.ee\/en\/wp-json\/wp\/v2\/product_cat?post=44655"},{"taxonomy":"product_tag","embeddable":true,"href":"https:\/\/adexa.ee\/en\/wp-json\/wp\/v2\/product_tag?post=44655"}],"curies":[{"name":"wp","href":"https:\/\/api.w.org\/{rel}","templated":true}]}}