{"id":44724,"date":"2026-03-26T12:06:02","date_gmt":"2026-03-26T10:06:02","guid":{"rendered":"https:\/\/adexa.ee\/toode\/kommertslik-maisikoera-vahvlimasin-155-kw-5-vahvlit-lauapealne-adexa-hx117\/"},"modified":"2026-03-26T12:06:10","modified_gmt":"2026-03-26T10:06:10","slug":"vahvlimasin-155-kw-5-vahvlit-lauapealne-adexa-hx117","status":"publish","type":"product","link":"https:\/\/adexa.ee\/en\/toode\/vahvlimasin-155-kw-5-vahvlit-lauapealne-adexa-hx117\/","title":{"rendered":"Vahvlimasin 1,55 kW 5 vahvlit Lauapealne | Adexa HX117"},"content":{"rendered":"<p>T\u00f5stke oma maisikoera kogemus uuele tasemele, valmistades oma signatuurtaigna meie traditsioonilise vahvlimasinaga. See mitmek\u00fclgne seade v\u00f5imaldab teil vaevata luua kuus maitsvat ribidega maisikoera kiirelt. T\u00e4nu nutikale s\u00e4lgule alusel saate h\u00f5lpsasti kinnitada pulga klassikalise maisikoera serveerimiseks. Igap\u00e4evaseks intensiivseks kasutamiseks loodud kvaliteetne vahvlimasin sobib ideaalselt hubastesse pagari\u00e4ridesse, kohvikutesse ja rahvarohketesse restoranidesse. Alumiiniumalus on kaetud mittenakkuva kattega, et tagada teie maisikoerte veatu ja eraldatud v\u00e4ljumine. Selle suure mahutavusega vahvlimasinaga saate korraga valmistada kuus maisikoera. Lihtsuse silmas pidades disainitud vahvlimasinal on vastupidavad ja intuitiivsed l\u00fclitid, mis teevad kasutamise lihtsaks. Sisseehitatud termostaatiline temperatuuriregulaator pakub laia temperatuurivahemikku 50 kuni 300\u00baC, andes teile t\u00e4ieliku kontrolli k\u00fcpsetusprotsessi \u00fcle. Kui taigen peaks valamisel \u00fcle \u00e4\u00e4re voolama, \u00e4rge muretsege \u2013 mugav eemaldatav tilgakandik on paigutatud seadme alla, et p\u00fc\u00fcda kinni k\u00f5ik segadused. Tugev ja lihtne kasutada Kiire viie maisikoera \u00fcheaegne tootmine&nbsp;Mittenakkuv kate lihtsaks vabastamiseks Reguleeritav termostaat 50\u00b0c kuni 300\u00b0c Temperatuuri indikaatortuli Ergonomiline k\u00e4epide&nbsp;Tilgakandik mugavuseks&nbsp;335x300x245mm 1550W T\u00e4psema teabe saamiseks vaadake jaotist &#8216;Spetsifikatsioon&#8217;.<\/p>\n<table style=\"border-collapse: collapse; width: 100%; text-align: left;\">\n<tbody>\n<tr>\n<td style=\"border: 1px solid #ddd; padding: 8px; width: 45%;\"><strong>S\u00fcgavus<\/strong><\/td>\n<td style=\"border: 1px solid #ddd; padding: 8px;\">300mm<\/td>\n<\/tr>\n<tr>\n<td style=\"border: 1px solid #ddd; padding: 8px; width: 45%;\"><strong>K\u00f5rgus<\/strong><\/td>\n<td style=\"border: 1px solid #ddd; padding: 8px;\">245 mm<\/td>\n<\/tr>\n<tr>\n<td style=\"border: 1px solid #ddd; padding: 8px; width: 45%;\"><strong>Laius<\/strong><\/td>\n<td style=\"border: 1px solid #ddd; padding: 8px;\">335mm<\/td>\n<\/tr>\n<tr>\n<td style=\"border: 1px solid #ddd; padding: 8px; width: 45%;\"><strong>Kaal<\/strong><\/td>\n<td style=\"border: 1px solid #ddd; padding: 8px;\">7,5 kg<\/td>\n<\/tr>\n<tr>\n<td style=\"border: 1px solid #ddd; padding: 8px; width: 45%;\"><strong>Garantii<\/strong><\/td>\n<td style=\"border: 1px solid #ddd; padding: 8px;\">12 kuu varuosade garantii<\/td>\n<\/tr>\n<tr>\n<td style=\"border: 1px solid #ddd; padding: 8px; width: 45%;\"><strong>Mahutavus<\/strong><\/td>\n<td style=\"border: 1px solid #ddd; padding: 8px;\">5 x Maisikoera vahvlid<\/td>\n<\/tr>\n<tr>\n<td style=\"border: 1px solid #ddd; padding: 8px; width: 45%;\"><strong>Toiteallikas<\/strong><\/td>\n<td style=\"border: 1px solid #ddd; padding: 8px;\">230V \/ 1 faas<\/td>\n<\/tr>\n<tr>\n<td style=\"border: 1px solid #ddd; padding: 8px; width: 45%;\"><strong>V\u00f5imsus<\/strong><\/td>\n<td style=\"border: 1px solid #ddd; padding: 8px;\">1550W<\/td>\n<\/tr>\n<tr>\n<td style=\"border: 1px solid #ddd; padding: 8px; width: 45%;\"><strong>Materjal<\/strong><\/td>\n<td style=\"border: 1px solid #ddd; padding: 8px;\">Roostevaba teras<\/td>\n<\/tr>\n<tr>\n<td style=\"border: 1px solid #ddd; padding: 8px; width: 45%;\"><strong>Temperatuur<\/strong><\/td>\n<td style=\"border: 1px solid #ddd; padding: 8px;\">+50\u00b0C kuni +300\u00b0C<\/td>\n<\/tr>\n<tr>\n<td style=\"border: 1px solid #ddd; padding: 8px; width: 45%;\"><strong>Materjal (keetmisala)<\/strong><\/td>\n<td style=\"border: 1px solid #ddd; padding: 8px;\">K\u00f5va emailiga kaetud malm<\/td>\n<\/tr>\n<\/tbody>\n<\/table>\n","protected":false},"excerpt":{"rendered":"<p>T\u00f5stke oma maisikoera kogemus uuele tasemele, valmistades oma signatuurtaigna meie traditsioonilise vahvlimasinaga. See mitmek\u00fclgne seade v\u00f5imaldab teil vaevata luua kuus<\/p>\n","protected":false},"featured_media":44726,"template":"","meta":[],"product_brand":[],"product_cat":[557,757],"product_tag":[],"class_list":{"0":"post-44724","1":"product","2":"type-product","3":"status-publish","4":"has-post-thumbnail","6":"product_cat-kupsetusseadmed","7":"product_cat-vahvlimasinad","9":"first","10":"instock","11":"sale","12":"taxable","13":"shipping-taxable","14":"purchasable","15":"product-type-simple"},"yoast_head":"<!-- This site is optimized with the Yoast SEO plugin v27.3 - https:\/\/yoast.com\/product\/yoast-seo-wordpress\/ -->\n<title>Vahvlimasin 1,55 kW 5 vahvlit Lauapealne | Adexa HX117 - Adexa \u2013 Suurk\u00f6\u00f6giseadmed restoranidele ja toitlustusele<\/title>\n<meta name=\"robots\" content=\"index, follow, max-snippet:-1, max-image-preview:large, max-video-preview:-1\" \/>\n<link rel=\"canonical\" href=\"https:\/\/adexa.ee\/toode\/vahvlimasin-155-kw-5-vahvlit-lauapealne-adexa-hx117\/\" \/>\n<meta property=\"og:locale\" content=\"en_US\" \/>\n<meta property=\"og:type\" content=\"article\" \/>\n<meta property=\"og:title\" content=\"Vahvlimasin 1,55 kW 5 vahvlit Lauapealne | Adexa HX117 - Adexa \u2013 Suurk\u00f6\u00f6giseadmed restoranidele ja toitlustusele\" \/>\n<meta property=\"og:description\" content=\"T\u00f5stke oma maisikoera kogemus uuele tasemele, valmistades oma signatuurtaigna meie traditsioonilise vahvlimasinaga. See mitmek\u00fclgne seade v\u00f5imaldab teil vaevata luua kuus\" \/>\n<meta property=\"og:url\" content=\"https:\/\/adexa.ee\/toode\/vahvlimasin-155-kw-5-vahvlit-lauapealne-adexa-hx117\/\" \/>\n<meta property=\"og:site_name\" content=\"Adexa \u2013 Suurk\u00f6\u00f6giseadmed restoranidele ja toitlustusele\" \/>\n<meta property=\"article:modified_time\" content=\"2026-03-26T10:06:10+00:00\" \/>\n<meta property=\"og:image\" content=\"https:\/\/adexa.ee\/wp-content\/uploads\/2025\/12\/HX117.jpg\" \/>\n\t<meta property=\"og:image:width\" content=\"2000\" \/>\n\t<meta property=\"og:image:height\" content=\"2000\" \/>\n\t<meta property=\"og:image:type\" content=\"image\/jpeg\" \/>\n<meta name=\"twitter:card\" content=\"summary_large_image\" \/>\n<meta name=\"twitter:label1\" content=\"Est. reading time\" \/>\n\t<meta name=\"twitter:data1\" content=\"1 minute\" \/>\n<script type=\"application\/ld+json\" class=\"yoast-schema-graph\">{\"@context\":\"https:\\\/\\\/schema.org\",\"@graph\":[{\"@type\":\"WebPage\",\"@id\":\"https:\\\/\\\/adexa.ee\\\/toode\\\/vahvlimasin-155-kw-5-vahvlit-lauapealne-adexa-hx117\\\/\",\"url\":\"https:\\\/\\\/adexa.ee\\\/toode\\\/vahvlimasin-155-kw-5-vahvlit-lauapealne-adexa-hx117\\\/\",\"name\":\"Vahvlimasin 1,55 kW 5 vahvlit Lauapealne | Adexa HX117 - Adexa \u2013 Suurk\u00f6\u00f6giseadmed restoranidele ja toitlustusele\",\"isPartOf\":{\"@id\":\"https:\\\/\\\/adexa.ee\\\/#website\"},\"primaryImageOfPage\":{\"@id\":\"https:\\\/\\\/adexa.ee\\\/toode\\\/vahvlimasin-155-kw-5-vahvlit-lauapealne-adexa-hx117\\\/#primaryimage\"},\"image\":{\"@id\":\"https:\\\/\\\/adexa.ee\\\/toode\\\/vahvlimasin-155-kw-5-vahvlit-lauapealne-adexa-hx117\\\/#primaryimage\"},\"thumbnailUrl\":\"https:\\\/\\\/adexa.ee\\\/wp-content\\\/uploads\\\/2025\\\/12\\\/HX117.jpg\",\"datePublished\":\"2026-03-26T10:06:02+00:00\",\"dateModified\":\"2026-03-26T10:06:10+00:00\",\"breadcrumb\":{\"@id\":\"https:\\\/\\\/adexa.ee\\\/toode\\\/vahvlimasin-155-kw-5-vahvlit-lauapealne-adexa-hx117\\\/#breadcrumb\"},\"inLanguage\":\"en-US\",\"potentialAction\":[{\"@type\":\"ReadAction\",\"target\":[\"https:\\\/\\\/adexa.ee\\\/toode\\\/vahvlimasin-155-kw-5-vahvlit-lauapealne-adexa-hx117\\\/\"]}]},{\"@type\":\"ImageObject\",\"inLanguage\":\"en-US\",\"@id\":\"https:\\\/\\\/adexa.ee\\\/toode\\\/vahvlimasin-155-kw-5-vahvlit-lauapealne-adexa-hx117\\\/#primaryimage\",\"url\":\"https:\\\/\\\/adexa.ee\\\/wp-content\\\/uploads\\\/2025\\\/12\\\/HX117.jpg\",\"contentUrl\":\"https:\\\/\\\/adexa.ee\\\/wp-content\\\/uploads\\\/2025\\\/12\\\/HX117.jpg\",\"width\":2000,\"height\":2000},{\"@type\":\"BreadcrumbList\",\"@id\":\"https:\\\/\\\/adexa.ee\\\/toode\\\/vahvlimasin-155-kw-5-vahvlit-lauapealne-adexa-hx117\\\/#breadcrumb\",\"itemListElement\":[{\"@type\":\"ListItem\",\"position\":1,\"name\":\"Home\",\"item\":\"https:\\\/\\\/adexa.ee\\\/\"},{\"@type\":\"ListItem\",\"position\":2,\"name\":\"Tooted\",\"item\":\"https:\\\/\\\/adexa.ee\\\/pood\\\/\"},{\"@type\":\"ListItem\",\"position\":3,\"name\":\"Vahvlimasin 1,55 kW 5 vahvlit Lauapealne | Adexa HX117\"}]},{\"@type\":\"WebSite\",\"@id\":\"https:\\\/\\\/adexa.ee\\\/#website\",\"url\":\"https:\\\/\\\/adexa.ee\\\/\",\"name\":\"Adexa\",\"description\":\"\",\"publisher\":{\"@id\":\"https:\\\/\\\/adexa.ee\\\/#organization\"},\"potentialAction\":[{\"@type\":\"SearchAction\",\"target\":{\"@type\":\"EntryPoint\",\"urlTemplate\":\"https:\\\/\\\/adexa.ee\\\/?s={search_term_string}\"},\"query-input\":{\"@type\":\"PropertyValueSpecification\",\"valueRequired\":true,\"valueName\":\"search_term_string\"}}],\"inLanguage\":\"en-US\"},{\"@type\":\"Organization\",\"@id\":\"https:\\\/\\\/adexa.ee\\\/#organization\",\"name\":\"Adexa\",\"url\":\"https:\\\/\\\/adexa.ee\\\/\",\"logo\":{\"@type\":\"ImageObject\",\"inLanguage\":\"en-US\",\"@id\":\"https:\\\/\\\/adexa.ee\\\/#\\\/schema\\\/logo\\\/image\\\/\",\"url\":\"https:\\\/\\\/adexa.ee\\\/wp-content\\\/uploads\\\/2024\\\/04\\\/chef-cooks-working-in-professional-kitchen-2023-11-27-05-07-39-utc-scaled.jpg\",\"contentUrl\":\"https:\\\/\\\/adexa.ee\\\/wp-content\\\/uploads\\\/2024\\\/04\\\/chef-cooks-working-in-professional-kitchen-2023-11-27-05-07-39-utc-scaled.jpg\",\"width\":2560,\"height\":1708,\"caption\":\"Adexa\"},\"image\":{\"@id\":\"https:\\\/\\\/adexa.ee\\\/#\\\/schema\\\/logo\\\/image\\\/\"}}]}<\/script>\n<!-- \/ Yoast SEO plugin. -->","yoast_head_json":{"title":"Vahvlimasin 1,55 kW 5 vahvlit Lauapealne | Adexa HX117 - Adexa \u2013 Suurk\u00f6\u00f6giseadmed restoranidele ja toitlustusele","robots":{"index":"index","follow":"follow","max-snippet":"max-snippet:-1","max-image-preview":"max-image-preview:large","max-video-preview":"max-video-preview:-1"},"canonical":"https:\/\/adexa.ee\/toode\/vahvlimasin-155-kw-5-vahvlit-lauapealne-adexa-hx117\/","og_locale":"en_US","og_type":"article","og_title":"Vahvlimasin 1,55 kW 5 vahvlit Lauapealne | Adexa HX117 - Adexa \u2013 Suurk\u00f6\u00f6giseadmed restoranidele ja toitlustusele","og_description":"T\u00f5stke oma maisikoera kogemus uuele tasemele, valmistades oma signatuurtaigna meie traditsioonilise vahvlimasinaga. See mitmek\u00fclgne seade v\u00f5imaldab teil vaevata luua kuus","og_url":"https:\/\/adexa.ee\/toode\/vahvlimasin-155-kw-5-vahvlit-lauapealne-adexa-hx117\/","og_site_name":"Adexa \u2013 Suurk\u00f6\u00f6giseadmed restoranidele ja toitlustusele","article_modified_time":"2026-03-26T10:06:10+00:00","og_image":[{"width":2000,"height":2000,"url":"https:\/\/adexa.ee\/wp-content\/uploads\/2025\/12\/HX117.jpg","type":"image\/jpeg"}],"twitter_card":"summary_large_image","twitter_misc":{"Est. reading time":"1 minute"},"schema":{"@context":"https:\/\/schema.org","@graph":[{"@type":"WebPage","@id":"https:\/\/adexa.ee\/toode\/vahvlimasin-155-kw-5-vahvlit-lauapealne-adexa-hx117\/","url":"https:\/\/adexa.ee\/toode\/vahvlimasin-155-kw-5-vahvlit-lauapealne-adexa-hx117\/","name":"Vahvlimasin 1,55 kW 5 vahvlit Lauapealne | Adexa HX117 - Adexa \u2013 Suurk\u00f6\u00f6giseadmed restoranidele ja toitlustusele","isPartOf":{"@id":"https:\/\/adexa.ee\/#website"},"primaryImageOfPage":{"@id":"https:\/\/adexa.ee\/toode\/vahvlimasin-155-kw-5-vahvlit-lauapealne-adexa-hx117\/#primaryimage"},"image":{"@id":"https:\/\/adexa.ee\/toode\/vahvlimasin-155-kw-5-vahvlit-lauapealne-adexa-hx117\/#primaryimage"},"thumbnailUrl":"https:\/\/adexa.ee\/wp-content\/uploads\/2025\/12\/HX117.jpg","datePublished":"2026-03-26T10:06:02+00:00","dateModified":"2026-03-26T10:06:10+00:00","breadcrumb":{"@id":"https:\/\/adexa.ee\/toode\/vahvlimasin-155-kw-5-vahvlit-lauapealne-adexa-hx117\/#breadcrumb"},"inLanguage":"en-US","potentialAction":[{"@type":"ReadAction","target":["https:\/\/adexa.ee\/toode\/vahvlimasin-155-kw-5-vahvlit-lauapealne-adexa-hx117\/"]}]},{"@type":"ImageObject","inLanguage":"en-US","@id":"https:\/\/adexa.ee\/toode\/vahvlimasin-155-kw-5-vahvlit-lauapealne-adexa-hx117\/#primaryimage","url":"https:\/\/adexa.ee\/wp-content\/uploads\/2025\/12\/HX117.jpg","contentUrl":"https:\/\/adexa.ee\/wp-content\/uploads\/2025\/12\/HX117.jpg","width":2000,"height":2000},{"@type":"BreadcrumbList","@id":"https:\/\/adexa.ee\/toode\/vahvlimasin-155-kw-5-vahvlit-lauapealne-adexa-hx117\/#breadcrumb","itemListElement":[{"@type":"ListItem","position":1,"name":"Home","item":"https:\/\/adexa.ee\/"},{"@type":"ListItem","position":2,"name":"Tooted","item":"https:\/\/adexa.ee\/pood\/"},{"@type":"ListItem","position":3,"name":"Vahvlimasin 1,55 kW 5 vahvlit Lauapealne | Adexa HX117"}]},{"@type":"WebSite","@id":"https:\/\/adexa.ee\/#website","url":"https:\/\/adexa.ee\/","name":"Adexa","description":"","publisher":{"@id":"https:\/\/adexa.ee\/#organization"},"potentialAction":[{"@type":"SearchAction","target":{"@type":"EntryPoint","urlTemplate":"https:\/\/adexa.ee\/?s={search_term_string}"},"query-input":{"@type":"PropertyValueSpecification","valueRequired":true,"valueName":"search_term_string"}}],"inLanguage":"en-US"},{"@type":"Organization","@id":"https:\/\/adexa.ee\/#organization","name":"Adexa","url":"https:\/\/adexa.ee\/","logo":{"@type":"ImageObject","inLanguage":"en-US","@id":"https:\/\/adexa.ee\/#\/schema\/logo\/image\/","url":"https:\/\/adexa.ee\/wp-content\/uploads\/2024\/04\/chef-cooks-working-in-professional-kitchen-2023-11-27-05-07-39-utc-scaled.jpg","contentUrl":"https:\/\/adexa.ee\/wp-content\/uploads\/2024\/04\/chef-cooks-working-in-professional-kitchen-2023-11-27-05-07-39-utc-scaled.jpg","width":2560,"height":1708,"caption":"Adexa"},"image":{"@id":"https:\/\/adexa.ee\/#\/schema\/logo\/image\/"}}]}},"_links":{"self":[{"href":"https:\/\/adexa.ee\/en\/wp-json\/wp\/v2\/product\/44724","targetHints":{"allow":["GET"]}}],"collection":[{"href":"https:\/\/adexa.ee\/en\/wp-json\/wp\/v2\/product"}],"about":[{"href":"https:\/\/adexa.ee\/en\/wp-json\/wp\/v2\/types\/product"}],"wp:featuredmedia":[{"embeddable":true,"href":"https:\/\/adexa.ee\/en\/wp-json\/wp\/v2\/media\/44726"}],"wp:attachment":[{"href":"https:\/\/adexa.ee\/en\/wp-json\/wp\/v2\/media?parent=44724"}],"wp:term":[{"taxonomy":"product_brand","embeddable":true,"href":"https:\/\/adexa.ee\/en\/wp-json\/wp\/v2\/product_brand?post=44724"},{"taxonomy":"product_cat","embeddable":true,"href":"https:\/\/adexa.ee\/en\/wp-json\/wp\/v2\/product_cat?post=44724"},{"taxonomy":"product_tag","embeddable":true,"href":"https:\/\/adexa.ee\/en\/wp-json\/wp\/v2\/product_tag?post=44724"}],"curies":[{"name":"wp","href":"https:\/\/api.w.org\/{rel}","templated":true}]}}