{"id":45021,"date":"2026-03-26T12:06:02","date_gmt":"2026-03-26T10:06:02","guid":{"rendered":"https:\/\/adexa.ee\/toode\/kaubanduslik-bain-marie-klaaskattega-aevastuskaitsega-4xgn1-2-adexa-hbm24\/"},"modified":"2026-03-26T12:06:11","modified_gmt":"2026-03-26T10:06:11","slug":"kaubanduslik-bain-marie-klaaskattega-aevastuskaitsega-4xgn1-2-adexa-hbm24","status":"publish","type":"product","link":"https:\/\/adexa.ee\/en\/toode\/kaubanduslik-bain-marie-klaaskattega-aevastuskaitsega-4xgn1-2-adexa-hbm24\/","title":{"rendered":"Kaubanduslik Bain Marie klaaskattega aevastuskaitsega 4xGN1\/2 | Adexa HBM24"},"content":{"rendered":"<p>See bain marie soojendaja hoiab toitu soojas, v\u00f5imaldades kiiret teenindust suurtele k\u00fclalistegruppidele, kes l\u00e4bivad s\u00f6\u00f6giala. See toidusoojendaja on m\u00f5eldud kasutamiseks t\u00f6\u00f6pinnal ja mahutab GN1\/2 suurusega panne. Soojendaja pakub ideaalset kohta kuumade roogade hoidmiseks. Seade sisaldab isegi klaasist aevastuskaitset, mis kaitseb toitu saasteainete eest ja edendab toiduohutust. Muudetav kuumuse reguleerimine koos toite sissel\u00fclitamise indikaatorigaM\u00e4rgsoojuse t\u00f6\u00f6Standardne UK pistik paigaldatudVeega sukeldatud k\u00fcttekeha, et parandada k\u00fctmise efektiivsustRoostevabast terasest struktuurTermostaadi juhtimine, vastupidav ja tugevMahutab GN suurusega toidupanne kuni 10 cm s\u00fcgavusegaK\u00f5rge piirv\u00e4\u00e4rtus kuivk\u00fctmise v\u00e4ltimiseksLibisemisvastased kummijaladK\u00fctte- ja toiteindikaatoridPalun vaadake &#8216;Spetsifikatsioon&#8217; alt \u00fcksikasjalikku teavet.<\/p>\n<table style=\"border-collapse: collapse; width: 100%; text-align: left;\">\n<tbody>\n<tr>\n<td style=\"border: 1px solid #ddd; padding: 8px; width: 45%;\"><strong>S\u00fcgavus<\/strong><\/td>\n<td style=\"border: 1px solid #ddd; padding: 8px;\">375 mm<\/td>\n<\/tr>\n<tr>\n<td style=\"border: 1px solid #ddd; padding: 8px; width: 45%;\"><strong>K\u00f5rgus<\/strong><\/td>\n<td style=\"border: 1px solid #ddd; padding: 8px;\">355 mm<\/td>\n<\/tr>\n<tr>\n<td style=\"border: 1px solid #ddd; padding: 8px; width: 45%;\"><strong>Laius<\/strong><\/td>\n<td style=\"border: 1px solid #ddd; padding: 8px;\">1205 mm<\/td>\n<\/tr>\n<tr>\n<td style=\"border: 1px solid #ddd; padding: 8px; width: 45%;\"><strong>Garantii<\/strong><\/td>\n<td style=\"border: 1px solid #ddd; padding: 8px;\">12 kuu varuosade garantii<\/td>\n<\/tr>\n<tr>\n<td style=\"border: 1px solid #ddd; padding: 8px; width: 45%;\"><strong>Mahutavus<\/strong><\/td>\n<td style=\"border: 1px solid #ddd; padding: 8px;\">4 x GN1\/2 (100 mm s\u00fcgav)<\/td>\n<\/tr>\n<tr>\n<td style=\"border: 1px solid #ddd; padding: 8px; width: 45%;\"><strong>Toiteallikas<\/strong><\/td>\n<td style=\"border: 1px solid #ddd; padding: 8px;\">230V \/ 1 faas<\/td>\n<\/tr>\n<tr>\n<td style=\"border: 1px solid #ddd; padding: 8px; width: 45%;\"><strong>V\u00f5imsus<\/strong><\/td>\n<td style=\"border: 1px solid #ddd; padding: 8px;\">1800W<\/td>\n<\/tr>\n<tr>\n<td style=\"border: 1px solid #ddd; padding: 8px; width: 45%;\"><strong>Materjal<\/strong><\/td>\n<td style=\"border: 1px solid #ddd; padding: 8px;\">Roostevaba teras &#038; klaas<\/td>\n<\/tr>\n<tr>\n<td style=\"border: 1px solid #ddd; padding: 8px; width: 45%;\"><strong>Aevastuskaitsed<\/strong><\/td>\n<td style=\"border: 1px solid #ddd; padding: 8px;\">Jah<\/td>\n<\/tr>\n<tr>\n<td style=\"border: 1px solid #ddd; padding: 8px; width: 45%;\"><strong>Temperatuur<\/strong><\/td>\n<td style=\"border: 1px solid #ddd; padding: 8px;\">+30 \u00b0C kuni +85 \u00b0C<\/td>\n<\/tr>\n<\/tbody>\n<\/table>\n","protected":false},"excerpt":{"rendered":"<p>See bain marie soojendaja hoiab toitu soojas, v\u00f5imaldades kiiret teenindust suurtele k\u00fclalistegruppidele, kes l\u00e4bivad s\u00f6\u00f6giala. See toidusoojendaja on m\u00f5eldud kasutamiseks<\/p>\n","protected":false},"featured_media":45023,"template":"","meta":[],"product_brand":[],"product_cat":[705,557,588,706,771,704,586,558],"product_tag":[],"class_list":{"0":"post-45021","1":"product","2":"type-product","3":"status-publish","4":"has-post-thumbnail","6":"product_cat-bain-marie-ja-kuumanumad-seadmed","7":"product_cat-kupsetusseadmed","8":"product_cat-kuumseadmed","9":"product_cat-lauapealsed-bain-marie-ja-kuumpotid","10":"product_cat-lauapealsed-bain-maried","11":"product_cat-marmiidid","12":"product_cat-serveerimine","13":"product_cat-toidu-soojendamine","15":"first","16":"instock","17":"sale","18":"taxable","19":"shipping-taxable","20":"purchasable","21":"product-type-simple"},"yoast_head":"<!-- This site is optimized with the Yoast SEO plugin v27.3 - https:\/\/yoast.com\/product\/yoast-seo-wordpress\/ -->\n<title>Kaubanduslik Bain Marie klaaskattega aevastuskaitsega 4xGN1\/2 | Adexa HBM24 - Adexa \u2013 Suurk\u00f6\u00f6giseadmed restoranidele ja toitlustusele<\/title>\n<meta name=\"robots\" content=\"index, follow, max-snippet:-1, max-image-preview:large, max-video-preview:-1\" \/>\n<link rel=\"canonical\" href=\"https:\/\/adexa.ee\/toode\/kaubanduslik-bain-marie-klaaskattega-aevastuskaitsega-4xgn1-2-adexa-hbm24\/\" \/>\n<meta property=\"og:locale\" content=\"en_US\" \/>\n<meta property=\"og:type\" content=\"article\" \/>\n<meta property=\"og:title\" content=\"Kaubanduslik Bain Marie klaaskattega aevastuskaitsega 4xGN1\/2 | Adexa HBM24 - Adexa \u2013 Suurk\u00f6\u00f6giseadmed restoranidele ja toitlustusele\" \/>\n<meta property=\"og:description\" content=\"See bain marie soojendaja hoiab toitu soojas, v\u00f5imaldades kiiret teenindust suurtele k\u00fclalistegruppidele, kes l\u00e4bivad s\u00f6\u00f6giala. See toidusoojendaja on m\u00f5eldud kasutamiseks\" \/>\n<meta property=\"og:url\" content=\"https:\/\/adexa.ee\/toode\/kaubanduslik-bain-marie-klaaskattega-aevastuskaitsega-4xgn1-2-adexa-hbm24\/\" \/>\n<meta property=\"og:site_name\" content=\"Adexa \u2013 Suurk\u00f6\u00f6giseadmed restoranidele ja toitlustusele\" \/>\n<meta property=\"article:modified_time\" content=\"2026-03-26T10:06:11+00:00\" \/>\n<meta property=\"og:image\" content=\"https:\/\/adexa.ee\/wp-content\/uploads\/2025\/12\/HBM24.jpg\" \/>\n\t<meta property=\"og:image:width\" content=\"2000\" \/>\n\t<meta property=\"og:image:height\" content=\"2000\" \/>\n\t<meta property=\"og:image:type\" content=\"image\/jpeg\" \/>\n<meta name=\"twitter:card\" content=\"summary_large_image\" \/>\n<meta name=\"twitter:label1\" content=\"Est. reading time\" \/>\n\t<meta name=\"twitter:data1\" content=\"1 minute\" \/>\n<script type=\"application\/ld+json\" class=\"yoast-schema-graph\">{\"@context\":\"https:\\\/\\\/schema.org\",\"@graph\":[{\"@type\":\"WebPage\",\"@id\":\"https:\\\/\\\/adexa.ee\\\/toode\\\/kaubanduslik-bain-marie-klaaskattega-aevastuskaitsega-4xgn1-2-adexa-hbm24\\\/\",\"url\":\"https:\\\/\\\/adexa.ee\\\/toode\\\/kaubanduslik-bain-marie-klaaskattega-aevastuskaitsega-4xgn1-2-adexa-hbm24\\\/\",\"name\":\"Kaubanduslik Bain Marie klaaskattega aevastuskaitsega 4xGN1\\\/2 | Adexa HBM24 - Adexa \u2013 Suurk\u00f6\u00f6giseadmed restoranidele ja toitlustusele\",\"isPartOf\":{\"@id\":\"https:\\\/\\\/adexa.ee\\\/#website\"},\"primaryImageOfPage\":{\"@id\":\"https:\\\/\\\/adexa.ee\\\/toode\\\/kaubanduslik-bain-marie-klaaskattega-aevastuskaitsega-4xgn1-2-adexa-hbm24\\\/#primaryimage\"},\"image\":{\"@id\":\"https:\\\/\\\/adexa.ee\\\/toode\\\/kaubanduslik-bain-marie-klaaskattega-aevastuskaitsega-4xgn1-2-adexa-hbm24\\\/#primaryimage\"},\"thumbnailUrl\":\"https:\\\/\\\/adexa.ee\\\/wp-content\\\/uploads\\\/2025\\\/12\\\/HBM24.jpg\",\"datePublished\":\"2026-03-26T10:06:02+00:00\",\"dateModified\":\"2026-03-26T10:06:11+00:00\",\"breadcrumb\":{\"@id\":\"https:\\\/\\\/adexa.ee\\\/toode\\\/kaubanduslik-bain-marie-klaaskattega-aevastuskaitsega-4xgn1-2-adexa-hbm24\\\/#breadcrumb\"},\"inLanguage\":\"en-US\",\"potentialAction\":[{\"@type\":\"ReadAction\",\"target\":[\"https:\\\/\\\/adexa.ee\\\/toode\\\/kaubanduslik-bain-marie-klaaskattega-aevastuskaitsega-4xgn1-2-adexa-hbm24\\\/\"]}]},{\"@type\":\"ImageObject\",\"inLanguage\":\"en-US\",\"@id\":\"https:\\\/\\\/adexa.ee\\\/toode\\\/kaubanduslik-bain-marie-klaaskattega-aevastuskaitsega-4xgn1-2-adexa-hbm24\\\/#primaryimage\",\"url\":\"https:\\\/\\\/adexa.ee\\\/wp-content\\\/uploads\\\/2025\\\/12\\\/HBM24.jpg\",\"contentUrl\":\"https:\\\/\\\/adexa.ee\\\/wp-content\\\/uploads\\\/2025\\\/12\\\/HBM24.jpg\",\"width\":2000,\"height\":2000},{\"@type\":\"BreadcrumbList\",\"@id\":\"https:\\\/\\\/adexa.ee\\\/toode\\\/kaubanduslik-bain-marie-klaaskattega-aevastuskaitsega-4xgn1-2-adexa-hbm24\\\/#breadcrumb\",\"itemListElement\":[{\"@type\":\"ListItem\",\"position\":1,\"name\":\"Home\",\"item\":\"https:\\\/\\\/adexa.ee\\\/\"},{\"@type\":\"ListItem\",\"position\":2,\"name\":\"Tooted\",\"item\":\"https:\\\/\\\/adexa.ee\\\/pood\\\/\"},{\"@type\":\"ListItem\",\"position\":3,\"name\":\"Kaubanduslik Bain Marie klaaskattega aevastuskaitsega 4xGN1\\\/2 | Adexa HBM24\"}]},{\"@type\":\"WebSite\",\"@id\":\"https:\\\/\\\/adexa.ee\\\/#website\",\"url\":\"https:\\\/\\\/adexa.ee\\\/\",\"name\":\"Adexa\",\"description\":\"\",\"publisher\":{\"@id\":\"https:\\\/\\\/adexa.ee\\\/#organization\"},\"potentialAction\":[{\"@type\":\"SearchAction\",\"target\":{\"@type\":\"EntryPoint\",\"urlTemplate\":\"https:\\\/\\\/adexa.ee\\\/?s={search_term_string}\"},\"query-input\":{\"@type\":\"PropertyValueSpecification\",\"valueRequired\":true,\"valueName\":\"search_term_string\"}}],\"inLanguage\":\"en-US\"},{\"@type\":\"Organization\",\"@id\":\"https:\\\/\\\/adexa.ee\\\/#organization\",\"name\":\"Adexa\",\"url\":\"https:\\\/\\\/adexa.ee\\\/\",\"logo\":{\"@type\":\"ImageObject\",\"inLanguage\":\"en-US\",\"@id\":\"https:\\\/\\\/adexa.ee\\\/#\\\/schema\\\/logo\\\/image\\\/\",\"url\":\"https:\\\/\\\/adexa.ee\\\/wp-content\\\/uploads\\\/2024\\\/04\\\/chef-cooks-working-in-professional-kitchen-2023-11-27-05-07-39-utc-scaled.jpg\",\"contentUrl\":\"https:\\\/\\\/adexa.ee\\\/wp-content\\\/uploads\\\/2024\\\/04\\\/chef-cooks-working-in-professional-kitchen-2023-11-27-05-07-39-utc-scaled.jpg\",\"width\":2560,\"height\":1708,\"caption\":\"Adexa\"},\"image\":{\"@id\":\"https:\\\/\\\/adexa.ee\\\/#\\\/schema\\\/logo\\\/image\\\/\"}}]}<\/script>\n<!-- \/ Yoast SEO plugin. -->","yoast_head_json":{"title":"Kaubanduslik Bain Marie klaaskattega aevastuskaitsega 4xGN1\/2 | Adexa HBM24 - Adexa \u2013 Suurk\u00f6\u00f6giseadmed restoranidele ja toitlustusele","robots":{"index":"index","follow":"follow","max-snippet":"max-snippet:-1","max-image-preview":"max-image-preview:large","max-video-preview":"max-video-preview:-1"},"canonical":"https:\/\/adexa.ee\/toode\/kaubanduslik-bain-marie-klaaskattega-aevastuskaitsega-4xgn1-2-adexa-hbm24\/","og_locale":"en_US","og_type":"article","og_title":"Kaubanduslik Bain Marie klaaskattega aevastuskaitsega 4xGN1\/2 | Adexa HBM24 - Adexa \u2013 Suurk\u00f6\u00f6giseadmed restoranidele ja toitlustusele","og_description":"See bain marie soojendaja hoiab toitu soojas, v\u00f5imaldades kiiret teenindust suurtele k\u00fclalistegruppidele, kes l\u00e4bivad s\u00f6\u00f6giala. See toidusoojendaja on m\u00f5eldud kasutamiseks","og_url":"https:\/\/adexa.ee\/toode\/kaubanduslik-bain-marie-klaaskattega-aevastuskaitsega-4xgn1-2-adexa-hbm24\/","og_site_name":"Adexa \u2013 Suurk\u00f6\u00f6giseadmed restoranidele ja toitlustusele","article_modified_time":"2026-03-26T10:06:11+00:00","og_image":[{"width":2000,"height":2000,"url":"https:\/\/adexa.ee\/wp-content\/uploads\/2025\/12\/HBM24.jpg","type":"image\/jpeg"}],"twitter_card":"summary_large_image","twitter_misc":{"Est. reading time":"1 minute"},"schema":{"@context":"https:\/\/schema.org","@graph":[{"@type":"WebPage","@id":"https:\/\/adexa.ee\/toode\/kaubanduslik-bain-marie-klaaskattega-aevastuskaitsega-4xgn1-2-adexa-hbm24\/","url":"https:\/\/adexa.ee\/toode\/kaubanduslik-bain-marie-klaaskattega-aevastuskaitsega-4xgn1-2-adexa-hbm24\/","name":"Kaubanduslik Bain Marie klaaskattega aevastuskaitsega 4xGN1\/2 | Adexa HBM24 - Adexa \u2013 Suurk\u00f6\u00f6giseadmed restoranidele ja toitlustusele","isPartOf":{"@id":"https:\/\/adexa.ee\/#website"},"primaryImageOfPage":{"@id":"https:\/\/adexa.ee\/toode\/kaubanduslik-bain-marie-klaaskattega-aevastuskaitsega-4xgn1-2-adexa-hbm24\/#primaryimage"},"image":{"@id":"https:\/\/adexa.ee\/toode\/kaubanduslik-bain-marie-klaaskattega-aevastuskaitsega-4xgn1-2-adexa-hbm24\/#primaryimage"},"thumbnailUrl":"https:\/\/adexa.ee\/wp-content\/uploads\/2025\/12\/HBM24.jpg","datePublished":"2026-03-26T10:06:02+00:00","dateModified":"2026-03-26T10:06:11+00:00","breadcrumb":{"@id":"https:\/\/adexa.ee\/toode\/kaubanduslik-bain-marie-klaaskattega-aevastuskaitsega-4xgn1-2-adexa-hbm24\/#breadcrumb"},"inLanguage":"en-US","potentialAction":[{"@type":"ReadAction","target":["https:\/\/adexa.ee\/toode\/kaubanduslik-bain-marie-klaaskattega-aevastuskaitsega-4xgn1-2-adexa-hbm24\/"]}]},{"@type":"ImageObject","inLanguage":"en-US","@id":"https:\/\/adexa.ee\/toode\/kaubanduslik-bain-marie-klaaskattega-aevastuskaitsega-4xgn1-2-adexa-hbm24\/#primaryimage","url":"https:\/\/adexa.ee\/wp-content\/uploads\/2025\/12\/HBM24.jpg","contentUrl":"https:\/\/adexa.ee\/wp-content\/uploads\/2025\/12\/HBM24.jpg","width":2000,"height":2000},{"@type":"BreadcrumbList","@id":"https:\/\/adexa.ee\/toode\/kaubanduslik-bain-marie-klaaskattega-aevastuskaitsega-4xgn1-2-adexa-hbm24\/#breadcrumb","itemListElement":[{"@type":"ListItem","position":1,"name":"Home","item":"https:\/\/adexa.ee\/"},{"@type":"ListItem","position":2,"name":"Tooted","item":"https:\/\/adexa.ee\/pood\/"},{"@type":"ListItem","position":3,"name":"Kaubanduslik Bain Marie klaaskattega aevastuskaitsega 4xGN1\/2 | Adexa HBM24"}]},{"@type":"WebSite","@id":"https:\/\/adexa.ee\/#website","url":"https:\/\/adexa.ee\/","name":"Adexa","description":"","publisher":{"@id":"https:\/\/adexa.ee\/#organization"},"potentialAction":[{"@type":"SearchAction","target":{"@type":"EntryPoint","urlTemplate":"https:\/\/adexa.ee\/?s={search_term_string}"},"query-input":{"@type":"PropertyValueSpecification","valueRequired":true,"valueName":"search_term_string"}}],"inLanguage":"en-US"},{"@type":"Organization","@id":"https:\/\/adexa.ee\/#organization","name":"Adexa","url":"https:\/\/adexa.ee\/","logo":{"@type":"ImageObject","inLanguage":"en-US","@id":"https:\/\/adexa.ee\/#\/schema\/logo\/image\/","url":"https:\/\/adexa.ee\/wp-content\/uploads\/2024\/04\/chef-cooks-working-in-professional-kitchen-2023-11-27-05-07-39-utc-scaled.jpg","contentUrl":"https:\/\/adexa.ee\/wp-content\/uploads\/2024\/04\/chef-cooks-working-in-professional-kitchen-2023-11-27-05-07-39-utc-scaled.jpg","width":2560,"height":1708,"caption":"Adexa"},"image":{"@id":"https:\/\/adexa.ee\/#\/schema\/logo\/image\/"}}]}},"_links":{"self":[{"href":"https:\/\/adexa.ee\/en\/wp-json\/wp\/v2\/product\/45021","targetHints":{"allow":["GET"]}}],"collection":[{"href":"https:\/\/adexa.ee\/en\/wp-json\/wp\/v2\/product"}],"about":[{"href":"https:\/\/adexa.ee\/en\/wp-json\/wp\/v2\/types\/product"}],"wp:featuredmedia":[{"embeddable":true,"href":"https:\/\/adexa.ee\/en\/wp-json\/wp\/v2\/media\/45023"}],"wp:attachment":[{"href":"https:\/\/adexa.ee\/en\/wp-json\/wp\/v2\/media?parent=45021"}],"wp:term":[{"taxonomy":"product_brand","embeddable":true,"href":"https:\/\/adexa.ee\/en\/wp-json\/wp\/v2\/product_brand?post=45021"},{"taxonomy":"product_cat","embeddable":true,"href":"https:\/\/adexa.ee\/en\/wp-json\/wp\/v2\/product_cat?post=45021"},{"taxonomy":"product_tag","embeddable":true,"href":"https:\/\/adexa.ee\/en\/wp-json\/wp\/v2\/product_tag?post=45021"}],"curies":[{"name":"wp","href":"https:\/\/api.w.org\/{rel}","templated":true}]}}