{"id":45811,"date":"2026-03-26T12:15:02","date_gmt":"2026-03-26T10:15:02","guid":{"rendered":"https:\/\/adexa.ee\/toode\/sugavkulmik-roostevabast-terasest-kaanega-435-liitrit-adexa-xf512ja\/"},"modified":"2026-03-26T12:15:06","modified_gmt":"2026-03-26T10:15:06","slug":"sugavkulmik-roostevabast-terasest-kaanega-435-liitrit-adexa-xf512ja","status":"publish","type":"product","link":"https:\/\/adexa.ee\/en\/toode\/sugavkulmik-roostevabast-terasest-kaanega-435-liitrit-adexa-xf512ja\/","title":{"rendered":"S\u00fcgavk\u00fclmik Roostevabast terasest kaanega 435 liitrit | Adexa XF512JA"},"content":{"rendered":"<p>S\u00fcgavk\u00fclmik, millel on avar sisemaht. Ideaalne k\u00fclmutatud toidu s\u00e4ilitamiseks restoranides, hotellides, baarides, kohvikutes v\u00f5i muudes toitlustusasutustes ning ka koduseks kasutamiseks. Ja mis k\u00f5ige parem, praegust soodushinda ei saa \u00fcletada. 512 liitrit brutomaht \/ 450 liitrit netomaht. Standardne \u00dchendkuningriigi pistik. K\u00fclmutustemperatuur alla -18\u2103. Roostevabast terasest kaas. K\u00e4sitsi juhitavad nupud. Rattad kaasas. 1 korv kaasas. 1.140 kW\/h. Dokumendid. Kl\u00f5psake siin, et alla laadida energiam\u00e4rgis. T\u00e4psema teabe saamiseks vaadake jaotist &#8220;Spetsifikatsioon&#8221;.<\/p>\n<table style=\"border-collapse: collapse; width: 100%; text-align: left;\">\n<tbody>\n<tr>\n<td style=\"border: 1px solid #ddd; padding: 8px; width: 45%;\"><strong>S\u00fcgavus<\/strong><\/td>\n<td style=\"border: 1px solid #ddd; padding: 8px;\">740mm<\/td>\n<\/tr>\n<tr>\n<td style=\"border: 1px solid #ddd; padding: 8px; width: 45%;\"><strong>K\u00f5rgus<\/strong><\/td>\n<td style=\"border: 1px solid #ddd; padding: 8px;\">825mm<\/td>\n<\/tr>\n<tr>\n<td style=\"border: 1px solid #ddd; padding: 8px; width: 45%;\"><strong>Laius<\/strong><\/td>\n<td style=\"border: 1px solid #ddd; padding: 8px;\">1535 mm<\/td>\n<\/tr>\n<tr>\n<td style=\"border: 1px solid #ddd; padding: 8px; width: 45%;\"><strong>Kaal<\/strong><\/td>\n<td style=\"border: 1px solid #ddd; padding: 8px;\">61 kg<\/td>\n<\/tr>\n<tr>\n<td style=\"border: 1px solid #ddd; padding: 8px; width: 45%;\"><strong>Garantii<\/strong><\/td>\n<td style=\"border: 1px solid #ddd; padding: 8px;\">12 kuu varuosade garantii<\/td>\n<\/tr>\n<tr>\n<td style=\"border: 1px solid #ddd; padding: 8px; width: 45%;\"><strong>Mahutavus<\/strong><\/td>\n<td style=\"border: 1px solid #ddd; padding: 8px;\">435 liitrit (neto)<\/td>\n<\/tr>\n<tr>\n<td style=\"border: 1px solid #ddd; padding: 8px; width: 45%;\"><strong>Toiteallikas<\/strong><\/td>\n<td style=\"border: 1px solid #ddd; padding: 8px;\">230V \/ 1 faas<\/td>\n<\/tr>\n<tr>\n<td style=\"border: 1px solid #ddd; padding: 8px; width: 45%;\"><strong>Jahutamine<\/strong><\/td>\n<td style=\"border: 1px solid #ddd; padding: 8px;\">Staatiline<\/td>\n<\/tr>\n<tr>\n<td style=\"border: 1px solid #ddd; padding: 8px; width: 45%;\"><strong>K\u00fclmaaine<\/strong><\/td>\n<td style=\"border: 1px solid #ddd; padding: 8px;\">R290<\/td>\n<\/tr>\n<tr>\n<td style=\"border: 1px solid #ddd; padding: 8px; width: 45%;\"><strong>Temperatuur<\/strong><\/td>\n<td style=\"border: 1px solid #ddd; padding: 8px;\">-18\u00b0C<\/td>\n<\/tr>\n<tr>\n<td style=\"border: 1px solid #ddd; padding: 8px; width: 45%;\"><strong>Kontrollid<\/strong><\/td>\n<td style=\"border: 1px solid #ddd; padding: 8px;\">K\u00e4siraamat<\/td>\n<\/tr>\n<tr>\n<td style=\"border: 1px solid #ddd; padding: 8px; width: 45%;\"><strong>Korvid<\/strong><\/td>\n<td style=\"border: 1px solid #ddd; padding: 8px;\">1<\/td>\n<\/tr>\n<tr>\n<td style=\"border: 1px solid #ddd; padding: 8px; width: 45%;\"><strong>M\u00fcratase<\/strong><\/td>\n<td style=\"border: 1px solid #ddd; padding: 8px;\">42 dB(A)<\/td>\n<\/tr>\n<tr>\n<td style=\"border: 1px solid #ddd; padding: 8px; width: 45%;\"><strong>Kaas<\/strong><\/td>\n<td style=\"border: 1px solid #ddd; padding: 8px;\">T\u00f5stetav tahke roostevaba teras<\/td>\n<\/tr>\n<tr>\n<td style=\"border: 1px solid #ddd; padding: 8px; width: 45%;\"><strong>V\u00f5imsuse tarbimine<\/strong><\/td>\n<td style=\"border: 1px solid #ddd; padding: 8px;\">958 kWh\/aastas<\/td>\n<\/tr>\n<\/tbody>\n<\/table>\n","protected":false},"excerpt":{"rendered":"<p>S\u00fcgavk\u00fclmik, millel on avar sisemaht. Ideaalne k\u00fclmutatud toidu s\u00e4ilitamiseks restoranides, hotellides, baarides, kohvikutes v\u00f5i muudes toitlustusasutustes ning ka koduseks kasutamiseks.<\/p>\n","protected":false},"featured_media":45808,"template":"","meta":[],"product_brand":[],"product_cat":[564,932],"product_tag":[],"class_list":{"0":"post-45811","1":"product","2":"type-product","3":"status-publish","4":"has-post-thumbnail","6":"product_cat-jahutusseadmed","7":"product_cat-sugavkulmikud","9":"first","10":"instock","11":"sale","12":"taxable","13":"shipping-taxable","14":"purchasable","15":"product-type-simple"},"yoast_head":"<!-- This site is optimized with the Yoast SEO plugin v27.3 - https:\/\/yoast.com\/product\/yoast-seo-wordpress\/ -->\n<title>S\u00fcgavk\u00fclmik Roostevabast terasest kaanega 435 liitrit | Adexa XF512JA - Adexa \u2013 Suurk\u00f6\u00f6giseadmed restoranidele ja toitlustusele<\/title>\n<meta name=\"robots\" content=\"index, follow, max-snippet:-1, max-image-preview:large, max-video-preview:-1\" \/>\n<link rel=\"canonical\" href=\"https:\/\/adexa.ee\/toode\/sugavkulmik-roostevabast-terasest-kaanega-435-liitrit-adexa-xf512ja\/\" \/>\n<meta property=\"og:locale\" content=\"en_US\" \/>\n<meta property=\"og:type\" content=\"article\" \/>\n<meta property=\"og:title\" content=\"S\u00fcgavk\u00fclmik Roostevabast terasest kaanega 435 liitrit | Adexa XF512JA - Adexa \u2013 Suurk\u00f6\u00f6giseadmed restoranidele ja toitlustusele\" \/>\n<meta property=\"og:description\" content=\"S\u00fcgavk\u00fclmik, millel on avar sisemaht. Ideaalne k\u00fclmutatud toidu s\u00e4ilitamiseks restoranides, hotellides, baarides, kohvikutes v\u00f5i muudes toitlustusasutustes ning ka koduseks kasutamiseks.\" \/>\n<meta property=\"og:url\" content=\"https:\/\/adexa.ee\/toode\/sugavkulmik-roostevabast-terasest-kaanega-435-liitrit-adexa-xf512ja\/\" \/>\n<meta property=\"og:site_name\" content=\"Adexa \u2013 Suurk\u00f6\u00f6giseadmed restoranidele ja toitlustusele\" \/>\n<meta property=\"article:modified_time\" content=\"2026-03-26T10:15:06+00:00\" \/>\n<meta property=\"og:image\" content=\"https:\/\/adexa.ee\/wp-content\/uploads\/2025\/12\/XFSS.jpg\" \/>\n\t<meta property=\"og:image:width\" content=\"2000\" \/>\n\t<meta property=\"og:image:height\" content=\"2000\" \/>\n\t<meta property=\"og:image:type\" content=\"image\/jpeg\" \/>\n<meta name=\"twitter:card\" content=\"summary_large_image\" \/>\n<meta name=\"twitter:label1\" content=\"Est. reading time\" \/>\n\t<meta name=\"twitter:data1\" content=\"1 minute\" \/>\n<script type=\"application\/ld+json\" class=\"yoast-schema-graph\">{\"@context\":\"https:\\\/\\\/schema.org\",\"@graph\":[{\"@type\":\"WebPage\",\"@id\":\"https:\\\/\\\/adexa.ee\\\/toode\\\/sugavkulmik-roostevabast-terasest-kaanega-435-liitrit-adexa-xf512ja\\\/\",\"url\":\"https:\\\/\\\/adexa.ee\\\/toode\\\/sugavkulmik-roostevabast-terasest-kaanega-435-liitrit-adexa-xf512ja\\\/\",\"name\":\"S\u00fcgavk\u00fclmik Roostevabast terasest kaanega 435 liitrit | Adexa XF512JA - Adexa \u2013 Suurk\u00f6\u00f6giseadmed restoranidele ja toitlustusele\",\"isPartOf\":{\"@id\":\"https:\\\/\\\/adexa.ee\\\/#website\"},\"primaryImageOfPage\":{\"@id\":\"https:\\\/\\\/adexa.ee\\\/toode\\\/sugavkulmik-roostevabast-terasest-kaanega-435-liitrit-adexa-xf512ja\\\/#primaryimage\"},\"image\":{\"@id\":\"https:\\\/\\\/adexa.ee\\\/toode\\\/sugavkulmik-roostevabast-terasest-kaanega-435-liitrit-adexa-xf512ja\\\/#primaryimage\"},\"thumbnailUrl\":\"https:\\\/\\\/adexa.ee\\\/wp-content\\\/uploads\\\/2025\\\/12\\\/XFSS.jpg\",\"datePublished\":\"2026-03-26T10:15:02+00:00\",\"dateModified\":\"2026-03-26T10:15:06+00:00\",\"breadcrumb\":{\"@id\":\"https:\\\/\\\/adexa.ee\\\/toode\\\/sugavkulmik-roostevabast-terasest-kaanega-435-liitrit-adexa-xf512ja\\\/#breadcrumb\"},\"inLanguage\":\"en-US\",\"potentialAction\":[{\"@type\":\"ReadAction\",\"target\":[\"https:\\\/\\\/adexa.ee\\\/toode\\\/sugavkulmik-roostevabast-terasest-kaanega-435-liitrit-adexa-xf512ja\\\/\"]}]},{\"@type\":\"ImageObject\",\"inLanguage\":\"en-US\",\"@id\":\"https:\\\/\\\/adexa.ee\\\/toode\\\/sugavkulmik-roostevabast-terasest-kaanega-435-liitrit-adexa-xf512ja\\\/#primaryimage\",\"url\":\"https:\\\/\\\/adexa.ee\\\/wp-content\\\/uploads\\\/2025\\\/12\\\/XFSS.jpg\",\"contentUrl\":\"https:\\\/\\\/adexa.ee\\\/wp-content\\\/uploads\\\/2025\\\/12\\\/XFSS.jpg\",\"width\":2000,\"height\":2000},{\"@type\":\"BreadcrumbList\",\"@id\":\"https:\\\/\\\/adexa.ee\\\/toode\\\/sugavkulmik-roostevabast-terasest-kaanega-435-liitrit-adexa-xf512ja\\\/#breadcrumb\",\"itemListElement\":[{\"@type\":\"ListItem\",\"position\":1,\"name\":\"Home\",\"item\":\"https:\\\/\\\/adexa.ee\\\/\"},{\"@type\":\"ListItem\",\"position\":2,\"name\":\"Tooted\",\"item\":\"https:\\\/\\\/adexa.ee\\\/pood\\\/\"},{\"@type\":\"ListItem\",\"position\":3,\"name\":\"S\u00fcgavk\u00fclmik Roostevabast terasest kaanega 435 liitrit | Adexa XF512JA\"}]},{\"@type\":\"WebSite\",\"@id\":\"https:\\\/\\\/adexa.ee\\\/#website\",\"url\":\"https:\\\/\\\/adexa.ee\\\/\",\"name\":\"Adexa\",\"description\":\"\",\"publisher\":{\"@id\":\"https:\\\/\\\/adexa.ee\\\/#organization\"},\"potentialAction\":[{\"@type\":\"SearchAction\",\"target\":{\"@type\":\"EntryPoint\",\"urlTemplate\":\"https:\\\/\\\/adexa.ee\\\/?s={search_term_string}\"},\"query-input\":{\"@type\":\"PropertyValueSpecification\",\"valueRequired\":true,\"valueName\":\"search_term_string\"}}],\"inLanguage\":\"en-US\"},{\"@type\":\"Organization\",\"@id\":\"https:\\\/\\\/adexa.ee\\\/#organization\",\"name\":\"Adexa\",\"url\":\"https:\\\/\\\/adexa.ee\\\/\",\"logo\":{\"@type\":\"ImageObject\",\"inLanguage\":\"en-US\",\"@id\":\"https:\\\/\\\/adexa.ee\\\/#\\\/schema\\\/logo\\\/image\\\/\",\"url\":\"https:\\\/\\\/adexa.ee\\\/wp-content\\\/uploads\\\/2024\\\/04\\\/chef-cooks-working-in-professional-kitchen-2023-11-27-05-07-39-utc-scaled.jpg\",\"contentUrl\":\"https:\\\/\\\/adexa.ee\\\/wp-content\\\/uploads\\\/2024\\\/04\\\/chef-cooks-working-in-professional-kitchen-2023-11-27-05-07-39-utc-scaled.jpg\",\"width\":2560,\"height\":1708,\"caption\":\"Adexa\"},\"image\":{\"@id\":\"https:\\\/\\\/adexa.ee\\\/#\\\/schema\\\/logo\\\/image\\\/\"}}]}<\/script>\n<!-- \/ Yoast SEO plugin. -->","yoast_head_json":{"title":"S\u00fcgavk\u00fclmik Roostevabast terasest kaanega 435 liitrit | Adexa XF512JA - Adexa \u2013 Suurk\u00f6\u00f6giseadmed restoranidele ja toitlustusele","robots":{"index":"index","follow":"follow","max-snippet":"max-snippet:-1","max-image-preview":"max-image-preview:large","max-video-preview":"max-video-preview:-1"},"canonical":"https:\/\/adexa.ee\/toode\/sugavkulmik-roostevabast-terasest-kaanega-435-liitrit-adexa-xf512ja\/","og_locale":"en_US","og_type":"article","og_title":"S\u00fcgavk\u00fclmik Roostevabast terasest kaanega 435 liitrit | Adexa XF512JA - Adexa \u2013 Suurk\u00f6\u00f6giseadmed restoranidele ja toitlustusele","og_description":"S\u00fcgavk\u00fclmik, millel on avar sisemaht. Ideaalne k\u00fclmutatud toidu s\u00e4ilitamiseks restoranides, hotellides, baarides, kohvikutes v\u00f5i muudes toitlustusasutustes ning ka koduseks kasutamiseks.","og_url":"https:\/\/adexa.ee\/toode\/sugavkulmik-roostevabast-terasest-kaanega-435-liitrit-adexa-xf512ja\/","og_site_name":"Adexa \u2013 Suurk\u00f6\u00f6giseadmed restoranidele ja toitlustusele","article_modified_time":"2026-03-26T10:15:06+00:00","og_image":[{"width":2000,"height":2000,"url":"https:\/\/adexa.ee\/wp-content\/uploads\/2025\/12\/XFSS.jpg","type":"image\/jpeg"}],"twitter_card":"summary_large_image","twitter_misc":{"Est. reading time":"1 minute"},"schema":{"@context":"https:\/\/schema.org","@graph":[{"@type":"WebPage","@id":"https:\/\/adexa.ee\/toode\/sugavkulmik-roostevabast-terasest-kaanega-435-liitrit-adexa-xf512ja\/","url":"https:\/\/adexa.ee\/toode\/sugavkulmik-roostevabast-terasest-kaanega-435-liitrit-adexa-xf512ja\/","name":"S\u00fcgavk\u00fclmik Roostevabast terasest kaanega 435 liitrit | Adexa XF512JA - Adexa \u2013 Suurk\u00f6\u00f6giseadmed restoranidele ja toitlustusele","isPartOf":{"@id":"https:\/\/adexa.ee\/#website"},"primaryImageOfPage":{"@id":"https:\/\/adexa.ee\/toode\/sugavkulmik-roostevabast-terasest-kaanega-435-liitrit-adexa-xf512ja\/#primaryimage"},"image":{"@id":"https:\/\/adexa.ee\/toode\/sugavkulmik-roostevabast-terasest-kaanega-435-liitrit-adexa-xf512ja\/#primaryimage"},"thumbnailUrl":"https:\/\/adexa.ee\/wp-content\/uploads\/2025\/12\/XFSS.jpg","datePublished":"2026-03-26T10:15:02+00:00","dateModified":"2026-03-26T10:15:06+00:00","breadcrumb":{"@id":"https:\/\/adexa.ee\/toode\/sugavkulmik-roostevabast-terasest-kaanega-435-liitrit-adexa-xf512ja\/#breadcrumb"},"inLanguage":"en-US","potentialAction":[{"@type":"ReadAction","target":["https:\/\/adexa.ee\/toode\/sugavkulmik-roostevabast-terasest-kaanega-435-liitrit-adexa-xf512ja\/"]}]},{"@type":"ImageObject","inLanguage":"en-US","@id":"https:\/\/adexa.ee\/toode\/sugavkulmik-roostevabast-terasest-kaanega-435-liitrit-adexa-xf512ja\/#primaryimage","url":"https:\/\/adexa.ee\/wp-content\/uploads\/2025\/12\/XFSS.jpg","contentUrl":"https:\/\/adexa.ee\/wp-content\/uploads\/2025\/12\/XFSS.jpg","width":2000,"height":2000},{"@type":"BreadcrumbList","@id":"https:\/\/adexa.ee\/toode\/sugavkulmik-roostevabast-terasest-kaanega-435-liitrit-adexa-xf512ja\/#breadcrumb","itemListElement":[{"@type":"ListItem","position":1,"name":"Home","item":"https:\/\/adexa.ee\/"},{"@type":"ListItem","position":2,"name":"Tooted","item":"https:\/\/adexa.ee\/pood\/"},{"@type":"ListItem","position":3,"name":"S\u00fcgavk\u00fclmik Roostevabast terasest kaanega 435 liitrit | Adexa XF512JA"}]},{"@type":"WebSite","@id":"https:\/\/adexa.ee\/#website","url":"https:\/\/adexa.ee\/","name":"Adexa","description":"","publisher":{"@id":"https:\/\/adexa.ee\/#organization"},"potentialAction":[{"@type":"SearchAction","target":{"@type":"EntryPoint","urlTemplate":"https:\/\/adexa.ee\/?s={search_term_string}"},"query-input":{"@type":"PropertyValueSpecification","valueRequired":true,"valueName":"search_term_string"}}],"inLanguage":"en-US"},{"@type":"Organization","@id":"https:\/\/adexa.ee\/#organization","name":"Adexa","url":"https:\/\/adexa.ee\/","logo":{"@type":"ImageObject","inLanguage":"en-US","@id":"https:\/\/adexa.ee\/#\/schema\/logo\/image\/","url":"https:\/\/adexa.ee\/wp-content\/uploads\/2024\/04\/chef-cooks-working-in-professional-kitchen-2023-11-27-05-07-39-utc-scaled.jpg","contentUrl":"https:\/\/adexa.ee\/wp-content\/uploads\/2024\/04\/chef-cooks-working-in-professional-kitchen-2023-11-27-05-07-39-utc-scaled.jpg","width":2560,"height":1708,"caption":"Adexa"},"image":{"@id":"https:\/\/adexa.ee\/#\/schema\/logo\/image\/"}}]}},"_links":{"self":[{"href":"https:\/\/adexa.ee\/en\/wp-json\/wp\/v2\/product\/45811","targetHints":{"allow":["GET"]}}],"collection":[{"href":"https:\/\/adexa.ee\/en\/wp-json\/wp\/v2\/product"}],"about":[{"href":"https:\/\/adexa.ee\/en\/wp-json\/wp\/v2\/types\/product"}],"wp:featuredmedia":[{"embeddable":true,"href":"https:\/\/adexa.ee\/en\/wp-json\/wp\/v2\/media\/45808"}],"wp:attachment":[{"href":"https:\/\/adexa.ee\/en\/wp-json\/wp\/v2\/media?parent=45811"}],"wp:term":[{"taxonomy":"product_brand","embeddable":true,"href":"https:\/\/adexa.ee\/en\/wp-json\/wp\/v2\/product_brand?post=45811"},{"taxonomy":"product_cat","embeddable":true,"href":"https:\/\/adexa.ee\/en\/wp-json\/wp\/v2\/product_cat?post=45811"},{"taxonomy":"product_tag","embeddable":true,"href":"https:\/\/adexa.ee\/en\/wp-json\/wp\/v2\/product_tag?post=45811"}],"curies":[{"name":"wp","href":"https:\/\/api.w.org\/{rel}","templated":true}]}}