{"id":45817,"date":"2026-03-26T12:15:02","date_gmt":"2026-03-26T10:15:02","guid":{"rendered":"https:\/\/adexa.ee\/toode\/roheline-sametist-tokkepuu-kois-hobedaste-otstega-15m-adexa-vr01rgreen\/"},"modified":"2026-03-26T12:15:07","modified_gmt":"2026-03-26T10:15:07","slug":"roheline-sametist-tokkepuu-kois-hobedaste-otstega-15m-adexa-vr01rgreen","status":"publish","type":"product","link":"https:\/\/adexa.ee\/en\/toode\/roheline-sametist-tokkepuu-kois-hobedaste-otstega-15m-adexa-vr01rgreen\/","title":{"rendered":"Roheline sametist t\u00f5kkepuu k\u00f6is h\u00f5bedaste otstega 1,5m | Adexa VR01RGREEN"},"content":{"rendered":"<p>Varustatud luksusliku veluurk\u00f6ie disaini ja h\u00f5bedaste otstega, juhatab see k\u00f6is k\u00f5ik teie k\u00fclalised sinna, kuhu nad peaksid minema. Nii klassikaline kui ka elegantne, pakub see rahvahulga juhtimise k\u00f6is usaldusv\u00e4\u00e4rset abi teie restoranis, \u00f6\u00f6klubis v\u00f5i kasiinos. K\u00f6ie liikumine on samuti lihtne t\u00e4nu konksu otstele, mida on lihtne avada ja sulgeda. Pikkus: 1500 mm Konksu l\u00e4bim\u00f5\u00f5t: 28 mm<\/p>\n<table style=\"border-collapse: collapse; width: 100%; text-align: left;\">\n<tbody>\n<tr>\n<td style=\"border: 1px solid #ddd; padding: 8px; width: 45%;\"><strong>Garantii<\/strong><\/td>\n<td style=\"border: 1px solid #ddd; padding: 8px;\">12 kuu varuosade garantii<\/td>\n<\/tr>\n<tr>\n<td style=\"border: 1px solid #ddd; padding: 8px; width: 45%;\"><strong>Materjal<\/strong><\/td>\n<td style=\"border: 1px solid #ddd; padding: 8px;\">Samet<\/td>\n<\/tr>\n<tr>\n<td style=\"border: 1px solid #ddd; padding: 8px; width: 45%;\"><strong>V\u00e4rv<\/strong><\/td>\n<td style=\"border: 1px solid #ddd; padding: 8px;\">Roheline (k\u00f6is) \/ H\u00f5be (otsad)<\/td>\n<\/tr>\n<tr>\n<td style=\"border: 1px solid #ddd; padding: 8px; width: 45%;\"><strong>L\u00e4bim\u00f5\u00f5t<\/strong><\/td>\n<td style=\"border: 1px solid #ddd; padding: 8px;\">28 mm<\/td>\n<\/tr>\n<tr>\n<td style=\"border: 1px solid #ddd; padding: 8px; width: 45%;\"><strong>Pikkus<\/strong><\/td>\n<td style=\"border: 1px solid #ddd; padding: 8px;\">1500mm<\/td>\n<\/tr>\n<\/tbody>\n<\/table>\n","protected":false},"excerpt":{"rendered":"<p>Varustatud luksusliku veluurk\u00f6ie disaini ja h\u00f5bedaste otstega, juhatab see k\u00f6is k\u00f5ik teie k\u00fclalised sinna, kuhu nad peaksid minema. Nii klassikaline<\/p>\n","protected":false},"featured_media":45818,"template":"","meta":[],"product_brand":[],"product_cat":[621,561],"product_tag":[],"class_list":{"0":"post-45817","1":"product","2":"type-product","3":"status-publish","4":"has-post-thumbnail","6":"product_cat-eralduspostid-ja-paelad","7":"product_cat-moobel-ja-hoiustamine","9":"first","10":"instock","11":"sale","12":"taxable","13":"shipping-taxable","14":"purchasable","15":"product-type-simple"},"yoast_head":"<!-- This site is optimized with the Yoast SEO plugin v27.3 - https:\/\/yoast.com\/product\/yoast-seo-wordpress\/ -->\n<title>Roheline sametist t\u00f5kkepuu k\u00f6is h\u00f5bedaste otstega 1,5m | Adexa VR01RGREEN - Adexa \u2013 Suurk\u00f6\u00f6giseadmed restoranidele ja toitlustusele<\/title>\n<meta name=\"robots\" content=\"index, follow, max-snippet:-1, max-image-preview:large, max-video-preview:-1\" \/>\n<link rel=\"canonical\" href=\"https:\/\/adexa.ee\/toode\/roheline-sametist-tokkepuu-kois-hobedaste-otstega-15m-adexa-vr01rgreen\/\" \/>\n<meta property=\"og:locale\" content=\"en_US\" \/>\n<meta property=\"og:type\" content=\"article\" \/>\n<meta property=\"og:title\" content=\"Roheline sametist t\u00f5kkepuu k\u00f6is h\u00f5bedaste otstega 1,5m | Adexa VR01RGREEN - Adexa \u2013 Suurk\u00f6\u00f6giseadmed restoranidele ja toitlustusele\" \/>\n<meta property=\"og:description\" content=\"Varustatud luksusliku veluurk\u00f6ie disaini ja h\u00f5bedaste otstega, juhatab see k\u00f6is k\u00f5ik teie k\u00fclalised sinna, kuhu nad peaksid minema. Nii klassikaline\" \/>\n<meta property=\"og:url\" content=\"https:\/\/adexa.ee\/toode\/roheline-sametist-tokkepuu-kois-hobedaste-otstega-15m-adexa-vr01rgreen\/\" \/>\n<meta property=\"og:site_name\" content=\"Adexa \u2013 Suurk\u00f6\u00f6giseadmed restoranidele ja toitlustusele\" \/>\n<meta property=\"article:modified_time\" content=\"2026-03-26T10:15:07+00:00\" \/>\n<meta property=\"og:image\" content=\"https:\/\/adexa.ee\/wp-content\/uploads\/2025\/12\/VR01RGREEN.jpg\" \/>\n\t<meta property=\"og:image:width\" content=\"416\" \/>\n\t<meta property=\"og:image:height\" content=\"416\" \/>\n\t<meta property=\"og:image:type\" content=\"image\/jpeg\" \/>\n<meta name=\"twitter:card\" content=\"summary_large_image\" \/>\n<script type=\"application\/ld+json\" class=\"yoast-schema-graph\">{\"@context\":\"https:\\\/\\\/schema.org\",\"@graph\":[{\"@type\":\"WebPage\",\"@id\":\"https:\\\/\\\/adexa.ee\\\/toode\\\/roheline-sametist-tokkepuu-kois-hobedaste-otstega-15m-adexa-vr01rgreen\\\/\",\"url\":\"https:\\\/\\\/adexa.ee\\\/toode\\\/roheline-sametist-tokkepuu-kois-hobedaste-otstega-15m-adexa-vr01rgreen\\\/\",\"name\":\"Roheline sametist t\u00f5kkepuu k\u00f6is h\u00f5bedaste otstega 1,5m | Adexa VR01RGREEN - Adexa \u2013 Suurk\u00f6\u00f6giseadmed restoranidele ja toitlustusele\",\"isPartOf\":{\"@id\":\"https:\\\/\\\/adexa.ee\\\/#website\"},\"primaryImageOfPage\":{\"@id\":\"https:\\\/\\\/adexa.ee\\\/toode\\\/roheline-sametist-tokkepuu-kois-hobedaste-otstega-15m-adexa-vr01rgreen\\\/#primaryimage\"},\"image\":{\"@id\":\"https:\\\/\\\/adexa.ee\\\/toode\\\/roheline-sametist-tokkepuu-kois-hobedaste-otstega-15m-adexa-vr01rgreen\\\/#primaryimage\"},\"thumbnailUrl\":\"https:\\\/\\\/adexa.ee\\\/wp-content\\\/uploads\\\/2025\\\/12\\\/VR01RGREEN.jpg\",\"datePublished\":\"2026-03-26T10:15:02+00:00\",\"dateModified\":\"2026-03-26T10:15:07+00:00\",\"breadcrumb\":{\"@id\":\"https:\\\/\\\/adexa.ee\\\/toode\\\/roheline-sametist-tokkepuu-kois-hobedaste-otstega-15m-adexa-vr01rgreen\\\/#breadcrumb\"},\"inLanguage\":\"en-US\",\"potentialAction\":[{\"@type\":\"ReadAction\",\"target\":[\"https:\\\/\\\/adexa.ee\\\/toode\\\/roheline-sametist-tokkepuu-kois-hobedaste-otstega-15m-adexa-vr01rgreen\\\/\"]}]},{\"@type\":\"ImageObject\",\"inLanguage\":\"en-US\",\"@id\":\"https:\\\/\\\/adexa.ee\\\/toode\\\/roheline-sametist-tokkepuu-kois-hobedaste-otstega-15m-adexa-vr01rgreen\\\/#primaryimage\",\"url\":\"https:\\\/\\\/adexa.ee\\\/wp-content\\\/uploads\\\/2025\\\/12\\\/VR01RGREEN.jpg\",\"contentUrl\":\"https:\\\/\\\/adexa.ee\\\/wp-content\\\/uploads\\\/2025\\\/12\\\/VR01RGREEN.jpg\",\"width\":416,\"height\":416},{\"@type\":\"BreadcrumbList\",\"@id\":\"https:\\\/\\\/adexa.ee\\\/toode\\\/roheline-sametist-tokkepuu-kois-hobedaste-otstega-15m-adexa-vr01rgreen\\\/#breadcrumb\",\"itemListElement\":[{\"@type\":\"ListItem\",\"position\":1,\"name\":\"Home\",\"item\":\"https:\\\/\\\/adexa.ee\\\/\"},{\"@type\":\"ListItem\",\"position\":2,\"name\":\"Tooted\",\"item\":\"https:\\\/\\\/adexa.ee\\\/pood\\\/\"},{\"@type\":\"ListItem\",\"position\":3,\"name\":\"Roheline sametist t\u00f5kkepuu k\u00f6is h\u00f5bedaste otstega 1,5m | Adexa VR01RGREEN\"}]},{\"@type\":\"WebSite\",\"@id\":\"https:\\\/\\\/adexa.ee\\\/#website\",\"url\":\"https:\\\/\\\/adexa.ee\\\/\",\"name\":\"Adexa\",\"description\":\"\",\"publisher\":{\"@id\":\"https:\\\/\\\/adexa.ee\\\/#organization\"},\"potentialAction\":[{\"@type\":\"SearchAction\",\"target\":{\"@type\":\"EntryPoint\",\"urlTemplate\":\"https:\\\/\\\/adexa.ee\\\/?s={search_term_string}\"},\"query-input\":{\"@type\":\"PropertyValueSpecification\",\"valueRequired\":true,\"valueName\":\"search_term_string\"}}],\"inLanguage\":\"en-US\"},{\"@type\":\"Organization\",\"@id\":\"https:\\\/\\\/adexa.ee\\\/#organization\",\"name\":\"Adexa\",\"url\":\"https:\\\/\\\/adexa.ee\\\/\",\"logo\":{\"@type\":\"ImageObject\",\"inLanguage\":\"en-US\",\"@id\":\"https:\\\/\\\/adexa.ee\\\/#\\\/schema\\\/logo\\\/image\\\/\",\"url\":\"https:\\\/\\\/adexa.ee\\\/wp-content\\\/uploads\\\/2024\\\/04\\\/chef-cooks-working-in-professional-kitchen-2023-11-27-05-07-39-utc-scaled.jpg\",\"contentUrl\":\"https:\\\/\\\/adexa.ee\\\/wp-content\\\/uploads\\\/2024\\\/04\\\/chef-cooks-working-in-professional-kitchen-2023-11-27-05-07-39-utc-scaled.jpg\",\"width\":2560,\"height\":1708,\"caption\":\"Adexa\"},\"image\":{\"@id\":\"https:\\\/\\\/adexa.ee\\\/#\\\/schema\\\/logo\\\/image\\\/\"}}]}<\/script>\n<!-- \/ Yoast SEO plugin. -->","yoast_head_json":{"title":"Roheline sametist t\u00f5kkepuu k\u00f6is h\u00f5bedaste otstega 1,5m | Adexa VR01RGREEN - Adexa \u2013 Suurk\u00f6\u00f6giseadmed restoranidele ja toitlustusele","robots":{"index":"index","follow":"follow","max-snippet":"max-snippet:-1","max-image-preview":"max-image-preview:large","max-video-preview":"max-video-preview:-1"},"canonical":"https:\/\/adexa.ee\/toode\/roheline-sametist-tokkepuu-kois-hobedaste-otstega-15m-adexa-vr01rgreen\/","og_locale":"en_US","og_type":"article","og_title":"Roheline sametist t\u00f5kkepuu k\u00f6is h\u00f5bedaste otstega 1,5m | Adexa VR01RGREEN - Adexa \u2013 Suurk\u00f6\u00f6giseadmed restoranidele ja toitlustusele","og_description":"Varustatud luksusliku veluurk\u00f6ie disaini ja h\u00f5bedaste otstega, juhatab see k\u00f6is k\u00f5ik teie k\u00fclalised sinna, kuhu nad peaksid minema. Nii klassikaline","og_url":"https:\/\/adexa.ee\/toode\/roheline-sametist-tokkepuu-kois-hobedaste-otstega-15m-adexa-vr01rgreen\/","og_site_name":"Adexa \u2013 Suurk\u00f6\u00f6giseadmed restoranidele ja toitlustusele","article_modified_time":"2026-03-26T10:15:07+00:00","og_image":[{"width":416,"height":416,"url":"https:\/\/adexa.ee\/wp-content\/uploads\/2025\/12\/VR01RGREEN.jpg","type":"image\/jpeg"}],"twitter_card":"summary_large_image","schema":{"@context":"https:\/\/schema.org","@graph":[{"@type":"WebPage","@id":"https:\/\/adexa.ee\/toode\/roheline-sametist-tokkepuu-kois-hobedaste-otstega-15m-adexa-vr01rgreen\/","url":"https:\/\/adexa.ee\/toode\/roheline-sametist-tokkepuu-kois-hobedaste-otstega-15m-adexa-vr01rgreen\/","name":"Roheline sametist t\u00f5kkepuu k\u00f6is h\u00f5bedaste otstega 1,5m | Adexa VR01RGREEN - Adexa \u2013 Suurk\u00f6\u00f6giseadmed restoranidele ja toitlustusele","isPartOf":{"@id":"https:\/\/adexa.ee\/#website"},"primaryImageOfPage":{"@id":"https:\/\/adexa.ee\/toode\/roheline-sametist-tokkepuu-kois-hobedaste-otstega-15m-adexa-vr01rgreen\/#primaryimage"},"image":{"@id":"https:\/\/adexa.ee\/toode\/roheline-sametist-tokkepuu-kois-hobedaste-otstega-15m-adexa-vr01rgreen\/#primaryimage"},"thumbnailUrl":"https:\/\/adexa.ee\/wp-content\/uploads\/2025\/12\/VR01RGREEN.jpg","datePublished":"2026-03-26T10:15:02+00:00","dateModified":"2026-03-26T10:15:07+00:00","breadcrumb":{"@id":"https:\/\/adexa.ee\/toode\/roheline-sametist-tokkepuu-kois-hobedaste-otstega-15m-adexa-vr01rgreen\/#breadcrumb"},"inLanguage":"en-US","potentialAction":[{"@type":"ReadAction","target":["https:\/\/adexa.ee\/toode\/roheline-sametist-tokkepuu-kois-hobedaste-otstega-15m-adexa-vr01rgreen\/"]}]},{"@type":"ImageObject","inLanguage":"en-US","@id":"https:\/\/adexa.ee\/toode\/roheline-sametist-tokkepuu-kois-hobedaste-otstega-15m-adexa-vr01rgreen\/#primaryimage","url":"https:\/\/adexa.ee\/wp-content\/uploads\/2025\/12\/VR01RGREEN.jpg","contentUrl":"https:\/\/adexa.ee\/wp-content\/uploads\/2025\/12\/VR01RGREEN.jpg","width":416,"height":416},{"@type":"BreadcrumbList","@id":"https:\/\/adexa.ee\/toode\/roheline-sametist-tokkepuu-kois-hobedaste-otstega-15m-adexa-vr01rgreen\/#breadcrumb","itemListElement":[{"@type":"ListItem","position":1,"name":"Home","item":"https:\/\/adexa.ee\/"},{"@type":"ListItem","position":2,"name":"Tooted","item":"https:\/\/adexa.ee\/pood\/"},{"@type":"ListItem","position":3,"name":"Roheline sametist t\u00f5kkepuu k\u00f6is h\u00f5bedaste otstega 1,5m | Adexa VR01RGREEN"}]},{"@type":"WebSite","@id":"https:\/\/adexa.ee\/#website","url":"https:\/\/adexa.ee\/","name":"Adexa","description":"","publisher":{"@id":"https:\/\/adexa.ee\/#organization"},"potentialAction":[{"@type":"SearchAction","target":{"@type":"EntryPoint","urlTemplate":"https:\/\/adexa.ee\/?s={search_term_string}"},"query-input":{"@type":"PropertyValueSpecification","valueRequired":true,"valueName":"search_term_string"}}],"inLanguage":"en-US"},{"@type":"Organization","@id":"https:\/\/adexa.ee\/#organization","name":"Adexa","url":"https:\/\/adexa.ee\/","logo":{"@type":"ImageObject","inLanguage":"en-US","@id":"https:\/\/adexa.ee\/#\/schema\/logo\/image\/","url":"https:\/\/adexa.ee\/wp-content\/uploads\/2024\/04\/chef-cooks-working-in-professional-kitchen-2023-11-27-05-07-39-utc-scaled.jpg","contentUrl":"https:\/\/adexa.ee\/wp-content\/uploads\/2024\/04\/chef-cooks-working-in-professional-kitchen-2023-11-27-05-07-39-utc-scaled.jpg","width":2560,"height":1708,"caption":"Adexa"},"image":{"@id":"https:\/\/adexa.ee\/#\/schema\/logo\/image\/"}}]}},"_links":{"self":[{"href":"https:\/\/adexa.ee\/en\/wp-json\/wp\/v2\/product\/45817","targetHints":{"allow":["GET"]}}],"collection":[{"href":"https:\/\/adexa.ee\/en\/wp-json\/wp\/v2\/product"}],"about":[{"href":"https:\/\/adexa.ee\/en\/wp-json\/wp\/v2\/types\/product"}],"wp:featuredmedia":[{"embeddable":true,"href":"https:\/\/adexa.ee\/en\/wp-json\/wp\/v2\/media\/45818"}],"wp:attachment":[{"href":"https:\/\/adexa.ee\/en\/wp-json\/wp\/v2\/media?parent=45817"}],"wp:term":[{"taxonomy":"product_brand","embeddable":true,"href":"https:\/\/adexa.ee\/en\/wp-json\/wp\/v2\/product_brand?post=45817"},{"taxonomy":"product_cat","embeddable":true,"href":"https:\/\/adexa.ee\/en\/wp-json\/wp\/v2\/product_cat?post=45817"},{"taxonomy":"product_tag","embeddable":true,"href":"https:\/\/adexa.ee\/en\/wp-json\/wp\/v2\/product_tag?post=45817"}],"curies":[{"name":"wp","href":"https:\/\/api.w.org\/{rel}","templated":true}]}}