{"id":45825,"date":"2026-03-26T12:15:02","date_gmt":"2026-03-26T10:15:02","guid":{"rendered":"https:\/\/adexa.ee\/toode\/premium-pitsaahi-1-kambri-mahutavus-6-x-35-cm-pitsat-elektriline-must-esipaneel-adexa-pef10570seb\/"},"modified":"2026-03-26T12:15:09","modified_gmt":"2026-03-26T10:15:09","slug":"premium-pitsaahi-1-kambri-mahutavus-6-x-35-cm-pitsat-elektriline-must-esipaneel-adexa-pef10570seb","status":"publish","type":"product","link":"https:\/\/adexa.ee\/en\/toode\/premium-pitsaahi-1-kambri-mahutavus-6-x-35-cm-pitsat-elektriline-must-esipaneel-adexa-pef10570seb\/","title":{"rendered":"Premium pitsaahi 1 kambri mahutavus 6 x 35 cm pitsat Elektriline Must esipaneel | Adexa PEF10570SEB"},"content":{"rendered":"<p>\u00dcksikasjaliku teabe saamiseks vaadake jaotist &#8220;Spetsifikatsioon&#8221;.<\/p>\n<table style=\"border-collapse: collapse; width: 100%; text-align: left;\">\n<tbody>\n<tr>\n<td style=\"border: 1px solid #ddd; padding: 8px; width: 45%;\"><strong>S\u00fcgavus<\/strong><\/td>\n<td style=\"border: 1px solid #ddd; padding: 8px;\">950 mm (1140 mm koos kaablitega, kui uks on avatud)<\/td>\n<\/tr>\n<tr>\n<td style=\"border: 1px solid #ddd; padding: 8px; width: 45%;\"><strong>K\u00f5rgus<\/strong><\/td>\n<td style=\"border: 1px solid #ddd; padding: 8px;\">380mm<\/td>\n<\/tr>\n<tr>\n<td style=\"border: 1px solid #ddd; padding: 8px; width: 45%;\"><strong>Laius<\/strong><\/td>\n<td style=\"border: 1px solid #ddd; padding: 8px;\">1370 mm<\/td>\n<\/tr>\n<tr>\n<td style=\"border: 1px solid #ddd; padding: 8px; width: 45%;\"><strong>Kaal<\/strong><\/td>\n<td style=\"border: 1px solid #ddd; padding: 8px;\">125 kg<\/td>\n<\/tr>\n<tr>\n<td style=\"border: 1px solid #ddd; padding: 8px; width: 45%;\"><strong>Garantii<\/strong><\/td>\n<td style=\"border: 1px solid #ddd; padding: 8px;\">12 kuu varuosade garantii<\/td>\n<\/tr>\n<tr>\n<td style=\"border: 1px solid #ddd; padding: 8px; width: 45%;\"><strong>Mahutavus<\/strong><\/td>\n<td style=\"border: 1px solid #ddd; padding: 8px;\">6 x 350 mm pitsat<\/td>\n<\/tr>\n<tr>\n<td style=\"border: 1px solid #ddd; padding: 8px; width: 45%;\"><strong>Toiteallikas<\/strong><\/td>\n<td style=\"border: 1px solid #ddd; padding: 8px;\">400V \/ 3 faasi<\/td>\n<\/tr>\n<tr>\n<td style=\"border: 1px solid #ddd; padding: 8px; width: 45%;\"><strong>V\u00f5imsus<\/strong><\/td>\n<td style=\"border: 1px solid #ddd; padding: 8px;\">8000W<\/td>\n<\/tr>\n<tr>\n<td style=\"border: 1px solid #ddd; padding: 8px; width: 45%;\"><strong>Materjal<\/strong><\/td>\n<td style=\"border: 1px solid #ddd; padding: 8px;\">Roostevaba teras ja v\u00e4rvitud teras<\/td>\n<\/tr>\n<tr>\n<td style=\"border: 1px solid #ddd; padding: 8px; width: 45%;\"><strong>Kaasas<\/strong><\/td>\n<td style=\"border: 1px solid #ddd; padding: 8px;\">Ventilatsiooni kapuuts ja alus m\u00fc\u00fcakse eraldi<\/td>\n<\/tr>\n<tr>\n<td style=\"border: 1px solid #ddd; padding: 8px; width: 45%;\"><strong>V\u00e4rv<\/strong><\/td>\n<td style=\"border: 1px solid #ddd; padding: 8px;\">Must esiosa<\/td>\n<\/tr>\n<tr>\n<td style=\"border: 1px solid #ddd; padding: 8px; width: 45%;\"><strong>Temperatuur<\/strong><\/td>\n<td style=\"border: 1px solid #ddd; padding: 8px;\">+85\u00b0C kuni +455\u00b0C<\/td>\n<\/tr>\n<tr>\n<td style=\"border: 1px solid #ddd; padding: 8px; width: 45%;\"><strong>Kontrollid<\/strong><\/td>\n<td style=\"border: 1px solid #ddd; padding: 8px;\">Analoog<\/td>\n<\/tr>\n<tr>\n<td style=\"border: 1px solid #ddd; padding: 8px; width: 45%;\"><strong>Kambrid<\/strong><\/td>\n<td style=\"border: 1px solid #ddd; padding: 8px;\">1<\/td>\n<\/tr>\n<tr>\n<td style=\"border: 1px solid #ddd; padding: 8px; width: 45%;\"><strong>M\u00f5\u00f5tmed (kamber)<\/strong><\/td>\n<td style=\"border: 1px solid #ddd; padding: 8px;\">1050x700x150mm<\/td>\n<\/tr>\n<\/tbody>\n<\/table>\n","protected":false},"excerpt":{"rendered":"<p>\u00dcksikasjaliku teabe saamiseks vaadake jaotist &#8220;Spetsifikatsioon&#8221;. S\u00fcgavus 950 mm (1140 mm koos kaablitega, kui uks on avatud) K\u00f5rgus 380mm Laius<\/p>\n","protected":false},"featured_media":45826,"template":"","meta":[],"product_brand":[],"product_cat":[724,664,723],"product_tag":[],"class_list":{"0":"post-45825","1":"product","2":"type-product","3":"status-publish","4":"has-post-thumbnail","6":"product_cat-elektrilised-pitsaahjud","7":"product_cat-pitsa-ja-grill","8":"product_cat-pitsaahjud","10":"first","11":"onbackorder","12":"sale","13":"taxable","14":"shipping-taxable","15":"purchasable","16":"product-type-simple"},"yoast_head":"<!-- This site is optimized with the Yoast SEO plugin v27.3 - https:\/\/yoast.com\/product\/yoast-seo-wordpress\/ -->\n<title>Premium pitsaahi 1 kambri mahutavus 6 x 35 cm pitsat Elektriline Must esipaneel | Adexa PEF10570SEB - Adexa \u2013 Suurk\u00f6\u00f6giseadmed restoranidele ja toitlustusele<\/title>\n<meta name=\"robots\" content=\"index, follow, max-snippet:-1, max-image-preview:large, max-video-preview:-1\" \/>\n<link rel=\"canonical\" href=\"https:\/\/adexa.ee\/toode\/premium-pitsaahi-1-kambri-mahutavus-6-x-35-cm-pitsat-elektriline-must-esipaneel-adexa-pef10570seb\/\" \/>\n<meta property=\"og:locale\" content=\"en_US\" \/>\n<meta property=\"og:type\" content=\"article\" \/>\n<meta property=\"og:title\" content=\"Premium pitsaahi 1 kambri mahutavus 6 x 35 cm pitsat Elektriline Must esipaneel | Adexa PEF10570SEB - Adexa \u2013 Suurk\u00f6\u00f6giseadmed restoranidele ja toitlustusele\" \/>\n<meta property=\"og:description\" content=\"\u00dcksikasjaliku teabe saamiseks vaadake jaotist &#8220;Spetsifikatsioon&#8221;. S\u00fcgavus 950 mm (1140 mm koos kaablitega, kui uks on avatud) K\u00f5rgus 380mm Laius\" \/>\n<meta property=\"og:url\" content=\"https:\/\/adexa.ee\/toode\/premium-pitsaahi-1-kambri-mahutavus-6-x-35-cm-pitsat-elektriline-must-esipaneel-adexa-pef10570seb\/\" \/>\n<meta property=\"og:site_name\" content=\"Adexa \u2013 Suurk\u00f6\u00f6giseadmed restoranidele ja toitlustusele\" \/>\n<meta property=\"article:modified_time\" content=\"2026-03-26T10:15:09+00:00\" \/>\n<meta property=\"og:image\" content=\"https:\/\/adexa.ee\/wp-content\/uploads\/2025\/12\/PEF10570SEB-1.jpg\" \/>\n\t<meta property=\"og:image:width\" content=\"1051\" \/>\n\t<meta property=\"og:image:height\" content=\"1051\" \/>\n\t<meta property=\"og:image:type\" content=\"image\/jpeg\" \/>\n<meta name=\"twitter:card\" content=\"summary_large_image\" \/>\n<script type=\"application\/ld+json\" class=\"yoast-schema-graph\">{\"@context\":\"https:\\\/\\\/schema.org\",\"@graph\":[{\"@type\":\"WebPage\",\"@id\":\"https:\\\/\\\/adexa.ee\\\/toode\\\/premium-pitsaahi-1-kambri-mahutavus-6-x-35-cm-pitsat-elektriline-must-esipaneel-adexa-pef10570seb\\\/\",\"url\":\"https:\\\/\\\/adexa.ee\\\/toode\\\/premium-pitsaahi-1-kambri-mahutavus-6-x-35-cm-pitsat-elektriline-must-esipaneel-adexa-pef10570seb\\\/\",\"name\":\"Premium pitsaahi 1 kambri mahutavus 6 x 35 cm pitsat Elektriline Must esipaneel | Adexa PEF10570SEB - Adexa \u2013 Suurk\u00f6\u00f6giseadmed restoranidele ja toitlustusele\",\"isPartOf\":{\"@id\":\"https:\\\/\\\/adexa.ee\\\/#website\"},\"primaryImageOfPage\":{\"@id\":\"https:\\\/\\\/adexa.ee\\\/toode\\\/premium-pitsaahi-1-kambri-mahutavus-6-x-35-cm-pitsat-elektriline-must-esipaneel-adexa-pef10570seb\\\/#primaryimage\"},\"image\":{\"@id\":\"https:\\\/\\\/adexa.ee\\\/toode\\\/premium-pitsaahi-1-kambri-mahutavus-6-x-35-cm-pitsat-elektriline-must-esipaneel-adexa-pef10570seb\\\/#primaryimage\"},\"thumbnailUrl\":\"https:\\\/\\\/adexa.ee\\\/wp-content\\\/uploads\\\/2025\\\/12\\\/PEF10570SEB-1.jpg\",\"datePublished\":\"2026-03-26T10:15:02+00:00\",\"dateModified\":\"2026-03-26T10:15:09+00:00\",\"breadcrumb\":{\"@id\":\"https:\\\/\\\/adexa.ee\\\/toode\\\/premium-pitsaahi-1-kambri-mahutavus-6-x-35-cm-pitsat-elektriline-must-esipaneel-adexa-pef10570seb\\\/#breadcrumb\"},\"inLanguage\":\"en-US\",\"potentialAction\":[{\"@type\":\"ReadAction\",\"target\":[\"https:\\\/\\\/adexa.ee\\\/toode\\\/premium-pitsaahi-1-kambri-mahutavus-6-x-35-cm-pitsat-elektriline-must-esipaneel-adexa-pef10570seb\\\/\"]}]},{\"@type\":\"ImageObject\",\"inLanguage\":\"en-US\",\"@id\":\"https:\\\/\\\/adexa.ee\\\/toode\\\/premium-pitsaahi-1-kambri-mahutavus-6-x-35-cm-pitsat-elektriline-must-esipaneel-adexa-pef10570seb\\\/#primaryimage\",\"url\":\"https:\\\/\\\/adexa.ee\\\/wp-content\\\/uploads\\\/2025\\\/12\\\/PEF10570SEB-1.jpg\",\"contentUrl\":\"https:\\\/\\\/adexa.ee\\\/wp-content\\\/uploads\\\/2025\\\/12\\\/PEF10570SEB-1.jpg\",\"width\":1051,\"height\":1051},{\"@type\":\"BreadcrumbList\",\"@id\":\"https:\\\/\\\/adexa.ee\\\/toode\\\/premium-pitsaahi-1-kambri-mahutavus-6-x-35-cm-pitsat-elektriline-must-esipaneel-adexa-pef10570seb\\\/#breadcrumb\",\"itemListElement\":[{\"@type\":\"ListItem\",\"position\":1,\"name\":\"Home\",\"item\":\"https:\\\/\\\/adexa.ee\\\/\"},{\"@type\":\"ListItem\",\"position\":2,\"name\":\"Tooted\",\"item\":\"https:\\\/\\\/adexa.ee\\\/pood\\\/\"},{\"@type\":\"ListItem\",\"position\":3,\"name\":\"Premium pitsaahi 1 kambri mahutavus 6 x 35 cm pitsat Elektriline Must esipaneel | Adexa PEF10570SEB\"}]},{\"@type\":\"WebSite\",\"@id\":\"https:\\\/\\\/adexa.ee\\\/#website\",\"url\":\"https:\\\/\\\/adexa.ee\\\/\",\"name\":\"Adexa\",\"description\":\"\",\"publisher\":{\"@id\":\"https:\\\/\\\/adexa.ee\\\/#organization\"},\"potentialAction\":[{\"@type\":\"SearchAction\",\"target\":{\"@type\":\"EntryPoint\",\"urlTemplate\":\"https:\\\/\\\/adexa.ee\\\/?s={search_term_string}\"},\"query-input\":{\"@type\":\"PropertyValueSpecification\",\"valueRequired\":true,\"valueName\":\"search_term_string\"}}],\"inLanguage\":\"en-US\"},{\"@type\":\"Organization\",\"@id\":\"https:\\\/\\\/adexa.ee\\\/#organization\",\"name\":\"Adexa\",\"url\":\"https:\\\/\\\/adexa.ee\\\/\",\"logo\":{\"@type\":\"ImageObject\",\"inLanguage\":\"en-US\",\"@id\":\"https:\\\/\\\/adexa.ee\\\/#\\\/schema\\\/logo\\\/image\\\/\",\"url\":\"https:\\\/\\\/adexa.ee\\\/wp-content\\\/uploads\\\/2024\\\/04\\\/chef-cooks-working-in-professional-kitchen-2023-11-27-05-07-39-utc-scaled.jpg\",\"contentUrl\":\"https:\\\/\\\/adexa.ee\\\/wp-content\\\/uploads\\\/2024\\\/04\\\/chef-cooks-working-in-professional-kitchen-2023-11-27-05-07-39-utc-scaled.jpg\",\"width\":2560,\"height\":1708,\"caption\":\"Adexa\"},\"image\":{\"@id\":\"https:\\\/\\\/adexa.ee\\\/#\\\/schema\\\/logo\\\/image\\\/\"}}]}<\/script>\n<!-- \/ Yoast SEO plugin. -->","yoast_head_json":{"title":"Premium pitsaahi 1 kambri mahutavus 6 x 35 cm pitsat Elektriline Must esipaneel | Adexa PEF10570SEB - Adexa \u2013 Suurk\u00f6\u00f6giseadmed restoranidele ja toitlustusele","robots":{"index":"index","follow":"follow","max-snippet":"max-snippet:-1","max-image-preview":"max-image-preview:large","max-video-preview":"max-video-preview:-1"},"canonical":"https:\/\/adexa.ee\/toode\/premium-pitsaahi-1-kambri-mahutavus-6-x-35-cm-pitsat-elektriline-must-esipaneel-adexa-pef10570seb\/","og_locale":"en_US","og_type":"article","og_title":"Premium pitsaahi 1 kambri mahutavus 6 x 35 cm pitsat Elektriline Must esipaneel | Adexa PEF10570SEB - Adexa \u2013 Suurk\u00f6\u00f6giseadmed restoranidele ja toitlustusele","og_description":"\u00dcksikasjaliku teabe saamiseks vaadake jaotist &#8220;Spetsifikatsioon&#8221;. S\u00fcgavus 950 mm (1140 mm koos kaablitega, kui uks on avatud) K\u00f5rgus 380mm Laius","og_url":"https:\/\/adexa.ee\/toode\/premium-pitsaahi-1-kambri-mahutavus-6-x-35-cm-pitsat-elektriline-must-esipaneel-adexa-pef10570seb\/","og_site_name":"Adexa \u2013 Suurk\u00f6\u00f6giseadmed restoranidele ja toitlustusele","article_modified_time":"2026-03-26T10:15:09+00:00","og_image":[{"width":1051,"height":1051,"url":"https:\/\/adexa.ee\/wp-content\/uploads\/2025\/12\/PEF10570SEB-1.jpg","type":"image\/jpeg"}],"twitter_card":"summary_large_image","schema":{"@context":"https:\/\/schema.org","@graph":[{"@type":"WebPage","@id":"https:\/\/adexa.ee\/toode\/premium-pitsaahi-1-kambri-mahutavus-6-x-35-cm-pitsat-elektriline-must-esipaneel-adexa-pef10570seb\/","url":"https:\/\/adexa.ee\/toode\/premium-pitsaahi-1-kambri-mahutavus-6-x-35-cm-pitsat-elektriline-must-esipaneel-adexa-pef10570seb\/","name":"Premium pitsaahi 1 kambri mahutavus 6 x 35 cm pitsat Elektriline Must esipaneel | Adexa PEF10570SEB - Adexa \u2013 Suurk\u00f6\u00f6giseadmed restoranidele ja toitlustusele","isPartOf":{"@id":"https:\/\/adexa.ee\/#website"},"primaryImageOfPage":{"@id":"https:\/\/adexa.ee\/toode\/premium-pitsaahi-1-kambri-mahutavus-6-x-35-cm-pitsat-elektriline-must-esipaneel-adexa-pef10570seb\/#primaryimage"},"image":{"@id":"https:\/\/adexa.ee\/toode\/premium-pitsaahi-1-kambri-mahutavus-6-x-35-cm-pitsat-elektriline-must-esipaneel-adexa-pef10570seb\/#primaryimage"},"thumbnailUrl":"https:\/\/adexa.ee\/wp-content\/uploads\/2025\/12\/PEF10570SEB-1.jpg","datePublished":"2026-03-26T10:15:02+00:00","dateModified":"2026-03-26T10:15:09+00:00","breadcrumb":{"@id":"https:\/\/adexa.ee\/toode\/premium-pitsaahi-1-kambri-mahutavus-6-x-35-cm-pitsat-elektriline-must-esipaneel-adexa-pef10570seb\/#breadcrumb"},"inLanguage":"en-US","potentialAction":[{"@type":"ReadAction","target":["https:\/\/adexa.ee\/toode\/premium-pitsaahi-1-kambri-mahutavus-6-x-35-cm-pitsat-elektriline-must-esipaneel-adexa-pef10570seb\/"]}]},{"@type":"ImageObject","inLanguage":"en-US","@id":"https:\/\/adexa.ee\/toode\/premium-pitsaahi-1-kambri-mahutavus-6-x-35-cm-pitsat-elektriline-must-esipaneel-adexa-pef10570seb\/#primaryimage","url":"https:\/\/adexa.ee\/wp-content\/uploads\/2025\/12\/PEF10570SEB-1.jpg","contentUrl":"https:\/\/adexa.ee\/wp-content\/uploads\/2025\/12\/PEF10570SEB-1.jpg","width":1051,"height":1051},{"@type":"BreadcrumbList","@id":"https:\/\/adexa.ee\/toode\/premium-pitsaahi-1-kambri-mahutavus-6-x-35-cm-pitsat-elektriline-must-esipaneel-adexa-pef10570seb\/#breadcrumb","itemListElement":[{"@type":"ListItem","position":1,"name":"Home","item":"https:\/\/adexa.ee\/"},{"@type":"ListItem","position":2,"name":"Tooted","item":"https:\/\/adexa.ee\/pood\/"},{"@type":"ListItem","position":3,"name":"Premium pitsaahi 1 kambri mahutavus 6 x 35 cm pitsat Elektriline Must esipaneel | Adexa PEF10570SEB"}]},{"@type":"WebSite","@id":"https:\/\/adexa.ee\/#website","url":"https:\/\/adexa.ee\/","name":"Adexa","description":"","publisher":{"@id":"https:\/\/adexa.ee\/#organization"},"potentialAction":[{"@type":"SearchAction","target":{"@type":"EntryPoint","urlTemplate":"https:\/\/adexa.ee\/?s={search_term_string}"},"query-input":{"@type":"PropertyValueSpecification","valueRequired":true,"valueName":"search_term_string"}}],"inLanguage":"en-US"},{"@type":"Organization","@id":"https:\/\/adexa.ee\/#organization","name":"Adexa","url":"https:\/\/adexa.ee\/","logo":{"@type":"ImageObject","inLanguage":"en-US","@id":"https:\/\/adexa.ee\/#\/schema\/logo\/image\/","url":"https:\/\/adexa.ee\/wp-content\/uploads\/2024\/04\/chef-cooks-working-in-professional-kitchen-2023-11-27-05-07-39-utc-scaled.jpg","contentUrl":"https:\/\/adexa.ee\/wp-content\/uploads\/2024\/04\/chef-cooks-working-in-professional-kitchen-2023-11-27-05-07-39-utc-scaled.jpg","width":2560,"height":1708,"caption":"Adexa"},"image":{"@id":"https:\/\/adexa.ee\/#\/schema\/logo\/image\/"}}]}},"_links":{"self":[{"href":"https:\/\/adexa.ee\/en\/wp-json\/wp\/v2\/product\/45825","targetHints":{"allow":["GET"]}}],"collection":[{"href":"https:\/\/adexa.ee\/en\/wp-json\/wp\/v2\/product"}],"about":[{"href":"https:\/\/adexa.ee\/en\/wp-json\/wp\/v2\/types\/product"}],"wp:featuredmedia":[{"embeddable":true,"href":"https:\/\/adexa.ee\/en\/wp-json\/wp\/v2\/media\/45826"}],"wp:attachment":[{"href":"https:\/\/adexa.ee\/en\/wp-json\/wp\/v2\/media?parent=45825"}],"wp:term":[{"taxonomy":"product_brand","embeddable":true,"href":"https:\/\/adexa.ee\/en\/wp-json\/wp\/v2\/product_brand?post=45825"},{"taxonomy":"product_cat","embeddable":true,"href":"https:\/\/adexa.ee\/en\/wp-json\/wp\/v2\/product_cat?post=45825"},{"taxonomy":"product_tag","embeddable":true,"href":"https:\/\/adexa.ee\/en\/wp-json\/wp\/v2\/product_tag?post=45825"}],"curies":[{"name":"wp","href":"https:\/\/api.w.org\/{rel}","templated":true}]}}