{"id":45893,"date":"2026-03-26T12:15:11","date_gmt":"2026-03-26T10:15:11","guid":{"rendered":"https:\/\/adexa.ee\/toode\/kaubanduslik-filtrikohvimasin-2-liitrit-1-roostevabast-terasest-kann-adexa-cb02a2\/"},"modified":"2026-03-26T12:15:17","modified_gmt":"2026-03-26T10:15:17","slug":"kaubanduslik-filtrikohvimasin-2-liitrit-1-roostevabast-terasest-kann-adexa-cb02a2","status":"publish","type":"product","link":"https:\/\/adexa.ee\/en\/toode\/kaubanduslik-filtrikohvimasin-2-liitrit-1-roostevabast-terasest-kann-adexa-cb02a2\/","title":{"rendered":"Kaubanduslik filtrikohvimasin 2 liitrit 1 roostevabast terasest kann | Adexa CB02A2"},"content":{"rendered":"<p>Valmistage oma klientidele v\u00f5i k\u00fclalistele suurep\u00e4rase maitsega kohvi professionaalse filtrikohvimasinaga. See toitlustuskohvimasin on m\u00f5eldud avalikesse kohtadesse, kus inimesed vajavad suurep\u00e4rase kohvi valmistamist lihtsalt, mugavalt ja kiiresti, nagu kontorid, koosolekuruumid, klubid, baarid ja restoranid. Kaasaegse voolujoonelise disainiga toob see kaubanduslikele kohvimasinatele t\u00e4iesti uue mugavuse ja luksuse tunde. Varustatud 2-liitrise sisemise veepaagiga. Kuni 100 tassi tunnis Mahutavus (paak): 2 liitrit Keetmisaeg: 8 minutit V\u00f5imsus: 2,02 kW Toiteallikas: 230 \/ 1 faas Puutetundlikud juhtnupud Masin ja filtrikandja on valmistatud roostevabast terasest Sisaldab 1 x 2L roostevabast terasest kannu Masinat saab k\u00e4sitsi t\u00e4ita v\u00f5i \u00fchendada veev\u00f5rguga Dokumendid Kl\u00f5psake siin, et alla laadida kasutusjuhend Palun vaadake jaotist &#8216;Spetsifikatsioon&#8217; \u00fcksikasjaliku teabe saamiseks.<\/p>\n<table style=\"border-collapse: collapse; width: 100%; text-align: left;\">\n<tbody>\n<tr>\n<td style=\"border: 1px solid #ddd; padding: 8px; width: 45%;\"><strong>S\u00fcgavus<\/strong><\/td>\n<td style=\"border: 1px solid #ddd; padding: 8px;\">420 mm<\/td>\n<\/tr>\n<tr>\n<td style=\"border: 1px solid #ddd; padding: 8px; width: 45%;\"><strong>K\u00f5rgus<\/strong><\/td>\n<td style=\"border: 1px solid #ddd; padding: 8px;\">515mm<\/td>\n<\/tr>\n<tr>\n<td style=\"border: 1px solid #ddd; padding: 8px; width: 45%;\"><strong>Laius<\/strong><\/td>\n<td style=\"border: 1px solid #ddd; padding: 8px;\">240 mm<\/td>\n<\/tr>\n<tr>\n<td style=\"border: 1px solid #ddd; padding: 8px; width: 45%;\"><strong>Garantii<\/strong><\/td>\n<td style=\"border: 1px solid #ddd; padding: 8px;\">12 kuu varuosade garantii<\/td>\n<\/tr>\n<tr>\n<td style=\"border: 1px solid #ddd; padding: 8px; width: 45%;\"><strong>Toiteallikas<\/strong><\/td>\n<td style=\"border: 1px solid #ddd; padding: 8px;\">230V \/ 1 faas<\/td>\n<\/tr>\n<tr>\n<td style=\"border: 1px solid #ddd; padding: 8px; width: 45%;\"><strong>V\u00f5imsus<\/strong><\/td>\n<td style=\"border: 1px solid #ddd; padding: 8px;\">2020W<\/td>\n<\/tr>\n<tr>\n<td style=\"border: 1px solid #ddd; padding: 8px; width: 45%;\"><strong>Materjal<\/strong><\/td>\n<td style=\"border: 1px solid #ddd; padding: 8px;\">Roostevaba teras &#038; roostevabast terasest kohvihoidja<\/td>\n<\/tr>\n<tr>\n<td style=\"border: 1px solid #ddd; padding: 8px; width: 45%;\"><strong>Kaasas<\/strong><\/td>\n<td style=\"border: 1px solid #ddd; padding: 8px;\">1 roostevabast terasest kohvikann<\/td>\n<\/tr>\n<tr>\n<td style=\"border: 1px solid #ddd; padding: 8px; width: 45%;\"><strong>Tootlikkus<\/strong><\/td>\n<td style=\"border: 1px solid #ddd; padding: 8px;\">Kuni 100 tassi tunnis<\/td>\n<\/tr>\n<tr>\n<td style=\"border: 1px solid #ddd; padding: 8px; width: 45%;\"><strong>Kontrollid<\/strong><\/td>\n<td style=\"border: 1px solid #ddd; padding: 8px;\">LCD-ekraan puutetundliku juhtimisega<\/td>\n<\/tr>\n<tr>\n<td style=\"border: 1px solid #ddd; padding: 8px; width: 45%;\"><strong>Valmimisaeg<\/strong><\/td>\n<td style=\"border: 1px solid #ddd; padding: 8px;\">8 minutit<\/td>\n<\/tr>\n<tr>\n<td style=\"border: 1px solid #ddd; padding: 8px; width: 45%;\"><strong>Veetoru \u00fchendus<\/strong><\/td>\n<td style=\"border: 1px solid #ddd; padding: 8px;\">V\u00f5ib kasutada nii k\u00e4sitsi veega t\u00e4itmisel kui ka veev\u00f5rgu \u00fchenduse kaudu.<\/td>\n<\/tr>\n<tr>\n<td style=\"border: 1px solid #ddd; padding: 8px; width: 45%;\"><strong>Mahutavus (reservuaar)<\/strong><\/td>\n<td style=\"border: 1px solid #ddd; padding: 8px;\">2 liitrit<\/td>\n<\/tr>\n<\/tbody>\n<\/table>\n","protected":false},"excerpt":{"rendered":"<p>Valmistage oma klientidele v\u00f5i k\u00fclalistele suurep\u00e4rase maitsega kohvi professionaalse filtrikohvimasinaga. See toitlustuskohvimasin on m\u00f5eldud avalikesse kohtadesse, kus inimesed vajavad suurep\u00e4rase<\/p>\n","protected":false},"featured_media":46049,"template":"","meta":[],"product_brand":[],"product_cat":[729,613,569],"product_tag":[],"class_list":{"0":"post-45893","1":"product","2":"type-product","3":"status-publish","4":"has-post-thumbnail","6":"product_cat-filtrikohvimasinad","7":"product_cat-kohv-ja-joogid","8":"product_cat-lopumuuk","10":"first","11":"instock","12":"sale","13":"taxable","14":"shipping-taxable","15":"purchasable","16":"product-type-simple"},"yoast_head":"<!-- This site is optimized with the Yoast SEO plugin v27.3 - https:\/\/yoast.com\/product\/yoast-seo-wordpress\/ -->\n<title>Kaubanduslik filtrikohvimasin 2 liitrit 1 roostevabast terasest kann | Adexa CB02A2 - Adexa \u2013 Suurk\u00f6\u00f6giseadmed restoranidele ja toitlustusele<\/title>\n<meta name=\"robots\" content=\"index, follow, max-snippet:-1, max-image-preview:large, max-video-preview:-1\" \/>\n<link rel=\"canonical\" href=\"https:\/\/adexa.ee\/toode\/kaubanduslik-filtrikohvimasin-2-liitrit-1-roostevabast-terasest-kann-adexa-cb02a2\/\" \/>\n<meta property=\"og:locale\" content=\"en_US\" \/>\n<meta property=\"og:type\" content=\"article\" \/>\n<meta property=\"og:title\" content=\"Kaubanduslik filtrikohvimasin 2 liitrit 1 roostevabast terasest kann | Adexa CB02A2 - Adexa \u2013 Suurk\u00f6\u00f6giseadmed restoranidele ja toitlustusele\" \/>\n<meta property=\"og:description\" content=\"Valmistage oma klientidele v\u00f5i k\u00fclalistele suurep\u00e4rase maitsega kohvi professionaalse filtrikohvimasinaga. See toitlustuskohvimasin on m\u00f5eldud avalikesse kohtadesse, kus inimesed vajavad suurep\u00e4rase\" \/>\n<meta property=\"og:url\" content=\"https:\/\/adexa.ee\/toode\/kaubanduslik-filtrikohvimasin-2-liitrit-1-roostevabast-terasest-kann-adexa-cb02a2\/\" \/>\n<meta property=\"og:site_name\" content=\"Adexa \u2013 Suurk\u00f6\u00f6giseadmed restoranidele ja toitlustusele\" \/>\n<meta property=\"article:modified_time\" content=\"2026-03-26T10:15:17+00:00\" \/>\n<meta property=\"og:image\" content=\"https:\/\/adexa.ee\/wp-content\/uploads\/2026\/02\/CB02A2-.jpg\" \/>\n\t<meta property=\"og:image:width\" content=\"1443\" \/>\n\t<meta property=\"og:image:height\" content=\"1443\" \/>\n\t<meta property=\"og:image:type\" content=\"image\/jpeg\" \/>\n<meta name=\"twitter:card\" content=\"summary_large_image\" \/>\n<meta name=\"twitter:label1\" content=\"Est. reading time\" \/>\n\t<meta name=\"twitter:data1\" content=\"1 minute\" \/>\n<script type=\"application\/ld+json\" class=\"yoast-schema-graph\">{\"@context\":\"https:\\\/\\\/schema.org\",\"@graph\":[{\"@type\":\"WebPage\",\"@id\":\"https:\\\/\\\/adexa.ee\\\/toode\\\/kaubanduslik-filtrikohvimasin-2-liitrit-1-roostevabast-terasest-kann-adexa-cb02a2\\\/\",\"url\":\"https:\\\/\\\/adexa.ee\\\/toode\\\/kaubanduslik-filtrikohvimasin-2-liitrit-1-roostevabast-terasest-kann-adexa-cb02a2\\\/\",\"name\":\"Kaubanduslik filtrikohvimasin 2 liitrit 1 roostevabast terasest kann | Adexa CB02A2 - Adexa \u2013 Suurk\u00f6\u00f6giseadmed restoranidele ja toitlustusele\",\"isPartOf\":{\"@id\":\"https:\\\/\\\/adexa.ee\\\/#website\"},\"primaryImageOfPage\":{\"@id\":\"https:\\\/\\\/adexa.ee\\\/toode\\\/kaubanduslik-filtrikohvimasin-2-liitrit-1-roostevabast-terasest-kann-adexa-cb02a2\\\/#primaryimage\"},\"image\":{\"@id\":\"https:\\\/\\\/adexa.ee\\\/toode\\\/kaubanduslik-filtrikohvimasin-2-liitrit-1-roostevabast-terasest-kann-adexa-cb02a2\\\/#primaryimage\"},\"thumbnailUrl\":\"https:\\\/\\\/adexa.ee\\\/wp-content\\\/uploads\\\/2026\\\/02\\\/CB02A2-.jpg\",\"datePublished\":\"2026-03-26T10:15:11+00:00\",\"dateModified\":\"2026-03-26T10:15:17+00:00\",\"breadcrumb\":{\"@id\":\"https:\\\/\\\/adexa.ee\\\/toode\\\/kaubanduslik-filtrikohvimasin-2-liitrit-1-roostevabast-terasest-kann-adexa-cb02a2\\\/#breadcrumb\"},\"inLanguage\":\"en-US\",\"potentialAction\":[{\"@type\":\"ReadAction\",\"target\":[\"https:\\\/\\\/adexa.ee\\\/toode\\\/kaubanduslik-filtrikohvimasin-2-liitrit-1-roostevabast-terasest-kann-adexa-cb02a2\\\/\"]}]},{\"@type\":\"ImageObject\",\"inLanguage\":\"en-US\",\"@id\":\"https:\\\/\\\/adexa.ee\\\/toode\\\/kaubanduslik-filtrikohvimasin-2-liitrit-1-roostevabast-terasest-kann-adexa-cb02a2\\\/#primaryimage\",\"url\":\"https:\\\/\\\/adexa.ee\\\/wp-content\\\/uploads\\\/2026\\\/02\\\/CB02A2-.jpg\",\"contentUrl\":\"https:\\\/\\\/adexa.ee\\\/wp-content\\\/uploads\\\/2026\\\/02\\\/CB02A2-.jpg\",\"width\":1443,\"height\":1443},{\"@type\":\"BreadcrumbList\",\"@id\":\"https:\\\/\\\/adexa.ee\\\/toode\\\/kaubanduslik-filtrikohvimasin-2-liitrit-1-roostevabast-terasest-kann-adexa-cb02a2\\\/#breadcrumb\",\"itemListElement\":[{\"@type\":\"ListItem\",\"position\":1,\"name\":\"Home\",\"item\":\"https:\\\/\\\/adexa.ee\\\/\"},{\"@type\":\"ListItem\",\"position\":2,\"name\":\"Tooted\",\"item\":\"https:\\\/\\\/adexa.ee\\\/pood\\\/\"},{\"@type\":\"ListItem\",\"position\":3,\"name\":\"Kaubanduslik filtrikohvimasin 2 liitrit 1 roostevabast terasest kann | Adexa CB02A2\"}]},{\"@type\":\"WebSite\",\"@id\":\"https:\\\/\\\/adexa.ee\\\/#website\",\"url\":\"https:\\\/\\\/adexa.ee\\\/\",\"name\":\"Adexa\",\"description\":\"\",\"publisher\":{\"@id\":\"https:\\\/\\\/adexa.ee\\\/#organization\"},\"potentialAction\":[{\"@type\":\"SearchAction\",\"target\":{\"@type\":\"EntryPoint\",\"urlTemplate\":\"https:\\\/\\\/adexa.ee\\\/?s={search_term_string}\"},\"query-input\":{\"@type\":\"PropertyValueSpecification\",\"valueRequired\":true,\"valueName\":\"search_term_string\"}}],\"inLanguage\":\"en-US\"},{\"@type\":\"Organization\",\"@id\":\"https:\\\/\\\/adexa.ee\\\/#organization\",\"name\":\"Adexa\",\"url\":\"https:\\\/\\\/adexa.ee\\\/\",\"logo\":{\"@type\":\"ImageObject\",\"inLanguage\":\"en-US\",\"@id\":\"https:\\\/\\\/adexa.ee\\\/#\\\/schema\\\/logo\\\/image\\\/\",\"url\":\"https:\\\/\\\/adexa.ee\\\/wp-content\\\/uploads\\\/2024\\\/04\\\/chef-cooks-working-in-professional-kitchen-2023-11-27-05-07-39-utc-scaled.jpg\",\"contentUrl\":\"https:\\\/\\\/adexa.ee\\\/wp-content\\\/uploads\\\/2024\\\/04\\\/chef-cooks-working-in-professional-kitchen-2023-11-27-05-07-39-utc-scaled.jpg\",\"width\":2560,\"height\":1708,\"caption\":\"Adexa\"},\"image\":{\"@id\":\"https:\\\/\\\/adexa.ee\\\/#\\\/schema\\\/logo\\\/image\\\/\"}}]}<\/script>\n<!-- \/ Yoast SEO plugin. -->","yoast_head_json":{"title":"Kaubanduslik filtrikohvimasin 2 liitrit 1 roostevabast terasest kann | Adexa CB02A2 - Adexa \u2013 Suurk\u00f6\u00f6giseadmed restoranidele ja toitlustusele","robots":{"index":"index","follow":"follow","max-snippet":"max-snippet:-1","max-image-preview":"max-image-preview:large","max-video-preview":"max-video-preview:-1"},"canonical":"https:\/\/adexa.ee\/toode\/kaubanduslik-filtrikohvimasin-2-liitrit-1-roostevabast-terasest-kann-adexa-cb02a2\/","og_locale":"en_US","og_type":"article","og_title":"Kaubanduslik filtrikohvimasin 2 liitrit 1 roostevabast terasest kann | Adexa CB02A2 - Adexa \u2013 Suurk\u00f6\u00f6giseadmed restoranidele ja toitlustusele","og_description":"Valmistage oma klientidele v\u00f5i k\u00fclalistele suurep\u00e4rase maitsega kohvi professionaalse filtrikohvimasinaga. See toitlustuskohvimasin on m\u00f5eldud avalikesse kohtadesse, kus inimesed vajavad suurep\u00e4rase","og_url":"https:\/\/adexa.ee\/toode\/kaubanduslik-filtrikohvimasin-2-liitrit-1-roostevabast-terasest-kann-adexa-cb02a2\/","og_site_name":"Adexa \u2013 Suurk\u00f6\u00f6giseadmed restoranidele ja toitlustusele","article_modified_time":"2026-03-26T10:15:17+00:00","og_image":[{"width":1443,"height":1443,"url":"https:\/\/adexa.ee\/wp-content\/uploads\/2026\/02\/CB02A2-.jpg","type":"image\/jpeg"}],"twitter_card":"summary_large_image","twitter_misc":{"Est. reading time":"1 minute"},"schema":{"@context":"https:\/\/schema.org","@graph":[{"@type":"WebPage","@id":"https:\/\/adexa.ee\/toode\/kaubanduslik-filtrikohvimasin-2-liitrit-1-roostevabast-terasest-kann-adexa-cb02a2\/","url":"https:\/\/adexa.ee\/toode\/kaubanduslik-filtrikohvimasin-2-liitrit-1-roostevabast-terasest-kann-adexa-cb02a2\/","name":"Kaubanduslik filtrikohvimasin 2 liitrit 1 roostevabast terasest kann | Adexa CB02A2 - Adexa \u2013 Suurk\u00f6\u00f6giseadmed restoranidele ja toitlustusele","isPartOf":{"@id":"https:\/\/adexa.ee\/#website"},"primaryImageOfPage":{"@id":"https:\/\/adexa.ee\/toode\/kaubanduslik-filtrikohvimasin-2-liitrit-1-roostevabast-terasest-kann-adexa-cb02a2\/#primaryimage"},"image":{"@id":"https:\/\/adexa.ee\/toode\/kaubanduslik-filtrikohvimasin-2-liitrit-1-roostevabast-terasest-kann-adexa-cb02a2\/#primaryimage"},"thumbnailUrl":"https:\/\/adexa.ee\/wp-content\/uploads\/2026\/02\/CB02A2-.jpg","datePublished":"2026-03-26T10:15:11+00:00","dateModified":"2026-03-26T10:15:17+00:00","breadcrumb":{"@id":"https:\/\/adexa.ee\/toode\/kaubanduslik-filtrikohvimasin-2-liitrit-1-roostevabast-terasest-kann-adexa-cb02a2\/#breadcrumb"},"inLanguage":"en-US","potentialAction":[{"@type":"ReadAction","target":["https:\/\/adexa.ee\/toode\/kaubanduslik-filtrikohvimasin-2-liitrit-1-roostevabast-terasest-kann-adexa-cb02a2\/"]}]},{"@type":"ImageObject","inLanguage":"en-US","@id":"https:\/\/adexa.ee\/toode\/kaubanduslik-filtrikohvimasin-2-liitrit-1-roostevabast-terasest-kann-adexa-cb02a2\/#primaryimage","url":"https:\/\/adexa.ee\/wp-content\/uploads\/2026\/02\/CB02A2-.jpg","contentUrl":"https:\/\/adexa.ee\/wp-content\/uploads\/2026\/02\/CB02A2-.jpg","width":1443,"height":1443},{"@type":"BreadcrumbList","@id":"https:\/\/adexa.ee\/toode\/kaubanduslik-filtrikohvimasin-2-liitrit-1-roostevabast-terasest-kann-adexa-cb02a2\/#breadcrumb","itemListElement":[{"@type":"ListItem","position":1,"name":"Home","item":"https:\/\/adexa.ee\/"},{"@type":"ListItem","position":2,"name":"Tooted","item":"https:\/\/adexa.ee\/pood\/"},{"@type":"ListItem","position":3,"name":"Kaubanduslik filtrikohvimasin 2 liitrit 1 roostevabast terasest kann | Adexa CB02A2"}]},{"@type":"WebSite","@id":"https:\/\/adexa.ee\/#website","url":"https:\/\/adexa.ee\/","name":"Adexa","description":"","publisher":{"@id":"https:\/\/adexa.ee\/#organization"},"potentialAction":[{"@type":"SearchAction","target":{"@type":"EntryPoint","urlTemplate":"https:\/\/adexa.ee\/?s={search_term_string}"},"query-input":{"@type":"PropertyValueSpecification","valueRequired":true,"valueName":"search_term_string"}}],"inLanguage":"en-US"},{"@type":"Organization","@id":"https:\/\/adexa.ee\/#organization","name":"Adexa","url":"https:\/\/adexa.ee\/","logo":{"@type":"ImageObject","inLanguage":"en-US","@id":"https:\/\/adexa.ee\/#\/schema\/logo\/image\/","url":"https:\/\/adexa.ee\/wp-content\/uploads\/2024\/04\/chef-cooks-working-in-professional-kitchen-2023-11-27-05-07-39-utc-scaled.jpg","contentUrl":"https:\/\/adexa.ee\/wp-content\/uploads\/2024\/04\/chef-cooks-working-in-professional-kitchen-2023-11-27-05-07-39-utc-scaled.jpg","width":2560,"height":1708,"caption":"Adexa"},"image":{"@id":"https:\/\/adexa.ee\/#\/schema\/logo\/image\/"}}]}},"_links":{"self":[{"href":"https:\/\/adexa.ee\/en\/wp-json\/wp\/v2\/product\/45893","targetHints":{"allow":["GET"]}}],"collection":[{"href":"https:\/\/adexa.ee\/en\/wp-json\/wp\/v2\/product"}],"about":[{"href":"https:\/\/adexa.ee\/en\/wp-json\/wp\/v2\/types\/product"}],"wp:featuredmedia":[{"embeddable":true,"href":"https:\/\/adexa.ee\/en\/wp-json\/wp\/v2\/media\/46049"}],"wp:attachment":[{"href":"https:\/\/adexa.ee\/en\/wp-json\/wp\/v2\/media?parent=45893"}],"wp:term":[{"taxonomy":"product_brand","embeddable":true,"href":"https:\/\/adexa.ee\/en\/wp-json\/wp\/v2\/product_brand?post=45893"},{"taxonomy":"product_cat","embeddable":true,"href":"https:\/\/adexa.ee\/en\/wp-json\/wp\/v2\/product_cat?post=45893"},{"taxonomy":"product_tag","embeddable":true,"href":"https:\/\/adexa.ee\/en\/wp-json\/wp\/v2\/product_tag?post=45893"}],"curies":[{"name":"wp","href":"https:\/\/api.w.org\/{rel}","templated":true}]}}