{"id":46006,"date":"2026-03-26T12:15:32","date_gmt":"2026-03-26T10:15:32","guid":{"rendered":"https:\/\/adexa.ee\/toode\/jahutatud-servery-ettevalmistuslaud-2500mm-9xgn1-3-sugavus-330mm-roostevabast-terasest-kaas-adexa-vrx2500330ss\/"},"modified":"2026-03-26T12:15:34","modified_gmt":"2026-03-26T10:15:34","slug":"jahutatud-servery-ettevalmistuslaud-2500mm-9xgn1-3-sugavus-330mm-roostevabast-terasest-kaas-adexa-vrx2500330ss","status":"publish","type":"product","link":"https:\/\/adexa.ee\/en\/toode\/jahutatud-servery-ettevalmistuslaud-2500mm-9xgn1-3-sugavus-330mm-roostevabast-terasest-kaas-adexa-vrx2500330ss\/","title":{"rendered":"Jahutatud Servery Ettevalmistuslaud 2500mm 9xGN1\/3 S\u00fcgavus 330mm Roostevabast terasest kaas | Adexa VRX2500330SS"},"content":{"rendered":"<p>See k\u00f5rgekvaliteediline jahutatud katte\u00fcksus on loodud pakkuma silmapaistvat j\u00f5udlust p\u00e4evast p\u00e4eva k\u00f5igis toitlustusasutustes. Ideaalne restoranidele, kiirtoidupoodidele, kaasaostmise kohtadele, delipoodidele, v\u00f5ileivabaaridele jne. See on valmistatud k\u00f5rgekvaliteedilisest roostevabast terasest, et tagada k\u00f5rge usaldusv\u00e4\u00e4rsus, j\u00f5udlus, stiil ja suurep\u00e4rane hinna ja kvaliteedi suhe. Pange t\u00e4hele, et GN-pannid ja kaaned EI kuulu seadme m\u00fc\u00fcki. Suurep\u00e4rane k\u00f5igi teie koostisosade, hakitud k\u00f6\u00f6giviljade, salati ja muu jahutatuna hoidmiseks ning k\u00e4ep\u00e4rast toitude kaunistamiseks, v\u00f5ileibade, pitsade jne valmistamiseks. Sellel on t\u00e4ielikult reguleeritav temperatuuri kontroller ja lihtsasti hooldatav ning puhastatav k\u00f5rgekvaliteediline roostevabast terasest korpus. Digitaalne ekraan Digitaalne termostaat Elektrooniline temperatuuri juhtimine Korpus valmistatud kvaliteetsest roostevabast terasest AISI 304 Roostevabast terasest kaanega CFC-vaba jahutuskeskkond \u00dcmarad sisek\u00fcljed Dokumendid Kl\u00f5psake siin, et alla laadida CE vastavusdeklaratsioon Palun vaadake jaotist &#8216;Spetsifikatsioon&#8217; \u00fcksikasjaliku teabe saamiseks.<\/p>\n<table style=\"border-collapse: collapse; width: 100%; text-align: left;\">\n<tbody>\n<tr>\n<td style=\"border: 1px solid #ddd; padding: 8px; width: 45%;\"><strong>S\u00fcgavus<\/strong><\/td>\n<td style=\"border: 1px solid #ddd; padding: 8px;\">330 mm<\/td>\n<\/tr>\n<tr>\n<td style=\"border: 1px solid #ddd; padding: 8px; width: 45%;\"><strong>K\u00f5rgus<\/strong><\/td>\n<td style=\"border: 1px solid #ddd; padding: 8px;\">395mm<\/td>\n<\/tr>\n<tr>\n<td style=\"border: 1px solid #ddd; padding: 8px; width: 45%;\"><strong>Laius<\/strong><\/td>\n<td style=\"border: 1px solid #ddd; padding: 8px;\">2500 mm<\/td>\n<\/tr>\n<tr>\n<td style=\"border: 1px solid #ddd; padding: 8px; width: 45%;\"><strong>Kaal<\/strong><\/td>\n<td style=\"border: 1px solid #ddd; padding: 8px;\">61 kg<\/td>\n<\/tr>\n<tr>\n<td style=\"border: 1px solid #ddd; padding: 8px; width: 45%;\"><strong>Garantii<\/strong><\/td>\n<td style=\"border: 1px solid #ddd; padding: 8px;\">12 kuu varuosade garantii<\/td>\n<\/tr>\n<tr>\n<td style=\"border: 1px solid #ddd; padding: 8px; width: 45%;\"><strong>Mahutavus<\/strong><\/td>\n<td style=\"border: 1px solid #ddd; padding: 8px;\">9xGN1\/3<\/td>\n<\/tr>\n<tr>\n<td style=\"border: 1px solid #ddd; padding: 8px; width: 45%;\"><strong>Toiteallikas<\/strong><\/td>\n<td style=\"border: 1px solid #ddd; padding: 8px;\">230V \/ 1 faas<\/td>\n<\/tr>\n<tr>\n<td style=\"border: 1px solid #ddd; padding: 8px; width: 45%;\"><strong>Plaadi\/V\u00f5re suurus<\/strong><\/td>\n<td style=\"border: 1px solid #ddd; padding: 8px;\">GN1\/3<\/td>\n<\/tr>\n<tr>\n<td style=\"border: 1px solid #ddd; padding: 8px; width: 45%;\"><strong>Jahutamine<\/strong><\/td>\n<td style=\"border: 1px solid #ddd; padding: 8px;\">Staatiline<\/td>\n<\/tr>\n<tr>\n<td style=\"border: 1px solid #ddd; padding: 8px; width: 45%;\"><strong>Sulatamine<\/strong><\/td>\n<td style=\"border: 1px solid #ddd; padding: 8px;\">Automaatne<\/td>\n<\/tr>\n<tr>\n<td style=\"border: 1px solid #ddd; padding: 8px; width: 45%;\"><strong>K\u00fclmaaine<\/strong><\/td>\n<td style=\"border: 1px solid #ddd; padding: 8px;\">R600a<\/td>\n<\/tr>\n<tr>\n<td style=\"border: 1px solid #ddd; padding: 8px; width: 45%;\"><strong>Temperatuur<\/strong><\/td>\n<td style=\"border: 1px solid #ddd; padding: 8px;\">+2\u00b0C kuni +8\u00b0C<\/td>\n<\/tr>\n<tr>\n<td style=\"border: 1px solid #ddd; padding: 8px; width: 45%;\"><strong>Kontrollid<\/strong><\/td>\n<td style=\"border: 1px solid #ddd; padding: 8px;\">Digitaalne<\/td>\n<\/tr>\n<tr>\n<td style=\"border: 1px solid #ddd; padding: 8px; width: 45%;\"><strong>Maksimaalne temperatuur (ruum)<\/strong><\/td>\n<td style=\"border: 1px solid #ddd; padding: 8px;\">+48\u00b0C<\/td>\n<\/tr>\n<tr>\n<td style=\"border: 1px solid #ddd; padding: 8px; width: 45%;\"><strong>Materjal (v\u00e4limine)<\/strong><\/td>\n<td style=\"border: 1px solid #ddd; padding: 8px;\">Roostevaba teras<\/td>\n<\/tr>\n<tr>\n<td style=\"border: 1px solid #ddd; padding: 8px; width: 45%;\"><strong>Materjal (sisemine)<\/strong><\/td>\n<td style=\"border: 1px solid #ddd; padding: 8px;\">Roostevaba teras<\/td>\n<\/tr>\n<\/tbody>\n<\/table>\n","protected":false},"excerpt":{"rendered":"<p>See k\u00f5rgekvaliteediline jahutatud katte\u00fcksus on loodud pakkuma silmapaistvat j\u00f5udlust p\u00e4evast p\u00e4eva k\u00f5igis toitlustusasutustes. Ideaalne restoranidele, kiirtoidupoodidele, kaasaostmise kohtadele, delipoodidele, v\u00f5ileivabaaridele<\/p>\n","protected":false},"featured_media":32404,"template":"","meta":[],"product_brand":[],"product_cat":[564,628],"product_tag":[],"class_list":{"0":"post-46006","1":"product","2":"type-product","3":"status-publish","4":"has-post-thumbnail","6":"product_cat-jahutusseadmed","7":"product_cat-lauapealsed-kulmletid-serveerimislauad","9":"first","10":"instock","11":"sale","12":"taxable","13":"shipping-taxable","14":"purchasable","15":"product-type-simple"},"yoast_head":"<!-- This site is optimized with the Yoast SEO plugin v27.3 - https:\/\/yoast.com\/product\/yoast-seo-wordpress\/ -->\n<title>Jahutatud Servery Ettevalmistuslaud 2500mm 9xGN1\/3 S\u00fcgavus 330mm Roostevabast terasest kaas | Adexa VRX2500330SS - Adexa \u2013 Suurk\u00f6\u00f6giseadmed restoranidele ja toitlustusele<\/title>\n<meta name=\"robots\" content=\"index, follow, max-snippet:-1, max-image-preview:large, max-video-preview:-1\" \/>\n<link rel=\"canonical\" href=\"https:\/\/adexa.ee\/toode\/jahutatud-servery-ettevalmistuslaud-2500mm-9xgn1-3-sugavus-330mm-roostevabast-terasest-kaas-adexa-vrx2500330ss\/\" \/>\n<meta property=\"og:locale\" content=\"en_US\" \/>\n<meta property=\"og:type\" content=\"article\" \/>\n<meta property=\"og:title\" content=\"Jahutatud Servery Ettevalmistuslaud 2500mm 9xGN1\/3 S\u00fcgavus 330mm Roostevabast terasest kaas | Adexa VRX2500330SS - Adexa \u2013 Suurk\u00f6\u00f6giseadmed restoranidele ja toitlustusele\" \/>\n<meta property=\"og:description\" content=\"See k\u00f5rgekvaliteediline jahutatud katte\u00fcksus on loodud pakkuma silmapaistvat j\u00f5udlust p\u00e4evast p\u00e4eva k\u00f5igis toitlustusasutustes. Ideaalne restoranidele, kiirtoidupoodidele, kaasaostmise kohtadele, delipoodidele, v\u00f5ileivabaaridele\" \/>\n<meta property=\"og:url\" content=\"https:\/\/adexa.ee\/toode\/jahutatud-servery-ettevalmistuslaud-2500mm-9xgn1-3-sugavus-330mm-roostevabast-terasest-kaas-adexa-vrx2500330ss\/\" \/>\n<meta property=\"og:site_name\" content=\"Adexa \u2013 Suurk\u00f6\u00f6giseadmed restoranidele ja toitlustusele\" \/>\n<meta property=\"article:modified_time\" content=\"2026-03-26T10:15:34+00:00\" \/>\n<meta property=\"og:image\" content=\"https:\/\/adexa.ee\/wp-content\/uploads\/2025\/04\/VRXSS-scaled.jpg\" \/>\n\t<meta property=\"og:image:width\" content=\"2560\" \/>\n\t<meta property=\"og:image:height\" content=\"2560\" \/>\n\t<meta property=\"og:image:type\" content=\"image\/jpeg\" \/>\n<meta name=\"twitter:card\" content=\"summary_large_image\" \/>\n<meta name=\"twitter:label1\" content=\"Est. reading time\" \/>\n\t<meta name=\"twitter:data1\" content=\"1 minute\" \/>\n<script type=\"application\/ld+json\" class=\"yoast-schema-graph\">{\"@context\":\"https:\\\/\\\/schema.org\",\"@graph\":[{\"@type\":\"WebPage\",\"@id\":\"https:\\\/\\\/adexa.ee\\\/toode\\\/jahutatud-servery-ettevalmistuslaud-2500mm-9xgn1-3-sugavus-330mm-roostevabast-terasest-kaas-adexa-vrx2500330ss\\\/\",\"url\":\"https:\\\/\\\/adexa.ee\\\/toode\\\/jahutatud-servery-ettevalmistuslaud-2500mm-9xgn1-3-sugavus-330mm-roostevabast-terasest-kaas-adexa-vrx2500330ss\\\/\",\"name\":\"Jahutatud Servery Ettevalmistuslaud 2500mm 9xGN1\\\/3 S\u00fcgavus 330mm Roostevabast terasest kaas | Adexa VRX2500330SS - Adexa \u2013 Suurk\u00f6\u00f6giseadmed restoranidele ja toitlustusele\",\"isPartOf\":{\"@id\":\"https:\\\/\\\/adexa.ee\\\/#website\"},\"primaryImageOfPage\":{\"@id\":\"https:\\\/\\\/adexa.ee\\\/toode\\\/jahutatud-servery-ettevalmistuslaud-2500mm-9xgn1-3-sugavus-330mm-roostevabast-terasest-kaas-adexa-vrx2500330ss\\\/#primaryimage\"},\"image\":{\"@id\":\"https:\\\/\\\/adexa.ee\\\/toode\\\/jahutatud-servery-ettevalmistuslaud-2500mm-9xgn1-3-sugavus-330mm-roostevabast-terasest-kaas-adexa-vrx2500330ss\\\/#primaryimage\"},\"thumbnailUrl\":\"https:\\\/\\\/adexa.ee\\\/wp-content\\\/uploads\\\/2025\\\/04\\\/VRXSS-scaled.jpg\",\"datePublished\":\"2026-03-26T10:15:32+00:00\",\"dateModified\":\"2026-03-26T10:15:34+00:00\",\"breadcrumb\":{\"@id\":\"https:\\\/\\\/adexa.ee\\\/toode\\\/jahutatud-servery-ettevalmistuslaud-2500mm-9xgn1-3-sugavus-330mm-roostevabast-terasest-kaas-adexa-vrx2500330ss\\\/#breadcrumb\"},\"inLanguage\":\"en-US\",\"potentialAction\":[{\"@type\":\"ReadAction\",\"target\":[\"https:\\\/\\\/adexa.ee\\\/toode\\\/jahutatud-servery-ettevalmistuslaud-2500mm-9xgn1-3-sugavus-330mm-roostevabast-terasest-kaas-adexa-vrx2500330ss\\\/\"]}]},{\"@type\":\"ImageObject\",\"inLanguage\":\"en-US\",\"@id\":\"https:\\\/\\\/adexa.ee\\\/toode\\\/jahutatud-servery-ettevalmistuslaud-2500mm-9xgn1-3-sugavus-330mm-roostevabast-terasest-kaas-adexa-vrx2500330ss\\\/#primaryimage\",\"url\":\"https:\\\/\\\/adexa.ee\\\/wp-content\\\/uploads\\\/2025\\\/04\\\/VRXSS-scaled.jpg\",\"contentUrl\":\"https:\\\/\\\/adexa.ee\\\/wp-content\\\/uploads\\\/2025\\\/04\\\/VRXSS-scaled.jpg\",\"width\":2560,\"height\":2560},{\"@type\":\"BreadcrumbList\",\"@id\":\"https:\\\/\\\/adexa.ee\\\/toode\\\/jahutatud-servery-ettevalmistuslaud-2500mm-9xgn1-3-sugavus-330mm-roostevabast-terasest-kaas-adexa-vrx2500330ss\\\/#breadcrumb\",\"itemListElement\":[{\"@type\":\"ListItem\",\"position\":1,\"name\":\"Home\",\"item\":\"https:\\\/\\\/adexa.ee\\\/\"},{\"@type\":\"ListItem\",\"position\":2,\"name\":\"Tooted\",\"item\":\"https:\\\/\\\/adexa.ee\\\/pood\\\/\"},{\"@type\":\"ListItem\",\"position\":3,\"name\":\"Jahutatud Servery Ettevalmistuslaud 2500mm 9xGN1\\\/3 S\u00fcgavus 330mm Roostevabast terasest kaas | Adexa VRX2500330SS\"}]},{\"@type\":\"WebSite\",\"@id\":\"https:\\\/\\\/adexa.ee\\\/#website\",\"url\":\"https:\\\/\\\/adexa.ee\\\/\",\"name\":\"Adexa\",\"description\":\"\",\"publisher\":{\"@id\":\"https:\\\/\\\/adexa.ee\\\/#organization\"},\"potentialAction\":[{\"@type\":\"SearchAction\",\"target\":{\"@type\":\"EntryPoint\",\"urlTemplate\":\"https:\\\/\\\/adexa.ee\\\/?s={search_term_string}\"},\"query-input\":{\"@type\":\"PropertyValueSpecification\",\"valueRequired\":true,\"valueName\":\"search_term_string\"}}],\"inLanguage\":\"en-US\"},{\"@type\":\"Organization\",\"@id\":\"https:\\\/\\\/adexa.ee\\\/#organization\",\"name\":\"Adexa\",\"url\":\"https:\\\/\\\/adexa.ee\\\/\",\"logo\":{\"@type\":\"ImageObject\",\"inLanguage\":\"en-US\",\"@id\":\"https:\\\/\\\/adexa.ee\\\/#\\\/schema\\\/logo\\\/image\\\/\",\"url\":\"https:\\\/\\\/adexa.ee\\\/wp-content\\\/uploads\\\/2024\\\/04\\\/chef-cooks-working-in-professional-kitchen-2023-11-27-05-07-39-utc-scaled.jpg\",\"contentUrl\":\"https:\\\/\\\/adexa.ee\\\/wp-content\\\/uploads\\\/2024\\\/04\\\/chef-cooks-working-in-professional-kitchen-2023-11-27-05-07-39-utc-scaled.jpg\",\"width\":2560,\"height\":1708,\"caption\":\"Adexa\"},\"image\":{\"@id\":\"https:\\\/\\\/adexa.ee\\\/#\\\/schema\\\/logo\\\/image\\\/\"}}]}<\/script>\n<!-- \/ Yoast SEO plugin. -->","yoast_head_json":{"title":"Jahutatud Servery Ettevalmistuslaud 2500mm 9xGN1\/3 S\u00fcgavus 330mm Roostevabast terasest kaas | Adexa VRX2500330SS - Adexa \u2013 Suurk\u00f6\u00f6giseadmed restoranidele ja toitlustusele","robots":{"index":"index","follow":"follow","max-snippet":"max-snippet:-1","max-image-preview":"max-image-preview:large","max-video-preview":"max-video-preview:-1"},"canonical":"https:\/\/adexa.ee\/toode\/jahutatud-servery-ettevalmistuslaud-2500mm-9xgn1-3-sugavus-330mm-roostevabast-terasest-kaas-adexa-vrx2500330ss\/","og_locale":"en_US","og_type":"article","og_title":"Jahutatud Servery Ettevalmistuslaud 2500mm 9xGN1\/3 S\u00fcgavus 330mm Roostevabast terasest kaas | Adexa VRX2500330SS - Adexa \u2013 Suurk\u00f6\u00f6giseadmed restoranidele ja toitlustusele","og_description":"See k\u00f5rgekvaliteediline jahutatud katte\u00fcksus on loodud pakkuma silmapaistvat j\u00f5udlust p\u00e4evast p\u00e4eva k\u00f5igis toitlustusasutustes. Ideaalne restoranidele, kiirtoidupoodidele, kaasaostmise kohtadele, delipoodidele, v\u00f5ileivabaaridele","og_url":"https:\/\/adexa.ee\/toode\/jahutatud-servery-ettevalmistuslaud-2500mm-9xgn1-3-sugavus-330mm-roostevabast-terasest-kaas-adexa-vrx2500330ss\/","og_site_name":"Adexa \u2013 Suurk\u00f6\u00f6giseadmed restoranidele ja toitlustusele","article_modified_time":"2026-03-26T10:15:34+00:00","og_image":[{"width":2560,"height":2560,"url":"https:\/\/adexa.ee\/wp-content\/uploads\/2025\/04\/VRXSS-scaled.jpg","type":"image\/jpeg"}],"twitter_card":"summary_large_image","twitter_misc":{"Est. reading time":"1 minute"},"schema":{"@context":"https:\/\/schema.org","@graph":[{"@type":"WebPage","@id":"https:\/\/adexa.ee\/toode\/jahutatud-servery-ettevalmistuslaud-2500mm-9xgn1-3-sugavus-330mm-roostevabast-terasest-kaas-adexa-vrx2500330ss\/","url":"https:\/\/adexa.ee\/toode\/jahutatud-servery-ettevalmistuslaud-2500mm-9xgn1-3-sugavus-330mm-roostevabast-terasest-kaas-adexa-vrx2500330ss\/","name":"Jahutatud Servery Ettevalmistuslaud 2500mm 9xGN1\/3 S\u00fcgavus 330mm Roostevabast terasest kaas | Adexa VRX2500330SS - Adexa \u2013 Suurk\u00f6\u00f6giseadmed restoranidele ja toitlustusele","isPartOf":{"@id":"https:\/\/adexa.ee\/#website"},"primaryImageOfPage":{"@id":"https:\/\/adexa.ee\/toode\/jahutatud-servery-ettevalmistuslaud-2500mm-9xgn1-3-sugavus-330mm-roostevabast-terasest-kaas-adexa-vrx2500330ss\/#primaryimage"},"image":{"@id":"https:\/\/adexa.ee\/toode\/jahutatud-servery-ettevalmistuslaud-2500mm-9xgn1-3-sugavus-330mm-roostevabast-terasest-kaas-adexa-vrx2500330ss\/#primaryimage"},"thumbnailUrl":"https:\/\/adexa.ee\/wp-content\/uploads\/2025\/04\/VRXSS-scaled.jpg","datePublished":"2026-03-26T10:15:32+00:00","dateModified":"2026-03-26T10:15:34+00:00","breadcrumb":{"@id":"https:\/\/adexa.ee\/toode\/jahutatud-servery-ettevalmistuslaud-2500mm-9xgn1-3-sugavus-330mm-roostevabast-terasest-kaas-adexa-vrx2500330ss\/#breadcrumb"},"inLanguage":"en-US","potentialAction":[{"@type":"ReadAction","target":["https:\/\/adexa.ee\/toode\/jahutatud-servery-ettevalmistuslaud-2500mm-9xgn1-3-sugavus-330mm-roostevabast-terasest-kaas-adexa-vrx2500330ss\/"]}]},{"@type":"ImageObject","inLanguage":"en-US","@id":"https:\/\/adexa.ee\/toode\/jahutatud-servery-ettevalmistuslaud-2500mm-9xgn1-3-sugavus-330mm-roostevabast-terasest-kaas-adexa-vrx2500330ss\/#primaryimage","url":"https:\/\/adexa.ee\/wp-content\/uploads\/2025\/04\/VRXSS-scaled.jpg","contentUrl":"https:\/\/adexa.ee\/wp-content\/uploads\/2025\/04\/VRXSS-scaled.jpg","width":2560,"height":2560},{"@type":"BreadcrumbList","@id":"https:\/\/adexa.ee\/toode\/jahutatud-servery-ettevalmistuslaud-2500mm-9xgn1-3-sugavus-330mm-roostevabast-terasest-kaas-adexa-vrx2500330ss\/#breadcrumb","itemListElement":[{"@type":"ListItem","position":1,"name":"Home","item":"https:\/\/adexa.ee\/"},{"@type":"ListItem","position":2,"name":"Tooted","item":"https:\/\/adexa.ee\/pood\/"},{"@type":"ListItem","position":3,"name":"Jahutatud Servery Ettevalmistuslaud 2500mm 9xGN1\/3 S\u00fcgavus 330mm Roostevabast terasest kaas | Adexa VRX2500330SS"}]},{"@type":"WebSite","@id":"https:\/\/adexa.ee\/#website","url":"https:\/\/adexa.ee\/","name":"Adexa","description":"","publisher":{"@id":"https:\/\/adexa.ee\/#organization"},"potentialAction":[{"@type":"SearchAction","target":{"@type":"EntryPoint","urlTemplate":"https:\/\/adexa.ee\/?s={search_term_string}"},"query-input":{"@type":"PropertyValueSpecification","valueRequired":true,"valueName":"search_term_string"}}],"inLanguage":"en-US"},{"@type":"Organization","@id":"https:\/\/adexa.ee\/#organization","name":"Adexa","url":"https:\/\/adexa.ee\/","logo":{"@type":"ImageObject","inLanguage":"en-US","@id":"https:\/\/adexa.ee\/#\/schema\/logo\/image\/","url":"https:\/\/adexa.ee\/wp-content\/uploads\/2024\/04\/chef-cooks-working-in-professional-kitchen-2023-11-27-05-07-39-utc-scaled.jpg","contentUrl":"https:\/\/adexa.ee\/wp-content\/uploads\/2024\/04\/chef-cooks-working-in-professional-kitchen-2023-11-27-05-07-39-utc-scaled.jpg","width":2560,"height":1708,"caption":"Adexa"},"image":{"@id":"https:\/\/adexa.ee\/#\/schema\/logo\/image\/"}}]}},"_links":{"self":[{"href":"https:\/\/adexa.ee\/en\/wp-json\/wp\/v2\/product\/46006","targetHints":{"allow":["GET"]}}],"collection":[{"href":"https:\/\/adexa.ee\/en\/wp-json\/wp\/v2\/product"}],"about":[{"href":"https:\/\/adexa.ee\/en\/wp-json\/wp\/v2\/types\/product"}],"wp:featuredmedia":[{"embeddable":true,"href":"https:\/\/adexa.ee\/en\/wp-json\/wp\/v2\/media\/32404"}],"wp:attachment":[{"href":"https:\/\/adexa.ee\/en\/wp-json\/wp\/v2\/media?parent=46006"}],"wp:term":[{"taxonomy":"product_brand","embeddable":true,"href":"https:\/\/adexa.ee\/en\/wp-json\/wp\/v2\/product_brand?post=46006"},{"taxonomy":"product_cat","embeddable":true,"href":"https:\/\/adexa.ee\/en\/wp-json\/wp\/v2\/product_cat?post=46006"},{"taxonomy":"product_tag","embeddable":true,"href":"https:\/\/adexa.ee\/en\/wp-json\/wp\/v2\/product_tag?post=46006"}],"curies":[{"name":"wp","href":"https:\/\/api.w.org\/{rel}","templated":true}]}}