{"id":46009,"date":"2026-03-26T15:55:52","date_gmt":"2026-03-26T13:55:52","guid":{"rendered":"https:\/\/adexa.ee\/toode\/pitsa-letikulmik-2-ust-1360x700x985mm-adexa-drpz2300bt\/"},"modified":"2026-03-26T15:55:52","modified_gmt":"2026-03-26T13:55:52","slug":"pitsa-letikulmik-2-ust-1360x700x985mm-adexa-drpz2300bt","status":"publish","type":"product","link":"https:\/\/adexa.ee\/en\/toode\/pitsa-letikulmik-2-ust-1360x700x985mm-adexa-drpz2300bt\/","title":{"rendered":"Pitsa letik\u00fclmik 2 ust 1360x700x985mm | Adexa DRPZ2300BT"},"content":{"rendered":"<p>See k\u00f5rgekvaliteediline 2-ukseline jahutatud pitsa ettevalmistuslett on graniidist ettevalmistuspinnaga. See on loodud pakkuma silmapaistvat j\u00f5udlust p\u00e4evast p\u00e4eva k\u00f5igis h\u00f5ivatud toitlustusasutustes. See on t\u00f5eliselt silmapaistev, suurep\u00e4rase hinna ja kvaliteedi suhtega professionaalne pitsa ettevalmistuslett, millel on hea suurusega jahutatud hoiuruum. Ideaalne restoranidele, pitsapoodidele, kiirtoidukohtadele, v\u00f5ileivabaaridele ja muule. See on valmistatud k\u00f5rgekvaliteedilisest roostevabast terasest ja pakub k\u00f5rgetasemelist j\u00f5udlust, t\u00f6\u00f6kindlust, stiili ja suurep\u00e4rast hinna ja kvaliteedi suhet. Selle t\u00e4islaiuses graniidist ettevalmistuspind v\u00f5imaldab suurep\u00e4rast ruumi pitsa\/v\u00f5ileibade jms valmistamiseks. Olemas on 700mm s\u00fcgavus, mis tagab piisava ettevalmistusruumi. Esipaneelil on reguleeritav termostaat ja digitaalne ekraan, millel on k\u00f5rgekvaliteediline Carel kontroller. Lihtsasti puhastatav roostevabast terasest sisemus pakub ideaalset keskkonda kogu ettevalmistatava toidu hoidmiseks. Graniidist t\u00f6\u00f6pind&nbsp;Roostevabast terasest korpus&nbsp;\u00dcksikasjaliku teabe saamiseks vaadake jaotist &#8216;Spetsifikatsioon&#8217;.<\/p>\n<table style=\"border-collapse: collapse; width: 100%; text-align: left;\">\n<tbody>\n<tr>\n<td style=\"border: 1px solid #ddd; padding: 8px; width: 45%;\"><strong>S\u00fcgavus<\/strong><\/td>\n<td style=\"border: 1px solid #ddd; padding: 8px;\">700mm<\/td>\n<\/tr>\n<tr>\n<td style=\"border: 1px solid #ddd; padding: 8px; width: 45%;\"><strong>K\u00f5rgus<\/strong><\/td>\n<td style=\"border: 1px solid #ddd; padding: 8px;\">985 mm<\/td>\n<\/tr>\n<tr>\n<td style=\"border: 1px solid #ddd; padding: 8px; width: 45%;\"><strong>Laius<\/strong><\/td>\n<td style=\"border: 1px solid #ddd; padding: 8px;\">1360 mm<\/td>\n<\/tr>\n<tr>\n<td style=\"border: 1px solid #ddd; padding: 8px; width: 45%;\"><strong>Kaal<\/strong><\/td>\n<td style=\"border: 1px solid #ddd; padding: 8px;\">167 kg<\/td>\n<\/tr>\n<tr>\n<td style=\"border: 1px solid #ddd; padding: 8px; width: 45%;\"><strong>Garantii<\/strong><\/td>\n<td style=\"border: 1px solid #ddd; padding: 8px;\">12 kuu varuosade garantii<\/td>\n<\/tr>\n<tr>\n<td style=\"border: 1px solid #ddd; padding: 8px; width: 45%;\"><strong>Mahutavus<\/strong><\/td>\n<td style=\"border: 1px solid #ddd; padding: 8px;\">307 liitrit (bruto)<\/td>\n<\/tr>\n<tr>\n<td style=\"border: 1px solid #ddd; padding: 8px; width: 45%;\"><strong>Uksed \/ Sahtlid<\/strong><\/td>\n<td style=\"border: 1px solid #ddd; padding: 8px;\">2 ust<\/td>\n<\/tr>\n<tr>\n<td style=\"border: 1px solid #ddd; padding: 8px; width: 45%;\"><strong>Toiteallikas<\/strong><\/td>\n<td style=\"border: 1px solid #ddd; padding: 8px;\">230V \/ 1 faas<\/td>\n<\/tr>\n<tr>\n<td style=\"border: 1px solid #ddd; padding: 8px; width: 45%;\"><strong>Rullikud<\/strong><\/td>\n<td style=\"border: 1px solid #ddd; padding: 8px;\">4 ratast (2 piduritega)<\/td>\n<\/tr>\n<tr>\n<td style=\"border: 1px solid #ddd; padding: 8px; width: 45%;\"><strong>Jahutamine<\/strong><\/td>\n<td style=\"border: 1px solid #ddd; padding: 8px;\">Ventileeritud<\/td>\n<\/tr>\n<tr>\n<td style=\"border: 1px solid #ddd; padding: 8px; width: 45%;\"><strong>K\u00fclmaaine<\/strong><\/td>\n<td style=\"border: 1px solid #ddd; padding: 8px;\">R600a<\/td>\n<\/tr>\n<tr>\n<td style=\"border: 1px solid #ddd; padding: 8px; width: 45%;\"><strong>Temperatuur<\/strong><\/td>\n<td style=\"border: 1px solid #ddd; padding: 8px;\">-10\u00b0C kuni +20\u00b0C<\/td>\n<\/tr>\n<tr>\n<td style=\"border: 1px solid #ddd; padding: 8px; width: 45%;\"><strong>T\u00f6\u00f6 pind<\/strong><\/td>\n<td style=\"border: 1px solid #ddd; padding: 8px;\">Graniit<\/td>\n<\/tr>\n<tr>\n<td style=\"border: 1px solid #ddd; padding: 8px; width: 45%;\"><strong>Materjal (v\u00e4limine)<\/strong><\/td>\n<td style=\"border: 1px solid #ddd; padding: 8px;\">Roostevaba teras<\/td>\n<\/tr>\n<tr>\n<td style=\"border: 1px solid #ddd; padding: 8px; width: 45%;\"><strong>Materjal (sisemine)<\/strong><\/td>\n<td style=\"border: 1px solid #ddd; padding: 8px;\">Roostevaba teras<\/td>\n<\/tr>\n<tr>\n<td style=\"border: 1px solid #ddd; padding: 8px; width: 45%;\"><strong>V\u00f5imsuse tarbimine<\/strong><\/td>\n<td style=\"border: 1px solid #ddd; padding: 8px;\">2458 kWh\/aastas<\/td>\n<\/tr>\n<\/tbody>\n<\/table>\n","protected":false},"excerpt":{"rendered":"<p>See k\u00f5rgekvaliteediline 2-ukseline jahutatud pitsa ettevalmistuslett on graniidist ettevalmistuspinnaga. See on loodud pakkuma silmapaistvat j\u00f5udlust p\u00e4evast p\u00e4eva k\u00f5igis h\u00f5ivatud toitlustusasutustes.<\/p>\n","protected":false},"featured_media":46087,"template":"","meta":[],"product_brand":[],"product_cat":[686,564,664,685],"product_tag":[],"class_list":{"0":"post-46009","1":"product","2":"type-product","3":"status-publish","4":"has-post-thumbnail","6":"product_cat-jahutusega-pitsaletid","7":"product_cat-jahutusseadmed","8":"product_cat-pitsa-ja-grill","9":"product_cat-pitsavalmistuslauad","11":"first","12":"instock","13":"sale","14":"taxable","15":"shipping-taxable","16":"purchasable","17":"product-type-simple"},"yoast_head":"<!-- This site is optimized with the Yoast SEO plugin v27.3 - https:\/\/yoast.com\/product\/yoast-seo-wordpress\/ -->\n<title>Pitsa letik\u00fclmik 2 ust 1360x700x985mm | Adexa DRPZ2300BT - Adexa \u2013 Suurk\u00f6\u00f6giseadmed restoranidele ja toitlustusele<\/title>\n<meta name=\"robots\" content=\"index, follow, max-snippet:-1, max-image-preview:large, max-video-preview:-1\" \/>\n<link rel=\"canonical\" href=\"https:\/\/adexa.ee\/toode\/pitsa-letikulmik-2-ust-1360x700x985mm-adexa-drpz2300bt\/\" \/>\n<meta property=\"og:locale\" content=\"en_US\" \/>\n<meta property=\"og:type\" content=\"article\" \/>\n<meta property=\"og:title\" content=\"Pitsa letik\u00fclmik 2 ust 1360x700x985mm | Adexa DRPZ2300BT - Adexa \u2013 Suurk\u00f6\u00f6giseadmed restoranidele ja toitlustusele\" \/>\n<meta property=\"og:description\" content=\"See k\u00f5rgekvaliteediline 2-ukseline jahutatud pitsa ettevalmistuslett on graniidist ettevalmistuspinnaga. See on loodud pakkuma silmapaistvat j\u00f5udlust p\u00e4evast p\u00e4eva k\u00f5igis h\u00f5ivatud toitlustusasutustes.\" \/>\n<meta property=\"og:url\" content=\"https:\/\/adexa.ee\/toode\/pitsa-letikulmik-2-ust-1360x700x985mm-adexa-drpz2300bt\/\" \/>\n<meta property=\"og:site_name\" content=\"Adexa \u2013 Suurk\u00f6\u00f6giseadmed restoranidele ja toitlustusele\" \/>\n<meta property=\"og:image\" content=\"https:\/\/adexa.ee\/wp-content\/uploads\/2026\/02\/DRPZ2300TN-DRPZ2300BT.jpg\" \/>\n\t<meta property=\"og:image:width\" content=\"1961\" \/>\n\t<meta property=\"og:image:height\" content=\"1961\" \/>\n\t<meta property=\"og:image:type\" content=\"image\/jpeg\" \/>\n<meta name=\"twitter:card\" content=\"summary_large_image\" \/>\n<meta name=\"twitter:label1\" content=\"Est. reading time\" \/>\n\t<meta name=\"twitter:data1\" content=\"1 minute\" \/>\n<script type=\"application\/ld+json\" class=\"yoast-schema-graph\">{\"@context\":\"https:\\\/\\\/schema.org\",\"@graph\":[{\"@type\":\"WebPage\",\"@id\":\"https:\\\/\\\/adexa.ee\\\/toode\\\/pitsa-letikulmik-2-ust-1360x700x985mm-adexa-drpz2300bt\\\/\",\"url\":\"https:\\\/\\\/adexa.ee\\\/toode\\\/pitsa-letikulmik-2-ust-1360x700x985mm-adexa-drpz2300bt\\\/\",\"name\":\"Pitsa letik\u00fclmik 2 ust 1360x700x985mm | Adexa DRPZ2300BT - Adexa \u2013 Suurk\u00f6\u00f6giseadmed restoranidele ja toitlustusele\",\"isPartOf\":{\"@id\":\"https:\\\/\\\/adexa.ee\\\/#website\"},\"primaryImageOfPage\":{\"@id\":\"https:\\\/\\\/adexa.ee\\\/toode\\\/pitsa-letikulmik-2-ust-1360x700x985mm-adexa-drpz2300bt\\\/#primaryimage\"},\"image\":{\"@id\":\"https:\\\/\\\/adexa.ee\\\/toode\\\/pitsa-letikulmik-2-ust-1360x700x985mm-adexa-drpz2300bt\\\/#primaryimage\"},\"thumbnailUrl\":\"https:\\\/\\\/adexa.ee\\\/wp-content\\\/uploads\\\/2026\\\/02\\\/DRPZ2300TN-DRPZ2300BT.jpg\",\"datePublished\":\"2026-03-26T13:55:52+00:00\",\"breadcrumb\":{\"@id\":\"https:\\\/\\\/adexa.ee\\\/toode\\\/pitsa-letikulmik-2-ust-1360x700x985mm-adexa-drpz2300bt\\\/#breadcrumb\"},\"inLanguage\":\"en-US\",\"potentialAction\":[{\"@type\":\"ReadAction\",\"target\":[\"https:\\\/\\\/adexa.ee\\\/toode\\\/pitsa-letikulmik-2-ust-1360x700x985mm-adexa-drpz2300bt\\\/\"]}]},{\"@type\":\"ImageObject\",\"inLanguage\":\"en-US\",\"@id\":\"https:\\\/\\\/adexa.ee\\\/toode\\\/pitsa-letikulmik-2-ust-1360x700x985mm-adexa-drpz2300bt\\\/#primaryimage\",\"url\":\"https:\\\/\\\/adexa.ee\\\/wp-content\\\/uploads\\\/2026\\\/02\\\/DRPZ2300TN-DRPZ2300BT.jpg\",\"contentUrl\":\"https:\\\/\\\/adexa.ee\\\/wp-content\\\/uploads\\\/2026\\\/02\\\/DRPZ2300TN-DRPZ2300BT.jpg\",\"width\":1961,\"height\":1961},{\"@type\":\"BreadcrumbList\",\"@id\":\"https:\\\/\\\/adexa.ee\\\/toode\\\/pitsa-letikulmik-2-ust-1360x700x985mm-adexa-drpz2300bt\\\/#breadcrumb\",\"itemListElement\":[{\"@type\":\"ListItem\",\"position\":1,\"name\":\"Home\",\"item\":\"https:\\\/\\\/adexa.ee\\\/\"},{\"@type\":\"ListItem\",\"position\":2,\"name\":\"Tooted\",\"item\":\"https:\\\/\\\/adexa.ee\\\/pood\\\/\"},{\"@type\":\"ListItem\",\"position\":3,\"name\":\"Pitsa letik\u00fclmik 2 ust 1360x700x985mm | Adexa DRPZ2300BT\"}]},{\"@type\":\"WebSite\",\"@id\":\"https:\\\/\\\/adexa.ee\\\/#website\",\"url\":\"https:\\\/\\\/adexa.ee\\\/\",\"name\":\"Adexa\",\"description\":\"\",\"publisher\":{\"@id\":\"https:\\\/\\\/adexa.ee\\\/#organization\"},\"potentialAction\":[{\"@type\":\"SearchAction\",\"target\":{\"@type\":\"EntryPoint\",\"urlTemplate\":\"https:\\\/\\\/adexa.ee\\\/?s={search_term_string}\"},\"query-input\":{\"@type\":\"PropertyValueSpecification\",\"valueRequired\":true,\"valueName\":\"search_term_string\"}}],\"inLanguage\":\"en-US\"},{\"@type\":\"Organization\",\"@id\":\"https:\\\/\\\/adexa.ee\\\/#organization\",\"name\":\"Adexa\",\"url\":\"https:\\\/\\\/adexa.ee\\\/\",\"logo\":{\"@type\":\"ImageObject\",\"inLanguage\":\"en-US\",\"@id\":\"https:\\\/\\\/adexa.ee\\\/#\\\/schema\\\/logo\\\/image\\\/\",\"url\":\"https:\\\/\\\/adexa.ee\\\/wp-content\\\/uploads\\\/2024\\\/04\\\/chef-cooks-working-in-professional-kitchen-2023-11-27-05-07-39-utc-scaled.jpg\",\"contentUrl\":\"https:\\\/\\\/adexa.ee\\\/wp-content\\\/uploads\\\/2024\\\/04\\\/chef-cooks-working-in-professional-kitchen-2023-11-27-05-07-39-utc-scaled.jpg\",\"width\":2560,\"height\":1708,\"caption\":\"Adexa\"},\"image\":{\"@id\":\"https:\\\/\\\/adexa.ee\\\/#\\\/schema\\\/logo\\\/image\\\/\"}}]}<\/script>\n<!-- \/ Yoast SEO plugin. -->","yoast_head_json":{"title":"Pitsa letik\u00fclmik 2 ust 1360x700x985mm | Adexa DRPZ2300BT - Adexa \u2013 Suurk\u00f6\u00f6giseadmed restoranidele ja toitlustusele","robots":{"index":"index","follow":"follow","max-snippet":"max-snippet:-1","max-image-preview":"max-image-preview:large","max-video-preview":"max-video-preview:-1"},"canonical":"https:\/\/adexa.ee\/toode\/pitsa-letikulmik-2-ust-1360x700x985mm-adexa-drpz2300bt\/","og_locale":"en_US","og_type":"article","og_title":"Pitsa letik\u00fclmik 2 ust 1360x700x985mm | Adexa DRPZ2300BT - Adexa \u2013 Suurk\u00f6\u00f6giseadmed restoranidele ja toitlustusele","og_description":"See k\u00f5rgekvaliteediline 2-ukseline jahutatud pitsa ettevalmistuslett on graniidist ettevalmistuspinnaga. See on loodud pakkuma silmapaistvat j\u00f5udlust p\u00e4evast p\u00e4eva k\u00f5igis h\u00f5ivatud toitlustusasutustes.","og_url":"https:\/\/adexa.ee\/toode\/pitsa-letikulmik-2-ust-1360x700x985mm-adexa-drpz2300bt\/","og_site_name":"Adexa \u2013 Suurk\u00f6\u00f6giseadmed restoranidele ja toitlustusele","og_image":[{"width":1961,"height":1961,"url":"https:\/\/adexa.ee\/wp-content\/uploads\/2026\/02\/DRPZ2300TN-DRPZ2300BT.jpg","type":"image\/jpeg"}],"twitter_card":"summary_large_image","twitter_misc":{"Est. reading time":"1 minute"},"schema":{"@context":"https:\/\/schema.org","@graph":[{"@type":"WebPage","@id":"https:\/\/adexa.ee\/toode\/pitsa-letikulmik-2-ust-1360x700x985mm-adexa-drpz2300bt\/","url":"https:\/\/adexa.ee\/toode\/pitsa-letikulmik-2-ust-1360x700x985mm-adexa-drpz2300bt\/","name":"Pitsa letik\u00fclmik 2 ust 1360x700x985mm | Adexa DRPZ2300BT - Adexa \u2013 Suurk\u00f6\u00f6giseadmed restoranidele ja toitlustusele","isPartOf":{"@id":"https:\/\/adexa.ee\/#website"},"primaryImageOfPage":{"@id":"https:\/\/adexa.ee\/toode\/pitsa-letikulmik-2-ust-1360x700x985mm-adexa-drpz2300bt\/#primaryimage"},"image":{"@id":"https:\/\/adexa.ee\/toode\/pitsa-letikulmik-2-ust-1360x700x985mm-adexa-drpz2300bt\/#primaryimage"},"thumbnailUrl":"https:\/\/adexa.ee\/wp-content\/uploads\/2026\/02\/DRPZ2300TN-DRPZ2300BT.jpg","datePublished":"2026-03-26T13:55:52+00:00","breadcrumb":{"@id":"https:\/\/adexa.ee\/toode\/pitsa-letikulmik-2-ust-1360x700x985mm-adexa-drpz2300bt\/#breadcrumb"},"inLanguage":"en-US","potentialAction":[{"@type":"ReadAction","target":["https:\/\/adexa.ee\/toode\/pitsa-letikulmik-2-ust-1360x700x985mm-adexa-drpz2300bt\/"]}]},{"@type":"ImageObject","inLanguage":"en-US","@id":"https:\/\/adexa.ee\/toode\/pitsa-letikulmik-2-ust-1360x700x985mm-adexa-drpz2300bt\/#primaryimage","url":"https:\/\/adexa.ee\/wp-content\/uploads\/2026\/02\/DRPZ2300TN-DRPZ2300BT.jpg","contentUrl":"https:\/\/adexa.ee\/wp-content\/uploads\/2026\/02\/DRPZ2300TN-DRPZ2300BT.jpg","width":1961,"height":1961},{"@type":"BreadcrumbList","@id":"https:\/\/adexa.ee\/toode\/pitsa-letikulmik-2-ust-1360x700x985mm-adexa-drpz2300bt\/#breadcrumb","itemListElement":[{"@type":"ListItem","position":1,"name":"Home","item":"https:\/\/adexa.ee\/"},{"@type":"ListItem","position":2,"name":"Tooted","item":"https:\/\/adexa.ee\/pood\/"},{"@type":"ListItem","position":3,"name":"Pitsa letik\u00fclmik 2 ust 1360x700x985mm | Adexa DRPZ2300BT"}]},{"@type":"WebSite","@id":"https:\/\/adexa.ee\/#website","url":"https:\/\/adexa.ee\/","name":"Adexa","description":"","publisher":{"@id":"https:\/\/adexa.ee\/#organization"},"potentialAction":[{"@type":"SearchAction","target":{"@type":"EntryPoint","urlTemplate":"https:\/\/adexa.ee\/?s={search_term_string}"},"query-input":{"@type":"PropertyValueSpecification","valueRequired":true,"valueName":"search_term_string"}}],"inLanguage":"en-US"},{"@type":"Organization","@id":"https:\/\/adexa.ee\/#organization","name":"Adexa","url":"https:\/\/adexa.ee\/","logo":{"@type":"ImageObject","inLanguage":"en-US","@id":"https:\/\/adexa.ee\/#\/schema\/logo\/image\/","url":"https:\/\/adexa.ee\/wp-content\/uploads\/2024\/04\/chef-cooks-working-in-professional-kitchen-2023-11-27-05-07-39-utc-scaled.jpg","contentUrl":"https:\/\/adexa.ee\/wp-content\/uploads\/2024\/04\/chef-cooks-working-in-professional-kitchen-2023-11-27-05-07-39-utc-scaled.jpg","width":2560,"height":1708,"caption":"Adexa"},"image":{"@id":"https:\/\/adexa.ee\/#\/schema\/logo\/image\/"}}]}},"_links":{"self":[{"href":"https:\/\/adexa.ee\/en\/wp-json\/wp\/v2\/product\/46009","targetHints":{"allow":["GET"]}}],"collection":[{"href":"https:\/\/adexa.ee\/en\/wp-json\/wp\/v2\/product"}],"about":[{"href":"https:\/\/adexa.ee\/en\/wp-json\/wp\/v2\/types\/product"}],"wp:featuredmedia":[{"embeddable":true,"href":"https:\/\/adexa.ee\/en\/wp-json\/wp\/v2\/media\/46087"}],"wp:attachment":[{"href":"https:\/\/adexa.ee\/en\/wp-json\/wp\/v2\/media?parent=46009"}],"wp:term":[{"taxonomy":"product_brand","embeddable":true,"href":"https:\/\/adexa.ee\/en\/wp-json\/wp\/v2\/product_brand?post=46009"},{"taxonomy":"product_cat","embeddable":true,"href":"https:\/\/adexa.ee\/en\/wp-json\/wp\/v2\/product_cat?post=46009"},{"taxonomy":"product_tag","embeddable":true,"href":"https:\/\/adexa.ee\/en\/wp-json\/wp\/v2\/product_tag?post=46009"}],"curies":[{"name":"wp","href":"https:\/\/api.w.org\/{rel}","templated":true}]}}